{"id":9790,"date":"2000-01-01T00:00:00","date_gmt":"2000-01-01T00:00:00","guid":{"rendered":"https:\/\/magiedufeu.ch\/?post_type=product&#038;p=9790"},"modified":"2024-09-21T08:42:38","modified_gmt":"2024-09-21T08:42:38","slug":"scan-poele-a-bois-80-4-bp-vue-du-feu-180-noir-metal","status":"publish","type":"product","link":"https:\/\/magiedufeu.ch\/fr\/produit\/scan-poele-a-bois-80-4-bp-vue-du-feu-180-noir-metal\/","title":{"rendered":"SCAN POELE A BOIS 80-4 BP VUE DU FEU 180\u00b0 NOIR METAL"},"content":{"rendered":"<p>Le Scan 80-4 est \u00e9quip\u00e9 d&#8217;une porte pour pouvoir ranger du bois dans le compartiment inf\u00e9rieur. Un high top sp\u00e9cial avec sortie de fum\u00e9e lat\u00e9rale est disponible pour une installation en angle.<\/p>\n<p>Forme prismatique \u00e9l\u00e9gante<br \/>\nGrande vue sur les flammes<br \/>\nPossibilit\u00e9 de pierres d&#8217;accumulation de chaleur<br \/>\nTaille<\/p>\n<p>Hauteur:1.670 mm<\/p>\n<p>Largeur:385 mm<\/p>\n<p>Profondeur:385 mm<\/p>\n<p>Diam\u00e8tre sortie de fum\u00e9e\u00d8 148 mm<br \/>\nOptions d&#8217;\u00e9vacuation des fum\u00e9esHaut \/ Arri\u00e8re \/ Lat\u00e9ral<br \/>\nPuissance calorifique nominale6.0 kW<br \/>\nRendement84<br \/>\nPuissance calorifiqueup to 120 m\u00b2<\/p>\n<p><strong><a href=\"https:\/\/magiedufeu.ch\/wp-content\/uploads\/2000\/01\/PRODUCT-SIZE_SCAN-80_DE_P03.pdf\">DESSIN TECHNIQUE SCAN 80-4<\/a><\/strong><\/p>\n","protected":false},"excerpt":{"rendered":"<p>Le Scan 80-4 est \u00e9quip\u00e9 d&#8217;une porte pour pouvoir ranger du bois dans le compartiment inf\u00e9rieur. Un high top sp\u00e9cial avec sortie de fum\u00e9e lat\u00e9rale est disponible pour une installation en angle.<\/p>\n<p>Forme prismatique \u00e9l\u00e9gante<br \/>\nGrande vue sur les flammes<br \/>\nPossibilit\u00e9 de pierres d&#8217;accumulation de chaleur<br \/>\nTaille<\/p>\n<p>Hauteur:1.670 mm<\/p>\n<p>Largeur:385 mm<\/p>\n<p>Profondeur:385 mm<\/p>\n<p>Diam\u00e8tre sortie de fum\u00e9e\u00d8 148 mm<br \/>\nOptions d&#8217;\u00e9vacuation des fum\u00e9esHaut \/ Arri\u00e8re \/ Lat\u00e9ral<br \/>\nPuissance calorifique nominale6.0 kW<br \/>\nRendement84<br \/>\nPuissance calorifiqueup to 120 m\u00b2<\/p>\n<p><a href=\"https:\/\/magiedufeu.ch\/wp-content\/uploads\/2000\/01\/PRODUCT-SIZE_SCAN-80_DE_P03.pdf\">SCAN DIMENSIONS 80-4<\/a><\/p>\n","protected":false},"featured_media":11030,"comment_status":"closed","ping_status":"closed","template":"","meta":[],"product_cat":[210,207],"product_tag":[3103,3106,3104,3107,530,2657,3108,3105],"class_list":{"0":"post-9790","1":"product","2":"type-product","3":"status-publish","4":"has-post-thumbnail","6":"product_cat-bois-fr","7":"product_cat-poeles","8":"product_tag-00action","9":"product_tag-3106","10":"product_tag-80-4-bp","11":"product_tag-noir-metal","12":"product_tag-poele-a-bois","13":"product_tag-scan","14":"product_tag-sfr5636","15":"product_tag-vue-du-feu","17":"first","18":"instock","19":"taxable","20":"shipping-taxable","21":"purchasable","22":"product-type-simple"},"yoast_head":"<!-- This site is optimized with the Yoast SEO plugin v23.7 - https:\/\/yoast.com\/wordpress\/plugins\/seo\/ -->\n<title>SCAN POELE A BOIS 80-4 BP VUE DU FEU 180\u00b0 NOIR METAL - Mosoni-Vuissoz Magie du Feu<\/title>\n<meta name=\"robots\" content=\"index, follow, max-snippet:-1, max-image-preview:large, max-video-preview:-1\" \/>\n<link rel=\"canonical\" href=\"https:\/\/magiedufeu.ch\/fr\/produit\/scan-poele-a-bois-80-4-bp-vue-du-feu-180-noir-metal\/\" \/>\n<meta property=\"og:locale\" content=\"fr_FR\" \/>\n<meta property=\"og:type\" content=\"article\" \/>\n<meta property=\"og:title\" content=\"SCAN POELE A BOIS 80-4 BP VUE DU FEU 180\u00b0 NOIR METAL - Mosoni-Vuissoz Magie du Feu\" \/>\n<meta property=\"og:description\" content=\"Le Scan 80-4 est \u00e9quip\u00e9 d&#039;une porte pour pouvoir ranger du bois dans le compartiment inf\u00e9rieur. Un high top sp\u00e9cial avec sortie de fum\u00e9e lat\u00e9rale est disponible pour une installation en angle.  Forme prismatique \u00e9l\u00e9gante Grande vue sur les flammes Possibilit\u00e9 de pierres d&#039;accumulation de chaleur Taille  Hauteur:1.670 mm  Largeur:385 mm  Profondeur:385 mm  Diam\u00e8tre sortie de fum\u00e9e\u00d8 148 mm Options d&#039;\u00e9vacuation des fum\u00e9esHaut \/ Arri\u00e8re \/ Lat\u00e9ral Puissance calorifique nominale6.0 kW Rendement84 Puissance calorifiqueup to 120 m\u00b2  SCAN DIMENSIONS 80-4\" \/>\n<meta property=\"og:url\" content=\"https:\/\/magiedufeu.ch\/fr\/produit\/scan-poele-a-bois-80-4-bp-vue-du-feu-180-noir-metal\/\" \/>\n<meta property=\"og:site_name\" content=\"Mosoni-Vuissoz Magie du Feu\" \/>\n<meta property=\"article:publisher\" content=\"https:\/\/www.facebook.com\/magiedufeu.mdf\/\" \/>\n<meta property=\"article:modified_time\" content=\"2024-09-21T08:42:38+00:00\" \/>\n<meta property=\"og:image\" content=\"https:\/\/magiedufeu.ch\/wp-content\/uploads\/2024\/09\/Design-sans-titre-30-1.png?wsr\" \/>\n\t<meta property=\"og:image:width\" content=\"1080\" \/>\n\t<meta property=\"og:image:height\" content=\"1080\" \/>\n\t<meta property=\"og:image:type\" content=\"image\/png\" \/>\n<meta name=\"twitter:card\" content=\"summary_large_image\" \/>\n<meta name=\"twitter:label1\" content=\"Dur\u00e9e de lecture estim\u00e9e\" \/>\n\t<meta name=\"twitter:data1\" content=\"1 minute\" \/>\n<script type=\"application\/ld+json\" class=\"yoast-schema-graph\">{\"@context\":\"https:\/\/schema.org\",\"@graph\":[{\"@type\":\"WebPage\",\"@id\":\"https:\/\/magiedufeu.ch\/fr\/produit\/scan-poele-a-bois-80-4-bp-vue-du-feu-180-noir-metal\/\",\"url\":\"https:\/\/magiedufeu.ch\/fr\/produit\/scan-poele-a-bois-80-4-bp-vue-du-feu-180-noir-metal\/\",\"name\":\"SCAN POELE A BOIS 80-4 BP VUE DU FEU 180\u00b0 NOIR METAL - Mosoni-Vuissoz Magie du Feu\",\"isPartOf\":{\"@id\":\"https:\/\/magiedufeu.ch\/#website\"},\"primaryImageOfPage\":{\"@id\":\"https:\/\/magiedufeu.ch\/fr\/produit\/scan-poele-a-bois-80-4-bp-vue-du-feu-180-noir-metal\/#primaryimage\"},\"image\":{\"@id\":\"https:\/\/magiedufeu.ch\/fr\/produit\/scan-poele-a-bois-80-4-bp-vue-du-feu-180-noir-metal\/#primaryimage\"},\"thumbnailUrl\":\"https:\/\/magiedufeu.ch\/wp-content\/uploads\/2024\/09\/Design-sans-titre-30-1.png?wsr\",\"datePublished\":\"2000-01-01T00:00:00+00:00\",\"dateModified\":\"2024-09-21T08:42:38+00:00\",\"breadcrumb\":{\"@id\":\"https:\/\/magiedufeu.ch\/fr\/produit\/scan-poele-a-bois-80-4-bp-vue-du-feu-180-noir-metal\/#breadcrumb\"},\"inLanguage\":\"fr-FR\",\"potentialAction\":[{\"@type\":\"ReadAction\",\"target\":[\"https:\/\/magiedufeu.ch\/fr\/produit\/scan-poele-a-bois-80-4-bp-vue-du-feu-180-noir-metal\/\"]}]},{\"@type\":\"ImageObject\",\"inLanguage\":\"fr-FR\",\"@id\":\"https:\/\/magiedufeu.ch\/fr\/produit\/scan-poele-a-bois-80-4-bp-vue-du-feu-180-noir-metal\/#primaryimage\",\"url\":\"https:\/\/magiedufeu.ch\/wp-content\/uploads\/2024\/09\/Design-sans-titre-30-1.png?wsr\",\"contentUrl\":\"https:\/\/magiedufeu.ch\/wp-content\/uploads\/2024\/09\/Design-sans-titre-30-1.png?wsr\",\"width\":1080,\"height\":1080},{\"@type\":\"BreadcrumbList\",\"@id\":\"https:\/\/magiedufeu.ch\/fr\/produit\/scan-poele-a-bois-80-4-bp-vue-du-feu-180-noir-metal\/#breadcrumb\",\"itemListElement\":[{\"@type\":\"ListItem\",\"position\":1,\"name\":\"Accueil\",\"item\":\"https:\/\/magiedufeu.ch\/\"},{\"@type\":\"ListItem\",\"position\":2,\"name\":\"Boutique\",\"item\":\"https:\/\/magiedufeu.ch\/fr\/boutique\/\"},{\"@type\":\"ListItem\",\"position\":3,\"name\":\"SCAN POELE A BOIS 80-4 BP VUE DU FEU 180\u00b0 NOIR METAL\"}]},{\"@type\":\"WebSite\",\"@id\":\"https:\/\/magiedufeu.ch\/#website\",\"url\":\"https:\/\/magiedufeu.ch\/\",\"name\":\"Mosoni-Vuissoz Magie du Feu\",\"description\":\"\",\"publisher\":{\"@id\":\"https:\/\/magiedufeu.ch\/#organization\"},\"potentialAction\":[{\"@type\":\"SearchAction\",\"target\":{\"@type\":\"EntryPoint\",\"urlTemplate\":\"https:\/\/magiedufeu.ch\/?s={search_term_string}\"},\"query-input\":{\"@type\":\"PropertyValueSpecification\",\"valueRequired\":true,\"valueName\":\"search_term_string\"}}],\"inLanguage\":\"fr-FR\"},{\"@type\":\"Organization\",\"@id\":\"https:\/\/magiedufeu.ch\/#organization\",\"name\":\"Mosoni-Vuissoz Magie du Feu\",\"url\":\"https:\/\/magiedufeu.ch\/\",\"logo\":{\"@type\":\"ImageObject\",\"inLanguage\":\"fr-FR\",\"@id\":\"https:\/\/magiedufeu.ch\/#\/schema\/logo\/image\/\",\"url\":\"https:\/\/magiedufeu.ch\/wp-content\/uploads\/2021\/06\/Mosoni-Vuissoz-logo-1024x536-1-46d285e0.png\",\"contentUrl\":\"https:\/\/magiedufeu.ch\/wp-content\/uploads\/2021\/06\/Mosoni-Vuissoz-logo-1024x536-1-46d285e0.png\",\"width\":200,\"height\":105,\"caption\":\"Mosoni-Vuissoz Magie du Feu\"},\"image\":{\"@id\":\"https:\/\/magiedufeu.ch\/#\/schema\/logo\/image\/\"},\"sameAs\":[\"https:\/\/www.facebook.com\/magiedufeu.mdf\/\"]}]}<\/script>\n<!-- \/ Yoast SEO plugin. -->","yoast_head_json":{"title":"SCAN POELE A BOIS 80-4 BP VUE DU FEU 180\u00b0 NOIR METAL - Mosoni-Vuissoz Magie du Feu","robots":{"index":"index","follow":"follow","max-snippet":"max-snippet:-1","max-image-preview":"max-image-preview:large","max-video-preview":"max-video-preview:-1"},"canonical":"https:\/\/magiedufeu.ch\/fr\/produit\/scan-poele-a-bois-80-4-bp-vue-du-feu-180-noir-metal\/","og_locale":"fr_FR","og_type":"article","og_title":"SCAN POELE A BOIS 80-4 BP VUE DU FEU 180\u00b0 NOIR METAL - Mosoni-Vuissoz Magie du Feu","og_description":"Le Scan 80-4 est \u00e9quip\u00e9 d'une porte pour pouvoir ranger du bois dans le compartiment inf\u00e9rieur. Un high top sp\u00e9cial avec sortie de fum\u00e9e lat\u00e9rale est disponible pour une installation en angle.  Forme prismatique \u00e9l\u00e9gante Grande vue sur les flammes Possibilit\u00e9 de pierres d'accumulation de chaleur Taille  Hauteur:1.670 mm  Largeur:385 mm  Profondeur:385 mm  Diam\u00e8tre sortie de fum\u00e9e\u00d8 148 mm Options d'\u00e9vacuation des fum\u00e9esHaut \/ Arri\u00e8re \/ Lat\u00e9ral Puissance calorifique nominale6.0 kW Rendement84 Puissance calorifiqueup to 120 m\u00b2  SCAN DIMENSIONS 80-4","og_url":"https:\/\/magiedufeu.ch\/fr\/produit\/scan-poele-a-bois-80-4-bp-vue-du-feu-180-noir-metal\/","og_site_name":"Mosoni-Vuissoz Magie du Feu","article_publisher":"https:\/\/www.facebook.com\/magiedufeu.mdf\/","article_modified_time":"2024-09-21T08:42:38+00:00","og_image":[{"width":1080,"height":1080,"url":"https:\/\/magiedufeu.ch\/wp-content\/uploads\/2024\/09\/Design-sans-titre-30-1.png?wsr","type":"image\/png"}],"twitter_card":"summary_large_image","twitter_misc":{"Dur\u00e9e de lecture estim\u00e9e":"1 minute"},"schema":{"@context":"https:\/\/schema.org","@graph":[{"@type":"WebPage","@id":"https:\/\/magiedufeu.ch\/fr\/produit\/scan-poele-a-bois-80-4-bp-vue-du-feu-180-noir-metal\/","url":"https:\/\/magiedufeu.ch\/fr\/produit\/scan-poele-a-bois-80-4-bp-vue-du-feu-180-noir-metal\/","name":"SCAN POELE A BOIS 80-4 BP VUE DU FEU 180\u00b0 NOIR METAL - Mosoni-Vuissoz Magie du Feu","isPartOf":{"@id":"https:\/\/magiedufeu.ch\/#website"},"primaryImageOfPage":{"@id":"https:\/\/magiedufeu.ch\/fr\/produit\/scan-poele-a-bois-80-4-bp-vue-du-feu-180-noir-metal\/#primaryimage"},"image":{"@id":"https:\/\/magiedufeu.ch\/fr\/produit\/scan-poele-a-bois-80-4-bp-vue-du-feu-180-noir-metal\/#primaryimage"},"thumbnailUrl":"https:\/\/magiedufeu.ch\/wp-content\/uploads\/2024\/09\/Design-sans-titre-30-1.png?wsr","datePublished":"2000-01-01T00:00:00+00:00","dateModified":"2024-09-21T08:42:38+00:00","breadcrumb":{"@id":"https:\/\/magiedufeu.ch\/fr\/produit\/scan-poele-a-bois-80-4-bp-vue-du-feu-180-noir-metal\/#breadcrumb"},"inLanguage":"fr-FR","potentialAction":[{"@type":"ReadAction","target":["https:\/\/magiedufeu.ch\/fr\/produit\/scan-poele-a-bois-80-4-bp-vue-du-feu-180-noir-metal\/"]}]},{"@type":"ImageObject","inLanguage":"fr-FR","@id":"https:\/\/magiedufeu.ch\/fr\/produit\/scan-poele-a-bois-80-4-bp-vue-du-feu-180-noir-metal\/#primaryimage","url":"https:\/\/magiedufeu.ch\/wp-content\/uploads\/2024\/09\/Design-sans-titre-30-1.png?wsr","contentUrl":"https:\/\/magiedufeu.ch\/wp-content\/uploads\/2024\/09\/Design-sans-titre-30-1.png?wsr","width":1080,"height":1080},{"@type":"BreadcrumbList","@id":"https:\/\/magiedufeu.ch\/fr\/produit\/scan-poele-a-bois-80-4-bp-vue-du-feu-180-noir-metal\/#breadcrumb","itemListElement":[{"@type":"ListItem","position":1,"name":"Accueil","item":"https:\/\/magiedufeu.ch\/"},{"@type":"ListItem","position":2,"name":"Boutique","item":"https:\/\/magiedufeu.ch\/fr\/boutique\/"},{"@type":"ListItem","position":3,"name":"SCAN POELE A BOIS 80-4 BP VUE DU FEU 180\u00b0 NOIR METAL"}]},{"@type":"WebSite","@id":"https:\/\/magiedufeu.ch\/#website","url":"https:\/\/magiedufeu.ch\/","name":"Mosoni-Vuissoz Magie du Feu","description":"","publisher":{"@id":"https:\/\/magiedufeu.ch\/#organization"},"potentialAction":[{"@type":"SearchAction","target":{"@type":"EntryPoint","urlTemplate":"https:\/\/magiedufeu.ch\/?s={search_term_string}"},"query-input":{"@type":"PropertyValueSpecification","valueRequired":true,"valueName":"search_term_string"}}],"inLanguage":"fr-FR"},{"@type":"Organization","@id":"https:\/\/magiedufeu.ch\/#organization","name":"Mosoni-Vuissoz Magie du Feu","url":"https:\/\/magiedufeu.ch\/","logo":{"@type":"ImageObject","inLanguage":"fr-FR","@id":"https:\/\/magiedufeu.ch\/#\/schema\/logo\/image\/","url":"https:\/\/magiedufeu.ch\/wp-content\/uploads\/2021\/06\/Mosoni-Vuissoz-logo-1024x536-1-46d285e0.png","contentUrl":"https:\/\/magiedufeu.ch\/wp-content\/uploads\/2021\/06\/Mosoni-Vuissoz-logo-1024x536-1-46d285e0.png","width":200,"height":105,"caption":"Mosoni-Vuissoz Magie du Feu"},"image":{"@id":"https:\/\/magiedufeu.ch\/#\/schema\/logo\/image\/"},"sameAs":["https:\/\/www.facebook.com\/magiedufeu.mdf\/"]}]}},"_links":{"self":[{"href":"https:\/\/magiedufeu.ch\/fr\/wp-json\/wp\/v2\/product\/9790","targetHints":{"allow":["GET"]}}],"collection":[{"href":"https:\/\/magiedufeu.ch\/fr\/wp-json\/wp\/v2\/product"}],"about":[{"href":"https:\/\/magiedufeu.ch\/fr\/wp-json\/wp\/v2\/types\/product"}],"replies":[{"embeddable":true,"href":"https:\/\/magiedufeu.ch\/fr\/wp-json\/wp\/v2\/comments?post=9790"}],"wp:featuredmedia":[{"embeddable":true,"href":"https:\/\/magiedufeu.ch\/fr\/wp-json\/wp\/v2\/media\/11030"}],"wp:attachment":[{"href":"https:\/\/magiedufeu.ch\/fr\/wp-json\/wp\/v2\/media?parent=9790"}],"wp:term":[{"taxonomy":"product_cat","embeddable":true,"href":"https:\/\/magiedufeu.ch\/fr\/wp-json\/wp\/v2\/product_cat?post=9790"},{"taxonomy":"product_tag","embeddable":true,"href":"https:\/\/magiedufeu.ch\/fr\/wp-json\/wp\/v2\/product_tag?post=9790"}],"curies":[{"name":"wp","href":"https:\/\/api.w.org\/{rel}","templated":true}]}}