{"id":9789,"date":"2000-01-01T00:00:00","date_gmt":"2000-01-01T00:00:00","guid":{"rendered":"https:\/\/magiedufeu.ch\/?post_type=product&#038;p=9789"},"modified":"2025-03-05T10:36:40","modified_gmt":"2025-03-05T10:36:40","slug":"poele-a-bois-scan-66-5-avec-base-en-forme-de-s","status":"publish","type":"product","link":"https:\/\/magiedufeu.ch\/fr\/produit\/poele-a-bois-scan-66-5-avec-base-en-forme-de-s\/","title":{"rendered":"Po\u00eale \u00e0 bois SCAN 66-5 avec Base en Forme de S"},"content":{"rendered":"<h2>Pourquoi choisir le po\u00eale \u00e0 bois 66-5 Scan ?<\/h2>\n<p>Le po\u00eale \u00e0 bois SCAN 66-5 allie parfaitement le design de la gamme SCAN 66 \u00e0 un pi\u00e8tement fonctionnel et esth\u00e9tique. Ses formes \u00e9l\u00e9gamment galb\u00e9es lui permettent d&#8217;int\u00e9grer un espace de stockage pour le bois.<\/p>\n<h2>Les avantages du po\u00eale 66-5 Scan :<\/h2>\n<p>Le socle en forme de \u00ab S \u00bb de ce po\u00eale permet de placer des b\u00fbches, ce qui peut optimiser l&#8217;espace dans votre pi\u00e8ce. De plus, le po\u00eale est \u00e9quip\u00e9 de deux caches en acier noir qui \u00e9vitent les rayures.<\/p>\n<h3>Caract\u00e9ristiques principales du produit :<\/h3>\n<p>Hauteur : 943 mm<\/p>\n<p>Largeur : 1037 mm<\/p>\n<p>Profondeur : 337 mm<\/p>\n<p>Poids : 100 kg<\/p>\n<p>Puissance nominale : 5,0 kW<\/p>\n<p>Rendement : 78 %<\/p>\n<p>&nbsp;<\/p>\n<p><strong><a href=\"https:\/\/magiedufeu.ch\/wp-content\/uploads\/2000\/01\/DATENBLATT.66-5BP.pdf\">DESSIN TECHNIQUE.66-5<\/a><\/strong><\/p>\n","protected":false},"excerpt":{"rendered":"<p>Hauteur : 943 mm<\/p>\n<p>&nbsp;<\/p>\n<p>Largeur : 1037 mm<\/p>\n<p>&nbsp;<\/p>\n<p>Profondeur : 337 mm<\/p>\n<p>&nbsp;<\/p>\n<p>Poids : 100 kg<\/p>\n<p>&nbsp;<\/p>\n<p>Puissance nominale : 5.0 kW<\/p>\n<p>&nbsp;<\/p>\n<p>Rendement : 78 %<\/p>\n<p>&nbsp;<\/p>\n","protected":false},"featured_media":11812,"comment_status":"closed","ping_status":"closed","template":"","meta":[],"product_cat":[210,207],"product_tag":[3103,3100,2030,534,3101,568,530,2657,3102,1710],"class_list":{"0":"post-9789","1":"product","2":"type-product","3":"status-publish","4":"has-post-thumbnail","6":"product_cat-bois-fr","7":"product_cat-poeles","8":"product_tag-00action","9":"product_tag-66-bp","10":"product_tag-base","11":"product_tag-design","12":"product_tag-forme-s","13":"product_tag-noir","14":"product_tag-poele-a-bois","15":"product_tag-scan","16":"product_tag-sfr4120","17":"product_tag-socle","19":"first","20":"instock","21":"taxable","22":"shipping-taxable","23":"purchasable","24":"product-type-simple"},"yoast_head":"<!-- This site is optimized with the Yoast SEO plugin v23.7 - https:\/\/yoast.com\/wordpress\/plugins\/seo\/ -->\n<title>Po\u00eale \u00e0 bois SCAN 66-5 avec Base en Forme de S - Mosoni-Vuissoz Magie du Feu<\/title>\n<meta name=\"description\" content=\"Le socle en forme de \u00ab S \u00bb de ce po\u00eale permet de placer des b\u00fbches, ce qui peut optimiser l&#039;espace dans votre pi\u00e8ce. De plus, le po\u00eale est \u00e9quip\u00e9 ...\" \/>\n<meta name=\"robots\" content=\"index, follow, max-snippet:-1, max-image-preview:large, max-video-preview:-1\" \/>\n<link rel=\"canonical\" href=\"https:\/\/magiedufeu.ch\/fr\/produit\/poele-a-bois-scan-66-5-avec-base-en-forme-de-s\/\" \/>\n<meta property=\"og:locale\" content=\"fr_FR\" \/>\n<meta property=\"og:type\" content=\"article\" \/>\n<meta property=\"og:title\" content=\"Po\u00eale \u00e0 bois SCAN 66-5 avec Base en Forme de S - Mosoni-Vuissoz Magie du Feu\" \/>\n<meta property=\"og:description\" content=\"Le socle en forme de \u00ab S \u00bb de ce po\u00eale permet de placer des b\u00fbches, ce qui peut optimiser l&#039;espace dans votre pi\u00e8ce. De plus, le po\u00eale est \u00e9quip\u00e9 ...\" \/>\n<meta property=\"og:url\" content=\"https:\/\/magiedufeu.ch\/fr\/produit\/poele-a-bois-scan-66-5-avec-base-en-forme-de-s\/\" \/>\n<meta property=\"og:site_name\" content=\"Mosoni-Vuissoz Magie du Feu\" \/>\n<meta property=\"article:publisher\" content=\"https:\/\/www.facebook.com\/magiedufeu.mdf\/\" \/>\n<meta property=\"article:modified_time\" content=\"2025-03-05T10:36:40+00:00\" \/>\n<meta property=\"og:image\" content=\"https:\/\/magiedufeu.ch\/wp-content\/uploads\/2000\/01\/Design-sans-titre-63.png?wsr\" \/>\n\t<meta property=\"og:image:width\" content=\"1080\" \/>\n\t<meta property=\"og:image:height\" content=\"1080\" \/>\n\t<meta property=\"og:image:type\" content=\"image\/png\" \/>\n<meta name=\"twitter:card\" content=\"summary_large_image\" \/>\n<meta name=\"twitter:label1\" content=\"Dur\u00e9e de lecture estim\u00e9e\" \/>\n\t<meta name=\"twitter:data1\" content=\"1 minute\" \/>\n<script type=\"application\/ld+json\" class=\"yoast-schema-graph\">{\"@context\":\"https:\/\/schema.org\",\"@graph\":[{\"@type\":\"WebPage\",\"@id\":\"https:\/\/magiedufeu.ch\/fr\/produit\/poele-a-bois-scan-66-5-avec-base-en-forme-de-s\/\",\"url\":\"https:\/\/magiedufeu.ch\/fr\/produit\/poele-a-bois-scan-66-5-avec-base-en-forme-de-s\/\",\"name\":\"Po\u00eale \u00e0 bois SCAN 66-5 avec Base en Forme de S - Mosoni-Vuissoz Magie du Feu\",\"isPartOf\":{\"@id\":\"https:\/\/magiedufeu.ch\/#website\"},\"primaryImageOfPage\":{\"@id\":\"https:\/\/magiedufeu.ch\/fr\/produit\/poele-a-bois-scan-66-5-avec-base-en-forme-de-s\/#primaryimage\"},\"image\":{\"@id\":\"https:\/\/magiedufeu.ch\/fr\/produit\/poele-a-bois-scan-66-5-avec-base-en-forme-de-s\/#primaryimage\"},\"thumbnailUrl\":\"https:\/\/magiedufeu.ch\/wp-content\/uploads\/2000\/01\/Design-sans-titre-63.png?wsr\",\"datePublished\":\"2000-01-01T00:00:00+00:00\",\"dateModified\":\"2025-03-05T10:36:40+00:00\",\"description\":\"Le socle en forme de \u00ab S \u00bb de ce po\u00eale permet de placer des b\u00fbches, ce qui peut optimiser l'espace dans votre pi\u00e8ce. De plus, le po\u00eale est \u00e9quip\u00e9 ...\",\"breadcrumb\":{\"@id\":\"https:\/\/magiedufeu.ch\/fr\/produit\/poele-a-bois-scan-66-5-avec-base-en-forme-de-s\/#breadcrumb\"},\"inLanguage\":\"fr-FR\",\"potentialAction\":[{\"@type\":\"ReadAction\",\"target\":[\"https:\/\/magiedufeu.ch\/fr\/produit\/poele-a-bois-scan-66-5-avec-base-en-forme-de-s\/\"]}]},{\"@type\":\"ImageObject\",\"inLanguage\":\"fr-FR\",\"@id\":\"https:\/\/magiedufeu.ch\/fr\/produit\/poele-a-bois-scan-66-5-avec-base-en-forme-de-s\/#primaryimage\",\"url\":\"https:\/\/magiedufeu.ch\/wp-content\/uploads\/2000\/01\/Design-sans-titre-63.png?wsr\",\"contentUrl\":\"https:\/\/magiedufeu.ch\/wp-content\/uploads\/2000\/01\/Design-sans-titre-63.png?wsr\",\"width\":1080,\"height\":1080},{\"@type\":\"BreadcrumbList\",\"@id\":\"https:\/\/magiedufeu.ch\/fr\/produit\/poele-a-bois-scan-66-5-avec-base-en-forme-de-s\/#breadcrumb\",\"itemListElement\":[{\"@type\":\"ListItem\",\"position\":1,\"name\":\"Accueil\",\"item\":\"https:\/\/magiedufeu.ch\/\"},{\"@type\":\"ListItem\",\"position\":2,\"name\":\"Boutique\",\"item\":\"https:\/\/magiedufeu.ch\/fr\/boutique\/\"},{\"@type\":\"ListItem\",\"position\":3,\"name\":\"Po\u00eale \u00e0 bois SCAN 66-5 avec Base en Forme de S\"}]},{\"@type\":\"WebSite\",\"@id\":\"https:\/\/magiedufeu.ch\/#website\",\"url\":\"https:\/\/magiedufeu.ch\/\",\"name\":\"Mosoni-Vuissoz Magie du Feu\",\"description\":\"\",\"publisher\":{\"@id\":\"https:\/\/magiedufeu.ch\/#organization\"},\"potentialAction\":[{\"@type\":\"SearchAction\",\"target\":{\"@type\":\"EntryPoint\",\"urlTemplate\":\"https:\/\/magiedufeu.ch\/?s={search_term_string}\"},\"query-input\":{\"@type\":\"PropertyValueSpecification\",\"valueRequired\":true,\"valueName\":\"search_term_string\"}}],\"inLanguage\":\"fr-FR\"},{\"@type\":\"Organization\",\"@id\":\"https:\/\/magiedufeu.ch\/#organization\",\"name\":\"Mosoni-Vuissoz Magie du Feu\",\"url\":\"https:\/\/magiedufeu.ch\/\",\"logo\":{\"@type\":\"ImageObject\",\"inLanguage\":\"fr-FR\",\"@id\":\"https:\/\/magiedufeu.ch\/#\/schema\/logo\/image\/\",\"url\":\"https:\/\/magiedufeu.ch\/wp-content\/uploads\/2021\/06\/Mosoni-Vuissoz-logo-1024x536-1-46d285e0.png\",\"contentUrl\":\"https:\/\/magiedufeu.ch\/wp-content\/uploads\/2021\/06\/Mosoni-Vuissoz-logo-1024x536-1-46d285e0.png\",\"width\":200,\"height\":105,\"caption\":\"Mosoni-Vuissoz Magie du Feu\"},\"image\":{\"@id\":\"https:\/\/magiedufeu.ch\/#\/schema\/logo\/image\/\"},\"sameAs\":[\"https:\/\/www.facebook.com\/magiedufeu.mdf\/\"]}]}<\/script>\n<!-- \/ Yoast SEO plugin. -->","yoast_head_json":{"title":"Po\u00eale \u00e0 bois SCAN 66-5 avec Base en Forme de S - Mosoni-Vuissoz Magie du Feu","description":"Le socle en forme de \u00ab S \u00bb de ce po\u00eale permet de placer des b\u00fbches, ce qui peut optimiser l'espace dans votre pi\u00e8ce. De plus, le po\u00eale est \u00e9quip\u00e9 ...","robots":{"index":"index","follow":"follow","max-snippet":"max-snippet:-1","max-image-preview":"max-image-preview:large","max-video-preview":"max-video-preview:-1"},"canonical":"https:\/\/magiedufeu.ch\/fr\/produit\/poele-a-bois-scan-66-5-avec-base-en-forme-de-s\/","og_locale":"fr_FR","og_type":"article","og_title":"Po\u00eale \u00e0 bois SCAN 66-5 avec Base en Forme de S - Mosoni-Vuissoz Magie du Feu","og_description":"Le socle en forme de \u00ab S \u00bb de ce po\u00eale permet de placer des b\u00fbches, ce qui peut optimiser l'espace dans votre pi\u00e8ce. De plus, le po\u00eale est \u00e9quip\u00e9 ...","og_url":"https:\/\/magiedufeu.ch\/fr\/produit\/poele-a-bois-scan-66-5-avec-base-en-forme-de-s\/","og_site_name":"Mosoni-Vuissoz Magie du Feu","article_publisher":"https:\/\/www.facebook.com\/magiedufeu.mdf\/","article_modified_time":"2025-03-05T10:36:40+00:00","og_image":[{"width":1080,"height":1080,"url":"https:\/\/magiedufeu.ch\/wp-content\/uploads\/2000\/01\/Design-sans-titre-63.png?wsr","type":"image\/png"}],"twitter_card":"summary_large_image","twitter_misc":{"Dur\u00e9e de lecture estim\u00e9e":"1 minute"},"schema":{"@context":"https:\/\/schema.org","@graph":[{"@type":"WebPage","@id":"https:\/\/magiedufeu.ch\/fr\/produit\/poele-a-bois-scan-66-5-avec-base-en-forme-de-s\/","url":"https:\/\/magiedufeu.ch\/fr\/produit\/poele-a-bois-scan-66-5-avec-base-en-forme-de-s\/","name":"Po\u00eale \u00e0 bois SCAN 66-5 avec Base en Forme de S - Mosoni-Vuissoz Magie du Feu","isPartOf":{"@id":"https:\/\/magiedufeu.ch\/#website"},"primaryImageOfPage":{"@id":"https:\/\/magiedufeu.ch\/fr\/produit\/poele-a-bois-scan-66-5-avec-base-en-forme-de-s\/#primaryimage"},"image":{"@id":"https:\/\/magiedufeu.ch\/fr\/produit\/poele-a-bois-scan-66-5-avec-base-en-forme-de-s\/#primaryimage"},"thumbnailUrl":"https:\/\/magiedufeu.ch\/wp-content\/uploads\/2000\/01\/Design-sans-titre-63.png?wsr","datePublished":"2000-01-01T00:00:00+00:00","dateModified":"2025-03-05T10:36:40+00:00","description":"Le socle en forme de \u00ab S \u00bb de ce po\u00eale permet de placer des b\u00fbches, ce qui peut optimiser l'espace dans votre pi\u00e8ce. De plus, le po\u00eale est \u00e9quip\u00e9 ...","breadcrumb":{"@id":"https:\/\/magiedufeu.ch\/fr\/produit\/poele-a-bois-scan-66-5-avec-base-en-forme-de-s\/#breadcrumb"},"inLanguage":"fr-FR","potentialAction":[{"@type":"ReadAction","target":["https:\/\/magiedufeu.ch\/fr\/produit\/poele-a-bois-scan-66-5-avec-base-en-forme-de-s\/"]}]},{"@type":"ImageObject","inLanguage":"fr-FR","@id":"https:\/\/magiedufeu.ch\/fr\/produit\/poele-a-bois-scan-66-5-avec-base-en-forme-de-s\/#primaryimage","url":"https:\/\/magiedufeu.ch\/wp-content\/uploads\/2000\/01\/Design-sans-titre-63.png?wsr","contentUrl":"https:\/\/magiedufeu.ch\/wp-content\/uploads\/2000\/01\/Design-sans-titre-63.png?wsr","width":1080,"height":1080},{"@type":"BreadcrumbList","@id":"https:\/\/magiedufeu.ch\/fr\/produit\/poele-a-bois-scan-66-5-avec-base-en-forme-de-s\/#breadcrumb","itemListElement":[{"@type":"ListItem","position":1,"name":"Accueil","item":"https:\/\/magiedufeu.ch\/"},{"@type":"ListItem","position":2,"name":"Boutique","item":"https:\/\/magiedufeu.ch\/fr\/boutique\/"},{"@type":"ListItem","position":3,"name":"Po\u00eale \u00e0 bois SCAN 66-5 avec Base en Forme de S"}]},{"@type":"WebSite","@id":"https:\/\/magiedufeu.ch\/#website","url":"https:\/\/magiedufeu.ch\/","name":"Mosoni-Vuissoz Magie du Feu","description":"","publisher":{"@id":"https:\/\/magiedufeu.ch\/#organization"},"potentialAction":[{"@type":"SearchAction","target":{"@type":"EntryPoint","urlTemplate":"https:\/\/magiedufeu.ch\/?s={search_term_string}"},"query-input":{"@type":"PropertyValueSpecification","valueRequired":true,"valueName":"search_term_string"}}],"inLanguage":"fr-FR"},{"@type":"Organization","@id":"https:\/\/magiedufeu.ch\/#organization","name":"Mosoni-Vuissoz Magie du Feu","url":"https:\/\/magiedufeu.ch\/","logo":{"@type":"ImageObject","inLanguage":"fr-FR","@id":"https:\/\/magiedufeu.ch\/#\/schema\/logo\/image\/","url":"https:\/\/magiedufeu.ch\/wp-content\/uploads\/2021\/06\/Mosoni-Vuissoz-logo-1024x536-1-46d285e0.png","contentUrl":"https:\/\/magiedufeu.ch\/wp-content\/uploads\/2021\/06\/Mosoni-Vuissoz-logo-1024x536-1-46d285e0.png","width":200,"height":105,"caption":"Mosoni-Vuissoz Magie du Feu"},"image":{"@id":"https:\/\/magiedufeu.ch\/#\/schema\/logo\/image\/"},"sameAs":["https:\/\/www.facebook.com\/magiedufeu.mdf\/"]}]}},"_links":{"self":[{"href":"https:\/\/magiedufeu.ch\/fr\/wp-json\/wp\/v2\/product\/9789","targetHints":{"allow":["GET"]}}],"collection":[{"href":"https:\/\/magiedufeu.ch\/fr\/wp-json\/wp\/v2\/product"}],"about":[{"href":"https:\/\/magiedufeu.ch\/fr\/wp-json\/wp\/v2\/types\/product"}],"replies":[{"embeddable":true,"href":"https:\/\/magiedufeu.ch\/fr\/wp-json\/wp\/v2\/comments?post=9789"}],"wp:featuredmedia":[{"embeddable":true,"href":"https:\/\/magiedufeu.ch\/fr\/wp-json\/wp\/v2\/media\/11812"}],"wp:attachment":[{"href":"https:\/\/magiedufeu.ch\/fr\/wp-json\/wp\/v2\/media?parent=9789"}],"wp:term":[{"taxonomy":"product_cat","embeddable":true,"href":"https:\/\/magiedufeu.ch\/fr\/wp-json\/wp\/v2\/product_cat?post=9789"},{"taxonomy":"product_tag","embeddable":true,"href":"https:\/\/magiedufeu.ch\/fr\/wp-json\/wp\/v2\/product_tag?post=9789"}],"curies":[{"name":"wp","href":"https:\/\/api.w.org\/{rel}","templated":true}]}}