{"id":9787,"date":"2000-01-01T00:00:00","date_gmt":"2000-01-01T00:00:00","guid":{"rendered":"https:\/\/magiedufeu.ch\/?post_type=product&#038;p=9787"},"modified":"2025-03-05T10:45:23","modified_gmt":"2025-03-05T10:45:23","slug":"poele-a-bois-scan-65-3-avec-pierre-ollaire","status":"publish","type":"product","link":"https:\/\/magiedufeu.ch\/fr\/produit\/poele-a-bois-scan-65-3-avec-pierre-ollaire\/","title":{"rendered":"Po\u00eale \u00e0 bois SCAN 65-3 Noir avec Pierre Ollaire"},"content":{"rendered":"<h2>Pourquoi choisir le po\u00eale 65-3 de Scan ?<\/h2>\n<p>Le SCAN 65-3 est un po\u00eale \u00e0 bois en acier noir, rev\u00eatu de st\u00e9atite, un mat\u00e9riau connu pour accumuler la chaleur d\u00e9gag\u00e9e par le feu et la restituer lentement dans la pi\u00e8ce. Une plaque de st\u00e9atite est disponible en option.<\/p>\n<h2>Les avantages de ce po\u00eale :<\/h2>\n<p>Premi\u00e8rement, il y a un syst\u00e8me de verrouillage automatique de la porte, ce qui augmente la s\u00e9curit\u00e9. Deuxi\u00e8mement, la chaleur est mieux conserv\u00e9e gr\u00e2ce \u00e0 la pierre ollaire sur le c\u00f4t\u00e9 et sur le dessus du po\u00eale, ce qui permet de la diffuser sur une plus longue p\u00e9riode.<\/p>\n<h3>Caract\u00e9ristiques principales de ce po\u00eale :<\/h3>\n<p>Hauteur : 1132 mm<\/p>\n<p>Largeur : 490 mm<\/p>\n<p>Profondeur : 380 mm<\/p>\n<p>Poids : 180 kg<\/p>\n<p>Rendement : 82 %<\/p>\n<p>Puissance nominale : 6,0 kW<\/p>\n<p>&nbsp;<\/p>\n<p><strong><a href=\"https:\/\/magiedufeu.ch\/wp-content\/uploads\/2000\/01\/DATENBLATT.65-3BP.pdf\">DESSIN<\/a><a href=\"https:\/\/magiedufeu.ch\/wp-content\/uploads\/2000\/01\/DATENBLATT.65-3BP.pdf\"> TECHNIQUE.65-3<\/a><\/strong><\/p>\n","protected":false},"excerpt":{"rendered":"<p>Hauteur : 1132 mm<\/p>\n<p>&nbsp;<\/p>\n<p>Largeur : 490 mm<\/p>\n<p>&nbsp;<\/p>\n<p>Profondeur : 380 mm<\/p>\n<p>&nbsp;<\/p>\n<p>Poids : 180 kg<\/p>\n<p>&nbsp;<\/p>\n<p>Rendement : 82 %<\/p>\n<p>&nbsp;<\/p>\n<p>Puissance nominale : 6,0 kW<\/p>\n<p>&nbsp;<\/p>\n","protected":false},"featured_media":12172,"comment_status":"closed","ping_status":"closed","template":"","meta":[],"product_cat":[210,207],"product_tag":[3114,3115,588,3116,568,895,530,2657,3117],"class_list":{"0":"post-9787","1":"product","2":"type-product","3":"status-publish","4":"has-post-thumbnail","6":"product_cat-bois-fr","7":"product_cat-poeles","8":"product_tag-3114","9":"product_tag-65-3","10":"product_tag-action","11":"product_tag-bp","12":"product_tag-noir","13":"product_tag-pierre-ollaire","14":"product_tag-poele-a-bois","15":"product_tag-scan","16":"product_tag-sfr5085","18":"first","19":"instock","20":"taxable","21":"shipping-taxable","22":"purchasable","23":"product-type-simple"},"yoast_head":"<!-- This site is optimized with the Yoast SEO plugin v23.7 - https:\/\/yoast.com\/wordpress\/plugins\/seo\/ -->\n<title>Po\u00eale \u00e0 bois SCAN 65-3 Noir avec Pierre Ollaire - Mosoni-Vuissoz Magie du Feu<\/title>\n<meta name=\"description\" content=\"Le SCAN 65-3 est un po\u00eale \u00e0 bois en acier noir, rev\u00eatu de st\u00e9atite, un mat\u00e9riau connu pour accumuler la chaleur d\u00e9gag\u00e9e par le feu et ...\" \/>\n<meta name=\"robots\" content=\"index, follow, max-snippet:-1, max-image-preview:large, max-video-preview:-1\" \/>\n<link rel=\"canonical\" href=\"https:\/\/magiedufeu.ch\/fr\/produit\/poele-a-bois-scan-65-3-avec-pierre-ollaire\/\" \/>\n<meta property=\"og:locale\" content=\"fr_FR\" \/>\n<meta property=\"og:type\" content=\"article\" \/>\n<meta property=\"og:title\" content=\"Po\u00eale \u00e0 bois SCAN 65-3 Noir avec Pierre Ollaire - Mosoni-Vuissoz Magie du Feu\" \/>\n<meta property=\"og:description\" content=\"Le SCAN 65-3 est un po\u00eale \u00e0 bois en acier noir, rev\u00eatu de st\u00e9atite, un mat\u00e9riau connu pour accumuler la chaleur d\u00e9gag\u00e9e par le feu et ...\" \/>\n<meta property=\"og:url\" content=\"https:\/\/magiedufeu.ch\/fr\/produit\/poele-a-bois-scan-65-3-avec-pierre-ollaire\/\" \/>\n<meta property=\"og:site_name\" content=\"Mosoni-Vuissoz Magie du Feu\" \/>\n<meta property=\"article:publisher\" content=\"https:\/\/www.facebook.com\/magiedufeu.mdf\/\" \/>\n<meta property=\"article:modified_time\" content=\"2025-03-05T10:45:23+00:00\" \/>\n<meta property=\"og:image\" content=\"https:\/\/magiedufeu.ch\/wp-content\/uploads\/2000\/01\/Design-sans-titre-_22_.webp?wsr\" \/>\n\t<meta property=\"og:image:width\" content=\"1080\" \/>\n\t<meta property=\"og:image:height\" content=\"1080\" \/>\n\t<meta property=\"og:image:type\" content=\"image\/webp\" \/>\n<meta name=\"twitter:card\" content=\"summary_large_image\" \/>\n<meta name=\"twitter:label1\" content=\"Dur\u00e9e de lecture estim\u00e9e\" \/>\n\t<meta name=\"twitter:data1\" content=\"1 minute\" \/>\n<script type=\"application\/ld+json\" class=\"yoast-schema-graph\">{\"@context\":\"https:\/\/schema.org\",\"@graph\":[{\"@type\":\"WebPage\",\"@id\":\"https:\/\/magiedufeu.ch\/fr\/produit\/poele-a-bois-scan-65-3-avec-pierre-ollaire\/\",\"url\":\"https:\/\/magiedufeu.ch\/fr\/produit\/poele-a-bois-scan-65-3-avec-pierre-ollaire\/\",\"name\":\"Po\u00eale \u00e0 bois SCAN 65-3 Noir avec Pierre Ollaire - Mosoni-Vuissoz Magie du Feu\",\"isPartOf\":{\"@id\":\"https:\/\/magiedufeu.ch\/#website\"},\"primaryImageOfPage\":{\"@id\":\"https:\/\/magiedufeu.ch\/fr\/produit\/poele-a-bois-scan-65-3-avec-pierre-ollaire\/#primaryimage\"},\"image\":{\"@id\":\"https:\/\/magiedufeu.ch\/fr\/produit\/poele-a-bois-scan-65-3-avec-pierre-ollaire\/#primaryimage\"},\"thumbnailUrl\":\"https:\/\/magiedufeu.ch\/wp-content\/uploads\/2000\/01\/Design-sans-titre-_22_.webp?wsr\",\"datePublished\":\"2000-01-01T00:00:00+00:00\",\"dateModified\":\"2025-03-05T10:45:23+00:00\",\"description\":\"Le SCAN 65-3 est un po\u00eale \u00e0 bois en acier noir, rev\u00eatu de st\u00e9atite, un mat\u00e9riau connu pour accumuler la chaleur d\u00e9gag\u00e9e par le feu et ...\",\"breadcrumb\":{\"@id\":\"https:\/\/magiedufeu.ch\/fr\/produit\/poele-a-bois-scan-65-3-avec-pierre-ollaire\/#breadcrumb\"},\"inLanguage\":\"fr-FR\",\"potentialAction\":[{\"@type\":\"ReadAction\",\"target\":[\"https:\/\/magiedufeu.ch\/fr\/produit\/poele-a-bois-scan-65-3-avec-pierre-ollaire\/\"]}]},{\"@type\":\"ImageObject\",\"inLanguage\":\"fr-FR\",\"@id\":\"https:\/\/magiedufeu.ch\/fr\/produit\/poele-a-bois-scan-65-3-avec-pierre-ollaire\/#primaryimage\",\"url\":\"https:\/\/magiedufeu.ch\/wp-content\/uploads\/2000\/01\/Design-sans-titre-_22_.webp?wsr\",\"contentUrl\":\"https:\/\/magiedufeu.ch\/wp-content\/uploads\/2000\/01\/Design-sans-titre-_22_.webp?wsr\",\"width\":1080,\"height\":1080},{\"@type\":\"BreadcrumbList\",\"@id\":\"https:\/\/magiedufeu.ch\/fr\/produit\/poele-a-bois-scan-65-3-avec-pierre-ollaire\/#breadcrumb\",\"itemListElement\":[{\"@type\":\"ListItem\",\"position\":1,\"name\":\"Accueil\",\"item\":\"https:\/\/magiedufeu.ch\/\"},{\"@type\":\"ListItem\",\"position\":2,\"name\":\"Boutique\",\"item\":\"https:\/\/magiedufeu.ch\/fr\/boutique\/\"},{\"@type\":\"ListItem\",\"position\":3,\"name\":\"Po\u00eale \u00e0 bois SCAN 65-3 Noir avec Pierre Ollaire\"}]},{\"@type\":\"WebSite\",\"@id\":\"https:\/\/magiedufeu.ch\/#website\",\"url\":\"https:\/\/magiedufeu.ch\/\",\"name\":\"Mosoni-Vuissoz Magie du Feu\",\"description\":\"\",\"publisher\":{\"@id\":\"https:\/\/magiedufeu.ch\/#organization\"},\"potentialAction\":[{\"@type\":\"SearchAction\",\"target\":{\"@type\":\"EntryPoint\",\"urlTemplate\":\"https:\/\/magiedufeu.ch\/?s={search_term_string}\"},\"query-input\":{\"@type\":\"PropertyValueSpecification\",\"valueRequired\":true,\"valueName\":\"search_term_string\"}}],\"inLanguage\":\"fr-FR\"},{\"@type\":\"Organization\",\"@id\":\"https:\/\/magiedufeu.ch\/#organization\",\"name\":\"Mosoni-Vuissoz Magie du Feu\",\"url\":\"https:\/\/magiedufeu.ch\/\",\"logo\":{\"@type\":\"ImageObject\",\"inLanguage\":\"fr-FR\",\"@id\":\"https:\/\/magiedufeu.ch\/#\/schema\/logo\/image\/\",\"url\":\"https:\/\/magiedufeu.ch\/wp-content\/uploads\/2021\/06\/Mosoni-Vuissoz-logo-1024x536-1-46d285e0.png\",\"contentUrl\":\"https:\/\/magiedufeu.ch\/wp-content\/uploads\/2021\/06\/Mosoni-Vuissoz-logo-1024x536-1-46d285e0.png\",\"width\":200,\"height\":105,\"caption\":\"Mosoni-Vuissoz Magie du Feu\"},\"image\":{\"@id\":\"https:\/\/magiedufeu.ch\/#\/schema\/logo\/image\/\"},\"sameAs\":[\"https:\/\/www.facebook.com\/magiedufeu.mdf\/\"]}]}<\/script>\n<!-- \/ Yoast SEO plugin. -->","yoast_head_json":{"title":"Po\u00eale \u00e0 bois SCAN 65-3 Noir avec Pierre Ollaire - Mosoni-Vuissoz Magie du Feu","description":"Le SCAN 65-3 est un po\u00eale \u00e0 bois en acier noir, rev\u00eatu de st\u00e9atite, un mat\u00e9riau connu pour accumuler la chaleur d\u00e9gag\u00e9e par le feu et ...","robots":{"index":"index","follow":"follow","max-snippet":"max-snippet:-1","max-image-preview":"max-image-preview:large","max-video-preview":"max-video-preview:-1"},"canonical":"https:\/\/magiedufeu.ch\/fr\/produit\/poele-a-bois-scan-65-3-avec-pierre-ollaire\/","og_locale":"fr_FR","og_type":"article","og_title":"Po\u00eale \u00e0 bois SCAN 65-3 Noir avec Pierre Ollaire - Mosoni-Vuissoz Magie du Feu","og_description":"Le SCAN 65-3 est un po\u00eale \u00e0 bois en acier noir, rev\u00eatu de st\u00e9atite, un mat\u00e9riau connu pour accumuler la chaleur d\u00e9gag\u00e9e par le feu et ...","og_url":"https:\/\/magiedufeu.ch\/fr\/produit\/poele-a-bois-scan-65-3-avec-pierre-ollaire\/","og_site_name":"Mosoni-Vuissoz Magie du Feu","article_publisher":"https:\/\/www.facebook.com\/magiedufeu.mdf\/","article_modified_time":"2025-03-05T10:45:23+00:00","og_image":[{"width":1080,"height":1080,"url":"https:\/\/magiedufeu.ch\/wp-content\/uploads\/2000\/01\/Design-sans-titre-_22_.webp?wsr","type":"image\/webp"}],"twitter_card":"summary_large_image","twitter_misc":{"Dur\u00e9e de lecture estim\u00e9e":"1 minute"},"schema":{"@context":"https:\/\/schema.org","@graph":[{"@type":"WebPage","@id":"https:\/\/magiedufeu.ch\/fr\/produit\/poele-a-bois-scan-65-3-avec-pierre-ollaire\/","url":"https:\/\/magiedufeu.ch\/fr\/produit\/poele-a-bois-scan-65-3-avec-pierre-ollaire\/","name":"Po\u00eale \u00e0 bois SCAN 65-3 Noir avec Pierre Ollaire - Mosoni-Vuissoz Magie du Feu","isPartOf":{"@id":"https:\/\/magiedufeu.ch\/#website"},"primaryImageOfPage":{"@id":"https:\/\/magiedufeu.ch\/fr\/produit\/poele-a-bois-scan-65-3-avec-pierre-ollaire\/#primaryimage"},"image":{"@id":"https:\/\/magiedufeu.ch\/fr\/produit\/poele-a-bois-scan-65-3-avec-pierre-ollaire\/#primaryimage"},"thumbnailUrl":"https:\/\/magiedufeu.ch\/wp-content\/uploads\/2000\/01\/Design-sans-titre-_22_.webp?wsr","datePublished":"2000-01-01T00:00:00+00:00","dateModified":"2025-03-05T10:45:23+00:00","description":"Le SCAN 65-3 est un po\u00eale \u00e0 bois en acier noir, rev\u00eatu de st\u00e9atite, un mat\u00e9riau connu pour accumuler la chaleur d\u00e9gag\u00e9e par le feu et ...","breadcrumb":{"@id":"https:\/\/magiedufeu.ch\/fr\/produit\/poele-a-bois-scan-65-3-avec-pierre-ollaire\/#breadcrumb"},"inLanguage":"fr-FR","potentialAction":[{"@type":"ReadAction","target":["https:\/\/magiedufeu.ch\/fr\/produit\/poele-a-bois-scan-65-3-avec-pierre-ollaire\/"]}]},{"@type":"ImageObject","inLanguage":"fr-FR","@id":"https:\/\/magiedufeu.ch\/fr\/produit\/poele-a-bois-scan-65-3-avec-pierre-ollaire\/#primaryimage","url":"https:\/\/magiedufeu.ch\/wp-content\/uploads\/2000\/01\/Design-sans-titre-_22_.webp?wsr","contentUrl":"https:\/\/magiedufeu.ch\/wp-content\/uploads\/2000\/01\/Design-sans-titre-_22_.webp?wsr","width":1080,"height":1080},{"@type":"BreadcrumbList","@id":"https:\/\/magiedufeu.ch\/fr\/produit\/poele-a-bois-scan-65-3-avec-pierre-ollaire\/#breadcrumb","itemListElement":[{"@type":"ListItem","position":1,"name":"Accueil","item":"https:\/\/magiedufeu.ch\/"},{"@type":"ListItem","position":2,"name":"Boutique","item":"https:\/\/magiedufeu.ch\/fr\/boutique\/"},{"@type":"ListItem","position":3,"name":"Po\u00eale \u00e0 bois SCAN 65-3 Noir avec Pierre Ollaire"}]},{"@type":"WebSite","@id":"https:\/\/magiedufeu.ch\/#website","url":"https:\/\/magiedufeu.ch\/","name":"Mosoni-Vuissoz Magie du Feu","description":"","publisher":{"@id":"https:\/\/magiedufeu.ch\/#organization"},"potentialAction":[{"@type":"SearchAction","target":{"@type":"EntryPoint","urlTemplate":"https:\/\/magiedufeu.ch\/?s={search_term_string}"},"query-input":{"@type":"PropertyValueSpecification","valueRequired":true,"valueName":"search_term_string"}}],"inLanguage":"fr-FR"},{"@type":"Organization","@id":"https:\/\/magiedufeu.ch\/#organization","name":"Mosoni-Vuissoz Magie du Feu","url":"https:\/\/magiedufeu.ch\/","logo":{"@type":"ImageObject","inLanguage":"fr-FR","@id":"https:\/\/magiedufeu.ch\/#\/schema\/logo\/image\/","url":"https:\/\/magiedufeu.ch\/wp-content\/uploads\/2021\/06\/Mosoni-Vuissoz-logo-1024x536-1-46d285e0.png","contentUrl":"https:\/\/magiedufeu.ch\/wp-content\/uploads\/2021\/06\/Mosoni-Vuissoz-logo-1024x536-1-46d285e0.png","width":200,"height":105,"caption":"Mosoni-Vuissoz Magie du Feu"},"image":{"@id":"https:\/\/magiedufeu.ch\/#\/schema\/logo\/image\/"},"sameAs":["https:\/\/www.facebook.com\/magiedufeu.mdf\/"]}]}},"_links":{"self":[{"href":"https:\/\/magiedufeu.ch\/fr\/wp-json\/wp\/v2\/product\/9787","targetHints":{"allow":["GET"]}}],"collection":[{"href":"https:\/\/magiedufeu.ch\/fr\/wp-json\/wp\/v2\/product"}],"about":[{"href":"https:\/\/magiedufeu.ch\/fr\/wp-json\/wp\/v2\/types\/product"}],"replies":[{"embeddable":true,"href":"https:\/\/magiedufeu.ch\/fr\/wp-json\/wp\/v2\/comments?post=9787"}],"wp:featuredmedia":[{"embeddable":true,"href":"https:\/\/magiedufeu.ch\/fr\/wp-json\/wp\/v2\/media\/12172"}],"wp:attachment":[{"href":"https:\/\/magiedufeu.ch\/fr\/wp-json\/wp\/v2\/media?parent=9787"}],"wp:term":[{"taxonomy":"product_cat","embeddable":true,"href":"https:\/\/magiedufeu.ch\/fr\/wp-json\/wp\/v2\/product_cat?post=9787"},{"taxonomy":"product_tag","embeddable":true,"href":"https:\/\/magiedufeu.ch\/fr\/wp-json\/wp\/v2\/product_tag?post=9787"}],"curies":[{"name":"wp","href":"https:\/\/api.w.org\/{rel}","templated":true}]}}