{"id":9697,"date":"2000-01-01T00:00:00","date_gmt":"2000-01-01T00:00:00","guid":{"rendered":"https:\/\/magiedufeu.ch\/?post_type=product&#038;p=9697"},"modified":"2025-12-04T13:49:32","modified_gmt":"2025-12-04T13:49:32","slug":"poele-mixte-paro-rika-avec-pierre-ollaire","status":"publish","type":"product","link":"https:\/\/magiedufeu.ch\/fr\/produit\/poele-mixte-paro-rika-avec-pierre-ollaire\/","title":{"rendered":"Po\u00eale mixte PARO RIKA boitier noir avec Pierre Ollaire"},"content":{"rendered":"<h2>Pourquoi choisir le po\u00eale mixte Paro Rika ?<\/h2>\n<p>Gr\u00e2ce \u00e0 la polyvalence de ce po\u00eale, vous pouvez choisir entre des b\u00fbches et des granul\u00e9s. Si vous utilisez du bois, optez pour la m\u00e9thode traditionnelle et profitez du spectacle des flammes dansantes. Avec les granul\u00e9s, vous pouvez allumer le feu \u00e0 distance et, gr\u00e2ce \u00e0 l&#8217;application sur votre smartphone, maintenir une temp\u00e9rature constante afin de retrouver une maison confortable \u00e0 votre arriv\u00e9e.<\/p>\n<h2>Les avantages du po\u00eale mixte Paro Rika :<\/h2>\n<p>Il est tr\u00e8s facile \u00e0 utiliser, dispose d&#8217;un allumage automatique et r\u00e9pond \u00e0 toutes les attentes de ses utilisateurs. Le po\u00eale a une masse d&#8217;accumulation de 65 kg et est disponible dans une plage de puissance de 2,5 \u00e0 8,0 kW. De plus, ce po\u00eale mixte ind\u00e9pendant de l&#8217;air ambiant dispose d&#8217;un r\u00e9servoir \u00e0 pellets pouvant contenir jusqu&#8217;\u00e0 30 kg de pellets.<\/p>\n<h3>Caract\u00e9ristiques principales du produit :<\/h3>\n<p>Hauteur : 1132 mm<\/p>\n<p>Largeur : 788 mm<\/p>\n<p>Profondeur : 506 mm<\/p>\n<p>Poids : 290 kg<\/p>\n<p>Puissance nominale : 8 kW<\/p>\n<p>Puissance Multiair en kW : 0,5-4,0 kW.<\/p>\n<p>Capacit\u00e9 du r\u00e9servoir \u00e0 pellets : 47\/30 l\/kg<\/p>\n<p>&nbsp;<\/p>\n<p><strong><a href=\"https:\/\/magiedufeu.ch\/wp-content\/uploads\/2000\/01\/DATENBLATT.PARO_.pdf\">FICHE TECHNIQUE.PARO<\/a><\/strong><\/p>\n","protected":false},"excerpt":{"rendered":"<p>Hauteur : 1132 mm<\/p>\n<p>Largeur : 788 mm<\/p>\n<p>Profondeur : 506 mm<\/p>\n<p>Poids : 290 kg<\/p>\n<p>Puissance nominale : 8 kW<\/p>\n<p>Multiair Puissance en kW : 0,5-4,0 kW<\/p>\n<p>Capacit\u00e9 du r\u00e9servoir \u00e0 pellets : 47\/30 l\/kg<\/p>\n<p>&nbsp;<\/p>\n","protected":false},"featured_media":12672,"comment_status":"closed","ping_status":"closed","template":"","meta":[],"product_cat":[209,207],"product_tag":[3319,3320,3318,1167,499,504],"class_list":{"0":"post-9697","1":"product","2":"type-product","3":"status-publish","4":"has-post-thumbnail","6":"product_cat-hybride","7":"product_cat-poeles","8":"product_tag-corps-noir","9":"product_tag-manteau-en-pierre-ollaire","10":"product_tag-paro","11":"product_tag-poele","12":"product_tag-rika","13":"product_tag-sortie-dessus","15":"first","16":"instock","17":"taxable","18":"shipping-taxable","19":"purchasable","20":"product-type-simple"},"yoast_head":"<!-- This site is optimized with the Yoast SEO plugin v23.7 - https:\/\/yoast.com\/wordpress\/plugins\/seo\/ -->\n<title>Po\u00eale mixte PARO RIKA boitier noir avec Pierre Ollaire - Mosoni-Vuissoz Magie du Feu<\/title>\n<meta name=\"description\" content=\"Gr\u00e2ce \u00e0 la polyvalence de ce po\u00eale, vous pouvez choisir entre des b\u00fbches et des granul\u00e9s. Si vous utilisez du bois, optez pour la m\u00e9thode traditionnelle ...\" \/>\n<meta name=\"robots\" content=\"index, follow, max-snippet:-1, max-image-preview:large, max-video-preview:-1\" \/>\n<link rel=\"canonical\" href=\"https:\/\/magiedufeu.ch\/fr\/produit\/poele-mixte-paro-rika-avec-pierre-ollaire\/\" \/>\n<meta property=\"og:locale\" content=\"fr_FR\" \/>\n<meta property=\"og:type\" content=\"article\" \/>\n<meta property=\"og:title\" content=\"Po\u00eale mixte PARO RIKA boitier noir avec Pierre Ollaire - Mosoni-Vuissoz Magie du Feu\" \/>\n<meta property=\"og:description\" content=\"Gr\u00e2ce \u00e0 la polyvalence de ce po\u00eale, vous pouvez choisir entre des b\u00fbches et des granul\u00e9s. Si vous utilisez du bois, optez pour la m\u00e9thode traditionnelle ...\" \/>\n<meta property=\"og:url\" content=\"https:\/\/magiedufeu.ch\/fr\/produit\/poele-mixte-paro-rika-avec-pierre-ollaire\/\" \/>\n<meta property=\"og:site_name\" content=\"Mosoni-Vuissoz Magie du Feu\" \/>\n<meta property=\"article:publisher\" content=\"https:\/\/www.facebook.com\/magiedufeu.mdf\/\" \/>\n<meta property=\"article:modified_time\" content=\"2025-12-04T13:49:32+00:00\" \/>\n<meta property=\"og:image\" content=\"https:\/\/magiedufeu.ch\/wp-content\/uploads\/2000\/01\/Design-sans-titre-_47_.webp?wsr\" \/>\n\t<meta property=\"og:image:width\" content=\"1080\" \/>\n\t<meta property=\"og:image:height\" content=\"1080\" \/>\n\t<meta property=\"og:image:type\" content=\"image\/webp\" \/>\n<meta name=\"twitter:card\" content=\"summary_large_image\" \/>\n<meta name=\"twitter:label1\" content=\"Dur\u00e9e de lecture estim\u00e9e\" \/>\n\t<meta name=\"twitter:data1\" content=\"2 minutes\" \/>\n<script type=\"application\/ld+json\" class=\"yoast-schema-graph\">{\"@context\":\"https:\/\/schema.org\",\"@graph\":[{\"@type\":\"WebPage\",\"@id\":\"https:\/\/magiedufeu.ch\/fr\/produit\/poele-mixte-paro-rika-avec-pierre-ollaire\/\",\"url\":\"https:\/\/magiedufeu.ch\/fr\/produit\/poele-mixte-paro-rika-avec-pierre-ollaire\/\",\"name\":\"Po\u00eale mixte PARO RIKA boitier noir avec Pierre Ollaire - Mosoni-Vuissoz Magie du Feu\",\"isPartOf\":{\"@id\":\"https:\/\/magiedufeu.ch\/#website\"},\"primaryImageOfPage\":{\"@id\":\"https:\/\/magiedufeu.ch\/fr\/produit\/poele-mixte-paro-rika-avec-pierre-ollaire\/#primaryimage\"},\"image\":{\"@id\":\"https:\/\/magiedufeu.ch\/fr\/produit\/poele-mixte-paro-rika-avec-pierre-ollaire\/#primaryimage\"},\"thumbnailUrl\":\"https:\/\/magiedufeu.ch\/wp-content\/uploads\/2000\/01\/Design-sans-titre-_47_.webp?wsr\",\"datePublished\":\"2000-01-01T00:00:00+00:00\",\"dateModified\":\"2025-12-04T13:49:32+00:00\",\"description\":\"Gr\u00e2ce \u00e0 la polyvalence de ce po\u00eale, vous pouvez choisir entre des b\u00fbches et des granul\u00e9s. Si vous utilisez du bois, optez pour la m\u00e9thode traditionnelle ...\",\"breadcrumb\":{\"@id\":\"https:\/\/magiedufeu.ch\/fr\/produit\/poele-mixte-paro-rika-avec-pierre-ollaire\/#breadcrumb\"},\"inLanguage\":\"fr-FR\",\"potentialAction\":[{\"@type\":\"ReadAction\",\"target\":[\"https:\/\/magiedufeu.ch\/fr\/produit\/poele-mixte-paro-rika-avec-pierre-ollaire\/\"]}]},{\"@type\":\"ImageObject\",\"inLanguage\":\"fr-FR\",\"@id\":\"https:\/\/magiedufeu.ch\/fr\/produit\/poele-mixte-paro-rika-avec-pierre-ollaire\/#primaryimage\",\"url\":\"https:\/\/magiedufeu.ch\/wp-content\/uploads\/2000\/01\/Design-sans-titre-_47_.webp?wsr\",\"contentUrl\":\"https:\/\/magiedufeu.ch\/wp-content\/uploads\/2000\/01\/Design-sans-titre-_47_.webp?wsr\",\"width\":1080,\"height\":1080},{\"@type\":\"BreadcrumbList\",\"@id\":\"https:\/\/magiedufeu.ch\/fr\/produit\/poele-mixte-paro-rika-avec-pierre-ollaire\/#breadcrumb\",\"itemListElement\":[{\"@type\":\"ListItem\",\"position\":1,\"name\":\"Accueil\",\"item\":\"https:\/\/magiedufeu.ch\/\"},{\"@type\":\"ListItem\",\"position\":2,\"name\":\"Boutique\",\"item\":\"https:\/\/magiedufeu.ch\/fr\/boutique\/\"},{\"@type\":\"ListItem\",\"position\":3,\"name\":\"Po\u00eale mixte PARO RIKA boitier noir avec Pierre Ollaire\"}]},{\"@type\":\"WebSite\",\"@id\":\"https:\/\/magiedufeu.ch\/#website\",\"url\":\"https:\/\/magiedufeu.ch\/\",\"name\":\"Mosoni-Vuissoz Magie du Feu\",\"description\":\"\",\"publisher\":{\"@id\":\"https:\/\/magiedufeu.ch\/#organization\"},\"potentialAction\":[{\"@type\":\"SearchAction\",\"target\":{\"@type\":\"EntryPoint\",\"urlTemplate\":\"https:\/\/magiedufeu.ch\/?s={search_term_string}\"},\"query-input\":{\"@type\":\"PropertyValueSpecification\",\"valueRequired\":true,\"valueName\":\"search_term_string\"}}],\"inLanguage\":\"fr-FR\"},{\"@type\":\"Organization\",\"@id\":\"https:\/\/magiedufeu.ch\/#organization\",\"name\":\"Mosoni-Vuissoz Magie du Feu\",\"url\":\"https:\/\/magiedufeu.ch\/\",\"logo\":{\"@type\":\"ImageObject\",\"inLanguage\":\"fr-FR\",\"@id\":\"https:\/\/magiedufeu.ch\/#\/schema\/logo\/image\/\",\"url\":\"https:\/\/magiedufeu.ch\/wp-content\/uploads\/2021\/06\/Mosoni-Vuissoz-logo-1024x536-1-46d285e0.png\",\"contentUrl\":\"https:\/\/magiedufeu.ch\/wp-content\/uploads\/2021\/06\/Mosoni-Vuissoz-logo-1024x536-1-46d285e0.png\",\"width\":200,\"height\":105,\"caption\":\"Mosoni-Vuissoz Magie du Feu\"},\"image\":{\"@id\":\"https:\/\/magiedufeu.ch\/#\/schema\/logo\/image\/\"},\"sameAs\":[\"https:\/\/www.facebook.com\/magiedufeu.mdf\/\"]}]}<\/script>\n<!-- \/ Yoast SEO plugin. -->","yoast_head_json":{"title":"Po\u00eale mixte PARO RIKA boitier noir avec Pierre Ollaire - Mosoni-Vuissoz Magie du Feu","description":"Gr\u00e2ce \u00e0 la polyvalence de ce po\u00eale, vous pouvez choisir entre des b\u00fbches et des granul\u00e9s. Si vous utilisez du bois, optez pour la m\u00e9thode traditionnelle ...","robots":{"index":"index","follow":"follow","max-snippet":"max-snippet:-1","max-image-preview":"max-image-preview:large","max-video-preview":"max-video-preview:-1"},"canonical":"https:\/\/magiedufeu.ch\/fr\/produit\/poele-mixte-paro-rika-avec-pierre-ollaire\/","og_locale":"fr_FR","og_type":"article","og_title":"Po\u00eale mixte PARO RIKA boitier noir avec Pierre Ollaire - Mosoni-Vuissoz Magie du Feu","og_description":"Gr\u00e2ce \u00e0 la polyvalence de ce po\u00eale, vous pouvez choisir entre des b\u00fbches et des granul\u00e9s. Si vous utilisez du bois, optez pour la m\u00e9thode traditionnelle ...","og_url":"https:\/\/magiedufeu.ch\/fr\/produit\/poele-mixte-paro-rika-avec-pierre-ollaire\/","og_site_name":"Mosoni-Vuissoz Magie du Feu","article_publisher":"https:\/\/www.facebook.com\/magiedufeu.mdf\/","article_modified_time":"2025-12-04T13:49:32+00:00","og_image":[{"width":1080,"height":1080,"url":"https:\/\/magiedufeu.ch\/wp-content\/uploads\/2000\/01\/Design-sans-titre-_47_.webp?wsr","type":"image\/webp"}],"twitter_card":"summary_large_image","twitter_misc":{"Dur\u00e9e de lecture estim\u00e9e":"2 minutes"},"schema":{"@context":"https:\/\/schema.org","@graph":[{"@type":"WebPage","@id":"https:\/\/magiedufeu.ch\/fr\/produit\/poele-mixte-paro-rika-avec-pierre-ollaire\/","url":"https:\/\/magiedufeu.ch\/fr\/produit\/poele-mixte-paro-rika-avec-pierre-ollaire\/","name":"Po\u00eale mixte PARO RIKA boitier noir avec Pierre Ollaire - Mosoni-Vuissoz Magie du Feu","isPartOf":{"@id":"https:\/\/magiedufeu.ch\/#website"},"primaryImageOfPage":{"@id":"https:\/\/magiedufeu.ch\/fr\/produit\/poele-mixte-paro-rika-avec-pierre-ollaire\/#primaryimage"},"image":{"@id":"https:\/\/magiedufeu.ch\/fr\/produit\/poele-mixte-paro-rika-avec-pierre-ollaire\/#primaryimage"},"thumbnailUrl":"https:\/\/magiedufeu.ch\/wp-content\/uploads\/2000\/01\/Design-sans-titre-_47_.webp?wsr","datePublished":"2000-01-01T00:00:00+00:00","dateModified":"2025-12-04T13:49:32+00:00","description":"Gr\u00e2ce \u00e0 la polyvalence de ce po\u00eale, vous pouvez choisir entre des b\u00fbches et des granul\u00e9s. Si vous utilisez du bois, optez pour la m\u00e9thode traditionnelle ...","breadcrumb":{"@id":"https:\/\/magiedufeu.ch\/fr\/produit\/poele-mixte-paro-rika-avec-pierre-ollaire\/#breadcrumb"},"inLanguage":"fr-FR","potentialAction":[{"@type":"ReadAction","target":["https:\/\/magiedufeu.ch\/fr\/produit\/poele-mixte-paro-rika-avec-pierre-ollaire\/"]}]},{"@type":"ImageObject","inLanguage":"fr-FR","@id":"https:\/\/magiedufeu.ch\/fr\/produit\/poele-mixte-paro-rika-avec-pierre-ollaire\/#primaryimage","url":"https:\/\/magiedufeu.ch\/wp-content\/uploads\/2000\/01\/Design-sans-titre-_47_.webp?wsr","contentUrl":"https:\/\/magiedufeu.ch\/wp-content\/uploads\/2000\/01\/Design-sans-titre-_47_.webp?wsr","width":1080,"height":1080},{"@type":"BreadcrumbList","@id":"https:\/\/magiedufeu.ch\/fr\/produit\/poele-mixte-paro-rika-avec-pierre-ollaire\/#breadcrumb","itemListElement":[{"@type":"ListItem","position":1,"name":"Accueil","item":"https:\/\/magiedufeu.ch\/"},{"@type":"ListItem","position":2,"name":"Boutique","item":"https:\/\/magiedufeu.ch\/fr\/boutique\/"},{"@type":"ListItem","position":3,"name":"Po\u00eale mixte PARO RIKA boitier noir avec Pierre Ollaire"}]},{"@type":"WebSite","@id":"https:\/\/magiedufeu.ch\/#website","url":"https:\/\/magiedufeu.ch\/","name":"Mosoni-Vuissoz Magie du Feu","description":"","publisher":{"@id":"https:\/\/magiedufeu.ch\/#organization"},"potentialAction":[{"@type":"SearchAction","target":{"@type":"EntryPoint","urlTemplate":"https:\/\/magiedufeu.ch\/?s={search_term_string}"},"query-input":{"@type":"PropertyValueSpecification","valueRequired":true,"valueName":"search_term_string"}}],"inLanguage":"fr-FR"},{"@type":"Organization","@id":"https:\/\/magiedufeu.ch\/#organization","name":"Mosoni-Vuissoz Magie du Feu","url":"https:\/\/magiedufeu.ch\/","logo":{"@type":"ImageObject","inLanguage":"fr-FR","@id":"https:\/\/magiedufeu.ch\/#\/schema\/logo\/image\/","url":"https:\/\/magiedufeu.ch\/wp-content\/uploads\/2021\/06\/Mosoni-Vuissoz-logo-1024x536-1-46d285e0.png","contentUrl":"https:\/\/magiedufeu.ch\/wp-content\/uploads\/2021\/06\/Mosoni-Vuissoz-logo-1024x536-1-46d285e0.png","width":200,"height":105,"caption":"Mosoni-Vuissoz Magie du Feu"},"image":{"@id":"https:\/\/magiedufeu.ch\/#\/schema\/logo\/image\/"},"sameAs":["https:\/\/www.facebook.com\/magiedufeu.mdf\/"]}]}},"_links":{"self":[{"href":"https:\/\/magiedufeu.ch\/fr\/wp-json\/wp\/v2\/product\/9697","targetHints":{"allow":["GET"]}}],"collection":[{"href":"https:\/\/magiedufeu.ch\/fr\/wp-json\/wp\/v2\/product"}],"about":[{"href":"https:\/\/magiedufeu.ch\/fr\/wp-json\/wp\/v2\/types\/product"}],"replies":[{"embeddable":true,"href":"https:\/\/magiedufeu.ch\/fr\/wp-json\/wp\/v2\/comments?post=9697"}],"wp:featuredmedia":[{"embeddable":true,"href":"https:\/\/magiedufeu.ch\/fr\/wp-json\/wp\/v2\/media\/12672"}],"wp:attachment":[{"href":"https:\/\/magiedufeu.ch\/fr\/wp-json\/wp\/v2\/media?parent=9697"}],"wp:term":[{"taxonomy":"product_cat","embeddable":true,"href":"https:\/\/magiedufeu.ch\/fr\/wp-json\/wp\/v2\/product_cat?post=9697"},{"taxonomy":"product_tag","embeddable":true,"href":"https:\/\/magiedufeu.ch\/fr\/wp-json\/wp\/v2\/product_tag?post=9697"}],"curies":[{"name":"wp","href":"https:\/\/api.w.org\/{rel}","templated":true}]}}