{"id":9691,"date":"2000-01-01T00:00:00","date_gmt":"2000-01-01T00:00:00","guid":{"rendered":"https:\/\/magiedufeu.ch\/?post_type=product&#038;p=9691"},"modified":"2025-11-29T10:36:17","modified_gmt":"2025-11-29T10:36:17","slug":"poele-a-pellets-sono-rika-pierre-blanche","status":"publish","type":"product","link":"https:\/\/magiedufeu.ch\/fr\/produit\/poele-a-pellets-sono-rika-pierre-blanche\/","title":{"rendered":"Po\u00eale \u00e0 pellets SONO RIKA avec Pierre Blanche"},"content":{"rendered":"<h2>Pourquoi choisir le po\u00eale \u00e0 pellets Sono Rika ?<\/h2>\n<p>Gr\u00e2ce \u00e0 son bo\u00eetier peu encombrant et \u00e0 son design lin\u00e9aire, il s&#8217;int\u00e8gre parfaitement dans un int\u00e9rieur moderne. Plac\u00e9 au centre du salon et entour\u00e9 de formes sobres et minimalistes, le SONO joue un r\u00f4le important. Discret mais unique, il d\u00e9gage chaleur et confort.<\/p>\n<h2>Les avantages du po\u00eale \u00e0 pellets Sono :<\/h2>\n<p>Gr\u00e2ce au moteur \u00e0 vis sans fin \u00e0 r\u00e9glage continu (utilis\u00e9 dans tous les po\u00eales \u00e0 pellets, po\u00eales mixtes et inserts de chemin\u00e9e RIKA), le bruit rythmique des po\u00eales \u00e0 pellets traditionnels est \u00e9limin\u00e9. Le recyclage des gaz d&#8217;\u00e9chappement (EGR \u2013 Exhaust Gas Recirculation) contribue \u00e0 un fonctionnement plus stable : il assure une flamme r\u00e9guli\u00e8re, moins de bruits d&#8217;air et une vitre propre plus longtemps. En m\u00eame temps, la dur\u00e9e de vie de l&#8217;installation est prolong\u00e9e, tandis que le rendement augmente et les \u00e9missions diminuent. Ce po\u00eale dispose d&#8217;un \u00e9cran tactile tr\u00e8s facile \u00e0 utiliser, qui vous permet de programmer vos temps de chauffage en toute s\u00e9curit\u00e9.<\/p>\n<h3>Caract\u00e9ristiques principales du produit :<\/h3>\n<p>Hauteur : 1051 mm<\/p>\n<p>Largeur : 694 mm<\/p>\n<p>Profondeur : 390 mm<\/p>\n<p>Poids : 180 kg<\/p>\n<p>&nbsp;<\/p>\n<p><strong><a href=\"https:\/\/magiedufeu.ch\/wp-content\/uploads\/2000\/01\/DATENBLATT.SONO-RAO.pdf\">FICHE TECHNIQUE.SONO<\/a><\/strong><\/p>\n","protected":false},"excerpt":{"rendered":"<p>Hauteur : 1051 mm<\/p>\n<p>&nbsp;<\/p>\n<p>Largeur : 694 mm<\/p>\n<p>&nbsp;<\/p>\n<p>Profondeur : 390 mm<\/p>\n<p>&nbsp;<\/p>\n<p>Poids : 180 kg<\/p>\n<p>&nbsp;<\/p>\n","protected":false},"featured_media":12676,"comment_status":"closed","ping_status":"closed","template":"","meta":[],"product_cat":[213,207],"product_tag":[519,454,503,500,518],"class_list":{"0":"post-9691","1":"product","2":"type-product","3":"status-publish","4":"has-post-thumbnail","6":"product_cat-pellets-fr-2","7":"product_cat-poeles","8":"product_tag-elegant","9":"product_tag-performant","10":"product_tag-pierre-blanche","11":"product_tag-poele-a-pellets","12":"product_tag-rika-sono-rao","14":"first","15":"instock","16":"taxable","17":"shipping-taxable","18":"purchasable","19":"product-type-simple"},"yoast_head":"<!-- This site is optimized with the Yoast SEO plugin v23.7 - https:\/\/yoast.com\/wordpress\/plugins\/seo\/ -->\n<title>Po\u00eale \u00e0 pellets SONO RIKA avec Pierre Blanche - Mosoni-Vuissoz Magie du Feu<\/title>\n<meta name=\"description\" content=\"Gr\u00e2ce \u00e0 son bo\u00eetier peu encombrant et \u00e0 son design lin\u00e9aire, il s&#039;int\u00e8gre parfaitement dans un int\u00e9rieur moderne. Plac\u00e9 au centre du salon et entour\u00e9 ...\" \/>\n<meta name=\"robots\" content=\"index, follow, max-snippet:-1, max-image-preview:large, max-video-preview:-1\" \/>\n<link rel=\"canonical\" href=\"https:\/\/magiedufeu.ch\/fr\/produit\/poele-a-pellets-sono-rika-pierre-blanche\/\" \/>\n<meta property=\"og:locale\" content=\"fr_FR\" \/>\n<meta property=\"og:type\" content=\"article\" \/>\n<meta property=\"og:title\" content=\"Po\u00eale \u00e0 pellets SONO RIKA avec Pierre Blanche - Mosoni-Vuissoz Magie du Feu\" \/>\n<meta property=\"og:description\" content=\"Gr\u00e2ce \u00e0 son bo\u00eetier peu encombrant et \u00e0 son design lin\u00e9aire, il s&#039;int\u00e8gre parfaitement dans un int\u00e9rieur moderne. Plac\u00e9 au centre du salon et entour\u00e9 ...\" \/>\n<meta property=\"og:url\" content=\"https:\/\/magiedufeu.ch\/fr\/produit\/poele-a-pellets-sono-rika-pierre-blanche\/\" \/>\n<meta property=\"og:site_name\" content=\"Mosoni-Vuissoz Magie du Feu\" \/>\n<meta property=\"article:publisher\" content=\"https:\/\/www.facebook.com\/magiedufeu.mdf\/\" \/>\n<meta property=\"article:modified_time\" content=\"2025-11-29T10:36:17+00:00\" \/>\n<meta property=\"og:image\" content=\"https:\/\/magiedufeu.ch\/wp-content\/uploads\/2000\/01\/Design-sans-titre-_49_.webp?wsr\" \/>\n\t<meta property=\"og:image:width\" content=\"1080\" \/>\n\t<meta property=\"og:image:height\" content=\"1080\" \/>\n\t<meta property=\"og:image:type\" content=\"image\/webp\" \/>\n<meta name=\"twitter:card\" content=\"summary_large_image\" \/>\n<meta name=\"twitter:label1\" content=\"Dur\u00e9e de lecture estim\u00e9e\" \/>\n\t<meta name=\"twitter:data1\" content=\"2 minutes\" \/>\n<script type=\"application\/ld+json\" class=\"yoast-schema-graph\">{\"@context\":\"https:\/\/schema.org\",\"@graph\":[{\"@type\":\"WebPage\",\"@id\":\"https:\/\/magiedufeu.ch\/fr\/produit\/poele-a-pellets-sono-rika-pierre-blanche\/\",\"url\":\"https:\/\/magiedufeu.ch\/fr\/produit\/poele-a-pellets-sono-rika-pierre-blanche\/\",\"name\":\"Po\u00eale \u00e0 pellets SONO RIKA avec Pierre Blanche - Mosoni-Vuissoz Magie du Feu\",\"isPartOf\":{\"@id\":\"https:\/\/magiedufeu.ch\/#website\"},\"primaryImageOfPage\":{\"@id\":\"https:\/\/magiedufeu.ch\/fr\/produit\/poele-a-pellets-sono-rika-pierre-blanche\/#primaryimage\"},\"image\":{\"@id\":\"https:\/\/magiedufeu.ch\/fr\/produit\/poele-a-pellets-sono-rika-pierre-blanche\/#primaryimage\"},\"thumbnailUrl\":\"https:\/\/magiedufeu.ch\/wp-content\/uploads\/2000\/01\/Design-sans-titre-_49_.webp?wsr\",\"datePublished\":\"2000-01-01T00:00:00+00:00\",\"dateModified\":\"2025-11-29T10:36:17+00:00\",\"description\":\"Gr\u00e2ce \u00e0 son bo\u00eetier peu encombrant et \u00e0 son design lin\u00e9aire, il s'int\u00e8gre parfaitement dans un int\u00e9rieur moderne. Plac\u00e9 au centre du salon et entour\u00e9 ...\",\"breadcrumb\":{\"@id\":\"https:\/\/magiedufeu.ch\/fr\/produit\/poele-a-pellets-sono-rika-pierre-blanche\/#breadcrumb\"},\"inLanguage\":\"fr-FR\",\"potentialAction\":[{\"@type\":\"ReadAction\",\"target\":[\"https:\/\/magiedufeu.ch\/fr\/produit\/poele-a-pellets-sono-rika-pierre-blanche\/\"]}]},{\"@type\":\"ImageObject\",\"inLanguage\":\"fr-FR\",\"@id\":\"https:\/\/magiedufeu.ch\/fr\/produit\/poele-a-pellets-sono-rika-pierre-blanche\/#primaryimage\",\"url\":\"https:\/\/magiedufeu.ch\/wp-content\/uploads\/2000\/01\/Design-sans-titre-_49_.webp?wsr\",\"contentUrl\":\"https:\/\/magiedufeu.ch\/wp-content\/uploads\/2000\/01\/Design-sans-titre-_49_.webp?wsr\",\"width\":1080,\"height\":1080},{\"@type\":\"BreadcrumbList\",\"@id\":\"https:\/\/magiedufeu.ch\/fr\/produit\/poele-a-pellets-sono-rika-pierre-blanche\/#breadcrumb\",\"itemListElement\":[{\"@type\":\"ListItem\",\"position\":1,\"name\":\"Accueil\",\"item\":\"https:\/\/magiedufeu.ch\/\"},{\"@type\":\"ListItem\",\"position\":2,\"name\":\"Boutique\",\"item\":\"https:\/\/magiedufeu.ch\/fr\/boutique\/\"},{\"@type\":\"ListItem\",\"position\":3,\"name\":\"Po\u00eale \u00e0 pellets SONO RIKA avec Pierre Blanche\"}]},{\"@type\":\"WebSite\",\"@id\":\"https:\/\/magiedufeu.ch\/#website\",\"url\":\"https:\/\/magiedufeu.ch\/\",\"name\":\"Mosoni-Vuissoz Magie du Feu\",\"description\":\"\",\"publisher\":{\"@id\":\"https:\/\/magiedufeu.ch\/#organization\"},\"potentialAction\":[{\"@type\":\"SearchAction\",\"target\":{\"@type\":\"EntryPoint\",\"urlTemplate\":\"https:\/\/magiedufeu.ch\/?s={search_term_string}\"},\"query-input\":{\"@type\":\"PropertyValueSpecification\",\"valueRequired\":true,\"valueName\":\"search_term_string\"}}],\"inLanguage\":\"fr-FR\"},{\"@type\":\"Organization\",\"@id\":\"https:\/\/magiedufeu.ch\/#organization\",\"name\":\"Mosoni-Vuissoz Magie du Feu\",\"url\":\"https:\/\/magiedufeu.ch\/\",\"logo\":{\"@type\":\"ImageObject\",\"inLanguage\":\"fr-FR\",\"@id\":\"https:\/\/magiedufeu.ch\/#\/schema\/logo\/image\/\",\"url\":\"https:\/\/magiedufeu.ch\/wp-content\/uploads\/2021\/06\/Mosoni-Vuissoz-logo-1024x536-1-46d285e0.png\",\"contentUrl\":\"https:\/\/magiedufeu.ch\/wp-content\/uploads\/2021\/06\/Mosoni-Vuissoz-logo-1024x536-1-46d285e0.png\",\"width\":200,\"height\":105,\"caption\":\"Mosoni-Vuissoz Magie du Feu\"},\"image\":{\"@id\":\"https:\/\/magiedufeu.ch\/#\/schema\/logo\/image\/\"},\"sameAs\":[\"https:\/\/www.facebook.com\/magiedufeu.mdf\/\"]}]}<\/script>\n<!-- \/ Yoast SEO plugin. -->","yoast_head_json":{"title":"Po\u00eale \u00e0 pellets SONO RIKA avec Pierre Blanche - Mosoni-Vuissoz Magie du Feu","description":"Gr\u00e2ce \u00e0 son bo\u00eetier peu encombrant et \u00e0 son design lin\u00e9aire, il s'int\u00e8gre parfaitement dans un int\u00e9rieur moderne. Plac\u00e9 au centre du salon et entour\u00e9 ...","robots":{"index":"index","follow":"follow","max-snippet":"max-snippet:-1","max-image-preview":"max-image-preview:large","max-video-preview":"max-video-preview:-1"},"canonical":"https:\/\/magiedufeu.ch\/fr\/produit\/poele-a-pellets-sono-rika-pierre-blanche\/","og_locale":"fr_FR","og_type":"article","og_title":"Po\u00eale \u00e0 pellets SONO RIKA avec Pierre Blanche - Mosoni-Vuissoz Magie du Feu","og_description":"Gr\u00e2ce \u00e0 son bo\u00eetier peu encombrant et \u00e0 son design lin\u00e9aire, il s'int\u00e8gre parfaitement dans un int\u00e9rieur moderne. Plac\u00e9 au centre du salon et entour\u00e9 ...","og_url":"https:\/\/magiedufeu.ch\/fr\/produit\/poele-a-pellets-sono-rika-pierre-blanche\/","og_site_name":"Mosoni-Vuissoz Magie du Feu","article_publisher":"https:\/\/www.facebook.com\/magiedufeu.mdf\/","article_modified_time":"2025-11-29T10:36:17+00:00","og_image":[{"width":1080,"height":1080,"url":"https:\/\/magiedufeu.ch\/wp-content\/uploads\/2000\/01\/Design-sans-titre-_49_.webp?wsr","type":"image\/webp"}],"twitter_card":"summary_large_image","twitter_misc":{"Dur\u00e9e de lecture estim\u00e9e":"2 minutes"},"schema":{"@context":"https:\/\/schema.org","@graph":[{"@type":"WebPage","@id":"https:\/\/magiedufeu.ch\/fr\/produit\/poele-a-pellets-sono-rika-pierre-blanche\/","url":"https:\/\/magiedufeu.ch\/fr\/produit\/poele-a-pellets-sono-rika-pierre-blanche\/","name":"Po\u00eale \u00e0 pellets SONO RIKA avec Pierre Blanche - Mosoni-Vuissoz Magie du Feu","isPartOf":{"@id":"https:\/\/magiedufeu.ch\/#website"},"primaryImageOfPage":{"@id":"https:\/\/magiedufeu.ch\/fr\/produit\/poele-a-pellets-sono-rika-pierre-blanche\/#primaryimage"},"image":{"@id":"https:\/\/magiedufeu.ch\/fr\/produit\/poele-a-pellets-sono-rika-pierre-blanche\/#primaryimage"},"thumbnailUrl":"https:\/\/magiedufeu.ch\/wp-content\/uploads\/2000\/01\/Design-sans-titre-_49_.webp?wsr","datePublished":"2000-01-01T00:00:00+00:00","dateModified":"2025-11-29T10:36:17+00:00","description":"Gr\u00e2ce \u00e0 son bo\u00eetier peu encombrant et \u00e0 son design lin\u00e9aire, il s'int\u00e8gre parfaitement dans un int\u00e9rieur moderne. Plac\u00e9 au centre du salon et entour\u00e9 ...","breadcrumb":{"@id":"https:\/\/magiedufeu.ch\/fr\/produit\/poele-a-pellets-sono-rika-pierre-blanche\/#breadcrumb"},"inLanguage":"fr-FR","potentialAction":[{"@type":"ReadAction","target":["https:\/\/magiedufeu.ch\/fr\/produit\/poele-a-pellets-sono-rika-pierre-blanche\/"]}]},{"@type":"ImageObject","inLanguage":"fr-FR","@id":"https:\/\/magiedufeu.ch\/fr\/produit\/poele-a-pellets-sono-rika-pierre-blanche\/#primaryimage","url":"https:\/\/magiedufeu.ch\/wp-content\/uploads\/2000\/01\/Design-sans-titre-_49_.webp?wsr","contentUrl":"https:\/\/magiedufeu.ch\/wp-content\/uploads\/2000\/01\/Design-sans-titre-_49_.webp?wsr","width":1080,"height":1080},{"@type":"BreadcrumbList","@id":"https:\/\/magiedufeu.ch\/fr\/produit\/poele-a-pellets-sono-rika-pierre-blanche\/#breadcrumb","itemListElement":[{"@type":"ListItem","position":1,"name":"Accueil","item":"https:\/\/magiedufeu.ch\/"},{"@type":"ListItem","position":2,"name":"Boutique","item":"https:\/\/magiedufeu.ch\/fr\/boutique\/"},{"@type":"ListItem","position":3,"name":"Po\u00eale \u00e0 pellets SONO RIKA avec Pierre Blanche"}]},{"@type":"WebSite","@id":"https:\/\/magiedufeu.ch\/#website","url":"https:\/\/magiedufeu.ch\/","name":"Mosoni-Vuissoz Magie du Feu","description":"","publisher":{"@id":"https:\/\/magiedufeu.ch\/#organization"},"potentialAction":[{"@type":"SearchAction","target":{"@type":"EntryPoint","urlTemplate":"https:\/\/magiedufeu.ch\/?s={search_term_string}"},"query-input":{"@type":"PropertyValueSpecification","valueRequired":true,"valueName":"search_term_string"}}],"inLanguage":"fr-FR"},{"@type":"Organization","@id":"https:\/\/magiedufeu.ch\/#organization","name":"Mosoni-Vuissoz Magie du Feu","url":"https:\/\/magiedufeu.ch\/","logo":{"@type":"ImageObject","inLanguage":"fr-FR","@id":"https:\/\/magiedufeu.ch\/#\/schema\/logo\/image\/","url":"https:\/\/magiedufeu.ch\/wp-content\/uploads\/2021\/06\/Mosoni-Vuissoz-logo-1024x536-1-46d285e0.png","contentUrl":"https:\/\/magiedufeu.ch\/wp-content\/uploads\/2021\/06\/Mosoni-Vuissoz-logo-1024x536-1-46d285e0.png","width":200,"height":105,"caption":"Mosoni-Vuissoz Magie du Feu"},"image":{"@id":"https:\/\/magiedufeu.ch\/#\/schema\/logo\/image\/"},"sameAs":["https:\/\/www.facebook.com\/magiedufeu.mdf\/"]}]}},"_links":{"self":[{"href":"https:\/\/magiedufeu.ch\/fr\/wp-json\/wp\/v2\/product\/9691","targetHints":{"allow":["GET"]}}],"collection":[{"href":"https:\/\/magiedufeu.ch\/fr\/wp-json\/wp\/v2\/product"}],"about":[{"href":"https:\/\/magiedufeu.ch\/fr\/wp-json\/wp\/v2\/types\/product"}],"replies":[{"embeddable":true,"href":"https:\/\/magiedufeu.ch\/fr\/wp-json\/wp\/v2\/comments?post=9691"}],"wp:featuredmedia":[{"embeddable":true,"href":"https:\/\/magiedufeu.ch\/fr\/wp-json\/wp\/v2\/media\/12676"}],"wp:attachment":[{"href":"https:\/\/magiedufeu.ch\/fr\/wp-json\/wp\/v2\/media?parent=9691"}],"wp:term":[{"taxonomy":"product_cat","embeddable":true,"href":"https:\/\/magiedufeu.ch\/fr\/wp-json\/wp\/v2\/product_cat?post=9691"},{"taxonomy":"product_tag","embeddable":true,"href":"https:\/\/magiedufeu.ch\/fr\/wp-json\/wp\/v2\/product_tag?post=9691"}],"curies":[{"name":"wp","href":"https:\/\/api.w.org\/{rel}","templated":true}]}}