{"id":9685,"date":"2000-01-01T00:00:00","date_gmt":"2000-01-01T00:00:00","guid":{"rendered":"https:\/\/magiedufeu.ch\/?post_type=product&#038;p=9685"},"modified":"2024-11-07T13:39:27","modified_gmt":"2024-11-07T13:39:27","slug":"rika-poele-a-pellets-primo-rao-noir","status":"publish","type":"product","link":"https:\/\/magiedufeu.ch\/fr\/produit\/rika-poele-a-pellets-primo-rao-noir\/","title":{"rendered":"RIKA PO\u00caLE A PELLETS PRIMO RAO NOIR"},"content":{"rendered":"<p>PRIMO est synonyme de retenue sympathique sans compromis sur la qualit\u00e9 et l&#8217;\u00e9tendue des fonctions. Disponible en deux tailles, le po\u00eale \u00e0 pellets PRIMO montre tout ce dont il est capable : En tant que variante de 6 KW, il est con\u00e7u pour les petites pi\u00e8ces d&#8217;habitation et avec une puissance de chauffage de 8 KW, PRIMO chauffe facilement les grandes pi\u00e8ces. La capacit\u00e9 du r\u00e9servoir \u00e0 pellets et la hauteur du po\u00eale varient \u00e9galement en fonction de la puissance thermique. En tant que mod\u00e8le Multiair, PRIMO assure m\u00eame une chaleur bienfaisante jusqu&#8217;\u00e0 deux autres pi\u00e8ces.<\/p>\n<p>&nbsp;<\/p>\n<p>Hauteur : 1095 mm<\/p>\n<p>Largeur : 496 mm<\/p>\n<p>Profondeur : 520 mm<\/p>\n<p>Puissance calorifique nominale : 8 kW<\/p>\n<p>Puissance Multiair en kW : 0,6-0,4 kW<\/p>\n<p>Capacit\u00e9 du r\u00e9servoir \u00e0 pellets : 35\/23 l\/kg<\/p>\n<p>&nbsp;<\/p>\n<p><strong><a href=\"https:\/\/magiedufeu.ch\/wp-content\/uploads\/2000\/01\/DATENBLATT.PRIMO-RAO.pdf\">DESSIN TECHNIQUE.PRIMO RAO<\/a><\/strong><\/p>\n<p>&nbsp;<\/p>\n<p>&nbsp;<\/p>\n<p>&nbsp;<\/p>\n","protected":false},"excerpt":{"rendered":"<p>Hauteur : 1095 mm<\/p>\n<p>&nbsp;<\/p>\n<p>Largeur : 496 mm<\/p>\n<p>&nbsp;<\/p>\n<p>Profondeur : 520 mm<\/p>\n<p>&nbsp;<\/p>\n<p>Puissance calorifique nominale : 8 kW<\/p>\n<p>&nbsp;<\/p>\n<p>Puissance Multiair en kW : 0,6-0,4 kW<\/p>\n<p>&nbsp;<\/p>\n<p>Capacit\u00e9 du r\u00e9servoir \u00e0 pellets : 35\/23 l\/kg<\/p>\n<p>&nbsp;<\/p>\n","protected":false},"featured_media":11744,"comment_status":"closed","ping_status":"closed","template":"","meta":[],"product_cat":[213,207],"product_tag":[3344,568,3341,3343,502,499,504],"class_list":{"0":"post-9685","1":"product","2":"type-product","3":"status-publish","4":"has-post-thumbnail","6":"product_cat-pellets-fr-2","7":"product_cat-poeles","8":"product_tag-8kw","9":"product_tag-noir","10":"product_tag-poele-a-pellet","11":"product_tag-primo","12":"product_tag-rao","13":"product_tag-rika","14":"product_tag-sortie-dessus","16":"first","17":"instock","18":"taxable","19":"shipping-taxable","20":"purchasable","21":"product-type-simple"},"yoast_head":"<!-- This site is optimized with the Yoast SEO plugin v23.7 - https:\/\/yoast.com\/wordpress\/plugins\/seo\/ -->\n<title>RIKA PO\u00caLE A PELLETS PRIMO RAO NOIR - Mosoni-Vuissoz Magie du Feu<\/title>\n<meta name=\"robots\" content=\"index, follow, max-snippet:-1, max-image-preview:large, max-video-preview:-1\" \/>\n<link rel=\"canonical\" href=\"https:\/\/magiedufeu.ch\/fr\/produit\/rika-poele-a-pellets-primo-rao-noir\/\" \/>\n<meta property=\"og:locale\" content=\"fr_FR\" \/>\n<meta property=\"og:type\" content=\"article\" \/>\n<meta property=\"og:title\" content=\"RIKA PO\u00caLE A PELLETS PRIMO RAO NOIR - Mosoni-Vuissoz Magie du Feu\" \/>\n<meta property=\"og:description\" content=\"Hauteur : 1095 mm  &nbsp;  Largeur : 496 mm  &nbsp;  Profondeur : 520 mm  &nbsp;  Puissance calorifique nominale : 8 kW  &nbsp;  Puissance Multiair en kW : 0,6-0,4 kW  &nbsp;  Capacit\u00e9 du r\u00e9servoir \u00e0 pellets : 35\/23 l\/kg  &nbsp;\" \/>\n<meta property=\"og:url\" content=\"https:\/\/magiedufeu.ch\/fr\/produit\/rika-poele-a-pellets-primo-rao-noir\/\" \/>\n<meta property=\"og:site_name\" content=\"Mosoni-Vuissoz Magie du Feu\" \/>\n<meta property=\"article:publisher\" content=\"https:\/\/www.facebook.com\/magiedufeu.mdf\/\" \/>\n<meta property=\"article:modified_time\" content=\"2024-11-07T13:39:27+00:00\" \/>\n<meta property=\"og:image\" content=\"https:\/\/magiedufeu.ch\/wp-content\/uploads\/2000\/01\/Design-sans-titre-53.png?wsr\" \/>\n\t<meta property=\"og:image:width\" content=\"1080\" \/>\n\t<meta property=\"og:image:height\" content=\"1080\" \/>\n\t<meta property=\"og:image:type\" content=\"image\/png\" \/>\n<meta name=\"twitter:card\" content=\"summary_large_image\" \/>\n<meta name=\"twitter:label1\" content=\"Dur\u00e9e de lecture estim\u00e9e\" \/>\n\t<meta name=\"twitter:data1\" content=\"1 minute\" \/>\n<script type=\"application\/ld+json\" class=\"yoast-schema-graph\">{\"@context\":\"https:\/\/schema.org\",\"@graph\":[{\"@type\":\"WebPage\",\"@id\":\"https:\/\/magiedufeu.ch\/fr\/produit\/rika-poele-a-pellets-primo-rao-noir\/\",\"url\":\"https:\/\/magiedufeu.ch\/fr\/produit\/rika-poele-a-pellets-primo-rao-noir\/\",\"name\":\"RIKA PO\u00caLE A PELLETS PRIMO RAO NOIR - Mosoni-Vuissoz Magie du Feu\",\"isPartOf\":{\"@id\":\"https:\/\/magiedufeu.ch\/#website\"},\"primaryImageOfPage\":{\"@id\":\"https:\/\/magiedufeu.ch\/fr\/produit\/rika-poele-a-pellets-primo-rao-noir\/#primaryimage\"},\"image\":{\"@id\":\"https:\/\/magiedufeu.ch\/fr\/produit\/rika-poele-a-pellets-primo-rao-noir\/#primaryimage\"},\"thumbnailUrl\":\"https:\/\/magiedufeu.ch\/wp-content\/uploads\/2000\/01\/Design-sans-titre-53.png?wsr\",\"datePublished\":\"2000-01-01T00:00:00+00:00\",\"dateModified\":\"2024-11-07T13:39:27+00:00\",\"breadcrumb\":{\"@id\":\"https:\/\/magiedufeu.ch\/fr\/produit\/rika-poele-a-pellets-primo-rao-noir\/#breadcrumb\"},\"inLanguage\":\"fr-FR\",\"potentialAction\":[{\"@type\":\"ReadAction\",\"target\":[\"https:\/\/magiedufeu.ch\/fr\/produit\/rika-poele-a-pellets-primo-rao-noir\/\"]}]},{\"@type\":\"ImageObject\",\"inLanguage\":\"fr-FR\",\"@id\":\"https:\/\/magiedufeu.ch\/fr\/produit\/rika-poele-a-pellets-primo-rao-noir\/#primaryimage\",\"url\":\"https:\/\/magiedufeu.ch\/wp-content\/uploads\/2000\/01\/Design-sans-titre-53.png?wsr\",\"contentUrl\":\"https:\/\/magiedufeu.ch\/wp-content\/uploads\/2000\/01\/Design-sans-titre-53.png?wsr\",\"width\":1080,\"height\":1080},{\"@type\":\"BreadcrumbList\",\"@id\":\"https:\/\/magiedufeu.ch\/fr\/produit\/rika-poele-a-pellets-primo-rao-noir\/#breadcrumb\",\"itemListElement\":[{\"@type\":\"ListItem\",\"position\":1,\"name\":\"Accueil\",\"item\":\"https:\/\/magiedufeu.ch\/\"},{\"@type\":\"ListItem\",\"position\":2,\"name\":\"Boutique\",\"item\":\"https:\/\/magiedufeu.ch\/fr\/boutique\/\"},{\"@type\":\"ListItem\",\"position\":3,\"name\":\"RIKA PO\u00caLE A PELLETS PRIMO RAO NOIR\"}]},{\"@type\":\"WebSite\",\"@id\":\"https:\/\/magiedufeu.ch\/#website\",\"url\":\"https:\/\/magiedufeu.ch\/\",\"name\":\"Mosoni-Vuissoz Magie du Feu\",\"description\":\"\",\"publisher\":{\"@id\":\"https:\/\/magiedufeu.ch\/#organization\"},\"potentialAction\":[{\"@type\":\"SearchAction\",\"target\":{\"@type\":\"EntryPoint\",\"urlTemplate\":\"https:\/\/magiedufeu.ch\/?s={search_term_string}\"},\"query-input\":{\"@type\":\"PropertyValueSpecification\",\"valueRequired\":true,\"valueName\":\"search_term_string\"}}],\"inLanguage\":\"fr-FR\"},{\"@type\":\"Organization\",\"@id\":\"https:\/\/magiedufeu.ch\/#organization\",\"name\":\"Mosoni-Vuissoz Magie du Feu\",\"url\":\"https:\/\/magiedufeu.ch\/\",\"logo\":{\"@type\":\"ImageObject\",\"inLanguage\":\"fr-FR\",\"@id\":\"https:\/\/magiedufeu.ch\/#\/schema\/logo\/image\/\",\"url\":\"https:\/\/magiedufeu.ch\/wp-content\/uploads\/2021\/06\/Mosoni-Vuissoz-logo-1024x536-1-46d285e0.png\",\"contentUrl\":\"https:\/\/magiedufeu.ch\/wp-content\/uploads\/2021\/06\/Mosoni-Vuissoz-logo-1024x536-1-46d285e0.png\",\"width\":200,\"height\":105,\"caption\":\"Mosoni-Vuissoz Magie du Feu\"},\"image\":{\"@id\":\"https:\/\/magiedufeu.ch\/#\/schema\/logo\/image\/\"},\"sameAs\":[\"https:\/\/www.facebook.com\/magiedufeu.mdf\/\"]}]}<\/script>\n<!-- \/ Yoast SEO plugin. -->","yoast_head_json":{"title":"RIKA PO\u00caLE A PELLETS PRIMO RAO NOIR - Mosoni-Vuissoz Magie du Feu","robots":{"index":"index","follow":"follow","max-snippet":"max-snippet:-1","max-image-preview":"max-image-preview:large","max-video-preview":"max-video-preview:-1"},"canonical":"https:\/\/magiedufeu.ch\/fr\/produit\/rika-poele-a-pellets-primo-rao-noir\/","og_locale":"fr_FR","og_type":"article","og_title":"RIKA PO\u00caLE A PELLETS PRIMO RAO NOIR - Mosoni-Vuissoz Magie du Feu","og_description":"Hauteur : 1095 mm  &nbsp;  Largeur : 496 mm  &nbsp;  Profondeur : 520 mm  &nbsp;  Puissance calorifique nominale : 8 kW  &nbsp;  Puissance Multiair en kW : 0,6-0,4 kW  &nbsp;  Capacit\u00e9 du r\u00e9servoir \u00e0 pellets : 35\/23 l\/kg  &nbsp;","og_url":"https:\/\/magiedufeu.ch\/fr\/produit\/rika-poele-a-pellets-primo-rao-noir\/","og_site_name":"Mosoni-Vuissoz Magie du Feu","article_publisher":"https:\/\/www.facebook.com\/magiedufeu.mdf\/","article_modified_time":"2024-11-07T13:39:27+00:00","og_image":[{"width":1080,"height":1080,"url":"https:\/\/magiedufeu.ch\/wp-content\/uploads\/2000\/01\/Design-sans-titre-53.png?wsr","type":"image\/png"}],"twitter_card":"summary_large_image","twitter_misc":{"Dur\u00e9e de lecture estim\u00e9e":"1 minute"},"schema":{"@context":"https:\/\/schema.org","@graph":[{"@type":"WebPage","@id":"https:\/\/magiedufeu.ch\/fr\/produit\/rika-poele-a-pellets-primo-rao-noir\/","url":"https:\/\/magiedufeu.ch\/fr\/produit\/rika-poele-a-pellets-primo-rao-noir\/","name":"RIKA PO\u00caLE A PELLETS PRIMO RAO NOIR - Mosoni-Vuissoz Magie du Feu","isPartOf":{"@id":"https:\/\/magiedufeu.ch\/#website"},"primaryImageOfPage":{"@id":"https:\/\/magiedufeu.ch\/fr\/produit\/rika-poele-a-pellets-primo-rao-noir\/#primaryimage"},"image":{"@id":"https:\/\/magiedufeu.ch\/fr\/produit\/rika-poele-a-pellets-primo-rao-noir\/#primaryimage"},"thumbnailUrl":"https:\/\/magiedufeu.ch\/wp-content\/uploads\/2000\/01\/Design-sans-titre-53.png?wsr","datePublished":"2000-01-01T00:00:00+00:00","dateModified":"2024-11-07T13:39:27+00:00","breadcrumb":{"@id":"https:\/\/magiedufeu.ch\/fr\/produit\/rika-poele-a-pellets-primo-rao-noir\/#breadcrumb"},"inLanguage":"fr-FR","potentialAction":[{"@type":"ReadAction","target":["https:\/\/magiedufeu.ch\/fr\/produit\/rika-poele-a-pellets-primo-rao-noir\/"]}]},{"@type":"ImageObject","inLanguage":"fr-FR","@id":"https:\/\/magiedufeu.ch\/fr\/produit\/rika-poele-a-pellets-primo-rao-noir\/#primaryimage","url":"https:\/\/magiedufeu.ch\/wp-content\/uploads\/2000\/01\/Design-sans-titre-53.png?wsr","contentUrl":"https:\/\/magiedufeu.ch\/wp-content\/uploads\/2000\/01\/Design-sans-titre-53.png?wsr","width":1080,"height":1080},{"@type":"BreadcrumbList","@id":"https:\/\/magiedufeu.ch\/fr\/produit\/rika-poele-a-pellets-primo-rao-noir\/#breadcrumb","itemListElement":[{"@type":"ListItem","position":1,"name":"Accueil","item":"https:\/\/magiedufeu.ch\/"},{"@type":"ListItem","position":2,"name":"Boutique","item":"https:\/\/magiedufeu.ch\/fr\/boutique\/"},{"@type":"ListItem","position":3,"name":"RIKA PO\u00caLE A PELLETS PRIMO RAO NOIR"}]},{"@type":"WebSite","@id":"https:\/\/magiedufeu.ch\/#website","url":"https:\/\/magiedufeu.ch\/","name":"Mosoni-Vuissoz Magie du Feu","description":"","publisher":{"@id":"https:\/\/magiedufeu.ch\/#organization"},"potentialAction":[{"@type":"SearchAction","target":{"@type":"EntryPoint","urlTemplate":"https:\/\/magiedufeu.ch\/?s={search_term_string}"},"query-input":{"@type":"PropertyValueSpecification","valueRequired":true,"valueName":"search_term_string"}}],"inLanguage":"fr-FR"},{"@type":"Organization","@id":"https:\/\/magiedufeu.ch\/#organization","name":"Mosoni-Vuissoz Magie du Feu","url":"https:\/\/magiedufeu.ch\/","logo":{"@type":"ImageObject","inLanguage":"fr-FR","@id":"https:\/\/magiedufeu.ch\/#\/schema\/logo\/image\/","url":"https:\/\/magiedufeu.ch\/wp-content\/uploads\/2021\/06\/Mosoni-Vuissoz-logo-1024x536-1-46d285e0.png","contentUrl":"https:\/\/magiedufeu.ch\/wp-content\/uploads\/2021\/06\/Mosoni-Vuissoz-logo-1024x536-1-46d285e0.png","width":200,"height":105,"caption":"Mosoni-Vuissoz Magie du Feu"},"image":{"@id":"https:\/\/magiedufeu.ch\/#\/schema\/logo\/image\/"},"sameAs":["https:\/\/www.facebook.com\/magiedufeu.mdf\/"]}]}},"_links":{"self":[{"href":"https:\/\/magiedufeu.ch\/fr\/wp-json\/wp\/v2\/product\/9685","targetHints":{"allow":["GET"]}}],"collection":[{"href":"https:\/\/magiedufeu.ch\/fr\/wp-json\/wp\/v2\/product"}],"about":[{"href":"https:\/\/magiedufeu.ch\/fr\/wp-json\/wp\/v2\/types\/product"}],"replies":[{"embeddable":true,"href":"https:\/\/magiedufeu.ch\/fr\/wp-json\/wp\/v2\/comments?post=9685"}],"wp:featuredmedia":[{"embeddable":true,"href":"https:\/\/magiedufeu.ch\/fr\/wp-json\/wp\/v2\/media\/11744"}],"wp:attachment":[{"href":"https:\/\/magiedufeu.ch\/fr\/wp-json\/wp\/v2\/media?parent=9685"}],"wp:term":[{"taxonomy":"product_cat","embeddable":true,"href":"https:\/\/magiedufeu.ch\/fr\/wp-json\/wp\/v2\/product_cat?post=9685"},{"taxonomy":"product_tag","embeddable":true,"href":"https:\/\/magiedufeu.ch\/fr\/wp-json\/wp\/v2\/product_tag?post=9685"}],"curies":[{"name":"wp","href":"https:\/\/api.w.org\/{rel}","templated":true}]}}