{"id":9213,"date":"2000-01-01T00:00:00","date_gmt":"2000-01-01T00:00:00","guid":{"rendered":"https:\/\/magiedufeu.ch\/?post_type=product&#038;p=9213"},"modified":"2024-11-07T10:20:56","modified_gmt":"2024-11-07T10:20:56","slug":"magic-fires-ecolympia-s-poele-a-bois-avec-couverture-de-pierre-du-poele","status":"publish","type":"product","link":"https:\/\/magiedufeu.ch\/fr\/produit\/magic-fires-ecolympia-s-poele-a-bois-avec-couverture-de-pierre-du-poele\/","title":{"rendered":"MAGIC FIRES ECOLYMPIA S PO\u00caLE \u00c0 BOIS AVEC COUVERTURE EN PIERRE DU PO\u00caLE"},"content":{"rendered":"<p>Avec des lignes r\u00e9duites et une apparence \u00e9l\u00e9gante, SD OLYMPIA et SD OLYMPIA S est un type de po\u00eale qui allie minimalisme et performance.<br \/>\nMalgr\u00e9 leurs dimensions compactes, SD OLYMPIA et SD OLYMPIA S ne l\u00e9sinent pas sur la puissance. Ce po\u00eale est la solution id\u00e9ale pour les pi\u00e8ces qui n\u00e9cessitent une source de chaleur puissante tout en conservant la finesse du design. La caract\u00e9ristique unique des po\u00eales SD OLYMPIA et SD OLYMPIA S est le petit four et la table de cuisson qui contribuent \u00e0 leurs multiples fonctionnalit\u00e9s. Vous pouvez d\u00e9sormais profiter d&#8217;une chaleur agr\u00e9able tout en pr\u00e9parant de d\u00e9licieux repas. Ce four n&#8217;est pas seulement un appareil de chauffage de la pi\u00e8ce, c&#8217;est aussi le point central du foyer, alliant la beaut\u00e9 du design \u00e0 la praticit\u00e9. Ressentez la chaleur et la fonctionnalit\u00e9 de notre po\u00eale \u00e0 bois. <\/p>\n<p><a href=\"https:\/\/magiedufeu.ch\/wp-content\/uploads\/2000\/01\/OLYMPIA-DIMENSIONS-ALL.pdf\">OLYMPIA D\u00c9TAIL TECHNIQUE + DIMENSIONS<\/a><\/p>\n","protected":false},"excerpt":{"rendered":"<p>Avec des lignes r\u00e9duites et une apparence \u00e9l\u00e9gante, SD OLYMPIA et SD OLYMPIA S est un type de po\u00eale qui allie minimalisme et performance.<br \/>\nMalgr\u00e9 leurs dimensions compactes, SD OLYMPIA et SD OLYMPIA S ne l\u00e9sinent pas sur la puissance. Ce po\u00eale est la solution id\u00e9ale pour les pi\u00e8ces qui n\u00e9cessitent une source de chaleur puissante tout en conservant la finesse du design. La caract\u00e9ristique unique des po\u00eales SD OLYMPIA et SD OLYMPIA S est le petit four et la table de cuisson qui contribuent \u00e0 leurs multiples fonctionnalit\u00e9s. Vous pouvez d\u00e9sormais profiter d&#8217;une chaleur agr\u00e9able tout en pr\u00e9parant de d\u00e9licieux repas. Ce four n&#8217;est pas seulement un appareil de chauffage de la pi\u00e8ce, c&#8217;est aussi le point central du foyer, alliant la beaut\u00e9 du design \u00e0 la praticit\u00e9. Ressentez la chaleur et la fonctionnalit\u00e9 de notre po\u00eale \u00e0 bois. <\/p>\n<p><a href=\"https:\/\/magiedufeu.ch\/wp-content\/uploads\/2000\/01\/OLYMPIA-DIMENSIONS-ALL.pdf\">OLYMPIA D\u00c9TAIL TECHNIQUE + DIMENSIONS<\/a><\/p>\n","protected":false},"featured_media":11055,"comment_status":"closed","ping_status":"closed","template":"","meta":[],"product_cat":[165,166,355],"product_tag":[],"class_list":{"0":"post-9213","1":"product","2":"type-product","3":"status-publish","4":"has-post-thumbnail","6":"product_cat-bois-cuisinieres","7":"product_cat-cuisinieres","8":"product_cat-offres-speciale-startseite","10":"first","11":"instock","12":"taxable","13":"shipping-taxable","14":"purchasable","15":"product-type-simple"},"yoast_head":"<!-- This site is optimized with the Yoast SEO plugin v23.7 - https:\/\/yoast.com\/wordpress\/plugins\/seo\/ -->\n<title>MAGIC FIRES ECOLYMPIA S PO\u00caLE \u00c0 BOIS AVEC COUVERTURE EN PIERRE DU PO\u00caLE - Mosoni-Vuissoz Magie du Feu<\/title>\n<meta name=\"robots\" content=\"index, follow, max-snippet:-1, max-image-preview:large, max-video-preview:-1\" \/>\n<link rel=\"canonical\" href=\"https:\/\/magiedufeu.ch\/fr\/produit\/poele-a-bois-ecolympia-s-avec-revetement-en-pierre-magic-fires\/\" \/>\n<meta property=\"og:locale\" content=\"fr_FR\" \/>\n<meta property=\"og:type\" content=\"article\" \/>\n<meta property=\"og:title\" content=\"MAGIC FIRES ECOLYMPIA S PO\u00caLE \u00c0 BOIS AVEC COUVERTURE EN PIERRE DU PO\u00caLE - Mosoni-Vuissoz Magie du Feu\" \/>\n<meta property=\"og:description\" content=\"Avec des lignes r\u00e9duites et une apparence \u00e9l\u00e9gante, SD OLYMPIA et SD OLYMPIA S est un type de po\u00eale qui allie minimalisme et performance. Malgr\u00e9 leurs dimensions compactes, SD OLYMPIA et SD OLYMPIA S ne l\u00e9sinent pas sur la puissance. Ce po\u00eale est la solution id\u00e9ale pour les pi\u00e8ces qui n\u00e9cessitent une source de chaleur puissante tout en conservant la finesse du design. La caract\u00e9ristique unique des po\u00eales SD OLYMPIA et SD OLYMPIA S est le petit four et la table de cuisson qui contribuent \u00e0 leurs multiples fonctionnalit\u00e9s. Vous pouvez d\u00e9sormais profiter d&#039;une chaleur agr\u00e9able tout en pr\u00e9parant de d\u00e9licieux repas. Ce four n&#039;est pas seulement un appareil de chauffage de la pi\u00e8ce, c&#039;est aussi le point central du foyer, alliant la beaut\u00e9 du design \u00e0 la praticit\u00e9. Ressentez la chaleur et la fonctionnalit\u00e9 de notre po\u00eale \u00e0 bois.    OLYMPIA D\u00c9TAIL TECHNIQUE + DIMENSIONS\" \/>\n<meta property=\"og:url\" content=\"https:\/\/magiedufeu.ch\/fr\/produit\/poele-a-bois-ecolympia-s-avec-revetement-en-pierre-magic-fires\/\" \/>\n<meta property=\"og:site_name\" content=\"Mosoni-Vuissoz Magie du Feu\" \/>\n<meta property=\"article:publisher\" content=\"https:\/\/www.facebook.com\/magiedufeu.mdf\/\" \/>\n<meta property=\"article:modified_time\" content=\"2024-11-07T10:20:56+00:00\" \/>\n<meta property=\"og:image\" content=\"https:\/\/magiedufeu.ch\/wp-content\/uploads\/2024\/09\/Design-sans-titre-17.png?wsr\" \/>\n\t<meta property=\"og:image:width\" content=\"1080\" \/>\n\t<meta property=\"og:image:height\" content=\"1080\" \/>\n\t<meta property=\"og:image:type\" content=\"image\/png\" \/>\n<meta name=\"twitter:card\" content=\"summary_large_image\" \/>\n<meta name=\"twitter:label1\" content=\"Dur\u00e9e de lecture estim\u00e9e\" \/>\n\t<meta name=\"twitter:data1\" content=\"1 minute\" \/>\n<script type=\"application\/ld+json\" class=\"yoast-schema-graph\">{\"@context\":\"https:\/\/schema.org\",\"@graph\":[{\"@type\":\"WebPage\",\"@id\":\"https:\/\/magiedufeu.ch\/fr\/produit\/poele-a-bois-ecolympia-s-avec-revetement-en-pierre-magic-fires\/\",\"url\":\"https:\/\/magiedufeu.ch\/fr\/produit\/poele-a-bois-ecolympia-s-avec-revetement-en-pierre-magic-fires\/\",\"name\":\"MAGIC FIRES ECOLYMPIA S PO\u00caLE \u00c0 BOIS AVEC COUVERTURE EN PIERRE DU PO\u00caLE - Mosoni-Vuissoz Magie du Feu\",\"isPartOf\":{\"@id\":\"https:\/\/magiedufeu.ch\/#website\"},\"primaryImageOfPage\":{\"@id\":\"https:\/\/magiedufeu.ch\/fr\/produit\/poele-a-bois-ecolympia-s-avec-revetement-en-pierre-magic-fires\/#primaryimage\"},\"image\":{\"@id\":\"https:\/\/magiedufeu.ch\/fr\/produit\/poele-a-bois-ecolympia-s-avec-revetement-en-pierre-magic-fires\/#primaryimage\"},\"thumbnailUrl\":\"https:\/\/magiedufeu.ch\/wp-content\/uploads\/2024\/09\/Design-sans-titre-17-1.png?wsr\",\"datePublished\":\"2000-01-01T00:00:00+00:00\",\"dateModified\":\"2024-11-07T10:20:56+00:00\",\"breadcrumb\":{\"@id\":\"https:\/\/magiedufeu.ch\/fr\/produit\/poele-a-bois-ecolympia-s-avec-revetement-en-pierre-magic-fires\/#breadcrumb\"},\"inLanguage\":\"fr-FR\",\"potentialAction\":[{\"@type\":\"ReadAction\",\"target\":[\"https:\/\/magiedufeu.ch\/fr\/produit\/poele-a-bois-ecolympia-s-avec-revetement-en-pierre-magic-fires\/\"]}]},{\"@type\":\"ImageObject\",\"inLanguage\":\"fr-FR\",\"@id\":\"https:\/\/magiedufeu.ch\/fr\/produit\/poele-a-bois-ecolympia-s-avec-revetement-en-pierre-magic-fires\/#primaryimage\",\"url\":\"https:\/\/magiedufeu.ch\/wp-content\/uploads\/2024\/09\/Design-sans-titre-17-1.png?wsr\",\"contentUrl\":\"https:\/\/magiedufeu.ch\/wp-content\/uploads\/2024\/09\/Design-sans-titre-17-1.png?wsr\",\"width\":1080,\"height\":1080},{\"@type\":\"BreadcrumbList\",\"@id\":\"https:\/\/magiedufeu.ch\/fr\/produit\/poele-a-bois-ecolympia-s-avec-revetement-en-pierre-magic-fires\/#breadcrumb\",\"itemListElement\":[{\"@type\":\"ListItem\",\"position\":1,\"name\":\"Accueil\",\"item\":\"https:\/\/magiedufeu.ch\/\"},{\"@type\":\"ListItem\",\"position\":2,\"name\":\"Boutique\",\"item\":\"https:\/\/magiedufeu.ch\/fr\/boutique\/\"},{\"@type\":\"ListItem\",\"position\":3,\"name\":\"MAGIC FIRES ECOLYMPIA S PO\u00caLE \u00c0 BOIS AVEC COUVERTURE EN PIERRE DU PO\u00caLE\"}]},{\"@type\":\"WebSite\",\"@id\":\"https:\/\/magiedufeu.ch\/#website\",\"url\":\"https:\/\/magiedufeu.ch\/\",\"name\":\"Mosoni-Vuissoz Magie du Feu\",\"description\":\"\",\"publisher\":{\"@id\":\"https:\/\/magiedufeu.ch\/#organization\"},\"potentialAction\":[{\"@type\":\"SearchAction\",\"target\":{\"@type\":\"EntryPoint\",\"urlTemplate\":\"https:\/\/magiedufeu.ch\/?s={search_term_string}\"},\"query-input\":{\"@type\":\"PropertyValueSpecification\",\"valueRequired\":true,\"valueName\":\"search_term_string\"}}],\"inLanguage\":\"fr-FR\"},{\"@type\":\"Organization\",\"@id\":\"https:\/\/magiedufeu.ch\/#organization\",\"name\":\"Mosoni-Vuissoz Magie du Feu\",\"url\":\"https:\/\/magiedufeu.ch\/\",\"logo\":{\"@type\":\"ImageObject\",\"inLanguage\":\"fr-FR\",\"@id\":\"https:\/\/magiedufeu.ch\/#\/schema\/logo\/image\/\",\"url\":\"https:\/\/magiedufeu.ch\/wp-content\/uploads\/2021\/06\/Mosoni-Vuissoz-logo-1024x536-1-46d285e0.png\",\"contentUrl\":\"https:\/\/magiedufeu.ch\/wp-content\/uploads\/2021\/06\/Mosoni-Vuissoz-logo-1024x536-1-46d285e0.png\",\"width\":200,\"height\":105,\"caption\":\"Mosoni-Vuissoz Magie du Feu\"},\"image\":{\"@id\":\"https:\/\/magiedufeu.ch\/#\/schema\/logo\/image\/\"},\"sameAs\":[\"https:\/\/www.facebook.com\/magiedufeu.mdf\/\"]}]}<\/script>\n<!-- \/ Yoast SEO plugin. -->","yoast_head_json":{"title":"MAGIC FIRES ECOLYMPIA S PO\u00caLE \u00c0 BOIS AVEC COUVERTURE EN PIERRE DU PO\u00caLE - Mosoni-Vuissoz Magie du Feu","robots":{"index":"index","follow":"follow","max-snippet":"max-snippet:-1","max-image-preview":"max-image-preview:large","max-video-preview":"max-video-preview:-1"},"canonical":"https:\/\/magiedufeu.ch\/fr\/produit\/poele-a-bois-ecolympia-s-avec-revetement-en-pierre-magic-fires\/","og_locale":"fr_FR","og_type":"article","og_title":"MAGIC FIRES ECOLYMPIA S PO\u00caLE \u00c0 BOIS AVEC COUVERTURE EN PIERRE DU PO\u00caLE - Mosoni-Vuissoz Magie du Feu","og_description":"Avec des lignes r\u00e9duites et une apparence \u00e9l\u00e9gante, SD OLYMPIA et SD OLYMPIA S est un type de po\u00eale qui allie minimalisme et performance. Malgr\u00e9 leurs dimensions compactes, SD OLYMPIA et SD OLYMPIA S ne l\u00e9sinent pas sur la puissance. Ce po\u00eale est la solution id\u00e9ale pour les pi\u00e8ces qui n\u00e9cessitent une source de chaleur puissante tout en conservant la finesse du design. La caract\u00e9ristique unique des po\u00eales SD OLYMPIA et SD OLYMPIA S est le petit four et la table de cuisson qui contribuent \u00e0 leurs multiples fonctionnalit\u00e9s. Vous pouvez d\u00e9sormais profiter d'une chaleur agr\u00e9able tout en pr\u00e9parant de d\u00e9licieux repas. Ce four n'est pas seulement un appareil de chauffage de la pi\u00e8ce, c'est aussi le point central du foyer, alliant la beaut\u00e9 du design \u00e0 la praticit\u00e9. Ressentez la chaleur et la fonctionnalit\u00e9 de notre po\u00eale \u00e0 bois.    OLYMPIA D\u00c9TAIL TECHNIQUE + DIMENSIONS","og_url":"https:\/\/magiedufeu.ch\/fr\/produit\/poele-a-bois-ecolympia-s-avec-revetement-en-pierre-magic-fires\/","og_site_name":"Mosoni-Vuissoz Magie du Feu","article_publisher":"https:\/\/www.facebook.com\/magiedufeu.mdf\/","article_modified_time":"2024-11-07T10:20:56+00:00","og_image":[{"width":1080,"height":1080,"url":"https:\/\/magiedufeu.ch\/wp-content\/uploads\/2024\/09\/Design-sans-titre-17.png?wsr","type":"image\/png"}],"twitter_card":"summary_large_image","twitter_misc":{"Dur\u00e9e de lecture estim\u00e9e":"1 minute"},"schema":{"@context":"https:\/\/schema.org","@graph":[{"@type":"WebPage","@id":"https:\/\/magiedufeu.ch\/fr\/produit\/poele-a-bois-ecolympia-s-avec-revetement-en-pierre-magic-fires\/","url":"https:\/\/magiedufeu.ch\/fr\/produit\/poele-a-bois-ecolympia-s-avec-revetement-en-pierre-magic-fires\/","name":"MAGIC FIRES ECOLYMPIA S PO\u00caLE \u00c0 BOIS AVEC COUVERTURE EN PIERRE DU PO\u00caLE - Mosoni-Vuissoz Magie du Feu","isPartOf":{"@id":"https:\/\/magiedufeu.ch\/#website"},"primaryImageOfPage":{"@id":"https:\/\/magiedufeu.ch\/fr\/produit\/poele-a-bois-ecolympia-s-avec-revetement-en-pierre-magic-fires\/#primaryimage"},"image":{"@id":"https:\/\/magiedufeu.ch\/fr\/produit\/poele-a-bois-ecolympia-s-avec-revetement-en-pierre-magic-fires\/#primaryimage"},"thumbnailUrl":"https:\/\/magiedufeu.ch\/wp-content\/uploads\/2024\/09\/Design-sans-titre-17-1.png?wsr","datePublished":"2000-01-01T00:00:00+00:00","dateModified":"2024-11-07T10:20:56+00:00","breadcrumb":{"@id":"https:\/\/magiedufeu.ch\/fr\/produit\/poele-a-bois-ecolympia-s-avec-revetement-en-pierre-magic-fires\/#breadcrumb"},"inLanguage":"fr-FR","potentialAction":[{"@type":"ReadAction","target":["https:\/\/magiedufeu.ch\/fr\/produit\/poele-a-bois-ecolympia-s-avec-revetement-en-pierre-magic-fires\/"]}]},{"@type":"ImageObject","inLanguage":"fr-FR","@id":"https:\/\/magiedufeu.ch\/fr\/produit\/poele-a-bois-ecolympia-s-avec-revetement-en-pierre-magic-fires\/#primaryimage","url":"https:\/\/magiedufeu.ch\/wp-content\/uploads\/2024\/09\/Design-sans-titre-17-1.png?wsr","contentUrl":"https:\/\/magiedufeu.ch\/wp-content\/uploads\/2024\/09\/Design-sans-titre-17-1.png?wsr","width":1080,"height":1080},{"@type":"BreadcrumbList","@id":"https:\/\/magiedufeu.ch\/fr\/produit\/poele-a-bois-ecolympia-s-avec-revetement-en-pierre-magic-fires\/#breadcrumb","itemListElement":[{"@type":"ListItem","position":1,"name":"Accueil","item":"https:\/\/magiedufeu.ch\/"},{"@type":"ListItem","position":2,"name":"Boutique","item":"https:\/\/magiedufeu.ch\/fr\/boutique\/"},{"@type":"ListItem","position":3,"name":"MAGIC FIRES ECOLYMPIA S PO\u00caLE \u00c0 BOIS AVEC COUVERTURE EN PIERRE DU PO\u00caLE"}]},{"@type":"WebSite","@id":"https:\/\/magiedufeu.ch\/#website","url":"https:\/\/magiedufeu.ch\/","name":"Mosoni-Vuissoz Magie du Feu","description":"","publisher":{"@id":"https:\/\/magiedufeu.ch\/#organization"},"potentialAction":[{"@type":"SearchAction","target":{"@type":"EntryPoint","urlTemplate":"https:\/\/magiedufeu.ch\/?s={search_term_string}"},"query-input":{"@type":"PropertyValueSpecification","valueRequired":true,"valueName":"search_term_string"}}],"inLanguage":"fr-FR"},{"@type":"Organization","@id":"https:\/\/magiedufeu.ch\/#organization","name":"Mosoni-Vuissoz Magie du Feu","url":"https:\/\/magiedufeu.ch\/","logo":{"@type":"ImageObject","inLanguage":"fr-FR","@id":"https:\/\/magiedufeu.ch\/#\/schema\/logo\/image\/","url":"https:\/\/magiedufeu.ch\/wp-content\/uploads\/2021\/06\/Mosoni-Vuissoz-logo-1024x536-1-46d285e0.png","contentUrl":"https:\/\/magiedufeu.ch\/wp-content\/uploads\/2021\/06\/Mosoni-Vuissoz-logo-1024x536-1-46d285e0.png","width":200,"height":105,"caption":"Mosoni-Vuissoz Magie du Feu"},"image":{"@id":"https:\/\/magiedufeu.ch\/#\/schema\/logo\/image\/"},"sameAs":["https:\/\/www.facebook.com\/magiedufeu.mdf\/"]}]}},"_links":{"self":[{"href":"https:\/\/magiedufeu.ch\/fr\/wp-json\/wp\/v2\/product\/9213","targetHints":{"allow":["GET"]}}],"collection":[{"href":"https:\/\/magiedufeu.ch\/fr\/wp-json\/wp\/v2\/product"}],"about":[{"href":"https:\/\/magiedufeu.ch\/fr\/wp-json\/wp\/v2\/types\/product"}],"replies":[{"embeddable":true,"href":"https:\/\/magiedufeu.ch\/fr\/wp-json\/wp\/v2\/comments?post=9213"}],"wp:featuredmedia":[{"embeddable":true,"href":"https:\/\/magiedufeu.ch\/fr\/wp-json\/wp\/v2\/media\/11055"}],"wp:attachment":[{"href":"https:\/\/magiedufeu.ch\/fr\/wp-json\/wp\/v2\/media?parent=9213"}],"wp:term":[{"taxonomy":"product_cat","embeddable":true,"href":"https:\/\/magiedufeu.ch\/fr\/wp-json\/wp\/v2\/product_cat?post=9213"},{"taxonomy":"product_tag","embeddable":true,"href":"https:\/\/magiedufeu.ch\/fr\/wp-json\/wp\/v2\/product_tag?post=9213"}],"curies":[{"name":"wp","href":"https:\/\/api.w.org\/{rel}","templated":true}]}}