{"id":9093,"date":"2000-01-01T00:00:00","date_gmt":"2000-01-01T00:00:00","guid":{"rendered":"https:\/\/magiedufeu.ch\/?post_type=product&#038;p=9093"},"modified":"2024-11-07T10:33:44","modified_gmt":"2024-11-07T10:33:44","slug":"magic-fires-start-pellets-chauffage-de-terrasse-base-acier-avec-rouleaux","status":"publish","type":"product","link":"https:\/\/magiedufeu.ch\/fr\/produit\/magic-fires-start-pellets-chauffage-de-terrasse-base-acier-avec-rouleaux\/","title":{"rendered":"MAGIC FIRES START PELLETS-Chauffage de terrasse \u00e0 base d&#8217;acier avec roulettes"},"content":{"rendered":"<p>Le CHAUFFE-TERRASSE MAGIC FIRES START PELLETS STAHLBASIS AVEC ROULEMENT est le choix id\u00e9al pour tous ceux qui souhaitent profiter de leur terrasse tout au long de l&#8217;ann\u00e9e. Ce chauffage de terrasse innovant est con\u00e7u pour offrir une chaleur agr\u00e9able et confortable m\u00eame lors des soir\u00e9es fra\u00eeches. Fabriqu\u00e9 \u00e0 partir d&#8217;une structure en acier solide et durable, ce chauffage de terrasse est con\u00e7u pour r\u00e9sister aux intemp\u00e9ries et durer longtemps. Gr\u00e2ce \u00e0 ses roulettes int\u00e9gr\u00e9es, il est facile \u00e0 d\u00e9placer, ce qui vous permet de le placer sans probl\u00e8me l\u00e0 o\u00f9 vous en avez besoin. Ce chauffage de terrasse fonctionne avec des granul\u00e9s de bois et offre une alternative \u00e9cologique et \u00e9conomique aux autres sources d&#8217;\u00e9nergie. Les granul\u00e9s de bois sont faciles \u00e0 trouver et \u00e0 utiliser et produisent une chaleur douce et agr\u00e9able, ce qui vous permet de profiter de votre terrasse m\u00eame pendant les mois les plus froids. En investissant dans le CHAUFFE-TERRASSE MAGIC FIRES START PELLETS BASE AVEC ROULEMENT, vous b\u00e9n\u00e9ficiez d&#8217;une solution de chauffage pratique et efficace pour votre terrasse. Profitez de soir\u00e9es agr\u00e9ables en plein air, organisez un d\u00eener en famille ou entre amis et prolongez votre temps pass\u00e9 \u00e0 l&#8217;ext\u00e9rieur, quelle que soit la saison. Offrez-vous le confort et la chaleur dont vous avez besoin avec ce chauffage de terrasse de qualit\u00e9. Ne laissez pas le froid vous emp\u00eacher de profiter de votre espace ext\u00e9rieur. Optez d\u00e8s aujourd&#8217;hui pour le chauffage de terrasse MAGIC FIRES START PELLETS STAHLBASIS AVEC ROULEMENTS et cr\u00e9ez une atmosph\u00e8re chaleureuse et accueillante sur votre terrasse.<\/p>\n","protected":false},"excerpt":{"rendered":"<p>Le CHAUFFE-TERRASSE MAGIC FIRES START PELLETS STAHLBASIS AVEC ROULEMENT est le choix id\u00e9al pour tous ceux qui souhaitent profiter de leur terrasse tout au long de l&#8217;ann\u00e9e. Ce chauffage de terrasse innovant est con\u00e7u pour offrir une chaleur agr\u00e9able et confortable m\u00eame lors des soir\u00e9es fra\u00eeches. Fabriqu\u00e9 \u00e0 partir d&#8217;une structure en acier solide et durable, ce chauffage de terrasse est con\u00e7u pour r\u00e9sister aux intemp\u00e9ries et durer longtemps. Gr\u00e2ce \u00e0 ses roulettes int\u00e9gr\u00e9es, il est facile \u00e0 d\u00e9placer, ce qui vous permet de le placer sans probl\u00e8me l\u00e0 o\u00f9 vous en avez besoin. Ce chauffage de terrasse fonctionne avec des granul\u00e9s de bois et offre une alternative \u00e9cologique et \u00e9conomique aux autres sources d&#8217;\u00e9nergie. Les granul\u00e9s de bois sont faciles \u00e0 trouver et \u00e0 utiliser et produisent une chaleur douce et agr\u00e9able, ce qui vous permet de profiter de votre terrasse m\u00eame pendant les mois les plus froids. En investissant dans le CHAUFFE-TERRASSE MAGIC FIRES START PELLETS BASE AVEC ROULEMENT, vous b\u00e9n\u00e9ficiez d&#8217;une solution de chauffage pratique et efficace pour votre terrasse. Profitez de soir\u00e9es agr\u00e9ables en plein air, organisez un d\u00eener en famille ou entre amis et prolongez votre temps pass\u00e9 \u00e0 l&#8217;ext\u00e9rieur, quelle que soit la saison. Offrez-vous le confort et la chaleur dont vous avez besoin avec ce chauffage de terrasse de qualit\u00e9. Ne laissez pas le froid vous emp\u00eacher de profiter de votre espace ext\u00e9rieur. Optez d\u00e8s aujourd&#8217;hui pour le chauffage de terrasse MAGIC FIRES START PELLETS STAHLBASIS AVEC ROULEMENTS et cr\u00e9ez une atmosph\u00e8re chaleureuse et accueillante sur votre terrasse. <\/p>\n","protected":false},"featured_media":11034,"comment_status":"closed","ping_status":"closed","template":"","meta":[],"product_cat":[200,205,355],"product_tag":[],"class_list":{"0":"post-9093","1":"product","2":"type-product","3":"status-publish","4":"has-post-thumbnail","6":"product_cat-accessoires-et-combustibles","7":"product_cat-chauffage-de-terrasse","8":"product_cat-offres-speciale-startseite","10":"first","11":"instock","12":"taxable","13":"shipping-taxable","14":"purchasable","15":"product-type-simple"},"yoast_head":"<!-- This site is optimized with the Yoast SEO plugin v23.7 - https:\/\/yoast.com\/wordpress\/plugins\/seo\/ -->\n<title>MAGIC FIRES START PELLETS-Chauffage de terrasse \u00e0 base d&#039;acier avec roulettes - Mosoni-Vuissoz Magie du Feu<\/title>\n<meta name=\"robots\" content=\"index, follow, max-snippet:-1, max-image-preview:large, max-video-preview:-1\" \/>\n<link rel=\"canonical\" href=\"https:\/\/magiedufeu.ch\/fr\/produit\/chauffage-de-terrasse-magic-fires-start-pellets-en-acier-avec-roulettes\/\" \/>\n<meta property=\"og:locale\" content=\"fr_FR\" \/>\n<meta property=\"og:type\" content=\"article\" \/>\n<meta property=\"og:title\" content=\"MAGIC FIRES START PELLETS-Chauffage de terrasse \u00e0 base d&#039;acier avec roulettes - Mosoni-Vuissoz Magie du Feu\" \/>\n<meta property=\"og:description\" content=\"Le CHAUFFE-TERRASSE MAGIC FIRES START PELLETS STAHLBASIS AVEC ROULEMENT est le choix id\u00e9al pour tous ceux qui souhaitent profiter de leur terrasse tout au long de l&#039;ann\u00e9e. Ce chauffage de terrasse innovant est con\u00e7u pour offrir une chaleur agr\u00e9able et confortable m\u00eame lors des soir\u00e9es fra\u00eeches. Fabriqu\u00e9 \u00e0 partir d&#039;une structure en acier solide et durable, ce chauffage de terrasse est con\u00e7u pour r\u00e9sister aux intemp\u00e9ries et durer longtemps. Gr\u00e2ce \u00e0 ses roulettes int\u00e9gr\u00e9es, il est facile \u00e0 d\u00e9placer, ce qui vous permet de le placer sans probl\u00e8me l\u00e0 o\u00f9 vous en avez besoin. Ce chauffage de terrasse fonctionne avec des granul\u00e9s de bois et offre une alternative \u00e9cologique et \u00e9conomique aux autres sources d&#039;\u00e9nergie. Les granul\u00e9s de bois sont faciles \u00e0 trouver et \u00e0 utiliser et produisent une chaleur douce et agr\u00e9able, ce qui vous permet de profiter de votre terrasse m\u00eame pendant les mois les plus froids. En investissant dans le CHAUFFE-TERRASSE MAGIC FIRES START PELLETS BASE AVEC ROULEMENT, vous b\u00e9n\u00e9ficiez d&#039;une solution de chauffage pratique et efficace pour votre terrasse. Profitez de soir\u00e9es agr\u00e9ables en plein air, organisez un d\u00eener en famille ou entre amis et prolongez votre temps pass\u00e9 \u00e0 l&#039;ext\u00e9rieur, quelle que soit la saison. Offrez-vous le confort et la chaleur dont vous avez besoin avec ce chauffage de terrasse de qualit\u00e9. Ne laissez pas le froid vous emp\u00eacher de profiter de votre espace ext\u00e9rieur. Optez d\u00e8s aujourd&#039;hui pour le chauffage de terrasse MAGIC FIRES START PELLETS STAHLBASIS AVEC ROULEMENTS et cr\u00e9ez une atmosph\u00e8re chaleureuse et accueillante sur votre terrasse.\" \/>\n<meta property=\"og:url\" content=\"https:\/\/magiedufeu.ch\/fr\/produit\/chauffage-de-terrasse-magic-fires-start-pellets-en-acier-avec-roulettes\/\" \/>\n<meta property=\"og:site_name\" content=\"Mosoni-Vuissoz Magie du Feu\" \/>\n<meta property=\"article:publisher\" content=\"https:\/\/www.facebook.com\/magiedufeu.mdf\/\" \/>\n<meta property=\"article:modified_time\" content=\"2024-11-07T10:33:44+00:00\" \/>\n<meta property=\"og:image\" content=\"https:\/\/magiedufeu.ch\/wp-content\/uploads\/2024\/09\/pellet.png?wsr\" \/>\n\t<meta property=\"og:image:width\" content=\"1080\" \/>\n\t<meta property=\"og:image:height\" content=\"1080\" \/>\n\t<meta property=\"og:image:type\" content=\"image\/png\" \/>\n<meta name=\"twitter:card\" content=\"summary_large_image\" \/>\n<meta name=\"twitter:label1\" content=\"Dur\u00e9e de lecture estim\u00e9e\" \/>\n\t<meta name=\"twitter:data1\" content=\"2 minutes\" \/>\n<script type=\"application\/ld+json\" class=\"yoast-schema-graph\">{\"@context\":\"https:\/\/schema.org\",\"@graph\":[{\"@type\":\"WebPage\",\"@id\":\"https:\/\/magiedufeu.ch\/fr\/produit\/chauffage-de-terrasse-magic-fires-start-pellets-en-acier-avec-roulettes\/\",\"url\":\"https:\/\/magiedufeu.ch\/fr\/produit\/chauffage-de-terrasse-magic-fires-start-pellets-en-acier-avec-roulettes\/\",\"name\":\"MAGIC FIRES START PELLETS-Chauffage de terrasse \u00e0 base d'acier avec roulettes - Mosoni-Vuissoz Magie du Feu\",\"isPartOf\":{\"@id\":\"https:\/\/magiedufeu.ch\/#website\"},\"primaryImageOfPage\":{\"@id\":\"https:\/\/magiedufeu.ch\/fr\/produit\/chauffage-de-terrasse-magic-fires-start-pellets-en-acier-avec-roulettes\/#primaryimage\"},\"image\":{\"@id\":\"https:\/\/magiedufeu.ch\/fr\/produit\/chauffage-de-terrasse-magic-fires-start-pellets-en-acier-avec-roulettes\/#primaryimage\"},\"thumbnailUrl\":\"https:\/\/magiedufeu.ch\/wp-content\/uploads\/2024\/09\/pellet-1.png?wsr\",\"datePublished\":\"2000-01-01T00:00:00+00:00\",\"dateModified\":\"2024-11-07T10:33:44+00:00\",\"breadcrumb\":{\"@id\":\"https:\/\/magiedufeu.ch\/fr\/produit\/chauffage-de-terrasse-magic-fires-start-pellets-en-acier-avec-roulettes\/#breadcrumb\"},\"inLanguage\":\"fr-FR\",\"potentialAction\":[{\"@type\":\"ReadAction\",\"target\":[\"https:\/\/magiedufeu.ch\/fr\/produit\/chauffage-de-terrasse-magic-fires-start-pellets-en-acier-avec-roulettes\/\"]}]},{\"@type\":\"ImageObject\",\"inLanguage\":\"fr-FR\",\"@id\":\"https:\/\/magiedufeu.ch\/fr\/produit\/chauffage-de-terrasse-magic-fires-start-pellets-en-acier-avec-roulettes\/#primaryimage\",\"url\":\"https:\/\/magiedufeu.ch\/wp-content\/uploads\/2024\/09\/pellet-1.png?wsr\",\"contentUrl\":\"https:\/\/magiedufeu.ch\/wp-content\/uploads\/2024\/09\/pellet-1.png?wsr\",\"width\":1080,\"height\":1080},{\"@type\":\"BreadcrumbList\",\"@id\":\"https:\/\/magiedufeu.ch\/fr\/produit\/chauffage-de-terrasse-magic-fires-start-pellets-en-acier-avec-roulettes\/#breadcrumb\",\"itemListElement\":[{\"@type\":\"ListItem\",\"position\":1,\"name\":\"Accueil\",\"item\":\"https:\/\/magiedufeu.ch\/\"},{\"@type\":\"ListItem\",\"position\":2,\"name\":\"Boutique\",\"item\":\"https:\/\/magiedufeu.ch\/fr\/boutique\/\"},{\"@type\":\"ListItem\",\"position\":3,\"name\":\"MAGIC FIRES START PELLETS-Chauffage de terrasse \u00e0 base d&#8217;acier avec roulettes\"}]},{\"@type\":\"WebSite\",\"@id\":\"https:\/\/magiedufeu.ch\/#website\",\"url\":\"https:\/\/magiedufeu.ch\/\",\"name\":\"Mosoni-Vuissoz Magie du Feu\",\"description\":\"\",\"publisher\":{\"@id\":\"https:\/\/magiedufeu.ch\/#organization\"},\"potentialAction\":[{\"@type\":\"SearchAction\",\"target\":{\"@type\":\"EntryPoint\",\"urlTemplate\":\"https:\/\/magiedufeu.ch\/?s={search_term_string}\"},\"query-input\":{\"@type\":\"PropertyValueSpecification\",\"valueRequired\":true,\"valueName\":\"search_term_string\"}}],\"inLanguage\":\"fr-FR\"},{\"@type\":\"Organization\",\"@id\":\"https:\/\/magiedufeu.ch\/#organization\",\"name\":\"Mosoni-Vuissoz Magie du Feu\",\"url\":\"https:\/\/magiedufeu.ch\/\",\"logo\":{\"@type\":\"ImageObject\",\"inLanguage\":\"fr-FR\",\"@id\":\"https:\/\/magiedufeu.ch\/#\/schema\/logo\/image\/\",\"url\":\"https:\/\/magiedufeu.ch\/wp-content\/uploads\/2021\/06\/Mosoni-Vuissoz-logo-1024x536-1-46d285e0.png\",\"contentUrl\":\"https:\/\/magiedufeu.ch\/wp-content\/uploads\/2021\/06\/Mosoni-Vuissoz-logo-1024x536-1-46d285e0.png\",\"width\":200,\"height\":105,\"caption\":\"Mosoni-Vuissoz Magie du Feu\"},\"image\":{\"@id\":\"https:\/\/magiedufeu.ch\/#\/schema\/logo\/image\/\"},\"sameAs\":[\"https:\/\/www.facebook.com\/magiedufeu.mdf\/\"]}]}<\/script>\n<!-- \/ Yoast SEO plugin. -->","yoast_head_json":{"title":"MAGIC FIRES START PELLETS-Chauffage de terrasse \u00e0 base d'acier avec roulettes - Mosoni-Vuissoz Magie du Feu","robots":{"index":"index","follow":"follow","max-snippet":"max-snippet:-1","max-image-preview":"max-image-preview:large","max-video-preview":"max-video-preview:-1"},"canonical":"https:\/\/magiedufeu.ch\/fr\/produit\/chauffage-de-terrasse-magic-fires-start-pellets-en-acier-avec-roulettes\/","og_locale":"fr_FR","og_type":"article","og_title":"MAGIC FIRES START PELLETS-Chauffage de terrasse \u00e0 base d'acier avec roulettes - Mosoni-Vuissoz Magie du Feu","og_description":"Le CHAUFFE-TERRASSE MAGIC FIRES START PELLETS STAHLBASIS AVEC ROULEMENT est le choix id\u00e9al pour tous ceux qui souhaitent profiter de leur terrasse tout au long de l'ann\u00e9e. Ce chauffage de terrasse innovant est con\u00e7u pour offrir une chaleur agr\u00e9able et confortable m\u00eame lors des soir\u00e9es fra\u00eeches. Fabriqu\u00e9 \u00e0 partir d'une structure en acier solide et durable, ce chauffage de terrasse est con\u00e7u pour r\u00e9sister aux intemp\u00e9ries et durer longtemps. Gr\u00e2ce \u00e0 ses roulettes int\u00e9gr\u00e9es, il est facile \u00e0 d\u00e9placer, ce qui vous permet de le placer sans probl\u00e8me l\u00e0 o\u00f9 vous en avez besoin. Ce chauffage de terrasse fonctionne avec des granul\u00e9s de bois et offre une alternative \u00e9cologique et \u00e9conomique aux autres sources d'\u00e9nergie. Les granul\u00e9s de bois sont faciles \u00e0 trouver et \u00e0 utiliser et produisent une chaleur douce et agr\u00e9able, ce qui vous permet de profiter de votre terrasse m\u00eame pendant les mois les plus froids. En investissant dans le CHAUFFE-TERRASSE MAGIC FIRES START PELLETS BASE AVEC ROULEMENT, vous b\u00e9n\u00e9ficiez d'une solution de chauffage pratique et efficace pour votre terrasse. Profitez de soir\u00e9es agr\u00e9ables en plein air, organisez un d\u00eener en famille ou entre amis et prolongez votre temps pass\u00e9 \u00e0 l'ext\u00e9rieur, quelle que soit la saison. Offrez-vous le confort et la chaleur dont vous avez besoin avec ce chauffage de terrasse de qualit\u00e9. Ne laissez pas le froid vous emp\u00eacher de profiter de votre espace ext\u00e9rieur. Optez d\u00e8s aujourd'hui pour le chauffage de terrasse MAGIC FIRES START PELLETS STAHLBASIS AVEC ROULEMENTS et cr\u00e9ez une atmosph\u00e8re chaleureuse et accueillante sur votre terrasse.","og_url":"https:\/\/magiedufeu.ch\/fr\/produit\/chauffage-de-terrasse-magic-fires-start-pellets-en-acier-avec-roulettes\/","og_site_name":"Mosoni-Vuissoz Magie du Feu","article_publisher":"https:\/\/www.facebook.com\/magiedufeu.mdf\/","article_modified_time":"2024-11-07T10:33:44+00:00","og_image":[{"width":1080,"height":1080,"url":"https:\/\/magiedufeu.ch\/wp-content\/uploads\/2024\/09\/pellet.png?wsr","type":"image\/png"}],"twitter_card":"summary_large_image","twitter_misc":{"Dur\u00e9e de lecture estim\u00e9e":"2 minutes"},"schema":{"@context":"https:\/\/schema.org","@graph":[{"@type":"WebPage","@id":"https:\/\/magiedufeu.ch\/fr\/produit\/chauffage-de-terrasse-magic-fires-start-pellets-en-acier-avec-roulettes\/","url":"https:\/\/magiedufeu.ch\/fr\/produit\/chauffage-de-terrasse-magic-fires-start-pellets-en-acier-avec-roulettes\/","name":"MAGIC FIRES START PELLETS-Chauffage de terrasse \u00e0 base d'acier avec roulettes - Mosoni-Vuissoz Magie du Feu","isPartOf":{"@id":"https:\/\/magiedufeu.ch\/#website"},"primaryImageOfPage":{"@id":"https:\/\/magiedufeu.ch\/fr\/produit\/chauffage-de-terrasse-magic-fires-start-pellets-en-acier-avec-roulettes\/#primaryimage"},"image":{"@id":"https:\/\/magiedufeu.ch\/fr\/produit\/chauffage-de-terrasse-magic-fires-start-pellets-en-acier-avec-roulettes\/#primaryimage"},"thumbnailUrl":"https:\/\/magiedufeu.ch\/wp-content\/uploads\/2024\/09\/pellet-1.png?wsr","datePublished":"2000-01-01T00:00:00+00:00","dateModified":"2024-11-07T10:33:44+00:00","breadcrumb":{"@id":"https:\/\/magiedufeu.ch\/fr\/produit\/chauffage-de-terrasse-magic-fires-start-pellets-en-acier-avec-roulettes\/#breadcrumb"},"inLanguage":"fr-FR","potentialAction":[{"@type":"ReadAction","target":["https:\/\/magiedufeu.ch\/fr\/produit\/chauffage-de-terrasse-magic-fires-start-pellets-en-acier-avec-roulettes\/"]}]},{"@type":"ImageObject","inLanguage":"fr-FR","@id":"https:\/\/magiedufeu.ch\/fr\/produit\/chauffage-de-terrasse-magic-fires-start-pellets-en-acier-avec-roulettes\/#primaryimage","url":"https:\/\/magiedufeu.ch\/wp-content\/uploads\/2024\/09\/pellet-1.png?wsr","contentUrl":"https:\/\/magiedufeu.ch\/wp-content\/uploads\/2024\/09\/pellet-1.png?wsr","width":1080,"height":1080},{"@type":"BreadcrumbList","@id":"https:\/\/magiedufeu.ch\/fr\/produit\/chauffage-de-terrasse-magic-fires-start-pellets-en-acier-avec-roulettes\/#breadcrumb","itemListElement":[{"@type":"ListItem","position":1,"name":"Accueil","item":"https:\/\/magiedufeu.ch\/"},{"@type":"ListItem","position":2,"name":"Boutique","item":"https:\/\/magiedufeu.ch\/fr\/boutique\/"},{"@type":"ListItem","position":3,"name":"MAGIC FIRES START PELLETS-Chauffage de terrasse \u00e0 base d&#8217;acier avec roulettes"}]},{"@type":"WebSite","@id":"https:\/\/magiedufeu.ch\/#website","url":"https:\/\/magiedufeu.ch\/","name":"Mosoni-Vuissoz Magie du Feu","description":"","publisher":{"@id":"https:\/\/magiedufeu.ch\/#organization"},"potentialAction":[{"@type":"SearchAction","target":{"@type":"EntryPoint","urlTemplate":"https:\/\/magiedufeu.ch\/?s={search_term_string}"},"query-input":{"@type":"PropertyValueSpecification","valueRequired":true,"valueName":"search_term_string"}}],"inLanguage":"fr-FR"},{"@type":"Organization","@id":"https:\/\/magiedufeu.ch\/#organization","name":"Mosoni-Vuissoz Magie du Feu","url":"https:\/\/magiedufeu.ch\/","logo":{"@type":"ImageObject","inLanguage":"fr-FR","@id":"https:\/\/magiedufeu.ch\/#\/schema\/logo\/image\/","url":"https:\/\/magiedufeu.ch\/wp-content\/uploads\/2021\/06\/Mosoni-Vuissoz-logo-1024x536-1-46d285e0.png","contentUrl":"https:\/\/magiedufeu.ch\/wp-content\/uploads\/2021\/06\/Mosoni-Vuissoz-logo-1024x536-1-46d285e0.png","width":200,"height":105,"caption":"Mosoni-Vuissoz Magie du Feu"},"image":{"@id":"https:\/\/magiedufeu.ch\/#\/schema\/logo\/image\/"},"sameAs":["https:\/\/www.facebook.com\/magiedufeu.mdf\/"]}]}},"_links":{"self":[{"href":"https:\/\/magiedufeu.ch\/fr\/wp-json\/wp\/v2\/product\/9093","targetHints":{"allow":["GET"]}}],"collection":[{"href":"https:\/\/magiedufeu.ch\/fr\/wp-json\/wp\/v2\/product"}],"about":[{"href":"https:\/\/magiedufeu.ch\/fr\/wp-json\/wp\/v2\/types\/product"}],"replies":[{"embeddable":true,"href":"https:\/\/magiedufeu.ch\/fr\/wp-json\/wp\/v2\/comments?post=9093"}],"wp:featuredmedia":[{"embeddable":true,"href":"https:\/\/magiedufeu.ch\/fr\/wp-json\/wp\/v2\/media\/11034"}],"wp:attachment":[{"href":"https:\/\/magiedufeu.ch\/fr\/wp-json\/wp\/v2\/media?parent=9093"}],"wp:term":[{"taxonomy":"product_cat","embeddable":true,"href":"https:\/\/magiedufeu.ch\/fr\/wp-json\/wp\/v2\/product_cat?post=9093"},{"taxonomy":"product_tag","embeddable":true,"href":"https:\/\/magiedufeu.ch\/fr\/wp-json\/wp\/v2\/product_tag?post=9093"}],"curies":[{"name":"wp","href":"https:\/\/api.w.org\/{rel}","templated":true}]}}