{"id":8990,"date":"2000-01-01T00:00:00","date_gmt":"2000-01-01T00:00:00","guid":{"rendered":"https:\/\/magiedufeu.ch\/?post_type=product&#038;p=8990"},"modified":"2024-09-21T08:59:56","modified_gmt":"2024-09-21T08:59:56","slug":"jotul-poele-a-bois-f602-eco-bp-noir-av-arrivee-dair-exterieur","status":"publish","type":"product","link":"https:\/\/magiedufeu.ch\/fr\/produit\/jotul-poele-a-bois-f602-eco-bp-noir-av-arrivee-dair-exterieur\/","title":{"rendered":"JOTUL POELE A BOIS F602 ECO BP NOIR AV.ARRIVEE D\u2019AIR EXTERIEUR"},"content":{"rendered":"<p>Le J\u00f8tul F 602 Eco est v\u00e9ritablement l&#8217;un de nos classiques intemporels. Avec son design embl\u00e9matique de 1940 et sa technologie de combustion moderne, il offre le meilleur des deux mondes. Ce po\u00eale \u00e0 bois peut recevoir de l&#8217;air de combustion de l&#8217;ext\u00e9rieur et r\u00e9pond ainsi aux maisons modernes les plus exigeantes. Le J\u00f8tul F 602 Eco peut \u00e9galement \u00eatre utilis\u00e9 pour cuisiner. Il est \u00e9quip\u00e9 de s\u00e9rie d&#8217;une plaque de cuisson \u00e0 haut rendement et peut \u00eatre \u00e9quip\u00e9 en option d&#8217;une seconde plaque de cuisson plus petite et moins encombrante. Il s&#8217;agit d&#8217;un po\u00eale \u00e0 bois pratique en fonte qui a \u00e0 la fois de la personnalit\u00e9 et du caract\u00e8re. Il est facile \u00e0 installer et efficace sur le plan thermique.<\/p>\n<p>&nbsp;<\/p>\n<p>Hauteur : 637 mm<\/p>\n<p>Largeur : 320 mm<\/p>\n<p>Profondeur : 540 mm<\/p>\n<p>Poids : 86 kg<\/p>\n<p>&nbsp;<\/p>\n<p><strong><a href=\"https:\/\/magiedufeu.ch\/wp-content\/uploads\/2000\/01\/DATENBLATT.F602-ECO.pdf\">DESSIN TECHNIQUE.F602 ECO<\/a><\/strong><\/p>\n","protected":false},"excerpt":{"rendered":"<p>Le po\u00eale \u00e0 bois JOTUL F602 ECO BP est un choix id\u00e9al pour ceux qui recherchent \u00e0 la fois la performance et l&#8217;esth\u00e9tique dans leur maison. Avec son design classique en fonte noire, ce po\u00eale \u00e0 bois apporte une touche d&#8217;\u00e9l\u00e9gance \u00e0 n&#8217;importe quel int\u00e9rieur.<\/p>\n<p>Ce po\u00eale \u00e0 bois est \u00e9quip\u00e9 d&#8217;une arriv\u00e9e d&#8217;air ext\u00e9rieur, ce qui permet une combustion plus efficace et r\u00e9duit les \u00e9missions de fum\u00e9e. Cela signifie non seulement une meilleure utilisation du bois, mais aussi une r\u00e9duction de l&#8217;impact sur l&#8217;environnement.<\/p>\n<p>La performance de ce po\u00eale \u00e0 bois est \u00e9galement remarquable. Gr\u00e2ce \u00e0 sa conception en fonte, il offre une excellente r\u00e9tention de chaleur, ce qui permet de profiter d&#8217;une chaleur agr\u00e9able et constante pendant de longues p\u00e9riodes. De plus, sa puissance de chauffage de 6 kW est suffisante pour chauffer une pi\u00e8ce de taille moyenne.<\/p>\n<p>Outre ses performances, ce po\u00eale \u00e0 bois offre \u00e9galement une facilit\u00e9 d&#8217;utilisation. Son syst\u00e8me de contr\u00f4le de l&#8217;air permet de r\u00e9guler facilement l&#8217;intensit\u00e9 de la combustion, tandis que sa grande porte vitr\u00e9e offre une vue magnifique sur les flammes dansantes.<\/p>\n<p>En choisissant le po\u00eale \u00e0 bois JOTUL F602 ECO BP, vous b\u00e9n\u00e9ficiez d&#8217;un produit de qualit\u00e9 sup\u00e9rieure qui allie style, performance et respect de l&#8217;environnement. Profitez d&#8217;une chaleur agr\u00e9able et d&#8217;une ambiance chaleureuse dans votre maison tout en r\u00e9duisant votre empreinte carbone. Ne laissez pas passer cette occasion de cr\u00e9er un foyer accueillant et \u00e9cologique.<\/p>\n","protected":false},"featured_media":11443,"comment_status":"closed","ping_status":"closed","template":"","meta":[],"product_cat":[210,207],"product_tag":[3837,3836,3835,3823,568,530],"class_list":{"0":"post-8990","1":"product","2":"type-product","3":"status-publish","4":"has-post-thumbnail","6":"product_cat-bois-fr","7":"product_cat-poeles","8":"product_tag-av-arrivee-dair-exterieur","9":"product_tag-eco-bp","10":"product_tag-f602","11":"product_tag-jotul","12":"product_tag-noir","13":"product_tag-poele-a-bois","15":"first","16":"instock","17":"taxable","18":"shipping-taxable","19":"purchasable","20":"product-type-simple"},"yoast_head":"<!-- This site is optimized with the Yoast SEO plugin v23.7 - https:\/\/yoast.com\/wordpress\/plugins\/seo\/ -->\n<title>JOTUL POELE A BOIS F602 ECO BP NOIR AV.ARRIVEE D\u2019AIR EXTERIEUR - Mosoni-Vuissoz Magie du Feu<\/title>\n<meta name=\"robots\" content=\"index, follow, max-snippet:-1, max-image-preview:large, max-video-preview:-1\" \/>\n<link rel=\"canonical\" href=\"https:\/\/magiedufeu.ch\/fr\/produit\/jotul-poele-a-bois-f602-eco-bp-noir-av-arrivee-dair-exterieur\/\" \/>\n<meta property=\"og:locale\" content=\"fr_FR\" \/>\n<meta property=\"og:type\" content=\"article\" \/>\n<meta property=\"og:title\" content=\"JOTUL POELE A BOIS F602 ECO BP NOIR AV.ARRIVEE D\u2019AIR EXTERIEUR - Mosoni-Vuissoz Magie du Feu\" \/>\n<meta property=\"og:description\" content=\"Le po\u00eale \u00e0 bois JOTUL F602 ECO BP est un choix id\u00e9al pour ceux qui recherchent \u00e0 la fois la performance et l&#039;esth\u00e9tique dans leur maison. Avec son design classique en fonte noire, ce po\u00eale \u00e0 bois apporte une touche d&#039;\u00e9l\u00e9gance \u00e0 n&#039;importe quel int\u00e9rieur.  Ce po\u00eale \u00e0 bois est \u00e9quip\u00e9 d&#039;une arriv\u00e9e d&#039;air ext\u00e9rieur, ce qui permet une combustion plus efficace et r\u00e9duit les \u00e9missions de fum\u00e9e. Cela signifie non seulement une meilleure utilisation du bois, mais aussi une r\u00e9duction de l&#039;impact sur l&#039;environnement.  La performance de ce po\u00eale \u00e0 bois est \u00e9galement remarquable. Gr\u00e2ce \u00e0 sa conception en fonte, il offre une excellente r\u00e9tention de chaleur, ce qui permet de profiter d&#039;une chaleur agr\u00e9able et constante pendant de longues p\u00e9riodes. De plus, sa puissance de chauffage de 6 kW est suffisante pour chauffer une pi\u00e8ce de taille moyenne.  Outre ses performances, ce po\u00eale \u00e0 bois offre \u00e9galement une facilit\u00e9 d&#039;utilisation. Son syst\u00e8me de contr\u00f4le de l&#039;air permet de r\u00e9guler facilement l&#039;intensit\u00e9 de la combustion, tandis que sa grande porte vitr\u00e9e offre une vue magnifique sur les flammes dansantes.  En choisissant le po\u00eale \u00e0 bois JOTUL F602 ECO BP, vous b\u00e9n\u00e9ficiez d&#039;un produit de qualit\u00e9 sup\u00e9rieure qui allie style, performance et respect de l&#039;environnement. Profitez d&#039;une chaleur agr\u00e9able et d&#039;une ambiance chaleureuse dans votre maison tout en r\u00e9duisant votre empreinte carbone. Ne laissez pas passer cette occasion de cr\u00e9er un foyer accueillant et \u00e9cologique.\" \/>\n<meta property=\"og:url\" content=\"https:\/\/magiedufeu.ch\/fr\/produit\/jotul-poele-a-bois-f602-eco-bp-noir-av-arrivee-dair-exterieur\/\" \/>\n<meta property=\"og:site_name\" content=\"Mosoni-Vuissoz Magie du Feu\" \/>\n<meta property=\"article:publisher\" content=\"https:\/\/www.facebook.com\/magiedufeu.mdf\/\" \/>\n<meta property=\"article:modified_time\" content=\"2024-09-21T08:59:56+00:00\" \/>\n<meta property=\"og:image\" content=\"https:\/\/magiedufeu.ch\/wp-content\/uploads\/2000\/01\/Design-sans-titre-11-1.png?wsr\" \/>\n\t<meta property=\"og:image:width\" content=\"1080\" \/>\n\t<meta property=\"og:image:height\" content=\"1080\" \/>\n\t<meta property=\"og:image:type\" content=\"image\/png\" \/>\n<meta name=\"twitter:card\" content=\"summary_large_image\" \/>\n<meta name=\"twitter:label1\" content=\"Dur\u00e9e de lecture estim\u00e9e\" \/>\n\t<meta name=\"twitter:data1\" content=\"1 minute\" \/>\n<script type=\"application\/ld+json\" class=\"yoast-schema-graph\">{\"@context\":\"https:\/\/schema.org\",\"@graph\":[{\"@type\":\"WebPage\",\"@id\":\"https:\/\/magiedufeu.ch\/fr\/produit\/jotul-poele-a-bois-f602-eco-bp-noir-av-arrivee-dair-exterieur\/\",\"url\":\"https:\/\/magiedufeu.ch\/fr\/produit\/jotul-poele-a-bois-f602-eco-bp-noir-av-arrivee-dair-exterieur\/\",\"name\":\"JOTUL POELE A BOIS F602 ECO BP NOIR AV.ARRIVEE D\u2019AIR EXTERIEUR - Mosoni-Vuissoz Magie du Feu\",\"isPartOf\":{\"@id\":\"https:\/\/magiedufeu.ch\/#website\"},\"primaryImageOfPage\":{\"@id\":\"https:\/\/magiedufeu.ch\/fr\/produit\/jotul-poele-a-bois-f602-eco-bp-noir-av-arrivee-dair-exterieur\/#primaryimage\"},\"image\":{\"@id\":\"https:\/\/magiedufeu.ch\/fr\/produit\/jotul-poele-a-bois-f602-eco-bp-noir-av-arrivee-dair-exterieur\/#primaryimage\"},\"thumbnailUrl\":\"https:\/\/magiedufeu.ch\/wp-content\/uploads\/2000\/01\/Design-sans-titre-11-1.png?wsr\",\"datePublished\":\"2000-01-01T00:00:00+00:00\",\"dateModified\":\"2024-09-21T08:59:56+00:00\",\"breadcrumb\":{\"@id\":\"https:\/\/magiedufeu.ch\/fr\/produit\/jotul-poele-a-bois-f602-eco-bp-noir-av-arrivee-dair-exterieur\/#breadcrumb\"},\"inLanguage\":\"fr-FR\",\"potentialAction\":[{\"@type\":\"ReadAction\",\"target\":[\"https:\/\/magiedufeu.ch\/fr\/produit\/jotul-poele-a-bois-f602-eco-bp-noir-av-arrivee-dair-exterieur\/\"]}]},{\"@type\":\"ImageObject\",\"inLanguage\":\"fr-FR\",\"@id\":\"https:\/\/magiedufeu.ch\/fr\/produit\/jotul-poele-a-bois-f602-eco-bp-noir-av-arrivee-dair-exterieur\/#primaryimage\",\"url\":\"https:\/\/magiedufeu.ch\/wp-content\/uploads\/2000\/01\/Design-sans-titre-11-1.png?wsr\",\"contentUrl\":\"https:\/\/magiedufeu.ch\/wp-content\/uploads\/2000\/01\/Design-sans-titre-11-1.png?wsr\",\"width\":1080,\"height\":1080},{\"@type\":\"BreadcrumbList\",\"@id\":\"https:\/\/magiedufeu.ch\/fr\/produit\/jotul-poele-a-bois-f602-eco-bp-noir-av-arrivee-dair-exterieur\/#breadcrumb\",\"itemListElement\":[{\"@type\":\"ListItem\",\"position\":1,\"name\":\"Accueil\",\"item\":\"https:\/\/magiedufeu.ch\/\"},{\"@type\":\"ListItem\",\"position\":2,\"name\":\"Boutique\",\"item\":\"https:\/\/magiedufeu.ch\/fr\/boutique\/\"},{\"@type\":\"ListItem\",\"position\":3,\"name\":\"JOTUL POELE A BOIS F602 ECO BP NOIR AV.ARRIVEE D\u2019AIR EXTERIEUR\"}]},{\"@type\":\"WebSite\",\"@id\":\"https:\/\/magiedufeu.ch\/#website\",\"url\":\"https:\/\/magiedufeu.ch\/\",\"name\":\"Mosoni-Vuissoz Magie du Feu\",\"description\":\"\",\"publisher\":{\"@id\":\"https:\/\/magiedufeu.ch\/#organization\"},\"potentialAction\":[{\"@type\":\"SearchAction\",\"target\":{\"@type\":\"EntryPoint\",\"urlTemplate\":\"https:\/\/magiedufeu.ch\/?s={search_term_string}\"},\"query-input\":{\"@type\":\"PropertyValueSpecification\",\"valueRequired\":true,\"valueName\":\"search_term_string\"}}],\"inLanguage\":\"fr-FR\"},{\"@type\":\"Organization\",\"@id\":\"https:\/\/magiedufeu.ch\/#organization\",\"name\":\"Mosoni-Vuissoz Magie du Feu\",\"url\":\"https:\/\/magiedufeu.ch\/\",\"logo\":{\"@type\":\"ImageObject\",\"inLanguage\":\"fr-FR\",\"@id\":\"https:\/\/magiedufeu.ch\/#\/schema\/logo\/image\/\",\"url\":\"https:\/\/magiedufeu.ch\/wp-content\/uploads\/2021\/06\/Mosoni-Vuissoz-logo-1024x536-1-46d285e0.png\",\"contentUrl\":\"https:\/\/magiedufeu.ch\/wp-content\/uploads\/2021\/06\/Mosoni-Vuissoz-logo-1024x536-1-46d285e0.png\",\"width\":200,\"height\":105,\"caption\":\"Mosoni-Vuissoz Magie du Feu\"},\"image\":{\"@id\":\"https:\/\/magiedufeu.ch\/#\/schema\/logo\/image\/\"},\"sameAs\":[\"https:\/\/www.facebook.com\/magiedufeu.mdf\/\"]}]}<\/script>\n<!-- \/ Yoast SEO plugin. -->","yoast_head_json":{"title":"JOTUL POELE A BOIS F602 ECO BP NOIR AV.ARRIVEE D\u2019AIR EXTERIEUR - Mosoni-Vuissoz Magie du Feu","robots":{"index":"index","follow":"follow","max-snippet":"max-snippet:-1","max-image-preview":"max-image-preview:large","max-video-preview":"max-video-preview:-1"},"canonical":"https:\/\/magiedufeu.ch\/fr\/produit\/jotul-poele-a-bois-f602-eco-bp-noir-av-arrivee-dair-exterieur\/","og_locale":"fr_FR","og_type":"article","og_title":"JOTUL POELE A BOIS F602 ECO BP NOIR AV.ARRIVEE D\u2019AIR EXTERIEUR - Mosoni-Vuissoz Magie du Feu","og_description":"Le po\u00eale \u00e0 bois JOTUL F602 ECO BP est un choix id\u00e9al pour ceux qui recherchent \u00e0 la fois la performance et l'esth\u00e9tique dans leur maison. Avec son design classique en fonte noire, ce po\u00eale \u00e0 bois apporte une touche d'\u00e9l\u00e9gance \u00e0 n'importe quel int\u00e9rieur.  Ce po\u00eale \u00e0 bois est \u00e9quip\u00e9 d'une arriv\u00e9e d'air ext\u00e9rieur, ce qui permet une combustion plus efficace et r\u00e9duit les \u00e9missions de fum\u00e9e. Cela signifie non seulement une meilleure utilisation du bois, mais aussi une r\u00e9duction de l'impact sur l'environnement.  La performance de ce po\u00eale \u00e0 bois est \u00e9galement remarquable. Gr\u00e2ce \u00e0 sa conception en fonte, il offre une excellente r\u00e9tention de chaleur, ce qui permet de profiter d'une chaleur agr\u00e9able et constante pendant de longues p\u00e9riodes. De plus, sa puissance de chauffage de 6 kW est suffisante pour chauffer une pi\u00e8ce de taille moyenne.  Outre ses performances, ce po\u00eale \u00e0 bois offre \u00e9galement une facilit\u00e9 d'utilisation. Son syst\u00e8me de contr\u00f4le de l'air permet de r\u00e9guler facilement l'intensit\u00e9 de la combustion, tandis que sa grande porte vitr\u00e9e offre une vue magnifique sur les flammes dansantes.  En choisissant le po\u00eale \u00e0 bois JOTUL F602 ECO BP, vous b\u00e9n\u00e9ficiez d'un produit de qualit\u00e9 sup\u00e9rieure qui allie style, performance et respect de l'environnement. Profitez d'une chaleur agr\u00e9able et d'une ambiance chaleureuse dans votre maison tout en r\u00e9duisant votre empreinte carbone. Ne laissez pas passer cette occasion de cr\u00e9er un foyer accueillant et \u00e9cologique.","og_url":"https:\/\/magiedufeu.ch\/fr\/produit\/jotul-poele-a-bois-f602-eco-bp-noir-av-arrivee-dair-exterieur\/","og_site_name":"Mosoni-Vuissoz Magie du Feu","article_publisher":"https:\/\/www.facebook.com\/magiedufeu.mdf\/","article_modified_time":"2024-09-21T08:59:56+00:00","og_image":[{"width":1080,"height":1080,"url":"https:\/\/magiedufeu.ch\/wp-content\/uploads\/2000\/01\/Design-sans-titre-11-1.png?wsr","type":"image\/png"}],"twitter_card":"summary_large_image","twitter_misc":{"Dur\u00e9e de lecture estim\u00e9e":"1 minute"},"schema":{"@context":"https:\/\/schema.org","@graph":[{"@type":"WebPage","@id":"https:\/\/magiedufeu.ch\/fr\/produit\/jotul-poele-a-bois-f602-eco-bp-noir-av-arrivee-dair-exterieur\/","url":"https:\/\/magiedufeu.ch\/fr\/produit\/jotul-poele-a-bois-f602-eco-bp-noir-av-arrivee-dair-exterieur\/","name":"JOTUL POELE A BOIS F602 ECO BP NOIR AV.ARRIVEE D\u2019AIR EXTERIEUR - Mosoni-Vuissoz Magie du Feu","isPartOf":{"@id":"https:\/\/magiedufeu.ch\/#website"},"primaryImageOfPage":{"@id":"https:\/\/magiedufeu.ch\/fr\/produit\/jotul-poele-a-bois-f602-eco-bp-noir-av-arrivee-dair-exterieur\/#primaryimage"},"image":{"@id":"https:\/\/magiedufeu.ch\/fr\/produit\/jotul-poele-a-bois-f602-eco-bp-noir-av-arrivee-dair-exterieur\/#primaryimage"},"thumbnailUrl":"https:\/\/magiedufeu.ch\/wp-content\/uploads\/2000\/01\/Design-sans-titre-11-1.png?wsr","datePublished":"2000-01-01T00:00:00+00:00","dateModified":"2024-09-21T08:59:56+00:00","breadcrumb":{"@id":"https:\/\/magiedufeu.ch\/fr\/produit\/jotul-poele-a-bois-f602-eco-bp-noir-av-arrivee-dair-exterieur\/#breadcrumb"},"inLanguage":"fr-FR","potentialAction":[{"@type":"ReadAction","target":["https:\/\/magiedufeu.ch\/fr\/produit\/jotul-poele-a-bois-f602-eco-bp-noir-av-arrivee-dair-exterieur\/"]}]},{"@type":"ImageObject","inLanguage":"fr-FR","@id":"https:\/\/magiedufeu.ch\/fr\/produit\/jotul-poele-a-bois-f602-eco-bp-noir-av-arrivee-dair-exterieur\/#primaryimage","url":"https:\/\/magiedufeu.ch\/wp-content\/uploads\/2000\/01\/Design-sans-titre-11-1.png?wsr","contentUrl":"https:\/\/magiedufeu.ch\/wp-content\/uploads\/2000\/01\/Design-sans-titre-11-1.png?wsr","width":1080,"height":1080},{"@type":"BreadcrumbList","@id":"https:\/\/magiedufeu.ch\/fr\/produit\/jotul-poele-a-bois-f602-eco-bp-noir-av-arrivee-dair-exterieur\/#breadcrumb","itemListElement":[{"@type":"ListItem","position":1,"name":"Accueil","item":"https:\/\/magiedufeu.ch\/"},{"@type":"ListItem","position":2,"name":"Boutique","item":"https:\/\/magiedufeu.ch\/fr\/boutique\/"},{"@type":"ListItem","position":3,"name":"JOTUL POELE A BOIS F602 ECO BP NOIR AV.ARRIVEE D\u2019AIR EXTERIEUR"}]},{"@type":"WebSite","@id":"https:\/\/magiedufeu.ch\/#website","url":"https:\/\/magiedufeu.ch\/","name":"Mosoni-Vuissoz Magie du Feu","description":"","publisher":{"@id":"https:\/\/magiedufeu.ch\/#organization"},"potentialAction":[{"@type":"SearchAction","target":{"@type":"EntryPoint","urlTemplate":"https:\/\/magiedufeu.ch\/?s={search_term_string}"},"query-input":{"@type":"PropertyValueSpecification","valueRequired":true,"valueName":"search_term_string"}}],"inLanguage":"fr-FR"},{"@type":"Organization","@id":"https:\/\/magiedufeu.ch\/#organization","name":"Mosoni-Vuissoz Magie du Feu","url":"https:\/\/magiedufeu.ch\/","logo":{"@type":"ImageObject","inLanguage":"fr-FR","@id":"https:\/\/magiedufeu.ch\/#\/schema\/logo\/image\/","url":"https:\/\/magiedufeu.ch\/wp-content\/uploads\/2021\/06\/Mosoni-Vuissoz-logo-1024x536-1-46d285e0.png","contentUrl":"https:\/\/magiedufeu.ch\/wp-content\/uploads\/2021\/06\/Mosoni-Vuissoz-logo-1024x536-1-46d285e0.png","width":200,"height":105,"caption":"Mosoni-Vuissoz Magie du Feu"},"image":{"@id":"https:\/\/magiedufeu.ch\/#\/schema\/logo\/image\/"},"sameAs":["https:\/\/www.facebook.com\/magiedufeu.mdf\/"]}]}},"_links":{"self":[{"href":"https:\/\/magiedufeu.ch\/fr\/wp-json\/wp\/v2\/product\/8990","targetHints":{"allow":["GET"]}}],"collection":[{"href":"https:\/\/magiedufeu.ch\/fr\/wp-json\/wp\/v2\/product"}],"about":[{"href":"https:\/\/magiedufeu.ch\/fr\/wp-json\/wp\/v2\/types\/product"}],"replies":[{"embeddable":true,"href":"https:\/\/magiedufeu.ch\/fr\/wp-json\/wp\/v2\/comments?post=8990"}],"wp:featuredmedia":[{"embeddable":true,"href":"https:\/\/magiedufeu.ch\/fr\/wp-json\/wp\/v2\/media\/11443"}],"wp:attachment":[{"href":"https:\/\/magiedufeu.ch\/fr\/wp-json\/wp\/v2\/media?parent=8990"}],"wp:term":[{"taxonomy":"product_cat","embeddable":true,"href":"https:\/\/magiedufeu.ch\/fr\/wp-json\/wp\/v2\/product_cat?post=8990"},{"taxonomy":"product_tag","embeddable":true,"href":"https:\/\/magiedufeu.ch\/fr\/wp-json\/wp\/v2\/product_tag?post=8990"}],"curies":[{"name":"wp","href":"https:\/\/api.w.org\/{rel}","templated":true}]}}