{"id":8988,"date":"2000-01-01T00:00:00","date_gmt":"2000-01-01T00:00:00","guid":{"rendered":"https:\/\/magiedufeu.ch\/?post_type=product&#038;p=8988"},"modified":"2024-11-07T10:35:07","modified_gmt":"2024-11-07T10:35:07","slug":"jotul-poele-bois-f500-se-eco-bp-noir","status":"publish","type":"product","link":"https:\/\/magiedufeu.ch\/fr\/produit\/jotul-poele-bois-f500-se-eco-bp-noir\/","title":{"rendered":"JOTUL PO\u00caLE \u00c0 BOIS F500 SE ECO BP NOIR"},"content":{"rendered":"<p>Le J\u00f8tul F 500 ECO SE est absolument identique au Jotul F500 ECO, \u00e0 l&#8217;exception d&#8217;un d\u00e9tail de design sur la porte. Profitez d&#8217;une vue imprenable sur le feu gr\u00e2ce \u00e0 la porte enti\u00e8rement vitr\u00e9e (sans grille d\u00e9corative). Solution de cendrier ext\u00e9rieure et l\u00e8vre de cendrier int\u00e9gr\u00e9e. \u00c9QUIPEMENT SUPPL\u00c9MENTAIRE : kit d&#8217;alimentation en air de combustion externe, bouclier thermique pour une distance r\u00e9duite \u00e0 l&#8217;arri\u00e8re.  <\/p>\n<p>&nbsp;<\/p>\n<p>Hauteur : 732 mm Largeur : 793 mm Profondeur : 713 mm Poids : 200 kg<\/p>\n<p>&nbsp;<\/p>\n<p><strong><a href=\"https:\/\/magiedufeu.ch\/wp-content\/uploads\/2000\/01\/DATENBLATT.F500-ECO.pdf\">DESSIN TECHNIQUE.F500 SE ECO<\/a><\/strong><\/p>\n","protected":false},"excerpt":{"rendered":"<p>Hauteur 732 mm Largeur 793 mm Profondeur 713 mm Poids 200 kg Foyer jusqu&#8217;\u00e0 55 cm \u00c9vacuation des fum\u00e9es \u00d8 150 mm \u00c9vacuation des fum\u00e9es par le haut\/par l&#8217;arri\u00e8re Puissance nominale 8,8 kW Rendement 82 % Capacit\u00e9 de chauffage jusqu&#8217;\u00e0 350 m\u00b3 \u00c9mission de CO \u00e0 13 % d&#8217;O2 0,090 % Envoy\u00e9<\/p>\n","protected":false},"featured_media":11477,"comment_status":"closed","ping_status":"closed","template":"","meta":[],"product_cat":[210,207],"product_tag":[],"class_list":{"0":"post-8988","1":"product","2":"type-product","3":"status-publish","4":"has-post-thumbnail","6":"product_cat-bois-fr","7":"product_cat-poeles","9":"first","10":"outofstock","11":"taxable","12":"shipping-taxable","13":"purchasable","14":"product-type-simple"},"yoast_head":"<!-- This site is optimized with the Yoast SEO plugin v23.7 - https:\/\/yoast.com\/wordpress\/plugins\/seo\/ -->\n<title>JOTUL PO\u00caLE \u00c0 BOIS F500 SE ECO BP NOIR - Mosoni-Vuissoz Magie du Feu<\/title>\n<meta name=\"robots\" content=\"index, follow, max-snippet:-1, max-image-preview:large, max-video-preview:-1\" \/>\n<link rel=\"canonical\" href=\"https:\/\/magiedufeu.ch\/fr\/produit\/jotul-poele-bois-f500-se-eco-bp-noir\/\" \/>\n<meta property=\"og:locale\" content=\"fr_FR\" \/>\n<meta property=\"og:type\" content=\"article\" \/>\n<meta property=\"og:title\" content=\"JOTUL PO\u00caLE \u00c0 BOIS F500 SE ECO BP NOIR - Mosoni-Vuissoz Magie du Feu\" \/>\n<meta property=\"og:description\" content=\"Hauteur 732 mm Largeur 793 mm Profondeur 713 mm Poids 200 kg Foyer jusqu&#039;\u00e0 55 cm \u00c9vacuation des fum\u00e9es \u00d8 150 mm \u00c9vacuation des fum\u00e9es par le haut\/par l&#039;arri\u00e8re Puissance nominale 8,8 kW Rendement 82 % Capacit\u00e9 de chauffage jusqu&#039;\u00e0 350 m\u00b3 \u00c9mission de CO \u00e0 13 % d&#039;O2 0,090 % Envoy\u00e9\" \/>\n<meta property=\"og:url\" content=\"https:\/\/magiedufeu.ch\/fr\/produit\/jotul-poele-bois-f500-se-eco-bp-noir\/\" \/>\n<meta property=\"og:site_name\" content=\"Mosoni-Vuissoz Magie du Feu\" \/>\n<meta property=\"article:publisher\" content=\"https:\/\/www.facebook.com\/magiedufeu.mdf\/\" \/>\n<meta property=\"article:modified_time\" content=\"2024-11-07T10:35:07+00:00\" \/>\n<meta property=\"og:image\" content=\"https:\/\/magiedufeu.ch\/wp-content\/uploads\/2000\/01\/Design-sans-titre-20-1.png?wsr\" \/>\n\t<meta property=\"og:image:width\" content=\"1080\" \/>\n\t<meta property=\"og:image:height\" content=\"1080\" \/>\n\t<meta property=\"og:image:type\" content=\"image\/png\" \/>\n<meta name=\"twitter:card\" content=\"summary_large_image\" \/>\n<meta name=\"twitter:label1\" content=\"Dur\u00e9e de lecture estim\u00e9e\" \/>\n\t<meta name=\"twitter:data1\" content=\"1 minute\" \/>\n<script type=\"application\/ld+json\" class=\"yoast-schema-graph\">{\"@context\":\"https:\/\/schema.org\",\"@graph\":[{\"@type\":\"WebPage\",\"@id\":\"https:\/\/magiedufeu.ch\/fr\/produit\/jotul-poele-bois-f500-se-eco-bp-noir\/\",\"url\":\"https:\/\/magiedufeu.ch\/fr\/produit\/jotul-poele-bois-f500-se-eco-bp-noir\/\",\"name\":\"JOTUL PO\u00caLE \u00c0 BOIS F500 SE ECO BP NOIR - Mosoni-Vuissoz Magie du Feu\",\"isPartOf\":{\"@id\":\"https:\/\/magiedufeu.ch\/#website\"},\"primaryImageOfPage\":{\"@id\":\"https:\/\/magiedufeu.ch\/fr\/produit\/jotul-poele-bois-f500-se-eco-bp-noir\/#primaryimage\"},\"image\":{\"@id\":\"https:\/\/magiedufeu.ch\/fr\/produit\/jotul-poele-bois-f500-se-eco-bp-noir\/#primaryimage\"},\"thumbnailUrl\":\"https:\/\/magiedufeu.ch\/wp-content\/uploads\/2000\/01\/Design-sans-titre-20-1.png?wsr\",\"datePublished\":\"2000-01-01T00:00:00+00:00\",\"dateModified\":\"2024-11-07T10:35:07+00:00\",\"breadcrumb\":{\"@id\":\"https:\/\/magiedufeu.ch\/fr\/produit\/jotul-poele-bois-f500-se-eco-bp-noir\/#breadcrumb\"},\"inLanguage\":\"fr-FR\",\"potentialAction\":[{\"@type\":\"ReadAction\",\"target\":[\"https:\/\/magiedufeu.ch\/fr\/produit\/jotul-poele-bois-f500-se-eco-bp-noir\/\"]}]},{\"@type\":\"ImageObject\",\"inLanguage\":\"fr-FR\",\"@id\":\"https:\/\/magiedufeu.ch\/fr\/produit\/jotul-poele-bois-f500-se-eco-bp-noir\/#primaryimage\",\"url\":\"https:\/\/magiedufeu.ch\/wp-content\/uploads\/2000\/01\/Design-sans-titre-20-1.png?wsr\",\"contentUrl\":\"https:\/\/magiedufeu.ch\/wp-content\/uploads\/2000\/01\/Design-sans-titre-20-1.png?wsr\",\"width\":1080,\"height\":1080},{\"@type\":\"BreadcrumbList\",\"@id\":\"https:\/\/magiedufeu.ch\/fr\/produit\/jotul-poele-bois-f500-se-eco-bp-noir\/#breadcrumb\",\"itemListElement\":[{\"@type\":\"ListItem\",\"position\":1,\"name\":\"Accueil\",\"item\":\"https:\/\/magiedufeu.ch\/\"},{\"@type\":\"ListItem\",\"position\":2,\"name\":\"Boutique\",\"item\":\"https:\/\/magiedufeu.ch\/fr\/boutique\/\"},{\"@type\":\"ListItem\",\"position\":3,\"name\":\"JOTUL PO\u00caLE \u00c0 BOIS F500 SE ECO BP NOIR\"}]},{\"@type\":\"WebSite\",\"@id\":\"https:\/\/magiedufeu.ch\/#website\",\"url\":\"https:\/\/magiedufeu.ch\/\",\"name\":\"Mosoni-Vuissoz Magie du Feu\",\"description\":\"\",\"publisher\":{\"@id\":\"https:\/\/magiedufeu.ch\/#organization\"},\"potentialAction\":[{\"@type\":\"SearchAction\",\"target\":{\"@type\":\"EntryPoint\",\"urlTemplate\":\"https:\/\/magiedufeu.ch\/?s={search_term_string}\"},\"query-input\":{\"@type\":\"PropertyValueSpecification\",\"valueRequired\":true,\"valueName\":\"search_term_string\"}}],\"inLanguage\":\"fr-FR\"},{\"@type\":\"Organization\",\"@id\":\"https:\/\/magiedufeu.ch\/#organization\",\"name\":\"Mosoni-Vuissoz Magie du Feu\",\"url\":\"https:\/\/magiedufeu.ch\/\",\"logo\":{\"@type\":\"ImageObject\",\"inLanguage\":\"fr-FR\",\"@id\":\"https:\/\/magiedufeu.ch\/#\/schema\/logo\/image\/\",\"url\":\"https:\/\/magiedufeu.ch\/wp-content\/uploads\/2021\/06\/Mosoni-Vuissoz-logo-1024x536-1-46d285e0.png\",\"contentUrl\":\"https:\/\/magiedufeu.ch\/wp-content\/uploads\/2021\/06\/Mosoni-Vuissoz-logo-1024x536-1-46d285e0.png\",\"width\":200,\"height\":105,\"caption\":\"Mosoni-Vuissoz Magie du Feu\"},\"image\":{\"@id\":\"https:\/\/magiedufeu.ch\/#\/schema\/logo\/image\/\"},\"sameAs\":[\"https:\/\/www.facebook.com\/magiedufeu.mdf\/\"]}]}<\/script>\n<!-- \/ Yoast SEO plugin. -->","yoast_head_json":{"title":"JOTUL PO\u00caLE \u00c0 BOIS F500 SE ECO BP NOIR - Mosoni-Vuissoz Magie du Feu","robots":{"index":"index","follow":"follow","max-snippet":"max-snippet:-1","max-image-preview":"max-image-preview:large","max-video-preview":"max-video-preview:-1"},"canonical":"https:\/\/magiedufeu.ch\/fr\/produit\/jotul-poele-bois-f500-se-eco-bp-noir\/","og_locale":"fr_FR","og_type":"article","og_title":"JOTUL PO\u00caLE \u00c0 BOIS F500 SE ECO BP NOIR - Mosoni-Vuissoz Magie du Feu","og_description":"Hauteur 732 mm Largeur 793 mm Profondeur 713 mm Poids 200 kg Foyer jusqu'\u00e0 55 cm \u00c9vacuation des fum\u00e9es \u00d8 150 mm \u00c9vacuation des fum\u00e9es par le haut\/par l'arri\u00e8re Puissance nominale 8,8 kW Rendement 82 % Capacit\u00e9 de chauffage jusqu'\u00e0 350 m\u00b3 \u00c9mission de CO \u00e0 13 % d'O2 0,090 % Envoy\u00e9","og_url":"https:\/\/magiedufeu.ch\/fr\/produit\/jotul-poele-bois-f500-se-eco-bp-noir\/","og_site_name":"Mosoni-Vuissoz Magie du Feu","article_publisher":"https:\/\/www.facebook.com\/magiedufeu.mdf\/","article_modified_time":"2024-11-07T10:35:07+00:00","og_image":[{"width":1080,"height":1080,"url":"https:\/\/magiedufeu.ch\/wp-content\/uploads\/2000\/01\/Design-sans-titre-20-1.png?wsr","type":"image\/png"}],"twitter_card":"summary_large_image","twitter_misc":{"Dur\u00e9e de lecture estim\u00e9e":"1 minute"},"schema":{"@context":"https:\/\/schema.org","@graph":[{"@type":"WebPage","@id":"https:\/\/magiedufeu.ch\/fr\/produit\/jotul-poele-bois-f500-se-eco-bp-noir\/","url":"https:\/\/magiedufeu.ch\/fr\/produit\/jotul-poele-bois-f500-se-eco-bp-noir\/","name":"JOTUL PO\u00caLE \u00c0 BOIS F500 SE ECO BP NOIR - Mosoni-Vuissoz Magie du Feu","isPartOf":{"@id":"https:\/\/magiedufeu.ch\/#website"},"primaryImageOfPage":{"@id":"https:\/\/magiedufeu.ch\/fr\/produit\/jotul-poele-bois-f500-se-eco-bp-noir\/#primaryimage"},"image":{"@id":"https:\/\/magiedufeu.ch\/fr\/produit\/jotul-poele-bois-f500-se-eco-bp-noir\/#primaryimage"},"thumbnailUrl":"https:\/\/magiedufeu.ch\/wp-content\/uploads\/2000\/01\/Design-sans-titre-20-1.png?wsr","datePublished":"2000-01-01T00:00:00+00:00","dateModified":"2024-11-07T10:35:07+00:00","breadcrumb":{"@id":"https:\/\/magiedufeu.ch\/fr\/produit\/jotul-poele-bois-f500-se-eco-bp-noir\/#breadcrumb"},"inLanguage":"fr-FR","potentialAction":[{"@type":"ReadAction","target":["https:\/\/magiedufeu.ch\/fr\/produit\/jotul-poele-bois-f500-se-eco-bp-noir\/"]}]},{"@type":"ImageObject","inLanguage":"fr-FR","@id":"https:\/\/magiedufeu.ch\/fr\/produit\/jotul-poele-bois-f500-se-eco-bp-noir\/#primaryimage","url":"https:\/\/magiedufeu.ch\/wp-content\/uploads\/2000\/01\/Design-sans-titre-20-1.png?wsr","contentUrl":"https:\/\/magiedufeu.ch\/wp-content\/uploads\/2000\/01\/Design-sans-titre-20-1.png?wsr","width":1080,"height":1080},{"@type":"BreadcrumbList","@id":"https:\/\/magiedufeu.ch\/fr\/produit\/jotul-poele-bois-f500-se-eco-bp-noir\/#breadcrumb","itemListElement":[{"@type":"ListItem","position":1,"name":"Accueil","item":"https:\/\/magiedufeu.ch\/"},{"@type":"ListItem","position":2,"name":"Boutique","item":"https:\/\/magiedufeu.ch\/fr\/boutique\/"},{"@type":"ListItem","position":3,"name":"JOTUL PO\u00caLE \u00c0 BOIS F500 SE ECO BP NOIR"}]},{"@type":"WebSite","@id":"https:\/\/magiedufeu.ch\/#website","url":"https:\/\/magiedufeu.ch\/","name":"Mosoni-Vuissoz Magie du Feu","description":"","publisher":{"@id":"https:\/\/magiedufeu.ch\/#organization"},"potentialAction":[{"@type":"SearchAction","target":{"@type":"EntryPoint","urlTemplate":"https:\/\/magiedufeu.ch\/?s={search_term_string}"},"query-input":{"@type":"PropertyValueSpecification","valueRequired":true,"valueName":"search_term_string"}}],"inLanguage":"fr-FR"},{"@type":"Organization","@id":"https:\/\/magiedufeu.ch\/#organization","name":"Mosoni-Vuissoz Magie du Feu","url":"https:\/\/magiedufeu.ch\/","logo":{"@type":"ImageObject","inLanguage":"fr-FR","@id":"https:\/\/magiedufeu.ch\/#\/schema\/logo\/image\/","url":"https:\/\/magiedufeu.ch\/wp-content\/uploads\/2021\/06\/Mosoni-Vuissoz-logo-1024x536-1-46d285e0.png","contentUrl":"https:\/\/magiedufeu.ch\/wp-content\/uploads\/2021\/06\/Mosoni-Vuissoz-logo-1024x536-1-46d285e0.png","width":200,"height":105,"caption":"Mosoni-Vuissoz Magie du Feu"},"image":{"@id":"https:\/\/magiedufeu.ch\/#\/schema\/logo\/image\/"},"sameAs":["https:\/\/www.facebook.com\/magiedufeu.mdf\/"]}]}},"_links":{"self":[{"href":"https:\/\/magiedufeu.ch\/fr\/wp-json\/wp\/v2\/product\/8988","targetHints":{"allow":["GET"]}}],"collection":[{"href":"https:\/\/magiedufeu.ch\/fr\/wp-json\/wp\/v2\/product"}],"about":[{"href":"https:\/\/magiedufeu.ch\/fr\/wp-json\/wp\/v2\/types\/product"}],"replies":[{"embeddable":true,"href":"https:\/\/magiedufeu.ch\/fr\/wp-json\/wp\/v2\/comments?post=8988"}],"wp:featuredmedia":[{"embeddable":true,"href":"https:\/\/magiedufeu.ch\/fr\/wp-json\/wp\/v2\/media\/11477"}],"wp:attachment":[{"href":"https:\/\/magiedufeu.ch\/fr\/wp-json\/wp\/v2\/media?parent=8988"}],"wp:term":[{"taxonomy":"product_cat","embeddable":true,"href":"https:\/\/magiedufeu.ch\/fr\/wp-json\/wp\/v2\/product_cat?post=8988"},{"taxonomy":"product_tag","embeddable":true,"href":"https:\/\/magiedufeu.ch\/fr\/wp-json\/wp\/v2\/product_tag?post=8988"}],"curies":[{"name":"wp","href":"https:\/\/api.w.org\/{rel}","templated":true}]}}