{"id":8930,"date":"2000-01-01T00:00:00","date_gmt":"2000-01-01T00:00:00","guid":{"rendered":"https:\/\/magiedufeu.ch\/?post_type=product&#038;p=8930"},"modified":"2024-11-07T10:41:55","modified_gmt":"2024-11-07T10:41:55","slug":"bac-de-combustion-a-granules-de-metal-brut-heta-quad","status":"publish","type":"product","link":"https:\/\/magiedufeu.ch\/fr\/produit\/bac-de-combustion-a-granules-de-metal-brut-heta-quad\/","title":{"rendered":"HETA QUAD PLATEAU DE CUISSON \u00c0 PELLETS EN M\u00c9TAL BRUT"},"content":{"rendered":"<p>Le Quad Outdoor Pellet Fire de HETA est un nouveau produit de jardin r\u00e9volutionnaire qui ornera votre terrasse comme un bel accessoire et prolongera vos soir\u00e9es avec un feu confortable et chaleureux de mani\u00e8re tr\u00e8s pratique. Le Quad est fabriqu\u00e9 en acier Corten, un mat\u00e9riau populaire que HETA utilise depuis de nombreuses ann\u00e9es pour ses produits d&#8217;ext\u00e9rieur ainsi que pour la fabrication de po\u00eales. L&#8217;acier corten forme une belle surface patin\u00e9e qui r\u00e9siste \u00e0 toutes les conditions climatiques. HETA Quad mesure 50 cm de haut et 37 cm de large dans sa partie inf\u00e9rieure. Le plateau de combustion amovible a un volume d&#8217;environ 4 kg de granul\u00e9s de bois, ce qui suffit pour produire de belles flammes pendant environ 1,5 heure, et les braises assurent ensuite une chaleur rayonnante agr\u00e9able pendant encore 1,5 heure. La banque de puissance fournie avec le HETA Quad, associ\u00e9e au ventilateur int\u00e9gr\u00e9, permet de contr\u00f4ler la combustion. Le HETA Quad est id\u00e9al pour la terrasse, o\u00f9 il cr\u00e9e une atmosph\u00e8re agr\u00e9able et conviviale en fin de soir\u00e9e. Lorsque les flammes sont \u00e9teintes, les braises qui suivent sont id\u00e9ales pour que les enfants puissent, par exemple, faire de d\u00e9licieuses guimauves ou du pain de mie. Le HETA Quad attire \u00e9galement le regard pour accueillir les invit\u00e9s \u00e0 l&#8217;entr\u00e9e de la maison ou d&#8217;un restaurant. La combustion est totalement inodore et sans fum\u00e9e, les seules choses que vous entendez sont les flammes qui dansent. Lorsque le feu est \u00e9teint et que les braises ont refroidi, le plateau de combustion peut \u00eatre facilement retir\u00e9 du HETA Quad, ce qui permet de se d\u00e9barrasser facilement des cendres. Une fois vid\u00e9, le bac de combustion peut \u00eatre \u00e0 nouveau rempli de granul\u00e9s de bois secs. En appliquant la p\u00e2te \u00e0 br\u00fbler fournie, les granul\u00e9s s&#8217;enflamment facilement, ce qui permet de continuer \u00e0 faire un bon feu.<\/p>\n<p><a href=\"https:\/\/magiedufeu.ch\/wp-content\/uploads\/2000\/01\/instructions-QUAD.pdf\">instructions-QUAD<\/a><\/p>\n<p><a href=\"https:\/\/magiedufeu.ch\/wp-content\/uploads\/2000\/01\/drawing-Outdoor-pellet-burner-QUAD.pdf\">drawing-Outdoor-pellet-burner-QUAD<\/a><\/p>\n","protected":false},"excerpt":{"rendered":"<p>Le Quad Outdoor Pellet Fire de HETA est un nouveau produit de jardin r\u00e9volutionnaire qui ornera votre terrasse comme un bel accessoire et prolongera vos soir\u00e9es avec un feu confortable et chaleureux de mani\u00e8re tr\u00e8s pratique. Le Quad est fabriqu\u00e9 en acier Corten, un mat\u00e9riau populaire que HETA utilise depuis de nombreuses ann\u00e9es pour ses produits d&#8217;ext\u00e9rieur ainsi que pour la fabrication de po\u00eales. L&#8217;acier corten forme une belle surface patin\u00e9e qui r\u00e9siste \u00e0 toutes les conditions climatiques. HETA Quad mesure 50 cm de haut et 37 cm de large dans sa partie inf\u00e9rieure. Le plateau de combustion amovible a un volume d&#8217;environ 4 kg de granul\u00e9s de bois, ce qui suffit pour produire de belles flammes pendant environ 1,5 heure, et les braises assurent ensuite une chaleur rayonnante agr\u00e9able pendant encore 1,5 heure. La banque de puissance fournie avec le HETA Quad, associ\u00e9e au ventilateur int\u00e9gr\u00e9, permet de contr\u00f4ler la combustion. Le HETA Quad est id\u00e9al pour la terrasse, o\u00f9 il cr\u00e9e une atmosph\u00e8re agr\u00e9able et conviviale en fin de soir\u00e9e. Lorsque les flammes sont \u00e9teintes, les braises qui suivent sont id\u00e9ales pour que les enfants puissent, par exemple, pr\u00e9parer de d\u00e9licieux marshmallows ou du pain de mie. Le HETA Quad attire \u00e9galement le regard pour accueillir les invit\u00e9s \u00e0 l&#8217;entr\u00e9e de la maison ou d&#8217;un restaurant. La combustion est totalement inodore et sans fum\u00e9e, les seules choses que vous entendez sont les flammes qui dansent. Lorsque le feu s&#8217;est \u00e9teint et que les braises ont refroidi, le plateau de combustion peut \u00eatre facilement retir\u00e9 du HETA Quad, ce qui permet de se d\u00e9barrasser facilement des cendres. Une fois vid\u00e9, le bac de combustion peut \u00eatre \u00e0 nouveau rempli de granul\u00e9s de bois secs. En appliquant la p\u00e2te \u00e0 br\u00fbler fournie, les granul\u00e9s s&#8217;enflamment facilement, ce qui permet de continuer \u00e0 faire un bon feu.<\/p>\n<p><a href=\"https:\/\/magiedufeu.ch\/wp-content\/uploads\/2000\/01\/instructions-QUAD.pdf\">instructions-QUAD<\/a><\/p>\n<p><a href=\"https:\/\/magiedufeu.ch\/wp-content\/uploads\/2000\/01\/drawing-Outdoor-pellet-burner-QUAD.pdf\">drawing-Outdoor-pellet-burner-QUAD<\/a><\/p>\n","protected":false},"featured_media":11016,"comment_status":"closed","ping_status":"closed","template":"","meta":[],"product_cat":[200,205],"product_tag":[],"class_list":{"0":"post-8930","1":"product","2":"type-product","3":"status-publish","4":"has-post-thumbnail","6":"product_cat-accessoires-et-combustibles","7":"product_cat-chauffage-de-terrasse","9":"first","10":"instock","11":"taxable","12":"shipping-taxable","13":"purchasable","14":"product-type-simple"},"yoast_head":"<!-- This site is optimized with the Yoast SEO plugin v23.7 - https:\/\/yoast.com\/wordpress\/plugins\/seo\/ -->\n<title>HETA QUAD PLATEAU DE CUISSON \u00c0 PELLETS EN M\u00c9TAL BRUT - Mosoni-Vuissoz Magie du Feu<\/title>\n<meta name=\"robots\" content=\"index, follow, max-snippet:-1, max-image-preview:large, max-video-preview:-1\" \/>\n<link rel=\"canonical\" href=\"https:\/\/magiedufeu.ch\/fr\/produit\/heta-quad-brasero-a-pellets-en-metal-brut\/\" \/>\n<meta property=\"og:locale\" content=\"fr_FR\" \/>\n<meta property=\"og:type\" content=\"article\" \/>\n<meta property=\"og:title\" content=\"HETA QUAD PLATEAU DE CUISSON \u00c0 PELLETS EN M\u00c9TAL BRUT - Mosoni-Vuissoz Magie du Feu\" \/>\n<meta property=\"og:description\" content=\"Le Quad Outdoor Pellet Fire de HETA est un nouveau produit de jardin r\u00e9volutionnaire qui ornera votre terrasse comme un bel accessoire et prolongera vos soir\u00e9es avec un feu confortable et chaleureux de mani\u00e8re tr\u00e8s pratique. Le Quad est fabriqu\u00e9 en acier Corten, un mat\u00e9riau populaire que HETA utilise depuis de nombreuses ann\u00e9es pour ses produits d&#039;ext\u00e9rieur ainsi que pour la fabrication de po\u00eales. L&#039;acier corten forme une belle surface patin\u00e9e qui r\u00e9siste \u00e0 toutes les conditions climatiques. HETA Quad mesure 50 cm de haut et 37 cm de large dans sa partie inf\u00e9rieure. Le plateau de combustion amovible a un volume d&#039;environ 4 kg de granul\u00e9s de bois, ce qui suffit pour produire de belles flammes pendant environ 1,5 heure, et les braises assurent ensuite une chaleur rayonnante agr\u00e9able pendant encore 1,5 heure. La banque de puissance fournie avec le HETA Quad, associ\u00e9e au ventilateur int\u00e9gr\u00e9, permet de contr\u00f4ler la combustion. Le HETA Quad est id\u00e9al pour la terrasse, o\u00f9 il cr\u00e9e une atmosph\u00e8re agr\u00e9able et conviviale en fin de soir\u00e9e. Lorsque les flammes sont \u00e9teintes, les braises qui suivent sont id\u00e9ales pour que les enfants puissent, par exemple, pr\u00e9parer de d\u00e9licieux marshmallows ou du pain de mie. Le HETA Quad attire \u00e9galement le regard pour accueillir les invit\u00e9s \u00e0 l&#039;entr\u00e9e de la maison ou d&#039;un restaurant. La combustion est totalement inodore et sans fum\u00e9e, les seules choses que vous entendez sont les flammes qui dansent. Lorsque le feu s&#039;est \u00e9teint et que les braises ont refroidi, le plateau de combustion peut \u00eatre facilement retir\u00e9 du HETA Quad, ce qui permet de se d\u00e9barrasser facilement des cendres. Une fois vid\u00e9, le bac de combustion peut \u00eatre \u00e0 nouveau rempli de granul\u00e9s de bois secs. En appliquant la p\u00e2te \u00e0 br\u00fbler fournie, les granul\u00e9s s&#039;enflamment facilement, ce qui permet de continuer \u00e0 faire un bon feu.         instructions-QUAD drawing-Outdoor-pellet-burner-QUAD\" \/>\n<meta property=\"og:url\" content=\"https:\/\/magiedufeu.ch\/fr\/produit\/heta-quad-brasero-a-pellets-en-metal-brut\/\" \/>\n<meta property=\"og:site_name\" content=\"Mosoni-Vuissoz Magie du Feu\" \/>\n<meta property=\"article:publisher\" content=\"https:\/\/www.facebook.com\/magiedufeu.mdf\/\" \/>\n<meta property=\"article:modified_time\" content=\"2024-11-07T10:41:55+00:00\" \/>\n<meta property=\"og:image\" content=\"https:\/\/magiedufeu.ch\/wp-content\/uploads\/2024\/09\/Design-sans-titre-26.png?wsr\" \/>\n\t<meta property=\"og:image:width\" content=\"1024\" \/>\n\t<meta property=\"og:image:height\" content=\"1024\" \/>\n\t<meta property=\"og:image:type\" content=\"image\/png\" \/>\n<meta name=\"twitter:card\" content=\"summary_large_image\" \/>\n<meta name=\"twitter:label1\" content=\"Dur\u00e9e de lecture estim\u00e9e\" \/>\n\t<meta name=\"twitter:data1\" content=\"2 minutes\" \/>\n<script type=\"application\/ld+json\" class=\"yoast-schema-graph\">{\"@context\":\"https:\/\/schema.org\",\"@graph\":[{\"@type\":\"WebPage\",\"@id\":\"https:\/\/magiedufeu.ch\/fr\/produit\/heta-quad-brasero-a-pellets-en-metal-brut\/\",\"url\":\"https:\/\/magiedufeu.ch\/fr\/produit\/heta-quad-brasero-a-pellets-en-metal-brut\/\",\"name\":\"HETA QUAD PLATEAU DE CUISSON \u00c0 PELLETS EN M\u00c9TAL BRUT - Mosoni-Vuissoz Magie du Feu\",\"isPartOf\":{\"@id\":\"https:\/\/magiedufeu.ch\/#website\"},\"primaryImageOfPage\":{\"@id\":\"https:\/\/magiedufeu.ch\/fr\/produit\/heta-quad-brasero-a-pellets-en-metal-brut\/#primaryimage\"},\"image\":{\"@id\":\"https:\/\/magiedufeu.ch\/fr\/produit\/heta-quad-brasero-a-pellets-en-metal-brut\/#primaryimage\"},\"thumbnailUrl\":\"https:\/\/magiedufeu.ch\/wp-content\/uploads\/2024\/09\/Design-sans-titre-26-1.png?wsr\",\"datePublished\":\"2000-01-01T00:00:00+00:00\",\"dateModified\":\"2024-11-07T10:41:55+00:00\",\"breadcrumb\":{\"@id\":\"https:\/\/magiedufeu.ch\/fr\/produit\/heta-quad-brasero-a-pellets-en-metal-brut\/#breadcrumb\"},\"inLanguage\":\"fr-FR\",\"potentialAction\":[{\"@type\":\"ReadAction\",\"target\":[\"https:\/\/magiedufeu.ch\/fr\/produit\/heta-quad-brasero-a-pellets-en-metal-brut\/\"]}]},{\"@type\":\"ImageObject\",\"inLanguage\":\"fr-FR\",\"@id\":\"https:\/\/magiedufeu.ch\/fr\/produit\/heta-quad-brasero-a-pellets-en-metal-brut\/#primaryimage\",\"url\":\"https:\/\/magiedufeu.ch\/wp-content\/uploads\/2024\/09\/Design-sans-titre-26-1.png?wsr\",\"contentUrl\":\"https:\/\/magiedufeu.ch\/wp-content\/uploads\/2024\/09\/Design-sans-titre-26-1.png?wsr\",\"width\":1080,\"height\":1080},{\"@type\":\"BreadcrumbList\",\"@id\":\"https:\/\/magiedufeu.ch\/fr\/produit\/heta-quad-brasero-a-pellets-en-metal-brut\/#breadcrumb\",\"itemListElement\":[{\"@type\":\"ListItem\",\"position\":1,\"name\":\"Accueil\",\"item\":\"https:\/\/magiedufeu.ch\/\"},{\"@type\":\"ListItem\",\"position\":2,\"name\":\"Boutique\",\"item\":\"https:\/\/magiedufeu.ch\/fr\/boutique\/\"},{\"@type\":\"ListItem\",\"position\":3,\"name\":\"HETA QUAD PLATEAU DE CUISSON \u00c0 PELLETS EN M\u00c9TAL BRUT\"}]},{\"@type\":\"WebSite\",\"@id\":\"https:\/\/magiedufeu.ch\/#website\",\"url\":\"https:\/\/magiedufeu.ch\/\",\"name\":\"Mosoni-Vuissoz Magie du Feu\",\"description\":\"\",\"publisher\":{\"@id\":\"https:\/\/magiedufeu.ch\/#organization\"},\"potentialAction\":[{\"@type\":\"SearchAction\",\"target\":{\"@type\":\"EntryPoint\",\"urlTemplate\":\"https:\/\/magiedufeu.ch\/?s={search_term_string}\"},\"query-input\":{\"@type\":\"PropertyValueSpecification\",\"valueRequired\":true,\"valueName\":\"search_term_string\"}}],\"inLanguage\":\"fr-FR\"},{\"@type\":\"Organization\",\"@id\":\"https:\/\/magiedufeu.ch\/#organization\",\"name\":\"Mosoni-Vuissoz Magie du Feu\",\"url\":\"https:\/\/magiedufeu.ch\/\",\"logo\":{\"@type\":\"ImageObject\",\"inLanguage\":\"fr-FR\",\"@id\":\"https:\/\/magiedufeu.ch\/#\/schema\/logo\/image\/\",\"url\":\"https:\/\/magiedufeu.ch\/wp-content\/uploads\/2021\/06\/Mosoni-Vuissoz-logo-1024x536-1-46d285e0.png\",\"contentUrl\":\"https:\/\/magiedufeu.ch\/wp-content\/uploads\/2021\/06\/Mosoni-Vuissoz-logo-1024x536-1-46d285e0.png\",\"width\":200,\"height\":105,\"caption\":\"Mosoni-Vuissoz Magie du Feu\"},\"image\":{\"@id\":\"https:\/\/magiedufeu.ch\/#\/schema\/logo\/image\/\"},\"sameAs\":[\"https:\/\/www.facebook.com\/magiedufeu.mdf\/\"]}]}<\/script>\n<!-- \/ Yoast SEO plugin. -->","yoast_head_json":{"title":"HETA QUAD PLATEAU DE CUISSON \u00c0 PELLETS EN M\u00c9TAL BRUT - Mosoni-Vuissoz Magie du Feu","robots":{"index":"index","follow":"follow","max-snippet":"max-snippet:-1","max-image-preview":"max-image-preview:large","max-video-preview":"max-video-preview:-1"},"canonical":"https:\/\/magiedufeu.ch\/fr\/produit\/heta-quad-brasero-a-pellets-en-metal-brut\/","og_locale":"fr_FR","og_type":"article","og_title":"HETA QUAD PLATEAU DE CUISSON \u00c0 PELLETS EN M\u00c9TAL BRUT - Mosoni-Vuissoz Magie du Feu","og_description":"Le Quad Outdoor Pellet Fire de HETA est un nouveau produit de jardin r\u00e9volutionnaire qui ornera votre terrasse comme un bel accessoire et prolongera vos soir\u00e9es avec un feu confortable et chaleureux de mani\u00e8re tr\u00e8s pratique. Le Quad est fabriqu\u00e9 en acier Corten, un mat\u00e9riau populaire que HETA utilise depuis de nombreuses ann\u00e9es pour ses produits d'ext\u00e9rieur ainsi que pour la fabrication de po\u00eales. L'acier corten forme une belle surface patin\u00e9e qui r\u00e9siste \u00e0 toutes les conditions climatiques. HETA Quad mesure 50 cm de haut et 37 cm de large dans sa partie inf\u00e9rieure. Le plateau de combustion amovible a un volume d'environ 4 kg de granul\u00e9s de bois, ce qui suffit pour produire de belles flammes pendant environ 1,5 heure, et les braises assurent ensuite une chaleur rayonnante agr\u00e9able pendant encore 1,5 heure. La banque de puissance fournie avec le HETA Quad, associ\u00e9e au ventilateur int\u00e9gr\u00e9, permet de contr\u00f4ler la combustion. Le HETA Quad est id\u00e9al pour la terrasse, o\u00f9 il cr\u00e9e une atmosph\u00e8re agr\u00e9able et conviviale en fin de soir\u00e9e. Lorsque les flammes sont \u00e9teintes, les braises qui suivent sont id\u00e9ales pour que les enfants puissent, par exemple, pr\u00e9parer de d\u00e9licieux marshmallows ou du pain de mie. Le HETA Quad attire \u00e9galement le regard pour accueillir les invit\u00e9s \u00e0 l'entr\u00e9e de la maison ou d'un restaurant. La combustion est totalement inodore et sans fum\u00e9e, les seules choses que vous entendez sont les flammes qui dansent. Lorsque le feu s'est \u00e9teint et que les braises ont refroidi, le plateau de combustion peut \u00eatre facilement retir\u00e9 du HETA Quad, ce qui permet de se d\u00e9barrasser facilement des cendres. Une fois vid\u00e9, le bac de combustion peut \u00eatre \u00e0 nouveau rempli de granul\u00e9s de bois secs. En appliquant la p\u00e2te \u00e0 br\u00fbler fournie, les granul\u00e9s s'enflamment facilement, ce qui permet de continuer \u00e0 faire un bon feu.         instructions-QUAD drawing-Outdoor-pellet-burner-QUAD","og_url":"https:\/\/magiedufeu.ch\/fr\/produit\/heta-quad-brasero-a-pellets-en-metal-brut\/","og_site_name":"Mosoni-Vuissoz Magie du Feu","article_publisher":"https:\/\/www.facebook.com\/magiedufeu.mdf\/","article_modified_time":"2024-11-07T10:41:55+00:00","og_image":[{"url":"https:\/\/magiedufeu.ch\/wp-content\/uploads\/2024\/09\/Design-sans-titre-26.png?wsr","width":1024,"height":1024,"type":"image\/png"}],"twitter_card":"summary_large_image","twitter_misc":{"Dur\u00e9e de lecture estim\u00e9e":"2 minutes"},"schema":{"@context":"https:\/\/schema.org","@graph":[{"@type":"WebPage","@id":"https:\/\/magiedufeu.ch\/fr\/produit\/heta-quad-brasero-a-pellets-en-metal-brut\/","url":"https:\/\/magiedufeu.ch\/fr\/produit\/heta-quad-brasero-a-pellets-en-metal-brut\/","name":"HETA QUAD PLATEAU DE CUISSON \u00c0 PELLETS EN M\u00c9TAL BRUT - Mosoni-Vuissoz Magie du Feu","isPartOf":{"@id":"https:\/\/magiedufeu.ch\/#website"},"primaryImageOfPage":{"@id":"https:\/\/magiedufeu.ch\/fr\/produit\/heta-quad-brasero-a-pellets-en-metal-brut\/#primaryimage"},"image":{"@id":"https:\/\/magiedufeu.ch\/fr\/produit\/heta-quad-brasero-a-pellets-en-metal-brut\/#primaryimage"},"thumbnailUrl":"https:\/\/magiedufeu.ch\/wp-content\/uploads\/2024\/09\/Design-sans-titre-26-1.png?wsr","datePublished":"2000-01-01T00:00:00+00:00","dateModified":"2024-11-07T10:41:55+00:00","breadcrumb":{"@id":"https:\/\/magiedufeu.ch\/fr\/produit\/heta-quad-brasero-a-pellets-en-metal-brut\/#breadcrumb"},"inLanguage":"fr-FR","potentialAction":[{"@type":"ReadAction","target":["https:\/\/magiedufeu.ch\/fr\/produit\/heta-quad-brasero-a-pellets-en-metal-brut\/"]}]},{"@type":"ImageObject","inLanguage":"fr-FR","@id":"https:\/\/magiedufeu.ch\/fr\/produit\/heta-quad-brasero-a-pellets-en-metal-brut\/#primaryimage","url":"https:\/\/magiedufeu.ch\/wp-content\/uploads\/2024\/09\/Design-sans-titre-26-1.png?wsr","contentUrl":"https:\/\/magiedufeu.ch\/wp-content\/uploads\/2024\/09\/Design-sans-titre-26-1.png?wsr","width":1080,"height":1080},{"@type":"BreadcrumbList","@id":"https:\/\/magiedufeu.ch\/fr\/produit\/heta-quad-brasero-a-pellets-en-metal-brut\/#breadcrumb","itemListElement":[{"@type":"ListItem","position":1,"name":"Accueil","item":"https:\/\/magiedufeu.ch\/"},{"@type":"ListItem","position":2,"name":"Boutique","item":"https:\/\/magiedufeu.ch\/fr\/boutique\/"},{"@type":"ListItem","position":3,"name":"HETA QUAD PLATEAU DE CUISSON \u00c0 PELLETS EN M\u00c9TAL BRUT"}]},{"@type":"WebSite","@id":"https:\/\/magiedufeu.ch\/#website","url":"https:\/\/magiedufeu.ch\/","name":"Mosoni-Vuissoz Magie du Feu","description":"","publisher":{"@id":"https:\/\/magiedufeu.ch\/#organization"},"potentialAction":[{"@type":"SearchAction","target":{"@type":"EntryPoint","urlTemplate":"https:\/\/magiedufeu.ch\/?s={search_term_string}"},"query-input":{"@type":"PropertyValueSpecification","valueRequired":true,"valueName":"search_term_string"}}],"inLanguage":"fr-FR"},{"@type":"Organization","@id":"https:\/\/magiedufeu.ch\/#organization","name":"Mosoni-Vuissoz Magie du Feu","url":"https:\/\/magiedufeu.ch\/","logo":{"@type":"ImageObject","inLanguage":"fr-FR","@id":"https:\/\/magiedufeu.ch\/#\/schema\/logo\/image\/","url":"https:\/\/magiedufeu.ch\/wp-content\/uploads\/2021\/06\/Mosoni-Vuissoz-logo-1024x536-1-46d285e0.png","contentUrl":"https:\/\/magiedufeu.ch\/wp-content\/uploads\/2021\/06\/Mosoni-Vuissoz-logo-1024x536-1-46d285e0.png","width":200,"height":105,"caption":"Mosoni-Vuissoz Magie du Feu"},"image":{"@id":"https:\/\/magiedufeu.ch\/#\/schema\/logo\/image\/"},"sameAs":["https:\/\/www.facebook.com\/magiedufeu.mdf\/"]}]}},"_links":{"self":[{"href":"https:\/\/magiedufeu.ch\/fr\/wp-json\/wp\/v2\/product\/8930","targetHints":{"allow":["GET"]}}],"collection":[{"href":"https:\/\/magiedufeu.ch\/fr\/wp-json\/wp\/v2\/product"}],"about":[{"href":"https:\/\/magiedufeu.ch\/fr\/wp-json\/wp\/v2\/types\/product"}],"replies":[{"embeddable":true,"href":"https:\/\/magiedufeu.ch\/fr\/wp-json\/wp\/v2\/comments?post=8930"}],"wp:featuredmedia":[{"embeddable":true,"href":"https:\/\/magiedufeu.ch\/fr\/wp-json\/wp\/v2\/media\/11016"}],"wp:attachment":[{"href":"https:\/\/magiedufeu.ch\/fr\/wp-json\/wp\/v2\/media?parent=8930"}],"wp:term":[{"taxonomy":"product_cat","embeddable":true,"href":"https:\/\/magiedufeu.ch\/fr\/wp-json\/wp\/v2\/product_cat?post=8930"},{"taxonomy":"product_tag","embeddable":true,"href":"https:\/\/magiedufeu.ch\/fr\/wp-json\/wp\/v2\/product_tag?post=8930"}],"curies":[{"name":"wp","href":"https:\/\/api.w.org\/{rel}","templated":true}]}}