{"id":8928,"date":"2000-01-01T00:00:00","date_gmt":"2000-01-01T00:00:00","guid":{"rendered":"https:\/\/magiedufeu.ch\/?post_type=product&#038;p=8928"},"modified":"2025-11-22T10:21:41","modified_gmt":"2025-11-22T10:21:41","slug":"poele-a-pellets-sl-green-150-heta-pierre-ollaire","status":"publish","type":"product","link":"https:\/\/magiedufeu.ch\/fr\/produit\/poele-a-pellets-sl-green-150-heta-pierre-ollaire\/","title":{"rendered":"Po\u00eale \u00e0 pellets Scan-Line GREEN 150 Pierre Ollaire cadre noir"},"content":{"rendered":"<h2>Pourquoi choisir le po\u00eale \u00e0 pellets Scan Line Green 150 Heta ?<\/h2>\n<p>Avec le po\u00eale \u00e0 pellets Scan-Line Green 150 de HETA, vous pouvez chauffer votre maison sans faire de compromis sur le confort. Cet \u00e9l\u00e9gant po\u00eale \u00e0 pellets enti\u00e8rement automatique est dot\u00e9 d&#8217;une grande vitre qui vous permet d&#8217;admirer le jeu des flammes tout en cr\u00e9ant une atmosph\u00e8re chaleureuse dans votre maison. Le Scan-Line Green 150 est incroyablement facile \u00e0 utiliser et dispose d&#8217;un grand \u00e9cran. R\u00e9glez la temp\u00e9rature et la puissance souhait\u00e9es et \u00e9conomisez du combustible en programmant votre po\u00eale \u00e0 pellets en fonction de vos besoins en chauffage.<\/p>\n<h2>Les avantages du po\u00eale \u00e0 pellets Scan-Line Green 150 :<\/h2>\n<p>Outre sa simplicit\u00e9 d&#8217;utilisation et son confort, le Scan-Line Green 150 vous offre une chaleur agr\u00e9able et douillette. Il r\u00e9gule automatiquement l&#8217;air de combustion, garantissant ainsi une combustion optimale. Asseyez-vous et d\u00e9tendez-vous. Une fois la temp\u00e9rature ambiante souhait\u00e9e atteinte, le Scan-Line Green 150 ajuste automatiquement sa puissance jusqu&#8217;\u00e0 ce que vous ayez \u00e0 nouveau besoin de chaleur. Ce po\u00eale est \u00e9galement disponible en acier.<\/p>\n<h3>Caract\u00e9ristiques principales du produit :<\/h3>\n<p>Hauteur : 1034 mm<\/p>\n<p>Largeur : 470 mm<\/p>\n<p>Profondeur : 596 mm<\/p>\n<p>M\u00e8tres carr\u00e9s : 25-150 m\u00b2<\/p>\n<p>&nbsp;<\/p>\n<p><strong><a href=\"https:\/\/magiedufeu.ch\/wp-content\/uploads\/2000\/01\/DATENBLATT.SLGREEN150.pdf\">FICHE TECHNIQUE.GREEN150<\/a><\/strong><\/p>\n","protected":false},"excerpt":{"rendered":"<p>Hauteur : 1034 mm<\/p>\n<p>Largeur : 470 mm<\/p>\n<p>Profondeur : 596 mm<\/p>\n<p>M\u00e8tres carr\u00e9s : 25-150 m\u00b2<\/p>\n","protected":false},"featured_media":12633,"comment_status":"closed","ping_status":"closed","template":"","meta":[],"product_cat":[213,207],"product_tag":[],"class_list":{"0":"post-8928","1":"product","2":"type-product","3":"status-publish","4":"has-post-thumbnail","6":"product_cat-pellets-fr-2","7":"product_cat-poeles","9":"first","10":"instock","11":"taxable","12":"shipping-taxable","13":"purchasable","14":"product-type-simple"},"yoast_head":"<!-- This site is optimized with the Yoast SEO plugin v23.7 - https:\/\/yoast.com\/wordpress\/plugins\/seo\/ -->\n<title>Po\u00eale \u00e0 pellets Scan-Line GREEN 150 Pierre Ollaire cadre noir - Mosoni-Vuissoz Magie du Feu<\/title>\n<meta name=\"description\" content=\"Avec le po\u00eale \u00e0 pellets Scan-Line Green 150 de HETA, vous pouvez chauffer votre maison sans faire de compromis sur le confort. Cet \u00e9l\u00e9gant po\u00eale \u00e0 ...\" \/>\n<meta name=\"robots\" content=\"index, follow, max-snippet:-1, max-image-preview:large, max-video-preview:-1\" \/>\n<link rel=\"canonical\" href=\"https:\/\/magiedufeu.ch\/fr\/produit\/poele-a-pellets-sl-green-150-heta-pierre-ollaire\/\" \/>\n<meta property=\"og:locale\" content=\"fr_FR\" \/>\n<meta property=\"og:type\" content=\"article\" \/>\n<meta property=\"og:title\" content=\"Po\u00eale \u00e0 pellets Scan-Line GREEN 150 Pierre Ollaire cadre noir - Mosoni-Vuissoz Magie du Feu\" \/>\n<meta property=\"og:description\" content=\"Avec le po\u00eale \u00e0 pellets Scan-Line Green 150 de HETA, vous pouvez chauffer votre maison sans faire de compromis sur le confort. Cet \u00e9l\u00e9gant po\u00eale \u00e0 ...\" \/>\n<meta property=\"og:url\" content=\"https:\/\/magiedufeu.ch\/fr\/produit\/poele-a-pellets-sl-green-150-heta-pierre-ollaire\/\" \/>\n<meta property=\"og:site_name\" content=\"Mosoni-Vuissoz Magie du Feu\" \/>\n<meta property=\"article:publisher\" content=\"https:\/\/www.facebook.com\/magiedufeu.mdf\/\" \/>\n<meta property=\"article:modified_time\" content=\"2025-11-22T10:21:41+00:00\" \/>\n<meta property=\"og:image\" content=\"https:\/\/magiedufeu.ch\/wp-content\/uploads\/2000\/01\/Design-sans-titre-_44_.webp?wsr\" \/>\n\t<meta property=\"og:image:width\" content=\"1080\" \/>\n\t<meta property=\"og:image:height\" content=\"1080\" \/>\n\t<meta property=\"og:image:type\" content=\"image\/webp\" \/>\n<meta name=\"twitter:card\" content=\"summary_large_image\" \/>\n<meta name=\"twitter:label1\" content=\"Dur\u00e9e de lecture estim\u00e9e\" \/>\n\t<meta name=\"twitter:data1\" content=\"2 minutes\" \/>\n<script type=\"application\/ld+json\" class=\"yoast-schema-graph\">{\"@context\":\"https:\/\/schema.org\",\"@graph\":[{\"@type\":\"WebPage\",\"@id\":\"https:\/\/magiedufeu.ch\/fr\/produit\/poele-a-pellets-sl-green-150-heta-pierre-ollaire\/\",\"url\":\"https:\/\/magiedufeu.ch\/fr\/produit\/poele-a-pellets-sl-green-150-heta-pierre-ollaire\/\",\"name\":\"Po\u00eale \u00e0 pellets Scan-Line GREEN 150 Pierre Ollaire cadre noir - Mosoni-Vuissoz Magie du Feu\",\"isPartOf\":{\"@id\":\"https:\/\/magiedufeu.ch\/#website\"},\"primaryImageOfPage\":{\"@id\":\"https:\/\/magiedufeu.ch\/fr\/produit\/poele-a-pellets-sl-green-150-heta-pierre-ollaire\/#primaryimage\"},\"image\":{\"@id\":\"https:\/\/magiedufeu.ch\/fr\/produit\/poele-a-pellets-sl-green-150-heta-pierre-ollaire\/#primaryimage\"},\"thumbnailUrl\":\"https:\/\/magiedufeu.ch\/wp-content\/uploads\/2000\/01\/Design-sans-titre-_44_.webp?wsr\",\"datePublished\":\"2000-01-01T00:00:00+00:00\",\"dateModified\":\"2025-11-22T10:21:41+00:00\",\"description\":\"Avec le po\u00eale \u00e0 pellets Scan-Line Green 150 de HETA, vous pouvez chauffer votre maison sans faire de compromis sur le confort. Cet \u00e9l\u00e9gant po\u00eale \u00e0 ...\",\"breadcrumb\":{\"@id\":\"https:\/\/magiedufeu.ch\/fr\/produit\/poele-a-pellets-sl-green-150-heta-pierre-ollaire\/#breadcrumb\"},\"inLanguage\":\"fr-FR\",\"potentialAction\":[{\"@type\":\"ReadAction\",\"target\":[\"https:\/\/magiedufeu.ch\/fr\/produit\/poele-a-pellets-sl-green-150-heta-pierre-ollaire\/\"]}]},{\"@type\":\"ImageObject\",\"inLanguage\":\"fr-FR\",\"@id\":\"https:\/\/magiedufeu.ch\/fr\/produit\/poele-a-pellets-sl-green-150-heta-pierre-ollaire\/#primaryimage\",\"url\":\"https:\/\/magiedufeu.ch\/wp-content\/uploads\/2000\/01\/Design-sans-titre-_44_.webp?wsr\",\"contentUrl\":\"https:\/\/magiedufeu.ch\/wp-content\/uploads\/2000\/01\/Design-sans-titre-_44_.webp?wsr\",\"width\":1080,\"height\":1080},{\"@type\":\"BreadcrumbList\",\"@id\":\"https:\/\/magiedufeu.ch\/fr\/produit\/poele-a-pellets-sl-green-150-heta-pierre-ollaire\/#breadcrumb\",\"itemListElement\":[{\"@type\":\"ListItem\",\"position\":1,\"name\":\"Accueil\",\"item\":\"https:\/\/magiedufeu.ch\/\"},{\"@type\":\"ListItem\",\"position\":2,\"name\":\"Boutique\",\"item\":\"https:\/\/magiedufeu.ch\/fr\/boutique\/\"},{\"@type\":\"ListItem\",\"position\":3,\"name\":\"Po\u00eale \u00e0 pellets Scan-Line GREEN 150 Pierre Ollaire cadre noir\"}]},{\"@type\":\"WebSite\",\"@id\":\"https:\/\/magiedufeu.ch\/#website\",\"url\":\"https:\/\/magiedufeu.ch\/\",\"name\":\"Mosoni-Vuissoz Magie du Feu\",\"description\":\"\",\"publisher\":{\"@id\":\"https:\/\/magiedufeu.ch\/#organization\"},\"potentialAction\":[{\"@type\":\"SearchAction\",\"target\":{\"@type\":\"EntryPoint\",\"urlTemplate\":\"https:\/\/magiedufeu.ch\/?s={search_term_string}\"},\"query-input\":{\"@type\":\"PropertyValueSpecification\",\"valueRequired\":true,\"valueName\":\"search_term_string\"}}],\"inLanguage\":\"fr-FR\"},{\"@type\":\"Organization\",\"@id\":\"https:\/\/magiedufeu.ch\/#organization\",\"name\":\"Mosoni-Vuissoz Magie du Feu\",\"url\":\"https:\/\/magiedufeu.ch\/\",\"logo\":{\"@type\":\"ImageObject\",\"inLanguage\":\"fr-FR\",\"@id\":\"https:\/\/magiedufeu.ch\/#\/schema\/logo\/image\/\",\"url\":\"https:\/\/magiedufeu.ch\/wp-content\/uploads\/2021\/06\/Mosoni-Vuissoz-logo-1024x536-1-46d285e0.png\",\"contentUrl\":\"https:\/\/magiedufeu.ch\/wp-content\/uploads\/2021\/06\/Mosoni-Vuissoz-logo-1024x536-1-46d285e0.png\",\"width\":200,\"height\":105,\"caption\":\"Mosoni-Vuissoz Magie du Feu\"},\"image\":{\"@id\":\"https:\/\/magiedufeu.ch\/#\/schema\/logo\/image\/\"},\"sameAs\":[\"https:\/\/www.facebook.com\/magiedufeu.mdf\/\"]}]}<\/script>\n<!-- \/ Yoast SEO plugin. -->","yoast_head_json":{"title":"Po\u00eale \u00e0 pellets Scan-Line GREEN 150 Pierre Ollaire cadre noir - Mosoni-Vuissoz Magie du Feu","description":"Avec le po\u00eale \u00e0 pellets Scan-Line Green 150 de HETA, vous pouvez chauffer votre maison sans faire de compromis sur le confort. Cet \u00e9l\u00e9gant po\u00eale \u00e0 ...","robots":{"index":"index","follow":"follow","max-snippet":"max-snippet:-1","max-image-preview":"max-image-preview:large","max-video-preview":"max-video-preview:-1"},"canonical":"https:\/\/magiedufeu.ch\/fr\/produit\/poele-a-pellets-sl-green-150-heta-pierre-ollaire\/","og_locale":"fr_FR","og_type":"article","og_title":"Po\u00eale \u00e0 pellets Scan-Line GREEN 150 Pierre Ollaire cadre noir - Mosoni-Vuissoz Magie du Feu","og_description":"Avec le po\u00eale \u00e0 pellets Scan-Line Green 150 de HETA, vous pouvez chauffer votre maison sans faire de compromis sur le confort. Cet \u00e9l\u00e9gant po\u00eale \u00e0 ...","og_url":"https:\/\/magiedufeu.ch\/fr\/produit\/poele-a-pellets-sl-green-150-heta-pierre-ollaire\/","og_site_name":"Mosoni-Vuissoz Magie du Feu","article_publisher":"https:\/\/www.facebook.com\/magiedufeu.mdf\/","article_modified_time":"2025-11-22T10:21:41+00:00","og_image":[{"width":1080,"height":1080,"url":"https:\/\/magiedufeu.ch\/wp-content\/uploads\/2000\/01\/Design-sans-titre-_44_.webp?wsr","type":"image\/webp"}],"twitter_card":"summary_large_image","twitter_misc":{"Dur\u00e9e de lecture estim\u00e9e":"2 minutes"},"schema":{"@context":"https:\/\/schema.org","@graph":[{"@type":"WebPage","@id":"https:\/\/magiedufeu.ch\/fr\/produit\/poele-a-pellets-sl-green-150-heta-pierre-ollaire\/","url":"https:\/\/magiedufeu.ch\/fr\/produit\/poele-a-pellets-sl-green-150-heta-pierre-ollaire\/","name":"Po\u00eale \u00e0 pellets Scan-Line GREEN 150 Pierre Ollaire cadre noir - Mosoni-Vuissoz Magie du Feu","isPartOf":{"@id":"https:\/\/magiedufeu.ch\/#website"},"primaryImageOfPage":{"@id":"https:\/\/magiedufeu.ch\/fr\/produit\/poele-a-pellets-sl-green-150-heta-pierre-ollaire\/#primaryimage"},"image":{"@id":"https:\/\/magiedufeu.ch\/fr\/produit\/poele-a-pellets-sl-green-150-heta-pierre-ollaire\/#primaryimage"},"thumbnailUrl":"https:\/\/magiedufeu.ch\/wp-content\/uploads\/2000\/01\/Design-sans-titre-_44_.webp?wsr","datePublished":"2000-01-01T00:00:00+00:00","dateModified":"2025-11-22T10:21:41+00:00","description":"Avec le po\u00eale \u00e0 pellets Scan-Line Green 150 de HETA, vous pouvez chauffer votre maison sans faire de compromis sur le confort. Cet \u00e9l\u00e9gant po\u00eale \u00e0 ...","breadcrumb":{"@id":"https:\/\/magiedufeu.ch\/fr\/produit\/poele-a-pellets-sl-green-150-heta-pierre-ollaire\/#breadcrumb"},"inLanguage":"fr-FR","potentialAction":[{"@type":"ReadAction","target":["https:\/\/magiedufeu.ch\/fr\/produit\/poele-a-pellets-sl-green-150-heta-pierre-ollaire\/"]}]},{"@type":"ImageObject","inLanguage":"fr-FR","@id":"https:\/\/magiedufeu.ch\/fr\/produit\/poele-a-pellets-sl-green-150-heta-pierre-ollaire\/#primaryimage","url":"https:\/\/magiedufeu.ch\/wp-content\/uploads\/2000\/01\/Design-sans-titre-_44_.webp?wsr","contentUrl":"https:\/\/magiedufeu.ch\/wp-content\/uploads\/2000\/01\/Design-sans-titre-_44_.webp?wsr","width":1080,"height":1080},{"@type":"BreadcrumbList","@id":"https:\/\/magiedufeu.ch\/fr\/produit\/poele-a-pellets-sl-green-150-heta-pierre-ollaire\/#breadcrumb","itemListElement":[{"@type":"ListItem","position":1,"name":"Accueil","item":"https:\/\/magiedufeu.ch\/"},{"@type":"ListItem","position":2,"name":"Boutique","item":"https:\/\/magiedufeu.ch\/fr\/boutique\/"},{"@type":"ListItem","position":3,"name":"Po\u00eale \u00e0 pellets Scan-Line GREEN 150 Pierre Ollaire cadre noir"}]},{"@type":"WebSite","@id":"https:\/\/magiedufeu.ch\/#website","url":"https:\/\/magiedufeu.ch\/","name":"Mosoni-Vuissoz Magie du Feu","description":"","publisher":{"@id":"https:\/\/magiedufeu.ch\/#organization"},"potentialAction":[{"@type":"SearchAction","target":{"@type":"EntryPoint","urlTemplate":"https:\/\/magiedufeu.ch\/?s={search_term_string}"},"query-input":{"@type":"PropertyValueSpecification","valueRequired":true,"valueName":"search_term_string"}}],"inLanguage":"fr-FR"},{"@type":"Organization","@id":"https:\/\/magiedufeu.ch\/#organization","name":"Mosoni-Vuissoz Magie du Feu","url":"https:\/\/magiedufeu.ch\/","logo":{"@type":"ImageObject","inLanguage":"fr-FR","@id":"https:\/\/magiedufeu.ch\/#\/schema\/logo\/image\/","url":"https:\/\/magiedufeu.ch\/wp-content\/uploads\/2021\/06\/Mosoni-Vuissoz-logo-1024x536-1-46d285e0.png","contentUrl":"https:\/\/magiedufeu.ch\/wp-content\/uploads\/2021\/06\/Mosoni-Vuissoz-logo-1024x536-1-46d285e0.png","width":200,"height":105,"caption":"Mosoni-Vuissoz Magie du Feu"},"image":{"@id":"https:\/\/magiedufeu.ch\/#\/schema\/logo\/image\/"},"sameAs":["https:\/\/www.facebook.com\/magiedufeu.mdf\/"]}]}},"_links":{"self":[{"href":"https:\/\/magiedufeu.ch\/fr\/wp-json\/wp\/v2\/product\/8928","targetHints":{"allow":["GET"]}}],"collection":[{"href":"https:\/\/magiedufeu.ch\/fr\/wp-json\/wp\/v2\/product"}],"about":[{"href":"https:\/\/magiedufeu.ch\/fr\/wp-json\/wp\/v2\/types\/product"}],"replies":[{"embeddable":true,"href":"https:\/\/magiedufeu.ch\/fr\/wp-json\/wp\/v2\/comments?post=8928"}],"wp:featuredmedia":[{"embeddable":true,"href":"https:\/\/magiedufeu.ch\/fr\/wp-json\/wp\/v2\/media\/12633"}],"wp:attachment":[{"href":"https:\/\/magiedufeu.ch\/fr\/wp-json\/wp\/v2\/media?parent=8928"}],"wp:term":[{"taxonomy":"product_cat","embeddable":true,"href":"https:\/\/magiedufeu.ch\/fr\/wp-json\/wp\/v2\/product_cat?post=8928"},{"taxonomy":"product_tag","embeddable":true,"href":"https:\/\/magiedufeu.ch\/fr\/wp-json\/wp\/v2\/product_tag?post=8928"}],"curies":[{"name":"wp","href":"https:\/\/api.w.org\/{rel}","templated":true}]}}