{"id":8917,"date":"2000-01-01T00:00:00","date_gmt":"2000-01-01T00:00:00","guid":{"rendered":"https:\/\/magiedufeu.ch\/?post_type=product&#038;p=8917"},"modified":"2026-02-07T10:22:37","modified_gmt":"2026-02-07T10:22:37","slug":"poele-a-bois-mini-la-batiaz-pierre-ollaire-bouchardee","status":"publish","type":"product","link":"https:\/\/magiedufeu.ch\/fr\/produit\/poele-a-bois-mini-la-batiaz-pierre-ollaire-bouchardee\/","title":{"rendered":"Po\u00eale \u00e0 bois MINI LA BATIAZ MAGIC FIRES Pierre Ollaire Bouchard\u00e9e"},"content":{"rendered":"<h2>Pourquoi choisir un po\u00eale Mini La Batiaz Magic Fires ?<\/h2>\n<p>La particularit\u00e9 de ce po\u00eale est qu&#8217;il a de la pierre ollaire bouchard\u00e9e qui entoure les c\u00f4t\u00e9s et le dessus du foyer, c&#8217;est ce qui lui donne son allure traditionnelle.<\/p>\n<p><em>Remarque : il est possible de rajouter une gravure d&#8217;animaux ou personnalis\u00e9e sur la face frontale.\u00a0<\/em><\/p>\n<h2>Les avantages du po\u00eale \u00e0 bois Mini La Batiaz Magic Fires :<\/h2>\n<p>Gr\u00e2ce \u00e0 sa pierre ollaire sur le dessus et sur les c\u00f4t\u00e9s, ce po\u00eale a une bonne capacit\u00e9 d&#8217;accumulation de la chaleur. Il a un grand cendrier. Il est rond, ce qui lui permet de trouver sa place \u00e0 n&#8217;importe quel endroit dans votre maison.<\/p>\n<h3>Caract\u00e9ristiques principales du produit :<\/h3>\n<p>Hauteur : 1190 mm<\/p>\n<p>Largeur : 504 mm<\/p>\n<p>Profondeur : 468 mm<\/p>\n<p>Poids : ~ 260 kg<\/p>\n<p>Puissance : 3-8 kW<\/p>\n<p>&nbsp;<\/p>\n<p><strong><a href=\"https:\/\/magiedufeu.ch\/wp-content\/uploads\/2000\/01\/DATENBLATT.SL520W-1.pdf\">FICHE TECHNIQUE.MINI LA BATIAZ<\/a><\/strong><\/p>\n","protected":false},"excerpt":{"rendered":"<p>Hauteur : 1190 mm<\/p>\n<p>Largeur : 504 mm<\/p>\n<p>Profondeur : 468 mm<\/p>\n<p>Poids : ~ 260 kg<\/p>\n<p>Puissance : 3-8 kW<\/p>\n","protected":false},"featured_media":12960,"comment_status":"closed","ping_status":"closed","template":"","meta":[],"product_cat":[212,207],"product_tag":[3876,480,3875,1029,568,3874,530,3877,3873],"class_list":{"0":"post-8917","1":"product","2":"type-product","3":"status-publish","4":"has-post-thumbnail","6":"product_cat-poele-de-masse","7":"product_cat-poeles","8":"product_tag-av-gravure","9":"product_tag-heta","10":"product_tag-la-batiaz","11":"product_tag-mini","12":"product_tag-noir","13":"product_tag-p-oll-boucharde","14":"product_tag-poele-a-bois","15":"product_tag-sans-dos","16":"product_tag-sl520w","18":"first","19":"instock","20":"taxable","21":"shipping-taxable","22":"purchasable","23":"product-type-simple"},"yoast_head":"<!-- This site is optimized with the Yoast SEO plugin v23.7 - https:\/\/yoast.com\/wordpress\/plugins\/seo\/ -->\n<title>Po\u00eale \u00e0 bois MINI LA BATIAZ MAGIC FIRES Pierre Ollaire Bouchard\u00e9e - Mosoni-Vuissoz Magie du Feu<\/title>\n<meta name=\"description\" content=\"La particularit\u00e9 de ce po\u00eale est qu&#039;il a de la pierre ollaire bouchard\u00e9e qui entoure les c\u00f4t\u00e9s et le dessus du foyer, c&#039;est ce qui lui donne son allure ...\" \/>\n<meta name=\"robots\" content=\"index, follow, max-snippet:-1, max-image-preview:large, max-video-preview:-1\" \/>\n<link rel=\"canonical\" href=\"https:\/\/magiedufeu.ch\/fr\/produit\/poele-a-bois-mini-la-batiaz-pierre-ollaire-bouchardee\/\" \/>\n<meta property=\"og:locale\" content=\"fr_FR\" \/>\n<meta property=\"og:type\" content=\"article\" \/>\n<meta property=\"og:title\" content=\"Po\u00eale \u00e0 bois MINI LA BATIAZ MAGIC FIRES Pierre Ollaire Bouchard\u00e9e - Mosoni-Vuissoz Magie du Feu\" \/>\n<meta property=\"og:description\" content=\"La particularit\u00e9 de ce po\u00eale est qu&#039;il a de la pierre ollaire bouchard\u00e9e qui entoure les c\u00f4t\u00e9s et le dessus du foyer, c&#039;est ce qui lui donne son allure ...\" \/>\n<meta property=\"og:url\" content=\"https:\/\/magiedufeu.ch\/fr\/produit\/poele-a-bois-mini-la-batiaz-pierre-ollaire-bouchardee\/\" \/>\n<meta property=\"og:site_name\" content=\"Mosoni-Vuissoz Magie du Feu\" \/>\n<meta property=\"article:publisher\" content=\"https:\/\/www.facebook.com\/magiedufeu.mdf\/\" \/>\n<meta property=\"article:modified_time\" content=\"2026-02-07T10:22:37+00:00\" \/>\n<meta property=\"og:image\" content=\"https:\/\/magiedufeu.ch\/wp-content\/uploads\/2000\/01\/Poids-_-150-kg-Puissance-7-Kw-Rendement-80_8-_-Sortie-de-fumee-150-mm-Largeur-_-600-mm-Profondeur-_-13.webp?wsr\" \/>\n\t<meta property=\"og:image:width\" content=\"1080\" \/>\n\t<meta property=\"og:image:height\" content=\"1080\" \/>\n\t<meta property=\"og:image:type\" content=\"image\/webp\" \/>\n<meta name=\"twitter:card\" content=\"summary_large_image\" \/>\n<meta name=\"twitter:label1\" content=\"Dur\u00e9e de lecture estim\u00e9e\" \/>\n\t<meta name=\"twitter:data1\" content=\"1 minute\" \/>\n<script type=\"application\/ld+json\" class=\"yoast-schema-graph\">{\"@context\":\"https:\/\/schema.org\",\"@graph\":[{\"@type\":\"WebPage\",\"@id\":\"https:\/\/magiedufeu.ch\/fr\/produit\/poele-a-bois-mini-la-batiaz-pierre-ollaire-bouchardee\/\",\"url\":\"https:\/\/magiedufeu.ch\/fr\/produit\/poele-a-bois-mini-la-batiaz-pierre-ollaire-bouchardee\/\",\"name\":\"Po\u00eale \u00e0 bois MINI LA BATIAZ MAGIC FIRES Pierre Ollaire Bouchard\u00e9e - Mosoni-Vuissoz Magie du Feu\",\"isPartOf\":{\"@id\":\"https:\/\/magiedufeu.ch\/#website\"},\"primaryImageOfPage\":{\"@id\":\"https:\/\/magiedufeu.ch\/fr\/produit\/poele-a-bois-mini-la-batiaz-pierre-ollaire-bouchardee\/#primaryimage\"},\"image\":{\"@id\":\"https:\/\/magiedufeu.ch\/fr\/produit\/poele-a-bois-mini-la-batiaz-pierre-ollaire-bouchardee\/#primaryimage\"},\"thumbnailUrl\":\"https:\/\/magiedufeu.ch\/wp-content\/uploads\/2000\/01\/Poids-_-150-kg-Puissance-7-Kw-Rendement-80_8-_-Sortie-de-fumee-150-mm-Largeur-_-600-mm-Profondeur-_-13.webp?wsr\",\"datePublished\":\"2000-01-01T00:00:00+00:00\",\"dateModified\":\"2026-02-07T10:22:37+00:00\",\"description\":\"La particularit\u00e9 de ce po\u00eale est qu'il a de la pierre ollaire bouchard\u00e9e qui entoure les c\u00f4t\u00e9s et le dessus du foyer, c'est ce qui lui donne son allure ...\",\"breadcrumb\":{\"@id\":\"https:\/\/magiedufeu.ch\/fr\/produit\/poele-a-bois-mini-la-batiaz-pierre-ollaire-bouchardee\/#breadcrumb\"},\"inLanguage\":\"fr-FR\",\"potentialAction\":[{\"@type\":\"ReadAction\",\"target\":[\"https:\/\/magiedufeu.ch\/fr\/produit\/poele-a-bois-mini-la-batiaz-pierre-ollaire-bouchardee\/\"]}]},{\"@type\":\"ImageObject\",\"inLanguage\":\"fr-FR\",\"@id\":\"https:\/\/magiedufeu.ch\/fr\/produit\/poele-a-bois-mini-la-batiaz-pierre-ollaire-bouchardee\/#primaryimage\",\"url\":\"https:\/\/magiedufeu.ch\/wp-content\/uploads\/2000\/01\/Poids-_-150-kg-Puissance-7-Kw-Rendement-80_8-_-Sortie-de-fumee-150-mm-Largeur-_-600-mm-Profondeur-_-13.webp?wsr\",\"contentUrl\":\"https:\/\/magiedufeu.ch\/wp-content\/uploads\/2000\/01\/Poids-_-150-kg-Puissance-7-Kw-Rendement-80_8-_-Sortie-de-fumee-150-mm-Largeur-_-600-mm-Profondeur-_-13.webp?wsr\",\"width\":1080,\"height\":1080},{\"@type\":\"BreadcrumbList\",\"@id\":\"https:\/\/magiedufeu.ch\/fr\/produit\/poele-a-bois-mini-la-batiaz-pierre-ollaire-bouchardee\/#breadcrumb\",\"itemListElement\":[{\"@type\":\"ListItem\",\"position\":1,\"name\":\"Accueil\",\"item\":\"https:\/\/magiedufeu.ch\/\"},{\"@type\":\"ListItem\",\"position\":2,\"name\":\"Boutique\",\"item\":\"https:\/\/magiedufeu.ch\/fr\/boutique\/\"},{\"@type\":\"ListItem\",\"position\":3,\"name\":\"Po\u00eale \u00e0 bois MINI LA BATIAZ MAGIC FIRES Pierre Ollaire Bouchard\u00e9e\"}]},{\"@type\":\"WebSite\",\"@id\":\"https:\/\/magiedufeu.ch\/#website\",\"url\":\"https:\/\/magiedufeu.ch\/\",\"name\":\"Mosoni-Vuissoz Magie du Feu\",\"description\":\"\",\"publisher\":{\"@id\":\"https:\/\/magiedufeu.ch\/#organization\"},\"potentialAction\":[{\"@type\":\"SearchAction\",\"target\":{\"@type\":\"EntryPoint\",\"urlTemplate\":\"https:\/\/magiedufeu.ch\/?s={search_term_string}\"},\"query-input\":{\"@type\":\"PropertyValueSpecification\",\"valueRequired\":true,\"valueName\":\"search_term_string\"}}],\"inLanguage\":\"fr-FR\"},{\"@type\":\"Organization\",\"@id\":\"https:\/\/magiedufeu.ch\/#organization\",\"name\":\"Mosoni-Vuissoz Magie du Feu\",\"url\":\"https:\/\/magiedufeu.ch\/\",\"logo\":{\"@type\":\"ImageObject\",\"inLanguage\":\"fr-FR\",\"@id\":\"https:\/\/magiedufeu.ch\/#\/schema\/logo\/image\/\",\"url\":\"https:\/\/magiedufeu.ch\/wp-content\/uploads\/2021\/06\/Mosoni-Vuissoz-logo-1024x536-1-46d285e0.png\",\"contentUrl\":\"https:\/\/magiedufeu.ch\/wp-content\/uploads\/2021\/06\/Mosoni-Vuissoz-logo-1024x536-1-46d285e0.png\",\"width\":200,\"height\":105,\"caption\":\"Mosoni-Vuissoz Magie du Feu\"},\"image\":{\"@id\":\"https:\/\/magiedufeu.ch\/#\/schema\/logo\/image\/\"},\"sameAs\":[\"https:\/\/www.facebook.com\/magiedufeu.mdf\/\"]}]}<\/script>\n<!-- \/ Yoast SEO plugin. -->","yoast_head_json":{"title":"Po\u00eale \u00e0 bois MINI LA BATIAZ MAGIC FIRES Pierre Ollaire Bouchard\u00e9e - Mosoni-Vuissoz Magie du Feu","description":"La particularit\u00e9 de ce po\u00eale est qu'il a de la pierre ollaire bouchard\u00e9e qui entoure les c\u00f4t\u00e9s et le dessus du foyer, c'est ce qui lui donne son allure ...","robots":{"index":"index","follow":"follow","max-snippet":"max-snippet:-1","max-image-preview":"max-image-preview:large","max-video-preview":"max-video-preview:-1"},"canonical":"https:\/\/magiedufeu.ch\/fr\/produit\/poele-a-bois-mini-la-batiaz-pierre-ollaire-bouchardee\/","og_locale":"fr_FR","og_type":"article","og_title":"Po\u00eale \u00e0 bois MINI LA BATIAZ MAGIC FIRES Pierre Ollaire Bouchard\u00e9e - Mosoni-Vuissoz Magie du Feu","og_description":"La particularit\u00e9 de ce po\u00eale est qu'il a de la pierre ollaire bouchard\u00e9e qui entoure les c\u00f4t\u00e9s et le dessus du foyer, c'est ce qui lui donne son allure ...","og_url":"https:\/\/magiedufeu.ch\/fr\/produit\/poele-a-bois-mini-la-batiaz-pierre-ollaire-bouchardee\/","og_site_name":"Mosoni-Vuissoz Magie du Feu","article_publisher":"https:\/\/www.facebook.com\/magiedufeu.mdf\/","article_modified_time":"2026-02-07T10:22:37+00:00","og_image":[{"width":1080,"height":1080,"url":"https:\/\/magiedufeu.ch\/wp-content\/uploads\/2000\/01\/Poids-_-150-kg-Puissance-7-Kw-Rendement-80_8-_-Sortie-de-fumee-150-mm-Largeur-_-600-mm-Profondeur-_-13.webp?wsr","type":"image\/webp"}],"twitter_card":"summary_large_image","twitter_misc":{"Dur\u00e9e de lecture estim\u00e9e":"1 minute"},"schema":{"@context":"https:\/\/schema.org","@graph":[{"@type":"WebPage","@id":"https:\/\/magiedufeu.ch\/fr\/produit\/poele-a-bois-mini-la-batiaz-pierre-ollaire-bouchardee\/","url":"https:\/\/magiedufeu.ch\/fr\/produit\/poele-a-bois-mini-la-batiaz-pierre-ollaire-bouchardee\/","name":"Po\u00eale \u00e0 bois MINI LA BATIAZ MAGIC FIRES Pierre Ollaire Bouchard\u00e9e - Mosoni-Vuissoz Magie du Feu","isPartOf":{"@id":"https:\/\/magiedufeu.ch\/#website"},"primaryImageOfPage":{"@id":"https:\/\/magiedufeu.ch\/fr\/produit\/poele-a-bois-mini-la-batiaz-pierre-ollaire-bouchardee\/#primaryimage"},"image":{"@id":"https:\/\/magiedufeu.ch\/fr\/produit\/poele-a-bois-mini-la-batiaz-pierre-ollaire-bouchardee\/#primaryimage"},"thumbnailUrl":"https:\/\/magiedufeu.ch\/wp-content\/uploads\/2000\/01\/Poids-_-150-kg-Puissance-7-Kw-Rendement-80_8-_-Sortie-de-fumee-150-mm-Largeur-_-600-mm-Profondeur-_-13.webp?wsr","datePublished":"2000-01-01T00:00:00+00:00","dateModified":"2026-02-07T10:22:37+00:00","description":"La particularit\u00e9 de ce po\u00eale est qu'il a de la pierre ollaire bouchard\u00e9e qui entoure les c\u00f4t\u00e9s et le dessus du foyer, c'est ce qui lui donne son allure ...","breadcrumb":{"@id":"https:\/\/magiedufeu.ch\/fr\/produit\/poele-a-bois-mini-la-batiaz-pierre-ollaire-bouchardee\/#breadcrumb"},"inLanguage":"fr-FR","potentialAction":[{"@type":"ReadAction","target":["https:\/\/magiedufeu.ch\/fr\/produit\/poele-a-bois-mini-la-batiaz-pierre-ollaire-bouchardee\/"]}]},{"@type":"ImageObject","inLanguage":"fr-FR","@id":"https:\/\/magiedufeu.ch\/fr\/produit\/poele-a-bois-mini-la-batiaz-pierre-ollaire-bouchardee\/#primaryimage","url":"https:\/\/magiedufeu.ch\/wp-content\/uploads\/2000\/01\/Poids-_-150-kg-Puissance-7-Kw-Rendement-80_8-_-Sortie-de-fumee-150-mm-Largeur-_-600-mm-Profondeur-_-13.webp?wsr","contentUrl":"https:\/\/magiedufeu.ch\/wp-content\/uploads\/2000\/01\/Poids-_-150-kg-Puissance-7-Kw-Rendement-80_8-_-Sortie-de-fumee-150-mm-Largeur-_-600-mm-Profondeur-_-13.webp?wsr","width":1080,"height":1080},{"@type":"BreadcrumbList","@id":"https:\/\/magiedufeu.ch\/fr\/produit\/poele-a-bois-mini-la-batiaz-pierre-ollaire-bouchardee\/#breadcrumb","itemListElement":[{"@type":"ListItem","position":1,"name":"Accueil","item":"https:\/\/magiedufeu.ch\/"},{"@type":"ListItem","position":2,"name":"Boutique","item":"https:\/\/magiedufeu.ch\/fr\/boutique\/"},{"@type":"ListItem","position":3,"name":"Po\u00eale \u00e0 bois MINI LA BATIAZ MAGIC FIRES Pierre Ollaire Bouchard\u00e9e"}]},{"@type":"WebSite","@id":"https:\/\/magiedufeu.ch\/#website","url":"https:\/\/magiedufeu.ch\/","name":"Mosoni-Vuissoz Magie du Feu","description":"","publisher":{"@id":"https:\/\/magiedufeu.ch\/#organization"},"potentialAction":[{"@type":"SearchAction","target":{"@type":"EntryPoint","urlTemplate":"https:\/\/magiedufeu.ch\/?s={search_term_string}"},"query-input":{"@type":"PropertyValueSpecification","valueRequired":true,"valueName":"search_term_string"}}],"inLanguage":"fr-FR"},{"@type":"Organization","@id":"https:\/\/magiedufeu.ch\/#organization","name":"Mosoni-Vuissoz Magie du Feu","url":"https:\/\/magiedufeu.ch\/","logo":{"@type":"ImageObject","inLanguage":"fr-FR","@id":"https:\/\/magiedufeu.ch\/#\/schema\/logo\/image\/","url":"https:\/\/magiedufeu.ch\/wp-content\/uploads\/2021\/06\/Mosoni-Vuissoz-logo-1024x536-1-46d285e0.png","contentUrl":"https:\/\/magiedufeu.ch\/wp-content\/uploads\/2021\/06\/Mosoni-Vuissoz-logo-1024x536-1-46d285e0.png","width":200,"height":105,"caption":"Mosoni-Vuissoz Magie du Feu"},"image":{"@id":"https:\/\/magiedufeu.ch\/#\/schema\/logo\/image\/"},"sameAs":["https:\/\/www.facebook.com\/magiedufeu.mdf\/"]}]}},"_links":{"self":[{"href":"https:\/\/magiedufeu.ch\/fr\/wp-json\/wp\/v2\/product\/8917","targetHints":{"allow":["GET"]}}],"collection":[{"href":"https:\/\/magiedufeu.ch\/fr\/wp-json\/wp\/v2\/product"}],"about":[{"href":"https:\/\/magiedufeu.ch\/fr\/wp-json\/wp\/v2\/types\/product"}],"replies":[{"embeddable":true,"href":"https:\/\/magiedufeu.ch\/fr\/wp-json\/wp\/v2\/comments?post=8917"}],"wp:featuredmedia":[{"embeddable":true,"href":"https:\/\/magiedufeu.ch\/fr\/wp-json\/wp\/v2\/media\/12960"}],"wp:attachment":[{"href":"https:\/\/magiedufeu.ch\/fr\/wp-json\/wp\/v2\/media?parent=8917"}],"wp:term":[{"taxonomy":"product_cat","embeddable":true,"href":"https:\/\/magiedufeu.ch\/fr\/wp-json\/wp\/v2\/product_cat?post=8917"},{"taxonomy":"product_tag","embeddable":true,"href":"https:\/\/magiedufeu.ch\/fr\/wp-json\/wp\/v2\/product_tag?post=8917"}],"curies":[{"name":"wp","href":"https:\/\/api.w.org\/{rel}","templated":true}]}}