{"id":8914,"date":"2000-01-01T00:00:00","date_gmt":"2000-01-01T00:00:00","guid":{"rendered":"https:\/\/magiedufeu.ch\/?post_type=product&#038;p=8914"},"modified":"2024-11-07T10:25:26","modified_gmt":"2024-11-07T10:25:26","slug":"heta-poele-a-bois-sl500-noir-avec-pierre-grise","status":"publish","type":"product","link":"https:\/\/magiedufeu.ch\/fr\/produit\/heta-poele-a-bois-sl500-noir-avec-pierre-grise\/","title":{"rendered":"HETA PO\u00caLE \u00c0 BOIS SL500 NOIR AVEC PIERRE OLLAIRE"},"content":{"rendered":"<p>La s\u00e9rie Scan-Line 500 est bas\u00e9e sur des mod\u00e8les en acier, disponibles en 8 finitions diff\u00e9rentes. Ils sont compl\u00e9t\u00e9s par des plaques en st\u00e9atite, des mod\u00e8les complets en st\u00e9atite et en c\u00e9ramique en 42 couleurs diff\u00e9rentes, qui peuvent \u00eatre combin\u00e9s librement, comme vous le souhaitez. La chambre de combustion peut accueillir une grande quantit\u00e9 de bois et, bien entendu, la s\u00e9rie Scan-Line 500 r\u00e9pond \u00e0 toutes les exigences l\u00e9gales actuelles gr\u00e2ce \u00e0 la technique de combustion Clean-Burn la plus moderne.<\/p>\n<p>&nbsp;<\/p>\n<p>Hauteur : 1010 mm Largeur : 504 mm Profondeur : 468 mm Largeur de la chambre de combustion : 340 mm M\u00e8tres carr\u00e9s : 30-120 m\u00b2<\/p>\n<p>&nbsp;<\/p>\n<h3><a style=\"font-size: 16px; font-weight: 400;\" href=\"https:\/\/magiedufeu.ch\/wp-content\/uploads\/2000\/01\/datenblatt.pdf\"><strong>DESSIN TECHNIQUE.SL500<\/strong><\/a><\/h3>\n<div class=\"product__tab text-spacing text-formatting text-links\"><\/div>\n","protected":false},"excerpt":{"rendered":"<p>HAUTEUR 101CM POIDS 205KG PUISSANCE 3-8KW BOIS-COMBUSTIBLE 30-95M3 RENDEMENT 81% HOMOLOGATION VKF POIDS 220KG<\/p>\n","protected":false},"featured_media":11310,"comment_status":"closed","ping_status":"closed","template":"","meta":[],"product_cat":[210,207],"product_tag":[],"class_list":{"0":"post-8914","1":"product","2":"type-product","3":"status-publish","4":"has-post-thumbnail","6":"product_cat-bois-fr","7":"product_cat-poeles","9":"first","10":"instock","11":"taxable","12":"shipping-taxable","13":"purchasable","14":"product-type-simple"},"yoast_head":"<!-- This site is optimized with the Yoast SEO plugin v23.7 - https:\/\/yoast.com\/wordpress\/plugins\/seo\/ -->\n<title>HETA PO\u00caLE \u00c0 BOIS SL500 NOIR AVEC PIERRE OLLAIRE - Mosoni-Vuissoz Magie du Feu<\/title>\n<meta name=\"robots\" content=\"index, follow, max-snippet:-1, max-image-preview:large, max-video-preview:-1\" \/>\n<link rel=\"canonical\" href=\"https:\/\/magiedufeu.ch\/fr\/produit\/heta-poele-a-bois-sl500-noir-avec-pierre-grise\/\" \/>\n<meta property=\"og:locale\" content=\"fr_FR\" \/>\n<meta property=\"og:type\" content=\"article\" \/>\n<meta property=\"og:title\" content=\"HETA PO\u00caLE \u00c0 BOIS SL500 NOIR AVEC PIERRE OLLAIRE - Mosoni-Vuissoz Magie du Feu\" \/>\n<meta property=\"og:description\" content=\"HAUTEUR 101CM POIDS 205KG PUISSANCE 3-8KW BOIS-COMBUSTIBLE 30-95M3 RENDEMENT 81% HOMOLOGATION VKF POIDS 220KG\" \/>\n<meta property=\"og:url\" content=\"https:\/\/magiedufeu.ch\/fr\/produit\/heta-poele-a-bois-sl500-noir-avec-pierre-grise\/\" \/>\n<meta property=\"og:site_name\" content=\"Mosoni-Vuissoz Magie du Feu\" \/>\n<meta property=\"article:publisher\" content=\"https:\/\/www.facebook.com\/magiedufeu.mdf\/\" \/>\n<meta property=\"article:modified_time\" content=\"2024-11-07T10:25:26+00:00\" \/>\n<meta property=\"og:image\" content=\"https:\/\/magiedufeu.ch\/wp-content\/uploads\/2000\/01\/Design-sans-titre.png?wsr\" \/>\n\t<meta property=\"og:image:width\" content=\"1080\" \/>\n\t<meta property=\"og:image:height\" content=\"1080\" \/>\n\t<meta property=\"og:image:type\" content=\"image\/png\" \/>\n<meta name=\"twitter:card\" content=\"summary_large_image\" \/>\n<meta name=\"twitter:label1\" content=\"Dur\u00e9e de lecture estim\u00e9e\" \/>\n\t<meta name=\"twitter:data1\" content=\"1 minute\" \/>\n<script type=\"application\/ld+json\" class=\"yoast-schema-graph\">{\"@context\":\"https:\/\/schema.org\",\"@graph\":[{\"@type\":\"WebPage\",\"@id\":\"https:\/\/magiedufeu.ch\/fr\/produit\/heta-poele-a-bois-sl500-noir-avec-pierre-grise\/\",\"url\":\"https:\/\/magiedufeu.ch\/fr\/produit\/heta-poele-a-bois-sl500-noir-avec-pierre-grise\/\",\"name\":\"HETA PO\u00caLE \u00c0 BOIS SL500 NOIR AVEC PIERRE OLLAIRE - Mosoni-Vuissoz Magie du Feu\",\"isPartOf\":{\"@id\":\"https:\/\/magiedufeu.ch\/#website\"},\"primaryImageOfPage\":{\"@id\":\"https:\/\/magiedufeu.ch\/fr\/produit\/heta-poele-a-bois-sl500-noir-avec-pierre-grise\/#primaryimage\"},\"image\":{\"@id\":\"https:\/\/magiedufeu.ch\/fr\/produit\/heta-poele-a-bois-sl500-noir-avec-pierre-grise\/#primaryimage\"},\"thumbnailUrl\":\"https:\/\/magiedufeu.ch\/wp-content\/uploads\/2000\/01\/Design-sans-titre.png?wsr\",\"datePublished\":\"2000-01-01T00:00:00+00:00\",\"dateModified\":\"2024-11-07T10:25:26+00:00\",\"breadcrumb\":{\"@id\":\"https:\/\/magiedufeu.ch\/fr\/produit\/heta-poele-a-bois-sl500-noir-avec-pierre-grise\/#breadcrumb\"},\"inLanguage\":\"fr-FR\",\"potentialAction\":[{\"@type\":\"ReadAction\",\"target\":[\"https:\/\/magiedufeu.ch\/fr\/produit\/heta-poele-a-bois-sl500-noir-avec-pierre-grise\/\"]}]},{\"@type\":\"ImageObject\",\"inLanguage\":\"fr-FR\",\"@id\":\"https:\/\/magiedufeu.ch\/fr\/produit\/heta-poele-a-bois-sl500-noir-avec-pierre-grise\/#primaryimage\",\"url\":\"https:\/\/magiedufeu.ch\/wp-content\/uploads\/2000\/01\/Design-sans-titre.png?wsr\",\"contentUrl\":\"https:\/\/magiedufeu.ch\/wp-content\/uploads\/2000\/01\/Design-sans-titre.png?wsr\",\"width\":1080,\"height\":1080},{\"@type\":\"BreadcrumbList\",\"@id\":\"https:\/\/magiedufeu.ch\/fr\/produit\/heta-poele-a-bois-sl500-noir-avec-pierre-grise\/#breadcrumb\",\"itemListElement\":[{\"@type\":\"ListItem\",\"position\":1,\"name\":\"Accueil\",\"item\":\"https:\/\/magiedufeu.ch\/\"},{\"@type\":\"ListItem\",\"position\":2,\"name\":\"Boutique\",\"item\":\"https:\/\/magiedufeu.ch\/fr\/boutique\/\"},{\"@type\":\"ListItem\",\"position\":3,\"name\":\"HETA PO\u00caLE \u00c0 BOIS SL500 NOIR AVEC PIERRE OLLAIRE\"}]},{\"@type\":\"WebSite\",\"@id\":\"https:\/\/magiedufeu.ch\/#website\",\"url\":\"https:\/\/magiedufeu.ch\/\",\"name\":\"Mosoni-Vuissoz Magie du Feu\",\"description\":\"\",\"publisher\":{\"@id\":\"https:\/\/magiedufeu.ch\/#organization\"},\"potentialAction\":[{\"@type\":\"SearchAction\",\"target\":{\"@type\":\"EntryPoint\",\"urlTemplate\":\"https:\/\/magiedufeu.ch\/?s={search_term_string}\"},\"query-input\":{\"@type\":\"PropertyValueSpecification\",\"valueRequired\":true,\"valueName\":\"search_term_string\"}}],\"inLanguage\":\"fr-FR\"},{\"@type\":\"Organization\",\"@id\":\"https:\/\/magiedufeu.ch\/#organization\",\"name\":\"Mosoni-Vuissoz Magie du Feu\",\"url\":\"https:\/\/magiedufeu.ch\/\",\"logo\":{\"@type\":\"ImageObject\",\"inLanguage\":\"fr-FR\",\"@id\":\"https:\/\/magiedufeu.ch\/#\/schema\/logo\/image\/\",\"url\":\"https:\/\/magiedufeu.ch\/wp-content\/uploads\/2021\/06\/Mosoni-Vuissoz-logo-1024x536-1-46d285e0.png\",\"contentUrl\":\"https:\/\/magiedufeu.ch\/wp-content\/uploads\/2021\/06\/Mosoni-Vuissoz-logo-1024x536-1-46d285e0.png\",\"width\":200,\"height\":105,\"caption\":\"Mosoni-Vuissoz Magie du Feu\"},\"image\":{\"@id\":\"https:\/\/magiedufeu.ch\/#\/schema\/logo\/image\/\"},\"sameAs\":[\"https:\/\/www.facebook.com\/magiedufeu.mdf\/\"]}]}<\/script>\n<!-- \/ Yoast SEO plugin. -->","yoast_head_json":{"title":"HETA PO\u00caLE \u00c0 BOIS SL500 NOIR AVEC PIERRE OLLAIRE - Mosoni-Vuissoz Magie du Feu","robots":{"index":"index","follow":"follow","max-snippet":"max-snippet:-1","max-image-preview":"max-image-preview:large","max-video-preview":"max-video-preview:-1"},"canonical":"https:\/\/magiedufeu.ch\/fr\/produit\/heta-poele-a-bois-sl500-noir-avec-pierre-grise\/","og_locale":"fr_FR","og_type":"article","og_title":"HETA PO\u00caLE \u00c0 BOIS SL500 NOIR AVEC PIERRE OLLAIRE - Mosoni-Vuissoz Magie du Feu","og_description":"HAUTEUR 101CM POIDS 205KG PUISSANCE 3-8KW BOIS-COMBUSTIBLE 30-95M3 RENDEMENT 81% HOMOLOGATION VKF POIDS 220KG","og_url":"https:\/\/magiedufeu.ch\/fr\/produit\/heta-poele-a-bois-sl500-noir-avec-pierre-grise\/","og_site_name":"Mosoni-Vuissoz Magie du Feu","article_publisher":"https:\/\/www.facebook.com\/magiedufeu.mdf\/","article_modified_time":"2024-11-07T10:25:26+00:00","og_image":[{"width":1080,"height":1080,"url":"https:\/\/magiedufeu.ch\/wp-content\/uploads\/2000\/01\/Design-sans-titre.png?wsr","type":"image\/png"}],"twitter_card":"summary_large_image","twitter_misc":{"Dur\u00e9e de lecture estim\u00e9e":"1 minute"},"schema":{"@context":"https:\/\/schema.org","@graph":[{"@type":"WebPage","@id":"https:\/\/magiedufeu.ch\/fr\/produit\/heta-poele-a-bois-sl500-noir-avec-pierre-grise\/","url":"https:\/\/magiedufeu.ch\/fr\/produit\/heta-poele-a-bois-sl500-noir-avec-pierre-grise\/","name":"HETA PO\u00caLE \u00c0 BOIS SL500 NOIR AVEC PIERRE OLLAIRE - Mosoni-Vuissoz Magie du Feu","isPartOf":{"@id":"https:\/\/magiedufeu.ch\/#website"},"primaryImageOfPage":{"@id":"https:\/\/magiedufeu.ch\/fr\/produit\/heta-poele-a-bois-sl500-noir-avec-pierre-grise\/#primaryimage"},"image":{"@id":"https:\/\/magiedufeu.ch\/fr\/produit\/heta-poele-a-bois-sl500-noir-avec-pierre-grise\/#primaryimage"},"thumbnailUrl":"https:\/\/magiedufeu.ch\/wp-content\/uploads\/2000\/01\/Design-sans-titre.png?wsr","datePublished":"2000-01-01T00:00:00+00:00","dateModified":"2024-11-07T10:25:26+00:00","breadcrumb":{"@id":"https:\/\/magiedufeu.ch\/fr\/produit\/heta-poele-a-bois-sl500-noir-avec-pierre-grise\/#breadcrumb"},"inLanguage":"fr-FR","potentialAction":[{"@type":"ReadAction","target":["https:\/\/magiedufeu.ch\/fr\/produit\/heta-poele-a-bois-sl500-noir-avec-pierre-grise\/"]}]},{"@type":"ImageObject","inLanguage":"fr-FR","@id":"https:\/\/magiedufeu.ch\/fr\/produit\/heta-poele-a-bois-sl500-noir-avec-pierre-grise\/#primaryimage","url":"https:\/\/magiedufeu.ch\/wp-content\/uploads\/2000\/01\/Design-sans-titre.png?wsr","contentUrl":"https:\/\/magiedufeu.ch\/wp-content\/uploads\/2000\/01\/Design-sans-titre.png?wsr","width":1080,"height":1080},{"@type":"BreadcrumbList","@id":"https:\/\/magiedufeu.ch\/fr\/produit\/heta-poele-a-bois-sl500-noir-avec-pierre-grise\/#breadcrumb","itemListElement":[{"@type":"ListItem","position":1,"name":"Accueil","item":"https:\/\/magiedufeu.ch\/"},{"@type":"ListItem","position":2,"name":"Boutique","item":"https:\/\/magiedufeu.ch\/fr\/boutique\/"},{"@type":"ListItem","position":3,"name":"HETA PO\u00caLE \u00c0 BOIS SL500 NOIR AVEC PIERRE OLLAIRE"}]},{"@type":"WebSite","@id":"https:\/\/magiedufeu.ch\/#website","url":"https:\/\/magiedufeu.ch\/","name":"Mosoni-Vuissoz Magie du Feu","description":"","publisher":{"@id":"https:\/\/magiedufeu.ch\/#organization"},"potentialAction":[{"@type":"SearchAction","target":{"@type":"EntryPoint","urlTemplate":"https:\/\/magiedufeu.ch\/?s={search_term_string}"},"query-input":{"@type":"PropertyValueSpecification","valueRequired":true,"valueName":"search_term_string"}}],"inLanguage":"fr-FR"},{"@type":"Organization","@id":"https:\/\/magiedufeu.ch\/#organization","name":"Mosoni-Vuissoz Magie du Feu","url":"https:\/\/magiedufeu.ch\/","logo":{"@type":"ImageObject","inLanguage":"fr-FR","@id":"https:\/\/magiedufeu.ch\/#\/schema\/logo\/image\/","url":"https:\/\/magiedufeu.ch\/wp-content\/uploads\/2021\/06\/Mosoni-Vuissoz-logo-1024x536-1-46d285e0.png","contentUrl":"https:\/\/magiedufeu.ch\/wp-content\/uploads\/2021\/06\/Mosoni-Vuissoz-logo-1024x536-1-46d285e0.png","width":200,"height":105,"caption":"Mosoni-Vuissoz Magie du Feu"},"image":{"@id":"https:\/\/magiedufeu.ch\/#\/schema\/logo\/image\/"},"sameAs":["https:\/\/www.facebook.com\/magiedufeu.mdf\/"]}]}},"_links":{"self":[{"href":"https:\/\/magiedufeu.ch\/fr\/wp-json\/wp\/v2\/product\/8914","targetHints":{"allow":["GET"]}}],"collection":[{"href":"https:\/\/magiedufeu.ch\/fr\/wp-json\/wp\/v2\/product"}],"about":[{"href":"https:\/\/magiedufeu.ch\/fr\/wp-json\/wp\/v2\/types\/product"}],"replies":[{"embeddable":true,"href":"https:\/\/magiedufeu.ch\/fr\/wp-json\/wp\/v2\/comments?post=8914"}],"wp:featuredmedia":[{"embeddable":true,"href":"https:\/\/magiedufeu.ch\/fr\/wp-json\/wp\/v2\/media\/11310"}],"wp:attachment":[{"href":"https:\/\/magiedufeu.ch\/fr\/wp-json\/wp\/v2\/media?parent=8914"}],"wp:term":[{"taxonomy":"product_cat","embeddable":true,"href":"https:\/\/magiedufeu.ch\/fr\/wp-json\/wp\/v2\/product_cat?post=8914"},{"taxonomy":"product_tag","embeddable":true,"href":"https:\/\/magiedufeu.ch\/fr\/wp-json\/wp\/v2\/product_tag?post=8914"}],"curies":[{"name":"wp","href":"https:\/\/api.w.org\/{rel}","templated":true}]}}