{"id":8913,"date":"2000-01-01T00:00:00","date_gmt":"2000-01-01T00:00:00","guid":{"rendered":"https:\/\/magiedufeu.ch\/?post_type=product&#038;p=8913"},"modified":"2025-11-22T06:46:59","modified_gmt":"2025-11-22T06:46:59","slug":"poele-a-bois-sl40-pierre-ollaire","status":"publish","type":"product","link":"https:\/\/magiedufeu.ch\/fr\/produit\/poele-a-bois-sl40-pierre-ollaire\/","title":{"rendered":"Po\u00eale \u00e0 bois Scan-Line 40 HETA Pierre Ollaire porte noire"},"content":{"rendered":"<h2>Pourquoi choisir un po\u00eale \u00e0 bois Scan-Line 40 Heta ?<\/h2>\n<p>Le mod\u00e8le Scan-Line 40 s\u00e9duit par son design simple et \u00e9l\u00e9gant.<br \/>\nCe po\u00eale est \u00e9quip\u00e9 de st\u00e9atite, qui emmagasine la chaleur beaucoup plus longtemps. Vous pouvez ainsi allumer un bon feu le matin et retrouver une maison chaleureuse le soir.<\/p>\n<h2>Les avantages du po\u00eale \u00e0 bois Scan-Line 40 Heta :<\/h2>\n<p>Vous pouvez utiliser le mod\u00e8le Scan-Line 40 comme po\u00eale pour chauffer rapidement ou d\u00e9sactiver la convection et profiter pleinement du principe de ce po\u00eale \u00e0 accumulation, dont les 500 kg de st\u00e9atite d\u00e9ploient tout leur potentiel et diffusent de la chaleur pendant de nombreuses heures apr\u00e8s la combustion. Le mod\u00e8le dispose d&#8217;un tiroir spacieux avec un espace de rangement sous la chambre de combustion et d&#8217;un cendrier pratique de 8 litres qui ne doit \u00eatre vid\u00e9 que rarement.<\/p>\n<h3>Caract\u00e9ristiques principales du produit :<\/h3>\n<p>Hauteur : 1610 mm<\/p>\n<p>Largeur : 530 mm<\/p>\n<p>Profondeur : 450 mm<\/p>\n<p>Largeur int\u00e9rieure de la chambre de combustion : 340 mm<\/p>\n<p>M\u00e8tres carr\u00e9s : 30-130 m\u00b2<\/p>\n<p>&nbsp;<\/p>\n<p><strong><a href=\"https:\/\/magiedufeu.ch\/wp-content\/uploads\/2000\/01\/DATENBLATT.SL40.pdf\">FICHE TECHNIQUE.SL40<\/a><\/strong><\/p>\n","protected":false},"excerpt":{"rendered":"<p>Hauteur : 1610 mm<\/p>\n<p>Largeur : 530 mm<\/p>\n<p>Profondeur : 450 mm<\/p>\n<p>Largeur int\u00e9rieure de la chambre de combustion : 340 mm<\/p>\n<p>M\u00e8tres carr\u00e9s : 30-130 \u33a1<\/p>\n","protected":false},"featured_media":12627,"comment_status":"closed","ping_status":"closed","template":"","meta":[],"product_cat":[210,212,207],"product_tag":[480,895,530,3879,573],"class_list":{"0":"post-8913","1":"product","2":"type-product","3":"status-publish","4":"has-post-thumbnail","6":"product_cat-bois-fr","7":"product_cat-poele-de-masse","8":"product_cat-poeles","9":"product_tag-heta","10":"product_tag-pierre-ollaire","11":"product_tag-poele-a-bois","12":"product_tag-porte-noir","13":"product_tag-sl40","15":"first","16":"instock","17":"taxable","18":"shipping-taxable","19":"purchasable","20":"product-type-simple"},"yoast_head":"<!-- This site is optimized with the Yoast SEO plugin v23.7 - https:\/\/yoast.com\/wordpress\/plugins\/seo\/ -->\n<title>Po\u00eale \u00e0 bois Scan-Line 40 HETA Pierre Ollaire porte noire - Mosoni-Vuissoz Magie du Feu<\/title>\n<meta name=\"description\" content=\"Le mod\u00e8le Scan-Line 40 s\u00e9duit par son design simple et \u00e9l\u00e9gant.Ce po\u00eale est \u00e9quip\u00e9 de st\u00e9atite, qui emmagasine la chaleur beaucoup plus longtemps ...\" \/>\n<meta name=\"robots\" content=\"index, follow, max-snippet:-1, max-image-preview:large, max-video-preview:-1\" \/>\n<link rel=\"canonical\" href=\"https:\/\/magiedufeu.ch\/fr\/produit\/poele-a-bois-sl40-pierre-ollaire\/\" \/>\n<meta property=\"og:locale\" content=\"fr_FR\" \/>\n<meta property=\"og:type\" content=\"article\" \/>\n<meta property=\"og:title\" content=\"Po\u00eale \u00e0 bois Scan-Line 40 HETA Pierre Ollaire porte noire - Mosoni-Vuissoz Magie du Feu\" \/>\n<meta property=\"og:description\" content=\"Le mod\u00e8le Scan-Line 40 s\u00e9duit par son design simple et \u00e9l\u00e9gant.Ce po\u00eale est \u00e9quip\u00e9 de st\u00e9atite, qui emmagasine la chaleur beaucoup plus longtemps ...\" \/>\n<meta property=\"og:url\" content=\"https:\/\/magiedufeu.ch\/fr\/produit\/poele-a-bois-sl40-pierre-ollaire\/\" \/>\n<meta property=\"og:site_name\" content=\"Mosoni-Vuissoz Magie du Feu\" \/>\n<meta property=\"article:publisher\" content=\"https:\/\/www.facebook.com\/magiedufeu.mdf\/\" \/>\n<meta property=\"article:modified_time\" content=\"2025-11-22T06:46:59+00:00\" \/>\n<meta property=\"og:image\" content=\"https:\/\/magiedufeu.ch\/wp-content\/uploads\/2000\/01\/Design-sans-titre-_42_.webp?wsr\" \/>\n\t<meta property=\"og:image:width\" content=\"1080\" \/>\n\t<meta property=\"og:image:height\" content=\"1080\" \/>\n\t<meta property=\"og:image:type\" content=\"image\/webp\" \/>\n<meta name=\"twitter:card\" content=\"summary_large_image\" \/>\n<meta name=\"twitter:label1\" content=\"Dur\u00e9e de lecture estim\u00e9e\" \/>\n\t<meta name=\"twitter:data1\" content=\"2 minutes\" \/>\n<script type=\"application\/ld+json\" class=\"yoast-schema-graph\">{\"@context\":\"https:\/\/schema.org\",\"@graph\":[{\"@type\":\"WebPage\",\"@id\":\"https:\/\/magiedufeu.ch\/fr\/produit\/poele-a-bois-sl40-pierre-ollaire\/\",\"url\":\"https:\/\/magiedufeu.ch\/fr\/produit\/poele-a-bois-sl40-pierre-ollaire\/\",\"name\":\"Po\u00eale \u00e0 bois Scan-Line 40 HETA Pierre Ollaire porte noire - Mosoni-Vuissoz Magie du Feu\",\"isPartOf\":{\"@id\":\"https:\/\/magiedufeu.ch\/#website\"},\"primaryImageOfPage\":{\"@id\":\"https:\/\/magiedufeu.ch\/fr\/produit\/poele-a-bois-sl40-pierre-ollaire\/#primaryimage\"},\"image\":{\"@id\":\"https:\/\/magiedufeu.ch\/fr\/produit\/poele-a-bois-sl40-pierre-ollaire\/#primaryimage\"},\"thumbnailUrl\":\"https:\/\/magiedufeu.ch\/wp-content\/uploads\/2000\/01\/Design-sans-titre-_42_.webp?wsr\",\"datePublished\":\"2000-01-01T00:00:00+00:00\",\"dateModified\":\"2025-11-22T06:46:59+00:00\",\"description\":\"Le mod\u00e8le Scan-Line 40 s\u00e9duit par son design simple et \u00e9l\u00e9gant.Ce po\u00eale est \u00e9quip\u00e9 de st\u00e9atite, qui emmagasine la chaleur beaucoup plus longtemps ...\",\"breadcrumb\":{\"@id\":\"https:\/\/magiedufeu.ch\/fr\/produit\/poele-a-bois-sl40-pierre-ollaire\/#breadcrumb\"},\"inLanguage\":\"fr-FR\",\"potentialAction\":[{\"@type\":\"ReadAction\",\"target\":[\"https:\/\/magiedufeu.ch\/fr\/produit\/poele-a-bois-sl40-pierre-ollaire\/\"]}]},{\"@type\":\"ImageObject\",\"inLanguage\":\"fr-FR\",\"@id\":\"https:\/\/magiedufeu.ch\/fr\/produit\/poele-a-bois-sl40-pierre-ollaire\/#primaryimage\",\"url\":\"https:\/\/magiedufeu.ch\/wp-content\/uploads\/2000\/01\/Design-sans-titre-_42_.webp?wsr\",\"contentUrl\":\"https:\/\/magiedufeu.ch\/wp-content\/uploads\/2000\/01\/Design-sans-titre-_42_.webp?wsr\",\"width\":1080,\"height\":1080},{\"@type\":\"BreadcrumbList\",\"@id\":\"https:\/\/magiedufeu.ch\/fr\/produit\/poele-a-bois-sl40-pierre-ollaire\/#breadcrumb\",\"itemListElement\":[{\"@type\":\"ListItem\",\"position\":1,\"name\":\"Accueil\",\"item\":\"https:\/\/magiedufeu.ch\/\"},{\"@type\":\"ListItem\",\"position\":2,\"name\":\"Boutique\",\"item\":\"https:\/\/magiedufeu.ch\/fr\/boutique\/\"},{\"@type\":\"ListItem\",\"position\":3,\"name\":\"Po\u00eale \u00e0 bois Scan-Line 40 HETA Pierre Ollaire porte noire\"}]},{\"@type\":\"WebSite\",\"@id\":\"https:\/\/magiedufeu.ch\/#website\",\"url\":\"https:\/\/magiedufeu.ch\/\",\"name\":\"Mosoni-Vuissoz Magie du Feu\",\"description\":\"\",\"publisher\":{\"@id\":\"https:\/\/magiedufeu.ch\/#organization\"},\"potentialAction\":[{\"@type\":\"SearchAction\",\"target\":{\"@type\":\"EntryPoint\",\"urlTemplate\":\"https:\/\/magiedufeu.ch\/?s={search_term_string}\"},\"query-input\":{\"@type\":\"PropertyValueSpecification\",\"valueRequired\":true,\"valueName\":\"search_term_string\"}}],\"inLanguage\":\"fr-FR\"},{\"@type\":\"Organization\",\"@id\":\"https:\/\/magiedufeu.ch\/#organization\",\"name\":\"Mosoni-Vuissoz Magie du Feu\",\"url\":\"https:\/\/magiedufeu.ch\/\",\"logo\":{\"@type\":\"ImageObject\",\"inLanguage\":\"fr-FR\",\"@id\":\"https:\/\/magiedufeu.ch\/#\/schema\/logo\/image\/\",\"url\":\"https:\/\/magiedufeu.ch\/wp-content\/uploads\/2021\/06\/Mosoni-Vuissoz-logo-1024x536-1-46d285e0.png\",\"contentUrl\":\"https:\/\/magiedufeu.ch\/wp-content\/uploads\/2021\/06\/Mosoni-Vuissoz-logo-1024x536-1-46d285e0.png\",\"width\":200,\"height\":105,\"caption\":\"Mosoni-Vuissoz Magie du Feu\"},\"image\":{\"@id\":\"https:\/\/magiedufeu.ch\/#\/schema\/logo\/image\/\"},\"sameAs\":[\"https:\/\/www.facebook.com\/magiedufeu.mdf\/\"]}]}<\/script>\n<!-- \/ Yoast SEO plugin. -->","yoast_head_json":{"title":"Po\u00eale \u00e0 bois Scan-Line 40 HETA Pierre Ollaire porte noire - Mosoni-Vuissoz Magie du Feu","description":"Le mod\u00e8le Scan-Line 40 s\u00e9duit par son design simple et \u00e9l\u00e9gant.Ce po\u00eale est \u00e9quip\u00e9 de st\u00e9atite, qui emmagasine la chaleur beaucoup plus longtemps ...","robots":{"index":"index","follow":"follow","max-snippet":"max-snippet:-1","max-image-preview":"max-image-preview:large","max-video-preview":"max-video-preview:-1"},"canonical":"https:\/\/magiedufeu.ch\/fr\/produit\/poele-a-bois-sl40-pierre-ollaire\/","og_locale":"fr_FR","og_type":"article","og_title":"Po\u00eale \u00e0 bois Scan-Line 40 HETA Pierre Ollaire porte noire - Mosoni-Vuissoz Magie du Feu","og_description":"Le mod\u00e8le Scan-Line 40 s\u00e9duit par son design simple et \u00e9l\u00e9gant.Ce po\u00eale est \u00e9quip\u00e9 de st\u00e9atite, qui emmagasine la chaleur beaucoup plus longtemps ...","og_url":"https:\/\/magiedufeu.ch\/fr\/produit\/poele-a-bois-sl40-pierre-ollaire\/","og_site_name":"Mosoni-Vuissoz Magie du Feu","article_publisher":"https:\/\/www.facebook.com\/magiedufeu.mdf\/","article_modified_time":"2025-11-22T06:46:59+00:00","og_image":[{"width":1080,"height":1080,"url":"https:\/\/magiedufeu.ch\/wp-content\/uploads\/2000\/01\/Design-sans-titre-_42_.webp?wsr","type":"image\/webp"}],"twitter_card":"summary_large_image","twitter_misc":{"Dur\u00e9e de lecture estim\u00e9e":"2 minutes"},"schema":{"@context":"https:\/\/schema.org","@graph":[{"@type":"WebPage","@id":"https:\/\/magiedufeu.ch\/fr\/produit\/poele-a-bois-sl40-pierre-ollaire\/","url":"https:\/\/magiedufeu.ch\/fr\/produit\/poele-a-bois-sl40-pierre-ollaire\/","name":"Po\u00eale \u00e0 bois Scan-Line 40 HETA Pierre Ollaire porte noire - Mosoni-Vuissoz Magie du Feu","isPartOf":{"@id":"https:\/\/magiedufeu.ch\/#website"},"primaryImageOfPage":{"@id":"https:\/\/magiedufeu.ch\/fr\/produit\/poele-a-bois-sl40-pierre-ollaire\/#primaryimage"},"image":{"@id":"https:\/\/magiedufeu.ch\/fr\/produit\/poele-a-bois-sl40-pierre-ollaire\/#primaryimage"},"thumbnailUrl":"https:\/\/magiedufeu.ch\/wp-content\/uploads\/2000\/01\/Design-sans-titre-_42_.webp?wsr","datePublished":"2000-01-01T00:00:00+00:00","dateModified":"2025-11-22T06:46:59+00:00","description":"Le mod\u00e8le Scan-Line 40 s\u00e9duit par son design simple et \u00e9l\u00e9gant.Ce po\u00eale est \u00e9quip\u00e9 de st\u00e9atite, qui emmagasine la chaleur beaucoup plus longtemps ...","breadcrumb":{"@id":"https:\/\/magiedufeu.ch\/fr\/produit\/poele-a-bois-sl40-pierre-ollaire\/#breadcrumb"},"inLanguage":"fr-FR","potentialAction":[{"@type":"ReadAction","target":["https:\/\/magiedufeu.ch\/fr\/produit\/poele-a-bois-sl40-pierre-ollaire\/"]}]},{"@type":"ImageObject","inLanguage":"fr-FR","@id":"https:\/\/magiedufeu.ch\/fr\/produit\/poele-a-bois-sl40-pierre-ollaire\/#primaryimage","url":"https:\/\/magiedufeu.ch\/wp-content\/uploads\/2000\/01\/Design-sans-titre-_42_.webp?wsr","contentUrl":"https:\/\/magiedufeu.ch\/wp-content\/uploads\/2000\/01\/Design-sans-titre-_42_.webp?wsr","width":1080,"height":1080},{"@type":"BreadcrumbList","@id":"https:\/\/magiedufeu.ch\/fr\/produit\/poele-a-bois-sl40-pierre-ollaire\/#breadcrumb","itemListElement":[{"@type":"ListItem","position":1,"name":"Accueil","item":"https:\/\/magiedufeu.ch\/"},{"@type":"ListItem","position":2,"name":"Boutique","item":"https:\/\/magiedufeu.ch\/fr\/boutique\/"},{"@type":"ListItem","position":3,"name":"Po\u00eale \u00e0 bois Scan-Line 40 HETA Pierre Ollaire porte noire"}]},{"@type":"WebSite","@id":"https:\/\/magiedufeu.ch\/#website","url":"https:\/\/magiedufeu.ch\/","name":"Mosoni-Vuissoz Magie du Feu","description":"","publisher":{"@id":"https:\/\/magiedufeu.ch\/#organization"},"potentialAction":[{"@type":"SearchAction","target":{"@type":"EntryPoint","urlTemplate":"https:\/\/magiedufeu.ch\/?s={search_term_string}"},"query-input":{"@type":"PropertyValueSpecification","valueRequired":true,"valueName":"search_term_string"}}],"inLanguage":"fr-FR"},{"@type":"Organization","@id":"https:\/\/magiedufeu.ch\/#organization","name":"Mosoni-Vuissoz Magie du Feu","url":"https:\/\/magiedufeu.ch\/","logo":{"@type":"ImageObject","inLanguage":"fr-FR","@id":"https:\/\/magiedufeu.ch\/#\/schema\/logo\/image\/","url":"https:\/\/magiedufeu.ch\/wp-content\/uploads\/2021\/06\/Mosoni-Vuissoz-logo-1024x536-1-46d285e0.png","contentUrl":"https:\/\/magiedufeu.ch\/wp-content\/uploads\/2021\/06\/Mosoni-Vuissoz-logo-1024x536-1-46d285e0.png","width":200,"height":105,"caption":"Mosoni-Vuissoz Magie du Feu"},"image":{"@id":"https:\/\/magiedufeu.ch\/#\/schema\/logo\/image\/"},"sameAs":["https:\/\/www.facebook.com\/magiedufeu.mdf\/"]}]}},"_links":{"self":[{"href":"https:\/\/magiedufeu.ch\/fr\/wp-json\/wp\/v2\/product\/8913","targetHints":{"allow":["GET"]}}],"collection":[{"href":"https:\/\/magiedufeu.ch\/fr\/wp-json\/wp\/v2\/product"}],"about":[{"href":"https:\/\/magiedufeu.ch\/fr\/wp-json\/wp\/v2\/types\/product"}],"replies":[{"embeddable":true,"href":"https:\/\/magiedufeu.ch\/fr\/wp-json\/wp\/v2\/comments?post=8913"}],"wp:featuredmedia":[{"embeddable":true,"href":"https:\/\/magiedufeu.ch\/fr\/wp-json\/wp\/v2\/media\/12627"}],"wp:attachment":[{"href":"https:\/\/magiedufeu.ch\/fr\/wp-json\/wp\/v2\/media?parent=8913"}],"wp:term":[{"taxonomy":"product_cat","embeddable":true,"href":"https:\/\/magiedufeu.ch\/fr\/wp-json\/wp\/v2\/product_cat?post=8913"},{"taxonomy":"product_tag","embeddable":true,"href":"https:\/\/magiedufeu.ch\/fr\/wp-json\/wp\/v2\/product_tag?post=8913"}],"curies":[{"name":"wp","href":"https:\/\/api.w.org\/{rel}","templated":true}]}}