{"id":8747,"date":"2000-01-01T00:00:00","date_gmt":"2000-01-01T00:00:00","guid":{"rendered":"https:\/\/magiedufeu.ch\/?post_type=product&#038;p=8747"},"modified":"2024-11-07T10:45:19","modified_gmt":"2024-11-07T10:45:19","slug":"clem-four-a-pizza-acier-inox-petit-modele-60x40","status":"publish","type":"product","link":"https:\/\/magiedufeu.ch\/fr\/produit\/clem-four-a-pizza-acier-inox-petit-modele-60x40\/","title":{"rendered":"CLEM FOUR \u00c0 PIZZA EN ACIER INOXYDABLE, PETIT MOD\u00c8LE 60X40"},"content":{"rendered":"<p>Le four \u00e0 pizza Clem Inox est un four l\u00e9ger et portable.<br \/>\nLe four peut cuire une pizza en 2 minutes. Confort et stabilit\u00e9<br \/>\nLe four \u00e0 pizza \u00e0 bois Clem Inox peut \u00eatre un four \u00e0 bois pour l&#8217;ext\u00e9rieur ou l&#8217;int\u00e9rieur. Il a \u00e9t\u00e9 con\u00e7u pour \u00eatre facilement install\u00e9 sur toute surface adapt\u00e9e \u00e0 cet usage, m\u00eame sur le balcon de la maison, gr\u00e2ce \u00e0 ses pieds de support. Poids : 40 kg. Chambre de cuisson : 60\u00d740 cm &#8211; socle en mat\u00e9riau r\u00e9fractaire. Dimensions de la chambre de cuisson : 60\u00d740 cm. Combustible : bois Consommation de bois : 2 Kg\/h. Temps de chauffe : il est possible d&#8217;atteindre la temp\u00e9rature de 400 \u00b0C en 15\/20 minutes.<\/p>\n<p><a href=\"https:\/\/magiedufeu.ch\/wp-content\/uploads\/2000\/01\/DimensionsClem-Inox.pdf\">DimensionsClem Inox<\/a><\/p>\n","protected":false},"excerpt":{"rendered":"<p>Le four \u00e0 pizza Clem Inox est un four l\u00e9ger et portable.<br \/>\nLe four peut cuire une pizza en 2 minutes. Confort et stabilit\u00e9<br \/>\nLe four \u00e0 pizza \u00e0 bois Clem Inox peut \u00eatre un four \u00e0 bois pour l&#8217;ext\u00e9rieur ou l&#8217;int\u00e9rieur. Il a \u00e9t\u00e9 con\u00e7u pour \u00eatre facilement install\u00e9 sur toute surface adapt\u00e9e \u00e0 cet usage, m\u00eame sur le balcon de la maison, gr\u00e2ce \u00e0 ses pieds de support. Poids : 40 kg. Chambre de cuisson : 60\u00d740 cm &#8211; socle en mat\u00e9riau r\u00e9fractaire. Dimensions de la chambre de cuisson : 60\u00d740 cm. Combustible : bois Consommation de bois : 2 Kg\/h. Temps de chauffe : il est possible d&#8217;atteindre la temp\u00e9rature de 400 \u00b0C en 15\/20 minutes.<\/p>\n<p><a href=\"https:\/\/magiedufeu.ch\/wp-content\/uploads\/2000\/01\/DimensionsClem-Inox.pdf\">DimensionsClem Inox<\/a><\/p>\n","protected":false},"featured_media":11008,"comment_status":"closed","ping_status":"closed","template":"","meta":[],"product_cat":[158,156],"product_tag":[],"class_list":{"0":"post-8747","1":"product","2":"type-product","3":"status-publish","4":"has-post-thumbnail","6":"product_cat-pizza-bois","7":"product_cat-fours-a-pizzas","9":"first","10":"instock","11":"taxable","12":"shipping-taxable","13":"purchasable","14":"product-type-simple"},"yoast_head":"<!-- This site is optimized with the Yoast SEO plugin v23.7 - https:\/\/yoast.com\/wordpress\/plugins\/seo\/ -->\n<title>CLEM FOUR \u00c0 PIZZA EN ACIER INOXYDABLE, PETIT MOD\u00c8LE 60X40 - Mosoni-Vuissoz Magie du Feu<\/title>\n<meta name=\"robots\" content=\"index, follow, max-snippet:-1, max-image-preview:large, max-video-preview:-1\" \/>\n<link rel=\"canonical\" href=\"https:\/\/magiedufeu.ch\/fr\/produit\/four-a-pizza-clem-inox-petit-modele-60x40-a-poser\/\" \/>\n<meta property=\"og:locale\" content=\"fr_FR\" \/>\n<meta property=\"og:type\" content=\"article\" \/>\n<meta property=\"og:title\" content=\"CLEM FOUR \u00c0 PIZZA EN ACIER INOXYDABLE, PETIT MOD\u00c8LE 60X40 - Mosoni-Vuissoz Magie du Feu\" \/>\n<meta property=\"og:description\" content=\"Le four \u00e0 pizza Clem Inox est un four l\u00e9ger et portable. Le four peut cuire une pizza en 2 minutes. Confort et stabilit\u00e9 Le four \u00e0 pizza \u00e0 bois Clem Inox peut \u00eatre un four \u00e0 bois pour l&#039;ext\u00e9rieur ou l&#039;int\u00e9rieur. Il a \u00e9t\u00e9 con\u00e7u pour \u00eatre facilement install\u00e9 sur toute surface adapt\u00e9e \u00e0 cet usage, m\u00eame sur le balcon de la maison, gr\u00e2ce \u00e0 ses pieds de support. Poids : 40 kg. Chambre de cuisson : 60\u00d740 cm - socle en mat\u00e9riau r\u00e9fractaire. Dimensions de la chambre de cuisson : 60\u00d740 cm. Combustible : bois Consommation de bois : 2 Kg\/h. Temps de chauffe : il est possible d&#039;atteindre la temp\u00e9rature de 400 \u00b0C en 15\/20 minutes.         DimensionsClem Inox\" \/>\n<meta property=\"og:url\" content=\"https:\/\/magiedufeu.ch\/fr\/produit\/four-a-pizza-clem-inox-petit-modele-60x40-a-poser\/\" \/>\n<meta property=\"og:site_name\" content=\"Mosoni-Vuissoz Magie du Feu\" \/>\n<meta property=\"article:publisher\" content=\"https:\/\/www.facebook.com\/magiedufeu.mdf\/\" \/>\n<meta property=\"article:modified_time\" content=\"2024-11-07T10:45:19+00:00\" \/>\n<meta property=\"og:image\" content=\"https:\/\/magiedufeu.ch\/wp-content\/uploads\/2024\/09\/Design-sans-titre-28-1.png?wsr\" \/>\n\t<meta property=\"og:image:width\" content=\"1080\" \/>\n\t<meta property=\"og:image:height\" content=\"1080\" \/>\n\t<meta property=\"og:image:type\" content=\"image\/png\" \/>\n<meta name=\"twitter:card\" content=\"summary_large_image\" \/>\n<meta name=\"twitter:label1\" content=\"Dur\u00e9e de lecture estim\u00e9e\" \/>\n\t<meta name=\"twitter:data1\" content=\"1 minute\" \/>\n<script type=\"application\/ld+json\" class=\"yoast-schema-graph\">{\"@context\":\"https:\/\/schema.org\",\"@graph\":[{\"@type\":\"WebPage\",\"@id\":\"https:\/\/magiedufeu.ch\/fr\/produit\/four-a-pizza-clem-inox-petit-modele-60x40-a-poser\/\",\"url\":\"https:\/\/magiedufeu.ch\/fr\/produit\/four-a-pizza-clem-inox-petit-modele-60x40-a-poser\/\",\"name\":\"CLEM FOUR \u00c0 PIZZA EN ACIER INOXYDABLE, PETIT MOD\u00c8LE 60X40 - Mosoni-Vuissoz Magie du Feu\",\"isPartOf\":{\"@id\":\"https:\/\/magiedufeu.ch\/#website\"},\"primaryImageOfPage\":{\"@id\":\"https:\/\/magiedufeu.ch\/fr\/produit\/four-a-pizza-clem-inox-petit-modele-60x40-a-poser\/#primaryimage\"},\"image\":{\"@id\":\"https:\/\/magiedufeu.ch\/fr\/produit\/four-a-pizza-clem-inox-petit-modele-60x40-a-poser\/#primaryimage\"},\"thumbnailUrl\":\"https:\/\/magiedufeu.ch\/wp-content\/uploads\/2024\/09\/Design-sans-titre-28-1.png?wsr\",\"datePublished\":\"2000-01-01T00:00:00+00:00\",\"dateModified\":\"2024-11-07T10:45:19+00:00\",\"breadcrumb\":{\"@id\":\"https:\/\/magiedufeu.ch\/fr\/produit\/four-a-pizza-clem-inox-petit-modele-60x40-a-poser\/#breadcrumb\"},\"inLanguage\":\"fr-FR\",\"potentialAction\":[{\"@type\":\"ReadAction\",\"target\":[\"https:\/\/magiedufeu.ch\/fr\/produit\/four-a-pizza-clem-inox-petit-modele-60x40-a-poser\/\"]}]},{\"@type\":\"ImageObject\",\"inLanguage\":\"fr-FR\",\"@id\":\"https:\/\/magiedufeu.ch\/fr\/produit\/four-a-pizza-clem-inox-petit-modele-60x40-a-poser\/#primaryimage\",\"url\":\"https:\/\/magiedufeu.ch\/wp-content\/uploads\/2024\/09\/Design-sans-titre-28-1.png?wsr\",\"contentUrl\":\"https:\/\/magiedufeu.ch\/wp-content\/uploads\/2024\/09\/Design-sans-titre-28-1.png?wsr\",\"width\":1080,\"height\":1080},{\"@type\":\"BreadcrumbList\",\"@id\":\"https:\/\/magiedufeu.ch\/fr\/produit\/four-a-pizza-clem-inox-petit-modele-60x40-a-poser\/#breadcrumb\",\"itemListElement\":[{\"@type\":\"ListItem\",\"position\":1,\"name\":\"Accueil\",\"item\":\"https:\/\/magiedufeu.ch\/\"},{\"@type\":\"ListItem\",\"position\":2,\"name\":\"Boutique\",\"item\":\"https:\/\/magiedufeu.ch\/fr\/boutique\/\"},{\"@type\":\"ListItem\",\"position\":3,\"name\":\"CLEM FOUR \u00c0 PIZZA EN ACIER INOXYDABLE, PETIT MOD\u00c8LE 60X40\"}]},{\"@type\":\"WebSite\",\"@id\":\"https:\/\/magiedufeu.ch\/#website\",\"url\":\"https:\/\/magiedufeu.ch\/\",\"name\":\"Mosoni-Vuissoz Magie du Feu\",\"description\":\"\",\"publisher\":{\"@id\":\"https:\/\/magiedufeu.ch\/#organization\"},\"potentialAction\":[{\"@type\":\"SearchAction\",\"target\":{\"@type\":\"EntryPoint\",\"urlTemplate\":\"https:\/\/magiedufeu.ch\/?s={search_term_string}\"},\"query-input\":{\"@type\":\"PropertyValueSpecification\",\"valueRequired\":true,\"valueName\":\"search_term_string\"}}],\"inLanguage\":\"fr-FR\"},{\"@type\":\"Organization\",\"@id\":\"https:\/\/magiedufeu.ch\/#organization\",\"name\":\"Mosoni-Vuissoz Magie du Feu\",\"url\":\"https:\/\/magiedufeu.ch\/\",\"logo\":{\"@type\":\"ImageObject\",\"inLanguage\":\"fr-FR\",\"@id\":\"https:\/\/magiedufeu.ch\/#\/schema\/logo\/image\/\",\"url\":\"https:\/\/magiedufeu.ch\/wp-content\/uploads\/2021\/06\/Mosoni-Vuissoz-logo-1024x536-1-46d285e0.png\",\"contentUrl\":\"https:\/\/magiedufeu.ch\/wp-content\/uploads\/2021\/06\/Mosoni-Vuissoz-logo-1024x536-1-46d285e0.png\",\"width\":200,\"height\":105,\"caption\":\"Mosoni-Vuissoz Magie du Feu\"},\"image\":{\"@id\":\"https:\/\/magiedufeu.ch\/#\/schema\/logo\/image\/\"},\"sameAs\":[\"https:\/\/www.facebook.com\/magiedufeu.mdf\/\"]}]}<\/script>\n<!-- \/ Yoast SEO plugin. -->","yoast_head_json":{"title":"CLEM FOUR \u00c0 PIZZA EN ACIER INOXYDABLE, PETIT MOD\u00c8LE 60X40 - Mosoni-Vuissoz Magie du Feu","robots":{"index":"index","follow":"follow","max-snippet":"max-snippet:-1","max-image-preview":"max-image-preview:large","max-video-preview":"max-video-preview:-1"},"canonical":"https:\/\/magiedufeu.ch\/fr\/produit\/four-a-pizza-clem-inox-petit-modele-60x40-a-poser\/","og_locale":"fr_FR","og_type":"article","og_title":"CLEM FOUR \u00c0 PIZZA EN ACIER INOXYDABLE, PETIT MOD\u00c8LE 60X40 - Mosoni-Vuissoz Magie du Feu","og_description":"Le four \u00e0 pizza Clem Inox est un four l\u00e9ger et portable. Le four peut cuire une pizza en 2 minutes. Confort et stabilit\u00e9 Le four \u00e0 pizza \u00e0 bois Clem Inox peut \u00eatre un four \u00e0 bois pour l'ext\u00e9rieur ou l'int\u00e9rieur. Il a \u00e9t\u00e9 con\u00e7u pour \u00eatre facilement install\u00e9 sur toute surface adapt\u00e9e \u00e0 cet usage, m\u00eame sur le balcon de la maison, gr\u00e2ce \u00e0 ses pieds de support. Poids : 40 kg. Chambre de cuisson : 60\u00d740 cm - socle en mat\u00e9riau r\u00e9fractaire. Dimensions de la chambre de cuisson : 60\u00d740 cm. Combustible : bois Consommation de bois : 2 Kg\/h. Temps de chauffe : il est possible d'atteindre la temp\u00e9rature de 400 \u00b0C en 15\/20 minutes.         DimensionsClem Inox","og_url":"https:\/\/magiedufeu.ch\/fr\/produit\/four-a-pizza-clem-inox-petit-modele-60x40-a-poser\/","og_site_name":"Mosoni-Vuissoz Magie du Feu","article_publisher":"https:\/\/www.facebook.com\/magiedufeu.mdf\/","article_modified_time":"2024-11-07T10:45:19+00:00","og_image":[{"width":1080,"height":1080,"url":"https:\/\/magiedufeu.ch\/wp-content\/uploads\/2024\/09\/Design-sans-titre-28-1.png?wsr","type":"image\/png"}],"twitter_card":"summary_large_image","twitter_misc":{"Dur\u00e9e de lecture estim\u00e9e":"1 minute"},"schema":{"@context":"https:\/\/schema.org","@graph":[{"@type":"WebPage","@id":"https:\/\/magiedufeu.ch\/fr\/produit\/four-a-pizza-clem-inox-petit-modele-60x40-a-poser\/","url":"https:\/\/magiedufeu.ch\/fr\/produit\/four-a-pizza-clem-inox-petit-modele-60x40-a-poser\/","name":"CLEM FOUR \u00c0 PIZZA EN ACIER INOXYDABLE, PETIT MOD\u00c8LE 60X40 - Mosoni-Vuissoz Magie du Feu","isPartOf":{"@id":"https:\/\/magiedufeu.ch\/#website"},"primaryImageOfPage":{"@id":"https:\/\/magiedufeu.ch\/fr\/produit\/four-a-pizza-clem-inox-petit-modele-60x40-a-poser\/#primaryimage"},"image":{"@id":"https:\/\/magiedufeu.ch\/fr\/produit\/four-a-pizza-clem-inox-petit-modele-60x40-a-poser\/#primaryimage"},"thumbnailUrl":"https:\/\/magiedufeu.ch\/wp-content\/uploads\/2024\/09\/Design-sans-titre-28-1.png?wsr","datePublished":"2000-01-01T00:00:00+00:00","dateModified":"2024-11-07T10:45:19+00:00","breadcrumb":{"@id":"https:\/\/magiedufeu.ch\/fr\/produit\/four-a-pizza-clem-inox-petit-modele-60x40-a-poser\/#breadcrumb"},"inLanguage":"fr-FR","potentialAction":[{"@type":"ReadAction","target":["https:\/\/magiedufeu.ch\/fr\/produit\/four-a-pizza-clem-inox-petit-modele-60x40-a-poser\/"]}]},{"@type":"ImageObject","inLanguage":"fr-FR","@id":"https:\/\/magiedufeu.ch\/fr\/produit\/four-a-pizza-clem-inox-petit-modele-60x40-a-poser\/#primaryimage","url":"https:\/\/magiedufeu.ch\/wp-content\/uploads\/2024\/09\/Design-sans-titre-28-1.png?wsr","contentUrl":"https:\/\/magiedufeu.ch\/wp-content\/uploads\/2024\/09\/Design-sans-titre-28-1.png?wsr","width":1080,"height":1080},{"@type":"BreadcrumbList","@id":"https:\/\/magiedufeu.ch\/fr\/produit\/four-a-pizza-clem-inox-petit-modele-60x40-a-poser\/#breadcrumb","itemListElement":[{"@type":"ListItem","position":1,"name":"Accueil","item":"https:\/\/magiedufeu.ch\/"},{"@type":"ListItem","position":2,"name":"Boutique","item":"https:\/\/magiedufeu.ch\/fr\/boutique\/"},{"@type":"ListItem","position":3,"name":"CLEM FOUR \u00c0 PIZZA EN ACIER INOXYDABLE, PETIT MOD\u00c8LE 60X40"}]},{"@type":"WebSite","@id":"https:\/\/magiedufeu.ch\/#website","url":"https:\/\/magiedufeu.ch\/","name":"Mosoni-Vuissoz Magie du Feu","description":"","publisher":{"@id":"https:\/\/magiedufeu.ch\/#organization"},"potentialAction":[{"@type":"SearchAction","target":{"@type":"EntryPoint","urlTemplate":"https:\/\/magiedufeu.ch\/?s={search_term_string}"},"query-input":{"@type":"PropertyValueSpecification","valueRequired":true,"valueName":"search_term_string"}}],"inLanguage":"fr-FR"},{"@type":"Organization","@id":"https:\/\/magiedufeu.ch\/#organization","name":"Mosoni-Vuissoz Magie du Feu","url":"https:\/\/magiedufeu.ch\/","logo":{"@type":"ImageObject","inLanguage":"fr-FR","@id":"https:\/\/magiedufeu.ch\/#\/schema\/logo\/image\/","url":"https:\/\/magiedufeu.ch\/wp-content\/uploads\/2021\/06\/Mosoni-Vuissoz-logo-1024x536-1-46d285e0.png","contentUrl":"https:\/\/magiedufeu.ch\/wp-content\/uploads\/2021\/06\/Mosoni-Vuissoz-logo-1024x536-1-46d285e0.png","width":200,"height":105,"caption":"Mosoni-Vuissoz Magie du Feu"},"image":{"@id":"https:\/\/magiedufeu.ch\/#\/schema\/logo\/image\/"},"sameAs":["https:\/\/www.facebook.com\/magiedufeu.mdf\/"]}]}},"_links":{"self":[{"href":"https:\/\/magiedufeu.ch\/fr\/wp-json\/wp\/v2\/product\/8747","targetHints":{"allow":["GET"]}}],"collection":[{"href":"https:\/\/magiedufeu.ch\/fr\/wp-json\/wp\/v2\/product"}],"about":[{"href":"https:\/\/magiedufeu.ch\/fr\/wp-json\/wp\/v2\/types\/product"}],"replies":[{"embeddable":true,"href":"https:\/\/magiedufeu.ch\/fr\/wp-json\/wp\/v2\/comments?post=8747"}],"wp:featuredmedia":[{"embeddable":true,"href":"https:\/\/magiedufeu.ch\/fr\/wp-json\/wp\/v2\/media\/11008"}],"wp:attachment":[{"href":"https:\/\/magiedufeu.ch\/fr\/wp-json\/wp\/v2\/media?parent=8747"}],"wp:term":[{"taxonomy":"product_cat","embeddable":true,"href":"https:\/\/magiedufeu.ch\/fr\/wp-json\/wp\/v2\/product_cat?post=8747"},{"taxonomy":"product_tag","embeddable":true,"href":"https:\/\/magiedufeu.ch\/fr\/wp-json\/wp\/v2\/product_tag?post=8747"}],"curies":[{"name":"wp","href":"https:\/\/api.w.org\/{rel}","templated":true}]}}