{"id":8667,"date":"2000-01-01T00:00:00","date_gmt":"2000-01-01T00:00:00","guid":{"rendered":"https:\/\/magiedufeu.ch\/?post_type=product&#038;p=8667"},"modified":"2024-11-07T13:08:17","modified_gmt":"2024-11-07T13:08:17","slug":"dimplex-poele-eletrique-fyr-127-noir","status":"publish","type":"product","link":"https:\/\/magiedufeu.ch\/fr\/produit\/dimplex-poele-eletrique-fyr-127-noir\/","title":{"rendered":"DIMPLEX PO\u00caLE ELETRIQUE FYR 127 NOIR"},"content":{"rendered":"<p>Des chemin\u00e9es robustes, fabriqu\u00e9es avec des mat\u00e9riaux authentiques et des d\u00e9tails subtils. Gr\u00e2ce au feu \u00e9lectrique Optimyst, elles ont de magnifiques flammes : visuellement attrayantes, s\u00fbres et propres, car elles sont cr\u00e9\u00e9es \u00e0 partir de vapeur d&#8217;eau froide naturelle et de lumi\u00e8re. Pour une lumi\u00e8re r\u00e9confortante. Le Fyr 127 est une innovation dans le domaine du feu \u00e9lectrique atmosph\u00e9rique. Ce foyer convient \u00e0 toutes sortes d&#8217;applications, des petits appartements aux grands espaces publics et aux \u00e9tablissements de restauration. L&#8217;effet de feu produit des flammes r\u00e9alistes et dynamiques qui s&#8217;\u00e9l\u00e8vent au-dessus du centre du foyer. Les voluptueuses tablettes sup\u00e9rieures sont disponibles en diff\u00e9rentes finitions de bois. De plus, il est possible de r\u00e9gler la hauteur des flammes. Bienvenue dans le futur. R\u00e9servoir d&#8217;eau facile \u00e0 remplir, offre environ 8 \u00e0 10 heures d&#8217;autonomie. La minuterie 24\/7 assure la flexibilit\u00e9, chaque jour de la semaine peut \u00eatre r\u00e9gl\u00e9 individuellement. Profitez du confort de l&#8217;effet de flamme toute l&#8217;ann\u00e9e, avec ou sans chauffage. Ce produit contient un syst\u00e8me Opti-Myst.<\/p>\n<p>&nbsp;<\/p>\n<p>Largeur : 60 cm<\/p>\n<p>Hauteur : 130,6 cm<\/p>\n<p>Poids : 73,8 kg<\/p>\n<p>Production de chaleur : 2000 W<\/p>\n<p>Consommation maximale : 2000 W<\/p>\n<p>&nbsp;<\/p>\n<p><strong><a href=\"https:\/\/magiedufeu.ch\/wp-content\/uploads\/2000\/01\/DATENBLATT.FYR-127.pdf\">DESSIN TECHNIQUE.FYR 127<\/a><\/strong><\/p>\n","protected":false},"excerpt":{"rendered":"<p>Largeur : 60 cm<\/p>\n<p>&nbsp;<\/p>\n<p>Hauteur : 130,6 cm<\/p>\n<p>&nbsp;<\/p>\n<p>Poids : 73,8 kg<\/p>\n<p>&nbsp;<\/p>\n<p>Production de chaleur : 2000 W<\/p>\n<p>&nbsp;<\/p>\n<p>Consommation maximale : 2000 W<\/p>\n<p>&nbsp;<\/p>\n","protected":false},"featured_media":11963,"comment_status":"closed","ping_status":"closed","template":"","meta":[],"product_cat":[193,195],"product_tag":[889,6291,568,1167,6292],"class_list":{"0":"post-8667","1":"product","2":"type-product","3":"status-publish","4":"has-post-thumbnail","6":"product_cat-cheminees-et-inserts","7":"product_cat-electrique","8":"product_tag-electrique","9":"product_tag-fyr-127","10":"product_tag-noir","11":"product_tag-poele","12":"product_tag-systeme-opti-myst","14":"first","15":"instock","16":"taxable","17":"shipping-taxable","18":"purchasable","19":"product-type-simple"},"yoast_head":"<!-- This site is optimized with the Yoast SEO plugin v23.7 - https:\/\/yoast.com\/wordpress\/plugins\/seo\/ -->\n<title>DIMPLEX PO\u00caLE ELETRIQUE FYR 127 NOIR - Mosoni-Vuissoz Magie du Feu<\/title>\n<meta name=\"robots\" content=\"index, follow, max-snippet:-1, max-image-preview:large, max-video-preview:-1\" \/>\n<link rel=\"canonical\" href=\"https:\/\/magiedufeu.ch\/fr\/produit\/dimplex-poele-eletrique-fyr-127-noir\/\" \/>\n<meta property=\"og:locale\" content=\"fr_FR\" \/>\n<meta property=\"og:type\" content=\"article\" \/>\n<meta property=\"og:title\" content=\"DIMPLEX PO\u00caLE ELETRIQUE FYR 127 NOIR - Mosoni-Vuissoz Magie du Feu\" \/>\n<meta property=\"og:description\" content=\"Largeur : 60 cm  &nbsp;  Hauteur : 130,6 cm  &nbsp;  Poids : 73,8 kg  &nbsp;  Production de chaleur : 2000 W  &nbsp;  Consommation maximale : 2000 W  &nbsp;\" \/>\n<meta property=\"og:url\" content=\"https:\/\/magiedufeu.ch\/fr\/produit\/dimplex-poele-eletrique-fyr-127-noir\/\" \/>\n<meta property=\"og:site_name\" content=\"Mosoni-Vuissoz Magie du Feu\" \/>\n<meta property=\"article:publisher\" content=\"https:\/\/www.facebook.com\/magiedufeu.mdf\/\" \/>\n<meta property=\"article:modified_time\" content=\"2024-11-07T13:08:17+00:00\" \/>\n<meta property=\"og:image\" content=\"https:\/\/magiedufeu.ch\/wp-content\/uploads\/2000\/01\/Design-sans-titre-87.png?wsr\" \/>\n\t<meta property=\"og:image:width\" content=\"1080\" \/>\n\t<meta property=\"og:image:height\" content=\"1080\" \/>\n\t<meta property=\"og:image:type\" content=\"image\/png\" \/>\n<meta name=\"twitter:card\" content=\"summary_large_image\" \/>\n<meta name=\"twitter:label1\" content=\"Dur\u00e9e de lecture estim\u00e9e\" \/>\n\t<meta name=\"twitter:data1\" content=\"2 minutes\" \/>\n<script type=\"application\/ld+json\" class=\"yoast-schema-graph\">{\"@context\":\"https:\/\/schema.org\",\"@graph\":[{\"@type\":\"WebPage\",\"@id\":\"https:\/\/magiedufeu.ch\/fr\/produit\/dimplex-poele-eletrique-fyr-127-noir\/\",\"url\":\"https:\/\/magiedufeu.ch\/fr\/produit\/dimplex-poele-eletrique-fyr-127-noir\/\",\"name\":\"DIMPLEX PO\u00caLE ELETRIQUE FYR 127 NOIR - Mosoni-Vuissoz Magie du Feu\",\"isPartOf\":{\"@id\":\"https:\/\/magiedufeu.ch\/#website\"},\"primaryImageOfPage\":{\"@id\":\"https:\/\/magiedufeu.ch\/fr\/produit\/dimplex-poele-eletrique-fyr-127-noir\/#primaryimage\"},\"image\":{\"@id\":\"https:\/\/magiedufeu.ch\/fr\/produit\/dimplex-poele-eletrique-fyr-127-noir\/#primaryimage\"},\"thumbnailUrl\":\"https:\/\/magiedufeu.ch\/wp-content\/uploads\/2000\/01\/Design-sans-titre-87.png?wsr\",\"datePublished\":\"2000-01-01T00:00:00+00:00\",\"dateModified\":\"2024-11-07T13:08:17+00:00\",\"breadcrumb\":{\"@id\":\"https:\/\/magiedufeu.ch\/fr\/produit\/dimplex-poele-eletrique-fyr-127-noir\/#breadcrumb\"},\"inLanguage\":\"fr-FR\",\"potentialAction\":[{\"@type\":\"ReadAction\",\"target\":[\"https:\/\/magiedufeu.ch\/fr\/produit\/dimplex-poele-eletrique-fyr-127-noir\/\"]}]},{\"@type\":\"ImageObject\",\"inLanguage\":\"fr-FR\",\"@id\":\"https:\/\/magiedufeu.ch\/fr\/produit\/dimplex-poele-eletrique-fyr-127-noir\/#primaryimage\",\"url\":\"https:\/\/magiedufeu.ch\/wp-content\/uploads\/2000\/01\/Design-sans-titre-87.png?wsr\",\"contentUrl\":\"https:\/\/magiedufeu.ch\/wp-content\/uploads\/2000\/01\/Design-sans-titre-87.png?wsr\",\"width\":1080,\"height\":1080},{\"@type\":\"BreadcrumbList\",\"@id\":\"https:\/\/magiedufeu.ch\/fr\/produit\/dimplex-poele-eletrique-fyr-127-noir\/#breadcrumb\",\"itemListElement\":[{\"@type\":\"ListItem\",\"position\":1,\"name\":\"Accueil\",\"item\":\"https:\/\/magiedufeu.ch\/\"},{\"@type\":\"ListItem\",\"position\":2,\"name\":\"Boutique\",\"item\":\"https:\/\/magiedufeu.ch\/fr\/boutique\/\"},{\"@type\":\"ListItem\",\"position\":3,\"name\":\"DIMPLEX PO\u00caLE ELETRIQUE FYR 127 NOIR\"}]},{\"@type\":\"WebSite\",\"@id\":\"https:\/\/magiedufeu.ch\/#website\",\"url\":\"https:\/\/magiedufeu.ch\/\",\"name\":\"Mosoni-Vuissoz Magie du Feu\",\"description\":\"\",\"publisher\":{\"@id\":\"https:\/\/magiedufeu.ch\/#organization\"},\"potentialAction\":[{\"@type\":\"SearchAction\",\"target\":{\"@type\":\"EntryPoint\",\"urlTemplate\":\"https:\/\/magiedufeu.ch\/?s={search_term_string}\"},\"query-input\":{\"@type\":\"PropertyValueSpecification\",\"valueRequired\":true,\"valueName\":\"search_term_string\"}}],\"inLanguage\":\"fr-FR\"},{\"@type\":\"Organization\",\"@id\":\"https:\/\/magiedufeu.ch\/#organization\",\"name\":\"Mosoni-Vuissoz Magie du Feu\",\"url\":\"https:\/\/magiedufeu.ch\/\",\"logo\":{\"@type\":\"ImageObject\",\"inLanguage\":\"fr-FR\",\"@id\":\"https:\/\/magiedufeu.ch\/#\/schema\/logo\/image\/\",\"url\":\"https:\/\/magiedufeu.ch\/wp-content\/uploads\/2021\/06\/Mosoni-Vuissoz-logo-1024x536-1-46d285e0.png\",\"contentUrl\":\"https:\/\/magiedufeu.ch\/wp-content\/uploads\/2021\/06\/Mosoni-Vuissoz-logo-1024x536-1-46d285e0.png\",\"width\":200,\"height\":105,\"caption\":\"Mosoni-Vuissoz Magie du Feu\"},\"image\":{\"@id\":\"https:\/\/magiedufeu.ch\/#\/schema\/logo\/image\/\"},\"sameAs\":[\"https:\/\/www.facebook.com\/magiedufeu.mdf\/\"]}]}<\/script>\n<!-- \/ Yoast SEO plugin. -->","yoast_head_json":{"title":"DIMPLEX PO\u00caLE ELETRIQUE FYR 127 NOIR - Mosoni-Vuissoz Magie du Feu","robots":{"index":"index","follow":"follow","max-snippet":"max-snippet:-1","max-image-preview":"max-image-preview:large","max-video-preview":"max-video-preview:-1"},"canonical":"https:\/\/magiedufeu.ch\/fr\/produit\/dimplex-poele-eletrique-fyr-127-noir\/","og_locale":"fr_FR","og_type":"article","og_title":"DIMPLEX PO\u00caLE ELETRIQUE FYR 127 NOIR - Mosoni-Vuissoz Magie du Feu","og_description":"Largeur : 60 cm  &nbsp;  Hauteur : 130,6 cm  &nbsp;  Poids : 73,8 kg  &nbsp;  Production de chaleur : 2000 W  &nbsp;  Consommation maximale : 2000 W  &nbsp;","og_url":"https:\/\/magiedufeu.ch\/fr\/produit\/dimplex-poele-eletrique-fyr-127-noir\/","og_site_name":"Mosoni-Vuissoz Magie du Feu","article_publisher":"https:\/\/www.facebook.com\/magiedufeu.mdf\/","article_modified_time":"2024-11-07T13:08:17+00:00","og_image":[{"width":1080,"height":1080,"url":"https:\/\/magiedufeu.ch\/wp-content\/uploads\/2000\/01\/Design-sans-titre-87.png?wsr","type":"image\/png"}],"twitter_card":"summary_large_image","twitter_misc":{"Dur\u00e9e de lecture estim\u00e9e":"2 minutes"},"schema":{"@context":"https:\/\/schema.org","@graph":[{"@type":"WebPage","@id":"https:\/\/magiedufeu.ch\/fr\/produit\/dimplex-poele-eletrique-fyr-127-noir\/","url":"https:\/\/magiedufeu.ch\/fr\/produit\/dimplex-poele-eletrique-fyr-127-noir\/","name":"DIMPLEX PO\u00caLE ELETRIQUE FYR 127 NOIR - Mosoni-Vuissoz Magie du Feu","isPartOf":{"@id":"https:\/\/magiedufeu.ch\/#website"},"primaryImageOfPage":{"@id":"https:\/\/magiedufeu.ch\/fr\/produit\/dimplex-poele-eletrique-fyr-127-noir\/#primaryimage"},"image":{"@id":"https:\/\/magiedufeu.ch\/fr\/produit\/dimplex-poele-eletrique-fyr-127-noir\/#primaryimage"},"thumbnailUrl":"https:\/\/magiedufeu.ch\/wp-content\/uploads\/2000\/01\/Design-sans-titre-87.png?wsr","datePublished":"2000-01-01T00:00:00+00:00","dateModified":"2024-11-07T13:08:17+00:00","breadcrumb":{"@id":"https:\/\/magiedufeu.ch\/fr\/produit\/dimplex-poele-eletrique-fyr-127-noir\/#breadcrumb"},"inLanguage":"fr-FR","potentialAction":[{"@type":"ReadAction","target":["https:\/\/magiedufeu.ch\/fr\/produit\/dimplex-poele-eletrique-fyr-127-noir\/"]}]},{"@type":"ImageObject","inLanguage":"fr-FR","@id":"https:\/\/magiedufeu.ch\/fr\/produit\/dimplex-poele-eletrique-fyr-127-noir\/#primaryimage","url":"https:\/\/magiedufeu.ch\/wp-content\/uploads\/2000\/01\/Design-sans-titre-87.png?wsr","contentUrl":"https:\/\/magiedufeu.ch\/wp-content\/uploads\/2000\/01\/Design-sans-titre-87.png?wsr","width":1080,"height":1080},{"@type":"BreadcrumbList","@id":"https:\/\/magiedufeu.ch\/fr\/produit\/dimplex-poele-eletrique-fyr-127-noir\/#breadcrumb","itemListElement":[{"@type":"ListItem","position":1,"name":"Accueil","item":"https:\/\/magiedufeu.ch\/"},{"@type":"ListItem","position":2,"name":"Boutique","item":"https:\/\/magiedufeu.ch\/fr\/boutique\/"},{"@type":"ListItem","position":3,"name":"DIMPLEX PO\u00caLE ELETRIQUE FYR 127 NOIR"}]},{"@type":"WebSite","@id":"https:\/\/magiedufeu.ch\/#website","url":"https:\/\/magiedufeu.ch\/","name":"Mosoni-Vuissoz Magie du Feu","description":"","publisher":{"@id":"https:\/\/magiedufeu.ch\/#organization"},"potentialAction":[{"@type":"SearchAction","target":{"@type":"EntryPoint","urlTemplate":"https:\/\/magiedufeu.ch\/?s={search_term_string}"},"query-input":{"@type":"PropertyValueSpecification","valueRequired":true,"valueName":"search_term_string"}}],"inLanguage":"fr-FR"},{"@type":"Organization","@id":"https:\/\/magiedufeu.ch\/#organization","name":"Mosoni-Vuissoz Magie du Feu","url":"https:\/\/magiedufeu.ch\/","logo":{"@type":"ImageObject","inLanguage":"fr-FR","@id":"https:\/\/magiedufeu.ch\/#\/schema\/logo\/image\/","url":"https:\/\/magiedufeu.ch\/wp-content\/uploads\/2021\/06\/Mosoni-Vuissoz-logo-1024x536-1-46d285e0.png","contentUrl":"https:\/\/magiedufeu.ch\/wp-content\/uploads\/2021\/06\/Mosoni-Vuissoz-logo-1024x536-1-46d285e0.png","width":200,"height":105,"caption":"Mosoni-Vuissoz Magie du Feu"},"image":{"@id":"https:\/\/magiedufeu.ch\/#\/schema\/logo\/image\/"},"sameAs":["https:\/\/www.facebook.com\/magiedufeu.mdf\/"]}]}},"_links":{"self":[{"href":"https:\/\/magiedufeu.ch\/fr\/wp-json\/wp\/v2\/product\/8667","targetHints":{"allow":["GET"]}}],"collection":[{"href":"https:\/\/magiedufeu.ch\/fr\/wp-json\/wp\/v2\/product"}],"about":[{"href":"https:\/\/magiedufeu.ch\/fr\/wp-json\/wp\/v2\/types\/product"}],"replies":[{"embeddable":true,"href":"https:\/\/magiedufeu.ch\/fr\/wp-json\/wp\/v2\/comments?post=8667"}],"wp:featuredmedia":[{"embeddable":true,"href":"https:\/\/magiedufeu.ch\/fr\/wp-json\/wp\/v2\/media\/11963"}],"wp:attachment":[{"href":"https:\/\/magiedufeu.ch\/fr\/wp-json\/wp\/v2\/media?parent=8667"}],"wp:term":[{"taxonomy":"product_cat","embeddable":true,"href":"https:\/\/magiedufeu.ch\/fr\/wp-json\/wp\/v2\/product_cat?post=8667"},{"taxonomy":"product_tag","embeddable":true,"href":"https:\/\/magiedufeu.ch\/fr\/wp-json\/wp\/v2\/product_tag?post=8667"}],"curies":[{"name":"wp","href":"https:\/\/api.w.org\/{rel}","templated":true}]}}