{"id":8662,"date":"2000-01-01T00:00:00","date_gmt":"2000-01-01T00:00:00","guid":{"rendered":"https:\/\/magiedufeu.ch\/?post_type=product&#038;p=8662"},"modified":"2024-11-07T13:16:52","modified_gmt":"2024-11-07T13:16:52","slug":"dimplex-verdi-cheminee-electrique-blanche","status":"publish","type":"product","link":"https:\/\/magiedufeu.ch\/fr\/produit\/dimplex-verdi-cheminee-electrique-blanche\/","title":{"rendered":"DIMPLEX VERDI CHEMIN\u00c9E \u00c9LECTRIQUE BLANCHE"},"content":{"rendered":"<p>Avec son design fin, grand et l\u00e9ger, le Verdi est d\u00e9j\u00e0 tr\u00e8s populaire. Bien qu&#8217;il soit rapidement mont\u00e9, il sera n\u00e9anmoins l&#8217;\u00e9l\u00e9ment central des plus petits salons. Con\u00e7u pour passer de bons moments autour d&#8217;un feu r\u00e9aliste tout en profitant d&#8217;une chaleur agr\u00e9able. Corps ovale blanc avec finition brillante.<br \/>\nCompartiment pour ranger les b\u00fbches. Cadre d\u00e9coratif argent\u00e9 autour du foyer. Ce produit contient un syst\u00e8me Opti-Myst.<\/p>\n<p>&nbsp;<\/p>\n<p>Largeur : 77,5 mm<\/p>\n<p>Hauteur : 143,2 mm<\/p>\n<p>Profondeur : 44,7 mm<\/p>\n<p>Poids : 66 kg<\/p>\n<p>Consommation maximale : 2000 W<\/p>\n<p>&nbsp;<\/p>\n<p><strong><a href=\"https:\/\/magiedufeu.ch\/wp-content\/uploads\/2000\/01\/DATENBLATT.VERDI_.pdf\">DESSIN TECHNIQUE.VERDI<\/a><\/strong><\/p>\n","protected":false},"excerpt":{"rendered":"<p>Largeur : 77,5 mm<\/p>\n<p>&nbsp;<\/p>\n<p>Hauteur : 143,2 mm<\/p>\n<p>&nbsp;<\/p>\n<p>Profondeur : 44,7 mm<\/p>\n<p>&nbsp;<\/p>\n<p>Poids : 66 kg<\/p>\n<p>&nbsp;<\/p>\n<p>Consommation maximale : 2000 W<\/p>\n<p>&nbsp;<\/p>\n","protected":false},"featured_media":11946,"comment_status":"closed","ping_status":"closed","template":"","meta":[],"product_cat":[193,195],"product_tag":[4239,469,6296,6295,4550,6292],"class_list":{"0":"post-8662","1":"product","2":"type-product","3":"status-publish","4":"has-post-thumbnail","6":"product_cat-cheminees-et-inserts","7":"product_cat-electrique","8":"product_tag-a-poser","9":"product_tag-blanc","10":"product_tag-forme-ovale","11":"product_tag-fourneau-electrique","12":"product_tag-modele-expo","13":"product_tag-systeme-opti-myst","15":"first","16":"instock","17":"taxable","18":"shipping-taxable","19":"purchasable","20":"product-type-simple"},"yoast_head":"<!-- This site is optimized with the Yoast SEO plugin v23.7 - https:\/\/yoast.com\/wordpress\/plugins\/seo\/ -->\n<title>DIMPLEX VERDI CHEMIN\u00c9E \u00c9LECTRIQUE BLANCHE - Mosoni-Vuissoz Magie du Feu<\/title>\n<meta name=\"robots\" content=\"index, follow, max-snippet:-1, max-image-preview:large, max-video-preview:-1\" \/>\n<link rel=\"canonical\" href=\"https:\/\/magiedufeu.ch\/fr\/produit\/dimplex-verdi-cheminee-electrique-blanche\/\" \/>\n<meta property=\"og:locale\" content=\"fr_FR\" \/>\n<meta property=\"og:type\" content=\"article\" \/>\n<meta property=\"og:title\" content=\"DIMPLEX VERDI CHEMIN\u00c9E \u00c9LECTRIQUE BLANCHE - Mosoni-Vuissoz Magie du Feu\" \/>\n<meta property=\"og:description\" content=\"Largeur : 77,5 mm  &nbsp;  Hauteur : 143,2 mm  &nbsp;  Profondeur : 44,7 mm  &nbsp;  Poids : 66 kg  &nbsp;  Consommation maximale : 2000 W  &nbsp;\" \/>\n<meta property=\"og:url\" content=\"https:\/\/magiedufeu.ch\/fr\/produit\/dimplex-verdi-cheminee-electrique-blanche\/\" \/>\n<meta property=\"og:site_name\" content=\"Mosoni-Vuissoz Magie du Feu\" \/>\n<meta property=\"article:publisher\" content=\"https:\/\/www.facebook.com\/magiedufeu.mdf\/\" \/>\n<meta property=\"article:modified_time\" content=\"2024-11-07T13:16:52+00:00\" \/>\n<meta property=\"og:image\" content=\"https:\/\/magiedufeu.ch\/wp-content\/uploads\/2000\/01\/Design-sans-titre-82.png?wsr\" \/>\n\t<meta property=\"og:image:width\" content=\"1080\" \/>\n\t<meta property=\"og:image:height\" content=\"1080\" \/>\n\t<meta property=\"og:image:type\" content=\"image\/png\" \/>\n<meta name=\"twitter:card\" content=\"summary_large_image\" \/>\n<meta name=\"twitter:label1\" content=\"Dur\u00e9e de lecture estim\u00e9e\" \/>\n\t<meta name=\"twitter:data1\" content=\"1 minute\" \/>\n<script type=\"application\/ld+json\" class=\"yoast-schema-graph\">{\"@context\":\"https:\/\/schema.org\",\"@graph\":[{\"@type\":\"WebPage\",\"@id\":\"https:\/\/magiedufeu.ch\/fr\/produit\/dimplex-verdi-cheminee-electrique-blanche\/\",\"url\":\"https:\/\/magiedufeu.ch\/fr\/produit\/dimplex-verdi-cheminee-electrique-blanche\/\",\"name\":\"DIMPLEX VERDI CHEMIN\u00c9E \u00c9LECTRIQUE BLANCHE - Mosoni-Vuissoz Magie du Feu\",\"isPartOf\":{\"@id\":\"https:\/\/magiedufeu.ch\/#website\"},\"primaryImageOfPage\":{\"@id\":\"https:\/\/magiedufeu.ch\/fr\/produit\/dimplex-verdi-cheminee-electrique-blanche\/#primaryimage\"},\"image\":{\"@id\":\"https:\/\/magiedufeu.ch\/fr\/produit\/dimplex-verdi-cheminee-electrique-blanche\/#primaryimage\"},\"thumbnailUrl\":\"https:\/\/magiedufeu.ch\/wp-content\/uploads\/2000\/01\/Design-sans-titre-82.png?wsr\",\"datePublished\":\"2000-01-01T00:00:00+00:00\",\"dateModified\":\"2024-11-07T13:16:52+00:00\",\"breadcrumb\":{\"@id\":\"https:\/\/magiedufeu.ch\/fr\/produit\/dimplex-verdi-cheminee-electrique-blanche\/#breadcrumb\"},\"inLanguage\":\"fr-FR\",\"potentialAction\":[{\"@type\":\"ReadAction\",\"target\":[\"https:\/\/magiedufeu.ch\/fr\/produit\/dimplex-verdi-cheminee-electrique-blanche\/\"]}]},{\"@type\":\"ImageObject\",\"inLanguage\":\"fr-FR\",\"@id\":\"https:\/\/magiedufeu.ch\/fr\/produit\/dimplex-verdi-cheminee-electrique-blanche\/#primaryimage\",\"url\":\"https:\/\/magiedufeu.ch\/wp-content\/uploads\/2000\/01\/Design-sans-titre-82.png?wsr\",\"contentUrl\":\"https:\/\/magiedufeu.ch\/wp-content\/uploads\/2000\/01\/Design-sans-titre-82.png?wsr\",\"width\":1080,\"height\":1080},{\"@type\":\"BreadcrumbList\",\"@id\":\"https:\/\/magiedufeu.ch\/fr\/produit\/dimplex-verdi-cheminee-electrique-blanche\/#breadcrumb\",\"itemListElement\":[{\"@type\":\"ListItem\",\"position\":1,\"name\":\"Accueil\",\"item\":\"https:\/\/magiedufeu.ch\/\"},{\"@type\":\"ListItem\",\"position\":2,\"name\":\"Boutique\",\"item\":\"https:\/\/magiedufeu.ch\/fr\/boutique\/\"},{\"@type\":\"ListItem\",\"position\":3,\"name\":\"DIMPLEX VERDI CHEMIN\u00c9E \u00c9LECTRIQUE BLANCHE\"}]},{\"@type\":\"WebSite\",\"@id\":\"https:\/\/magiedufeu.ch\/#website\",\"url\":\"https:\/\/magiedufeu.ch\/\",\"name\":\"Mosoni-Vuissoz Magie du Feu\",\"description\":\"\",\"publisher\":{\"@id\":\"https:\/\/magiedufeu.ch\/#organization\"},\"potentialAction\":[{\"@type\":\"SearchAction\",\"target\":{\"@type\":\"EntryPoint\",\"urlTemplate\":\"https:\/\/magiedufeu.ch\/?s={search_term_string}\"},\"query-input\":{\"@type\":\"PropertyValueSpecification\",\"valueRequired\":true,\"valueName\":\"search_term_string\"}}],\"inLanguage\":\"fr-FR\"},{\"@type\":\"Organization\",\"@id\":\"https:\/\/magiedufeu.ch\/#organization\",\"name\":\"Mosoni-Vuissoz Magie du Feu\",\"url\":\"https:\/\/magiedufeu.ch\/\",\"logo\":{\"@type\":\"ImageObject\",\"inLanguage\":\"fr-FR\",\"@id\":\"https:\/\/magiedufeu.ch\/#\/schema\/logo\/image\/\",\"url\":\"https:\/\/magiedufeu.ch\/wp-content\/uploads\/2021\/06\/Mosoni-Vuissoz-logo-1024x536-1-46d285e0.png\",\"contentUrl\":\"https:\/\/magiedufeu.ch\/wp-content\/uploads\/2021\/06\/Mosoni-Vuissoz-logo-1024x536-1-46d285e0.png\",\"width\":200,\"height\":105,\"caption\":\"Mosoni-Vuissoz Magie du Feu\"},\"image\":{\"@id\":\"https:\/\/magiedufeu.ch\/#\/schema\/logo\/image\/\"},\"sameAs\":[\"https:\/\/www.facebook.com\/magiedufeu.mdf\/\"]}]}<\/script>\n<!-- \/ Yoast SEO plugin. -->","yoast_head_json":{"title":"DIMPLEX VERDI CHEMIN\u00c9E \u00c9LECTRIQUE BLANCHE - Mosoni-Vuissoz Magie du Feu","robots":{"index":"index","follow":"follow","max-snippet":"max-snippet:-1","max-image-preview":"max-image-preview:large","max-video-preview":"max-video-preview:-1"},"canonical":"https:\/\/magiedufeu.ch\/fr\/produit\/dimplex-verdi-cheminee-electrique-blanche\/","og_locale":"fr_FR","og_type":"article","og_title":"DIMPLEX VERDI CHEMIN\u00c9E \u00c9LECTRIQUE BLANCHE - Mosoni-Vuissoz Magie du Feu","og_description":"Largeur : 77,5 mm  &nbsp;  Hauteur : 143,2 mm  &nbsp;  Profondeur : 44,7 mm  &nbsp;  Poids : 66 kg  &nbsp;  Consommation maximale : 2000 W  &nbsp;","og_url":"https:\/\/magiedufeu.ch\/fr\/produit\/dimplex-verdi-cheminee-electrique-blanche\/","og_site_name":"Mosoni-Vuissoz Magie du Feu","article_publisher":"https:\/\/www.facebook.com\/magiedufeu.mdf\/","article_modified_time":"2024-11-07T13:16:52+00:00","og_image":[{"width":1080,"height":1080,"url":"https:\/\/magiedufeu.ch\/wp-content\/uploads\/2000\/01\/Design-sans-titre-82.png?wsr","type":"image\/png"}],"twitter_card":"summary_large_image","twitter_misc":{"Dur\u00e9e de lecture estim\u00e9e":"1 minute"},"schema":{"@context":"https:\/\/schema.org","@graph":[{"@type":"WebPage","@id":"https:\/\/magiedufeu.ch\/fr\/produit\/dimplex-verdi-cheminee-electrique-blanche\/","url":"https:\/\/magiedufeu.ch\/fr\/produit\/dimplex-verdi-cheminee-electrique-blanche\/","name":"DIMPLEX VERDI CHEMIN\u00c9E \u00c9LECTRIQUE BLANCHE - Mosoni-Vuissoz Magie du Feu","isPartOf":{"@id":"https:\/\/magiedufeu.ch\/#website"},"primaryImageOfPage":{"@id":"https:\/\/magiedufeu.ch\/fr\/produit\/dimplex-verdi-cheminee-electrique-blanche\/#primaryimage"},"image":{"@id":"https:\/\/magiedufeu.ch\/fr\/produit\/dimplex-verdi-cheminee-electrique-blanche\/#primaryimage"},"thumbnailUrl":"https:\/\/magiedufeu.ch\/wp-content\/uploads\/2000\/01\/Design-sans-titre-82.png?wsr","datePublished":"2000-01-01T00:00:00+00:00","dateModified":"2024-11-07T13:16:52+00:00","breadcrumb":{"@id":"https:\/\/magiedufeu.ch\/fr\/produit\/dimplex-verdi-cheminee-electrique-blanche\/#breadcrumb"},"inLanguage":"fr-FR","potentialAction":[{"@type":"ReadAction","target":["https:\/\/magiedufeu.ch\/fr\/produit\/dimplex-verdi-cheminee-electrique-blanche\/"]}]},{"@type":"ImageObject","inLanguage":"fr-FR","@id":"https:\/\/magiedufeu.ch\/fr\/produit\/dimplex-verdi-cheminee-electrique-blanche\/#primaryimage","url":"https:\/\/magiedufeu.ch\/wp-content\/uploads\/2000\/01\/Design-sans-titre-82.png?wsr","contentUrl":"https:\/\/magiedufeu.ch\/wp-content\/uploads\/2000\/01\/Design-sans-titre-82.png?wsr","width":1080,"height":1080},{"@type":"BreadcrumbList","@id":"https:\/\/magiedufeu.ch\/fr\/produit\/dimplex-verdi-cheminee-electrique-blanche\/#breadcrumb","itemListElement":[{"@type":"ListItem","position":1,"name":"Accueil","item":"https:\/\/magiedufeu.ch\/"},{"@type":"ListItem","position":2,"name":"Boutique","item":"https:\/\/magiedufeu.ch\/fr\/boutique\/"},{"@type":"ListItem","position":3,"name":"DIMPLEX VERDI CHEMIN\u00c9E \u00c9LECTRIQUE BLANCHE"}]},{"@type":"WebSite","@id":"https:\/\/magiedufeu.ch\/#website","url":"https:\/\/magiedufeu.ch\/","name":"Mosoni-Vuissoz Magie du Feu","description":"","publisher":{"@id":"https:\/\/magiedufeu.ch\/#organization"},"potentialAction":[{"@type":"SearchAction","target":{"@type":"EntryPoint","urlTemplate":"https:\/\/magiedufeu.ch\/?s={search_term_string}"},"query-input":{"@type":"PropertyValueSpecification","valueRequired":true,"valueName":"search_term_string"}}],"inLanguage":"fr-FR"},{"@type":"Organization","@id":"https:\/\/magiedufeu.ch\/#organization","name":"Mosoni-Vuissoz Magie du Feu","url":"https:\/\/magiedufeu.ch\/","logo":{"@type":"ImageObject","inLanguage":"fr-FR","@id":"https:\/\/magiedufeu.ch\/#\/schema\/logo\/image\/","url":"https:\/\/magiedufeu.ch\/wp-content\/uploads\/2021\/06\/Mosoni-Vuissoz-logo-1024x536-1-46d285e0.png","contentUrl":"https:\/\/magiedufeu.ch\/wp-content\/uploads\/2021\/06\/Mosoni-Vuissoz-logo-1024x536-1-46d285e0.png","width":200,"height":105,"caption":"Mosoni-Vuissoz Magie du Feu"},"image":{"@id":"https:\/\/magiedufeu.ch\/#\/schema\/logo\/image\/"},"sameAs":["https:\/\/www.facebook.com\/magiedufeu.mdf\/"]}]}},"_links":{"self":[{"href":"https:\/\/magiedufeu.ch\/fr\/wp-json\/wp\/v2\/product\/8662","targetHints":{"allow":["GET"]}}],"collection":[{"href":"https:\/\/magiedufeu.ch\/fr\/wp-json\/wp\/v2\/product"}],"about":[{"href":"https:\/\/magiedufeu.ch\/fr\/wp-json\/wp\/v2\/types\/product"}],"replies":[{"embeddable":true,"href":"https:\/\/magiedufeu.ch\/fr\/wp-json\/wp\/v2\/comments?post=8662"}],"wp:featuredmedia":[{"embeddable":true,"href":"https:\/\/magiedufeu.ch\/fr\/wp-json\/wp\/v2\/media\/11946"}],"wp:attachment":[{"href":"https:\/\/magiedufeu.ch\/fr\/wp-json\/wp\/v2\/media?parent=8662"}],"wp:term":[{"taxonomy":"product_cat","embeddable":true,"href":"https:\/\/magiedufeu.ch\/fr\/wp-json\/wp\/v2\/product_cat?post=8662"},{"taxonomy":"product_tag","embeddable":true,"href":"https:\/\/magiedufeu.ch\/fr\/wp-json\/wp\/v2\/product_tag?post=8662"}],"curies":[{"name":"wp","href":"https:\/\/api.w.org\/{rel}","templated":true}]}}