{"id":8152,"date":"2000-01-01T00:00:00","date_gmt":"2000-01-01T00:00:00","guid":{"rendered":"https:\/\/magiedufeu.ch\/?post_type=product&#038;p=8152"},"modified":"2026-04-21T09:29:32","modified_gmt":"2026-04-21T09:29:32","slug":"barbecue-traeger-pro-575-a-pellets","status":"publish","type":"product","link":"https:\/\/magiedufeu.ch\/fr\/produit\/barbecue-traeger-pro-575-a-pellets\/","title":{"rendered":"Barbecue TRAEGER PRO 575 \u00e0 Pellets"},"content":{"rendered":"<h2>Pourquoi choisir le barbecue Traeger Pro 575 \u00e0 pellets ?<\/h2>\n<p>Le barbecue \u00e0 granul\u00e9s Traeger Pro575 est le choix id\u00e9al pour les amateurs de barbecue qui recherchent une exp\u00e9rience de cuisson exceptionnelle. L&#8217;une des caract\u00e9ristiques les plus impressionnante de ce barbecue est sa technologie de contr\u00f4le de la temp\u00e9rature. Outre sa facilit\u00e9 d&#8217;utilisation, le barbecue \u00e0 granul\u00e9s Traeger Pro 575 offre \u00e9galement une polyvalence exceptionnelle. Vous pouvez l&#8217;utiliser pour griller, fumer, r\u00f4tir, mijoter, cuire au four et m\u00eame pr\u00e9parer des pizzas croustillantes. Non seulement vous obtiendrez un appareil de grande qualit\u00e9 qui durera des ann\u00e9es, mais vous vivrez \u00e9galement une exp\u00e9rience de cuisson au barbecue incomparable.<\/p>\n<h2>Les avantages du barbecue Traeger Pro 575 :<\/h2>\n<p>Avec sa capacit\u00e9 \u00e0 r\u00e9guler la temp\u00e9rature, ce barbecue vous permet de contr\u00f4ler pr\u00e9cis\u00e9ment la chaleur pour obtenir des r\u00e9sultats parfaits \u00e0 chaque fois. Avec une construction solide en acier inoxydable, ce barbecue est con\u00e7u pour durer et r\u00e9sister aux conditions ext\u00e9rieures. Sa grille spacieuse offre suffisamment d&#8217;espace pour griller, fumer ou r\u00f4tir vos aliments pr\u00e9f\u00e9r\u00e9s. Gr\u00e2ce \u00e0 son syst\u00e8me de granul\u00e9s, il maintient une temp\u00e9rature constante et pr\u00e9cise, ce qui vous permet de cuire votre viande de mani\u00e8re uniforme et de pr\u00e9server son jus.<\/p>\n<h3>Caract\u00e9ristiques principales du produit :<\/h3>\n<p>Hauteur : 1340 mm<\/p>\n<p>Largeur : 1041 mm<\/p>\n<p>Profondeur : 680 mm<\/p>\n<p>Poids : 56 kg<\/p>\n<p>&nbsp;<\/p>\n<p><strong><a href=\"https:\/\/magiedufeu.ch\/wp-content\/uploads\/2000\/01\/Design-sans-titre-27.pdf\">FICHE TECHNIQUE.PRO 575<\/a><\/strong><\/p>\n","protected":false},"excerpt":{"rendered":"<p>Hauteur : 1340 mm<\/p>\n<p>Largeur : 1041 mm<\/p>\n<p>Profondeur : 680 mm<\/p>\n<p>Poids : 56 kg<\/p>\n<p>&nbsp;<\/p>\n","protected":false},"featured_media":11047,"comment_status":"closed","ping_status":"closed","template":"","meta":[],"product_cat":[153,151],"product_tag":[],"class_list":{"0":"post-8152","1":"product","2":"type-product","3":"status-publish","4":"has-post-thumbnail","6":"product_cat-grills-a-charbon-bois","7":"product_cat-grills-et-planchas","9":"first","10":"instock","11":"taxable","12":"shipping-taxable","13":"purchasable","14":"product-type-simple"},"yoast_head":"<!-- This site is optimized with the Yoast SEO plugin v23.7 - https:\/\/yoast.com\/wordpress\/plugins\/seo\/ -->\n<title>Barbecue TRAEGER PRO 575 \u00e0 Pellets - Mosoni-Vuissoz Magie du Feu<\/title>\n<meta name=\"description\" content=\"Le barbecue \u00e0 granul\u00e9s Traeger Pro575 est le choix id\u00e9al pour les amateurs de barbecue qui recherchent une exp\u00e9rience de cuisson ...\" \/>\n<meta name=\"robots\" content=\"index, follow, max-snippet:-1, max-image-preview:large, max-video-preview:-1\" \/>\n<link rel=\"canonical\" href=\"https:\/\/magiedufeu.ch\/fr\/produit\/barbecue-traeger-pro-575-a-pellets\/\" \/>\n<meta property=\"og:locale\" content=\"fr_FR\" \/>\n<meta property=\"og:type\" content=\"article\" \/>\n<meta property=\"og:title\" content=\"Barbecue TRAEGER PRO 575 \u00e0 Pellets - Mosoni-Vuissoz Magie du Feu\" \/>\n<meta property=\"og:description\" content=\"Le barbecue \u00e0 granul\u00e9s Traeger Pro575 est le choix id\u00e9al pour les amateurs de barbecue qui recherchent une exp\u00e9rience de cuisson ...\" \/>\n<meta property=\"og:url\" content=\"https:\/\/magiedufeu.ch\/fr\/produit\/barbecue-traeger-pro-575-a-pellets\/\" \/>\n<meta property=\"og:site_name\" content=\"Mosoni-Vuissoz Magie du Feu\" \/>\n<meta property=\"article:publisher\" content=\"https:\/\/www.facebook.com\/magiedufeu.mdf\/\" \/>\n<meta property=\"article:modified_time\" content=\"2026-04-21T09:29:32+00:00\" \/>\n<meta property=\"og:image\" content=\"https:\/\/magiedufeu.ch\/wp-content\/uploads\/2024\/09\/Design-sans-titre-16-1.png?wsr\" \/>\n\t<meta property=\"og:image:width\" content=\"1080\" \/>\n\t<meta property=\"og:image:height\" content=\"1080\" \/>\n\t<meta property=\"og:image:type\" content=\"image\/png\" \/>\n<meta name=\"twitter:card\" content=\"summary_large_image\" \/>\n<meta name=\"twitter:label1\" content=\"Dur\u00e9e de lecture estim\u00e9e\" \/>\n\t<meta name=\"twitter:data1\" content=\"2 minutes\" \/>\n<script type=\"application\/ld+json\" class=\"yoast-schema-graph\">{\"@context\":\"https:\/\/schema.org\",\"@graph\":[{\"@type\":\"WebPage\",\"@id\":\"https:\/\/magiedufeu.ch\/fr\/produit\/barbecue-traeger-pro-575-a-pellets\/\",\"url\":\"https:\/\/magiedufeu.ch\/fr\/produit\/barbecue-traeger-pro-575-a-pellets\/\",\"name\":\"Barbecue TRAEGER PRO 575 \u00e0 Pellets - Mosoni-Vuissoz Magie du Feu\",\"isPartOf\":{\"@id\":\"https:\/\/magiedufeu.ch\/#website\"},\"primaryImageOfPage\":{\"@id\":\"https:\/\/magiedufeu.ch\/fr\/produit\/barbecue-traeger-pro-575-a-pellets\/#primaryimage\"},\"image\":{\"@id\":\"https:\/\/magiedufeu.ch\/fr\/produit\/barbecue-traeger-pro-575-a-pellets\/#primaryimage\"},\"thumbnailUrl\":\"https:\/\/magiedufeu.ch\/wp-content\/uploads\/2024\/09\/Design-sans-titre-16-1.png?wsr\",\"datePublished\":\"2000-01-01T00:00:00+00:00\",\"dateModified\":\"2026-04-21T09:29:32+00:00\",\"description\":\"Le barbecue \u00e0 granul\u00e9s Traeger Pro575 est le choix id\u00e9al pour les amateurs de barbecue qui recherchent une exp\u00e9rience de cuisson ...\",\"breadcrumb\":{\"@id\":\"https:\/\/magiedufeu.ch\/fr\/produit\/barbecue-traeger-pro-575-a-pellets\/#breadcrumb\"},\"inLanguage\":\"fr-FR\",\"potentialAction\":[{\"@type\":\"ReadAction\",\"target\":[\"https:\/\/magiedufeu.ch\/fr\/produit\/barbecue-traeger-pro-575-a-pellets\/\"]}]},{\"@type\":\"ImageObject\",\"inLanguage\":\"fr-FR\",\"@id\":\"https:\/\/magiedufeu.ch\/fr\/produit\/barbecue-traeger-pro-575-a-pellets\/#primaryimage\",\"url\":\"https:\/\/magiedufeu.ch\/wp-content\/uploads\/2024\/09\/Design-sans-titre-16-1.png?wsr\",\"contentUrl\":\"https:\/\/magiedufeu.ch\/wp-content\/uploads\/2024\/09\/Design-sans-titre-16-1.png?wsr\",\"width\":1080,\"height\":1080},{\"@type\":\"BreadcrumbList\",\"@id\":\"https:\/\/magiedufeu.ch\/fr\/produit\/barbecue-traeger-pro-575-a-pellets\/#breadcrumb\",\"itemListElement\":[{\"@type\":\"ListItem\",\"position\":1,\"name\":\"Accueil\",\"item\":\"https:\/\/magiedufeu.ch\/\"},{\"@type\":\"ListItem\",\"position\":2,\"name\":\"Boutique\",\"item\":\"https:\/\/magiedufeu.ch\/fr\/boutique\/\"},{\"@type\":\"ListItem\",\"position\":3,\"name\":\"Barbecue TRAEGER PRO 575 \u00e0 Pellets\"}]},{\"@type\":\"WebSite\",\"@id\":\"https:\/\/magiedufeu.ch\/#website\",\"url\":\"https:\/\/magiedufeu.ch\/\",\"name\":\"Mosoni-Vuissoz Magie du Feu\",\"description\":\"\",\"publisher\":{\"@id\":\"https:\/\/magiedufeu.ch\/#organization\"},\"potentialAction\":[{\"@type\":\"SearchAction\",\"target\":{\"@type\":\"EntryPoint\",\"urlTemplate\":\"https:\/\/magiedufeu.ch\/?s={search_term_string}\"},\"query-input\":{\"@type\":\"PropertyValueSpecification\",\"valueRequired\":true,\"valueName\":\"search_term_string\"}}],\"inLanguage\":\"fr-FR\"},{\"@type\":\"Organization\",\"@id\":\"https:\/\/magiedufeu.ch\/#organization\",\"name\":\"Mosoni-Vuissoz Magie du Feu\",\"url\":\"https:\/\/magiedufeu.ch\/\",\"logo\":{\"@type\":\"ImageObject\",\"inLanguage\":\"fr-FR\",\"@id\":\"https:\/\/magiedufeu.ch\/#\/schema\/logo\/image\/\",\"url\":\"https:\/\/magiedufeu.ch\/wp-content\/uploads\/2021\/06\/Mosoni-Vuissoz-logo-1024x536-1-46d285e0.png\",\"contentUrl\":\"https:\/\/magiedufeu.ch\/wp-content\/uploads\/2021\/06\/Mosoni-Vuissoz-logo-1024x536-1-46d285e0.png\",\"width\":200,\"height\":105,\"caption\":\"Mosoni-Vuissoz Magie du Feu\"},\"image\":{\"@id\":\"https:\/\/magiedufeu.ch\/#\/schema\/logo\/image\/\"},\"sameAs\":[\"https:\/\/www.facebook.com\/magiedufeu.mdf\/\"]}]}<\/script>\n<!-- \/ Yoast SEO plugin. -->","yoast_head_json":{"title":"Barbecue TRAEGER PRO 575 \u00e0 Pellets - Mosoni-Vuissoz Magie du Feu","description":"Le barbecue \u00e0 granul\u00e9s Traeger Pro575 est le choix id\u00e9al pour les amateurs de barbecue qui recherchent une exp\u00e9rience de cuisson ...","robots":{"index":"index","follow":"follow","max-snippet":"max-snippet:-1","max-image-preview":"max-image-preview:large","max-video-preview":"max-video-preview:-1"},"canonical":"https:\/\/magiedufeu.ch\/fr\/produit\/barbecue-traeger-pro-575-a-pellets\/","og_locale":"fr_FR","og_type":"article","og_title":"Barbecue TRAEGER PRO 575 \u00e0 Pellets - Mosoni-Vuissoz Magie du Feu","og_description":"Le barbecue \u00e0 granul\u00e9s Traeger Pro575 est le choix id\u00e9al pour les amateurs de barbecue qui recherchent une exp\u00e9rience de cuisson ...","og_url":"https:\/\/magiedufeu.ch\/fr\/produit\/barbecue-traeger-pro-575-a-pellets\/","og_site_name":"Mosoni-Vuissoz Magie du Feu","article_publisher":"https:\/\/www.facebook.com\/magiedufeu.mdf\/","article_modified_time":"2026-04-21T09:29:32+00:00","og_image":[{"width":1080,"height":1080,"url":"https:\/\/magiedufeu.ch\/wp-content\/uploads\/2024\/09\/Design-sans-titre-16-1.png?wsr","type":"image\/png"}],"twitter_card":"summary_large_image","twitter_misc":{"Dur\u00e9e de lecture estim\u00e9e":"2 minutes"},"schema":{"@context":"https:\/\/schema.org","@graph":[{"@type":"WebPage","@id":"https:\/\/magiedufeu.ch\/fr\/produit\/barbecue-traeger-pro-575-a-pellets\/","url":"https:\/\/magiedufeu.ch\/fr\/produit\/barbecue-traeger-pro-575-a-pellets\/","name":"Barbecue TRAEGER PRO 575 \u00e0 Pellets - Mosoni-Vuissoz Magie du Feu","isPartOf":{"@id":"https:\/\/magiedufeu.ch\/#website"},"primaryImageOfPage":{"@id":"https:\/\/magiedufeu.ch\/fr\/produit\/barbecue-traeger-pro-575-a-pellets\/#primaryimage"},"image":{"@id":"https:\/\/magiedufeu.ch\/fr\/produit\/barbecue-traeger-pro-575-a-pellets\/#primaryimage"},"thumbnailUrl":"https:\/\/magiedufeu.ch\/wp-content\/uploads\/2024\/09\/Design-sans-titre-16-1.png?wsr","datePublished":"2000-01-01T00:00:00+00:00","dateModified":"2026-04-21T09:29:32+00:00","description":"Le barbecue \u00e0 granul\u00e9s Traeger Pro575 est le choix id\u00e9al pour les amateurs de barbecue qui recherchent une exp\u00e9rience de cuisson ...","breadcrumb":{"@id":"https:\/\/magiedufeu.ch\/fr\/produit\/barbecue-traeger-pro-575-a-pellets\/#breadcrumb"},"inLanguage":"fr-FR","potentialAction":[{"@type":"ReadAction","target":["https:\/\/magiedufeu.ch\/fr\/produit\/barbecue-traeger-pro-575-a-pellets\/"]}]},{"@type":"ImageObject","inLanguage":"fr-FR","@id":"https:\/\/magiedufeu.ch\/fr\/produit\/barbecue-traeger-pro-575-a-pellets\/#primaryimage","url":"https:\/\/magiedufeu.ch\/wp-content\/uploads\/2024\/09\/Design-sans-titre-16-1.png?wsr","contentUrl":"https:\/\/magiedufeu.ch\/wp-content\/uploads\/2024\/09\/Design-sans-titre-16-1.png?wsr","width":1080,"height":1080},{"@type":"BreadcrumbList","@id":"https:\/\/magiedufeu.ch\/fr\/produit\/barbecue-traeger-pro-575-a-pellets\/#breadcrumb","itemListElement":[{"@type":"ListItem","position":1,"name":"Accueil","item":"https:\/\/magiedufeu.ch\/"},{"@type":"ListItem","position":2,"name":"Boutique","item":"https:\/\/magiedufeu.ch\/fr\/boutique\/"},{"@type":"ListItem","position":3,"name":"Barbecue TRAEGER PRO 575 \u00e0 Pellets"}]},{"@type":"WebSite","@id":"https:\/\/magiedufeu.ch\/#website","url":"https:\/\/magiedufeu.ch\/","name":"Mosoni-Vuissoz Magie du Feu","description":"","publisher":{"@id":"https:\/\/magiedufeu.ch\/#organization"},"potentialAction":[{"@type":"SearchAction","target":{"@type":"EntryPoint","urlTemplate":"https:\/\/magiedufeu.ch\/?s={search_term_string}"},"query-input":{"@type":"PropertyValueSpecification","valueRequired":true,"valueName":"search_term_string"}}],"inLanguage":"fr-FR"},{"@type":"Organization","@id":"https:\/\/magiedufeu.ch\/#organization","name":"Mosoni-Vuissoz Magie du Feu","url":"https:\/\/magiedufeu.ch\/","logo":{"@type":"ImageObject","inLanguage":"fr-FR","@id":"https:\/\/magiedufeu.ch\/#\/schema\/logo\/image\/","url":"https:\/\/magiedufeu.ch\/wp-content\/uploads\/2021\/06\/Mosoni-Vuissoz-logo-1024x536-1-46d285e0.png","contentUrl":"https:\/\/magiedufeu.ch\/wp-content\/uploads\/2021\/06\/Mosoni-Vuissoz-logo-1024x536-1-46d285e0.png","width":200,"height":105,"caption":"Mosoni-Vuissoz Magie du Feu"},"image":{"@id":"https:\/\/magiedufeu.ch\/#\/schema\/logo\/image\/"},"sameAs":["https:\/\/www.facebook.com\/magiedufeu.mdf\/"]}]}},"_links":{"self":[{"href":"https:\/\/magiedufeu.ch\/fr\/wp-json\/wp\/v2\/product\/8152","targetHints":{"allow":["GET"]}}],"collection":[{"href":"https:\/\/magiedufeu.ch\/fr\/wp-json\/wp\/v2\/product"}],"about":[{"href":"https:\/\/magiedufeu.ch\/fr\/wp-json\/wp\/v2\/types\/product"}],"replies":[{"embeddable":true,"href":"https:\/\/magiedufeu.ch\/fr\/wp-json\/wp\/v2\/comments?post=8152"}],"wp:featuredmedia":[{"embeddable":true,"href":"https:\/\/magiedufeu.ch\/fr\/wp-json\/wp\/v2\/media\/11047"}],"wp:attachment":[{"href":"https:\/\/magiedufeu.ch\/fr\/wp-json\/wp\/v2\/media?parent=8152"}],"wp:term":[{"taxonomy":"product_cat","embeddable":true,"href":"https:\/\/magiedufeu.ch\/fr\/wp-json\/wp\/v2\/product_cat?post=8152"},{"taxonomy":"product_tag","embeddable":true,"href":"https:\/\/magiedufeu.ch\/fr\/wp-json\/wp\/v2\/product_tag?post=8152"}],"curies":[{"name":"wp","href":"https:\/\/api.w.org\/{rel}","templated":true}]}}