{"id":7620,"date":"2000-01-01T00:00:00","date_gmt":"2000-01-01T00:00:00","guid":{"rendered":"https:\/\/magiedufeu.ch\/?post_type=product&#038;p=7620"},"modified":"2025-11-19T21:21:56","modified_gmt":"2025-11-19T21:21:56","slug":"poele-a-bois-altech-vision-cook-cadre-anthracite","status":"publish","type":"product","link":"https:\/\/magiedufeu.ch\/fr\/produit\/poele-a-bois-altech-vision-cook-cadre-anthracite\/","title":{"rendered":"Po\u00eale \u00e0 bois VISION COOK ALTECH en pierre Naturelle avec Cadre Anthracite"},"content":{"rendered":"<h2>Pourquoi choisir le po\u00eale Vision Cook d&#8217;Altech ?<\/h2>\n<p>Le Vision Cook d&#8217;Altech est un po\u00eale ind\u00e9pendant en pierre ollaire v\u00e9ritable issu de la c\u00e9l\u00e8bre s\u00e9rie Vision d&#8217;Altech. Cette s\u00e9rie est r\u00e9put\u00e9e pour son authenticit\u00e9, sa robustesse et sa facilit\u00e9 d&#8217;utilisation. Le Vision Cook allie la technologie moderne d&#8217;Altech \u00e0 un look \u00e9l\u00e9gant et traditionnel. Le Vision Cook est \u00e9quip\u00e9 d&#8217;un four dans lequel vous pouvez pr\u00e9parer les meilleurs plats. Il est \u00e9galement possible de br\u00fbler du bois dans le four, ce qui vous permet d&#8217;utiliser la plaque en acier sur le dessus du four.<\/p>\n<h2>Les avantages du four \u00e0 bois Visions cook Altech :<\/h2>\n<p>le four peut \u00eatre utilis\u00e9 de deux mani\u00e8res : Il peut \u00eatre utilis\u00e9 pour cuisiner, mais aussi pour mettre du bois dans le four afin de chauffer la plaque en acier situ\u00e9e sur le dessus du four. Celle-ci peut ensuite \u00eatre utilis\u00e9e pour r\u00e9chauffer des aliments dans une casserole par exemple. Malgr\u00e9 sa petite taille, l&#8217;Altech Vision Cook est tr\u00e8s puissant (5-13kW) et peut chauffer entre 70 et 240 m\u00b3.<\/p>\n<h3>Caract\u00e9ristiques principales du produit :<\/h3>\n<p>Largeur : 69 cm<\/p>\n<p>Hauteur : 101 cm<\/p>\n<p>Profondeur : 66 cm<\/p>\n<p>Poids : 310 kg<\/p>\n<p>Puissance : 5-13 kW<\/p>\n<p>Rendement : 76 %<\/p>\n<p>Volume chauff\u00e9 : 70-240 m\u00b3<\/p>\n<p>&nbsp;<\/p>\n<p><strong><a href=\"https:\/\/magiedufeu.ch\/wp-content\/uploads\/2000\/01\/DATENBLATT.VISION-COOK.pdf\">FICHE TECHNIQUE.VISION COOK<\/a><\/strong><\/p>\n","protected":false},"excerpt":{"rendered":"<p>Breite : 69 cm<\/p>\n<p>&nbsp;<\/p>\n<p>H\u00f6he : 101 cm<\/p>\n<p>&nbsp;<\/p>\n<p>Tiefe : 66 cm<\/p>\n<p>&nbsp;<\/p>\n<p>Gewicht : 310 kg<\/p>\n<p>&nbsp;<\/p>\n<p>Leistung : 5-13 kW<\/p>\n<p>&nbsp;<\/p>\n<p>Durchmesser des Kanals : 150 mm<\/p>\n<p>&nbsp;<\/p>\n<p>Wirkungsgrad\u00a0 : 76 %<\/p>\n<p>&nbsp;<\/p>\n<p>Beheiztes Volumen : 70-240 m\u00b3<\/p>\n","protected":false},"featured_media":12137,"comment_status":"closed","ping_status":"closed","template":"","meta":[],"product_cat":[210,207],"product_tag":[5656,2617,5826,2159,2323,5821,1167,504,5827,3969],"class_list":{"0":"post-7620","1":"product","2":"type-product","3":"status-publish","4":"has-post-thumbnail","6":"product_cat-bois-fr","7":"product_cat-poeles","8":"product_tag-altech","9":"product_tag-anthracite","10":"product_tag-arrivee-dair-exterieur","11":"product_tag-cadre","12":"product_tag-cook","13":"product_tag-pierre-naturel","14":"product_tag-poele","15":"product_tag-sortie-dessus","16":"product_tag-vendu-inclus","17":"product_tag-vision","19":"first","20":"instock","21":"taxable","22":"shipping-taxable","23":"purchasable","24":"product-type-simple"},"yoast_head":"<!-- This site is optimized with the Yoast SEO plugin v23.7 - https:\/\/yoast.com\/wordpress\/plugins\/seo\/ -->\n<title>Po\u00eale \u00e0 bois VISION COOK ALTECH en pierre Naturelle avec Cadre Anthracite - Mosoni-Vuissoz Magie du Feu<\/title>\n<meta name=\"description\" content=\"Le Vision Cook d&#039;Altech est un po\u00eale ind\u00e9pendant en pierre ollaire v\u00e9ritable issu de la c\u00e9l\u00e8bre s\u00e9rie Vision d&#039;Altech. Cette s\u00e9rie est r\u00e9put\u00e9e pour ...\" \/>\n<meta name=\"robots\" content=\"index, follow, max-snippet:-1, max-image-preview:large, max-video-preview:-1\" \/>\n<link rel=\"canonical\" href=\"https:\/\/magiedufeu.ch\/fr\/produit\/poele-a-bois-altech-vision-cook-cadre-anthracite\/\" \/>\n<meta property=\"og:locale\" content=\"fr_FR\" \/>\n<meta property=\"og:type\" content=\"article\" \/>\n<meta property=\"og:title\" content=\"Po\u00eale \u00e0 bois VISION COOK ALTECH en pierre Naturelle avec Cadre Anthracite - Mosoni-Vuissoz Magie du Feu\" \/>\n<meta property=\"og:description\" content=\"Le Vision Cook d&#039;Altech est un po\u00eale ind\u00e9pendant en pierre ollaire v\u00e9ritable issu de la c\u00e9l\u00e8bre s\u00e9rie Vision d&#039;Altech. Cette s\u00e9rie est r\u00e9put\u00e9e pour ...\" \/>\n<meta property=\"og:url\" content=\"https:\/\/magiedufeu.ch\/fr\/produit\/poele-a-bois-altech-vision-cook-cadre-anthracite\/\" \/>\n<meta property=\"og:site_name\" content=\"Mosoni-Vuissoz Magie du Feu\" \/>\n<meta property=\"article:publisher\" content=\"https:\/\/www.facebook.com\/magiedufeu.mdf\/\" \/>\n<meta property=\"article:modified_time\" content=\"2025-11-19T21:21:56+00:00\" \/>\n<meta property=\"og:image\" content=\"https:\/\/magiedufeu.ch\/wp-content\/uploads\/2000\/01\/Design-sans-titre-_7_.webp?wsr\" \/>\n\t<meta property=\"og:image:width\" content=\"1080\" \/>\n\t<meta property=\"og:image:height\" content=\"1080\" \/>\n\t<meta property=\"og:image:type\" content=\"image\/webp\" \/>\n<meta name=\"twitter:card\" content=\"summary_large_image\" \/>\n<meta name=\"twitter:label1\" content=\"Dur\u00e9e de lecture estim\u00e9e\" \/>\n\t<meta name=\"twitter:data1\" content=\"2 minutes\" \/>\n<script type=\"application\/ld+json\" class=\"yoast-schema-graph\">{\"@context\":\"https:\/\/schema.org\",\"@graph\":[{\"@type\":\"WebPage\",\"@id\":\"https:\/\/magiedufeu.ch\/fr\/produit\/poele-a-bois-altech-vision-cook-cadre-anthracite\/\",\"url\":\"https:\/\/magiedufeu.ch\/fr\/produit\/poele-a-bois-altech-vision-cook-cadre-anthracite\/\",\"name\":\"Po\u00eale \u00e0 bois VISION COOK ALTECH en pierre Naturelle avec Cadre Anthracite - Mosoni-Vuissoz Magie du Feu\",\"isPartOf\":{\"@id\":\"https:\/\/magiedufeu.ch\/#website\"},\"primaryImageOfPage\":{\"@id\":\"https:\/\/magiedufeu.ch\/fr\/produit\/poele-a-bois-altech-vision-cook-cadre-anthracite\/#primaryimage\"},\"image\":{\"@id\":\"https:\/\/magiedufeu.ch\/fr\/produit\/poele-a-bois-altech-vision-cook-cadre-anthracite\/#primaryimage\"},\"thumbnailUrl\":\"https:\/\/magiedufeu.ch\/wp-content\/uploads\/2000\/01\/Design-sans-titre-_7_.webp?wsr\",\"datePublished\":\"2000-01-01T00:00:00+00:00\",\"dateModified\":\"2025-11-19T21:21:56+00:00\",\"description\":\"Le Vision Cook d'Altech est un po\u00eale ind\u00e9pendant en pierre ollaire v\u00e9ritable issu de la c\u00e9l\u00e8bre s\u00e9rie Vision d'Altech. Cette s\u00e9rie est r\u00e9put\u00e9e pour ...\",\"breadcrumb\":{\"@id\":\"https:\/\/magiedufeu.ch\/fr\/produit\/poele-a-bois-altech-vision-cook-cadre-anthracite\/#breadcrumb\"},\"inLanguage\":\"fr-FR\",\"potentialAction\":[{\"@type\":\"ReadAction\",\"target\":[\"https:\/\/magiedufeu.ch\/fr\/produit\/poele-a-bois-altech-vision-cook-cadre-anthracite\/\"]}]},{\"@type\":\"ImageObject\",\"inLanguage\":\"fr-FR\",\"@id\":\"https:\/\/magiedufeu.ch\/fr\/produit\/poele-a-bois-altech-vision-cook-cadre-anthracite\/#primaryimage\",\"url\":\"https:\/\/magiedufeu.ch\/wp-content\/uploads\/2000\/01\/Design-sans-titre-_7_.webp?wsr\",\"contentUrl\":\"https:\/\/magiedufeu.ch\/wp-content\/uploads\/2000\/01\/Design-sans-titre-_7_.webp?wsr\",\"width\":1080,\"height\":1080},{\"@type\":\"BreadcrumbList\",\"@id\":\"https:\/\/magiedufeu.ch\/fr\/produit\/poele-a-bois-altech-vision-cook-cadre-anthracite\/#breadcrumb\",\"itemListElement\":[{\"@type\":\"ListItem\",\"position\":1,\"name\":\"Accueil\",\"item\":\"https:\/\/magiedufeu.ch\/\"},{\"@type\":\"ListItem\",\"position\":2,\"name\":\"Boutique\",\"item\":\"https:\/\/magiedufeu.ch\/fr\/boutique\/\"},{\"@type\":\"ListItem\",\"position\":3,\"name\":\"Po\u00eale \u00e0 bois VISION COOK ALTECH en pierre Naturelle avec Cadre Anthracite\"}]},{\"@type\":\"WebSite\",\"@id\":\"https:\/\/magiedufeu.ch\/#website\",\"url\":\"https:\/\/magiedufeu.ch\/\",\"name\":\"Mosoni-Vuissoz Magie du Feu\",\"description\":\"\",\"publisher\":{\"@id\":\"https:\/\/magiedufeu.ch\/#organization\"},\"potentialAction\":[{\"@type\":\"SearchAction\",\"target\":{\"@type\":\"EntryPoint\",\"urlTemplate\":\"https:\/\/magiedufeu.ch\/?s={search_term_string}\"},\"query-input\":{\"@type\":\"PropertyValueSpecification\",\"valueRequired\":true,\"valueName\":\"search_term_string\"}}],\"inLanguage\":\"fr-FR\"},{\"@type\":\"Organization\",\"@id\":\"https:\/\/magiedufeu.ch\/#organization\",\"name\":\"Mosoni-Vuissoz Magie du Feu\",\"url\":\"https:\/\/magiedufeu.ch\/\",\"logo\":{\"@type\":\"ImageObject\",\"inLanguage\":\"fr-FR\",\"@id\":\"https:\/\/magiedufeu.ch\/#\/schema\/logo\/image\/\",\"url\":\"https:\/\/magiedufeu.ch\/wp-content\/uploads\/2021\/06\/Mosoni-Vuissoz-logo-1024x536-1-46d285e0.png\",\"contentUrl\":\"https:\/\/magiedufeu.ch\/wp-content\/uploads\/2021\/06\/Mosoni-Vuissoz-logo-1024x536-1-46d285e0.png\",\"width\":200,\"height\":105,\"caption\":\"Mosoni-Vuissoz Magie du Feu\"},\"image\":{\"@id\":\"https:\/\/magiedufeu.ch\/#\/schema\/logo\/image\/\"},\"sameAs\":[\"https:\/\/www.facebook.com\/magiedufeu.mdf\/\"]}]}<\/script>\n<!-- \/ Yoast SEO plugin. -->","yoast_head_json":{"title":"Po\u00eale \u00e0 bois VISION COOK ALTECH en pierre Naturelle avec Cadre Anthracite - Mosoni-Vuissoz Magie du Feu","description":"Le Vision Cook d'Altech est un po\u00eale ind\u00e9pendant en pierre ollaire v\u00e9ritable issu de la c\u00e9l\u00e8bre s\u00e9rie Vision d'Altech. Cette s\u00e9rie est r\u00e9put\u00e9e pour ...","robots":{"index":"index","follow":"follow","max-snippet":"max-snippet:-1","max-image-preview":"max-image-preview:large","max-video-preview":"max-video-preview:-1"},"canonical":"https:\/\/magiedufeu.ch\/fr\/produit\/poele-a-bois-altech-vision-cook-cadre-anthracite\/","og_locale":"fr_FR","og_type":"article","og_title":"Po\u00eale \u00e0 bois VISION COOK ALTECH en pierre Naturelle avec Cadre Anthracite - Mosoni-Vuissoz Magie du Feu","og_description":"Le Vision Cook d'Altech est un po\u00eale ind\u00e9pendant en pierre ollaire v\u00e9ritable issu de la c\u00e9l\u00e8bre s\u00e9rie Vision d'Altech. Cette s\u00e9rie est r\u00e9put\u00e9e pour ...","og_url":"https:\/\/magiedufeu.ch\/fr\/produit\/poele-a-bois-altech-vision-cook-cadre-anthracite\/","og_site_name":"Mosoni-Vuissoz Magie du Feu","article_publisher":"https:\/\/www.facebook.com\/magiedufeu.mdf\/","article_modified_time":"2025-11-19T21:21:56+00:00","og_image":[{"width":1080,"height":1080,"url":"https:\/\/magiedufeu.ch\/wp-content\/uploads\/2000\/01\/Design-sans-titre-_7_.webp?wsr","type":"image\/webp"}],"twitter_card":"summary_large_image","twitter_misc":{"Dur\u00e9e de lecture estim\u00e9e":"2 minutes"},"schema":{"@context":"https:\/\/schema.org","@graph":[{"@type":"WebPage","@id":"https:\/\/magiedufeu.ch\/fr\/produit\/poele-a-bois-altech-vision-cook-cadre-anthracite\/","url":"https:\/\/magiedufeu.ch\/fr\/produit\/poele-a-bois-altech-vision-cook-cadre-anthracite\/","name":"Po\u00eale \u00e0 bois VISION COOK ALTECH en pierre Naturelle avec Cadre Anthracite - Mosoni-Vuissoz Magie du Feu","isPartOf":{"@id":"https:\/\/magiedufeu.ch\/#website"},"primaryImageOfPage":{"@id":"https:\/\/magiedufeu.ch\/fr\/produit\/poele-a-bois-altech-vision-cook-cadre-anthracite\/#primaryimage"},"image":{"@id":"https:\/\/magiedufeu.ch\/fr\/produit\/poele-a-bois-altech-vision-cook-cadre-anthracite\/#primaryimage"},"thumbnailUrl":"https:\/\/magiedufeu.ch\/wp-content\/uploads\/2000\/01\/Design-sans-titre-_7_.webp?wsr","datePublished":"2000-01-01T00:00:00+00:00","dateModified":"2025-11-19T21:21:56+00:00","description":"Le Vision Cook d'Altech est un po\u00eale ind\u00e9pendant en pierre ollaire v\u00e9ritable issu de la c\u00e9l\u00e8bre s\u00e9rie Vision d'Altech. Cette s\u00e9rie est r\u00e9put\u00e9e pour ...","breadcrumb":{"@id":"https:\/\/magiedufeu.ch\/fr\/produit\/poele-a-bois-altech-vision-cook-cadre-anthracite\/#breadcrumb"},"inLanguage":"fr-FR","potentialAction":[{"@type":"ReadAction","target":["https:\/\/magiedufeu.ch\/fr\/produit\/poele-a-bois-altech-vision-cook-cadre-anthracite\/"]}]},{"@type":"ImageObject","inLanguage":"fr-FR","@id":"https:\/\/magiedufeu.ch\/fr\/produit\/poele-a-bois-altech-vision-cook-cadre-anthracite\/#primaryimage","url":"https:\/\/magiedufeu.ch\/wp-content\/uploads\/2000\/01\/Design-sans-titre-_7_.webp?wsr","contentUrl":"https:\/\/magiedufeu.ch\/wp-content\/uploads\/2000\/01\/Design-sans-titre-_7_.webp?wsr","width":1080,"height":1080},{"@type":"BreadcrumbList","@id":"https:\/\/magiedufeu.ch\/fr\/produit\/poele-a-bois-altech-vision-cook-cadre-anthracite\/#breadcrumb","itemListElement":[{"@type":"ListItem","position":1,"name":"Accueil","item":"https:\/\/magiedufeu.ch\/"},{"@type":"ListItem","position":2,"name":"Boutique","item":"https:\/\/magiedufeu.ch\/fr\/boutique\/"},{"@type":"ListItem","position":3,"name":"Po\u00eale \u00e0 bois VISION COOK ALTECH en pierre Naturelle avec Cadre Anthracite"}]},{"@type":"WebSite","@id":"https:\/\/magiedufeu.ch\/#website","url":"https:\/\/magiedufeu.ch\/","name":"Mosoni-Vuissoz Magie du Feu","description":"","publisher":{"@id":"https:\/\/magiedufeu.ch\/#organization"},"potentialAction":[{"@type":"SearchAction","target":{"@type":"EntryPoint","urlTemplate":"https:\/\/magiedufeu.ch\/?s={search_term_string}"},"query-input":{"@type":"PropertyValueSpecification","valueRequired":true,"valueName":"search_term_string"}}],"inLanguage":"fr-FR"},{"@type":"Organization","@id":"https:\/\/magiedufeu.ch\/#organization","name":"Mosoni-Vuissoz Magie du Feu","url":"https:\/\/magiedufeu.ch\/","logo":{"@type":"ImageObject","inLanguage":"fr-FR","@id":"https:\/\/magiedufeu.ch\/#\/schema\/logo\/image\/","url":"https:\/\/magiedufeu.ch\/wp-content\/uploads\/2021\/06\/Mosoni-Vuissoz-logo-1024x536-1-46d285e0.png","contentUrl":"https:\/\/magiedufeu.ch\/wp-content\/uploads\/2021\/06\/Mosoni-Vuissoz-logo-1024x536-1-46d285e0.png","width":200,"height":105,"caption":"Mosoni-Vuissoz Magie du Feu"},"image":{"@id":"https:\/\/magiedufeu.ch\/#\/schema\/logo\/image\/"},"sameAs":["https:\/\/www.facebook.com\/magiedufeu.mdf\/"]}]}},"_links":{"self":[{"href":"https:\/\/magiedufeu.ch\/fr\/wp-json\/wp\/v2\/product\/7620","targetHints":{"allow":["GET"]}}],"collection":[{"href":"https:\/\/magiedufeu.ch\/fr\/wp-json\/wp\/v2\/product"}],"about":[{"href":"https:\/\/magiedufeu.ch\/fr\/wp-json\/wp\/v2\/types\/product"}],"replies":[{"embeddable":true,"href":"https:\/\/magiedufeu.ch\/fr\/wp-json\/wp\/v2\/comments?post=7620"}],"wp:featuredmedia":[{"embeddable":true,"href":"https:\/\/magiedufeu.ch\/fr\/wp-json\/wp\/v2\/media\/12137"}],"wp:attachment":[{"href":"https:\/\/magiedufeu.ch\/fr\/wp-json\/wp\/v2\/media?parent=7620"}],"wp:term":[{"taxonomy":"product_cat","embeddable":true,"href":"https:\/\/magiedufeu.ch\/fr\/wp-json\/wp\/v2\/product_cat?post=7620"},{"taxonomy":"product_tag","embeddable":true,"href":"https:\/\/magiedufeu.ch\/fr\/wp-json\/wp\/v2\/product_tag?post=7620"}],"curies":[{"name":"wp","href":"https:\/\/api.w.org\/{rel}","templated":true}]}}