{"id":4252,"date":"2023-04-25T14:44:00","date_gmt":"2023-04-25T14:44:00","guid":{"rendered":"https:\/\/magiedufeu.ch\/?post_type=product&#038;p=4252"},"modified":"2026-02-28T09:03:38","modified_gmt":"2026-02-28T09:03:38","slug":"poele-hybride-h2-aduro","status":"publish","type":"product","link":"https:\/\/magiedufeu.ch\/fr\/produit\/poele-hybride-h2-aduro\/","title":{"rendered":"Po\u00eale Hybride H2 ADURO"},"content":{"rendered":"<h2>Pourquoi choisir le po\u00eale hybride H2 Aduro ?<\/h2>\n<p>L\u2019Aduro H2 est un po\u00eale hybride \u00e9l\u00e9gant aux traits fins et aux d\u00e9tails simples. Votre regard se pose directement sur sa vitre incurv\u00e9e et le splendide feu sur lequel elle donne vue. Il n\u2019a pas de vitre lat\u00e9rale, ce qui permet la pr\u00e9sence de mat\u00e9riaux inflammables plus pr\u00e8s de ce po\u00eale que d\u2019autres. L\u2019Aduro H2 est id\u00e9al pour une installation en coin.<\/p>\n<h2>Les avantages du po\u00eale hybride H2 Aduro ?<\/h2>\n<p>Il est possible de programmer des options hebdomadaire pour allumer le feu \u00e0 distance et contr\u00f4ler la temp\u00e9rature ambiante via smartphone ou tablette. Vous pouvez choisir de faire un feu de bois pour la beaut\u00e9 du jeu des flammes ou choisir l&#8217;option pratique du pellets qui vous permet d&#8217;allumer le feu \u00e0 distance. Il est possible de connecter le po\u00eale \u00e0 l&#8217;air ext\u00e9rieur. La gamme Aduro Hybride essaie de tenir compte de l&#8217;impact du feu sur l&#8217;environnement le plus possible.<\/p>\n<p><em>Option : Il est possible de rajouter une plaque en pierre ollaire sur le dessus du po\u00eale. <\/em><\/p>\n<h3>Caract\u00e9ristiques principales du produit :<\/h3>\n<p>Hauteur : 1200 mm<\/p>\n<p>Largeur : 500 mm<\/p>\n<p>Profondeur : 508 mm<\/p>\n<p>Puissance : 7.0 kW (bois) \/ 6.8 kW (pellets)<\/p>\n<p>Rendement : 80 % (bois) \/ 87 % (pellets)<\/p>\n<p>Poids : 129 kg<\/p>\n<p>&nbsp;<\/p>\n<p><strong><a href=\"https:\/\/magiedufeu.ch\/wp-content\/uploads\/2023\/04\/Design-sans-titre-10.pdf\">FICHE TECHNIQUE.H2<\/a><\/strong><\/p>\n<p><strong>PRIX SUR DEMANDE.<\/strong><\/p>\n<p>&nbsp;<\/p>\n<p style=\"font-weight: 400;\">\n","protected":false},"excerpt":{"rendered":"<p>Hauteur : 1200 mm<\/p>\n<p>Largeur : 500 mm<\/p>\n<p>Profondeur : 508 mm<\/p>\n<p>Puissance : 7.0 kW (bois) \/ 6.8 kW (pellets)<\/p>\n<p>Rendement : 80 % (bois) \/ 87 % (pellets)<\/p>\n<p>Poids : 129 kg<\/p>\n<p>&nbsp;<\/p>\n","protected":false},"featured_media":10983,"comment_status":"closed","ping_status":"closed","template":"","meta":[],"product_cat":[209,207],"product_tag":[],"class_list":{"0":"post-4252","1":"product","2":"type-product","3":"status-publish","4":"has-post-thumbnail","6":"product_cat-hybride","7":"product_cat-poeles","9":"first","10":"outofstock","11":"taxable","12":"shipping-taxable","13":"product-type-simple"},"yoast_head":"<!-- This site is optimized with the Yoast SEO plugin v23.7 - https:\/\/yoast.com\/wordpress\/plugins\/seo\/ -->\n<title>Po\u00eale Hybride H2 ADURO - Mosoni-Vuissoz Magie du Feu<\/title>\n<meta name=\"description\" content=\"L\u2019Aduro H2 est un po\u00eale hybride \u00e9l\u00e9gant aux traits fins et aux d\u00e9tails simples. Votre regard se pose directement sur sa vitre incurv\u00e9e et le ...\" \/>\n<meta name=\"robots\" content=\"index, follow, max-snippet:-1, max-image-preview:large, max-video-preview:-1\" \/>\n<link rel=\"canonical\" href=\"https:\/\/magiedufeu.ch\/fr\/produit\/poele-hybride-h2-aduro\/\" \/>\n<meta property=\"og:locale\" content=\"fr_FR\" \/>\n<meta property=\"og:type\" content=\"article\" \/>\n<meta property=\"og:title\" content=\"Po\u00eale Hybride H2 ADURO - Mosoni-Vuissoz Magie du Feu\" \/>\n<meta property=\"og:description\" content=\"L\u2019Aduro H2 est un po\u00eale hybride \u00e9l\u00e9gant aux traits fins et aux d\u00e9tails simples. Votre regard se pose directement sur sa vitre incurv\u00e9e et le ...\" \/>\n<meta property=\"og:url\" content=\"https:\/\/magiedufeu.ch\/fr\/produit\/poele-hybride-h2-aduro\/\" \/>\n<meta property=\"og:site_name\" content=\"Mosoni-Vuissoz Magie du Feu\" \/>\n<meta property=\"article:publisher\" content=\"https:\/\/www.facebook.com\/magiedufeu.mdf\/\" \/>\n<meta property=\"article:modified_time\" content=\"2026-02-28T09:03:38+00:00\" \/>\n<meta property=\"og:image\" content=\"https:\/\/magiedufeu.ch\/wp-content\/uploads\/2024\/09\/aduro-h2-1.jpg?wsr\" \/>\n\t<meta property=\"og:image:width\" content=\"500\" \/>\n\t<meta property=\"og:image:height\" content=\"525\" \/>\n\t<meta property=\"og:image:type\" content=\"image\/jpeg\" \/>\n<meta name=\"twitter:card\" content=\"summary_large_image\" \/>\n<meta name=\"twitter:label1\" content=\"Dur\u00e9e de lecture estim\u00e9e\" \/>\n\t<meta name=\"twitter:data1\" content=\"2 minutes\" \/>\n<script type=\"application\/ld+json\" class=\"yoast-schema-graph\">{\"@context\":\"https:\/\/schema.org\",\"@graph\":[{\"@type\":\"WebPage\",\"@id\":\"https:\/\/magiedufeu.ch\/fr\/produit\/poele-hybride-h2-aduro\/\",\"url\":\"https:\/\/magiedufeu.ch\/fr\/produit\/poele-hybride-h2-aduro\/\",\"name\":\"Po\u00eale Hybride H2 ADURO - Mosoni-Vuissoz Magie du Feu\",\"isPartOf\":{\"@id\":\"https:\/\/magiedufeu.ch\/#website\"},\"primaryImageOfPage\":{\"@id\":\"https:\/\/magiedufeu.ch\/fr\/produit\/poele-hybride-h2-aduro\/#primaryimage\"},\"image\":{\"@id\":\"https:\/\/magiedufeu.ch\/fr\/produit\/poele-hybride-h2-aduro\/#primaryimage\"},\"thumbnailUrl\":\"https:\/\/magiedufeu.ch\/wp-content\/uploads\/2024\/09\/aduro-h2-1.jpg?wsr\",\"datePublished\":\"2023-04-25T14:44:00+00:00\",\"dateModified\":\"2026-02-28T09:03:38+00:00\",\"description\":\"L\u2019Aduro H2 est un po\u00eale hybride \u00e9l\u00e9gant aux traits fins et aux d\u00e9tails simples. Votre regard se pose directement sur sa vitre incurv\u00e9e et le ...\",\"breadcrumb\":{\"@id\":\"https:\/\/magiedufeu.ch\/fr\/produit\/poele-hybride-h2-aduro\/#breadcrumb\"},\"inLanguage\":\"fr-FR\",\"potentialAction\":[{\"@type\":\"ReadAction\",\"target\":[\"https:\/\/magiedufeu.ch\/fr\/produit\/poele-hybride-h2-aduro\/\"]}]},{\"@type\":\"ImageObject\",\"inLanguage\":\"fr-FR\",\"@id\":\"https:\/\/magiedufeu.ch\/fr\/produit\/poele-hybride-h2-aduro\/#primaryimage\",\"url\":\"https:\/\/magiedufeu.ch\/wp-content\/uploads\/2024\/09\/aduro-h2-1.jpg?wsr\",\"contentUrl\":\"https:\/\/magiedufeu.ch\/wp-content\/uploads\/2024\/09\/aduro-h2-1.jpg?wsr\",\"width\":500,\"height\":525},{\"@type\":\"BreadcrumbList\",\"@id\":\"https:\/\/magiedufeu.ch\/fr\/produit\/poele-hybride-h2-aduro\/#breadcrumb\",\"itemListElement\":[{\"@type\":\"ListItem\",\"position\":1,\"name\":\"Accueil\",\"item\":\"https:\/\/magiedufeu.ch\/\"},{\"@type\":\"ListItem\",\"position\":2,\"name\":\"Boutique\",\"item\":\"https:\/\/magiedufeu.ch\/fr\/boutique\/\"},{\"@type\":\"ListItem\",\"position\":3,\"name\":\"Po\u00eale Hybride H2 ADURO\"}]},{\"@type\":\"WebSite\",\"@id\":\"https:\/\/magiedufeu.ch\/#website\",\"url\":\"https:\/\/magiedufeu.ch\/\",\"name\":\"Mosoni-Vuissoz Magie du Feu\",\"description\":\"\",\"publisher\":{\"@id\":\"https:\/\/magiedufeu.ch\/#organization\"},\"potentialAction\":[{\"@type\":\"SearchAction\",\"target\":{\"@type\":\"EntryPoint\",\"urlTemplate\":\"https:\/\/magiedufeu.ch\/?s={search_term_string}\"},\"query-input\":{\"@type\":\"PropertyValueSpecification\",\"valueRequired\":true,\"valueName\":\"search_term_string\"}}],\"inLanguage\":\"fr-FR\"},{\"@type\":\"Organization\",\"@id\":\"https:\/\/magiedufeu.ch\/#organization\",\"name\":\"Mosoni-Vuissoz Magie du Feu\",\"url\":\"https:\/\/magiedufeu.ch\/\",\"logo\":{\"@type\":\"ImageObject\",\"inLanguage\":\"fr-FR\",\"@id\":\"https:\/\/magiedufeu.ch\/#\/schema\/logo\/image\/\",\"url\":\"https:\/\/magiedufeu.ch\/wp-content\/uploads\/2021\/06\/Mosoni-Vuissoz-logo-1024x536-1-46d285e0.png\",\"contentUrl\":\"https:\/\/magiedufeu.ch\/wp-content\/uploads\/2021\/06\/Mosoni-Vuissoz-logo-1024x536-1-46d285e0.png\",\"width\":200,\"height\":105,\"caption\":\"Mosoni-Vuissoz Magie du Feu\"},\"image\":{\"@id\":\"https:\/\/magiedufeu.ch\/#\/schema\/logo\/image\/\"},\"sameAs\":[\"https:\/\/www.facebook.com\/magiedufeu.mdf\/\"]}]}<\/script>\n<!-- \/ Yoast SEO plugin. -->","yoast_head_json":{"title":"Po\u00eale Hybride H2 ADURO - Mosoni-Vuissoz Magie du Feu","description":"L\u2019Aduro H2 est un po\u00eale hybride \u00e9l\u00e9gant aux traits fins et aux d\u00e9tails simples. Votre regard se pose directement sur sa vitre incurv\u00e9e et le ...","robots":{"index":"index","follow":"follow","max-snippet":"max-snippet:-1","max-image-preview":"max-image-preview:large","max-video-preview":"max-video-preview:-1"},"canonical":"https:\/\/magiedufeu.ch\/fr\/produit\/poele-hybride-h2-aduro\/","og_locale":"fr_FR","og_type":"article","og_title":"Po\u00eale Hybride H2 ADURO - Mosoni-Vuissoz Magie du Feu","og_description":"L\u2019Aduro H2 est un po\u00eale hybride \u00e9l\u00e9gant aux traits fins et aux d\u00e9tails simples. Votre regard se pose directement sur sa vitre incurv\u00e9e et le ...","og_url":"https:\/\/magiedufeu.ch\/fr\/produit\/poele-hybride-h2-aduro\/","og_site_name":"Mosoni-Vuissoz Magie du Feu","article_publisher":"https:\/\/www.facebook.com\/magiedufeu.mdf\/","article_modified_time":"2026-02-28T09:03:38+00:00","og_image":[{"width":500,"height":525,"url":"https:\/\/magiedufeu.ch\/wp-content\/uploads\/2024\/09\/aduro-h2-1.jpg?wsr","type":"image\/jpeg"}],"twitter_card":"summary_large_image","twitter_misc":{"Dur\u00e9e de lecture estim\u00e9e":"2 minutes"},"schema":{"@context":"https:\/\/schema.org","@graph":[{"@type":"WebPage","@id":"https:\/\/magiedufeu.ch\/fr\/produit\/poele-hybride-h2-aduro\/","url":"https:\/\/magiedufeu.ch\/fr\/produit\/poele-hybride-h2-aduro\/","name":"Po\u00eale Hybride H2 ADURO - Mosoni-Vuissoz Magie du Feu","isPartOf":{"@id":"https:\/\/magiedufeu.ch\/#website"},"primaryImageOfPage":{"@id":"https:\/\/magiedufeu.ch\/fr\/produit\/poele-hybride-h2-aduro\/#primaryimage"},"image":{"@id":"https:\/\/magiedufeu.ch\/fr\/produit\/poele-hybride-h2-aduro\/#primaryimage"},"thumbnailUrl":"https:\/\/magiedufeu.ch\/wp-content\/uploads\/2024\/09\/aduro-h2-1.jpg?wsr","datePublished":"2023-04-25T14:44:00+00:00","dateModified":"2026-02-28T09:03:38+00:00","description":"L\u2019Aduro H2 est un po\u00eale hybride \u00e9l\u00e9gant aux traits fins et aux d\u00e9tails simples. Votre regard se pose directement sur sa vitre incurv\u00e9e et le ...","breadcrumb":{"@id":"https:\/\/magiedufeu.ch\/fr\/produit\/poele-hybride-h2-aduro\/#breadcrumb"},"inLanguage":"fr-FR","potentialAction":[{"@type":"ReadAction","target":["https:\/\/magiedufeu.ch\/fr\/produit\/poele-hybride-h2-aduro\/"]}]},{"@type":"ImageObject","inLanguage":"fr-FR","@id":"https:\/\/magiedufeu.ch\/fr\/produit\/poele-hybride-h2-aduro\/#primaryimage","url":"https:\/\/magiedufeu.ch\/wp-content\/uploads\/2024\/09\/aduro-h2-1.jpg?wsr","contentUrl":"https:\/\/magiedufeu.ch\/wp-content\/uploads\/2024\/09\/aduro-h2-1.jpg?wsr","width":500,"height":525},{"@type":"BreadcrumbList","@id":"https:\/\/magiedufeu.ch\/fr\/produit\/poele-hybride-h2-aduro\/#breadcrumb","itemListElement":[{"@type":"ListItem","position":1,"name":"Accueil","item":"https:\/\/magiedufeu.ch\/"},{"@type":"ListItem","position":2,"name":"Boutique","item":"https:\/\/magiedufeu.ch\/fr\/boutique\/"},{"@type":"ListItem","position":3,"name":"Po\u00eale Hybride H2 ADURO"}]},{"@type":"WebSite","@id":"https:\/\/magiedufeu.ch\/#website","url":"https:\/\/magiedufeu.ch\/","name":"Mosoni-Vuissoz Magie du Feu","description":"","publisher":{"@id":"https:\/\/magiedufeu.ch\/#organization"},"potentialAction":[{"@type":"SearchAction","target":{"@type":"EntryPoint","urlTemplate":"https:\/\/magiedufeu.ch\/?s={search_term_string}"},"query-input":{"@type":"PropertyValueSpecification","valueRequired":true,"valueName":"search_term_string"}}],"inLanguage":"fr-FR"},{"@type":"Organization","@id":"https:\/\/magiedufeu.ch\/#organization","name":"Mosoni-Vuissoz Magie du Feu","url":"https:\/\/magiedufeu.ch\/","logo":{"@type":"ImageObject","inLanguage":"fr-FR","@id":"https:\/\/magiedufeu.ch\/#\/schema\/logo\/image\/","url":"https:\/\/magiedufeu.ch\/wp-content\/uploads\/2021\/06\/Mosoni-Vuissoz-logo-1024x536-1-46d285e0.png","contentUrl":"https:\/\/magiedufeu.ch\/wp-content\/uploads\/2021\/06\/Mosoni-Vuissoz-logo-1024x536-1-46d285e0.png","width":200,"height":105,"caption":"Mosoni-Vuissoz Magie du Feu"},"image":{"@id":"https:\/\/magiedufeu.ch\/#\/schema\/logo\/image\/"},"sameAs":["https:\/\/www.facebook.com\/magiedufeu.mdf\/"]}]}},"_links":{"self":[{"href":"https:\/\/magiedufeu.ch\/fr\/wp-json\/wp\/v2\/product\/4252","targetHints":{"allow":["GET"]}}],"collection":[{"href":"https:\/\/magiedufeu.ch\/fr\/wp-json\/wp\/v2\/product"}],"about":[{"href":"https:\/\/magiedufeu.ch\/fr\/wp-json\/wp\/v2\/types\/product"}],"replies":[{"embeddable":true,"href":"https:\/\/magiedufeu.ch\/fr\/wp-json\/wp\/v2\/comments?post=4252"}],"wp:featuredmedia":[{"embeddable":true,"href":"https:\/\/magiedufeu.ch\/fr\/wp-json\/wp\/v2\/media\/10983"}],"wp:attachment":[{"href":"https:\/\/magiedufeu.ch\/fr\/wp-json\/wp\/v2\/media?parent=4252"}],"wp:term":[{"taxonomy":"product_cat","embeddable":true,"href":"https:\/\/magiedufeu.ch\/fr\/wp-json\/wp\/v2\/product_cat?post=4252"},{"taxonomy":"product_tag","embeddable":true,"href":"https:\/\/magiedufeu.ch\/fr\/wp-json\/wp\/v2\/product_tag?post=4252"}],"curies":[{"name":"wp","href":"https:\/\/api.w.org\/{rel}","templated":true}]}}