{"id":4248,"date":"2000-01-01T00:00:00","date_gmt":"2023-04-25T14:39:00","guid":{"rendered":"https:\/\/magiedufeu.ch\/?post_type=product&#038;p=4248"},"modified":"2026-03-05T06:51:04","modified_gmt":"2026-03-05T06:51:04","slug":"poele-hybride-h1-aduro","status":"publish","type":"product","link":"https:\/\/magiedufeu.ch\/fr\/produit\/poele-hybride-h1-aduro\/","title":{"rendered":"Po\u00eale Hybride H1 ADURO avec 3 vitres"},"content":{"rendered":"<h2 style=\"font-weight: 400;\">Pourquoi choisir le po\u00eale hybride H1 Aduro ?<\/h2>\n<p>Le po\u00eale Aduro H1 allie l&#8217;efficacit\u00e9 du chauffage aux granul\u00e9s au confort d&#8217;un v\u00e9ritable feu de bois. Appr\u00e9ciez les flammes dansantes et l&#8217;atmosph\u00e8re chaleureuse lors de l&#8217;utilisation de b\u00fbches, laissez le po\u00eale br\u00fbler toute la nuit gr\u00e2ce aux granul\u00e9s, ou chauffez votre maison lorsque vous n&#8217;\u00eates pas chez vous.<\/p>\n<h2>Les avantages du po\u00eale hybride H1 Aduro :<\/h2>\n<p>Il est possible de contr\u00f4ler le po\u00eale manuellement ou via votre t\u00e9l\u00e9phone portable. Vous pouvez programmer des options hebdomadaire du po\u00eale et contr\u00f4ler la temp\u00e9rature sur votre t\u00e9l\u00e9phone. Il est possible de raccorder le po\u00eale \u00e0 l&#8217;air ext\u00e9rieur. Ce po\u00eale poss\u00e8de un r\u00e9servoir \u00e0 granul\u00e9s de 13 kg sous le foyer.<\/p>\n<h3>Caract\u00e9ristiques principales du produit :<\/h3>\n<p style=\"font-weight: 400;\">Puissance : 7,0 kW bois\/ 6,8 kW granul\u00e9s<\/p>\n<p>Hauteur : 1200 mm<\/p>\n<p>Largeur : 500 mm<\/p>\n<p>Profondeur : 508 mm<\/p>\n<p>Rendement : &gt; 80 % bois\/ 87 % granul\u00e9s<\/p>\n<p>Poids : 129 kg<\/p>\n<p>&nbsp;<\/p>\n<p><strong><a href=\"https:\/\/magiedufeu.ch\/wp-content\/uploads\/2000\/01\/Design-sans-titre-12.pdf\">FICHE TECHNIQUE.H1<\/a><\/strong><\/p>\n","protected":false},"excerpt":{"rendered":"<p style=\"font-weight: 400;\">Puissance : 7,0 kW bois\/ 6,8 kW granul\u00e9s<\/p>\n<p>Hauteur : 1200 mm<\/p>\n<p>Largeur : 500 mm<\/p>\n<p>Profondeur : 508 mm<\/p>\n<p>Rendement : &gt; 80 % bois\/ 87 % granul\u00e9s<\/p>\n<p>Poids : 129 kg<\/p>\n<p>&nbsp;<\/p>\n","protected":false},"featured_media":10794,"comment_status":"closed","ping_status":"closed","template":"","meta":[],"product_cat":[209,207],"product_tag":[3259,3260,3258,636,1644,604,3217,772,3257],"class_list":{"0":"post-4248","1":"product","2":"type-product","3":"status-publish","4":"has-post-thumbnail","6":"product_cat-hybride","7":"product_cat-poeles","8":"product_tag-22-5","9":"product_tag-4-7cm","10":"product_tag-41-5","11":"product_tag-barquette","12":"product_tag-dim","13":"product_tag-inox","14":"product_tag-pro","15":"product_tag-roesle","16":"product_tag-univers","18":"first","19":"instock","20":"taxable","21":"shipping-taxable","22":"product-type-simple"},"yoast_head":"<!-- This site is optimized with the Yoast SEO plugin v23.7 - https:\/\/yoast.com\/wordpress\/plugins\/seo\/ -->\n<title>Po\u00eale Hybride H1 ADURO avec 3 vitres - Mosoni-Vuissoz Magie du Feu<\/title>\n<meta name=\"description\" content=\"Le po\u00eale Aduro H1 allie l&#039;efficacit\u00e9 du chauffage aux granul\u00e9s au confort d&#039;un v\u00e9ritable feu de bois. Appr\u00e9ciez les flammes dansantes et l&#039;atmosph\u00e8re ...\" \/>\n<meta name=\"robots\" content=\"index, follow, max-snippet:-1, max-image-preview:large, max-video-preview:-1\" \/>\n<link rel=\"canonical\" href=\"https:\/\/magiedufeu.ch\/fr\/produit\/poele-hybride-h1-aduro\/\" \/>\n<meta property=\"og:locale\" content=\"fr_FR\" \/>\n<meta property=\"og:type\" content=\"article\" \/>\n<meta property=\"og:title\" content=\"Po\u00eale Hybride H1 ADURO avec 3 vitres - Mosoni-Vuissoz Magie du Feu\" \/>\n<meta property=\"og:description\" content=\"Le po\u00eale Aduro H1 allie l&#039;efficacit\u00e9 du chauffage aux granul\u00e9s au confort d&#039;un v\u00e9ritable feu de bois. Appr\u00e9ciez les flammes dansantes et l&#039;atmosph\u00e8re ...\" \/>\n<meta property=\"og:url\" content=\"https:\/\/magiedufeu.ch\/fr\/produit\/poele-hybride-h1-aduro\/\" \/>\n<meta property=\"og:site_name\" content=\"Mosoni-Vuissoz Magie du Feu\" \/>\n<meta property=\"article:publisher\" content=\"https:\/\/www.facebook.com\/magiedufeu.mdf\/\" \/>\n<meta property=\"article:modified_time\" content=\"2026-03-05T06:51:04+00:00\" \/>\n<meta property=\"og:image\" content=\"https:\/\/magiedufeu.ch\/wp-content\/uploads\/2024\/09\/aduro-h1.jpg?wsr\" \/>\n\t<meta property=\"og:image:width\" content=\"500\" \/>\n\t<meta property=\"og:image:height\" content=\"526\" \/>\n\t<meta property=\"og:image:type\" content=\"image\/jpeg\" \/>\n<meta name=\"twitter:card\" content=\"summary_large_image\" \/>\n<meta name=\"twitter:label1\" content=\"Dur\u00e9e de lecture estim\u00e9e\" \/>\n\t<meta name=\"twitter:data1\" content=\"1 minute\" \/>\n<script type=\"application\/ld+json\" class=\"yoast-schema-graph\">{\"@context\":\"https:\/\/schema.org\",\"@graph\":[{\"@type\":\"WebPage\",\"@id\":\"https:\/\/magiedufeu.ch\/fr\/produit\/poele-hybride-h1-aduro\/\",\"url\":\"https:\/\/magiedufeu.ch\/fr\/produit\/poele-hybride-h1-aduro\/\",\"name\":\"Po\u00eale Hybride H1 ADURO avec 3 vitres - Mosoni-Vuissoz Magie du Feu\",\"isPartOf\":{\"@id\":\"https:\/\/magiedufeu.ch\/#website\"},\"primaryImageOfPage\":{\"@id\":\"https:\/\/magiedufeu.ch\/fr\/produit\/poele-hybride-h1-aduro\/#primaryimage\"},\"image\":{\"@id\":\"https:\/\/magiedufeu.ch\/fr\/produit\/poele-hybride-h1-aduro\/#primaryimage\"},\"thumbnailUrl\":\"https:\/\/magiedufeu.ch\/wp-content\/uploads\/2024\/09\/aduro-h1.jpg?wsr\",\"datePublished\":\"2023-04-25T14:39:00+00:00\",\"dateModified\":\"2026-03-05T06:51:04+00:00\",\"description\":\"Le po\u00eale Aduro H1 allie l'efficacit\u00e9 du chauffage aux granul\u00e9s au confort d'un v\u00e9ritable feu de bois. Appr\u00e9ciez les flammes dansantes et l'atmosph\u00e8re ...\",\"breadcrumb\":{\"@id\":\"https:\/\/magiedufeu.ch\/fr\/produit\/poele-hybride-h1-aduro\/#breadcrumb\"},\"inLanguage\":\"fr-FR\",\"potentialAction\":[{\"@type\":\"ReadAction\",\"target\":[\"https:\/\/magiedufeu.ch\/fr\/produit\/poele-hybride-h1-aduro\/\"]}]},{\"@type\":\"ImageObject\",\"inLanguage\":\"fr-FR\",\"@id\":\"https:\/\/magiedufeu.ch\/fr\/produit\/poele-hybride-h1-aduro\/#primaryimage\",\"url\":\"https:\/\/magiedufeu.ch\/wp-content\/uploads\/2024\/09\/aduro-h1.jpg?wsr\",\"contentUrl\":\"https:\/\/magiedufeu.ch\/wp-content\/uploads\/2024\/09\/aduro-h1.jpg?wsr\",\"width\":500,\"height\":526},{\"@type\":\"BreadcrumbList\",\"@id\":\"https:\/\/magiedufeu.ch\/fr\/produit\/poele-hybride-h1-aduro\/#breadcrumb\",\"itemListElement\":[{\"@type\":\"ListItem\",\"position\":1,\"name\":\"Accueil\",\"item\":\"https:\/\/magiedufeu.ch\/\"},{\"@type\":\"ListItem\",\"position\":2,\"name\":\"Boutique\",\"item\":\"https:\/\/magiedufeu.ch\/fr\/boutique\/\"},{\"@type\":\"ListItem\",\"position\":3,\"name\":\"Po\u00eale Hybride H1 ADURO avec 3 vitres\"}]},{\"@type\":\"WebSite\",\"@id\":\"https:\/\/magiedufeu.ch\/#website\",\"url\":\"https:\/\/magiedufeu.ch\/\",\"name\":\"Mosoni-Vuissoz Magie du Feu\",\"description\":\"\",\"publisher\":{\"@id\":\"https:\/\/magiedufeu.ch\/#organization\"},\"potentialAction\":[{\"@type\":\"SearchAction\",\"target\":{\"@type\":\"EntryPoint\",\"urlTemplate\":\"https:\/\/magiedufeu.ch\/?s={search_term_string}\"},\"query-input\":{\"@type\":\"PropertyValueSpecification\",\"valueRequired\":true,\"valueName\":\"search_term_string\"}}],\"inLanguage\":\"fr-FR\"},{\"@type\":\"Organization\",\"@id\":\"https:\/\/magiedufeu.ch\/#organization\",\"name\":\"Mosoni-Vuissoz Magie du Feu\",\"url\":\"https:\/\/magiedufeu.ch\/\",\"logo\":{\"@type\":\"ImageObject\",\"inLanguage\":\"fr-FR\",\"@id\":\"https:\/\/magiedufeu.ch\/#\/schema\/logo\/image\/\",\"url\":\"https:\/\/magiedufeu.ch\/wp-content\/uploads\/2021\/06\/Mosoni-Vuissoz-logo-1024x536-1-46d285e0.png\",\"contentUrl\":\"https:\/\/magiedufeu.ch\/wp-content\/uploads\/2021\/06\/Mosoni-Vuissoz-logo-1024x536-1-46d285e0.png\",\"width\":200,\"height\":105,\"caption\":\"Mosoni-Vuissoz Magie du Feu\"},\"image\":{\"@id\":\"https:\/\/magiedufeu.ch\/#\/schema\/logo\/image\/\"},\"sameAs\":[\"https:\/\/www.facebook.com\/magiedufeu.mdf\/\"]}]}<\/script>\n<!-- \/ Yoast SEO plugin. -->","yoast_head_json":{"title":"Po\u00eale Hybride H1 ADURO avec 3 vitres - Mosoni-Vuissoz Magie du Feu","description":"Le po\u00eale Aduro H1 allie l'efficacit\u00e9 du chauffage aux granul\u00e9s au confort d'un v\u00e9ritable feu de bois. Appr\u00e9ciez les flammes dansantes et l'atmosph\u00e8re ...","robots":{"index":"index","follow":"follow","max-snippet":"max-snippet:-1","max-image-preview":"max-image-preview:large","max-video-preview":"max-video-preview:-1"},"canonical":"https:\/\/magiedufeu.ch\/fr\/produit\/poele-hybride-h1-aduro\/","og_locale":"fr_FR","og_type":"article","og_title":"Po\u00eale Hybride H1 ADURO avec 3 vitres - Mosoni-Vuissoz Magie du Feu","og_description":"Le po\u00eale Aduro H1 allie l'efficacit\u00e9 du chauffage aux granul\u00e9s au confort d'un v\u00e9ritable feu de bois. Appr\u00e9ciez les flammes dansantes et l'atmosph\u00e8re ...","og_url":"https:\/\/magiedufeu.ch\/fr\/produit\/poele-hybride-h1-aduro\/","og_site_name":"Mosoni-Vuissoz Magie du Feu","article_publisher":"https:\/\/www.facebook.com\/magiedufeu.mdf\/","article_modified_time":"2026-03-05T06:51:04+00:00","og_image":[{"width":500,"height":526,"url":"https:\/\/magiedufeu.ch\/wp-content\/uploads\/2024\/09\/aduro-h1.jpg?wsr","type":"image\/jpeg"}],"twitter_card":"summary_large_image","twitter_misc":{"Dur\u00e9e de lecture estim\u00e9e":"1 minute"},"schema":{"@context":"https:\/\/schema.org","@graph":[{"@type":"WebPage","@id":"https:\/\/magiedufeu.ch\/fr\/produit\/poele-hybride-h1-aduro\/","url":"https:\/\/magiedufeu.ch\/fr\/produit\/poele-hybride-h1-aduro\/","name":"Po\u00eale Hybride H1 ADURO avec 3 vitres - Mosoni-Vuissoz Magie du Feu","isPartOf":{"@id":"https:\/\/magiedufeu.ch\/#website"},"primaryImageOfPage":{"@id":"https:\/\/magiedufeu.ch\/fr\/produit\/poele-hybride-h1-aduro\/#primaryimage"},"image":{"@id":"https:\/\/magiedufeu.ch\/fr\/produit\/poele-hybride-h1-aduro\/#primaryimage"},"thumbnailUrl":"https:\/\/magiedufeu.ch\/wp-content\/uploads\/2024\/09\/aduro-h1.jpg?wsr","datePublished":"2023-04-25T14:39:00+00:00","dateModified":"2026-03-05T06:51:04+00:00","description":"Le po\u00eale Aduro H1 allie l'efficacit\u00e9 du chauffage aux granul\u00e9s au confort d'un v\u00e9ritable feu de bois. Appr\u00e9ciez les flammes dansantes et l'atmosph\u00e8re ...","breadcrumb":{"@id":"https:\/\/magiedufeu.ch\/fr\/produit\/poele-hybride-h1-aduro\/#breadcrumb"},"inLanguage":"fr-FR","potentialAction":[{"@type":"ReadAction","target":["https:\/\/magiedufeu.ch\/fr\/produit\/poele-hybride-h1-aduro\/"]}]},{"@type":"ImageObject","inLanguage":"fr-FR","@id":"https:\/\/magiedufeu.ch\/fr\/produit\/poele-hybride-h1-aduro\/#primaryimage","url":"https:\/\/magiedufeu.ch\/wp-content\/uploads\/2024\/09\/aduro-h1.jpg?wsr","contentUrl":"https:\/\/magiedufeu.ch\/wp-content\/uploads\/2024\/09\/aduro-h1.jpg?wsr","width":500,"height":526},{"@type":"BreadcrumbList","@id":"https:\/\/magiedufeu.ch\/fr\/produit\/poele-hybride-h1-aduro\/#breadcrumb","itemListElement":[{"@type":"ListItem","position":1,"name":"Accueil","item":"https:\/\/magiedufeu.ch\/"},{"@type":"ListItem","position":2,"name":"Boutique","item":"https:\/\/magiedufeu.ch\/fr\/boutique\/"},{"@type":"ListItem","position":3,"name":"Po\u00eale Hybride H1 ADURO avec 3 vitres"}]},{"@type":"WebSite","@id":"https:\/\/magiedufeu.ch\/#website","url":"https:\/\/magiedufeu.ch\/","name":"Mosoni-Vuissoz Magie du Feu","description":"","publisher":{"@id":"https:\/\/magiedufeu.ch\/#organization"},"potentialAction":[{"@type":"SearchAction","target":{"@type":"EntryPoint","urlTemplate":"https:\/\/magiedufeu.ch\/?s={search_term_string}"},"query-input":{"@type":"PropertyValueSpecification","valueRequired":true,"valueName":"search_term_string"}}],"inLanguage":"fr-FR"},{"@type":"Organization","@id":"https:\/\/magiedufeu.ch\/#organization","name":"Mosoni-Vuissoz Magie du Feu","url":"https:\/\/magiedufeu.ch\/","logo":{"@type":"ImageObject","inLanguage":"fr-FR","@id":"https:\/\/magiedufeu.ch\/#\/schema\/logo\/image\/","url":"https:\/\/magiedufeu.ch\/wp-content\/uploads\/2021\/06\/Mosoni-Vuissoz-logo-1024x536-1-46d285e0.png","contentUrl":"https:\/\/magiedufeu.ch\/wp-content\/uploads\/2021\/06\/Mosoni-Vuissoz-logo-1024x536-1-46d285e0.png","width":200,"height":105,"caption":"Mosoni-Vuissoz Magie du Feu"},"image":{"@id":"https:\/\/magiedufeu.ch\/#\/schema\/logo\/image\/"},"sameAs":["https:\/\/www.facebook.com\/magiedufeu.mdf\/"]}]}},"_links":{"self":[{"href":"https:\/\/magiedufeu.ch\/fr\/wp-json\/wp\/v2\/product\/4248","targetHints":{"allow":["GET"]}}],"collection":[{"href":"https:\/\/magiedufeu.ch\/fr\/wp-json\/wp\/v2\/product"}],"about":[{"href":"https:\/\/magiedufeu.ch\/fr\/wp-json\/wp\/v2\/types\/product"}],"replies":[{"embeddable":true,"href":"https:\/\/magiedufeu.ch\/fr\/wp-json\/wp\/v2\/comments?post=4248"}],"wp:featuredmedia":[{"embeddable":true,"href":"https:\/\/magiedufeu.ch\/fr\/wp-json\/wp\/v2\/media\/10794"}],"wp:attachment":[{"href":"https:\/\/magiedufeu.ch\/fr\/wp-json\/wp\/v2\/media?parent=4248"}],"wp:term":[{"taxonomy":"product_cat","embeddable":true,"href":"https:\/\/magiedufeu.ch\/fr\/wp-json\/wp\/v2\/product_cat?post=4248"},{"taxonomy":"product_tag","embeddable":true,"href":"https:\/\/magiedufeu.ch\/fr\/wp-json\/wp\/v2\/product_tag?post=4248"}],"curies":[{"name":"wp","href":"https:\/\/api.w.org\/{rel}","templated":true}]}}