{"id":4239,"date":"2000-01-01T00:00:00","date_gmt":"2023-04-25T14:32:00","guid":{"rendered":"https:\/\/magiedufeu.ch\/?post_type=product&#038;p=4239"},"modified":"2025-11-20T21:48:35","modified_gmt":"2025-11-20T21:48:35","slug":"poele-a-pellets-green-250-boucharde","status":"publish","type":"product","link":"https:\/\/magiedufeu.ch\/fr\/produit\/poele-a-pellets-green-250-boucharde\/","title":{"rendered":"Po\u00eale \u00e0 Pellets Scan-Line GREEN 250 HETA Pierre Ollaire Bouchard\u00e9"},"content":{"rendered":"<h2>Pourquoi choisir le po\u00eale \u00e0 pellets Scan-Line Green 250 Heta ?<\/h2>\n<p>Le HETA Scan-Line Green 250 allie le design \u00e9l\u00e9gant du po\u00eale \u00e0 bois \u00e0 une vue magnifique sur les flammes. Le Scan-Line Green 250 est disponible dans tellement de variantes qu&#8217;il s&#8217;adapte \u00e0 tous les types d&#8217;int\u00e9rieur. Vous pouvez choisir le Scan-Line Green 250 en m\u00e9tal, en pierre ollaire ou en pierre bouchard\u00e9. Le po\u00eale \u00e0 pellets dispose d&#8217;une chambre de combustion unique et sa technologie garantit un rendement impressionnant de 95 %. Le Scan-Line Green 250 chauffe facilement 180 m\u00b2 de surface habitable, voire plus dans certains cas si la maison est isol\u00e9e conform\u00e9ment aux derni\u00e8res r\u00e9glementations \u00e9nerg\u00e9tiques. Le r\u00e9servoir peut contenir jusqu&#8217;\u00e0 21 kg de pellets.<\/p>\n<h2>Les avantages du po\u00eale \u00e0 pellets Scan-Line Green 250 Heta :<\/h2>\n<p>Le po\u00eale \u00e0 granul\u00e9s s&#8217;allume, s&#8217;\u00e9teint et se r\u00e8gle facilement \u00e0 l&#8217;aide de la t\u00e9l\u00e9commande ou de l&#8217;\u00e9cran tactile situ\u00e9 sur le po\u00eale. Gr\u00e2ce au module WiFi HETA Climate, il est d\u00e9sormais possible de contr\u00f4ler votre po\u00eale \u00e0 granul\u00e9s \u00e0 partir de votre smartphone avec l&#8217;application HETA Climate. Vous pouvez, par exemple, allumer votre po\u00eale dans votre chalet de montagne avant votre arriv\u00e9e afin qu&#8217;il soit d\u00e9j\u00e0 chaud et confortable lorsque vous y rentrerez. HETA Climate peut \u00eatre t\u00e9l\u00e9charg\u00e9 sur iOS et Android.<\/p>\n<h3>Caract\u00e9ristiques principales du produit :<\/h3>\n<p>Hauteur : 1107 mm<\/p>\n<p>Largeur : 546 mm<\/p>\n<p>Profondeur : 600 mm<\/p>\n<p>Superficie : 35-180 m\u00b2<\/p>\n<h4><strong>Appareil artisanal, possibilit\u00e9 de choisir la gravure.\u00a0<\/strong><\/h4>\n<p>&nbsp;<\/p>\n<p><strong><a href=\"https:\/\/magiedufeu.ch\/wp-content\/uploads\/2023\/04\/FICHE-TECHNIQUE.GREEN_.250.BOUCHARDE.pdf\">FICHE TECHNIQUE.GREEN.250.BOUCHARDE<\/a><\/strong><\/p>\n<p>&nbsp;<\/p>\n<p>&nbsp;<\/p>\n<p>&nbsp;<\/p>\n<p>&nbsp;<\/p>\n<p>&nbsp;<\/p>\n<p>&nbsp;<\/p>\n","protected":false},"excerpt":{"rendered":"<p>Hauteur : 1107 mm<\/p>\n<p>Largeur : 546 mm<\/p>\n<p>Profondeur : 600 mm<\/p>\n<p>Superficie : 35-180 m\u00b2<\/p>\n","protected":false},"featured_media":12605,"comment_status":"closed","ping_status":"closed","template":"","meta":[],"product_cat":[213,207],"product_tag":[2245,456,2246,1351,589],"class_list":{"0":"post-4239","1":"product","2":"type-product","3":"status-publish","4":"has-post-thumbnail","6":"product_cat-pellets-fr-2","7":"product_cat-poeles","8":"product_tag-cote-gauche","9":"product_tag-four","10":"product_tag-pr-w-1-90","11":"product_tag-vermiculite","12":"product_tag-wamsler","14":"first","15":"instock","16":"taxable","17":"shipping-taxable","18":"purchasable","19":"product-type-simple"},"yoast_head":"<!-- This site is optimized with the Yoast SEO plugin v23.7 - https:\/\/yoast.com\/wordpress\/plugins\/seo\/ -->\n<title>Po\u00eale \u00e0 Pellets Scan-Line GREEN 250 HETA Pierre Ollaire Bouchard\u00e9 - Mosoni-Vuissoz Magie du Feu<\/title>\n<meta name=\"description\" content=\"Le HETA Scan-Line Green 250 allie le design \u00e9l\u00e9gant du po\u00eale \u00e0 bois \u00e0 une vue magnifique sur les flammes. Le Scan-Line Green 250 est disponible ...\" \/>\n<meta name=\"robots\" content=\"index, follow, max-snippet:-1, max-image-preview:large, max-video-preview:-1\" \/>\n<link rel=\"canonical\" href=\"https:\/\/magiedufeu.ch\/produit\/pelletofen-green-250-gekront-stein\/\" \/>\n<meta property=\"og:locale\" content=\"fr_FR\" \/>\n<meta property=\"og:type\" content=\"article\" \/>\n<meta property=\"og:title\" content=\"Po\u00eale \u00e0 Pellets Scan-Line GREEN 250 HETA Pierre Ollaire Bouchard\u00e9 - Mosoni-Vuissoz Magie du Feu\" \/>\n<meta property=\"og:description\" content=\"Le HETA Scan-Line Green 250 allie le design \u00e9l\u00e9gant du po\u00eale \u00e0 bois \u00e0 une vue magnifique sur les flammes. Le Scan-Line Green 250 est disponible ...\" \/>\n<meta property=\"og:url\" content=\"https:\/\/magiedufeu.ch\/produit\/pelletofen-green-250-gekront-stein\/\" \/>\n<meta property=\"og:site_name\" content=\"Mosoni-Vuissoz Magie du Feu\" \/>\n<meta property=\"article:publisher\" content=\"https:\/\/www.facebook.com\/magiedufeu.mdf\/\" \/>\n<meta property=\"article:modified_time\" content=\"2025-11-20T21:48:35+00:00\" \/>\n<meta property=\"og:image\" content=\"https:\/\/magiedufeu.ch\/wp-content\/uploads\/2000\/01\/Design-sans-titre-_39_.webp?wsr\" \/>\n\t<meta property=\"og:image:width\" content=\"1080\" \/>\n\t<meta property=\"og:image:height\" content=\"1080\" \/>\n\t<meta property=\"og:image:type\" content=\"image\/webp\" \/>\n<meta name=\"twitter:card\" content=\"summary_large_image\" \/>\n<meta name=\"twitter:label1\" content=\"Dur\u00e9e de lecture estim\u00e9e\" \/>\n\t<meta name=\"twitter:data1\" content=\"2 minutes\" \/>\n<script type=\"application\/ld+json\" class=\"yoast-schema-graph\">{\"@context\":\"https:\/\/schema.org\",\"@graph\":[{\"@type\":\"WebPage\",\"@id\":\"https:\/\/magiedufeu.ch\/produit\/pelletofen-green-250-gekront-stein\/\",\"url\":\"https:\/\/magiedufeu.ch\/produit\/pelletofen-green-250-gekront-stein\/\",\"name\":\"Po\u00eale \u00e0 Pellets Scan-Line GREEN 250 HETA Pierre Ollaire Bouchard\u00e9 - Mosoni-Vuissoz Magie du Feu\",\"isPartOf\":{\"@id\":\"https:\/\/magiedufeu.ch\/#website\"},\"primaryImageOfPage\":{\"@id\":\"https:\/\/magiedufeu.ch\/produit\/pelletofen-green-250-gekront-stein\/#primaryimage\"},\"image\":{\"@id\":\"https:\/\/magiedufeu.ch\/produit\/pelletofen-green-250-gekront-stein\/#primaryimage\"},\"thumbnailUrl\":\"https:\/\/magiedufeu.ch\/wp-content\/uploads\/2000\/01\/Design-sans-titre-_39_.webp?wsr\",\"datePublished\":\"2023-04-25T14:32:00+00:00\",\"dateModified\":\"2025-11-20T21:48:35+00:00\",\"description\":\"Le HETA Scan-Line Green 250 allie le design \u00e9l\u00e9gant du po\u00eale \u00e0 bois \u00e0 une vue magnifique sur les flammes. Le Scan-Line Green 250 est disponible ...\",\"breadcrumb\":{\"@id\":\"https:\/\/magiedufeu.ch\/produit\/pelletofen-green-250-gekront-stein\/#breadcrumb\"},\"inLanguage\":\"fr-FR\",\"potentialAction\":[{\"@type\":\"ReadAction\",\"target\":[\"https:\/\/magiedufeu.ch\/produit\/pelletofen-green-250-gekront-stein\/\"]}]},{\"@type\":\"ImageObject\",\"inLanguage\":\"fr-FR\",\"@id\":\"https:\/\/magiedufeu.ch\/produit\/pelletofen-green-250-gekront-stein\/#primaryimage\",\"url\":\"https:\/\/magiedufeu.ch\/wp-content\/uploads\/2000\/01\/Design-sans-titre-_39_.webp?wsr\",\"contentUrl\":\"https:\/\/magiedufeu.ch\/wp-content\/uploads\/2000\/01\/Design-sans-titre-_39_.webp?wsr\",\"width\":1080,\"height\":1080},{\"@type\":\"BreadcrumbList\",\"@id\":\"https:\/\/magiedufeu.ch\/produit\/pelletofen-green-250-gekront-stein\/#breadcrumb\",\"itemListElement\":[{\"@type\":\"ListItem\",\"position\":1,\"name\":\"Accueil\",\"item\":\"https:\/\/magiedufeu.ch\/\"},{\"@type\":\"ListItem\",\"position\":2,\"name\":\"Boutique\",\"item\":\"https:\/\/magiedufeu.ch\/fr\/boutique\/\"},{\"@type\":\"ListItem\",\"position\":3,\"name\":\"Po\u00eale \u00e0 Pellets Scan-Line GREEN 250 HETA Pierre Ollaire Bouchard\u00e9\"}]},{\"@type\":\"WebSite\",\"@id\":\"https:\/\/magiedufeu.ch\/#website\",\"url\":\"https:\/\/magiedufeu.ch\/\",\"name\":\"Mosoni-Vuissoz Magie du Feu\",\"description\":\"\",\"publisher\":{\"@id\":\"https:\/\/magiedufeu.ch\/#organization\"},\"potentialAction\":[{\"@type\":\"SearchAction\",\"target\":{\"@type\":\"EntryPoint\",\"urlTemplate\":\"https:\/\/magiedufeu.ch\/?s={search_term_string}\"},\"query-input\":{\"@type\":\"PropertyValueSpecification\",\"valueRequired\":true,\"valueName\":\"search_term_string\"}}],\"inLanguage\":\"fr-FR\"},{\"@type\":\"Organization\",\"@id\":\"https:\/\/magiedufeu.ch\/#organization\",\"name\":\"Mosoni-Vuissoz Magie du Feu\",\"url\":\"https:\/\/magiedufeu.ch\/\",\"logo\":{\"@type\":\"ImageObject\",\"inLanguage\":\"fr-FR\",\"@id\":\"https:\/\/magiedufeu.ch\/#\/schema\/logo\/image\/\",\"url\":\"https:\/\/magiedufeu.ch\/wp-content\/uploads\/2021\/06\/Mosoni-Vuissoz-logo-1024x536-1-46d285e0.png\",\"contentUrl\":\"https:\/\/magiedufeu.ch\/wp-content\/uploads\/2021\/06\/Mosoni-Vuissoz-logo-1024x536-1-46d285e0.png\",\"width\":200,\"height\":105,\"caption\":\"Mosoni-Vuissoz Magie du Feu\"},\"image\":{\"@id\":\"https:\/\/magiedufeu.ch\/#\/schema\/logo\/image\/\"},\"sameAs\":[\"https:\/\/www.facebook.com\/magiedufeu.mdf\/\"]}]}<\/script>\n<!-- \/ Yoast SEO plugin. -->","yoast_head_json":{"title":"Po\u00eale \u00e0 Pellets Scan-Line GREEN 250 HETA Pierre Ollaire Bouchard\u00e9 - Mosoni-Vuissoz Magie du Feu","description":"Le HETA Scan-Line Green 250 allie le design \u00e9l\u00e9gant du po\u00eale \u00e0 bois \u00e0 une vue magnifique sur les flammes. Le Scan-Line Green 250 est disponible ...","robots":{"index":"index","follow":"follow","max-snippet":"max-snippet:-1","max-image-preview":"max-image-preview:large","max-video-preview":"max-video-preview:-1"},"canonical":"https:\/\/magiedufeu.ch\/produit\/pelletofen-green-250-gekront-stein\/","og_locale":"fr_FR","og_type":"article","og_title":"Po\u00eale \u00e0 Pellets Scan-Line GREEN 250 HETA Pierre Ollaire Bouchard\u00e9 - Mosoni-Vuissoz Magie du Feu","og_description":"Le HETA Scan-Line Green 250 allie le design \u00e9l\u00e9gant du po\u00eale \u00e0 bois \u00e0 une vue magnifique sur les flammes. Le Scan-Line Green 250 est disponible ...","og_url":"https:\/\/magiedufeu.ch\/produit\/pelletofen-green-250-gekront-stein\/","og_site_name":"Mosoni-Vuissoz Magie du Feu","article_publisher":"https:\/\/www.facebook.com\/magiedufeu.mdf\/","article_modified_time":"2025-11-20T21:48:35+00:00","og_image":[{"width":1080,"height":1080,"url":"https:\/\/magiedufeu.ch\/wp-content\/uploads\/2000\/01\/Design-sans-titre-_39_.webp?wsr","type":"image\/webp"}],"twitter_card":"summary_large_image","twitter_misc":{"Dur\u00e9e de lecture estim\u00e9e":"2 minutes"},"schema":{"@context":"https:\/\/schema.org","@graph":[{"@type":"WebPage","@id":"https:\/\/magiedufeu.ch\/produit\/pelletofen-green-250-gekront-stein\/","url":"https:\/\/magiedufeu.ch\/produit\/pelletofen-green-250-gekront-stein\/","name":"Po\u00eale \u00e0 Pellets Scan-Line GREEN 250 HETA Pierre Ollaire Bouchard\u00e9 - Mosoni-Vuissoz Magie du Feu","isPartOf":{"@id":"https:\/\/magiedufeu.ch\/#website"},"primaryImageOfPage":{"@id":"https:\/\/magiedufeu.ch\/produit\/pelletofen-green-250-gekront-stein\/#primaryimage"},"image":{"@id":"https:\/\/magiedufeu.ch\/produit\/pelletofen-green-250-gekront-stein\/#primaryimage"},"thumbnailUrl":"https:\/\/magiedufeu.ch\/wp-content\/uploads\/2000\/01\/Design-sans-titre-_39_.webp?wsr","datePublished":"2023-04-25T14:32:00+00:00","dateModified":"2025-11-20T21:48:35+00:00","description":"Le HETA Scan-Line Green 250 allie le design \u00e9l\u00e9gant du po\u00eale \u00e0 bois \u00e0 une vue magnifique sur les flammes. Le Scan-Line Green 250 est disponible ...","breadcrumb":{"@id":"https:\/\/magiedufeu.ch\/produit\/pelletofen-green-250-gekront-stein\/#breadcrumb"},"inLanguage":"fr-FR","potentialAction":[{"@type":"ReadAction","target":["https:\/\/magiedufeu.ch\/produit\/pelletofen-green-250-gekront-stein\/"]}]},{"@type":"ImageObject","inLanguage":"fr-FR","@id":"https:\/\/magiedufeu.ch\/produit\/pelletofen-green-250-gekront-stein\/#primaryimage","url":"https:\/\/magiedufeu.ch\/wp-content\/uploads\/2000\/01\/Design-sans-titre-_39_.webp?wsr","contentUrl":"https:\/\/magiedufeu.ch\/wp-content\/uploads\/2000\/01\/Design-sans-titre-_39_.webp?wsr","width":1080,"height":1080},{"@type":"BreadcrumbList","@id":"https:\/\/magiedufeu.ch\/produit\/pelletofen-green-250-gekront-stein\/#breadcrumb","itemListElement":[{"@type":"ListItem","position":1,"name":"Accueil","item":"https:\/\/magiedufeu.ch\/"},{"@type":"ListItem","position":2,"name":"Boutique","item":"https:\/\/magiedufeu.ch\/fr\/boutique\/"},{"@type":"ListItem","position":3,"name":"Po\u00eale \u00e0 Pellets Scan-Line GREEN 250 HETA Pierre Ollaire Bouchard\u00e9"}]},{"@type":"WebSite","@id":"https:\/\/magiedufeu.ch\/#website","url":"https:\/\/magiedufeu.ch\/","name":"Mosoni-Vuissoz Magie du Feu","description":"","publisher":{"@id":"https:\/\/magiedufeu.ch\/#organization"},"potentialAction":[{"@type":"SearchAction","target":{"@type":"EntryPoint","urlTemplate":"https:\/\/magiedufeu.ch\/?s={search_term_string}"},"query-input":{"@type":"PropertyValueSpecification","valueRequired":true,"valueName":"search_term_string"}}],"inLanguage":"fr-FR"},{"@type":"Organization","@id":"https:\/\/magiedufeu.ch\/#organization","name":"Mosoni-Vuissoz Magie du Feu","url":"https:\/\/magiedufeu.ch\/","logo":{"@type":"ImageObject","inLanguage":"fr-FR","@id":"https:\/\/magiedufeu.ch\/#\/schema\/logo\/image\/","url":"https:\/\/magiedufeu.ch\/wp-content\/uploads\/2021\/06\/Mosoni-Vuissoz-logo-1024x536-1-46d285e0.png","contentUrl":"https:\/\/magiedufeu.ch\/wp-content\/uploads\/2021\/06\/Mosoni-Vuissoz-logo-1024x536-1-46d285e0.png","width":200,"height":105,"caption":"Mosoni-Vuissoz Magie du Feu"},"image":{"@id":"https:\/\/magiedufeu.ch\/#\/schema\/logo\/image\/"},"sameAs":["https:\/\/www.facebook.com\/magiedufeu.mdf\/"]}]}},"_links":{"self":[{"href":"https:\/\/magiedufeu.ch\/fr\/wp-json\/wp\/v2\/product\/4239","targetHints":{"allow":["GET"]}}],"collection":[{"href":"https:\/\/magiedufeu.ch\/fr\/wp-json\/wp\/v2\/product"}],"about":[{"href":"https:\/\/magiedufeu.ch\/fr\/wp-json\/wp\/v2\/types\/product"}],"replies":[{"embeddable":true,"href":"https:\/\/magiedufeu.ch\/fr\/wp-json\/wp\/v2\/comments?post=4239"}],"wp:featuredmedia":[{"embeddable":true,"href":"https:\/\/magiedufeu.ch\/fr\/wp-json\/wp\/v2\/media\/12605"}],"wp:attachment":[{"href":"https:\/\/magiedufeu.ch\/fr\/wp-json\/wp\/v2\/media?parent=4239"}],"wp:term":[{"taxonomy":"product_cat","embeddable":true,"href":"https:\/\/magiedufeu.ch\/fr\/wp-json\/wp\/v2\/product_cat?post=4239"},{"taxonomy":"product_tag","embeddable":true,"href":"https:\/\/magiedufeu.ch\/fr\/wp-json\/wp\/v2\/product_tag?post=4239"}],"curies":[{"name":"wp","href":"https:\/\/api.w.org\/{rel}","templated":true}]}}