{"id":4221,"date":"2000-01-01T00:00:00","date_gmt":"2023-04-25T14:13:00","guid":{"rendered":"https:\/\/magiedufeu.ch\/?post_type=product&#038;p=4221"},"modified":"2024-10-30T17:41:56","modified_gmt":"2024-10-30T17:41:56","slug":"barbas-bellfires-poele-a-gaz-propane-panorama-45-59","status":"publish","type":"product","link":"https:\/\/magiedufeu.ch\/fr\/produit\/barbas-bellfires-poele-a-gaz-propane-panorama-45-59\/","title":{"rendered":"Barbas Bellfires Po\u00eale \u00e0 Gaz Propane Panorama 45\/59"},"content":{"rendered":"<p style=\"font-weight: 400;\">Barbas Bellfires Po\u00eale \u00e0 Gaz Propane Panorama 45\/59<\/p>\n<p style=\"font-weight: 400;\">Puissance: 6.3 kw<\/p>\n<p style=\"font-weight: 400;\">Raccordement sortie de fum\u00e9e prose d&#8217;air 100\/150<\/p>\n<p style=\"font-weight: 400;\">T\u00e9l\u00e9comande+wifi-Module<\/p>\n<p style=\"font-weight: 400;\">Br\u00fbleur MagniFire<\/p>\n<p style=\"font-weight: 400;\">Pays Suisse<\/p>\n<p style=\"font-weight: 400;\">Type de Gaz Propane<\/p>\n<p style=\"font-weight: 400;\">Buches C\u00e9ramiques<\/p>\n<p style=\"font-weight: 400;\">Interieur Miroir C\u00e9ramique noir<\/p>\n<p style=\"font-weight: 400;\">Niche a Bois<\/p>\n<p style=\"font-weight: 400;\">PDF: <a href=\"https:\/\/magiedufeu.ch\/wp-content\/uploads\/2023\/04\/MT_Box-Gas-Panorama-45-59.pdf\">MT_Box-Gas-Panorama-45-59<\/a><\/p>\n","protected":false},"excerpt":{"rendered":"<p style=\"font-weight: 400;\">Puissance: 6.3 kw<\/p>\n<p style=\"font-weight: 400;\">Raccordement sortie de fum\u00e9e prise d&#8217;air 100\/150<\/p>\n<p style=\"font-weight: 400;\">T\u00e9l\u00e9comande+wifi-Module<\/p>\n<p style=\"font-weight: 400;\">Br\u00fbleur MagniFire<\/p>\n<p style=\"font-weight: 400;\">Type de Gaz Propane<\/p>\n<p style=\"font-weight: 400;\">Buches C\u00e9ramiques avec niche \u00e0 bois<\/p>\n<p style=\"font-weight: 400;\">Interieur Miroir C\u00e9ramique noir<\/p>\n","protected":false},"featured_media":10784,"comment_status":"closed","ping_status":"closed","template":"","meta":[],"product_cat":[208,355,225,207],"product_tag":[4924,4860,6366,6365,535,568,6364,6367],"class_list":{"0":"post-4221","1":"product","2":"type-product","3":"status-publish","4":"has-post-thumbnail","6":"product_cat-gaz-fr","7":"product_cat-offres-speciale-startseite","8":"product_cat-offres-speciales","9":"product_cat-poeles","10":"product_tag-barbas","11":"product_tag-bellfires","12":"product_tag-box","13":"product_tag-magnifire","14":"product_tag-moderne","15":"product_tag-noir","16":"product_tag-poele-a-gaz","17":"product_tag-poele-a-gaz-moderne","19":"first","20":"instock","21":"sale","22":"taxable","23":"shipping-taxable","24":"purchasable","25":"product-type-simple"},"yoast_head":"<!-- This site is optimized with the Yoast SEO plugin v23.7 - https:\/\/yoast.com\/wordpress\/plugins\/seo\/ -->\n<title>Barbas Bellfires Po\u00eale \u00e0 Gaz Propane Panorama 45\/59 - Mosoni-Vuissoz Magie du Feu<\/title>\n<meta name=\"robots\" content=\"index, follow, max-snippet:-1, max-image-preview:large, max-video-preview:-1\" \/>\n<link rel=\"canonical\" href=\"https:\/\/magiedufeu.ch\/fr\/produit\/barbas-bellfires-poele-a-gaz-propane-panorama-45-59\/\" \/>\n<meta property=\"og:locale\" content=\"fr_FR\" \/>\n<meta property=\"og:type\" content=\"article\" \/>\n<meta property=\"og:title\" content=\"Barbas Bellfires Po\u00eale \u00e0 Gaz Propane Panorama 45\/59 - Mosoni-Vuissoz Magie du Feu\" \/>\n<meta property=\"og:description\" content=\"Puissance: 6.3 kw Raccordement sortie de fum\u00e9e prise d&#039;air 100\/150 T\u00e9l\u00e9comande+wifi-Module Br\u00fbleur MagniFire Type de Gaz Propane Buches C\u00e9ramiques avec niche \u00e0 bois Interieur Miroir C\u00e9ramique noir\" \/>\n<meta property=\"og:url\" content=\"https:\/\/magiedufeu.ch\/fr\/produit\/barbas-bellfires-poele-a-gaz-propane-panorama-45-59\/\" \/>\n<meta property=\"og:site_name\" content=\"Mosoni-Vuissoz Magie du Feu\" \/>\n<meta property=\"article:publisher\" content=\"https:\/\/www.facebook.com\/magiedufeu.mdf\/\" \/>\n<meta property=\"article:modified_time\" content=\"2024-10-30T17:41:56+00:00\" \/>\n<meta property=\"og:image\" content=\"https:\/\/magiedufeu.ch\/wp-content\/uploads\/2024\/09\/BOX-Gas-Panorama-45-59-opslagmodule.png?wsr\" \/>\n\t<meta property=\"og:image:width\" content=\"376\" \/>\n\t<meta property=\"og:image:height\" content=\"376\" \/>\n\t<meta property=\"og:image:type\" content=\"image\/png\" \/>\n<meta name=\"twitter:card\" content=\"summary_large_image\" \/>\n<meta name=\"twitter:label1\" content=\"Dur\u00e9e de lecture estim\u00e9e\" \/>\n\t<meta name=\"twitter:data1\" content=\"1 minute\" \/>\n<script type=\"application\/ld+json\" class=\"yoast-schema-graph\">{\"@context\":\"https:\/\/schema.org\",\"@graph\":[{\"@type\":\"WebPage\",\"@id\":\"https:\/\/magiedufeu.ch\/fr\/produit\/barbas-bellfires-poele-a-gaz-propane-panorama-45-59\/\",\"url\":\"https:\/\/magiedufeu.ch\/fr\/produit\/barbas-bellfires-poele-a-gaz-propane-panorama-45-59\/\",\"name\":\"Barbas Bellfires Po\u00eale \u00e0 Gaz Propane Panorama 45\/59 - Mosoni-Vuissoz Magie du Feu\",\"isPartOf\":{\"@id\":\"https:\/\/magiedufeu.ch\/#website\"},\"primaryImageOfPage\":{\"@id\":\"https:\/\/magiedufeu.ch\/fr\/produit\/barbas-bellfires-poele-a-gaz-propane-panorama-45-59\/#primaryimage\"},\"image\":{\"@id\":\"https:\/\/magiedufeu.ch\/fr\/produit\/barbas-bellfires-poele-a-gaz-propane-panorama-45-59\/#primaryimage\"},\"thumbnailUrl\":\"https:\/\/magiedufeu.ch\/wp-content\/uploads\/2024\/09\/BOX-Gas-Panorama-45-59-opslagmodule.png?wsr\",\"datePublished\":\"2023-04-25T14:13:00+00:00\",\"dateModified\":\"2024-10-30T17:41:56+00:00\",\"breadcrumb\":{\"@id\":\"https:\/\/magiedufeu.ch\/fr\/produit\/barbas-bellfires-poele-a-gaz-propane-panorama-45-59\/#breadcrumb\"},\"inLanguage\":\"fr-FR\",\"potentialAction\":[{\"@type\":\"ReadAction\",\"target\":[\"https:\/\/magiedufeu.ch\/fr\/produit\/barbas-bellfires-poele-a-gaz-propane-panorama-45-59\/\"]}]},{\"@type\":\"ImageObject\",\"inLanguage\":\"fr-FR\",\"@id\":\"https:\/\/magiedufeu.ch\/fr\/produit\/barbas-bellfires-poele-a-gaz-propane-panorama-45-59\/#primaryimage\",\"url\":\"https:\/\/magiedufeu.ch\/wp-content\/uploads\/2024\/09\/BOX-Gas-Panorama-45-59-opslagmodule.png?wsr\",\"contentUrl\":\"https:\/\/magiedufeu.ch\/wp-content\/uploads\/2024\/09\/BOX-Gas-Panorama-45-59-opslagmodule.png?wsr\",\"width\":376,\"height\":376},{\"@type\":\"BreadcrumbList\",\"@id\":\"https:\/\/magiedufeu.ch\/fr\/produit\/barbas-bellfires-poele-a-gaz-propane-panorama-45-59\/#breadcrumb\",\"itemListElement\":[{\"@type\":\"ListItem\",\"position\":1,\"name\":\"Accueil\",\"item\":\"https:\/\/magiedufeu.ch\/\"},{\"@type\":\"ListItem\",\"position\":2,\"name\":\"Boutique\",\"item\":\"https:\/\/magiedufeu.ch\/fr\/boutique\/\"},{\"@type\":\"ListItem\",\"position\":3,\"name\":\"Barbas Bellfires Po\u00eale \u00e0 Gaz Propane Panorama 45\/59\"}]},{\"@type\":\"WebSite\",\"@id\":\"https:\/\/magiedufeu.ch\/#website\",\"url\":\"https:\/\/magiedufeu.ch\/\",\"name\":\"Mosoni-Vuissoz Magie du Feu\",\"description\":\"\",\"publisher\":{\"@id\":\"https:\/\/magiedufeu.ch\/#organization\"},\"potentialAction\":[{\"@type\":\"SearchAction\",\"target\":{\"@type\":\"EntryPoint\",\"urlTemplate\":\"https:\/\/magiedufeu.ch\/?s={search_term_string}\"},\"query-input\":{\"@type\":\"PropertyValueSpecification\",\"valueRequired\":true,\"valueName\":\"search_term_string\"}}],\"inLanguage\":\"fr-FR\"},{\"@type\":\"Organization\",\"@id\":\"https:\/\/magiedufeu.ch\/#organization\",\"name\":\"Mosoni-Vuissoz Magie du Feu\",\"url\":\"https:\/\/magiedufeu.ch\/\",\"logo\":{\"@type\":\"ImageObject\",\"inLanguage\":\"fr-FR\",\"@id\":\"https:\/\/magiedufeu.ch\/#\/schema\/logo\/image\/\",\"url\":\"https:\/\/magiedufeu.ch\/wp-content\/uploads\/2021\/06\/Mosoni-Vuissoz-logo-1024x536-1-46d285e0.png\",\"contentUrl\":\"https:\/\/magiedufeu.ch\/wp-content\/uploads\/2021\/06\/Mosoni-Vuissoz-logo-1024x536-1-46d285e0.png\",\"width\":200,\"height\":105,\"caption\":\"Mosoni-Vuissoz Magie du Feu\"},\"image\":{\"@id\":\"https:\/\/magiedufeu.ch\/#\/schema\/logo\/image\/\"},\"sameAs\":[\"https:\/\/www.facebook.com\/magiedufeu.mdf\/\"]}]}<\/script>\n<!-- \/ Yoast SEO plugin. -->","yoast_head_json":{"title":"Barbas Bellfires Po\u00eale \u00e0 Gaz Propane Panorama 45\/59 - Mosoni-Vuissoz Magie du Feu","robots":{"index":"index","follow":"follow","max-snippet":"max-snippet:-1","max-image-preview":"max-image-preview:large","max-video-preview":"max-video-preview:-1"},"canonical":"https:\/\/magiedufeu.ch\/fr\/produit\/barbas-bellfires-poele-a-gaz-propane-panorama-45-59\/","og_locale":"fr_FR","og_type":"article","og_title":"Barbas Bellfires Po\u00eale \u00e0 Gaz Propane Panorama 45\/59 - Mosoni-Vuissoz Magie du Feu","og_description":"Puissance: 6.3 kw Raccordement sortie de fum\u00e9e prise d'air 100\/150 T\u00e9l\u00e9comande+wifi-Module Br\u00fbleur MagniFire Type de Gaz Propane Buches C\u00e9ramiques avec niche \u00e0 bois Interieur Miroir C\u00e9ramique noir","og_url":"https:\/\/magiedufeu.ch\/fr\/produit\/barbas-bellfires-poele-a-gaz-propane-panorama-45-59\/","og_site_name":"Mosoni-Vuissoz Magie du Feu","article_publisher":"https:\/\/www.facebook.com\/magiedufeu.mdf\/","article_modified_time":"2024-10-30T17:41:56+00:00","og_image":[{"width":376,"height":376,"url":"https:\/\/magiedufeu.ch\/wp-content\/uploads\/2024\/09\/BOX-Gas-Panorama-45-59-opslagmodule.png?wsr","type":"image\/png"}],"twitter_card":"summary_large_image","twitter_misc":{"Dur\u00e9e de lecture estim\u00e9e":"1 minute"},"schema":{"@context":"https:\/\/schema.org","@graph":[{"@type":"WebPage","@id":"https:\/\/magiedufeu.ch\/fr\/produit\/barbas-bellfires-poele-a-gaz-propane-panorama-45-59\/","url":"https:\/\/magiedufeu.ch\/fr\/produit\/barbas-bellfires-poele-a-gaz-propane-panorama-45-59\/","name":"Barbas Bellfires Po\u00eale \u00e0 Gaz Propane Panorama 45\/59 - Mosoni-Vuissoz Magie du Feu","isPartOf":{"@id":"https:\/\/magiedufeu.ch\/#website"},"primaryImageOfPage":{"@id":"https:\/\/magiedufeu.ch\/fr\/produit\/barbas-bellfires-poele-a-gaz-propane-panorama-45-59\/#primaryimage"},"image":{"@id":"https:\/\/magiedufeu.ch\/fr\/produit\/barbas-bellfires-poele-a-gaz-propane-panorama-45-59\/#primaryimage"},"thumbnailUrl":"https:\/\/magiedufeu.ch\/wp-content\/uploads\/2024\/09\/BOX-Gas-Panorama-45-59-opslagmodule.png?wsr","datePublished":"2023-04-25T14:13:00+00:00","dateModified":"2024-10-30T17:41:56+00:00","breadcrumb":{"@id":"https:\/\/magiedufeu.ch\/fr\/produit\/barbas-bellfires-poele-a-gaz-propane-panorama-45-59\/#breadcrumb"},"inLanguage":"fr-FR","potentialAction":[{"@type":"ReadAction","target":["https:\/\/magiedufeu.ch\/fr\/produit\/barbas-bellfires-poele-a-gaz-propane-panorama-45-59\/"]}]},{"@type":"ImageObject","inLanguage":"fr-FR","@id":"https:\/\/magiedufeu.ch\/fr\/produit\/barbas-bellfires-poele-a-gaz-propane-panorama-45-59\/#primaryimage","url":"https:\/\/magiedufeu.ch\/wp-content\/uploads\/2024\/09\/BOX-Gas-Panorama-45-59-opslagmodule.png?wsr","contentUrl":"https:\/\/magiedufeu.ch\/wp-content\/uploads\/2024\/09\/BOX-Gas-Panorama-45-59-opslagmodule.png?wsr","width":376,"height":376},{"@type":"BreadcrumbList","@id":"https:\/\/magiedufeu.ch\/fr\/produit\/barbas-bellfires-poele-a-gaz-propane-panorama-45-59\/#breadcrumb","itemListElement":[{"@type":"ListItem","position":1,"name":"Accueil","item":"https:\/\/magiedufeu.ch\/"},{"@type":"ListItem","position":2,"name":"Boutique","item":"https:\/\/magiedufeu.ch\/fr\/boutique\/"},{"@type":"ListItem","position":3,"name":"Barbas Bellfires Po\u00eale \u00e0 Gaz Propane Panorama 45\/59"}]},{"@type":"WebSite","@id":"https:\/\/magiedufeu.ch\/#website","url":"https:\/\/magiedufeu.ch\/","name":"Mosoni-Vuissoz Magie du Feu","description":"","publisher":{"@id":"https:\/\/magiedufeu.ch\/#organization"},"potentialAction":[{"@type":"SearchAction","target":{"@type":"EntryPoint","urlTemplate":"https:\/\/magiedufeu.ch\/?s={search_term_string}"},"query-input":{"@type":"PropertyValueSpecification","valueRequired":true,"valueName":"search_term_string"}}],"inLanguage":"fr-FR"},{"@type":"Organization","@id":"https:\/\/magiedufeu.ch\/#organization","name":"Mosoni-Vuissoz Magie du Feu","url":"https:\/\/magiedufeu.ch\/","logo":{"@type":"ImageObject","inLanguage":"fr-FR","@id":"https:\/\/magiedufeu.ch\/#\/schema\/logo\/image\/","url":"https:\/\/magiedufeu.ch\/wp-content\/uploads\/2021\/06\/Mosoni-Vuissoz-logo-1024x536-1-46d285e0.png","contentUrl":"https:\/\/magiedufeu.ch\/wp-content\/uploads\/2021\/06\/Mosoni-Vuissoz-logo-1024x536-1-46d285e0.png","width":200,"height":105,"caption":"Mosoni-Vuissoz Magie du Feu"},"image":{"@id":"https:\/\/magiedufeu.ch\/#\/schema\/logo\/image\/"},"sameAs":["https:\/\/www.facebook.com\/magiedufeu.mdf\/"]}]}},"_links":{"self":[{"href":"https:\/\/magiedufeu.ch\/fr\/wp-json\/wp\/v2\/product\/4221","targetHints":{"allow":["GET"]}}],"collection":[{"href":"https:\/\/magiedufeu.ch\/fr\/wp-json\/wp\/v2\/product"}],"about":[{"href":"https:\/\/magiedufeu.ch\/fr\/wp-json\/wp\/v2\/types\/product"}],"replies":[{"embeddable":true,"href":"https:\/\/magiedufeu.ch\/fr\/wp-json\/wp\/v2\/comments?post=4221"}],"wp:featuredmedia":[{"embeddable":true,"href":"https:\/\/magiedufeu.ch\/fr\/wp-json\/wp\/v2\/media\/10784"}],"wp:attachment":[{"href":"https:\/\/magiedufeu.ch\/fr\/wp-json\/wp\/v2\/media?parent=4221"}],"wp:term":[{"taxonomy":"product_cat","embeddable":true,"href":"https:\/\/magiedufeu.ch\/fr\/wp-json\/wp\/v2\/product_cat?post=4221"},{"taxonomy":"product_tag","embeddable":true,"href":"https:\/\/magiedufeu.ch\/fr\/wp-json\/wp\/v2\/product_tag?post=4221"}],"curies":[{"name":"wp","href":"https:\/\/api.w.org\/{rel}","templated":true}]}}