{"id":4212,"date":"2023-04-25T13:55:00","date_gmt":"2023-04-25T13:55:00","guid":{"rendered":"https:\/\/magiedufeu.ch\/?post_type=product&#038;p=4212"},"modified":"2024-09-12T16:05:53","modified_gmt":"2024-09-12T16:05:53","slug":"aduro-poele-bois-pellets-h5-pierre-ollaire","status":"publish","type":"product","link":"https:\/\/magiedufeu.ch\/fr\/produit\/aduro-poele-bois-pellets-h5-pierre-ollaire\/","title":{"rendered":"ADURO POELE BOIS PELLETS H5 PIERRE OLLAIRE"},"content":{"rendered":"<p style=\"font-weight: 400;\">ADURO POELE BOIS PELLETS H5 PIERRE OLLAIRE<\/p>\n<p style=\"font-weight: 400;\">Puissance nominale:7,0 kW bois \/ 6,8 kW granul\u00e9s<\/p>\n<p style=\"font-weight: 400;\">Surface chauff\u00e9e:20-140 m2<\/p>\n<p style=\"font-weight: 400;\">Rendement:85% bois \/ 91% granul\u00e9s<\/p>\n<p style=\"font-weight: 400;\">Diam\u00e8tre de buse \/ sortie dessus et arri\u00e8re:\u00d8150 mm<\/p>\n<p style=\"font-weight: 400;\">Dimensions en cm (HxLxP):116,7 x 50,3 x 50,6 cm<\/p>\n<p style=\"font-weight: 400;\">Longueur max des b\u00fbches:37 cm<\/p>\n<p style=\"font-weight: 400;\">Poids:320 kg<\/p>\n","protected":false},"excerpt":{"rendered":"<p style=\"font-weight: 400;\">ADURO POELE BOIS PELLETS H5 PIERRE OLLAIRE<\/p>\n<p style=\"font-weight: 400;\">Puissance nominale:7,0 kW bois \/ 6,8 kW granul\u00e9s<\/p>\n<p style=\"font-weight: 400;\">Surface chauff\u00e9e:20-140 m2<\/p>\n<p style=\"font-weight: 400;\">Rendement:85% bois \/ 91% granul\u00e9s<\/p>\n<p style=\"font-weight: 400;\">Diam\u00e8tre de buse \/ sortie dessus et arri\u00e8re:\u00d8150 mm<\/p>\n<p style=\"font-weight: 400;\">Dimensions en cm (HxLxP):116,7 x 50,3 x 50,6 cm<\/p>\n<p style=\"font-weight: 400;\">Longueur max des b\u00fbches:37 cm<\/p>\n<p style=\"font-weight: 400;\">Poids:320 kg<\/p>\n","protected":false},"featured_media":11355,"comment_status":"closed","ping_status":"closed","template":"","meta":[],"product_cat":[209,207],"product_tag":[],"class_list":{"0":"post-4212","1":"product","2":"type-product","3":"status-publish","4":"has-post-thumbnail","6":"product_cat-hybride","7":"product_cat-poeles","9":"first","10":"outofstock","11":"taxable","12":"shipping-taxable","13":"product-type-simple"},"yoast_head":"<!-- This site is optimized with the Yoast SEO plugin v23.7 - https:\/\/yoast.com\/wordpress\/plugins\/seo\/ -->\n<title>ADURO POELE BOIS PELLETS H5 PIERRE OLLAIRE - Mosoni-Vuissoz Magie du Feu<\/title>\n<meta name=\"robots\" content=\"index, follow, max-snippet:-1, max-image-preview:large, max-video-preview:-1\" \/>\n<link rel=\"canonical\" href=\"https:\/\/magiedufeu.ch\/fr\/produit\/aduro-poele-bois-pellets-h5-pierre-ollaire\/\" \/>\n<meta property=\"og:locale\" content=\"fr_FR\" \/>\n<meta property=\"og:type\" content=\"article\" \/>\n<meta property=\"og:title\" content=\"ADURO POELE BOIS PELLETS H5 PIERRE OLLAIRE - Mosoni-Vuissoz Magie du Feu\" \/>\n<meta property=\"og:description\" content=\"ADURO POELE BOIS PELLETS H5 PIERRE OLLAIRE Puissance nominale:7,0 kW bois \/ 6,8 kW granul\u00e9s Surface chauff\u00e9e:20-140 m2 Rendement:85% bois \/ 91% granul\u00e9s Diam\u00e8tre de buse \/ sortie dessus et arri\u00e8re:\u00d8150 mm Dimensions en cm (HxLxP):116,7 x 50,3 x 50,6 cm Longueur max des b\u00fbches:37 cm Poids:320 kg\" \/>\n<meta property=\"og:url\" content=\"https:\/\/magiedufeu.ch\/fr\/produit\/aduro-poele-bois-pellets-h5-pierre-ollaire\/\" \/>\n<meta property=\"og:site_name\" content=\"Mosoni-Vuissoz Magie du Feu\" \/>\n<meta property=\"article:publisher\" content=\"https:\/\/www.facebook.com\/magiedufeu.mdf\/\" \/>\n<meta property=\"article:modified_time\" content=\"2024-09-12T16:05:53+00:00\" \/>\n<meta property=\"og:image\" content=\"https:\/\/magiedufeu.ch\/wp-content\/uploads\/2023\/04\/Design-sans-titre-38.png?wsr\" \/>\n\t<meta property=\"og:image:width\" content=\"1080\" \/>\n\t<meta property=\"og:image:height\" content=\"1080\" \/>\n\t<meta property=\"og:image:type\" content=\"image\/png\" \/>\n<meta name=\"twitter:card\" content=\"summary_large_image\" \/>\n<meta name=\"twitter:label1\" content=\"Dur\u00e9e de lecture estim\u00e9e\" \/>\n\t<meta name=\"twitter:data1\" content=\"1 minute\" \/>\n<script type=\"application\/ld+json\" class=\"yoast-schema-graph\">{\"@context\":\"https:\/\/schema.org\",\"@graph\":[{\"@type\":\"WebPage\",\"@id\":\"https:\/\/magiedufeu.ch\/fr\/produit\/aduro-poele-bois-pellets-h5-pierre-ollaire\/\",\"url\":\"https:\/\/magiedufeu.ch\/fr\/produit\/aduro-poele-bois-pellets-h5-pierre-ollaire\/\",\"name\":\"ADURO POELE BOIS PELLETS H5 PIERRE OLLAIRE - Mosoni-Vuissoz Magie du Feu\",\"isPartOf\":{\"@id\":\"https:\/\/magiedufeu.ch\/#website\"},\"primaryImageOfPage\":{\"@id\":\"https:\/\/magiedufeu.ch\/fr\/produit\/aduro-poele-bois-pellets-h5-pierre-ollaire\/#primaryimage\"},\"image\":{\"@id\":\"https:\/\/magiedufeu.ch\/fr\/produit\/aduro-poele-bois-pellets-h5-pierre-ollaire\/#primaryimage\"},\"thumbnailUrl\":\"https:\/\/magiedufeu.ch\/wp-content\/uploads\/2023\/04\/Design-sans-titre-38.png?wsr\",\"datePublished\":\"2023-04-25T13:55:00+00:00\",\"dateModified\":\"2024-09-12T16:05:53+00:00\",\"breadcrumb\":{\"@id\":\"https:\/\/magiedufeu.ch\/fr\/produit\/aduro-poele-bois-pellets-h5-pierre-ollaire\/#breadcrumb\"},\"inLanguage\":\"fr-FR\",\"potentialAction\":[{\"@type\":\"ReadAction\",\"target\":[\"https:\/\/magiedufeu.ch\/fr\/produit\/aduro-poele-bois-pellets-h5-pierre-ollaire\/\"]}]},{\"@type\":\"ImageObject\",\"inLanguage\":\"fr-FR\",\"@id\":\"https:\/\/magiedufeu.ch\/fr\/produit\/aduro-poele-bois-pellets-h5-pierre-ollaire\/#primaryimage\",\"url\":\"https:\/\/magiedufeu.ch\/wp-content\/uploads\/2023\/04\/Design-sans-titre-38.png?wsr\",\"contentUrl\":\"https:\/\/magiedufeu.ch\/wp-content\/uploads\/2023\/04\/Design-sans-titre-38.png?wsr\",\"width\":1080,\"height\":1080},{\"@type\":\"BreadcrumbList\",\"@id\":\"https:\/\/magiedufeu.ch\/fr\/produit\/aduro-poele-bois-pellets-h5-pierre-ollaire\/#breadcrumb\",\"itemListElement\":[{\"@type\":\"ListItem\",\"position\":1,\"name\":\"Accueil\",\"item\":\"https:\/\/magiedufeu.ch\/\"},{\"@type\":\"ListItem\",\"position\":2,\"name\":\"Boutique\",\"item\":\"https:\/\/magiedufeu.ch\/fr\/boutique\/\"},{\"@type\":\"ListItem\",\"position\":3,\"name\":\"ADURO POELE BOIS PELLETS H5 PIERRE OLLAIRE\"}]},{\"@type\":\"WebSite\",\"@id\":\"https:\/\/magiedufeu.ch\/#website\",\"url\":\"https:\/\/magiedufeu.ch\/\",\"name\":\"Mosoni-Vuissoz Magie du Feu\",\"description\":\"\",\"publisher\":{\"@id\":\"https:\/\/magiedufeu.ch\/#organization\"},\"potentialAction\":[{\"@type\":\"SearchAction\",\"target\":{\"@type\":\"EntryPoint\",\"urlTemplate\":\"https:\/\/magiedufeu.ch\/?s={search_term_string}\"},\"query-input\":{\"@type\":\"PropertyValueSpecification\",\"valueRequired\":true,\"valueName\":\"search_term_string\"}}],\"inLanguage\":\"fr-FR\"},{\"@type\":\"Organization\",\"@id\":\"https:\/\/magiedufeu.ch\/#organization\",\"name\":\"Mosoni-Vuissoz Magie du Feu\",\"url\":\"https:\/\/magiedufeu.ch\/\",\"logo\":{\"@type\":\"ImageObject\",\"inLanguage\":\"fr-FR\",\"@id\":\"https:\/\/magiedufeu.ch\/#\/schema\/logo\/image\/\",\"url\":\"https:\/\/magiedufeu.ch\/wp-content\/uploads\/2021\/06\/Mosoni-Vuissoz-logo-1024x536-1-46d285e0.png\",\"contentUrl\":\"https:\/\/magiedufeu.ch\/wp-content\/uploads\/2021\/06\/Mosoni-Vuissoz-logo-1024x536-1-46d285e0.png\",\"width\":200,\"height\":105,\"caption\":\"Mosoni-Vuissoz Magie du Feu\"},\"image\":{\"@id\":\"https:\/\/magiedufeu.ch\/#\/schema\/logo\/image\/\"},\"sameAs\":[\"https:\/\/www.facebook.com\/magiedufeu.mdf\/\"]}]}<\/script>\n<!-- \/ Yoast SEO plugin. -->","yoast_head_json":{"title":"ADURO POELE BOIS PELLETS H5 PIERRE OLLAIRE - Mosoni-Vuissoz Magie du Feu","robots":{"index":"index","follow":"follow","max-snippet":"max-snippet:-1","max-image-preview":"max-image-preview:large","max-video-preview":"max-video-preview:-1"},"canonical":"https:\/\/magiedufeu.ch\/fr\/produit\/aduro-poele-bois-pellets-h5-pierre-ollaire\/","og_locale":"fr_FR","og_type":"article","og_title":"ADURO POELE BOIS PELLETS H5 PIERRE OLLAIRE - Mosoni-Vuissoz Magie du Feu","og_description":"ADURO POELE BOIS PELLETS H5 PIERRE OLLAIRE Puissance nominale:7,0 kW bois \/ 6,8 kW granul\u00e9s Surface chauff\u00e9e:20-140 m2 Rendement:85% bois \/ 91% granul\u00e9s Diam\u00e8tre de buse \/ sortie dessus et arri\u00e8re:\u00d8150 mm Dimensions en cm (HxLxP):116,7 x 50,3 x 50,6 cm Longueur max des b\u00fbches:37 cm Poids:320 kg","og_url":"https:\/\/magiedufeu.ch\/fr\/produit\/aduro-poele-bois-pellets-h5-pierre-ollaire\/","og_site_name":"Mosoni-Vuissoz Magie du Feu","article_publisher":"https:\/\/www.facebook.com\/magiedufeu.mdf\/","article_modified_time":"2024-09-12T16:05:53+00:00","og_image":[{"width":1080,"height":1080,"url":"https:\/\/magiedufeu.ch\/wp-content\/uploads\/2023\/04\/Design-sans-titre-38.png?wsr","type":"image\/png"}],"twitter_card":"summary_large_image","twitter_misc":{"Dur\u00e9e de lecture estim\u00e9e":"1 minute"},"schema":{"@context":"https:\/\/schema.org","@graph":[{"@type":"WebPage","@id":"https:\/\/magiedufeu.ch\/fr\/produit\/aduro-poele-bois-pellets-h5-pierre-ollaire\/","url":"https:\/\/magiedufeu.ch\/fr\/produit\/aduro-poele-bois-pellets-h5-pierre-ollaire\/","name":"ADURO POELE BOIS PELLETS H5 PIERRE OLLAIRE - Mosoni-Vuissoz Magie du Feu","isPartOf":{"@id":"https:\/\/magiedufeu.ch\/#website"},"primaryImageOfPage":{"@id":"https:\/\/magiedufeu.ch\/fr\/produit\/aduro-poele-bois-pellets-h5-pierre-ollaire\/#primaryimage"},"image":{"@id":"https:\/\/magiedufeu.ch\/fr\/produit\/aduro-poele-bois-pellets-h5-pierre-ollaire\/#primaryimage"},"thumbnailUrl":"https:\/\/magiedufeu.ch\/wp-content\/uploads\/2023\/04\/Design-sans-titre-38.png?wsr","datePublished":"2023-04-25T13:55:00+00:00","dateModified":"2024-09-12T16:05:53+00:00","breadcrumb":{"@id":"https:\/\/magiedufeu.ch\/fr\/produit\/aduro-poele-bois-pellets-h5-pierre-ollaire\/#breadcrumb"},"inLanguage":"fr-FR","potentialAction":[{"@type":"ReadAction","target":["https:\/\/magiedufeu.ch\/fr\/produit\/aduro-poele-bois-pellets-h5-pierre-ollaire\/"]}]},{"@type":"ImageObject","inLanguage":"fr-FR","@id":"https:\/\/magiedufeu.ch\/fr\/produit\/aduro-poele-bois-pellets-h5-pierre-ollaire\/#primaryimage","url":"https:\/\/magiedufeu.ch\/wp-content\/uploads\/2023\/04\/Design-sans-titre-38.png?wsr","contentUrl":"https:\/\/magiedufeu.ch\/wp-content\/uploads\/2023\/04\/Design-sans-titre-38.png?wsr","width":1080,"height":1080},{"@type":"BreadcrumbList","@id":"https:\/\/magiedufeu.ch\/fr\/produit\/aduro-poele-bois-pellets-h5-pierre-ollaire\/#breadcrumb","itemListElement":[{"@type":"ListItem","position":1,"name":"Accueil","item":"https:\/\/magiedufeu.ch\/"},{"@type":"ListItem","position":2,"name":"Boutique","item":"https:\/\/magiedufeu.ch\/fr\/boutique\/"},{"@type":"ListItem","position":3,"name":"ADURO POELE BOIS PELLETS H5 PIERRE OLLAIRE"}]},{"@type":"WebSite","@id":"https:\/\/magiedufeu.ch\/#website","url":"https:\/\/magiedufeu.ch\/","name":"Mosoni-Vuissoz Magie du Feu","description":"","publisher":{"@id":"https:\/\/magiedufeu.ch\/#organization"},"potentialAction":[{"@type":"SearchAction","target":{"@type":"EntryPoint","urlTemplate":"https:\/\/magiedufeu.ch\/?s={search_term_string}"},"query-input":{"@type":"PropertyValueSpecification","valueRequired":true,"valueName":"search_term_string"}}],"inLanguage":"fr-FR"},{"@type":"Organization","@id":"https:\/\/magiedufeu.ch\/#organization","name":"Mosoni-Vuissoz Magie du Feu","url":"https:\/\/magiedufeu.ch\/","logo":{"@type":"ImageObject","inLanguage":"fr-FR","@id":"https:\/\/magiedufeu.ch\/#\/schema\/logo\/image\/","url":"https:\/\/magiedufeu.ch\/wp-content\/uploads\/2021\/06\/Mosoni-Vuissoz-logo-1024x536-1-46d285e0.png","contentUrl":"https:\/\/magiedufeu.ch\/wp-content\/uploads\/2021\/06\/Mosoni-Vuissoz-logo-1024x536-1-46d285e0.png","width":200,"height":105,"caption":"Mosoni-Vuissoz Magie du Feu"},"image":{"@id":"https:\/\/magiedufeu.ch\/#\/schema\/logo\/image\/"},"sameAs":["https:\/\/www.facebook.com\/magiedufeu.mdf\/"]}]}},"_links":{"self":[{"href":"https:\/\/magiedufeu.ch\/fr\/wp-json\/wp\/v2\/product\/4212","targetHints":{"allow":["GET"]}}],"collection":[{"href":"https:\/\/magiedufeu.ch\/fr\/wp-json\/wp\/v2\/product"}],"about":[{"href":"https:\/\/magiedufeu.ch\/fr\/wp-json\/wp\/v2\/types\/product"}],"replies":[{"embeddable":true,"href":"https:\/\/magiedufeu.ch\/fr\/wp-json\/wp\/v2\/comments?post=4212"}],"wp:featuredmedia":[{"embeddable":true,"href":"https:\/\/magiedufeu.ch\/fr\/wp-json\/wp\/v2\/media\/11355"}],"wp:attachment":[{"href":"https:\/\/magiedufeu.ch\/fr\/wp-json\/wp\/v2\/media?parent=4212"}],"wp:term":[{"taxonomy":"product_cat","embeddable":true,"href":"https:\/\/magiedufeu.ch\/fr\/wp-json\/wp\/v2\/product_cat?post=4212"},{"taxonomy":"product_tag","embeddable":true,"href":"https:\/\/magiedufeu.ch\/fr\/wp-json\/wp\/v2\/product_tag?post=4212"}],"curies":[{"name":"wp","href":"https:\/\/api.w.org\/{rel}","templated":true}]}}