{"id":4198,"date":"2000-01-01T00:00:00","date_gmt":"2023-04-25T13:37:00","guid":{"rendered":"https:\/\/magiedufeu.ch\/?post_type=product&#038;p=4198"},"modified":"2026-04-24T09:52:29","modified_gmt":"2026-04-24T09:52:29","slug":"grill-electrique-inox","status":"publish","type":"product","link":"https:\/\/magiedufeu.ch\/fr\/produit\/grill-electrique-inox\/","title":{"rendered":"Grill \u00e9lectrique MAGIC FIRES Inox"},"content":{"rendered":"<h2>Pourquoi choisir le grill \u00e9lectrique Magic Fires Inox :<\/h2>\n<p>Ce grill a une petite taille favorisant son transport et sa praticit\u00e9. Il est tr\u00e8s facile d&#8217;entretien et d&#8217;utilisation. Vous pouvez facilement g\u00e9rer la temp\u00e9rature et ainsi \u00e9viter les aliments br\u00fbl\u00e9s.<\/p>\n<h2>Les avantages du grill \u00e9lectrique Magic Fires :<\/h2>\n<p>Ce grill poss\u00e8de une rampe qui r\u00e9cup\u00e8re les graisses, cela vous permet d&#8217;obtenir des aliments plus sains et de rendre l&#8217;entretien plus simple. D&#8217;un point de vue \u00e9cologique, il produit beaucoup moins d&#8217;\u00e9mission de CO2 que les barbecues aux combustibles fossiles, ce qui le rend plus respectueux de l&#8217;environnement. En lien avec les \u00e9l\u00e9ments cit\u00e9s pr\u00e9c\u00e9demment, il d\u00e9gage moins de fum\u00e9es qu&#8217;un barbecue classique, ce qui est tr\u00e8s arrangeant car \u00e7a ne d\u00e9rangera pas vos voisins.<\/p>\n<p><em>Remarque : les ustensiles de nettoyage, le couvercle et le r\u00e9cup\u00e9rateur de graisse sont inclus.<\/em><\/p>\n<h3>Caract\u00e9ristiques principales du produit :<\/h3>\n<p>Hauteur : 415 mm<\/p>\n<p>Largeur : 700 mm<\/p>\n<p>Profondeur : 220 mm<\/p>\n<p>Puissance : 5,4 kW<\/p>\n<p><u><\/u><u><\/u>Quantit\u00e9 de viande grill\u00e9e : 7,5 (kg\/h)<u><\/u><u><\/u><\/p>\n<p>Temp\u00e9rature r\u00e9glable : 50-320\u00b0C<\/p>\n<p>&nbsp;<\/p>\n<p>&nbsp;<\/p>\n","protected":false},"excerpt":{"rendered":"<p>Hauteur : 415 mm<\/p>\n<p>Largeur : 700 mm<\/p>\n<p>Profondeur : 220 mm<\/p>\n<p>Puissance : 5,4 kW<\/p>\n<p><u><\/u><u><\/u>Quantit\u00e9 de viande grill\u00e9e : 7,5 (kg\/h)<u><\/u><u><\/u><\/p>\n<p>Temp\u00e9rature r\u00e9glable : 50-320\u00b0C<\/p>\n<p>&nbsp;<\/p>\n","protected":false},"featured_media":13547,"comment_status":"closed","ping_status":"closed","template":"","meta":[],"product_cat":[187,151],"product_tag":[2156,2157,588,2142,1256,601,582],"class_list":{"0":"post-4198","1":"product","2":"type-product","3":"status-publish","4":"has-post-thumbnail","6":"product_cat-grills-et-plancha-electriques","7":"product_cat-grills-et-planchas","8":"product_tag-1-5-kg","9":"product_tag-15-90","10":"product_tag-action","11":"product_tag-copeaux-de-fumaison","12":"product_tag-mesquite","13":"product_tag-prix","14":"product_tag-weber","16":"first","17":"instock","18":"taxable","19":"shipping-taxable","20":"purchasable","21":"product-type-simple"},"yoast_head":"<!-- This site is optimized with the Yoast SEO plugin v23.7 - https:\/\/yoast.com\/wordpress\/plugins\/seo\/ -->\n<title>Grill \u00e9lectrique MAGIC FIRES Inox - Mosoni-Vuissoz Magie du Feu<\/title>\n<meta name=\"description\" content=\"Ce grill a une petite taille favorisant son transport et sa praticit\u00e9. Il est tr\u00e8s facile d&#039;entretien et d&#039;utilisation. Vous pouvez facilement g\u00e9rer la temp\u00e9rature et ainsi \u00e9viter les aliments br\u00fbl\u00e9s.\" \/>\n<meta name=\"robots\" content=\"index, follow, max-snippet:-1, max-image-preview:large, max-video-preview:-1\" \/>\n<link rel=\"canonical\" href=\"https:\/\/magiedufeu.ch\/fr\/produit\/grill-electrique-inox\/\" \/>\n<meta property=\"og:locale\" content=\"fr_FR\" \/>\n<meta property=\"og:type\" content=\"article\" \/>\n<meta property=\"og:title\" content=\"Grill \u00e9lectrique MAGIC FIRES Inox - Mosoni-Vuissoz Magie du Feu\" \/>\n<meta property=\"og:description\" content=\"Ce grill a une petite taille favorisant son transport et sa praticit\u00e9. Il est tr\u00e8s facile d&#039;entretien et d&#039;utilisation. Vous pouvez facilement g\u00e9rer la temp\u00e9rature et ainsi \u00e9viter les aliments br\u00fbl\u00e9s.\" \/>\n<meta property=\"og:url\" content=\"https:\/\/magiedufeu.ch\/fr\/produit\/grill-electrique-inox\/\" \/>\n<meta property=\"og:site_name\" content=\"Mosoni-Vuissoz Magie du Feu\" \/>\n<meta property=\"article:publisher\" content=\"https:\/\/www.facebook.com\/magiedufeu.mdf\/\" \/>\n<meta property=\"article:modified_time\" content=\"2026-04-24T09:52:29+00:00\" \/>\n<meta property=\"og:image\" content=\"https:\/\/magiedufeu.ch\/wp-content\/uploads\/2000\/01\/Poids-_-150-kg-Puissance-7-Kw-Rendement-80_8-_-Sortie-de-fumee-150-mm-Largeur-_-600-mm-Profondeur-_-57.webp?wsr\" \/>\n\t<meta property=\"og:image:width\" content=\"1080\" \/>\n\t<meta property=\"og:image:height\" content=\"1080\" \/>\n\t<meta property=\"og:image:type\" content=\"image\/webp\" \/>\n<meta name=\"twitter:card\" content=\"summary_large_image\" \/>\n<meta name=\"twitter:label1\" content=\"Dur\u00e9e de lecture estim\u00e9e\" \/>\n\t<meta name=\"twitter:data1\" content=\"2 minutes\" \/>\n<script type=\"application\/ld+json\" class=\"yoast-schema-graph\">{\"@context\":\"https:\/\/schema.org\",\"@graph\":[{\"@type\":\"WebPage\",\"@id\":\"https:\/\/magiedufeu.ch\/fr\/produit\/grill-electrique-inox\/\",\"url\":\"https:\/\/magiedufeu.ch\/fr\/produit\/grill-electrique-inox\/\",\"name\":\"Grill \u00e9lectrique MAGIC FIRES Inox - Mosoni-Vuissoz Magie du Feu\",\"isPartOf\":{\"@id\":\"https:\/\/magiedufeu.ch\/#website\"},\"primaryImageOfPage\":{\"@id\":\"https:\/\/magiedufeu.ch\/fr\/produit\/grill-electrique-inox\/#primaryimage\"},\"image\":{\"@id\":\"https:\/\/magiedufeu.ch\/fr\/produit\/grill-electrique-inox\/#primaryimage\"},\"thumbnailUrl\":\"https:\/\/magiedufeu.ch\/wp-content\/uploads\/2000\/01\/Poids-_-150-kg-Puissance-7-Kw-Rendement-80_8-_-Sortie-de-fumee-150-mm-Largeur-_-600-mm-Profondeur-_-57.webp?wsr\",\"datePublished\":\"2023-04-25T13:37:00+00:00\",\"dateModified\":\"2026-04-24T09:52:29+00:00\",\"description\":\"Ce grill a une petite taille favorisant son transport et sa praticit\u00e9. Il est tr\u00e8s facile d'entretien et d'utilisation. Vous pouvez facilement g\u00e9rer la temp\u00e9rature et ainsi \u00e9viter les aliments br\u00fbl\u00e9s.\",\"breadcrumb\":{\"@id\":\"https:\/\/magiedufeu.ch\/fr\/produit\/grill-electrique-inox\/#breadcrumb\"},\"inLanguage\":\"fr-FR\",\"potentialAction\":[{\"@type\":\"ReadAction\",\"target\":[\"https:\/\/magiedufeu.ch\/fr\/produit\/grill-electrique-inox\/\"]}]},{\"@type\":\"ImageObject\",\"inLanguage\":\"fr-FR\",\"@id\":\"https:\/\/magiedufeu.ch\/fr\/produit\/grill-electrique-inox\/#primaryimage\",\"url\":\"https:\/\/magiedufeu.ch\/wp-content\/uploads\/2000\/01\/Poids-_-150-kg-Puissance-7-Kw-Rendement-80_8-_-Sortie-de-fumee-150-mm-Largeur-_-600-mm-Profondeur-_-57.webp?wsr\",\"contentUrl\":\"https:\/\/magiedufeu.ch\/wp-content\/uploads\/2000\/01\/Poids-_-150-kg-Puissance-7-Kw-Rendement-80_8-_-Sortie-de-fumee-150-mm-Largeur-_-600-mm-Profondeur-_-57.webp?wsr\",\"width\":1080,\"height\":1080},{\"@type\":\"BreadcrumbList\",\"@id\":\"https:\/\/magiedufeu.ch\/fr\/produit\/grill-electrique-inox\/#breadcrumb\",\"itemListElement\":[{\"@type\":\"ListItem\",\"position\":1,\"name\":\"Accueil\",\"item\":\"https:\/\/magiedufeu.ch\/\"},{\"@type\":\"ListItem\",\"position\":2,\"name\":\"Boutique\",\"item\":\"https:\/\/magiedufeu.ch\/fr\/boutique\/\"},{\"@type\":\"ListItem\",\"position\":3,\"name\":\"Grill \u00e9lectrique MAGIC FIRES Inox\"}]},{\"@type\":\"WebSite\",\"@id\":\"https:\/\/magiedufeu.ch\/#website\",\"url\":\"https:\/\/magiedufeu.ch\/\",\"name\":\"Mosoni-Vuissoz Magie du Feu\",\"description\":\"\",\"publisher\":{\"@id\":\"https:\/\/magiedufeu.ch\/#organization\"},\"potentialAction\":[{\"@type\":\"SearchAction\",\"target\":{\"@type\":\"EntryPoint\",\"urlTemplate\":\"https:\/\/magiedufeu.ch\/?s={search_term_string}\"},\"query-input\":{\"@type\":\"PropertyValueSpecification\",\"valueRequired\":true,\"valueName\":\"search_term_string\"}}],\"inLanguage\":\"fr-FR\"},{\"@type\":\"Organization\",\"@id\":\"https:\/\/magiedufeu.ch\/#organization\",\"name\":\"Mosoni-Vuissoz Magie du Feu\",\"url\":\"https:\/\/magiedufeu.ch\/\",\"logo\":{\"@type\":\"ImageObject\",\"inLanguage\":\"fr-FR\",\"@id\":\"https:\/\/magiedufeu.ch\/#\/schema\/logo\/image\/\",\"url\":\"https:\/\/magiedufeu.ch\/wp-content\/uploads\/2021\/06\/Mosoni-Vuissoz-logo-1024x536-1-46d285e0.png\",\"contentUrl\":\"https:\/\/magiedufeu.ch\/wp-content\/uploads\/2021\/06\/Mosoni-Vuissoz-logo-1024x536-1-46d285e0.png\",\"width\":200,\"height\":105,\"caption\":\"Mosoni-Vuissoz Magie du Feu\"},\"image\":{\"@id\":\"https:\/\/magiedufeu.ch\/#\/schema\/logo\/image\/\"},\"sameAs\":[\"https:\/\/www.facebook.com\/magiedufeu.mdf\/\"]}]}<\/script>\n<!-- \/ Yoast SEO plugin. -->","yoast_head_json":{"title":"Grill \u00e9lectrique MAGIC FIRES Inox - Mosoni-Vuissoz Magie du Feu","description":"Ce grill a une petite taille favorisant son transport et sa praticit\u00e9. Il est tr\u00e8s facile d'entretien et d'utilisation. Vous pouvez facilement g\u00e9rer la temp\u00e9rature et ainsi \u00e9viter les aliments br\u00fbl\u00e9s.","robots":{"index":"index","follow":"follow","max-snippet":"max-snippet:-1","max-image-preview":"max-image-preview:large","max-video-preview":"max-video-preview:-1"},"canonical":"https:\/\/magiedufeu.ch\/fr\/produit\/grill-electrique-inox\/","og_locale":"fr_FR","og_type":"article","og_title":"Grill \u00e9lectrique MAGIC FIRES Inox - Mosoni-Vuissoz Magie du Feu","og_description":"Ce grill a une petite taille favorisant son transport et sa praticit\u00e9. Il est tr\u00e8s facile d'entretien et d'utilisation. Vous pouvez facilement g\u00e9rer la temp\u00e9rature et ainsi \u00e9viter les aliments br\u00fbl\u00e9s.","og_url":"https:\/\/magiedufeu.ch\/fr\/produit\/grill-electrique-inox\/","og_site_name":"Mosoni-Vuissoz Magie du Feu","article_publisher":"https:\/\/www.facebook.com\/magiedufeu.mdf\/","article_modified_time":"2026-04-24T09:52:29+00:00","og_image":[{"width":1080,"height":1080,"url":"https:\/\/magiedufeu.ch\/wp-content\/uploads\/2000\/01\/Poids-_-150-kg-Puissance-7-Kw-Rendement-80_8-_-Sortie-de-fumee-150-mm-Largeur-_-600-mm-Profondeur-_-57.webp?wsr","type":"image\/webp"}],"twitter_card":"summary_large_image","twitter_misc":{"Dur\u00e9e de lecture estim\u00e9e":"2 minutes"},"schema":{"@context":"https:\/\/schema.org","@graph":[{"@type":"WebPage","@id":"https:\/\/magiedufeu.ch\/fr\/produit\/grill-electrique-inox\/","url":"https:\/\/magiedufeu.ch\/fr\/produit\/grill-electrique-inox\/","name":"Grill \u00e9lectrique MAGIC FIRES Inox - Mosoni-Vuissoz Magie du Feu","isPartOf":{"@id":"https:\/\/magiedufeu.ch\/#website"},"primaryImageOfPage":{"@id":"https:\/\/magiedufeu.ch\/fr\/produit\/grill-electrique-inox\/#primaryimage"},"image":{"@id":"https:\/\/magiedufeu.ch\/fr\/produit\/grill-electrique-inox\/#primaryimage"},"thumbnailUrl":"https:\/\/magiedufeu.ch\/wp-content\/uploads\/2000\/01\/Poids-_-150-kg-Puissance-7-Kw-Rendement-80_8-_-Sortie-de-fumee-150-mm-Largeur-_-600-mm-Profondeur-_-57.webp?wsr","datePublished":"2023-04-25T13:37:00+00:00","dateModified":"2026-04-24T09:52:29+00:00","description":"Ce grill a une petite taille favorisant son transport et sa praticit\u00e9. Il est tr\u00e8s facile d'entretien et d'utilisation. Vous pouvez facilement g\u00e9rer la temp\u00e9rature et ainsi \u00e9viter les aliments br\u00fbl\u00e9s.","breadcrumb":{"@id":"https:\/\/magiedufeu.ch\/fr\/produit\/grill-electrique-inox\/#breadcrumb"},"inLanguage":"fr-FR","potentialAction":[{"@type":"ReadAction","target":["https:\/\/magiedufeu.ch\/fr\/produit\/grill-electrique-inox\/"]}]},{"@type":"ImageObject","inLanguage":"fr-FR","@id":"https:\/\/magiedufeu.ch\/fr\/produit\/grill-electrique-inox\/#primaryimage","url":"https:\/\/magiedufeu.ch\/wp-content\/uploads\/2000\/01\/Poids-_-150-kg-Puissance-7-Kw-Rendement-80_8-_-Sortie-de-fumee-150-mm-Largeur-_-600-mm-Profondeur-_-57.webp?wsr","contentUrl":"https:\/\/magiedufeu.ch\/wp-content\/uploads\/2000\/01\/Poids-_-150-kg-Puissance-7-Kw-Rendement-80_8-_-Sortie-de-fumee-150-mm-Largeur-_-600-mm-Profondeur-_-57.webp?wsr","width":1080,"height":1080},{"@type":"BreadcrumbList","@id":"https:\/\/magiedufeu.ch\/fr\/produit\/grill-electrique-inox\/#breadcrumb","itemListElement":[{"@type":"ListItem","position":1,"name":"Accueil","item":"https:\/\/magiedufeu.ch\/"},{"@type":"ListItem","position":2,"name":"Boutique","item":"https:\/\/magiedufeu.ch\/fr\/boutique\/"},{"@type":"ListItem","position":3,"name":"Grill \u00e9lectrique MAGIC FIRES Inox"}]},{"@type":"WebSite","@id":"https:\/\/magiedufeu.ch\/#website","url":"https:\/\/magiedufeu.ch\/","name":"Mosoni-Vuissoz Magie du Feu","description":"","publisher":{"@id":"https:\/\/magiedufeu.ch\/#organization"},"potentialAction":[{"@type":"SearchAction","target":{"@type":"EntryPoint","urlTemplate":"https:\/\/magiedufeu.ch\/?s={search_term_string}"},"query-input":{"@type":"PropertyValueSpecification","valueRequired":true,"valueName":"search_term_string"}}],"inLanguage":"fr-FR"},{"@type":"Organization","@id":"https:\/\/magiedufeu.ch\/#organization","name":"Mosoni-Vuissoz Magie du Feu","url":"https:\/\/magiedufeu.ch\/","logo":{"@type":"ImageObject","inLanguage":"fr-FR","@id":"https:\/\/magiedufeu.ch\/#\/schema\/logo\/image\/","url":"https:\/\/magiedufeu.ch\/wp-content\/uploads\/2021\/06\/Mosoni-Vuissoz-logo-1024x536-1-46d285e0.png","contentUrl":"https:\/\/magiedufeu.ch\/wp-content\/uploads\/2021\/06\/Mosoni-Vuissoz-logo-1024x536-1-46d285e0.png","width":200,"height":105,"caption":"Mosoni-Vuissoz Magie du Feu"},"image":{"@id":"https:\/\/magiedufeu.ch\/#\/schema\/logo\/image\/"},"sameAs":["https:\/\/www.facebook.com\/magiedufeu.mdf\/"]}]}},"_links":{"self":[{"href":"https:\/\/magiedufeu.ch\/fr\/wp-json\/wp\/v2\/product\/4198","targetHints":{"allow":["GET"]}}],"collection":[{"href":"https:\/\/magiedufeu.ch\/fr\/wp-json\/wp\/v2\/product"}],"about":[{"href":"https:\/\/magiedufeu.ch\/fr\/wp-json\/wp\/v2\/types\/product"}],"replies":[{"embeddable":true,"href":"https:\/\/magiedufeu.ch\/fr\/wp-json\/wp\/v2\/comments?post=4198"}],"wp:featuredmedia":[{"embeddable":true,"href":"https:\/\/magiedufeu.ch\/fr\/wp-json\/wp\/v2\/media\/13547"}],"wp:attachment":[{"href":"https:\/\/magiedufeu.ch\/fr\/wp-json\/wp\/v2\/media?parent=4198"}],"wp:term":[{"taxonomy":"product_cat","embeddable":true,"href":"https:\/\/magiedufeu.ch\/fr\/wp-json\/wp\/v2\/product_cat?post=4198"},{"taxonomy":"product_tag","embeddable":true,"href":"https:\/\/magiedufeu.ch\/fr\/wp-json\/wp\/v2\/product_tag?post=4198"}],"curies":[{"name":"wp","href":"https:\/\/api.w.org\/{rel}","templated":true}]}}