{"id":4145,"date":"2023-04-24T14:11:49","date_gmt":"2023-04-24T14:11:49","guid":{"rendered":"https:\/\/magiedufeu.ch\/?post_type=product&#038;p=4145"},"modified":"2023-05-01T15:00:26","modified_gmt":"2023-05-01T15:00:26","slug":"magic-fires-cuisiniere-dexterieur-brakatau","status":"publish","type":"product","link":"https:\/\/magiedufeu.ch\/fr\/produit\/magic-fires-cuisiniere-dexterieur-brakatau\/","title":{"rendered":"MAGIC FIRES PETITE CUISINIERE D&#8217;EXTERIEUR"},"content":{"rendered":"<p>MAGIC FIRES CUISINIERE D&#8217;EXTERIEUR SUR PIEDS EN FONTE AVEC CERCLES&amp;GRILLES POUR GRILLADES<\/p>\n<p>Dimensions:<br \/>\nDiam\u00e8tre po\u00eale: 42 CM<br \/>\nDiam\u00e8tre Grille: 34,7 CM<\/p>\n<p>Poids: 42 KG<\/p>\n<p>Option: Tablette lat\u00e9rale<\/p>\n<p>PDF: <a href=\"https:\/\/magiedufeu.ch\/wp-content\/uploads\/2023\/04\/BRAKATAU-MODE-DEMPLOI-1.pdf\">MODE D&#8217;EMPLOI<\/a><\/p>\n","protected":false},"excerpt":{"rendered":"<p>MAGIC FIRES CUISINIERE D&#8217;EXTERIEUR SUR PIEDS EN FONTE AVEC CERCLES&amp;GRILLES POUR GRILLADES Dimensions: Diam\u00e8tre po\u00eale: 42 CM Diam\u00e8tre Grille: 34,7 CM Poids: 42 KG Option: Tablette lat\u00e9rale PDF: MODE D&#8217;EMPLOI<\/p>\n","protected":false},"featured_media":4152,"comment_status":"closed","ping_status":"closed","template":"","meta":[],"product_cat":[153,151,355,225],"product_tag":[],"class_list":{"0":"post-4145","1":"product","2":"type-product","3":"status-publish","4":"has-post-thumbnail","6":"product_cat-grills-a-charbon-bois","7":"product_cat-grills-et-planchas","8":"product_cat-offres-speciale-startseite","9":"product_cat-offres-speciales","11":"first","12":"instock","13":"taxable","14":"shipping-taxable","15":"purchasable","16":"product-type-variable"},"yoast_head":"<!-- This site is optimized with the Yoast SEO plugin v23.7 - https:\/\/yoast.com\/wordpress\/plugins\/seo\/ -->\n<title>MAGIC FIRES PETITE CUISINIERE D&#039;EXTERIEUR - Mosoni-Vuissoz Magie du Feu<\/title>\n<meta name=\"robots\" content=\"index, follow, max-snippet:-1, max-image-preview:large, max-video-preview:-1\" \/>\n<link rel=\"canonical\" href=\"https:\/\/magiedufeu.ch\/fr\/produit\/magic-fires-cuisiniere-dexterieur-brakatau\/\" \/>\n<meta property=\"og:locale\" content=\"fr_FR\" \/>\n<meta property=\"og:type\" content=\"article\" \/>\n<meta property=\"og:title\" content=\"MAGIC FIRES PETITE CUISINIERE D&#039;EXTERIEUR - Mosoni-Vuissoz Magie du Feu\" \/>\n<meta property=\"og:description\" content=\"MAGIC FIRES CUISINIERE D&#8217;EXTERIEUR SUR PIEDS EN FONTE AVEC CERCLES&amp;GRILLES POUR GRILLADES Dimensions: Diam\u00e8tre po\u00eale: 42 CM Diam\u00e8tre Grille: 34,7 CM Poids: 42 KG Option: Tablette lat\u00e9rale PDF: MODE D&#8217;EMPLOI\" \/>\n<meta property=\"og:url\" content=\"https:\/\/magiedufeu.ch\/fr\/produit\/magic-fires-cuisiniere-dexterieur-brakatau\/\" \/>\n<meta property=\"og:site_name\" content=\"Mosoni-Vuissoz Magie du Feu\" \/>\n<meta property=\"article:publisher\" content=\"https:\/\/www.facebook.com\/magiedufeu.mdf\/\" \/>\n<meta property=\"article:modified_time\" content=\"2023-05-01T15:00:26+00:00\" \/>\n<meta property=\"og:image\" content=\"https:\/\/magiedufeu.ch\/wp-content\/uploads\/2023\/04\/PHOTO-1-BRAKATAU-736x1024.png\" \/>\n\t<meta property=\"og:image:width\" content=\"736\" \/>\n\t<meta property=\"og:image:height\" content=\"1024\" \/>\n\t<meta property=\"og:image:type\" content=\"image\/png\" \/>\n<meta name=\"twitter:card\" content=\"summary_large_image\" \/>\n<script type=\"application\/ld+json\" class=\"yoast-schema-graph\">{\"@context\":\"https:\/\/schema.org\",\"@graph\":[{\"@type\":\"WebPage\",\"@id\":\"https:\/\/magiedufeu.ch\/fr\/produit\/magic-fires-cuisiniere-dexterieur-brakatau\/\",\"url\":\"https:\/\/magiedufeu.ch\/fr\/produit\/magic-fires-cuisiniere-dexterieur-brakatau\/\",\"name\":\"MAGIC FIRES PETITE CUISINIERE D'EXTERIEUR - Mosoni-Vuissoz Magie du Feu\",\"isPartOf\":{\"@id\":\"https:\/\/magiedufeu.ch\/#website\"},\"primaryImageOfPage\":{\"@id\":\"https:\/\/magiedufeu.ch\/fr\/produit\/magic-fires-cuisiniere-dexterieur-brakatau\/#primaryimage\"},\"image\":{\"@id\":\"https:\/\/magiedufeu.ch\/fr\/produit\/magic-fires-cuisiniere-dexterieur-brakatau\/#primaryimage\"},\"thumbnailUrl\":\"https:\/\/magiedufeu.ch\/wp-content\/uploads\/2023\/04\/PHOTO-1-BRAKATAU.png?wsr\",\"datePublished\":\"2023-04-24T14:11:49+00:00\",\"dateModified\":\"2023-05-01T15:00:26+00:00\",\"breadcrumb\":{\"@id\":\"https:\/\/magiedufeu.ch\/fr\/produit\/magic-fires-cuisiniere-dexterieur-brakatau\/#breadcrumb\"},\"inLanguage\":\"fr-FR\",\"potentialAction\":[{\"@type\":\"ReadAction\",\"target\":[\"https:\/\/magiedufeu.ch\/fr\/produit\/magic-fires-cuisiniere-dexterieur-brakatau\/\"]}]},{\"@type\":\"ImageObject\",\"inLanguage\":\"fr-FR\",\"@id\":\"https:\/\/magiedufeu.ch\/fr\/produit\/magic-fires-cuisiniere-dexterieur-brakatau\/#primaryimage\",\"url\":\"https:\/\/magiedufeu.ch\/wp-content\/uploads\/2023\/04\/PHOTO-1-BRAKATAU.png?wsr\",\"contentUrl\":\"https:\/\/magiedufeu.ch\/wp-content\/uploads\/2023\/04\/PHOTO-1-BRAKATAU.png?wsr\",\"width\":1200,\"height\":1669},{\"@type\":\"BreadcrumbList\",\"@id\":\"https:\/\/magiedufeu.ch\/fr\/produit\/magic-fires-cuisiniere-dexterieur-brakatau\/#breadcrumb\",\"itemListElement\":[{\"@type\":\"ListItem\",\"position\":1,\"name\":\"Accueil\",\"item\":\"https:\/\/magiedufeu.ch\/\"},{\"@type\":\"ListItem\",\"position\":2,\"name\":\"Boutique\",\"item\":\"https:\/\/magiedufeu.ch\/fr\/boutique\/\"},{\"@type\":\"ListItem\",\"position\":3,\"name\":\"MAGIC FIRES PETITE CUISINIERE D&rsquo;EXTERIEUR\"}]},{\"@type\":\"WebSite\",\"@id\":\"https:\/\/magiedufeu.ch\/#website\",\"url\":\"https:\/\/magiedufeu.ch\/\",\"name\":\"Mosoni-Vuissoz Magie du Feu\",\"description\":\"\",\"publisher\":{\"@id\":\"https:\/\/magiedufeu.ch\/#organization\"},\"potentialAction\":[{\"@type\":\"SearchAction\",\"target\":{\"@type\":\"EntryPoint\",\"urlTemplate\":\"https:\/\/magiedufeu.ch\/?s={search_term_string}\"},\"query-input\":{\"@type\":\"PropertyValueSpecification\",\"valueRequired\":true,\"valueName\":\"search_term_string\"}}],\"inLanguage\":\"fr-FR\"},{\"@type\":\"Organization\",\"@id\":\"https:\/\/magiedufeu.ch\/#organization\",\"name\":\"Mosoni-Vuissoz Magie du Feu\",\"url\":\"https:\/\/magiedufeu.ch\/\",\"logo\":{\"@type\":\"ImageObject\",\"inLanguage\":\"fr-FR\",\"@id\":\"https:\/\/magiedufeu.ch\/#\/schema\/logo\/image\/\",\"url\":\"https:\/\/magiedufeu.ch\/wp-content\/uploads\/2021\/06\/Mosoni-Vuissoz-logo-1024x536-1-46d285e0.png\",\"contentUrl\":\"https:\/\/magiedufeu.ch\/wp-content\/uploads\/2021\/06\/Mosoni-Vuissoz-logo-1024x536-1-46d285e0.png\",\"width\":200,\"height\":105,\"caption\":\"Mosoni-Vuissoz Magie du Feu\"},\"image\":{\"@id\":\"https:\/\/magiedufeu.ch\/#\/schema\/logo\/image\/\"},\"sameAs\":[\"https:\/\/www.facebook.com\/magiedufeu.mdf\/\"]}]}<\/script>\n<!-- \/ Yoast SEO plugin. -->","yoast_head_json":{"title":"MAGIC FIRES PETITE CUISINIERE D'EXTERIEUR - Mosoni-Vuissoz Magie du Feu","robots":{"index":"index","follow":"follow","max-snippet":"max-snippet:-1","max-image-preview":"max-image-preview:large","max-video-preview":"max-video-preview:-1"},"canonical":"https:\/\/magiedufeu.ch\/fr\/produit\/magic-fires-cuisiniere-dexterieur-brakatau\/","og_locale":"fr_FR","og_type":"article","og_title":"MAGIC FIRES PETITE CUISINIERE D'EXTERIEUR - Mosoni-Vuissoz Magie du Feu","og_description":"MAGIC FIRES CUISINIERE D&#8217;EXTERIEUR SUR PIEDS EN FONTE AVEC CERCLES&amp;GRILLES POUR GRILLADES Dimensions: Diam\u00e8tre po\u00eale: 42 CM Diam\u00e8tre Grille: 34,7 CM Poids: 42 KG Option: Tablette lat\u00e9rale PDF: MODE D&#8217;EMPLOI","og_url":"https:\/\/magiedufeu.ch\/fr\/produit\/magic-fires-cuisiniere-dexterieur-brakatau\/","og_site_name":"Mosoni-Vuissoz Magie du Feu","article_publisher":"https:\/\/www.facebook.com\/magiedufeu.mdf\/","article_modified_time":"2023-05-01T15:00:26+00:00","og_image":[{"width":736,"height":1024,"url":"https:\/\/magiedufeu.ch\/wp-content\/uploads\/2023\/04\/PHOTO-1-BRAKATAU-736x1024.png","type":"image\/png"}],"twitter_card":"summary_large_image","schema":{"@context":"https:\/\/schema.org","@graph":[{"@type":"WebPage","@id":"https:\/\/magiedufeu.ch\/fr\/produit\/magic-fires-cuisiniere-dexterieur-brakatau\/","url":"https:\/\/magiedufeu.ch\/fr\/produit\/magic-fires-cuisiniere-dexterieur-brakatau\/","name":"MAGIC FIRES PETITE CUISINIERE D'EXTERIEUR - Mosoni-Vuissoz Magie du Feu","isPartOf":{"@id":"https:\/\/magiedufeu.ch\/#website"},"primaryImageOfPage":{"@id":"https:\/\/magiedufeu.ch\/fr\/produit\/magic-fires-cuisiniere-dexterieur-brakatau\/#primaryimage"},"image":{"@id":"https:\/\/magiedufeu.ch\/fr\/produit\/magic-fires-cuisiniere-dexterieur-brakatau\/#primaryimage"},"thumbnailUrl":"https:\/\/magiedufeu.ch\/wp-content\/uploads\/2023\/04\/PHOTO-1-BRAKATAU.png?wsr","datePublished":"2023-04-24T14:11:49+00:00","dateModified":"2023-05-01T15:00:26+00:00","breadcrumb":{"@id":"https:\/\/magiedufeu.ch\/fr\/produit\/magic-fires-cuisiniere-dexterieur-brakatau\/#breadcrumb"},"inLanguage":"fr-FR","potentialAction":[{"@type":"ReadAction","target":["https:\/\/magiedufeu.ch\/fr\/produit\/magic-fires-cuisiniere-dexterieur-brakatau\/"]}]},{"@type":"ImageObject","inLanguage":"fr-FR","@id":"https:\/\/magiedufeu.ch\/fr\/produit\/magic-fires-cuisiniere-dexterieur-brakatau\/#primaryimage","url":"https:\/\/magiedufeu.ch\/wp-content\/uploads\/2023\/04\/PHOTO-1-BRAKATAU.png?wsr","contentUrl":"https:\/\/magiedufeu.ch\/wp-content\/uploads\/2023\/04\/PHOTO-1-BRAKATAU.png?wsr","width":1200,"height":1669},{"@type":"BreadcrumbList","@id":"https:\/\/magiedufeu.ch\/fr\/produit\/magic-fires-cuisiniere-dexterieur-brakatau\/#breadcrumb","itemListElement":[{"@type":"ListItem","position":1,"name":"Accueil","item":"https:\/\/magiedufeu.ch\/"},{"@type":"ListItem","position":2,"name":"Boutique","item":"https:\/\/magiedufeu.ch\/fr\/boutique\/"},{"@type":"ListItem","position":3,"name":"MAGIC FIRES PETITE CUISINIERE D&rsquo;EXTERIEUR"}]},{"@type":"WebSite","@id":"https:\/\/magiedufeu.ch\/#website","url":"https:\/\/magiedufeu.ch\/","name":"Mosoni-Vuissoz Magie du Feu","description":"","publisher":{"@id":"https:\/\/magiedufeu.ch\/#organization"},"potentialAction":[{"@type":"SearchAction","target":{"@type":"EntryPoint","urlTemplate":"https:\/\/magiedufeu.ch\/?s={search_term_string}"},"query-input":{"@type":"PropertyValueSpecification","valueRequired":true,"valueName":"search_term_string"}}],"inLanguage":"fr-FR"},{"@type":"Organization","@id":"https:\/\/magiedufeu.ch\/#organization","name":"Mosoni-Vuissoz Magie du Feu","url":"https:\/\/magiedufeu.ch\/","logo":{"@type":"ImageObject","inLanguage":"fr-FR","@id":"https:\/\/magiedufeu.ch\/#\/schema\/logo\/image\/","url":"https:\/\/magiedufeu.ch\/wp-content\/uploads\/2021\/06\/Mosoni-Vuissoz-logo-1024x536-1-46d285e0.png","contentUrl":"https:\/\/magiedufeu.ch\/wp-content\/uploads\/2021\/06\/Mosoni-Vuissoz-logo-1024x536-1-46d285e0.png","width":200,"height":105,"caption":"Mosoni-Vuissoz Magie du Feu"},"image":{"@id":"https:\/\/magiedufeu.ch\/#\/schema\/logo\/image\/"},"sameAs":["https:\/\/www.facebook.com\/magiedufeu.mdf\/"]}]}},"_links":{"self":[{"href":"https:\/\/magiedufeu.ch\/fr\/wp-json\/wp\/v2\/product\/4145","targetHints":{"allow":["GET"]}}],"collection":[{"href":"https:\/\/magiedufeu.ch\/fr\/wp-json\/wp\/v2\/product"}],"about":[{"href":"https:\/\/magiedufeu.ch\/fr\/wp-json\/wp\/v2\/types\/product"}],"replies":[{"embeddable":true,"href":"https:\/\/magiedufeu.ch\/fr\/wp-json\/wp\/v2\/comments?post=4145"}],"wp:featuredmedia":[{"embeddable":true,"href":"https:\/\/magiedufeu.ch\/fr\/wp-json\/wp\/v2\/media\/4152"}],"wp:attachment":[{"href":"https:\/\/magiedufeu.ch\/fr\/wp-json\/wp\/v2\/media?parent=4145"}],"wp:term":[{"taxonomy":"product_cat","embeddable":true,"href":"https:\/\/magiedufeu.ch\/fr\/wp-json\/wp\/v2\/product_cat?post=4145"},{"taxonomy":"product_tag","embeddable":true,"href":"https:\/\/magiedufeu.ch\/fr\/wp-json\/wp\/v2\/product_tag?post=4145"}],"curies":[{"name":"wp","href":"https:\/\/api.w.org\/{rel}","templated":true}]}}