{"id":4084,"date":"2000-01-01T00:00:00","date_gmt":"2023-04-13T13:11:00","guid":{"rendered":"https:\/\/magiedufeu.ch\/?post_type=product&#038;p=4084"},"modified":"2026-03-14T10:00:12","modified_gmt":"2026-03-14T10:00:12","slug":"poele-hybride-h3-aduro","status":"publish","type":"product","link":"https:\/\/magiedufeu.ch\/fr\/produit\/poele-hybride-h3-aduro\/","title":{"rendered":"Po\u00eale Hybride H3 ADURO"},"content":{"rendered":"<h2>Pourquoi choisir le po\u00eale hybride H3 Aduro ?<\/h2>\n<p>Dot\u00e9 de trois vitres en verre, ce po\u00eale offre une vue panoramique sur les flammes dans toutes les directions, cr\u00e9ant ainsi une ambiance chaleureuse et conviviale dans votre espace de vie. Sa conception en m\u00e9tal noir ajoute une touche d&#8217;\u00e9l\u00e9gance et s&#8217;int\u00e8gre parfaitement \u00e0 tout type de d\u00e9coration int\u00e9rieure.<\/p>\n<h2>Les avantages du po\u00eale hybride H3 Aduro :<\/h2>\n<p>Avec sa fonctionnalit\u00e9 hybride, vous pouvez choisir d&#8217;utiliser le bois pour la beaut\u00e9 des flammes ou les granul\u00e9s pour leur c\u00f4t\u00e9 pratique car, gr\u00e2ce \u00e0 eux, il est possible d&#8217;allumer le po\u00eale \u00e0 distance de sorte \u00e0 ce que vous arriviez dans votre maison d\u00e9j\u00e0 chauff\u00e9e. Ce po\u00eale est \u00e9galement tr\u00e8s pratique \u00e0 utiliser, il dispose d&#8217;un panneau de contr\u00f4le qui vous permet de r\u00e9gler facilement la temp\u00e9rature et la puissance de chauffage selon vos besoins. De plus, il est \u00e9quip\u00e9 d&#8217;un syst\u00e8me de nettoyage automatique qui facilite l&#8217;entretien et prolonge la dur\u00e9e de vie du po\u00eale.<\/p>\n<h3>Caract\u00e9ristiques principales du produit :<\/h3>\n<p>Hauteur : 1200 mm<\/p>\n<p>Largeur : 500 mm<\/p>\n<p>Profondeur : 508 mm<\/p>\n<p>Poids : 129 kg<\/p>\n<p>Puissance : 7 kW bois \/ 6.8 kW granul\u00e9s<\/p>\n<p>Rendement : &gt; 80 % bois \/ &gt; 87 % granul\u00e9s<\/p>\n<p>&nbsp;<\/p>\n<p><strong><a href=\"https:\/\/magiedufeu.ch\/wp-content\/uploads\/2023\/04\/Design-sans-titre-14.pdf\">FICHE TECHNIQUE.H3<\/a><\/strong><\/p>\n<p style=\"font-weight: 400;\">\n","protected":false},"excerpt":{"rendered":"<p>Hauteur : 1200 mm<\/p>\n<p>Largeur : 500 mm<\/p>\n<p>Profondeur : 508 mm<\/p>\n<p>Poids : 129 kg<\/p>\n<p>Puissance : 7 kW bois \/ 6.8 kW granul\u00e9s<\/p>\n<p>Rendement : &gt; 80 % bois \/ &gt; 87 % granul\u00e9s<\/p>\n","protected":false},"featured_media":10768,"comment_status":"closed","ping_status":"closed","template":"","meta":[],"product_cat":[209,207],"product_tag":[3398,1575,3405,1339,3396,1574],"class_list":{"0":"post-4084","1":"product","2":"type-product","3":"status-publish","4":"has-post-thumbnail","6":"product_cat-hybride","7":"product_cat-poeles","8":"product_tag-130mm","9":"product_tag-2mm","10":"product_tag-d180-150","11":"product_tag-long","12":"product_tag-reduction","13":"product_tag-senotherm","15":"first","16":"instock","17":"taxable","18":"shipping-taxable","19":"product-type-simple"},"yoast_head":"<!-- This site is optimized with the Yoast SEO plugin v23.7 - https:\/\/yoast.com\/wordpress\/plugins\/seo\/ -->\n<title>Po\u00eale Hybride H3 ADURO - Mosoni-Vuissoz Magie du Feu<\/title>\n<meta name=\"description\" content=\"Dot\u00e9 de trois vitres en verre, ce po\u00eale offre une vue panoramique sur les flammes dans toutes les directions, cr\u00e9ant ainsi une ambiance chaleureuse et ...\" \/>\n<meta name=\"robots\" content=\"index, follow, max-snippet:-1, max-image-preview:large, max-video-preview:-1\" \/>\n<link rel=\"canonical\" href=\"https:\/\/magiedufeu.ch\/fr\/produit\/poele-hybride-h3-aduro\/\" \/>\n<meta property=\"og:locale\" content=\"fr_FR\" \/>\n<meta property=\"og:type\" content=\"article\" \/>\n<meta property=\"og:title\" content=\"Po\u00eale Hybride H3 ADURO - Mosoni-Vuissoz Magie du Feu\" \/>\n<meta property=\"og:description\" content=\"Dot\u00e9 de trois vitres en verre, ce po\u00eale offre une vue panoramique sur les flammes dans toutes les directions, cr\u00e9ant ainsi une ambiance chaleureuse et ...\" \/>\n<meta property=\"og:url\" content=\"https:\/\/magiedufeu.ch\/fr\/produit\/poele-hybride-h3-aduro\/\" \/>\n<meta property=\"og:site_name\" content=\"Mosoni-Vuissoz Magie du Feu\" \/>\n<meta property=\"article:publisher\" content=\"https:\/\/www.facebook.com\/magiedufeu.mdf\/\" \/>\n<meta property=\"article:modified_time\" content=\"2026-03-14T10:00:12+00:00\" \/>\n<meta property=\"og:image\" content=\"https:\/\/magiedufeu.ch\/wp-content\/uploads\/2024\/09\/aduro-h3-deluxe.jpg?wsr\" \/>\n\t<meta property=\"og:image:width\" content=\"500\" \/>\n\t<meta property=\"og:image:height\" content=\"526\" \/>\n\t<meta property=\"og:image:type\" content=\"image\/jpeg\" \/>\n<meta name=\"twitter:card\" content=\"summary_large_image\" \/>\n<meta name=\"twitter:label1\" content=\"Dur\u00e9e de lecture estim\u00e9e\" \/>\n\t<meta name=\"twitter:data1\" content=\"2 minutes\" \/>\n<script type=\"application\/ld+json\" class=\"yoast-schema-graph\">{\"@context\":\"https:\/\/schema.org\",\"@graph\":[{\"@type\":\"WebPage\",\"@id\":\"https:\/\/magiedufeu.ch\/fr\/produit\/poele-hybride-h3-aduro\/\",\"url\":\"https:\/\/magiedufeu.ch\/fr\/produit\/poele-hybride-h3-aduro\/\",\"name\":\"Po\u00eale Hybride H3 ADURO - Mosoni-Vuissoz Magie du Feu\",\"isPartOf\":{\"@id\":\"https:\/\/magiedufeu.ch\/#website\"},\"primaryImageOfPage\":{\"@id\":\"https:\/\/magiedufeu.ch\/fr\/produit\/poele-hybride-h3-aduro\/#primaryimage\"},\"image\":{\"@id\":\"https:\/\/magiedufeu.ch\/fr\/produit\/poele-hybride-h3-aduro\/#primaryimage\"},\"thumbnailUrl\":\"https:\/\/magiedufeu.ch\/wp-content\/uploads\/2024\/09\/aduro-h3-deluxe.jpg?wsr\",\"datePublished\":\"2023-04-13T13:11:00+00:00\",\"dateModified\":\"2026-03-14T10:00:12+00:00\",\"description\":\"Dot\u00e9 de trois vitres en verre, ce po\u00eale offre une vue panoramique sur les flammes dans toutes les directions, cr\u00e9ant ainsi une ambiance chaleureuse et ...\",\"breadcrumb\":{\"@id\":\"https:\/\/magiedufeu.ch\/fr\/produit\/poele-hybride-h3-aduro\/#breadcrumb\"},\"inLanguage\":\"fr-FR\",\"potentialAction\":[{\"@type\":\"ReadAction\",\"target\":[\"https:\/\/magiedufeu.ch\/fr\/produit\/poele-hybride-h3-aduro\/\"]}]},{\"@type\":\"ImageObject\",\"inLanguage\":\"fr-FR\",\"@id\":\"https:\/\/magiedufeu.ch\/fr\/produit\/poele-hybride-h3-aduro\/#primaryimage\",\"url\":\"https:\/\/magiedufeu.ch\/wp-content\/uploads\/2024\/09\/aduro-h3-deluxe.jpg?wsr\",\"contentUrl\":\"https:\/\/magiedufeu.ch\/wp-content\/uploads\/2024\/09\/aduro-h3-deluxe.jpg?wsr\",\"width\":500,\"height\":526},{\"@type\":\"BreadcrumbList\",\"@id\":\"https:\/\/magiedufeu.ch\/fr\/produit\/poele-hybride-h3-aduro\/#breadcrumb\",\"itemListElement\":[{\"@type\":\"ListItem\",\"position\":1,\"name\":\"Accueil\",\"item\":\"https:\/\/magiedufeu.ch\/\"},{\"@type\":\"ListItem\",\"position\":2,\"name\":\"Boutique\",\"item\":\"https:\/\/magiedufeu.ch\/fr\/boutique\/\"},{\"@type\":\"ListItem\",\"position\":3,\"name\":\"Po\u00eale Hybride H3 ADURO\"}]},{\"@type\":\"WebSite\",\"@id\":\"https:\/\/magiedufeu.ch\/#website\",\"url\":\"https:\/\/magiedufeu.ch\/\",\"name\":\"Mosoni-Vuissoz Magie du Feu\",\"description\":\"\",\"publisher\":{\"@id\":\"https:\/\/magiedufeu.ch\/#organization\"},\"potentialAction\":[{\"@type\":\"SearchAction\",\"target\":{\"@type\":\"EntryPoint\",\"urlTemplate\":\"https:\/\/magiedufeu.ch\/?s={search_term_string}\"},\"query-input\":{\"@type\":\"PropertyValueSpecification\",\"valueRequired\":true,\"valueName\":\"search_term_string\"}}],\"inLanguage\":\"fr-FR\"},{\"@type\":\"Organization\",\"@id\":\"https:\/\/magiedufeu.ch\/#organization\",\"name\":\"Mosoni-Vuissoz Magie du Feu\",\"url\":\"https:\/\/magiedufeu.ch\/\",\"logo\":{\"@type\":\"ImageObject\",\"inLanguage\":\"fr-FR\",\"@id\":\"https:\/\/magiedufeu.ch\/#\/schema\/logo\/image\/\",\"url\":\"https:\/\/magiedufeu.ch\/wp-content\/uploads\/2021\/06\/Mosoni-Vuissoz-logo-1024x536-1-46d285e0.png\",\"contentUrl\":\"https:\/\/magiedufeu.ch\/wp-content\/uploads\/2021\/06\/Mosoni-Vuissoz-logo-1024x536-1-46d285e0.png\",\"width\":200,\"height\":105,\"caption\":\"Mosoni-Vuissoz Magie du Feu\"},\"image\":{\"@id\":\"https:\/\/magiedufeu.ch\/#\/schema\/logo\/image\/\"},\"sameAs\":[\"https:\/\/www.facebook.com\/magiedufeu.mdf\/\"]}]}<\/script>\n<!-- \/ Yoast SEO plugin. -->","yoast_head_json":{"title":"Po\u00eale Hybride H3 ADURO - Mosoni-Vuissoz Magie du Feu","description":"Dot\u00e9 de trois vitres en verre, ce po\u00eale offre une vue panoramique sur les flammes dans toutes les directions, cr\u00e9ant ainsi une ambiance chaleureuse et ...","robots":{"index":"index","follow":"follow","max-snippet":"max-snippet:-1","max-image-preview":"max-image-preview:large","max-video-preview":"max-video-preview:-1"},"canonical":"https:\/\/magiedufeu.ch\/fr\/produit\/poele-hybride-h3-aduro\/","og_locale":"fr_FR","og_type":"article","og_title":"Po\u00eale Hybride H3 ADURO - Mosoni-Vuissoz Magie du Feu","og_description":"Dot\u00e9 de trois vitres en verre, ce po\u00eale offre une vue panoramique sur les flammes dans toutes les directions, cr\u00e9ant ainsi une ambiance chaleureuse et ...","og_url":"https:\/\/magiedufeu.ch\/fr\/produit\/poele-hybride-h3-aduro\/","og_site_name":"Mosoni-Vuissoz Magie du Feu","article_publisher":"https:\/\/www.facebook.com\/magiedufeu.mdf\/","article_modified_time":"2026-03-14T10:00:12+00:00","og_image":[{"width":500,"height":526,"url":"https:\/\/magiedufeu.ch\/wp-content\/uploads\/2024\/09\/aduro-h3-deluxe.jpg?wsr","type":"image\/jpeg"}],"twitter_card":"summary_large_image","twitter_misc":{"Dur\u00e9e de lecture estim\u00e9e":"2 minutes"},"schema":{"@context":"https:\/\/schema.org","@graph":[{"@type":"WebPage","@id":"https:\/\/magiedufeu.ch\/fr\/produit\/poele-hybride-h3-aduro\/","url":"https:\/\/magiedufeu.ch\/fr\/produit\/poele-hybride-h3-aduro\/","name":"Po\u00eale Hybride H3 ADURO - Mosoni-Vuissoz Magie du Feu","isPartOf":{"@id":"https:\/\/magiedufeu.ch\/#website"},"primaryImageOfPage":{"@id":"https:\/\/magiedufeu.ch\/fr\/produit\/poele-hybride-h3-aduro\/#primaryimage"},"image":{"@id":"https:\/\/magiedufeu.ch\/fr\/produit\/poele-hybride-h3-aduro\/#primaryimage"},"thumbnailUrl":"https:\/\/magiedufeu.ch\/wp-content\/uploads\/2024\/09\/aduro-h3-deluxe.jpg?wsr","datePublished":"2023-04-13T13:11:00+00:00","dateModified":"2026-03-14T10:00:12+00:00","description":"Dot\u00e9 de trois vitres en verre, ce po\u00eale offre une vue panoramique sur les flammes dans toutes les directions, cr\u00e9ant ainsi une ambiance chaleureuse et ...","breadcrumb":{"@id":"https:\/\/magiedufeu.ch\/fr\/produit\/poele-hybride-h3-aduro\/#breadcrumb"},"inLanguage":"fr-FR","potentialAction":[{"@type":"ReadAction","target":["https:\/\/magiedufeu.ch\/fr\/produit\/poele-hybride-h3-aduro\/"]}]},{"@type":"ImageObject","inLanguage":"fr-FR","@id":"https:\/\/magiedufeu.ch\/fr\/produit\/poele-hybride-h3-aduro\/#primaryimage","url":"https:\/\/magiedufeu.ch\/wp-content\/uploads\/2024\/09\/aduro-h3-deluxe.jpg?wsr","contentUrl":"https:\/\/magiedufeu.ch\/wp-content\/uploads\/2024\/09\/aduro-h3-deluxe.jpg?wsr","width":500,"height":526},{"@type":"BreadcrumbList","@id":"https:\/\/magiedufeu.ch\/fr\/produit\/poele-hybride-h3-aduro\/#breadcrumb","itemListElement":[{"@type":"ListItem","position":1,"name":"Accueil","item":"https:\/\/magiedufeu.ch\/"},{"@type":"ListItem","position":2,"name":"Boutique","item":"https:\/\/magiedufeu.ch\/fr\/boutique\/"},{"@type":"ListItem","position":3,"name":"Po\u00eale Hybride H3 ADURO"}]},{"@type":"WebSite","@id":"https:\/\/magiedufeu.ch\/#website","url":"https:\/\/magiedufeu.ch\/","name":"Mosoni-Vuissoz Magie du Feu","description":"","publisher":{"@id":"https:\/\/magiedufeu.ch\/#organization"},"potentialAction":[{"@type":"SearchAction","target":{"@type":"EntryPoint","urlTemplate":"https:\/\/magiedufeu.ch\/?s={search_term_string}"},"query-input":{"@type":"PropertyValueSpecification","valueRequired":true,"valueName":"search_term_string"}}],"inLanguage":"fr-FR"},{"@type":"Organization","@id":"https:\/\/magiedufeu.ch\/#organization","name":"Mosoni-Vuissoz Magie du Feu","url":"https:\/\/magiedufeu.ch\/","logo":{"@type":"ImageObject","inLanguage":"fr-FR","@id":"https:\/\/magiedufeu.ch\/#\/schema\/logo\/image\/","url":"https:\/\/magiedufeu.ch\/wp-content\/uploads\/2021\/06\/Mosoni-Vuissoz-logo-1024x536-1-46d285e0.png","contentUrl":"https:\/\/magiedufeu.ch\/wp-content\/uploads\/2021\/06\/Mosoni-Vuissoz-logo-1024x536-1-46d285e0.png","width":200,"height":105,"caption":"Mosoni-Vuissoz Magie du Feu"},"image":{"@id":"https:\/\/magiedufeu.ch\/#\/schema\/logo\/image\/"},"sameAs":["https:\/\/www.facebook.com\/magiedufeu.mdf\/"]}]}},"_links":{"self":[{"href":"https:\/\/magiedufeu.ch\/fr\/wp-json\/wp\/v2\/product\/4084","targetHints":{"allow":["GET"]}}],"collection":[{"href":"https:\/\/magiedufeu.ch\/fr\/wp-json\/wp\/v2\/product"}],"about":[{"href":"https:\/\/magiedufeu.ch\/fr\/wp-json\/wp\/v2\/types\/product"}],"replies":[{"embeddable":true,"href":"https:\/\/magiedufeu.ch\/fr\/wp-json\/wp\/v2\/comments?post=4084"}],"wp:featuredmedia":[{"embeddable":true,"href":"https:\/\/magiedufeu.ch\/fr\/wp-json\/wp\/v2\/media\/10768"}],"wp:attachment":[{"href":"https:\/\/magiedufeu.ch\/fr\/wp-json\/wp\/v2\/media?parent=4084"}],"wp:term":[{"taxonomy":"product_cat","embeddable":true,"href":"https:\/\/magiedufeu.ch\/fr\/wp-json\/wp\/v2\/product_cat?post=4084"},{"taxonomy":"product_tag","embeddable":true,"href":"https:\/\/magiedufeu.ch\/fr\/wp-json\/wp\/v2\/product_tag?post=4084"}],"curies":[{"name":"wp","href":"https:\/\/api.w.org\/{rel}","templated":true}]}}