{"id":4079,"date":"2000-01-01T00:00:00","date_gmt":"2023-04-13T13:04:00","guid":{"rendered":"https:\/\/magiedufeu.ch\/?post_type=product&#038;p=4079"},"modified":"2026-03-05T07:55:16","modified_gmt":"2026-03-05T07:55:16","slug":"poele-hybride-paro-rika-pierre-ollaire","status":"publish","type":"product","link":"https:\/\/magiedufeu.ch\/fr\/produit\/poele-hybride-paro-rika-pierre-ollaire\/","title":{"rendered":"Po\u00eale Hybride PARO RIKA Pierre Ollaire"},"content":{"rendered":"<h2>Pourquoi choisir le po\u00eale hybride Paro Rika ?<\/h2>\n<p>Le po\u00eale mixte Paro, tr\u00e8s esth\u00e9tique, allie les avantages d&#8217;un po\u00eale \u00e0 bois et ceux d&#8217;un po\u00eale \u00e0 pellets. Sa technologie combine un double syst\u00e8me de chauffage \u00e0 un incomparable confort d&#8217;utilisation et un allumage rapide.<\/p>\n<h2>Les avantages du po\u00eale hybride Paro Rika :<\/h2>\n<p>Ce po\u00eale poss\u00e8de un r\u00e9servoir \u00e0 pellets de 30 kg. Il a un syst\u00e8me d&#8217;approvisionnement constant des pellets qui est tr\u00e8s silencieux. L&#8217;air de combustion peut \u00eatre amen\u00e9 de l&#8217;ext\u00e9rieur. Ce po\u00eale a une syst\u00e8me de d\u00e9cendrage\u00a0 automatique gr\u00e2ce \u00e0 une grille basculante, cela prolonge l&#8217;intervalle de nettoyage.<\/p>\n<h3>Caract\u00e9ristiques principales du produit :<\/h3>\n<p>Hauteur : 1132 mm<\/p>\n<p>Profondeur : 506 mm<\/p>\n<p>Largeur : 788 mm<\/p>\n<p>Puissance : 8 kW pour bois et pellets<\/p>\n<p>Rendement : 87 % bois\/ 90% pellets<\/p>\n<p>&nbsp;<\/p>\n<p><strong><a href=\"https:\/\/magiedufeu.ch\/wp-content\/uploads\/2023\/04\/Datenblatt_PARO_FR.pdf\">FICHE TECHNIQUE.PARO<\/a><\/strong><\/p>\n","protected":false},"excerpt":{"rendered":"<p>Hauteur : 1132 mm<\/p>\n<p>Profondeur : 506 mm<\/p>\n<p>Largeur : 788 mm<\/p>\n<p>Puissance : 8 kW pour bois et pellets<\/p>\n<p>Rendement : 87 % bois\/ 90% pellets<\/p>\n<p>&nbsp;<\/p>\n","protected":false},"featured_media":10764,"comment_status":"closed","ping_status":"closed","template":"","meta":[],"product_cat":[209,207],"product_tag":[1575,1451,3362,1586,4477,1574],"class_list":{"0":"post-4079","1":"product","2":"type-product","3":"status-publish","4":"has-post-thumbnail","6":"product_cat-hybride","7":"product_cat-poeles","8":"product_tag-2mm","9":"product_tag-1451","10":"product_tag-coude","11":"product_tag-d130","12":"product_tag-sans-porte","13":"product_tag-senotherm","15":"first","16":"instock","17":"sale","18":"taxable","19":"shipping-taxable","20":"purchasable","21":"product-type-simple"},"yoast_head":"<!-- This site is optimized with the Yoast SEO plugin v23.7 - https:\/\/yoast.com\/wordpress\/plugins\/seo\/ -->\n<title>Po\u00eale Hybride PARO RIKA Pierre Ollaire - Mosoni-Vuissoz Magie du Feu<\/title>\n<meta name=\"description\" content=\"Le po\u00eale mixte Paro, tr\u00e8s esth\u00e9tique, allie les avantages d&#039;un po\u00eale \u00e0 bois et ceux d&#039;un po\u00eale \u00e0 pellets. Sa technologie combine un double syst\u00e8me ...\" \/>\n<meta name=\"robots\" content=\"index, follow, max-snippet:-1, max-image-preview:large, max-video-preview:-1\" \/>\n<link rel=\"canonical\" href=\"https:\/\/magiedufeu.ch\/fr\/produit\/poele-hybride-paro-rika-pierre-ollaire\/\" \/>\n<meta property=\"og:locale\" content=\"fr_FR\" \/>\n<meta property=\"og:type\" content=\"article\" \/>\n<meta property=\"og:title\" content=\"Po\u00eale Hybride PARO RIKA Pierre Ollaire - Mosoni-Vuissoz Magie du Feu\" \/>\n<meta property=\"og:description\" content=\"Le po\u00eale mixte Paro, tr\u00e8s esth\u00e9tique, allie les avantages d&#039;un po\u00eale \u00e0 bois et ceux d&#039;un po\u00eale \u00e0 pellets. Sa technologie combine un double syst\u00e8me ...\" \/>\n<meta property=\"og:url\" content=\"https:\/\/magiedufeu.ch\/fr\/produit\/poele-hybride-paro-rika-pierre-ollaire\/\" \/>\n<meta property=\"og:site_name\" content=\"Mosoni-Vuissoz Magie du Feu\" \/>\n<meta property=\"article:publisher\" content=\"https:\/\/www.facebook.com\/magiedufeu.mdf\/\" \/>\n<meta property=\"article:modified_time\" content=\"2026-03-05T07:55:16+00:00\" \/>\n<meta property=\"og:image\" content=\"https:\/\/magiedufeu.ch\/wp-content\/uploads\/2024\/09\/Rika_Paro.png?wsr\" \/>\n\t<meta property=\"og:image:width\" content=\"840\" \/>\n\t<meta property=\"og:image:height\" content=\"787\" \/>\n\t<meta property=\"og:image:type\" content=\"image\/png\" \/>\n<meta name=\"twitter:card\" content=\"summary_large_image\" \/>\n<meta name=\"twitter:label1\" content=\"Dur\u00e9e de lecture estim\u00e9e\" \/>\n\t<meta name=\"twitter:data1\" content=\"1 minute\" \/>\n<script type=\"application\/ld+json\" class=\"yoast-schema-graph\">{\"@context\":\"https:\/\/schema.org\",\"@graph\":[{\"@type\":\"WebPage\",\"@id\":\"https:\/\/magiedufeu.ch\/fr\/produit\/poele-hybride-paro-rika-pierre-ollaire\/\",\"url\":\"https:\/\/magiedufeu.ch\/fr\/produit\/poele-hybride-paro-rika-pierre-ollaire\/\",\"name\":\"Po\u00eale Hybride PARO RIKA Pierre Ollaire - Mosoni-Vuissoz Magie du Feu\",\"isPartOf\":{\"@id\":\"https:\/\/magiedufeu.ch\/#website\"},\"primaryImageOfPage\":{\"@id\":\"https:\/\/magiedufeu.ch\/fr\/produit\/poele-hybride-paro-rika-pierre-ollaire\/#primaryimage\"},\"image\":{\"@id\":\"https:\/\/magiedufeu.ch\/fr\/produit\/poele-hybride-paro-rika-pierre-ollaire\/#primaryimage\"},\"thumbnailUrl\":\"https:\/\/magiedufeu.ch\/wp-content\/uploads\/2024\/09\/Rika_Paro.png?wsr\",\"datePublished\":\"2023-04-13T13:04:00+00:00\",\"dateModified\":\"2026-03-05T07:55:16+00:00\",\"description\":\"Le po\u00eale mixte Paro, tr\u00e8s esth\u00e9tique, allie les avantages d'un po\u00eale \u00e0 bois et ceux d'un po\u00eale \u00e0 pellets. Sa technologie combine un double syst\u00e8me ...\",\"breadcrumb\":{\"@id\":\"https:\/\/magiedufeu.ch\/fr\/produit\/poele-hybride-paro-rika-pierre-ollaire\/#breadcrumb\"},\"inLanguage\":\"fr-FR\",\"potentialAction\":[{\"@type\":\"ReadAction\",\"target\":[\"https:\/\/magiedufeu.ch\/fr\/produit\/poele-hybride-paro-rika-pierre-ollaire\/\"]}]},{\"@type\":\"ImageObject\",\"inLanguage\":\"fr-FR\",\"@id\":\"https:\/\/magiedufeu.ch\/fr\/produit\/poele-hybride-paro-rika-pierre-ollaire\/#primaryimage\",\"url\":\"https:\/\/magiedufeu.ch\/wp-content\/uploads\/2024\/09\/Rika_Paro.png?wsr\",\"contentUrl\":\"https:\/\/magiedufeu.ch\/wp-content\/uploads\/2024\/09\/Rika_Paro.png?wsr\",\"width\":840,\"height\":787},{\"@type\":\"BreadcrumbList\",\"@id\":\"https:\/\/magiedufeu.ch\/fr\/produit\/poele-hybride-paro-rika-pierre-ollaire\/#breadcrumb\",\"itemListElement\":[{\"@type\":\"ListItem\",\"position\":1,\"name\":\"Accueil\",\"item\":\"https:\/\/magiedufeu.ch\/\"},{\"@type\":\"ListItem\",\"position\":2,\"name\":\"Boutique\",\"item\":\"https:\/\/magiedufeu.ch\/fr\/boutique\/\"},{\"@type\":\"ListItem\",\"position\":3,\"name\":\"Po\u00eale Hybride PARO RIKA Pierre Ollaire\"}]},{\"@type\":\"WebSite\",\"@id\":\"https:\/\/magiedufeu.ch\/#website\",\"url\":\"https:\/\/magiedufeu.ch\/\",\"name\":\"Mosoni-Vuissoz Magie du Feu\",\"description\":\"\",\"publisher\":{\"@id\":\"https:\/\/magiedufeu.ch\/#organization\"},\"potentialAction\":[{\"@type\":\"SearchAction\",\"target\":{\"@type\":\"EntryPoint\",\"urlTemplate\":\"https:\/\/magiedufeu.ch\/?s={search_term_string}\"},\"query-input\":{\"@type\":\"PropertyValueSpecification\",\"valueRequired\":true,\"valueName\":\"search_term_string\"}}],\"inLanguage\":\"fr-FR\"},{\"@type\":\"Organization\",\"@id\":\"https:\/\/magiedufeu.ch\/#organization\",\"name\":\"Mosoni-Vuissoz Magie du Feu\",\"url\":\"https:\/\/magiedufeu.ch\/\",\"logo\":{\"@type\":\"ImageObject\",\"inLanguage\":\"fr-FR\",\"@id\":\"https:\/\/magiedufeu.ch\/#\/schema\/logo\/image\/\",\"url\":\"https:\/\/magiedufeu.ch\/wp-content\/uploads\/2021\/06\/Mosoni-Vuissoz-logo-1024x536-1-46d285e0.png\",\"contentUrl\":\"https:\/\/magiedufeu.ch\/wp-content\/uploads\/2021\/06\/Mosoni-Vuissoz-logo-1024x536-1-46d285e0.png\",\"width\":200,\"height\":105,\"caption\":\"Mosoni-Vuissoz Magie du Feu\"},\"image\":{\"@id\":\"https:\/\/magiedufeu.ch\/#\/schema\/logo\/image\/\"},\"sameAs\":[\"https:\/\/www.facebook.com\/magiedufeu.mdf\/\"]}]}<\/script>\n<!-- \/ Yoast SEO plugin. -->","yoast_head_json":{"title":"Po\u00eale Hybride PARO RIKA Pierre Ollaire - Mosoni-Vuissoz Magie du Feu","description":"Le po\u00eale mixte Paro, tr\u00e8s esth\u00e9tique, allie les avantages d'un po\u00eale \u00e0 bois et ceux d'un po\u00eale \u00e0 pellets. Sa technologie combine un double syst\u00e8me ...","robots":{"index":"index","follow":"follow","max-snippet":"max-snippet:-1","max-image-preview":"max-image-preview:large","max-video-preview":"max-video-preview:-1"},"canonical":"https:\/\/magiedufeu.ch\/fr\/produit\/poele-hybride-paro-rika-pierre-ollaire\/","og_locale":"fr_FR","og_type":"article","og_title":"Po\u00eale Hybride PARO RIKA Pierre Ollaire - Mosoni-Vuissoz Magie du Feu","og_description":"Le po\u00eale mixte Paro, tr\u00e8s esth\u00e9tique, allie les avantages d'un po\u00eale \u00e0 bois et ceux d'un po\u00eale \u00e0 pellets. Sa technologie combine un double syst\u00e8me ...","og_url":"https:\/\/magiedufeu.ch\/fr\/produit\/poele-hybride-paro-rika-pierre-ollaire\/","og_site_name":"Mosoni-Vuissoz Magie du Feu","article_publisher":"https:\/\/www.facebook.com\/magiedufeu.mdf\/","article_modified_time":"2026-03-05T07:55:16+00:00","og_image":[{"width":840,"height":787,"url":"https:\/\/magiedufeu.ch\/wp-content\/uploads\/2024\/09\/Rika_Paro.png?wsr","type":"image\/png"}],"twitter_card":"summary_large_image","twitter_misc":{"Dur\u00e9e de lecture estim\u00e9e":"1 minute"},"schema":{"@context":"https:\/\/schema.org","@graph":[{"@type":"WebPage","@id":"https:\/\/magiedufeu.ch\/fr\/produit\/poele-hybride-paro-rika-pierre-ollaire\/","url":"https:\/\/magiedufeu.ch\/fr\/produit\/poele-hybride-paro-rika-pierre-ollaire\/","name":"Po\u00eale Hybride PARO RIKA Pierre Ollaire - Mosoni-Vuissoz Magie du Feu","isPartOf":{"@id":"https:\/\/magiedufeu.ch\/#website"},"primaryImageOfPage":{"@id":"https:\/\/magiedufeu.ch\/fr\/produit\/poele-hybride-paro-rika-pierre-ollaire\/#primaryimage"},"image":{"@id":"https:\/\/magiedufeu.ch\/fr\/produit\/poele-hybride-paro-rika-pierre-ollaire\/#primaryimage"},"thumbnailUrl":"https:\/\/magiedufeu.ch\/wp-content\/uploads\/2024\/09\/Rika_Paro.png?wsr","datePublished":"2023-04-13T13:04:00+00:00","dateModified":"2026-03-05T07:55:16+00:00","description":"Le po\u00eale mixte Paro, tr\u00e8s esth\u00e9tique, allie les avantages d'un po\u00eale \u00e0 bois et ceux d'un po\u00eale \u00e0 pellets. Sa technologie combine un double syst\u00e8me ...","breadcrumb":{"@id":"https:\/\/magiedufeu.ch\/fr\/produit\/poele-hybride-paro-rika-pierre-ollaire\/#breadcrumb"},"inLanguage":"fr-FR","potentialAction":[{"@type":"ReadAction","target":["https:\/\/magiedufeu.ch\/fr\/produit\/poele-hybride-paro-rika-pierre-ollaire\/"]}]},{"@type":"ImageObject","inLanguage":"fr-FR","@id":"https:\/\/magiedufeu.ch\/fr\/produit\/poele-hybride-paro-rika-pierre-ollaire\/#primaryimage","url":"https:\/\/magiedufeu.ch\/wp-content\/uploads\/2024\/09\/Rika_Paro.png?wsr","contentUrl":"https:\/\/magiedufeu.ch\/wp-content\/uploads\/2024\/09\/Rika_Paro.png?wsr","width":840,"height":787},{"@type":"BreadcrumbList","@id":"https:\/\/magiedufeu.ch\/fr\/produit\/poele-hybride-paro-rika-pierre-ollaire\/#breadcrumb","itemListElement":[{"@type":"ListItem","position":1,"name":"Accueil","item":"https:\/\/magiedufeu.ch\/"},{"@type":"ListItem","position":2,"name":"Boutique","item":"https:\/\/magiedufeu.ch\/fr\/boutique\/"},{"@type":"ListItem","position":3,"name":"Po\u00eale Hybride PARO RIKA Pierre Ollaire"}]},{"@type":"WebSite","@id":"https:\/\/magiedufeu.ch\/#website","url":"https:\/\/magiedufeu.ch\/","name":"Mosoni-Vuissoz Magie du Feu","description":"","publisher":{"@id":"https:\/\/magiedufeu.ch\/#organization"},"potentialAction":[{"@type":"SearchAction","target":{"@type":"EntryPoint","urlTemplate":"https:\/\/magiedufeu.ch\/?s={search_term_string}"},"query-input":{"@type":"PropertyValueSpecification","valueRequired":true,"valueName":"search_term_string"}}],"inLanguage":"fr-FR"},{"@type":"Organization","@id":"https:\/\/magiedufeu.ch\/#organization","name":"Mosoni-Vuissoz Magie du Feu","url":"https:\/\/magiedufeu.ch\/","logo":{"@type":"ImageObject","inLanguage":"fr-FR","@id":"https:\/\/magiedufeu.ch\/#\/schema\/logo\/image\/","url":"https:\/\/magiedufeu.ch\/wp-content\/uploads\/2021\/06\/Mosoni-Vuissoz-logo-1024x536-1-46d285e0.png","contentUrl":"https:\/\/magiedufeu.ch\/wp-content\/uploads\/2021\/06\/Mosoni-Vuissoz-logo-1024x536-1-46d285e0.png","width":200,"height":105,"caption":"Mosoni-Vuissoz Magie du Feu"},"image":{"@id":"https:\/\/magiedufeu.ch\/#\/schema\/logo\/image\/"},"sameAs":["https:\/\/www.facebook.com\/magiedufeu.mdf\/"]}]}},"_links":{"self":[{"href":"https:\/\/magiedufeu.ch\/fr\/wp-json\/wp\/v2\/product\/4079","targetHints":{"allow":["GET"]}}],"collection":[{"href":"https:\/\/magiedufeu.ch\/fr\/wp-json\/wp\/v2\/product"}],"about":[{"href":"https:\/\/magiedufeu.ch\/fr\/wp-json\/wp\/v2\/types\/product"}],"replies":[{"embeddable":true,"href":"https:\/\/magiedufeu.ch\/fr\/wp-json\/wp\/v2\/comments?post=4079"}],"wp:featuredmedia":[{"embeddable":true,"href":"https:\/\/magiedufeu.ch\/fr\/wp-json\/wp\/v2\/media\/10764"}],"wp:attachment":[{"href":"https:\/\/magiedufeu.ch\/fr\/wp-json\/wp\/v2\/media?parent=4079"}],"wp:term":[{"taxonomy":"product_cat","embeddable":true,"href":"https:\/\/magiedufeu.ch\/fr\/wp-json\/wp\/v2\/product_cat?post=4079"},{"taxonomy":"product_tag","embeddable":true,"href":"https:\/\/magiedufeu.ch\/fr\/wp-json\/wp\/v2\/product_tag?post=4079"}],"curies":[{"name":"wp","href":"https:\/\/api.w.org\/{rel}","templated":true}]}}