{"id":4034,"date":"2000-01-01T00:00:00","date_gmt":"2023-03-30T15:10:00","guid":{"rendered":"https:\/\/magiedufeu.ch\/?post_type=product&#038;p=4034"},"modified":"2026-02-10T09:28:56","modified_gmt":"2026-02-10T09:28:56","slug":"poele-a-bois-gala","status":"publish","type":"product","link":"https:\/\/magiedufeu.ch\/fr\/produit\/poele-a-bois-gala\/","title":{"rendered":"Po\u00eale \u00e0 Bois GALA MAGIC FIRES"},"content":{"rendered":"<h2>Pourquoi choisir le po\u00eale \u00e0 bois Gala Magic Fires ?<\/h2>\n<p>Le po\u00eale suit les tendances actuelles des appareils verticaux avec une bonne vision des flammes en fa\u00e7ade. Sa composition en fonte grise vous procurera une chaleur douce. Ses lignes \u00e9lanc\u00e9es lui permettent de s&#8217;adapter \u00e0 tous les espaces m\u00eame les plus restreints.<\/p>\n<h2>Les avantages du po\u00eale Gala Magic Fires :<\/h2>\n<p>Son habillage en fonte a l&#8217;avantage d&#8217;\u00eatre durable dans le temps et de r\u00e9partir la chaleur de mani\u00e8re uniforme. Apr\u00e8s l&#8217;extinction du feu, ses 108 kg contribueront \u00e0 maintenir la chaleur pendant encore quelques temps. Il est possible de raccorder le po\u00eale \u00e0 l&#8217;air ext\u00e9rieur.<\/p>\n<h3>Caract\u00e9ristiques principales du produit :<\/h3>\n<p>Largeur : 450 mm<\/p>\n<p>Hauteur : 981 mm<\/p>\n<p>Profondeur : 400 mm<\/p>\n<p>Poids : 108 kg<\/p>\n<p>Rendement : 82.1 %<\/p>\n<p>&nbsp;<\/p>\n<p><strong><a href=\"https:\/\/magiedufeu.ch\/wp-content\/uploads\/2023\/03\/Design-sans-titre-7.pdf\">FICHE TECHNIQUE.GALA<\/a><\/strong><\/p>\n<p>&nbsp;<\/p>\n","protected":false},"excerpt":{"rendered":"<p>Largeur : 450 mm<\/p>\n<p>Hauteur : 981 mm<\/p>\n<p>Profondeur : 400 mm<\/p>\n<p>Poids : 108 kg<\/p>\n<p>Rendement : 82.1 %<\/p>\n","protected":false},"featured_media":12981,"comment_status":"closed","ping_status":"closed","template":"","meta":[],"product_cat":[210,207],"product_tag":[627,2655,2258,2654,2653,2569],"class_list":{"0":"post-4034","1":"product","2":"type-product","3":"status-publish","4":"has-post-thumbnail","6":"product_cat-bois-fr","7":"product_cat-poeles","8":"product_tag-cuisine","9":"product_tag-securite-alimentaire","10":"product_tag-temperature","11":"product_tag-thermometre-a-piquer","12":"product_tag-thermometre-alimentaire","13":"product_tag-viande","15":"first","16":"instock","17":"taxable","18":"shipping-taxable","19":"purchasable","20":"product-type-simple"},"yoast_head":"<!-- This site is optimized with the Yoast SEO plugin v23.7 - https:\/\/yoast.com\/wordpress\/plugins\/seo\/ -->\n<title>Po\u00eale \u00e0 Bois GALA MAGIC FIRES - Mosoni-Vuissoz Magie du Feu<\/title>\n<meta name=\"description\" content=\"Le po\u00eale suit les tendances actuelles des appareils verticaux avec une bonne vision des flammes en fa\u00e7ade. Sa composition en fonte grise vous ...\" \/>\n<meta name=\"robots\" content=\"index, follow, max-snippet:-1, max-image-preview:large, max-video-preview:-1\" \/>\n<link rel=\"canonical\" href=\"https:\/\/magiedufeu.ch\/fr\/produit\/poele-a-bois-gala\/\" \/>\n<meta property=\"og:locale\" content=\"fr_FR\" \/>\n<meta property=\"og:type\" content=\"article\" \/>\n<meta property=\"og:title\" content=\"Po\u00eale \u00e0 Bois GALA MAGIC FIRES - Mosoni-Vuissoz Magie du Feu\" \/>\n<meta property=\"og:description\" content=\"Le po\u00eale suit les tendances actuelles des appareils verticaux avec une bonne vision des flammes en fa\u00e7ade. Sa composition en fonte grise vous ...\" \/>\n<meta property=\"og:url\" content=\"https:\/\/magiedufeu.ch\/fr\/produit\/poele-a-bois-gala\/\" \/>\n<meta property=\"og:site_name\" content=\"Mosoni-Vuissoz Magie du Feu\" \/>\n<meta property=\"article:publisher\" content=\"https:\/\/www.facebook.com\/magiedufeu.mdf\/\" \/>\n<meta property=\"article:modified_time\" content=\"2026-02-10T09:28:56+00:00\" \/>\n<meta property=\"og:image\" content=\"https:\/\/magiedufeu.ch\/wp-content\/uploads\/2000\/01\/Poids-_-150-kg-Puissance-7-Kw-Rendement-80_8-_-Sortie-de-fumee-150-mm-Largeur-_-600-mm-Profondeur-_-16.webp?wsr\" \/>\n\t<meta property=\"og:image:width\" content=\"1080\" \/>\n\t<meta property=\"og:image:height\" content=\"1080\" \/>\n\t<meta property=\"og:image:type\" content=\"image\/webp\" \/>\n<meta name=\"twitter:card\" content=\"summary_large_image\" \/>\n<meta name=\"twitter:label1\" content=\"Dur\u00e9e de lecture estim\u00e9e\" \/>\n\t<meta name=\"twitter:data1\" content=\"1 minute\" \/>\n<script type=\"application\/ld+json\" class=\"yoast-schema-graph\">{\"@context\":\"https:\/\/schema.org\",\"@graph\":[{\"@type\":\"WebPage\",\"@id\":\"https:\/\/magiedufeu.ch\/fr\/produit\/poele-a-bois-gala\/\",\"url\":\"https:\/\/magiedufeu.ch\/fr\/produit\/poele-a-bois-gala\/\",\"name\":\"Po\u00eale \u00e0 Bois GALA MAGIC FIRES - Mosoni-Vuissoz Magie du Feu\",\"isPartOf\":{\"@id\":\"https:\/\/magiedufeu.ch\/#website\"},\"primaryImageOfPage\":{\"@id\":\"https:\/\/magiedufeu.ch\/fr\/produit\/poele-a-bois-gala\/#primaryimage\"},\"image\":{\"@id\":\"https:\/\/magiedufeu.ch\/fr\/produit\/poele-a-bois-gala\/#primaryimage\"},\"thumbnailUrl\":\"https:\/\/magiedufeu.ch\/wp-content\/uploads\/2000\/01\/Poids-_-150-kg-Puissance-7-Kw-Rendement-80_8-_-Sortie-de-fumee-150-mm-Largeur-_-600-mm-Profondeur-_-16.webp?wsr\",\"datePublished\":\"2023-03-30T15:10:00+00:00\",\"dateModified\":\"2026-02-10T09:28:56+00:00\",\"description\":\"Le po\u00eale suit les tendances actuelles des appareils verticaux avec une bonne vision des flammes en fa\u00e7ade. Sa composition en fonte grise vous ...\",\"breadcrumb\":{\"@id\":\"https:\/\/magiedufeu.ch\/fr\/produit\/poele-a-bois-gala\/#breadcrumb\"},\"inLanguage\":\"fr-FR\",\"potentialAction\":[{\"@type\":\"ReadAction\",\"target\":[\"https:\/\/magiedufeu.ch\/fr\/produit\/poele-a-bois-gala\/\"]}]},{\"@type\":\"ImageObject\",\"inLanguage\":\"fr-FR\",\"@id\":\"https:\/\/magiedufeu.ch\/fr\/produit\/poele-a-bois-gala\/#primaryimage\",\"url\":\"https:\/\/magiedufeu.ch\/wp-content\/uploads\/2000\/01\/Poids-_-150-kg-Puissance-7-Kw-Rendement-80_8-_-Sortie-de-fumee-150-mm-Largeur-_-600-mm-Profondeur-_-16.webp?wsr\",\"contentUrl\":\"https:\/\/magiedufeu.ch\/wp-content\/uploads\/2000\/01\/Poids-_-150-kg-Puissance-7-Kw-Rendement-80_8-_-Sortie-de-fumee-150-mm-Largeur-_-600-mm-Profondeur-_-16.webp?wsr\",\"width\":1080,\"height\":1080},{\"@type\":\"BreadcrumbList\",\"@id\":\"https:\/\/magiedufeu.ch\/fr\/produit\/poele-a-bois-gala\/#breadcrumb\",\"itemListElement\":[{\"@type\":\"ListItem\",\"position\":1,\"name\":\"Accueil\",\"item\":\"https:\/\/magiedufeu.ch\/\"},{\"@type\":\"ListItem\",\"position\":2,\"name\":\"Boutique\",\"item\":\"https:\/\/magiedufeu.ch\/fr\/boutique\/\"},{\"@type\":\"ListItem\",\"position\":3,\"name\":\"Po\u00eale \u00e0 Bois GALA MAGIC FIRES\"}]},{\"@type\":\"WebSite\",\"@id\":\"https:\/\/magiedufeu.ch\/#website\",\"url\":\"https:\/\/magiedufeu.ch\/\",\"name\":\"Mosoni-Vuissoz Magie du Feu\",\"description\":\"\",\"publisher\":{\"@id\":\"https:\/\/magiedufeu.ch\/#organization\"},\"potentialAction\":[{\"@type\":\"SearchAction\",\"target\":{\"@type\":\"EntryPoint\",\"urlTemplate\":\"https:\/\/magiedufeu.ch\/?s={search_term_string}\"},\"query-input\":{\"@type\":\"PropertyValueSpecification\",\"valueRequired\":true,\"valueName\":\"search_term_string\"}}],\"inLanguage\":\"fr-FR\"},{\"@type\":\"Organization\",\"@id\":\"https:\/\/magiedufeu.ch\/#organization\",\"name\":\"Mosoni-Vuissoz Magie du Feu\",\"url\":\"https:\/\/magiedufeu.ch\/\",\"logo\":{\"@type\":\"ImageObject\",\"inLanguage\":\"fr-FR\",\"@id\":\"https:\/\/magiedufeu.ch\/#\/schema\/logo\/image\/\",\"url\":\"https:\/\/magiedufeu.ch\/wp-content\/uploads\/2021\/06\/Mosoni-Vuissoz-logo-1024x536-1-46d285e0.png\",\"contentUrl\":\"https:\/\/magiedufeu.ch\/wp-content\/uploads\/2021\/06\/Mosoni-Vuissoz-logo-1024x536-1-46d285e0.png\",\"width\":200,\"height\":105,\"caption\":\"Mosoni-Vuissoz Magie du Feu\"},\"image\":{\"@id\":\"https:\/\/magiedufeu.ch\/#\/schema\/logo\/image\/\"},\"sameAs\":[\"https:\/\/www.facebook.com\/magiedufeu.mdf\/\"]}]}<\/script>\n<!-- \/ Yoast SEO plugin. -->","yoast_head_json":{"title":"Po\u00eale \u00e0 Bois GALA MAGIC FIRES - Mosoni-Vuissoz Magie du Feu","description":"Le po\u00eale suit les tendances actuelles des appareils verticaux avec une bonne vision des flammes en fa\u00e7ade. Sa composition en fonte grise vous ...","robots":{"index":"index","follow":"follow","max-snippet":"max-snippet:-1","max-image-preview":"max-image-preview:large","max-video-preview":"max-video-preview:-1"},"canonical":"https:\/\/magiedufeu.ch\/fr\/produit\/poele-a-bois-gala\/","og_locale":"fr_FR","og_type":"article","og_title":"Po\u00eale \u00e0 Bois GALA MAGIC FIRES - Mosoni-Vuissoz Magie du Feu","og_description":"Le po\u00eale suit les tendances actuelles des appareils verticaux avec une bonne vision des flammes en fa\u00e7ade. Sa composition en fonte grise vous ...","og_url":"https:\/\/magiedufeu.ch\/fr\/produit\/poele-a-bois-gala\/","og_site_name":"Mosoni-Vuissoz Magie du Feu","article_publisher":"https:\/\/www.facebook.com\/magiedufeu.mdf\/","article_modified_time":"2026-02-10T09:28:56+00:00","og_image":[{"width":1080,"height":1080,"url":"https:\/\/magiedufeu.ch\/wp-content\/uploads\/2000\/01\/Poids-_-150-kg-Puissance-7-Kw-Rendement-80_8-_-Sortie-de-fumee-150-mm-Largeur-_-600-mm-Profondeur-_-16.webp?wsr","type":"image\/webp"}],"twitter_card":"summary_large_image","twitter_misc":{"Dur\u00e9e de lecture estim\u00e9e":"1 minute"},"schema":{"@context":"https:\/\/schema.org","@graph":[{"@type":"WebPage","@id":"https:\/\/magiedufeu.ch\/fr\/produit\/poele-a-bois-gala\/","url":"https:\/\/magiedufeu.ch\/fr\/produit\/poele-a-bois-gala\/","name":"Po\u00eale \u00e0 Bois GALA MAGIC FIRES - Mosoni-Vuissoz Magie du Feu","isPartOf":{"@id":"https:\/\/magiedufeu.ch\/#website"},"primaryImageOfPage":{"@id":"https:\/\/magiedufeu.ch\/fr\/produit\/poele-a-bois-gala\/#primaryimage"},"image":{"@id":"https:\/\/magiedufeu.ch\/fr\/produit\/poele-a-bois-gala\/#primaryimage"},"thumbnailUrl":"https:\/\/magiedufeu.ch\/wp-content\/uploads\/2000\/01\/Poids-_-150-kg-Puissance-7-Kw-Rendement-80_8-_-Sortie-de-fumee-150-mm-Largeur-_-600-mm-Profondeur-_-16.webp?wsr","datePublished":"2023-03-30T15:10:00+00:00","dateModified":"2026-02-10T09:28:56+00:00","description":"Le po\u00eale suit les tendances actuelles des appareils verticaux avec une bonne vision des flammes en fa\u00e7ade. Sa composition en fonte grise vous ...","breadcrumb":{"@id":"https:\/\/magiedufeu.ch\/fr\/produit\/poele-a-bois-gala\/#breadcrumb"},"inLanguage":"fr-FR","potentialAction":[{"@type":"ReadAction","target":["https:\/\/magiedufeu.ch\/fr\/produit\/poele-a-bois-gala\/"]}]},{"@type":"ImageObject","inLanguage":"fr-FR","@id":"https:\/\/magiedufeu.ch\/fr\/produit\/poele-a-bois-gala\/#primaryimage","url":"https:\/\/magiedufeu.ch\/wp-content\/uploads\/2000\/01\/Poids-_-150-kg-Puissance-7-Kw-Rendement-80_8-_-Sortie-de-fumee-150-mm-Largeur-_-600-mm-Profondeur-_-16.webp?wsr","contentUrl":"https:\/\/magiedufeu.ch\/wp-content\/uploads\/2000\/01\/Poids-_-150-kg-Puissance-7-Kw-Rendement-80_8-_-Sortie-de-fumee-150-mm-Largeur-_-600-mm-Profondeur-_-16.webp?wsr","width":1080,"height":1080},{"@type":"BreadcrumbList","@id":"https:\/\/magiedufeu.ch\/fr\/produit\/poele-a-bois-gala\/#breadcrumb","itemListElement":[{"@type":"ListItem","position":1,"name":"Accueil","item":"https:\/\/magiedufeu.ch\/"},{"@type":"ListItem","position":2,"name":"Boutique","item":"https:\/\/magiedufeu.ch\/fr\/boutique\/"},{"@type":"ListItem","position":3,"name":"Po\u00eale \u00e0 Bois GALA MAGIC FIRES"}]},{"@type":"WebSite","@id":"https:\/\/magiedufeu.ch\/#website","url":"https:\/\/magiedufeu.ch\/","name":"Mosoni-Vuissoz Magie du Feu","description":"","publisher":{"@id":"https:\/\/magiedufeu.ch\/#organization"},"potentialAction":[{"@type":"SearchAction","target":{"@type":"EntryPoint","urlTemplate":"https:\/\/magiedufeu.ch\/?s={search_term_string}"},"query-input":{"@type":"PropertyValueSpecification","valueRequired":true,"valueName":"search_term_string"}}],"inLanguage":"fr-FR"},{"@type":"Organization","@id":"https:\/\/magiedufeu.ch\/#organization","name":"Mosoni-Vuissoz Magie du Feu","url":"https:\/\/magiedufeu.ch\/","logo":{"@type":"ImageObject","inLanguage":"fr-FR","@id":"https:\/\/magiedufeu.ch\/#\/schema\/logo\/image\/","url":"https:\/\/magiedufeu.ch\/wp-content\/uploads\/2021\/06\/Mosoni-Vuissoz-logo-1024x536-1-46d285e0.png","contentUrl":"https:\/\/magiedufeu.ch\/wp-content\/uploads\/2021\/06\/Mosoni-Vuissoz-logo-1024x536-1-46d285e0.png","width":200,"height":105,"caption":"Mosoni-Vuissoz Magie du Feu"},"image":{"@id":"https:\/\/magiedufeu.ch\/#\/schema\/logo\/image\/"},"sameAs":["https:\/\/www.facebook.com\/magiedufeu.mdf\/"]}]}},"_links":{"self":[{"href":"https:\/\/magiedufeu.ch\/fr\/wp-json\/wp\/v2\/product\/4034","targetHints":{"allow":["GET"]}}],"collection":[{"href":"https:\/\/magiedufeu.ch\/fr\/wp-json\/wp\/v2\/product"}],"about":[{"href":"https:\/\/magiedufeu.ch\/fr\/wp-json\/wp\/v2\/types\/product"}],"replies":[{"embeddable":true,"href":"https:\/\/magiedufeu.ch\/fr\/wp-json\/wp\/v2\/comments?post=4034"}],"wp:featuredmedia":[{"embeddable":true,"href":"https:\/\/magiedufeu.ch\/fr\/wp-json\/wp\/v2\/media\/12981"}],"wp:attachment":[{"href":"https:\/\/magiedufeu.ch\/fr\/wp-json\/wp\/v2\/media?parent=4034"}],"wp:term":[{"taxonomy":"product_cat","embeddable":true,"href":"https:\/\/magiedufeu.ch\/fr\/wp-json\/wp\/v2\/product_cat?post=4034"},{"taxonomy":"product_tag","embeddable":true,"href":"https:\/\/magiedufeu.ch\/fr\/wp-json\/wp\/v2\/product_tag?post=4034"}],"curies":[{"name":"wp","href":"https:\/\/api.w.org\/{rel}","templated":true}]}}