{"id":3905,"date":"2023-03-14T14:11:00","date_gmt":"2023-03-14T14:11:00","guid":{"rendered":"https:\/\/magiedufeu.ch\/?post_type=product&#038;p=3905"},"modified":"2024-09-01T12:21:47","modified_gmt":"2024-09-01T12:21:47","slug":"magic-fires-cuisinere-a-bois-kalor-100","status":"publish","type":"product","link":"https:\/\/magiedufeu.ch\/fr\/produit\/magic-fires-cuisinere-a-bois-kalor-100\/","title":{"rendered":"MAGIC FIRES Cuisin\u00e8re \u00e0 bois Kalor 100"},"content":{"rendered":"<p>MAGIC FIRES CUISINIERE A BOIS KALOR 100<\/p>\n<p>BLANC FRONT NOIR FONTE FOUR DESSOUS<\/p>\n<p>Dimensions : 585 x 895 x 645 MM<br \/>\nDimensions foyer: 240 x 260 x 385 MM<\/p>\n<p>Poids : 138 KG<\/p>\n<p>kW: 7,5\u2013 10 kW<\/p>\n<p>Efficience \u00e9nerg\u00e9tique: 80,8 %<br \/>\nLabel \u00e9nerg\u00e9tique: A+<\/p>\n<p>Sortie de fum\u00e9e Diam\u00e8tre 120 MM<\/p>\n","protected":false},"excerpt":{"rendered":"<p>MAGIC FIRES CUISINIERE A BOIS KALOR 100<\/p>\n<p>BLANC FRONT NOIR FONTE FOUR DESSOUS<\/p>\n<p>Dimensions : 585 x 895 x 645 MM<br \/>\nDimensions foyer: 240 x 260 x 385 MM<\/p>\n<p>Poids : 138 KG<\/p>\n<p>kW: 7,5\u2013 10 kW<\/p>\n<p>Efficience \u00e9nerg\u00e9tique: 80,8 %<br \/>\nLabel \u00e9nerg\u00e9tique: A+<\/p>\n<p>Sortie de fum\u00e9e Diam\u00e8tre 120 MM<\/p>\n","protected":false},"featured_media":10740,"comment_status":"closed","ping_status":"closed","template":"","meta":[],"product_cat":[165,166],"product_tag":[],"class_list":{"0":"post-3905","1":"product","2":"type-product","3":"status-publish","4":"has-post-thumbnail","6":"product_cat-bois-cuisinieres","7":"product_cat-cuisinieres","9":"first","10":"instock","11":"taxable","12":"shipping-taxable","13":"purchasable","14":"product-type-simple"},"yoast_head":"<!-- This site is optimized with the Yoast SEO plugin v23.7 - https:\/\/yoast.com\/wordpress\/plugins\/seo\/ -->\n<title>MAGIC FIRES Cuisin\u00e8re \u00e0 bois Kalor 100 - Mosoni-Vuissoz Magie du Feu<\/title>\n<meta name=\"robots\" content=\"index, follow, max-snippet:-1, max-image-preview:large, max-video-preview:-1\" \/>\n<link rel=\"canonical\" href=\"https:\/\/magiedufeu.ch\/fr\/produit\/magic-fires-cuisinere-a-bois-kalor-100\/\" \/>\n<meta property=\"og:locale\" content=\"fr_FR\" \/>\n<meta property=\"og:type\" content=\"article\" \/>\n<meta property=\"og:title\" content=\"MAGIC FIRES Cuisin\u00e8re \u00e0 bois Kalor 100 - Mosoni-Vuissoz Magie du Feu\" \/>\n<meta property=\"og:description\" content=\"MAGIC FIRES CUISINIERE A BOIS KALOR 100  BLANC FRONT NOIR FONTE FOUR DESSOUS  Dimensions : 585 x 895 x 645 MM Dimensions foyer: 240 x 260 x 385 MM  Poids : 138 KG  kW: 7,5\u2013 10 kW  Efficience \u00e9nerg\u00e9tique: 80,8 % Label \u00e9nerg\u00e9tique: A+  Sortie de fum\u00e9e Diam\u00e8tre 120 MM\" \/>\n<meta property=\"og:url\" content=\"https:\/\/magiedufeu.ch\/fr\/produit\/magic-fires-cuisinere-a-bois-kalor-100\/\" \/>\n<meta property=\"og:site_name\" content=\"Mosoni-Vuissoz Magie du Feu\" \/>\n<meta property=\"article:publisher\" content=\"https:\/\/www.facebook.com\/magiedufeu.mdf\/\" \/>\n<meta property=\"article:modified_time\" content=\"2024-09-01T12:21:47+00:00\" \/>\n<meta property=\"og:image\" content=\"https:\/\/magiedufeu.ch\/wp-content\/uploads\/2023\/03\/Kalor100.jpeg?wsr\" \/>\n\t<meta property=\"og:image:width\" content=\"1800\" \/>\n\t<meta property=\"og:image:height\" content=\"1800\" \/>\n\t<meta property=\"og:image:type\" content=\"image\/jpeg\" \/>\n<meta name=\"twitter:card\" content=\"summary_large_image\" \/>\n<script type=\"application\/ld+json\" class=\"yoast-schema-graph\">{\"@context\":\"https:\/\/schema.org\",\"@graph\":[{\"@type\":\"WebPage\",\"@id\":\"https:\/\/magiedufeu.ch\/fr\/produit\/magic-fires-cuisinere-a-bois-kalor-100\/\",\"url\":\"https:\/\/magiedufeu.ch\/fr\/produit\/magic-fires-cuisinere-a-bois-kalor-100\/\",\"name\":\"MAGIC FIRES Cuisin\u00e8re \u00e0 bois Kalor 100 - Mosoni-Vuissoz Magie du Feu\",\"isPartOf\":{\"@id\":\"https:\/\/magiedufeu.ch\/#website\"},\"primaryImageOfPage\":{\"@id\":\"https:\/\/magiedufeu.ch\/fr\/produit\/magic-fires-cuisinere-a-bois-kalor-100\/#primaryimage\"},\"image\":{\"@id\":\"https:\/\/magiedufeu.ch\/fr\/produit\/magic-fires-cuisinere-a-bois-kalor-100\/#primaryimage\"},\"thumbnailUrl\":\"https:\/\/magiedufeu.ch\/wp-content\/uploads\/2024\/09\/Kalor100.jpeg?wsr\",\"datePublished\":\"2023-03-14T14:11:00+00:00\",\"dateModified\":\"2024-09-01T12:21:47+00:00\",\"breadcrumb\":{\"@id\":\"https:\/\/magiedufeu.ch\/fr\/produit\/magic-fires-cuisinere-a-bois-kalor-100\/#breadcrumb\"},\"inLanguage\":\"fr-FR\",\"potentialAction\":[{\"@type\":\"ReadAction\",\"target\":[\"https:\/\/magiedufeu.ch\/fr\/produit\/magic-fires-cuisinere-a-bois-kalor-100\/\"]}]},{\"@type\":\"ImageObject\",\"inLanguage\":\"fr-FR\",\"@id\":\"https:\/\/magiedufeu.ch\/fr\/produit\/magic-fires-cuisinere-a-bois-kalor-100\/#primaryimage\",\"url\":\"https:\/\/magiedufeu.ch\/wp-content\/uploads\/2024\/09\/Kalor100.jpeg?wsr\",\"contentUrl\":\"https:\/\/magiedufeu.ch\/wp-content\/uploads\/2024\/09\/Kalor100.jpeg?wsr\",\"width\":1800,\"height\":1800},{\"@type\":\"BreadcrumbList\",\"@id\":\"https:\/\/magiedufeu.ch\/fr\/produit\/magic-fires-cuisinere-a-bois-kalor-100\/#breadcrumb\",\"itemListElement\":[{\"@type\":\"ListItem\",\"position\":1,\"name\":\"Accueil\",\"item\":\"https:\/\/magiedufeu.ch\/\"},{\"@type\":\"ListItem\",\"position\":2,\"name\":\"Boutique\",\"item\":\"https:\/\/magiedufeu.ch\/fr\/boutique\/\"},{\"@type\":\"ListItem\",\"position\":3,\"name\":\"MAGIC FIRES Cuisin\u00e8re \u00e0 bois Kalor 100\"}]},{\"@type\":\"WebSite\",\"@id\":\"https:\/\/magiedufeu.ch\/#website\",\"url\":\"https:\/\/magiedufeu.ch\/\",\"name\":\"Mosoni-Vuissoz Magie du Feu\",\"description\":\"\",\"publisher\":{\"@id\":\"https:\/\/magiedufeu.ch\/#organization\"},\"potentialAction\":[{\"@type\":\"SearchAction\",\"target\":{\"@type\":\"EntryPoint\",\"urlTemplate\":\"https:\/\/magiedufeu.ch\/?s={search_term_string}\"},\"query-input\":{\"@type\":\"PropertyValueSpecification\",\"valueRequired\":true,\"valueName\":\"search_term_string\"}}],\"inLanguage\":\"fr-FR\"},{\"@type\":\"Organization\",\"@id\":\"https:\/\/magiedufeu.ch\/#organization\",\"name\":\"Mosoni-Vuissoz Magie du Feu\",\"url\":\"https:\/\/magiedufeu.ch\/\",\"logo\":{\"@type\":\"ImageObject\",\"inLanguage\":\"fr-FR\",\"@id\":\"https:\/\/magiedufeu.ch\/#\/schema\/logo\/image\/\",\"url\":\"https:\/\/magiedufeu.ch\/wp-content\/uploads\/2021\/06\/Mosoni-Vuissoz-logo-1024x536-1-46d285e0.png\",\"contentUrl\":\"https:\/\/magiedufeu.ch\/wp-content\/uploads\/2021\/06\/Mosoni-Vuissoz-logo-1024x536-1-46d285e0.png\",\"width\":200,\"height\":105,\"caption\":\"Mosoni-Vuissoz Magie du Feu\"},\"image\":{\"@id\":\"https:\/\/magiedufeu.ch\/#\/schema\/logo\/image\/\"},\"sameAs\":[\"https:\/\/www.facebook.com\/magiedufeu.mdf\/\"]}]}<\/script>\n<!-- \/ Yoast SEO plugin. -->","yoast_head_json":{"title":"MAGIC FIRES Cuisin\u00e8re \u00e0 bois Kalor 100 - Mosoni-Vuissoz Magie du Feu","robots":{"index":"index","follow":"follow","max-snippet":"max-snippet:-1","max-image-preview":"max-image-preview:large","max-video-preview":"max-video-preview:-1"},"canonical":"https:\/\/magiedufeu.ch\/fr\/produit\/magic-fires-cuisinere-a-bois-kalor-100\/","og_locale":"fr_FR","og_type":"article","og_title":"MAGIC FIRES Cuisin\u00e8re \u00e0 bois Kalor 100 - Mosoni-Vuissoz Magie du Feu","og_description":"MAGIC FIRES CUISINIERE A BOIS KALOR 100  BLANC FRONT NOIR FONTE FOUR DESSOUS  Dimensions : 585 x 895 x 645 MM Dimensions foyer: 240 x 260 x 385 MM  Poids : 138 KG  kW: 7,5\u2013 10 kW  Efficience \u00e9nerg\u00e9tique: 80,8 % Label \u00e9nerg\u00e9tique: A+  Sortie de fum\u00e9e Diam\u00e8tre 120 MM","og_url":"https:\/\/magiedufeu.ch\/fr\/produit\/magic-fires-cuisinere-a-bois-kalor-100\/","og_site_name":"Mosoni-Vuissoz Magie du Feu","article_publisher":"https:\/\/www.facebook.com\/magiedufeu.mdf\/","article_modified_time":"2024-09-01T12:21:47+00:00","og_image":[{"width":1800,"height":1800,"url":"https:\/\/magiedufeu.ch\/wp-content\/uploads\/2023\/03\/Kalor100.jpeg?wsr","type":"image\/jpeg"}],"twitter_card":"summary_large_image","schema":{"@context":"https:\/\/schema.org","@graph":[{"@type":"WebPage","@id":"https:\/\/magiedufeu.ch\/fr\/produit\/magic-fires-cuisinere-a-bois-kalor-100\/","url":"https:\/\/magiedufeu.ch\/fr\/produit\/magic-fires-cuisinere-a-bois-kalor-100\/","name":"MAGIC FIRES Cuisin\u00e8re \u00e0 bois Kalor 100 - Mosoni-Vuissoz Magie du Feu","isPartOf":{"@id":"https:\/\/magiedufeu.ch\/#website"},"primaryImageOfPage":{"@id":"https:\/\/magiedufeu.ch\/fr\/produit\/magic-fires-cuisinere-a-bois-kalor-100\/#primaryimage"},"image":{"@id":"https:\/\/magiedufeu.ch\/fr\/produit\/magic-fires-cuisinere-a-bois-kalor-100\/#primaryimage"},"thumbnailUrl":"https:\/\/magiedufeu.ch\/wp-content\/uploads\/2024\/09\/Kalor100.jpeg?wsr","datePublished":"2023-03-14T14:11:00+00:00","dateModified":"2024-09-01T12:21:47+00:00","breadcrumb":{"@id":"https:\/\/magiedufeu.ch\/fr\/produit\/magic-fires-cuisinere-a-bois-kalor-100\/#breadcrumb"},"inLanguage":"fr-FR","potentialAction":[{"@type":"ReadAction","target":["https:\/\/magiedufeu.ch\/fr\/produit\/magic-fires-cuisinere-a-bois-kalor-100\/"]}]},{"@type":"ImageObject","inLanguage":"fr-FR","@id":"https:\/\/magiedufeu.ch\/fr\/produit\/magic-fires-cuisinere-a-bois-kalor-100\/#primaryimage","url":"https:\/\/magiedufeu.ch\/wp-content\/uploads\/2024\/09\/Kalor100.jpeg?wsr","contentUrl":"https:\/\/magiedufeu.ch\/wp-content\/uploads\/2024\/09\/Kalor100.jpeg?wsr","width":1800,"height":1800},{"@type":"BreadcrumbList","@id":"https:\/\/magiedufeu.ch\/fr\/produit\/magic-fires-cuisinere-a-bois-kalor-100\/#breadcrumb","itemListElement":[{"@type":"ListItem","position":1,"name":"Accueil","item":"https:\/\/magiedufeu.ch\/"},{"@type":"ListItem","position":2,"name":"Boutique","item":"https:\/\/magiedufeu.ch\/fr\/boutique\/"},{"@type":"ListItem","position":3,"name":"MAGIC FIRES Cuisin\u00e8re \u00e0 bois Kalor 100"}]},{"@type":"WebSite","@id":"https:\/\/magiedufeu.ch\/#website","url":"https:\/\/magiedufeu.ch\/","name":"Mosoni-Vuissoz Magie du Feu","description":"","publisher":{"@id":"https:\/\/magiedufeu.ch\/#organization"},"potentialAction":[{"@type":"SearchAction","target":{"@type":"EntryPoint","urlTemplate":"https:\/\/magiedufeu.ch\/?s={search_term_string}"},"query-input":{"@type":"PropertyValueSpecification","valueRequired":true,"valueName":"search_term_string"}}],"inLanguage":"fr-FR"},{"@type":"Organization","@id":"https:\/\/magiedufeu.ch\/#organization","name":"Mosoni-Vuissoz Magie du Feu","url":"https:\/\/magiedufeu.ch\/","logo":{"@type":"ImageObject","inLanguage":"fr-FR","@id":"https:\/\/magiedufeu.ch\/#\/schema\/logo\/image\/","url":"https:\/\/magiedufeu.ch\/wp-content\/uploads\/2021\/06\/Mosoni-Vuissoz-logo-1024x536-1-46d285e0.png","contentUrl":"https:\/\/magiedufeu.ch\/wp-content\/uploads\/2021\/06\/Mosoni-Vuissoz-logo-1024x536-1-46d285e0.png","width":200,"height":105,"caption":"Mosoni-Vuissoz Magie du Feu"},"image":{"@id":"https:\/\/magiedufeu.ch\/#\/schema\/logo\/image\/"},"sameAs":["https:\/\/www.facebook.com\/magiedufeu.mdf\/"]}]}},"_links":{"self":[{"href":"https:\/\/magiedufeu.ch\/fr\/wp-json\/wp\/v2\/product\/3905","targetHints":{"allow":["GET"]}}],"collection":[{"href":"https:\/\/magiedufeu.ch\/fr\/wp-json\/wp\/v2\/product"}],"about":[{"href":"https:\/\/magiedufeu.ch\/fr\/wp-json\/wp\/v2\/types\/product"}],"replies":[{"embeddable":true,"href":"https:\/\/magiedufeu.ch\/fr\/wp-json\/wp\/v2\/comments?post=3905"}],"wp:featuredmedia":[{"embeddable":true,"href":"https:\/\/magiedufeu.ch\/fr\/wp-json\/wp\/v2\/media\/10740"}],"wp:attachment":[{"href":"https:\/\/magiedufeu.ch\/fr\/wp-json\/wp\/v2\/media?parent=3905"}],"wp:term":[{"taxonomy":"product_cat","embeddable":true,"href":"https:\/\/magiedufeu.ch\/fr\/wp-json\/wp\/v2\/product_cat?post=3905"},{"taxonomy":"product_tag","embeddable":true,"href":"https:\/\/magiedufeu.ch\/fr\/wp-json\/wp\/v2\/product_tag?post=3905"}],"curies":[{"name":"wp","href":"https:\/\/api.w.org\/{rel}","templated":true}]}}