{"id":3892,"date":"2023-03-14T13:26:00","date_gmt":"2023-03-14T13:26:00","guid":{"rendered":"https:\/\/magiedufeu.ch\/?post_type=product&#038;p=3892"},"modified":"2026-02-04T15:58:47","modified_gmt":"2026-02-04T15:58:47","slug":"poele-a-bois-brenk-fonte","status":"publish","type":"product","link":"https:\/\/magiedufeu.ch\/fr\/produit\/poele-a-bois-brenk-fonte\/","title":{"rendered":"Po\u00eale \u00e0 Bois BRENK MAGIC FIRES en Fonte"},"content":{"rendered":"<h2>Pourquoi choisir le po\u00eale \u00e0 bois Brenk Magic Fires ?<\/h2>\n<p>Les doubles parois en fonte, sa durabilit\u00e9 et la grande capacit\u00e9 d&#8217;utilisation sont les caract\u00e9ristiques de base de ce po\u00eale. Le po\u00eale Brenk, de par ses dimensions et sa forme originale, est adapt\u00e9 pour une r\u00e9sidence secondaire comme un chalet. La particularit\u00e9 de ce po\u00eale est qu&#8217;il a la m\u00eame puissance qu&#8217;un po\u00eale traditionnel : 8,9 \u00e0 11 kW !<\/p>\n<h2>Les avantages du po\u00eale \u00e0 bois Brenk :<\/h2>\n<p>Avec sa taille r\u00e9duite, il peut trouver sa place dans de petites pi\u00e8ces tout en les chauffant de mani\u00e8re optimale, notamment gr\u00e2ce \u00e0 sa fonte grise qui est tr\u00e8s efficace pour une diffusion homog\u00e8ne de la chaleur. En plus d&#8217;une diffusion \u00e9quilibr\u00e9e, avec ses 77 kg, le po\u00eale Brenk a une capacit\u00e9 d&#8217;accumulation de la chaleur remarquable apr\u00e8s l&#8217;extinction des flammes. Malgr\u00e9 sa petite taille, vous pouvez mettre des b\u00fbches allant jusqu&#8217;\u00e0 40 cm de longueur !<\/p>\n<h3>Caract\u00e9ristiques principales du produit :<\/h3>\n<p>Largeur : 350 mm<\/p>\n<p>Hauteur : 750 mm<\/p>\n<p>Profondeur : 650 mm<\/p>\n<p>Puissance : 8.9 \u00e0 11 kW<\/p>\n<p>Poids : 77 kg<\/p>\n<p>&nbsp;<\/p>\n<p><strong><a href=\"https:\/\/magiedufeu.ch\/wp-content\/uploads\/2023\/03\/Design-sans-titre-4.pdf\">FICHE TECHNIQUE.BRENK<\/a><\/strong><\/p>\n<p>&nbsp;<\/p>\n<p>&nbsp;<\/p>\n","protected":false},"excerpt":{"rendered":"<p>Largeur : 350 mm<\/p>\n<p>Hauteur : 750 mm<\/p>\n<p>Profondeur : 650 mm<\/p>\n<p>Puissance : 8.9 \u00e0 11 kW<\/p>\n<p>Poids : 77 kg<\/p>\n<p>&nbsp;<\/p>\n","protected":false},"featured_media":12916,"comment_status":"closed","ping_status":"closed","template":"","meta":[],"product_cat":[165,210,166,207],"product_tag":[],"class_list":{"0":"post-3892","1":"product","2":"type-product","3":"status-publish","4":"has-post-thumbnail","6":"product_cat-bois-cuisinieres","7":"product_cat-bois-fr","8":"product_cat-cuisinieres","9":"product_cat-poeles","11":"first","12":"instock","13":"taxable","14":"shipping-taxable","15":"purchasable","16":"product-type-simple"},"yoast_head":"<!-- This site is optimized with the Yoast SEO plugin v23.7 - https:\/\/yoast.com\/wordpress\/plugins\/seo\/ -->\n<title>Po\u00eale \u00e0 Bois BRENK MAGIC FIRES en Fonte - Mosoni-Vuissoz Magie du Feu<\/title>\n<meta name=\"description\" content=\"Les doubles parois en fonte, sa durabilit\u00e9 et la grande capacit\u00e9 d&#039;utilisation sont les caract\u00e9ristiques de base de ce po\u00eale. Le po\u00eale Brenk ...\" \/>\n<meta name=\"robots\" content=\"index, follow, max-snippet:-1, max-image-preview:large, max-video-preview:-1\" \/>\n<link rel=\"canonical\" href=\"https:\/\/magiedufeu.ch\/fr\/produit\/poele-a-bois-brenk-fonte\/\" \/>\n<meta property=\"og:locale\" content=\"fr_FR\" \/>\n<meta property=\"og:type\" content=\"article\" \/>\n<meta property=\"og:title\" content=\"Po\u00eale \u00e0 Bois BRENK MAGIC FIRES en Fonte - Mosoni-Vuissoz Magie du Feu\" \/>\n<meta property=\"og:description\" content=\"Les doubles parois en fonte, sa durabilit\u00e9 et la grande capacit\u00e9 d&#039;utilisation sont les caract\u00e9ristiques de base de ce po\u00eale. Le po\u00eale Brenk ...\" \/>\n<meta property=\"og:url\" content=\"https:\/\/magiedufeu.ch\/fr\/produit\/poele-a-bois-brenk-fonte\/\" \/>\n<meta property=\"og:site_name\" content=\"Mosoni-Vuissoz Magie du Feu\" \/>\n<meta property=\"article:publisher\" content=\"https:\/\/www.facebook.com\/magiedufeu.mdf\/\" \/>\n<meta property=\"article:modified_time\" content=\"2026-02-04T15:58:47+00:00\" \/>\n<meta property=\"og:image\" content=\"https:\/\/magiedufeu.ch\/wp-content\/uploads\/2023\/03\/Poids-_-150-kg-Puissance-7-Kw-Rendement-80_8-_-Sortie-de-fumee-150-mm-Largeur-_-600-mm-Profondeur-_-_2.webp?wsr\" \/>\n\t<meta property=\"og:image:width\" content=\"1080\" \/>\n\t<meta property=\"og:image:height\" content=\"1080\" \/>\n\t<meta property=\"og:image:type\" content=\"image\/webp\" \/>\n<meta name=\"twitter:card\" content=\"summary_large_image\" \/>\n<meta name=\"twitter:label1\" content=\"Dur\u00e9e de lecture estim\u00e9e\" \/>\n\t<meta name=\"twitter:data1\" content=\"2 minutes\" \/>\n<script type=\"application\/ld+json\" class=\"yoast-schema-graph\">{\"@context\":\"https:\/\/schema.org\",\"@graph\":[{\"@type\":\"WebPage\",\"@id\":\"https:\/\/magiedufeu.ch\/fr\/produit\/poele-a-bois-brenk-fonte\/\",\"url\":\"https:\/\/magiedufeu.ch\/fr\/produit\/poele-a-bois-brenk-fonte\/\",\"name\":\"Po\u00eale \u00e0 Bois BRENK MAGIC FIRES en Fonte - Mosoni-Vuissoz Magie du Feu\",\"isPartOf\":{\"@id\":\"https:\/\/magiedufeu.ch\/#website\"},\"primaryImageOfPage\":{\"@id\":\"https:\/\/magiedufeu.ch\/fr\/produit\/poele-a-bois-brenk-fonte\/#primaryimage\"},\"image\":{\"@id\":\"https:\/\/magiedufeu.ch\/fr\/produit\/poele-a-bois-brenk-fonte\/#primaryimage\"},\"thumbnailUrl\":\"https:\/\/magiedufeu.ch\/wp-content\/uploads\/2023\/03\/Poids-_-150-kg-Puissance-7-Kw-Rendement-80_8-_-Sortie-de-fumee-150-mm-Largeur-_-600-mm-Profondeur-_-_2.webp?wsr\",\"datePublished\":\"2023-03-14T13:26:00+00:00\",\"dateModified\":\"2026-02-04T15:58:47+00:00\",\"description\":\"Les doubles parois en fonte, sa durabilit\u00e9 et la grande capacit\u00e9 d'utilisation sont les caract\u00e9ristiques de base de ce po\u00eale. Le po\u00eale Brenk ...\",\"breadcrumb\":{\"@id\":\"https:\/\/magiedufeu.ch\/fr\/produit\/poele-a-bois-brenk-fonte\/#breadcrumb\"},\"inLanguage\":\"fr-FR\",\"potentialAction\":[{\"@type\":\"ReadAction\",\"target\":[\"https:\/\/magiedufeu.ch\/fr\/produit\/poele-a-bois-brenk-fonte\/\"]}]},{\"@type\":\"ImageObject\",\"inLanguage\":\"fr-FR\",\"@id\":\"https:\/\/magiedufeu.ch\/fr\/produit\/poele-a-bois-brenk-fonte\/#primaryimage\",\"url\":\"https:\/\/magiedufeu.ch\/wp-content\/uploads\/2023\/03\/Poids-_-150-kg-Puissance-7-Kw-Rendement-80_8-_-Sortie-de-fumee-150-mm-Largeur-_-600-mm-Profondeur-_-_2.webp?wsr\",\"contentUrl\":\"https:\/\/magiedufeu.ch\/wp-content\/uploads\/2023\/03\/Poids-_-150-kg-Puissance-7-Kw-Rendement-80_8-_-Sortie-de-fumee-150-mm-Largeur-_-600-mm-Profondeur-_-_2.webp?wsr\",\"width\":1080,\"height\":1080},{\"@type\":\"BreadcrumbList\",\"@id\":\"https:\/\/magiedufeu.ch\/fr\/produit\/poele-a-bois-brenk-fonte\/#breadcrumb\",\"itemListElement\":[{\"@type\":\"ListItem\",\"position\":1,\"name\":\"Accueil\",\"item\":\"https:\/\/magiedufeu.ch\/\"},{\"@type\":\"ListItem\",\"position\":2,\"name\":\"Boutique\",\"item\":\"https:\/\/magiedufeu.ch\/fr\/boutique\/\"},{\"@type\":\"ListItem\",\"position\":3,\"name\":\"Po\u00eale \u00e0 Bois BRENK MAGIC FIRES en Fonte\"}]},{\"@type\":\"WebSite\",\"@id\":\"https:\/\/magiedufeu.ch\/#website\",\"url\":\"https:\/\/magiedufeu.ch\/\",\"name\":\"Mosoni-Vuissoz Magie du Feu\",\"description\":\"\",\"publisher\":{\"@id\":\"https:\/\/magiedufeu.ch\/#organization\"},\"potentialAction\":[{\"@type\":\"SearchAction\",\"target\":{\"@type\":\"EntryPoint\",\"urlTemplate\":\"https:\/\/magiedufeu.ch\/?s={search_term_string}\"},\"query-input\":{\"@type\":\"PropertyValueSpecification\",\"valueRequired\":true,\"valueName\":\"search_term_string\"}}],\"inLanguage\":\"fr-FR\"},{\"@type\":\"Organization\",\"@id\":\"https:\/\/magiedufeu.ch\/#organization\",\"name\":\"Mosoni-Vuissoz Magie du Feu\",\"url\":\"https:\/\/magiedufeu.ch\/\",\"logo\":{\"@type\":\"ImageObject\",\"inLanguage\":\"fr-FR\",\"@id\":\"https:\/\/magiedufeu.ch\/#\/schema\/logo\/image\/\",\"url\":\"https:\/\/magiedufeu.ch\/wp-content\/uploads\/2021\/06\/Mosoni-Vuissoz-logo-1024x536-1-46d285e0.png\",\"contentUrl\":\"https:\/\/magiedufeu.ch\/wp-content\/uploads\/2021\/06\/Mosoni-Vuissoz-logo-1024x536-1-46d285e0.png\",\"width\":200,\"height\":105,\"caption\":\"Mosoni-Vuissoz Magie du Feu\"},\"image\":{\"@id\":\"https:\/\/magiedufeu.ch\/#\/schema\/logo\/image\/\"},\"sameAs\":[\"https:\/\/www.facebook.com\/magiedufeu.mdf\/\"]}]}<\/script>\n<!-- \/ Yoast SEO plugin. -->","yoast_head_json":{"title":"Po\u00eale \u00e0 Bois BRENK MAGIC FIRES en Fonte - Mosoni-Vuissoz Magie du Feu","description":"Les doubles parois en fonte, sa durabilit\u00e9 et la grande capacit\u00e9 d'utilisation sont les caract\u00e9ristiques de base de ce po\u00eale. Le po\u00eale Brenk ...","robots":{"index":"index","follow":"follow","max-snippet":"max-snippet:-1","max-image-preview":"max-image-preview:large","max-video-preview":"max-video-preview:-1"},"canonical":"https:\/\/magiedufeu.ch\/fr\/produit\/poele-a-bois-brenk-fonte\/","og_locale":"fr_FR","og_type":"article","og_title":"Po\u00eale \u00e0 Bois BRENK MAGIC FIRES en Fonte - Mosoni-Vuissoz Magie du Feu","og_description":"Les doubles parois en fonte, sa durabilit\u00e9 et la grande capacit\u00e9 d'utilisation sont les caract\u00e9ristiques de base de ce po\u00eale. Le po\u00eale Brenk ...","og_url":"https:\/\/magiedufeu.ch\/fr\/produit\/poele-a-bois-brenk-fonte\/","og_site_name":"Mosoni-Vuissoz Magie du Feu","article_publisher":"https:\/\/www.facebook.com\/magiedufeu.mdf\/","article_modified_time":"2026-02-04T15:58:47+00:00","og_image":[{"width":1080,"height":1080,"url":"https:\/\/magiedufeu.ch\/wp-content\/uploads\/2023\/03\/Poids-_-150-kg-Puissance-7-Kw-Rendement-80_8-_-Sortie-de-fumee-150-mm-Largeur-_-600-mm-Profondeur-_-_2.webp?wsr","type":"image\/webp"}],"twitter_card":"summary_large_image","twitter_misc":{"Dur\u00e9e de lecture estim\u00e9e":"2 minutes"},"schema":{"@context":"https:\/\/schema.org","@graph":[{"@type":"WebPage","@id":"https:\/\/magiedufeu.ch\/fr\/produit\/poele-a-bois-brenk-fonte\/","url":"https:\/\/magiedufeu.ch\/fr\/produit\/poele-a-bois-brenk-fonte\/","name":"Po\u00eale \u00e0 Bois BRENK MAGIC FIRES en Fonte - Mosoni-Vuissoz Magie du Feu","isPartOf":{"@id":"https:\/\/magiedufeu.ch\/#website"},"primaryImageOfPage":{"@id":"https:\/\/magiedufeu.ch\/fr\/produit\/poele-a-bois-brenk-fonte\/#primaryimage"},"image":{"@id":"https:\/\/magiedufeu.ch\/fr\/produit\/poele-a-bois-brenk-fonte\/#primaryimage"},"thumbnailUrl":"https:\/\/magiedufeu.ch\/wp-content\/uploads\/2023\/03\/Poids-_-150-kg-Puissance-7-Kw-Rendement-80_8-_-Sortie-de-fumee-150-mm-Largeur-_-600-mm-Profondeur-_-_2.webp?wsr","datePublished":"2023-03-14T13:26:00+00:00","dateModified":"2026-02-04T15:58:47+00:00","description":"Les doubles parois en fonte, sa durabilit\u00e9 et la grande capacit\u00e9 d'utilisation sont les caract\u00e9ristiques de base de ce po\u00eale. Le po\u00eale Brenk ...","breadcrumb":{"@id":"https:\/\/magiedufeu.ch\/fr\/produit\/poele-a-bois-brenk-fonte\/#breadcrumb"},"inLanguage":"fr-FR","potentialAction":[{"@type":"ReadAction","target":["https:\/\/magiedufeu.ch\/fr\/produit\/poele-a-bois-brenk-fonte\/"]}]},{"@type":"ImageObject","inLanguage":"fr-FR","@id":"https:\/\/magiedufeu.ch\/fr\/produit\/poele-a-bois-brenk-fonte\/#primaryimage","url":"https:\/\/magiedufeu.ch\/wp-content\/uploads\/2023\/03\/Poids-_-150-kg-Puissance-7-Kw-Rendement-80_8-_-Sortie-de-fumee-150-mm-Largeur-_-600-mm-Profondeur-_-_2.webp?wsr","contentUrl":"https:\/\/magiedufeu.ch\/wp-content\/uploads\/2023\/03\/Poids-_-150-kg-Puissance-7-Kw-Rendement-80_8-_-Sortie-de-fumee-150-mm-Largeur-_-600-mm-Profondeur-_-_2.webp?wsr","width":1080,"height":1080},{"@type":"BreadcrumbList","@id":"https:\/\/magiedufeu.ch\/fr\/produit\/poele-a-bois-brenk-fonte\/#breadcrumb","itemListElement":[{"@type":"ListItem","position":1,"name":"Accueil","item":"https:\/\/magiedufeu.ch\/"},{"@type":"ListItem","position":2,"name":"Boutique","item":"https:\/\/magiedufeu.ch\/fr\/boutique\/"},{"@type":"ListItem","position":3,"name":"Po\u00eale \u00e0 Bois BRENK MAGIC FIRES en Fonte"}]},{"@type":"WebSite","@id":"https:\/\/magiedufeu.ch\/#website","url":"https:\/\/magiedufeu.ch\/","name":"Mosoni-Vuissoz Magie du Feu","description":"","publisher":{"@id":"https:\/\/magiedufeu.ch\/#organization"},"potentialAction":[{"@type":"SearchAction","target":{"@type":"EntryPoint","urlTemplate":"https:\/\/magiedufeu.ch\/?s={search_term_string}"},"query-input":{"@type":"PropertyValueSpecification","valueRequired":true,"valueName":"search_term_string"}}],"inLanguage":"fr-FR"},{"@type":"Organization","@id":"https:\/\/magiedufeu.ch\/#organization","name":"Mosoni-Vuissoz Magie du Feu","url":"https:\/\/magiedufeu.ch\/","logo":{"@type":"ImageObject","inLanguage":"fr-FR","@id":"https:\/\/magiedufeu.ch\/#\/schema\/logo\/image\/","url":"https:\/\/magiedufeu.ch\/wp-content\/uploads\/2021\/06\/Mosoni-Vuissoz-logo-1024x536-1-46d285e0.png","contentUrl":"https:\/\/magiedufeu.ch\/wp-content\/uploads\/2021\/06\/Mosoni-Vuissoz-logo-1024x536-1-46d285e0.png","width":200,"height":105,"caption":"Mosoni-Vuissoz Magie du Feu"},"image":{"@id":"https:\/\/magiedufeu.ch\/#\/schema\/logo\/image\/"},"sameAs":["https:\/\/www.facebook.com\/magiedufeu.mdf\/"]}]}},"_links":{"self":[{"href":"https:\/\/magiedufeu.ch\/fr\/wp-json\/wp\/v2\/product\/3892","targetHints":{"allow":["GET"]}}],"collection":[{"href":"https:\/\/magiedufeu.ch\/fr\/wp-json\/wp\/v2\/product"}],"about":[{"href":"https:\/\/magiedufeu.ch\/fr\/wp-json\/wp\/v2\/types\/product"}],"replies":[{"embeddable":true,"href":"https:\/\/magiedufeu.ch\/fr\/wp-json\/wp\/v2\/comments?post=3892"}],"wp:featuredmedia":[{"embeddable":true,"href":"https:\/\/magiedufeu.ch\/fr\/wp-json\/wp\/v2\/media\/12916"}],"wp:attachment":[{"href":"https:\/\/magiedufeu.ch\/fr\/wp-json\/wp\/v2\/media?parent=3892"}],"wp:term":[{"taxonomy":"product_cat","embeddable":true,"href":"https:\/\/magiedufeu.ch\/fr\/wp-json\/wp\/v2\/product_cat?post=3892"},{"taxonomy":"product_tag","embeddable":true,"href":"https:\/\/magiedufeu.ch\/fr\/wp-json\/wp\/v2\/product_tag?post=3892"}],"curies":[{"name":"wp","href":"https:\/\/api.w.org\/{rel}","templated":true}]}}