{"id":3213,"date":"2022-10-21T15:26:00","date_gmt":"2022-10-21T15:26:00","guid":{"rendered":"https:\/\/magiedufeu.ch\/?post_type=product&#038;p=3213"},"modified":"2024-09-01T12:21:39","modified_gmt":"2024-09-01T12:21:39","slug":"ecofan-810-ultrair","status":"publish","type":"product","link":"https:\/\/magiedufeu.ch\/fr\/produit\/ecofan-810-ultrair\/","title":{"rendered":"ECOFAN 810 ULTRAIR"},"content":{"rendered":"<p>Le ventilateur de po\u00eale \u00e0 bois Caframo Ecofan UltrAir 810 cr\u00e9e sa propre \u00e9lectricit\u00e9 \u00e0 partir de la chaleur de votre po\u00eale, d\u00e9pla\u00e7ant l&#8217;air jusqu&#8217;\u00e0 100 CFM afin d&#8217;augmenter votre confort.<\/p>\n<p>Le mod\u00e8le UltrAir est le ventilateur de po\u00eale \u00e0 bois de taille moyenne de la gamme Ecofan et est id\u00e9al pour ceux qui vivent hors r\u00e9seau ou qui cherchent \u00e0 augmenter l&#8217;efficacit\u00e9 de leur po\u00eale et \u00e0 utiliser moins de combustible.<\/p>\n<p><em><strong>Couleur de l&#8217;h\u00e9lice: Gris ou noir selon le stock disponible au moment de la commande.<\/strong><\/em><\/p>\n","protected":false},"excerpt":{"rendered":"<p>Le ventilateur de po\u00eale \u00e0 bois Caframo Ecofan UltrAir 810 cr\u00e9e sa propre \u00e9lectricit\u00e9 \u00e0 partir de la chaleur de votre po\u00eale, d\u00e9pla\u00e7ant l&#8217;air jusqu&#8217;\u00e0 100 CFM afin d&#8217;augmenter votre confort.<\/p>\n<p>Le mod\u00e8le UltrAir est le ventilateur de po\u00eale \u00e0 bois de taille moyenne de la gamme Ecofan et est id\u00e9al pour ceux qui vivent hors r\u00e9seau ou qui cherchent \u00e0 augmenter l&#8217;efficacit\u00e9 de leur po\u00eale et \u00e0 utiliser moins de combustible.<\/p>\n<p><em><strong>Couleur de l&#8217;h\u00e9lice: Gris ou noir selon le stock disponible au moment de la commande.<\/strong><\/em><\/p>\n","protected":false},"featured_media":10872,"comment_status":"closed","ping_status":"closed","template":"","meta":[],"product_cat":[204,200],"product_tag":[],"class_list":{"0":"post-3213","1":"product","2":"type-product","3":"status-publish","4":"has-post-thumbnail","6":"product_cat-accessoires-de-cheminees","7":"product_cat-accessoires-et-combustibles","8":"product_shipping_class-petits-articles","10":"first","11":"instock","12":"sale","13":"taxable","14":"shipping-taxable","15":"purchasable","16":"product-type-simple"},"yoast_head":"<!-- This site is optimized with the Yoast SEO plugin v23.7 - https:\/\/yoast.com\/wordpress\/plugins\/seo\/ -->\n<title>ECOFAN 810 ULTRAIR - Mosoni-Vuissoz Magie du Feu<\/title>\n<meta name=\"robots\" content=\"index, follow, max-snippet:-1, max-image-preview:large, max-video-preview:-1\" \/>\n<link rel=\"canonical\" href=\"https:\/\/magiedufeu.ch\/fr\/produit\/ecofan-810-ultrair\/\" \/>\n<meta property=\"og:locale\" content=\"fr_FR\" \/>\n<meta property=\"og:type\" content=\"article\" \/>\n<meta property=\"og:title\" content=\"ECOFAN 810 ULTRAIR - Mosoni-Vuissoz Magie du Feu\" \/>\n<meta property=\"og:description\" content=\"Le ventilateur de po\u00eale \u00e0 bois Caframo Ecofan UltrAir 810 cr\u00e9e sa propre \u00e9lectricit\u00e9 \u00e0 partir de la chaleur de votre po\u00eale, d\u00e9pla\u00e7ant l&#039;air jusqu&#039;\u00e0 100 CFM afin d&#039;augmenter votre confort.  Le mod\u00e8le UltrAir est le ventilateur de po\u00eale \u00e0 bois de taille moyenne de la gamme Ecofan et est id\u00e9al pour ceux qui vivent hors r\u00e9seau ou qui cherchent \u00e0 augmenter l&#039;efficacit\u00e9 de leur po\u00eale et \u00e0 utiliser moins de combustible.  Couleur de l&#039;h\u00e9lice: Gris ou noir selon le stock disponible au moment de la commande.\" \/>\n<meta property=\"og:url\" content=\"https:\/\/magiedufeu.ch\/fr\/produit\/ecofan-810-ultrair\/\" \/>\n<meta property=\"og:site_name\" content=\"Mosoni-Vuissoz Magie du Feu\" \/>\n<meta property=\"article:publisher\" content=\"https:\/\/www.facebook.com\/magiedufeu.mdf\/\" \/>\n<meta property=\"article:modified_time\" content=\"2024-09-01T12:21:39+00:00\" \/>\n<meta property=\"og:image\" content=\"https:\/\/magiedufeu.ch\/wp-content\/uploads\/2022\/10\/ECOFAN-812-AIRMAX.jpg?wsr\" \/>\n\t<meta property=\"og:image:width\" content=\"1000\" \/>\n\t<meta property=\"og:image:height\" content=\"1000\" \/>\n\t<meta property=\"og:image:type\" content=\"image\/jpeg\" \/>\n<meta name=\"twitter:card\" content=\"summary_large_image\" \/>\n<script type=\"application\/ld+json\" class=\"yoast-schema-graph\">{\"@context\":\"https:\/\/schema.org\",\"@graph\":[{\"@type\":\"WebPage\",\"@id\":\"https:\/\/magiedufeu.ch\/fr\/produit\/ecofan-810-ultrair\/\",\"url\":\"https:\/\/magiedufeu.ch\/fr\/produit\/ecofan-810-ultrair\/\",\"name\":\"ECOFAN 810 ULTRAIR - Mosoni-Vuissoz Magie du Feu\",\"isPartOf\":{\"@id\":\"https:\/\/magiedufeu.ch\/#website\"},\"primaryImageOfPage\":{\"@id\":\"https:\/\/magiedufeu.ch\/fr\/produit\/ecofan-810-ultrair\/#primaryimage\"},\"image\":{\"@id\":\"https:\/\/magiedufeu.ch\/fr\/produit\/ecofan-810-ultrair\/#primaryimage\"},\"thumbnailUrl\":\"https:\/\/magiedufeu.ch\/wp-content\/uploads\/2024\/09\/ECOFAN-812-AIRMAX-1.jpg?wsr\",\"datePublished\":\"2022-10-21T15:26:00+00:00\",\"dateModified\":\"2024-09-01T12:21:39+00:00\",\"breadcrumb\":{\"@id\":\"https:\/\/magiedufeu.ch\/fr\/produit\/ecofan-810-ultrair\/#breadcrumb\"},\"inLanguage\":\"fr-FR\",\"potentialAction\":[{\"@type\":\"ReadAction\",\"target\":[\"https:\/\/magiedufeu.ch\/fr\/produit\/ecofan-810-ultrair\/\"]}]},{\"@type\":\"ImageObject\",\"inLanguage\":\"fr-FR\",\"@id\":\"https:\/\/magiedufeu.ch\/fr\/produit\/ecofan-810-ultrair\/#primaryimage\",\"url\":\"https:\/\/magiedufeu.ch\/wp-content\/uploads\/2024\/09\/ECOFAN-812-AIRMAX-1.jpg?wsr\",\"contentUrl\":\"https:\/\/magiedufeu.ch\/wp-content\/uploads\/2024\/09\/ECOFAN-812-AIRMAX-1.jpg?wsr\",\"width\":1000,\"height\":1000},{\"@type\":\"BreadcrumbList\",\"@id\":\"https:\/\/magiedufeu.ch\/fr\/produit\/ecofan-810-ultrair\/#breadcrumb\",\"itemListElement\":[{\"@type\":\"ListItem\",\"position\":1,\"name\":\"Accueil\",\"item\":\"https:\/\/magiedufeu.ch\/\"},{\"@type\":\"ListItem\",\"position\":2,\"name\":\"Boutique\",\"item\":\"https:\/\/magiedufeu.ch\/fr\/boutique\/\"},{\"@type\":\"ListItem\",\"position\":3,\"name\":\"ECOFAN 810 ULTRAIR\"}]},{\"@type\":\"WebSite\",\"@id\":\"https:\/\/magiedufeu.ch\/#website\",\"url\":\"https:\/\/magiedufeu.ch\/\",\"name\":\"Mosoni-Vuissoz Magie du Feu\",\"description\":\"\",\"publisher\":{\"@id\":\"https:\/\/magiedufeu.ch\/#organization\"},\"potentialAction\":[{\"@type\":\"SearchAction\",\"target\":{\"@type\":\"EntryPoint\",\"urlTemplate\":\"https:\/\/magiedufeu.ch\/?s={search_term_string}\"},\"query-input\":{\"@type\":\"PropertyValueSpecification\",\"valueRequired\":true,\"valueName\":\"search_term_string\"}}],\"inLanguage\":\"fr-FR\"},{\"@type\":\"Organization\",\"@id\":\"https:\/\/magiedufeu.ch\/#organization\",\"name\":\"Mosoni-Vuissoz Magie du Feu\",\"url\":\"https:\/\/magiedufeu.ch\/\",\"logo\":{\"@type\":\"ImageObject\",\"inLanguage\":\"fr-FR\",\"@id\":\"https:\/\/magiedufeu.ch\/#\/schema\/logo\/image\/\",\"url\":\"https:\/\/magiedufeu.ch\/wp-content\/uploads\/2021\/06\/Mosoni-Vuissoz-logo-1024x536-1-46d285e0.png\",\"contentUrl\":\"https:\/\/magiedufeu.ch\/wp-content\/uploads\/2021\/06\/Mosoni-Vuissoz-logo-1024x536-1-46d285e0.png\",\"width\":200,\"height\":105,\"caption\":\"Mosoni-Vuissoz Magie du Feu\"},\"image\":{\"@id\":\"https:\/\/magiedufeu.ch\/#\/schema\/logo\/image\/\"},\"sameAs\":[\"https:\/\/www.facebook.com\/magiedufeu.mdf\/\"]}]}<\/script>\n<!-- \/ Yoast SEO plugin. -->","yoast_head_json":{"title":"ECOFAN 810 ULTRAIR - Mosoni-Vuissoz Magie du Feu","robots":{"index":"index","follow":"follow","max-snippet":"max-snippet:-1","max-image-preview":"max-image-preview:large","max-video-preview":"max-video-preview:-1"},"canonical":"https:\/\/magiedufeu.ch\/fr\/produit\/ecofan-810-ultrair\/","og_locale":"fr_FR","og_type":"article","og_title":"ECOFAN 810 ULTRAIR - Mosoni-Vuissoz Magie du Feu","og_description":"Le ventilateur de po\u00eale \u00e0 bois Caframo Ecofan UltrAir 810 cr\u00e9e sa propre \u00e9lectricit\u00e9 \u00e0 partir de la chaleur de votre po\u00eale, d\u00e9pla\u00e7ant l'air jusqu'\u00e0 100 CFM afin d'augmenter votre confort.  Le mod\u00e8le UltrAir est le ventilateur de po\u00eale \u00e0 bois de taille moyenne de la gamme Ecofan et est id\u00e9al pour ceux qui vivent hors r\u00e9seau ou qui cherchent \u00e0 augmenter l'efficacit\u00e9 de leur po\u00eale et \u00e0 utiliser moins de combustible.  Couleur de l'h\u00e9lice: Gris ou noir selon le stock disponible au moment de la commande.","og_url":"https:\/\/magiedufeu.ch\/fr\/produit\/ecofan-810-ultrair\/","og_site_name":"Mosoni-Vuissoz Magie du Feu","article_publisher":"https:\/\/www.facebook.com\/magiedufeu.mdf\/","article_modified_time":"2024-09-01T12:21:39+00:00","og_image":[{"width":1000,"height":1000,"url":"https:\/\/magiedufeu.ch\/wp-content\/uploads\/2022\/10\/ECOFAN-812-AIRMAX.jpg?wsr","type":"image\/jpeg"}],"twitter_card":"summary_large_image","schema":{"@context":"https:\/\/schema.org","@graph":[{"@type":"WebPage","@id":"https:\/\/magiedufeu.ch\/fr\/produit\/ecofan-810-ultrair\/","url":"https:\/\/magiedufeu.ch\/fr\/produit\/ecofan-810-ultrair\/","name":"ECOFAN 810 ULTRAIR - Mosoni-Vuissoz Magie du Feu","isPartOf":{"@id":"https:\/\/magiedufeu.ch\/#website"},"primaryImageOfPage":{"@id":"https:\/\/magiedufeu.ch\/fr\/produit\/ecofan-810-ultrair\/#primaryimage"},"image":{"@id":"https:\/\/magiedufeu.ch\/fr\/produit\/ecofan-810-ultrair\/#primaryimage"},"thumbnailUrl":"https:\/\/magiedufeu.ch\/wp-content\/uploads\/2024\/09\/ECOFAN-812-AIRMAX-1.jpg?wsr","datePublished":"2022-10-21T15:26:00+00:00","dateModified":"2024-09-01T12:21:39+00:00","breadcrumb":{"@id":"https:\/\/magiedufeu.ch\/fr\/produit\/ecofan-810-ultrair\/#breadcrumb"},"inLanguage":"fr-FR","potentialAction":[{"@type":"ReadAction","target":["https:\/\/magiedufeu.ch\/fr\/produit\/ecofan-810-ultrair\/"]}]},{"@type":"ImageObject","inLanguage":"fr-FR","@id":"https:\/\/magiedufeu.ch\/fr\/produit\/ecofan-810-ultrair\/#primaryimage","url":"https:\/\/magiedufeu.ch\/wp-content\/uploads\/2024\/09\/ECOFAN-812-AIRMAX-1.jpg?wsr","contentUrl":"https:\/\/magiedufeu.ch\/wp-content\/uploads\/2024\/09\/ECOFAN-812-AIRMAX-1.jpg?wsr","width":1000,"height":1000},{"@type":"BreadcrumbList","@id":"https:\/\/magiedufeu.ch\/fr\/produit\/ecofan-810-ultrair\/#breadcrumb","itemListElement":[{"@type":"ListItem","position":1,"name":"Accueil","item":"https:\/\/magiedufeu.ch\/"},{"@type":"ListItem","position":2,"name":"Boutique","item":"https:\/\/magiedufeu.ch\/fr\/boutique\/"},{"@type":"ListItem","position":3,"name":"ECOFAN 810 ULTRAIR"}]},{"@type":"WebSite","@id":"https:\/\/magiedufeu.ch\/#website","url":"https:\/\/magiedufeu.ch\/","name":"Mosoni-Vuissoz Magie du Feu","description":"","publisher":{"@id":"https:\/\/magiedufeu.ch\/#organization"},"potentialAction":[{"@type":"SearchAction","target":{"@type":"EntryPoint","urlTemplate":"https:\/\/magiedufeu.ch\/?s={search_term_string}"},"query-input":{"@type":"PropertyValueSpecification","valueRequired":true,"valueName":"search_term_string"}}],"inLanguage":"fr-FR"},{"@type":"Organization","@id":"https:\/\/magiedufeu.ch\/#organization","name":"Mosoni-Vuissoz Magie du Feu","url":"https:\/\/magiedufeu.ch\/","logo":{"@type":"ImageObject","inLanguage":"fr-FR","@id":"https:\/\/magiedufeu.ch\/#\/schema\/logo\/image\/","url":"https:\/\/magiedufeu.ch\/wp-content\/uploads\/2021\/06\/Mosoni-Vuissoz-logo-1024x536-1-46d285e0.png","contentUrl":"https:\/\/magiedufeu.ch\/wp-content\/uploads\/2021\/06\/Mosoni-Vuissoz-logo-1024x536-1-46d285e0.png","width":200,"height":105,"caption":"Mosoni-Vuissoz Magie du Feu"},"image":{"@id":"https:\/\/magiedufeu.ch\/#\/schema\/logo\/image\/"},"sameAs":["https:\/\/www.facebook.com\/magiedufeu.mdf\/"]}]}},"_links":{"self":[{"href":"https:\/\/magiedufeu.ch\/fr\/wp-json\/wp\/v2\/product\/3213","targetHints":{"allow":["GET"]}}],"collection":[{"href":"https:\/\/magiedufeu.ch\/fr\/wp-json\/wp\/v2\/product"}],"about":[{"href":"https:\/\/magiedufeu.ch\/fr\/wp-json\/wp\/v2\/types\/product"}],"replies":[{"embeddable":true,"href":"https:\/\/magiedufeu.ch\/fr\/wp-json\/wp\/v2\/comments?post=3213"}],"wp:featuredmedia":[{"embeddable":true,"href":"https:\/\/magiedufeu.ch\/fr\/wp-json\/wp\/v2\/media\/10872"}],"wp:attachment":[{"href":"https:\/\/magiedufeu.ch\/fr\/wp-json\/wp\/v2\/media?parent=3213"}],"wp:term":[{"taxonomy":"product_cat","embeddable":true,"href":"https:\/\/magiedufeu.ch\/fr\/wp-json\/wp\/v2\/product_cat?post=3213"},{"taxonomy":"product_tag","embeddable":true,"href":"https:\/\/magiedufeu.ch\/fr\/wp-json\/wp\/v2\/product_tag?post=3213"}],"curies":[{"name":"wp","href":"https:\/\/api.w.org\/{rel}","templated":true}]}}