{"id":3178,"date":"2022-10-21T15:25:58","date_gmt":"2022-10-21T15:25:58","guid":{"rendered":"https:\/\/magiedufeu.ch\/?post_type=product&#038;p=3178"},"modified":"2026-03-14T08:42:58","modified_gmt":"2026-03-14T08:42:58","slug":"poele-a-bois-900-heta-pierre-ollaire","status":"publish","type":"product","link":"https:\/\/magiedufeu.ch\/fr\/produit\/poele-a-bois-900-heta-pierre-ollaire\/","title":{"rendered":"Po\u00eale \u00e0 bois Scan-Line 900 HETA noir Pierre Ollaire vitres Lat\u00e9rales"},"content":{"rendered":"<h2>Pourquoi choisir le po\u00eale \u00e0 bois Scan-line 900 Heta ?<\/h2>\n<p>Le po\u00eale \u00e0 bois Scan-Line 900 est superbe. Ses poign\u00e9es exclusives sont dissimul\u00e9es dans les courbes du po\u00eale et sont con\u00e7ues pour une utilisation facile. Elles sont dot\u00e9es d&#8217;une finition en silicone unique qui les maintient froides pour votre confort.<\/p>\n<h2>Les avantages du po\u00eale \u00e0 bois Scan-line 900 :<\/h2>\n<p>Le Scan-Line 900 n&#8217;est pas un po\u00eale \u00e0 bois ordinaire, avec sa porte \u00e0 fermeture automatique impressionnante, sa grande vitre centrale ainsi que ses vitres lat\u00e9rales, cela vous permet de profiter des flammes chaleureuses. Le 900 est un po\u00eale \u00e0 bois moderne, avec un grand seau \u00e0 cendres de 5 litres nich\u00e9 derri\u00e8re la porte inf\u00e9rieure.<\/p>\n<h3>Caract\u00e9ristiques principales du produit :<\/h3>\n<p>Hauteur : 1191 mm<\/p>\n<p>Largeur : 515 mm<\/p>\n<p>Profondeur : 421 mm<\/p>\n<p>Largeur int\u00e9rieure de la chambre de combustion : 347 mm<\/p>\n<p>M\u00e8tres carr\u00e9s : 35-160 m\u00b2<\/p>\n<p>&nbsp;<\/p>\n<p><a href=\"https:\/\/magiedufeu.ch\/wp-content\/uploads\/2022\/10\/drawing-Scan-Line-900-Side-windows-1.pdf\"><strong>FICHE TECHNIQUE.SL900<\/strong><\/a><\/p>\n","protected":false},"excerpt":{"rendered":"<p>Hauteur : 1191 mm<\/p>\n<p>Largeur : 515 mm<\/p>\n<p>Profondeur : 421 mm<\/p>\n<p>Largeur int\u00e9rieure de la chambre de combustion : 347 mm<\/p>\n<p>M\u00e8tres carr\u00e9s : 35-160 m2<\/p>\n","protected":false},"featured_media":11364,"comment_status":"closed","ping_status":"closed","template":"","meta":[],"product_cat":[210,207],"product_tag":[],"class_list":{"0":"post-3178","1":"product","2":"type-product","3":"status-publish","4":"has-post-thumbnail","6":"product_cat-bois-fr","7":"product_cat-poeles","9":"first","10":"outofstock","11":"taxable","12":"shipping-taxable","13":"purchasable","14":"product-type-simple"},"yoast_head":"<!-- This site is optimized with the Yoast SEO plugin v23.7 - https:\/\/yoast.com\/wordpress\/plugins\/seo\/ -->\n<title>Po\u00eale \u00e0 bois Scan-Line 900 HETA noir Pierre Ollaire vitres Lat\u00e9rales - Mosoni-Vuissoz Magie du Feu<\/title>\n<meta name=\"description\" content=\"Le po\u00eale \u00e0 bois Scan-Line 900 est superbe. Ses poign\u00e9es exclusives sont dissimul\u00e9es dans les courbes du po\u00eale et sont con\u00e7ues pour une utilisation facile \u2026\" \/>\n<meta name=\"robots\" content=\"index, follow, max-snippet:-1, max-image-preview:large, max-video-preview:-1\" \/>\n<link rel=\"canonical\" href=\"https:\/\/magiedufeu.ch\/fr\/produit\/poele-a-bois-900-heta-pierre-ollaire\/\" \/>\n<meta property=\"og:locale\" content=\"fr_FR\" \/>\n<meta property=\"og:type\" content=\"article\" \/>\n<meta property=\"og:title\" content=\"Po\u00eale \u00e0 bois Scan-Line 900 HETA noir Pierre Ollaire vitres Lat\u00e9rales - Mosoni-Vuissoz Magie du Feu\" \/>\n<meta property=\"og:description\" content=\"Le po\u00eale \u00e0 bois Scan-Line 900 est superbe. Ses poign\u00e9es exclusives sont dissimul\u00e9es dans les courbes du po\u00eale et sont con\u00e7ues pour une utilisation facile \u2026\" \/>\n<meta property=\"og:url\" content=\"https:\/\/magiedufeu.ch\/fr\/produit\/poele-a-bois-900-heta-pierre-ollaire\/\" \/>\n<meta property=\"og:site_name\" content=\"Mosoni-Vuissoz Magie du Feu\" \/>\n<meta property=\"article:publisher\" content=\"https:\/\/www.facebook.com\/magiedufeu.mdf\/\" \/>\n<meta property=\"article:modified_time\" content=\"2026-03-14T08:42:58+00:00\" \/>\n<meta property=\"og:image\" content=\"https:\/\/magiedufeu.ch\/wp-content\/uploads\/2022\/10\/Design-sans-titre-40.png?wsr\" \/>\n\t<meta property=\"og:image:width\" content=\"1080\" \/>\n\t<meta property=\"og:image:height\" content=\"1080\" \/>\n\t<meta property=\"og:image:type\" content=\"image\/png\" \/>\n<meta name=\"twitter:card\" content=\"summary_large_image\" \/>\n<meta name=\"twitter:label1\" content=\"Dur\u00e9e de lecture estim\u00e9e\" \/>\n\t<meta name=\"twitter:data1\" content=\"1 minute\" \/>\n<script type=\"application\/ld+json\" class=\"yoast-schema-graph\">{\"@context\":\"https:\/\/schema.org\",\"@graph\":[{\"@type\":\"WebPage\",\"@id\":\"https:\/\/magiedufeu.ch\/fr\/produit\/poele-a-bois-900-heta-pierre-ollaire\/\",\"url\":\"https:\/\/magiedufeu.ch\/fr\/produit\/poele-a-bois-900-heta-pierre-ollaire\/\",\"name\":\"Po\u00eale \u00e0 bois Scan-Line 900 HETA noir Pierre Ollaire vitres Lat\u00e9rales - Mosoni-Vuissoz Magie du Feu\",\"isPartOf\":{\"@id\":\"https:\/\/magiedufeu.ch\/#website\"},\"primaryImageOfPage\":{\"@id\":\"https:\/\/magiedufeu.ch\/fr\/produit\/poele-a-bois-900-heta-pierre-ollaire\/#primaryimage\"},\"image\":{\"@id\":\"https:\/\/magiedufeu.ch\/fr\/produit\/poele-a-bois-900-heta-pierre-ollaire\/#primaryimage\"},\"thumbnailUrl\":\"https:\/\/magiedufeu.ch\/wp-content\/uploads\/2022\/10\/Design-sans-titre-40.png?wsr\",\"datePublished\":\"2022-10-21T15:25:58+00:00\",\"dateModified\":\"2026-03-14T08:42:58+00:00\",\"description\":\"Le po\u00eale \u00e0 bois Scan-Line 900 est superbe. Ses poign\u00e9es exclusives sont dissimul\u00e9es dans les courbes du po\u00eale et sont con\u00e7ues pour une utilisation facile \u2026\",\"breadcrumb\":{\"@id\":\"https:\/\/magiedufeu.ch\/fr\/produit\/poele-a-bois-900-heta-pierre-ollaire\/#breadcrumb\"},\"inLanguage\":\"fr-FR\",\"potentialAction\":[{\"@type\":\"ReadAction\",\"target\":[\"https:\/\/magiedufeu.ch\/fr\/produit\/poele-a-bois-900-heta-pierre-ollaire\/\"]}]},{\"@type\":\"ImageObject\",\"inLanguage\":\"fr-FR\",\"@id\":\"https:\/\/magiedufeu.ch\/fr\/produit\/poele-a-bois-900-heta-pierre-ollaire\/#primaryimage\",\"url\":\"https:\/\/magiedufeu.ch\/wp-content\/uploads\/2022\/10\/Design-sans-titre-40.png?wsr\",\"contentUrl\":\"https:\/\/magiedufeu.ch\/wp-content\/uploads\/2022\/10\/Design-sans-titre-40.png?wsr\",\"width\":1080,\"height\":1080},{\"@type\":\"BreadcrumbList\",\"@id\":\"https:\/\/magiedufeu.ch\/fr\/produit\/poele-a-bois-900-heta-pierre-ollaire\/#breadcrumb\",\"itemListElement\":[{\"@type\":\"ListItem\",\"position\":1,\"name\":\"Accueil\",\"item\":\"https:\/\/magiedufeu.ch\/\"},{\"@type\":\"ListItem\",\"position\":2,\"name\":\"Boutique\",\"item\":\"https:\/\/magiedufeu.ch\/fr\/boutique\/\"},{\"@type\":\"ListItem\",\"position\":3,\"name\":\"Po\u00eale \u00e0 bois Scan-Line 900 HETA noir Pierre Ollaire vitres Lat\u00e9rales\"}]},{\"@type\":\"WebSite\",\"@id\":\"https:\/\/magiedufeu.ch\/#website\",\"url\":\"https:\/\/magiedufeu.ch\/\",\"name\":\"Mosoni-Vuissoz Magie du Feu\",\"description\":\"\",\"publisher\":{\"@id\":\"https:\/\/magiedufeu.ch\/#organization\"},\"potentialAction\":[{\"@type\":\"SearchAction\",\"target\":{\"@type\":\"EntryPoint\",\"urlTemplate\":\"https:\/\/magiedufeu.ch\/?s={search_term_string}\"},\"query-input\":{\"@type\":\"PropertyValueSpecification\",\"valueRequired\":true,\"valueName\":\"search_term_string\"}}],\"inLanguage\":\"fr-FR\"},{\"@type\":\"Organization\",\"@id\":\"https:\/\/magiedufeu.ch\/#organization\",\"name\":\"Mosoni-Vuissoz Magie du Feu\",\"url\":\"https:\/\/magiedufeu.ch\/\",\"logo\":{\"@type\":\"ImageObject\",\"inLanguage\":\"fr-FR\",\"@id\":\"https:\/\/magiedufeu.ch\/#\/schema\/logo\/image\/\",\"url\":\"https:\/\/magiedufeu.ch\/wp-content\/uploads\/2021\/06\/Mosoni-Vuissoz-logo-1024x536-1-46d285e0.png\",\"contentUrl\":\"https:\/\/magiedufeu.ch\/wp-content\/uploads\/2021\/06\/Mosoni-Vuissoz-logo-1024x536-1-46d285e0.png\",\"width\":200,\"height\":105,\"caption\":\"Mosoni-Vuissoz Magie du Feu\"},\"image\":{\"@id\":\"https:\/\/magiedufeu.ch\/#\/schema\/logo\/image\/\"},\"sameAs\":[\"https:\/\/www.facebook.com\/magiedufeu.mdf\/\"]}]}<\/script>\n<!-- \/ Yoast SEO plugin. -->","yoast_head_json":{"title":"Po\u00eale \u00e0 bois Scan-Line 900 HETA noir Pierre Ollaire vitres Lat\u00e9rales - Mosoni-Vuissoz Magie du Feu","description":"Le po\u00eale \u00e0 bois Scan-Line 900 est superbe. Ses poign\u00e9es exclusives sont dissimul\u00e9es dans les courbes du po\u00eale et sont con\u00e7ues pour une utilisation facile \u2026","robots":{"index":"index","follow":"follow","max-snippet":"max-snippet:-1","max-image-preview":"max-image-preview:large","max-video-preview":"max-video-preview:-1"},"canonical":"https:\/\/magiedufeu.ch\/fr\/produit\/poele-a-bois-900-heta-pierre-ollaire\/","og_locale":"fr_FR","og_type":"article","og_title":"Po\u00eale \u00e0 bois Scan-Line 900 HETA noir Pierre Ollaire vitres Lat\u00e9rales - Mosoni-Vuissoz Magie du Feu","og_description":"Le po\u00eale \u00e0 bois Scan-Line 900 est superbe. Ses poign\u00e9es exclusives sont dissimul\u00e9es dans les courbes du po\u00eale et sont con\u00e7ues pour une utilisation facile \u2026","og_url":"https:\/\/magiedufeu.ch\/fr\/produit\/poele-a-bois-900-heta-pierre-ollaire\/","og_site_name":"Mosoni-Vuissoz Magie du Feu","article_publisher":"https:\/\/www.facebook.com\/magiedufeu.mdf\/","article_modified_time":"2026-03-14T08:42:58+00:00","og_image":[{"width":1080,"height":1080,"url":"https:\/\/magiedufeu.ch\/wp-content\/uploads\/2022\/10\/Design-sans-titre-40.png?wsr","type":"image\/png"}],"twitter_card":"summary_large_image","twitter_misc":{"Dur\u00e9e de lecture estim\u00e9e":"1 minute"},"schema":{"@context":"https:\/\/schema.org","@graph":[{"@type":"WebPage","@id":"https:\/\/magiedufeu.ch\/fr\/produit\/poele-a-bois-900-heta-pierre-ollaire\/","url":"https:\/\/magiedufeu.ch\/fr\/produit\/poele-a-bois-900-heta-pierre-ollaire\/","name":"Po\u00eale \u00e0 bois Scan-Line 900 HETA noir Pierre Ollaire vitres Lat\u00e9rales - Mosoni-Vuissoz Magie du Feu","isPartOf":{"@id":"https:\/\/magiedufeu.ch\/#website"},"primaryImageOfPage":{"@id":"https:\/\/magiedufeu.ch\/fr\/produit\/poele-a-bois-900-heta-pierre-ollaire\/#primaryimage"},"image":{"@id":"https:\/\/magiedufeu.ch\/fr\/produit\/poele-a-bois-900-heta-pierre-ollaire\/#primaryimage"},"thumbnailUrl":"https:\/\/magiedufeu.ch\/wp-content\/uploads\/2022\/10\/Design-sans-titre-40.png?wsr","datePublished":"2022-10-21T15:25:58+00:00","dateModified":"2026-03-14T08:42:58+00:00","description":"Le po\u00eale \u00e0 bois Scan-Line 900 est superbe. Ses poign\u00e9es exclusives sont dissimul\u00e9es dans les courbes du po\u00eale et sont con\u00e7ues pour une utilisation facile \u2026","breadcrumb":{"@id":"https:\/\/magiedufeu.ch\/fr\/produit\/poele-a-bois-900-heta-pierre-ollaire\/#breadcrumb"},"inLanguage":"fr-FR","potentialAction":[{"@type":"ReadAction","target":["https:\/\/magiedufeu.ch\/fr\/produit\/poele-a-bois-900-heta-pierre-ollaire\/"]}]},{"@type":"ImageObject","inLanguage":"fr-FR","@id":"https:\/\/magiedufeu.ch\/fr\/produit\/poele-a-bois-900-heta-pierre-ollaire\/#primaryimage","url":"https:\/\/magiedufeu.ch\/wp-content\/uploads\/2022\/10\/Design-sans-titre-40.png?wsr","contentUrl":"https:\/\/magiedufeu.ch\/wp-content\/uploads\/2022\/10\/Design-sans-titre-40.png?wsr","width":1080,"height":1080},{"@type":"BreadcrumbList","@id":"https:\/\/magiedufeu.ch\/fr\/produit\/poele-a-bois-900-heta-pierre-ollaire\/#breadcrumb","itemListElement":[{"@type":"ListItem","position":1,"name":"Accueil","item":"https:\/\/magiedufeu.ch\/"},{"@type":"ListItem","position":2,"name":"Boutique","item":"https:\/\/magiedufeu.ch\/fr\/boutique\/"},{"@type":"ListItem","position":3,"name":"Po\u00eale \u00e0 bois Scan-Line 900 HETA noir Pierre Ollaire vitres Lat\u00e9rales"}]},{"@type":"WebSite","@id":"https:\/\/magiedufeu.ch\/#website","url":"https:\/\/magiedufeu.ch\/","name":"Mosoni-Vuissoz Magie du Feu","description":"","publisher":{"@id":"https:\/\/magiedufeu.ch\/#organization"},"potentialAction":[{"@type":"SearchAction","target":{"@type":"EntryPoint","urlTemplate":"https:\/\/magiedufeu.ch\/?s={search_term_string}"},"query-input":{"@type":"PropertyValueSpecification","valueRequired":true,"valueName":"search_term_string"}}],"inLanguage":"fr-FR"},{"@type":"Organization","@id":"https:\/\/magiedufeu.ch\/#organization","name":"Mosoni-Vuissoz Magie du Feu","url":"https:\/\/magiedufeu.ch\/","logo":{"@type":"ImageObject","inLanguage":"fr-FR","@id":"https:\/\/magiedufeu.ch\/#\/schema\/logo\/image\/","url":"https:\/\/magiedufeu.ch\/wp-content\/uploads\/2021\/06\/Mosoni-Vuissoz-logo-1024x536-1-46d285e0.png","contentUrl":"https:\/\/magiedufeu.ch\/wp-content\/uploads\/2021\/06\/Mosoni-Vuissoz-logo-1024x536-1-46d285e0.png","width":200,"height":105,"caption":"Mosoni-Vuissoz Magie du Feu"},"image":{"@id":"https:\/\/magiedufeu.ch\/#\/schema\/logo\/image\/"},"sameAs":["https:\/\/www.facebook.com\/magiedufeu.mdf\/"]}]}},"_links":{"self":[{"href":"https:\/\/magiedufeu.ch\/fr\/wp-json\/wp\/v2\/product\/3178","targetHints":{"allow":["GET"]}}],"collection":[{"href":"https:\/\/magiedufeu.ch\/fr\/wp-json\/wp\/v2\/product"}],"about":[{"href":"https:\/\/magiedufeu.ch\/fr\/wp-json\/wp\/v2\/types\/product"}],"replies":[{"embeddable":true,"href":"https:\/\/magiedufeu.ch\/fr\/wp-json\/wp\/v2\/comments?post=3178"}],"wp:featuredmedia":[{"embeddable":true,"href":"https:\/\/magiedufeu.ch\/fr\/wp-json\/wp\/v2\/media\/11364"}],"wp:attachment":[{"href":"https:\/\/magiedufeu.ch\/fr\/wp-json\/wp\/v2\/media?parent=3178"}],"wp:term":[{"taxonomy":"product_cat","embeddable":true,"href":"https:\/\/magiedufeu.ch\/fr\/wp-json\/wp\/v2\/product_cat?post=3178"},{"taxonomy":"product_tag","embeddable":true,"href":"https:\/\/magiedufeu.ch\/fr\/wp-json\/wp\/v2\/product_tag?post=3178"}],"curies":[{"name":"wp","href":"https:\/\/api.w.org\/{rel}","templated":true}]}}