{"id":3122,"date":"2022-10-21T15:25:10","date_gmt":"2022-10-21T15:25:10","guid":{"rendered":"https:\/\/magiedufeu.ch\/?post_type=product&#038;p=3122"},"modified":"2023-01-13T09:06:50","modified_gmt":"2023-01-13T09:06:50","slug":"hygrometre-thermometre-chamois","status":"publish","type":"product","link":"https:\/\/magiedufeu.ch\/fr\/produit\/hygrometre-thermometre-chamois\/","title":{"rendered":"HYGROM\u00c8TRE\/ THERMOM\u00c8TRE CHAMOIS"},"content":{"rendered":"<p>MOD\u00c8LE EXPO<\/p>\n<p>HYGROM\u00c8TRE ET THERMOM\u00c8TRE AVEC CHAMOIS<\/p>\n","protected":false},"excerpt":{"rendered":"<p>MOD\u00c8LE EXPO HYGROM\u00c8TRE ET THERMOM\u00c8TRE AVEC CHAMOIS<\/p>\n","protected":false},"featured_media":3181,"comment_status":"closed","ping_status":"closed","template":"","meta":[],"product_cat":[204,202,200],"product_tag":[],"class_list":{"0":"post-3122","1":"product","2":"type-product","3":"status-publish","4":"has-post-thumbnail","6":"product_cat-accessoires-de-cheminees","7":"product_cat-accessoires-decoratifs","8":"product_cat-accessoires-et-combustibles","9":"product_shipping_class-articles-moyens-28-chf-14-chf-piece","11":"first","12":"outofstock","13":"taxable","14":"shipping-taxable","15":"purchasable","16":"product-type-simple"},"yoast_head":"<!-- This site is optimized with the Yoast SEO plugin v23.7 - https:\/\/yoast.com\/wordpress\/plugins\/seo\/ -->\n<title>HYGROM\u00c8TRE\/ THERMOM\u00c8TRE CHAMOIS - Mosoni-Vuissoz Magie du Feu<\/title>\n<meta name=\"robots\" content=\"index, follow, max-snippet:-1, max-image-preview:large, max-video-preview:-1\" \/>\n<link rel=\"canonical\" href=\"https:\/\/magiedufeu.ch\/fr\/produit\/hygrometre-thermometre-chamois\/\" \/>\n<meta property=\"og:locale\" content=\"fr_FR\" \/>\n<meta property=\"og:type\" content=\"article\" \/>\n<meta property=\"og:title\" content=\"HYGROM\u00c8TRE\/ THERMOM\u00c8TRE CHAMOIS - Mosoni-Vuissoz Magie du Feu\" \/>\n<meta property=\"og:description\" content=\"MOD\u00c8LE EXPO HYGROM\u00c8TRE ET THERMOM\u00c8TRE AVEC CHAMOIS\" \/>\n<meta property=\"og:url\" content=\"https:\/\/magiedufeu.ch\/fr\/produit\/hygrometre-thermometre-chamois\/\" \/>\n<meta property=\"og:site_name\" content=\"Mosoni-Vuissoz Magie du Feu\" \/>\n<meta property=\"article:publisher\" content=\"https:\/\/www.facebook.com\/magiedufeu.mdf\/\" \/>\n<meta property=\"article:modified_time\" content=\"2023-01-13T09:06:50+00:00\" \/>\n<meta property=\"og:image\" content=\"https:\/\/magiedufeu.ch\/wp-content\/uploads\/2022\/10\/chamois-temperature.jpg\" \/>\n\t<meta property=\"og:image:width\" content=\"1080\" \/>\n\t<meta property=\"og:image:height\" content=\"1920\" \/>\n\t<meta property=\"og:image:type\" content=\"image\/jpeg\" \/>\n<meta name=\"twitter:card\" content=\"summary_large_image\" \/>\n<script type=\"application\/ld+json\" class=\"yoast-schema-graph\">{\"@context\":\"https:\/\/schema.org\",\"@graph\":[{\"@type\":\"WebPage\",\"@id\":\"https:\/\/magiedufeu.ch\/fr\/produit\/hygrometre-thermometre-chamois\/\",\"url\":\"https:\/\/magiedufeu.ch\/fr\/produit\/hygrometre-thermometre-chamois\/\",\"name\":\"HYGROM\u00c8TRE\/ THERMOM\u00c8TRE CHAMOIS - Mosoni-Vuissoz Magie du Feu\",\"isPartOf\":{\"@id\":\"https:\/\/magiedufeu.ch\/#website\"},\"primaryImageOfPage\":{\"@id\":\"https:\/\/magiedufeu.ch\/fr\/produit\/hygrometre-thermometre-chamois\/#primaryimage\"},\"image\":{\"@id\":\"https:\/\/magiedufeu.ch\/fr\/produit\/hygrometre-thermometre-chamois\/#primaryimage\"},\"thumbnailUrl\":\"https:\/\/magiedufeu.ch\/wp-content\/uploads\/2022\/10\/chamois-temperature.jpg?wsr\",\"datePublished\":\"2022-10-21T15:25:10+00:00\",\"dateModified\":\"2023-01-13T09:06:50+00:00\",\"breadcrumb\":{\"@id\":\"https:\/\/magiedufeu.ch\/fr\/produit\/hygrometre-thermometre-chamois\/#breadcrumb\"},\"inLanguage\":\"fr-FR\",\"potentialAction\":[{\"@type\":\"ReadAction\",\"target\":[\"https:\/\/magiedufeu.ch\/fr\/produit\/hygrometre-thermometre-chamois\/\"]}]},{\"@type\":\"ImageObject\",\"inLanguage\":\"fr-FR\",\"@id\":\"https:\/\/magiedufeu.ch\/fr\/produit\/hygrometre-thermometre-chamois\/#primaryimage\",\"url\":\"https:\/\/magiedufeu.ch\/wp-content\/uploads\/2022\/10\/chamois-temperature.jpg?wsr\",\"contentUrl\":\"https:\/\/magiedufeu.ch\/wp-content\/uploads\/2022\/10\/chamois-temperature.jpg?wsr\",\"width\":1080,\"height\":1920},{\"@type\":\"BreadcrumbList\",\"@id\":\"https:\/\/magiedufeu.ch\/fr\/produit\/hygrometre-thermometre-chamois\/#breadcrumb\",\"itemListElement\":[{\"@type\":\"ListItem\",\"position\":1,\"name\":\"Accueil\",\"item\":\"https:\/\/magiedufeu.ch\/\"},{\"@type\":\"ListItem\",\"position\":2,\"name\":\"Boutique\",\"item\":\"https:\/\/magiedufeu.ch\/fr\/boutique\/\"},{\"@type\":\"ListItem\",\"position\":3,\"name\":\"HYGROM\u00c8TRE\/ THERMOM\u00c8TRE CHAMOIS\"}]},{\"@type\":\"WebSite\",\"@id\":\"https:\/\/magiedufeu.ch\/#website\",\"url\":\"https:\/\/magiedufeu.ch\/\",\"name\":\"Mosoni-Vuissoz Magie du Feu\",\"description\":\"\",\"publisher\":{\"@id\":\"https:\/\/magiedufeu.ch\/#organization\"},\"potentialAction\":[{\"@type\":\"SearchAction\",\"target\":{\"@type\":\"EntryPoint\",\"urlTemplate\":\"https:\/\/magiedufeu.ch\/?s={search_term_string}\"},\"query-input\":{\"@type\":\"PropertyValueSpecification\",\"valueRequired\":true,\"valueName\":\"search_term_string\"}}],\"inLanguage\":\"fr-FR\"},{\"@type\":\"Organization\",\"@id\":\"https:\/\/magiedufeu.ch\/#organization\",\"name\":\"Mosoni-Vuissoz Magie du Feu\",\"url\":\"https:\/\/magiedufeu.ch\/\",\"logo\":{\"@type\":\"ImageObject\",\"inLanguage\":\"fr-FR\",\"@id\":\"https:\/\/magiedufeu.ch\/#\/schema\/logo\/image\/\",\"url\":\"https:\/\/magiedufeu.ch\/wp-content\/uploads\/2021\/06\/Mosoni-Vuissoz-logo-1024x536-1-46d285e0.png\",\"contentUrl\":\"https:\/\/magiedufeu.ch\/wp-content\/uploads\/2021\/06\/Mosoni-Vuissoz-logo-1024x536-1-46d285e0.png\",\"width\":200,\"height\":105,\"caption\":\"Mosoni-Vuissoz Magie du Feu\"},\"image\":{\"@id\":\"https:\/\/magiedufeu.ch\/#\/schema\/logo\/image\/\"},\"sameAs\":[\"https:\/\/www.facebook.com\/magiedufeu.mdf\/\"]}]}<\/script>\n<!-- \/ Yoast SEO plugin. -->","yoast_head_json":{"title":"HYGROM\u00c8TRE\/ THERMOM\u00c8TRE CHAMOIS - Mosoni-Vuissoz Magie du Feu","robots":{"index":"index","follow":"follow","max-snippet":"max-snippet:-1","max-image-preview":"max-image-preview:large","max-video-preview":"max-video-preview:-1"},"canonical":"https:\/\/magiedufeu.ch\/fr\/produit\/hygrometre-thermometre-chamois\/","og_locale":"fr_FR","og_type":"article","og_title":"HYGROM\u00c8TRE\/ THERMOM\u00c8TRE CHAMOIS - Mosoni-Vuissoz Magie du Feu","og_description":"MOD\u00c8LE EXPO HYGROM\u00c8TRE ET THERMOM\u00c8TRE AVEC CHAMOIS","og_url":"https:\/\/magiedufeu.ch\/fr\/produit\/hygrometre-thermometre-chamois\/","og_site_name":"Mosoni-Vuissoz Magie du Feu","article_publisher":"https:\/\/www.facebook.com\/magiedufeu.mdf\/","article_modified_time":"2023-01-13T09:06:50+00:00","og_image":[{"width":1080,"height":1920,"url":"https:\/\/magiedufeu.ch\/wp-content\/uploads\/2022\/10\/chamois-temperature.jpg","type":"image\/jpeg"}],"twitter_card":"summary_large_image","schema":{"@context":"https:\/\/schema.org","@graph":[{"@type":"WebPage","@id":"https:\/\/magiedufeu.ch\/fr\/produit\/hygrometre-thermometre-chamois\/","url":"https:\/\/magiedufeu.ch\/fr\/produit\/hygrometre-thermometre-chamois\/","name":"HYGROM\u00c8TRE\/ THERMOM\u00c8TRE CHAMOIS - Mosoni-Vuissoz Magie du Feu","isPartOf":{"@id":"https:\/\/magiedufeu.ch\/#website"},"primaryImageOfPage":{"@id":"https:\/\/magiedufeu.ch\/fr\/produit\/hygrometre-thermometre-chamois\/#primaryimage"},"image":{"@id":"https:\/\/magiedufeu.ch\/fr\/produit\/hygrometre-thermometre-chamois\/#primaryimage"},"thumbnailUrl":"https:\/\/magiedufeu.ch\/wp-content\/uploads\/2022\/10\/chamois-temperature.jpg?wsr","datePublished":"2022-10-21T15:25:10+00:00","dateModified":"2023-01-13T09:06:50+00:00","breadcrumb":{"@id":"https:\/\/magiedufeu.ch\/fr\/produit\/hygrometre-thermometre-chamois\/#breadcrumb"},"inLanguage":"fr-FR","potentialAction":[{"@type":"ReadAction","target":["https:\/\/magiedufeu.ch\/fr\/produit\/hygrometre-thermometre-chamois\/"]}]},{"@type":"ImageObject","inLanguage":"fr-FR","@id":"https:\/\/magiedufeu.ch\/fr\/produit\/hygrometre-thermometre-chamois\/#primaryimage","url":"https:\/\/magiedufeu.ch\/wp-content\/uploads\/2022\/10\/chamois-temperature.jpg?wsr","contentUrl":"https:\/\/magiedufeu.ch\/wp-content\/uploads\/2022\/10\/chamois-temperature.jpg?wsr","width":1080,"height":1920},{"@type":"BreadcrumbList","@id":"https:\/\/magiedufeu.ch\/fr\/produit\/hygrometre-thermometre-chamois\/#breadcrumb","itemListElement":[{"@type":"ListItem","position":1,"name":"Accueil","item":"https:\/\/magiedufeu.ch\/"},{"@type":"ListItem","position":2,"name":"Boutique","item":"https:\/\/magiedufeu.ch\/fr\/boutique\/"},{"@type":"ListItem","position":3,"name":"HYGROM\u00c8TRE\/ THERMOM\u00c8TRE CHAMOIS"}]},{"@type":"WebSite","@id":"https:\/\/magiedufeu.ch\/#website","url":"https:\/\/magiedufeu.ch\/","name":"Mosoni-Vuissoz Magie du Feu","description":"","publisher":{"@id":"https:\/\/magiedufeu.ch\/#organization"},"potentialAction":[{"@type":"SearchAction","target":{"@type":"EntryPoint","urlTemplate":"https:\/\/magiedufeu.ch\/?s={search_term_string}"},"query-input":{"@type":"PropertyValueSpecification","valueRequired":true,"valueName":"search_term_string"}}],"inLanguage":"fr-FR"},{"@type":"Organization","@id":"https:\/\/magiedufeu.ch\/#organization","name":"Mosoni-Vuissoz Magie du Feu","url":"https:\/\/magiedufeu.ch\/","logo":{"@type":"ImageObject","inLanguage":"fr-FR","@id":"https:\/\/magiedufeu.ch\/#\/schema\/logo\/image\/","url":"https:\/\/magiedufeu.ch\/wp-content\/uploads\/2021\/06\/Mosoni-Vuissoz-logo-1024x536-1-46d285e0.png","contentUrl":"https:\/\/magiedufeu.ch\/wp-content\/uploads\/2021\/06\/Mosoni-Vuissoz-logo-1024x536-1-46d285e0.png","width":200,"height":105,"caption":"Mosoni-Vuissoz Magie du Feu"},"image":{"@id":"https:\/\/magiedufeu.ch\/#\/schema\/logo\/image\/"},"sameAs":["https:\/\/www.facebook.com\/magiedufeu.mdf\/"]}]}},"_links":{"self":[{"href":"https:\/\/magiedufeu.ch\/fr\/wp-json\/wp\/v2\/product\/3122","targetHints":{"allow":["GET"]}}],"collection":[{"href":"https:\/\/magiedufeu.ch\/fr\/wp-json\/wp\/v2\/product"}],"about":[{"href":"https:\/\/magiedufeu.ch\/fr\/wp-json\/wp\/v2\/types\/product"}],"replies":[{"embeddable":true,"href":"https:\/\/magiedufeu.ch\/fr\/wp-json\/wp\/v2\/comments?post=3122"}],"wp:featuredmedia":[{"embeddable":true,"href":"https:\/\/magiedufeu.ch\/fr\/wp-json\/wp\/v2\/media\/3181"}],"wp:attachment":[{"href":"https:\/\/magiedufeu.ch\/fr\/wp-json\/wp\/v2\/media?parent=3122"}],"wp:term":[{"taxonomy":"product_cat","embeddable":true,"href":"https:\/\/magiedufeu.ch\/fr\/wp-json\/wp\/v2\/product_cat?post=3122"},{"taxonomy":"product_tag","embeddable":true,"href":"https:\/\/magiedufeu.ch\/fr\/wp-json\/wp\/v2\/product_tag?post=3122"}],"curies":[{"name":"wp","href":"https:\/\/api.w.org\/{rel}","templated":true}]}}