{"id":3032,"date":"2022-10-21T15:23:00","date_gmt":"2022-10-21T15:23:00","guid":{"rendered":"https:\/\/magiedufeu.ch\/?post_type=product&#038;p=3032"},"modified":"2025-12-13T08:31:08","modified_gmt":"2025-12-13T08:31:08","slug":"poele-a-bois-ecosmall-metal","status":"publish","type":"product","link":"https:\/\/magiedufeu.ch\/fr\/produit\/poele-a-bois-ecosmall-metal\/","title":{"rendered":"Po\u00eale \u00e0 Bois ECOSMALL MAGIC FIRES M\u00e9tal"},"content":{"rendered":"<h2>Pourquoi choisir le po\u00eale \u00e0 bois Ecosmall Magic Fires ?<\/h2>\n<p>Ce magnifique po\u00eale \u00e0 bois est de taille moyenne, il s\u2019adapte \u00e0 tous les int\u00e9rieurs. En parlant d\u2019adaptation, sa forme ronde lui permet de trouver sa place dans chaque coin de votre maison. Selon l\u2019installation, vous pouvez faire pivoter le po\u00eale pour admirer le jeu des flammes, qu\u2019importe votre position dans la pi\u00e8ce. Selon vos envies, il existe une option vous permettant de rajouter une plaque en pierre ollaire sur le dessus du po\u00eale.<\/p>\n<h2>Les avantages du po\u00eale \u00e0 bois Ecosmall Magic Fires :<\/h2>\n<p>Ce po\u00eale \u00e0 bois est rond, il s\u2019adapte \u00e0 tous les angles de votre maison. Le foyer du po\u00eale peut accueillir des b\u00fbches allant jusqu\u2019\u00e0 33 cm de longueur. Selon vos pr\u00e9f\u00e9rences, il est possible de raccorder les arriv\u00e9es d\u2019air en dessous ou derri\u00e8re le po\u00eale. Pour les sorties de fum\u00e9es, elles peuvent se faire dessus ou derri\u00e8re le po\u00eale.<\/p>\n<h3>Caract\u00e9ristiques principales du produit :<\/h3>\n<p>Poids : 138 kg<\/p>\n<p>Puissance : 7 kW<\/p>\n<p>Rendement : 82 %<\/p>\n<p>Largeur : 508 mm<\/p>\n<p>Profondeur : 508 mm<\/p>\n<p>Hauteur : 1135 mm<\/p>\n<p>&nbsp;<\/p>\n<p><strong><a href=\"https:\/\/magiedufeu.ch\/wp-content\/uploads\/2025\/12\/Design-sans-titre.pdf\">FICHE TECHNIQUE.ECOSMALL<\/a><\/strong><\/p>\n","protected":false},"excerpt":{"rendered":"<p>Poids : 138kg<\/p>\n<p>Puissance : 7kW<\/p>\n<p>Rendement : 82%<\/p>\n<p>Largeur : 508mm<\/p>\n<p>Profondeur : 508mm<\/p>\n<p>Hauteur : 1135mm<\/p>\n","protected":false},"featured_media":12707,"comment_status":"closed","ping_status":"closed","template":"","meta":[],"product_cat":[210,207],"product_tag":[],"class_list":{"0":"post-3032","1":"product","2":"type-product","3":"status-publish","4":"has-post-thumbnail","6":"product_cat-bois-fr","7":"product_cat-poeles","9":"first","10":"instock","11":"taxable","12":"shipping-taxable","13":"purchasable","14":"product-type-variable","15":"has-default-attributes"},"yoast_head":"<!-- This site is optimized with the Yoast SEO plugin v23.7 - https:\/\/yoast.com\/wordpress\/plugins\/seo\/ -->\n<title>Po\u00eale \u00e0 Bois ECOSMALL MAGIC FIRES M\u00e9tal - Mosoni-Vuissoz Magie du Feu<\/title>\n<meta name=\"description\" content=\"Ce magnifique po\u00eale \u00e0 bois est de taille moyenne, il s\u2019adapte \u00e0 tous les foyers. En parlant d\u2019adaptation, sa forme ronde lui permet de trouver sa place \u2026\" \/>\n<meta name=\"robots\" content=\"index, follow, max-snippet:-1, max-image-preview:large, max-video-preview:-1\" \/>\n<link rel=\"canonical\" href=\"https:\/\/magiedufeu.ch\/fr\/produit\/poele-a-bois-ecosmall-metal\/\" \/>\n<meta property=\"og:locale\" content=\"fr_FR\" \/>\n<meta property=\"og:type\" content=\"article\" \/>\n<meta property=\"og:title\" content=\"Po\u00eale \u00e0 Bois ECOSMALL MAGIC FIRES M\u00e9tal - Mosoni-Vuissoz Magie du Feu\" \/>\n<meta property=\"og:description\" content=\"Ce magnifique po\u00eale \u00e0 bois est de taille moyenne, il s\u2019adapte \u00e0 tous les foyers. En parlant d\u2019adaptation, sa forme ronde lui permet de trouver sa place \u2026\" \/>\n<meta property=\"og:url\" content=\"https:\/\/magiedufeu.ch\/fr\/produit\/poele-a-bois-ecosmall-metal\/\" \/>\n<meta property=\"og:site_name\" content=\"Mosoni-Vuissoz Magie du Feu\" \/>\n<meta property=\"article:publisher\" content=\"https:\/\/www.facebook.com\/magiedufeu.mdf\/\" \/>\n<meta property=\"article:modified_time\" content=\"2025-12-13T08:31:08+00:00\" \/>\n<meta property=\"og:image\" content=\"https:\/\/magiedufeu.ch\/wp-content\/uploads\/2022\/10\/Design-sans-titre-_54_.webp?wsr\" \/>\n\t<meta property=\"og:image:width\" content=\"1080\" \/>\n\t<meta property=\"og:image:height\" content=\"1080\" \/>\n\t<meta property=\"og:image:type\" content=\"image\/webp\" \/>\n<meta name=\"twitter:card\" content=\"summary_large_image\" \/>\n<meta name=\"twitter:label1\" content=\"Dur\u00e9e de lecture estim\u00e9e\" \/>\n\t<meta name=\"twitter:data1\" content=\"2 minutes\" \/>\n<script type=\"application\/ld+json\" class=\"yoast-schema-graph\">{\"@context\":\"https:\/\/schema.org\",\"@graph\":[{\"@type\":\"WebPage\",\"@id\":\"https:\/\/magiedufeu.ch\/fr\/produit\/poele-a-bois-ecosmall-metal\/\",\"url\":\"https:\/\/magiedufeu.ch\/fr\/produit\/poele-a-bois-ecosmall-metal\/\",\"name\":\"Po\u00eale \u00e0 Bois ECOSMALL MAGIC FIRES M\u00e9tal - Mosoni-Vuissoz Magie du Feu\",\"isPartOf\":{\"@id\":\"https:\/\/magiedufeu.ch\/#website\"},\"primaryImageOfPage\":{\"@id\":\"https:\/\/magiedufeu.ch\/fr\/produit\/poele-a-bois-ecosmall-metal\/#primaryimage\"},\"image\":{\"@id\":\"https:\/\/magiedufeu.ch\/fr\/produit\/poele-a-bois-ecosmall-metal\/#primaryimage\"},\"thumbnailUrl\":\"https:\/\/magiedufeu.ch\/wp-content\/uploads\/2022\/10\/Design-sans-titre-_54_.webp?wsr\",\"datePublished\":\"2022-10-21T15:23:00+00:00\",\"dateModified\":\"2025-12-13T08:31:08+00:00\",\"description\":\"Ce magnifique po\u00eale \u00e0 bois est de taille moyenne, il s\u2019adapte \u00e0 tous les foyers. En parlant d\u2019adaptation, sa forme ronde lui permet de trouver sa place \u2026\",\"breadcrumb\":{\"@id\":\"https:\/\/magiedufeu.ch\/fr\/produit\/poele-a-bois-ecosmall-metal\/#breadcrumb\"},\"inLanguage\":\"fr-FR\",\"potentialAction\":[{\"@type\":\"ReadAction\",\"target\":[\"https:\/\/magiedufeu.ch\/fr\/produit\/poele-a-bois-ecosmall-metal\/\"]}]},{\"@type\":\"ImageObject\",\"inLanguage\":\"fr-FR\",\"@id\":\"https:\/\/magiedufeu.ch\/fr\/produit\/poele-a-bois-ecosmall-metal\/#primaryimage\",\"url\":\"https:\/\/magiedufeu.ch\/wp-content\/uploads\/2022\/10\/Design-sans-titre-_54_.webp?wsr\",\"contentUrl\":\"https:\/\/magiedufeu.ch\/wp-content\/uploads\/2022\/10\/Design-sans-titre-_54_.webp?wsr\",\"width\":1080,\"height\":1080},{\"@type\":\"BreadcrumbList\",\"@id\":\"https:\/\/magiedufeu.ch\/fr\/produit\/poele-a-bois-ecosmall-metal\/#breadcrumb\",\"itemListElement\":[{\"@type\":\"ListItem\",\"position\":1,\"name\":\"Accueil\",\"item\":\"https:\/\/magiedufeu.ch\/\"},{\"@type\":\"ListItem\",\"position\":2,\"name\":\"Boutique\",\"item\":\"https:\/\/magiedufeu.ch\/fr\/boutique\/\"},{\"@type\":\"ListItem\",\"position\":3,\"name\":\"Po\u00eale \u00e0 Bois ECOSMALL MAGIC FIRES M\u00e9tal\"}]},{\"@type\":\"WebSite\",\"@id\":\"https:\/\/magiedufeu.ch\/#website\",\"url\":\"https:\/\/magiedufeu.ch\/\",\"name\":\"Mosoni-Vuissoz Magie du Feu\",\"description\":\"\",\"publisher\":{\"@id\":\"https:\/\/magiedufeu.ch\/#organization\"},\"potentialAction\":[{\"@type\":\"SearchAction\",\"target\":{\"@type\":\"EntryPoint\",\"urlTemplate\":\"https:\/\/magiedufeu.ch\/?s={search_term_string}\"},\"query-input\":{\"@type\":\"PropertyValueSpecification\",\"valueRequired\":true,\"valueName\":\"search_term_string\"}}],\"inLanguage\":\"fr-FR\"},{\"@type\":\"Organization\",\"@id\":\"https:\/\/magiedufeu.ch\/#organization\",\"name\":\"Mosoni-Vuissoz Magie du Feu\",\"url\":\"https:\/\/magiedufeu.ch\/\",\"logo\":{\"@type\":\"ImageObject\",\"inLanguage\":\"fr-FR\",\"@id\":\"https:\/\/magiedufeu.ch\/#\/schema\/logo\/image\/\",\"url\":\"https:\/\/magiedufeu.ch\/wp-content\/uploads\/2021\/06\/Mosoni-Vuissoz-logo-1024x536-1-46d285e0.png\",\"contentUrl\":\"https:\/\/magiedufeu.ch\/wp-content\/uploads\/2021\/06\/Mosoni-Vuissoz-logo-1024x536-1-46d285e0.png\",\"width\":200,\"height\":105,\"caption\":\"Mosoni-Vuissoz Magie du Feu\"},\"image\":{\"@id\":\"https:\/\/magiedufeu.ch\/#\/schema\/logo\/image\/\"},\"sameAs\":[\"https:\/\/www.facebook.com\/magiedufeu.mdf\/\"]}]}<\/script>\n<!-- \/ Yoast SEO plugin. -->","yoast_head_json":{"title":"Po\u00eale \u00e0 Bois ECOSMALL MAGIC FIRES M\u00e9tal - Mosoni-Vuissoz Magie du Feu","description":"Ce magnifique po\u00eale \u00e0 bois est de taille moyenne, il s\u2019adapte \u00e0 tous les foyers. En parlant d\u2019adaptation, sa forme ronde lui permet de trouver sa place \u2026","robots":{"index":"index","follow":"follow","max-snippet":"max-snippet:-1","max-image-preview":"max-image-preview:large","max-video-preview":"max-video-preview:-1"},"canonical":"https:\/\/magiedufeu.ch\/fr\/produit\/poele-a-bois-ecosmall-metal\/","og_locale":"fr_FR","og_type":"article","og_title":"Po\u00eale \u00e0 Bois ECOSMALL MAGIC FIRES M\u00e9tal - Mosoni-Vuissoz Magie du Feu","og_description":"Ce magnifique po\u00eale \u00e0 bois est de taille moyenne, il s\u2019adapte \u00e0 tous les foyers. En parlant d\u2019adaptation, sa forme ronde lui permet de trouver sa place \u2026","og_url":"https:\/\/magiedufeu.ch\/fr\/produit\/poele-a-bois-ecosmall-metal\/","og_site_name":"Mosoni-Vuissoz Magie du Feu","article_publisher":"https:\/\/www.facebook.com\/magiedufeu.mdf\/","article_modified_time":"2025-12-13T08:31:08+00:00","og_image":[{"width":1080,"height":1080,"url":"https:\/\/magiedufeu.ch\/wp-content\/uploads\/2022\/10\/Design-sans-titre-_54_.webp?wsr","type":"image\/webp"}],"twitter_card":"summary_large_image","twitter_misc":{"Dur\u00e9e de lecture estim\u00e9e":"2 minutes"},"schema":{"@context":"https:\/\/schema.org","@graph":[{"@type":"WebPage","@id":"https:\/\/magiedufeu.ch\/fr\/produit\/poele-a-bois-ecosmall-metal\/","url":"https:\/\/magiedufeu.ch\/fr\/produit\/poele-a-bois-ecosmall-metal\/","name":"Po\u00eale \u00e0 Bois ECOSMALL MAGIC FIRES M\u00e9tal - Mosoni-Vuissoz Magie du Feu","isPartOf":{"@id":"https:\/\/magiedufeu.ch\/#website"},"primaryImageOfPage":{"@id":"https:\/\/magiedufeu.ch\/fr\/produit\/poele-a-bois-ecosmall-metal\/#primaryimage"},"image":{"@id":"https:\/\/magiedufeu.ch\/fr\/produit\/poele-a-bois-ecosmall-metal\/#primaryimage"},"thumbnailUrl":"https:\/\/magiedufeu.ch\/wp-content\/uploads\/2022\/10\/Design-sans-titre-_54_.webp?wsr","datePublished":"2022-10-21T15:23:00+00:00","dateModified":"2025-12-13T08:31:08+00:00","description":"Ce magnifique po\u00eale \u00e0 bois est de taille moyenne, il s\u2019adapte \u00e0 tous les foyers. En parlant d\u2019adaptation, sa forme ronde lui permet de trouver sa place \u2026","breadcrumb":{"@id":"https:\/\/magiedufeu.ch\/fr\/produit\/poele-a-bois-ecosmall-metal\/#breadcrumb"},"inLanguage":"fr-FR","potentialAction":[{"@type":"ReadAction","target":["https:\/\/magiedufeu.ch\/fr\/produit\/poele-a-bois-ecosmall-metal\/"]}]},{"@type":"ImageObject","inLanguage":"fr-FR","@id":"https:\/\/magiedufeu.ch\/fr\/produit\/poele-a-bois-ecosmall-metal\/#primaryimage","url":"https:\/\/magiedufeu.ch\/wp-content\/uploads\/2022\/10\/Design-sans-titre-_54_.webp?wsr","contentUrl":"https:\/\/magiedufeu.ch\/wp-content\/uploads\/2022\/10\/Design-sans-titre-_54_.webp?wsr","width":1080,"height":1080},{"@type":"BreadcrumbList","@id":"https:\/\/magiedufeu.ch\/fr\/produit\/poele-a-bois-ecosmall-metal\/#breadcrumb","itemListElement":[{"@type":"ListItem","position":1,"name":"Accueil","item":"https:\/\/magiedufeu.ch\/"},{"@type":"ListItem","position":2,"name":"Boutique","item":"https:\/\/magiedufeu.ch\/fr\/boutique\/"},{"@type":"ListItem","position":3,"name":"Po\u00eale \u00e0 Bois ECOSMALL MAGIC FIRES M\u00e9tal"}]},{"@type":"WebSite","@id":"https:\/\/magiedufeu.ch\/#website","url":"https:\/\/magiedufeu.ch\/","name":"Mosoni-Vuissoz Magie du Feu","description":"","publisher":{"@id":"https:\/\/magiedufeu.ch\/#organization"},"potentialAction":[{"@type":"SearchAction","target":{"@type":"EntryPoint","urlTemplate":"https:\/\/magiedufeu.ch\/?s={search_term_string}"},"query-input":{"@type":"PropertyValueSpecification","valueRequired":true,"valueName":"search_term_string"}}],"inLanguage":"fr-FR"},{"@type":"Organization","@id":"https:\/\/magiedufeu.ch\/#organization","name":"Mosoni-Vuissoz Magie du Feu","url":"https:\/\/magiedufeu.ch\/","logo":{"@type":"ImageObject","inLanguage":"fr-FR","@id":"https:\/\/magiedufeu.ch\/#\/schema\/logo\/image\/","url":"https:\/\/magiedufeu.ch\/wp-content\/uploads\/2021\/06\/Mosoni-Vuissoz-logo-1024x536-1-46d285e0.png","contentUrl":"https:\/\/magiedufeu.ch\/wp-content\/uploads\/2021\/06\/Mosoni-Vuissoz-logo-1024x536-1-46d285e0.png","width":200,"height":105,"caption":"Mosoni-Vuissoz Magie du Feu"},"image":{"@id":"https:\/\/magiedufeu.ch\/#\/schema\/logo\/image\/"},"sameAs":["https:\/\/www.facebook.com\/magiedufeu.mdf\/"]}]}},"_links":{"self":[{"href":"https:\/\/magiedufeu.ch\/fr\/wp-json\/wp\/v2\/product\/3032","targetHints":{"allow":["GET"]}}],"collection":[{"href":"https:\/\/magiedufeu.ch\/fr\/wp-json\/wp\/v2\/product"}],"about":[{"href":"https:\/\/magiedufeu.ch\/fr\/wp-json\/wp\/v2\/types\/product"}],"replies":[{"embeddable":true,"href":"https:\/\/magiedufeu.ch\/fr\/wp-json\/wp\/v2\/comments?post=3032"}],"wp:featuredmedia":[{"embeddable":true,"href":"https:\/\/magiedufeu.ch\/fr\/wp-json\/wp\/v2\/media\/12707"}],"wp:attachment":[{"href":"https:\/\/magiedufeu.ch\/fr\/wp-json\/wp\/v2\/media?parent=3032"}],"wp:term":[{"taxonomy":"product_cat","embeddable":true,"href":"https:\/\/magiedufeu.ch\/fr\/wp-json\/wp\/v2\/product_cat?post=3032"},{"taxonomy":"product_tag","embeddable":true,"href":"https:\/\/magiedufeu.ch\/fr\/wp-json\/wp\/v2\/product_tag?post=3032"}],"curies":[{"name":"wp","href":"https:\/\/api.w.org\/{rel}","templated":true}]}}