{"id":2998,"date":"2000-01-01T00:00:00","date_gmt":"2022-10-21T15:23:00","guid":{"rendered":"https:\/\/magiedufeu.ch\/?post_type=product&#038;p=2998"},"modified":"2026-02-03T10:15:02","modified_gmt":"2026-02-03T10:15:02","slug":"poele-a-bois-faro-cera-acier-noir","status":"publish","type":"product","link":"https:\/\/magiedufeu.ch\/fr\/produit\/poele-a-bois-faro-cera-acier-noir\/","title":{"rendered":"Po\u00eale \u00e0 bois FARO CERA en Acier Noir"},"content":{"rendered":"<h2>Pourquoi choisir le po\u00eale \u00e0 bois Faro Cera ?<\/h2>\n<p>Le po\u00eale FARO est le produit parfait pour tous ceux qui aspirent \u00e0 une maison confortable et chaleureuse. Son design intemporel et \u00e9l\u00e9gant embellira n\u2018importe quel espace et en fera un lieu de d\u00e9tente.<\/p>\n<h2>Les avantages du po\u00eale Faro Cera :<\/h2>\n<p>Avec sa vitre sans cadre \u00e0 180\u00b0, il offre une vue g\u00e9n\u00e9reuse sur le feu et cr\u00e9e ainsi une atmosph\u00e8re chaleureuse et confortable. Ce po\u00eale est non seulement beau \u00e0 regarder, mais aussi extr\u00eamement efficace, il a une puissance de chauffage \u00e9lev\u00e9e. Sa grande poign\u00e9e ergonomique vous assure plus de s\u00e9curit\u00e9 et de mall\u00e9abilit\u00e9 de la porte.<\/p>\n<h3>Caract\u00e9ristiques principales du produit :<\/h3>\n<p>Poids : 186 kg<\/p>\n<p>Puissance : 4-7 Kw<\/p>\n<p>Rendement : 78,9 %<\/p>\n<p>Largeur : 480 mm<\/p>\n<p>Profondeur : 480 mm<\/p>\n<p>Hauteur : 1620 mm<\/p>\n<p>&nbsp;<\/p>\n<p><strong><a href=\"https:\/\/magiedufeu.ch\/wp-content\/uploads\/2000\/01\/DATENBLATT.FARO_.pdf\">FICHE TECHNIQUE.FARO<\/a><\/strong><\/p>\n<p>&nbsp;<\/p>\n<p>&nbsp;<\/p>\n","protected":false},"excerpt":{"rendered":"<p>Poids : 186 kg<\/p>\n<p>Puissance : 4-7 Kw<\/p>\n<p>Rendement : 78,9 %<\/p>\n<p>Largeur : 480 mm<\/p>\n<p>Profondeur : 480 mm<\/p>\n<p>Hauteur : 1620 mm<\/p>\n","protected":false},"featured_media":12860,"comment_status":"closed","ping_status":"closed","template":"","meta":[],"product_cat":[210,207],"product_tag":[513,3686,677],"class_list":{"0":"post-2998","1":"product","2":"type-product","3":"status-publish","4":"has-post-thumbnail","6":"product_cat-bois-fr","7":"product_cat-poeles","8":"product_tag-couvercle","9":"product_tag-meov-e420","10":"product_tag-plancha-electrique","12":"first","13":"instock","14":"taxable","15":"shipping-taxable","16":"purchasable","17":"product-type-simple"},"yoast_head":"<!-- This site is optimized with the Yoast SEO plugin v23.7 - https:\/\/yoast.com\/wordpress\/plugins\/seo\/ -->\n<title>Po\u00eale \u00e0 bois FARO CERA en Acier Noir - Mosoni-Vuissoz Magie du Feu<\/title>\n<meta name=\"description\" content=\"Le po\u00eale FARO est le produit parfait pour tous ceux qui aspirent \u00e0 une maison confortable et chaleureuse. Son design intemporel et \u00e9l\u00e9gant ...\" \/>\n<meta name=\"robots\" content=\"index, follow, max-snippet:-1, max-image-preview:large, max-video-preview:-1\" \/>\n<link rel=\"canonical\" href=\"https:\/\/magiedufeu.ch\/fr\/produit\/poele-a-bois-faro-cera-acier-noir\/\" \/>\n<meta property=\"og:locale\" content=\"fr_FR\" \/>\n<meta property=\"og:type\" content=\"article\" \/>\n<meta property=\"og:title\" content=\"Po\u00eale \u00e0 bois FARO CERA en Acier Noir - Mosoni-Vuissoz Magie du Feu\" \/>\n<meta property=\"og:description\" content=\"Le po\u00eale FARO est le produit parfait pour tous ceux qui aspirent \u00e0 une maison confortable et chaleureuse. Son design intemporel et \u00e9l\u00e9gant ...\" \/>\n<meta property=\"og:url\" content=\"https:\/\/magiedufeu.ch\/fr\/produit\/poele-a-bois-faro-cera-acier-noir\/\" \/>\n<meta property=\"og:site_name\" content=\"Mosoni-Vuissoz Magie du Feu\" \/>\n<meta property=\"article:publisher\" content=\"https:\/\/www.facebook.com\/magiedufeu.mdf\/\" \/>\n<meta property=\"article:modified_time\" content=\"2026-02-03T10:15:02+00:00\" \/>\n<meta property=\"og:image\" content=\"https:\/\/magiedufeu.ch\/wp-content\/uploads\/2000\/01\/Poids-_-150-kg-Puissance-7-Kw-Rendement-80_8-_-Sortie-de-fumee-150-mm-Largeur-_-600-mm-Profondeur-_-4.webp?wsr\" \/>\n\t<meta property=\"og:image:width\" content=\"1080\" \/>\n\t<meta property=\"og:image:height\" content=\"1080\" \/>\n\t<meta property=\"og:image:type\" content=\"image\/webp\" \/>\n<meta name=\"twitter:card\" content=\"summary_large_image\" \/>\n<meta name=\"twitter:label1\" content=\"Dur\u00e9e de lecture estim\u00e9e\" \/>\n\t<meta name=\"twitter:data1\" content=\"1 minute\" \/>\n<script type=\"application\/ld+json\" class=\"yoast-schema-graph\">{\"@context\":\"https:\/\/schema.org\",\"@graph\":[{\"@type\":\"WebPage\",\"@id\":\"https:\/\/magiedufeu.ch\/fr\/produit\/poele-a-bois-faro-cera-acier-noir\/\",\"url\":\"https:\/\/magiedufeu.ch\/fr\/produit\/poele-a-bois-faro-cera-acier-noir\/\",\"name\":\"Po\u00eale \u00e0 bois FARO CERA en Acier Noir - Mosoni-Vuissoz Magie du Feu\",\"isPartOf\":{\"@id\":\"https:\/\/magiedufeu.ch\/#website\"},\"primaryImageOfPage\":{\"@id\":\"https:\/\/magiedufeu.ch\/fr\/produit\/poele-a-bois-faro-cera-acier-noir\/#primaryimage\"},\"image\":{\"@id\":\"https:\/\/magiedufeu.ch\/fr\/produit\/poele-a-bois-faro-cera-acier-noir\/#primaryimage\"},\"thumbnailUrl\":\"https:\/\/magiedufeu.ch\/wp-content\/uploads\/2000\/01\/Poids-_-150-kg-Puissance-7-Kw-Rendement-80_8-_-Sortie-de-fumee-150-mm-Largeur-_-600-mm-Profondeur-_-4.webp?wsr\",\"datePublished\":\"2022-10-21T15:23:00+00:00\",\"dateModified\":\"2026-02-03T10:15:02+00:00\",\"description\":\"Le po\u00eale FARO est le produit parfait pour tous ceux qui aspirent \u00e0 une maison confortable et chaleureuse. Son design intemporel et \u00e9l\u00e9gant ...\",\"breadcrumb\":{\"@id\":\"https:\/\/magiedufeu.ch\/fr\/produit\/poele-a-bois-faro-cera-acier-noir\/#breadcrumb\"},\"inLanguage\":\"fr-FR\",\"potentialAction\":[{\"@type\":\"ReadAction\",\"target\":[\"https:\/\/magiedufeu.ch\/fr\/produit\/poele-a-bois-faro-cera-acier-noir\/\"]}]},{\"@type\":\"ImageObject\",\"inLanguage\":\"fr-FR\",\"@id\":\"https:\/\/magiedufeu.ch\/fr\/produit\/poele-a-bois-faro-cera-acier-noir\/#primaryimage\",\"url\":\"https:\/\/magiedufeu.ch\/wp-content\/uploads\/2000\/01\/Poids-_-150-kg-Puissance-7-Kw-Rendement-80_8-_-Sortie-de-fumee-150-mm-Largeur-_-600-mm-Profondeur-_-4.webp?wsr\",\"contentUrl\":\"https:\/\/magiedufeu.ch\/wp-content\/uploads\/2000\/01\/Poids-_-150-kg-Puissance-7-Kw-Rendement-80_8-_-Sortie-de-fumee-150-mm-Largeur-_-600-mm-Profondeur-_-4.webp?wsr\",\"width\":1080,\"height\":1080},{\"@type\":\"BreadcrumbList\",\"@id\":\"https:\/\/magiedufeu.ch\/fr\/produit\/poele-a-bois-faro-cera-acier-noir\/#breadcrumb\",\"itemListElement\":[{\"@type\":\"ListItem\",\"position\":1,\"name\":\"Accueil\",\"item\":\"https:\/\/magiedufeu.ch\/\"},{\"@type\":\"ListItem\",\"position\":2,\"name\":\"Boutique\",\"item\":\"https:\/\/magiedufeu.ch\/fr\/boutique\/\"},{\"@type\":\"ListItem\",\"position\":3,\"name\":\"Po\u00eale \u00e0 bois FARO CERA en Acier Noir\"}]},{\"@type\":\"WebSite\",\"@id\":\"https:\/\/magiedufeu.ch\/#website\",\"url\":\"https:\/\/magiedufeu.ch\/\",\"name\":\"Mosoni-Vuissoz Magie du Feu\",\"description\":\"\",\"publisher\":{\"@id\":\"https:\/\/magiedufeu.ch\/#organization\"},\"potentialAction\":[{\"@type\":\"SearchAction\",\"target\":{\"@type\":\"EntryPoint\",\"urlTemplate\":\"https:\/\/magiedufeu.ch\/?s={search_term_string}\"},\"query-input\":{\"@type\":\"PropertyValueSpecification\",\"valueRequired\":true,\"valueName\":\"search_term_string\"}}],\"inLanguage\":\"fr-FR\"},{\"@type\":\"Organization\",\"@id\":\"https:\/\/magiedufeu.ch\/#organization\",\"name\":\"Mosoni-Vuissoz Magie du Feu\",\"url\":\"https:\/\/magiedufeu.ch\/\",\"logo\":{\"@type\":\"ImageObject\",\"inLanguage\":\"fr-FR\",\"@id\":\"https:\/\/magiedufeu.ch\/#\/schema\/logo\/image\/\",\"url\":\"https:\/\/magiedufeu.ch\/wp-content\/uploads\/2021\/06\/Mosoni-Vuissoz-logo-1024x536-1-46d285e0.png\",\"contentUrl\":\"https:\/\/magiedufeu.ch\/wp-content\/uploads\/2021\/06\/Mosoni-Vuissoz-logo-1024x536-1-46d285e0.png\",\"width\":200,\"height\":105,\"caption\":\"Mosoni-Vuissoz Magie du Feu\"},\"image\":{\"@id\":\"https:\/\/magiedufeu.ch\/#\/schema\/logo\/image\/\"},\"sameAs\":[\"https:\/\/www.facebook.com\/magiedufeu.mdf\/\"]}]}<\/script>\n<!-- \/ Yoast SEO plugin. -->","yoast_head_json":{"title":"Po\u00eale \u00e0 bois FARO CERA en Acier Noir - Mosoni-Vuissoz Magie du Feu","description":"Le po\u00eale FARO est le produit parfait pour tous ceux qui aspirent \u00e0 une maison confortable et chaleureuse. Son design intemporel et \u00e9l\u00e9gant ...","robots":{"index":"index","follow":"follow","max-snippet":"max-snippet:-1","max-image-preview":"max-image-preview:large","max-video-preview":"max-video-preview:-1"},"canonical":"https:\/\/magiedufeu.ch\/fr\/produit\/poele-a-bois-faro-cera-acier-noir\/","og_locale":"fr_FR","og_type":"article","og_title":"Po\u00eale \u00e0 bois FARO CERA en Acier Noir - Mosoni-Vuissoz Magie du Feu","og_description":"Le po\u00eale FARO est le produit parfait pour tous ceux qui aspirent \u00e0 une maison confortable et chaleureuse. Son design intemporel et \u00e9l\u00e9gant ...","og_url":"https:\/\/magiedufeu.ch\/fr\/produit\/poele-a-bois-faro-cera-acier-noir\/","og_site_name":"Mosoni-Vuissoz Magie du Feu","article_publisher":"https:\/\/www.facebook.com\/magiedufeu.mdf\/","article_modified_time":"2026-02-03T10:15:02+00:00","og_image":[{"width":1080,"height":1080,"url":"https:\/\/magiedufeu.ch\/wp-content\/uploads\/2000\/01\/Poids-_-150-kg-Puissance-7-Kw-Rendement-80_8-_-Sortie-de-fumee-150-mm-Largeur-_-600-mm-Profondeur-_-4.webp?wsr","type":"image\/webp"}],"twitter_card":"summary_large_image","twitter_misc":{"Dur\u00e9e de lecture estim\u00e9e":"1 minute"},"schema":{"@context":"https:\/\/schema.org","@graph":[{"@type":"WebPage","@id":"https:\/\/magiedufeu.ch\/fr\/produit\/poele-a-bois-faro-cera-acier-noir\/","url":"https:\/\/magiedufeu.ch\/fr\/produit\/poele-a-bois-faro-cera-acier-noir\/","name":"Po\u00eale \u00e0 bois FARO CERA en Acier Noir - Mosoni-Vuissoz Magie du Feu","isPartOf":{"@id":"https:\/\/magiedufeu.ch\/#website"},"primaryImageOfPage":{"@id":"https:\/\/magiedufeu.ch\/fr\/produit\/poele-a-bois-faro-cera-acier-noir\/#primaryimage"},"image":{"@id":"https:\/\/magiedufeu.ch\/fr\/produit\/poele-a-bois-faro-cera-acier-noir\/#primaryimage"},"thumbnailUrl":"https:\/\/magiedufeu.ch\/wp-content\/uploads\/2000\/01\/Poids-_-150-kg-Puissance-7-Kw-Rendement-80_8-_-Sortie-de-fumee-150-mm-Largeur-_-600-mm-Profondeur-_-4.webp?wsr","datePublished":"2022-10-21T15:23:00+00:00","dateModified":"2026-02-03T10:15:02+00:00","description":"Le po\u00eale FARO est le produit parfait pour tous ceux qui aspirent \u00e0 une maison confortable et chaleureuse. Son design intemporel et \u00e9l\u00e9gant ...","breadcrumb":{"@id":"https:\/\/magiedufeu.ch\/fr\/produit\/poele-a-bois-faro-cera-acier-noir\/#breadcrumb"},"inLanguage":"fr-FR","potentialAction":[{"@type":"ReadAction","target":["https:\/\/magiedufeu.ch\/fr\/produit\/poele-a-bois-faro-cera-acier-noir\/"]}]},{"@type":"ImageObject","inLanguage":"fr-FR","@id":"https:\/\/magiedufeu.ch\/fr\/produit\/poele-a-bois-faro-cera-acier-noir\/#primaryimage","url":"https:\/\/magiedufeu.ch\/wp-content\/uploads\/2000\/01\/Poids-_-150-kg-Puissance-7-Kw-Rendement-80_8-_-Sortie-de-fumee-150-mm-Largeur-_-600-mm-Profondeur-_-4.webp?wsr","contentUrl":"https:\/\/magiedufeu.ch\/wp-content\/uploads\/2000\/01\/Poids-_-150-kg-Puissance-7-Kw-Rendement-80_8-_-Sortie-de-fumee-150-mm-Largeur-_-600-mm-Profondeur-_-4.webp?wsr","width":1080,"height":1080},{"@type":"BreadcrumbList","@id":"https:\/\/magiedufeu.ch\/fr\/produit\/poele-a-bois-faro-cera-acier-noir\/#breadcrumb","itemListElement":[{"@type":"ListItem","position":1,"name":"Accueil","item":"https:\/\/magiedufeu.ch\/"},{"@type":"ListItem","position":2,"name":"Boutique","item":"https:\/\/magiedufeu.ch\/fr\/boutique\/"},{"@type":"ListItem","position":3,"name":"Po\u00eale \u00e0 bois FARO CERA en Acier Noir"}]},{"@type":"WebSite","@id":"https:\/\/magiedufeu.ch\/#website","url":"https:\/\/magiedufeu.ch\/","name":"Mosoni-Vuissoz Magie du Feu","description":"","publisher":{"@id":"https:\/\/magiedufeu.ch\/#organization"},"potentialAction":[{"@type":"SearchAction","target":{"@type":"EntryPoint","urlTemplate":"https:\/\/magiedufeu.ch\/?s={search_term_string}"},"query-input":{"@type":"PropertyValueSpecification","valueRequired":true,"valueName":"search_term_string"}}],"inLanguage":"fr-FR"},{"@type":"Organization","@id":"https:\/\/magiedufeu.ch\/#organization","name":"Mosoni-Vuissoz Magie du Feu","url":"https:\/\/magiedufeu.ch\/","logo":{"@type":"ImageObject","inLanguage":"fr-FR","@id":"https:\/\/magiedufeu.ch\/#\/schema\/logo\/image\/","url":"https:\/\/magiedufeu.ch\/wp-content\/uploads\/2021\/06\/Mosoni-Vuissoz-logo-1024x536-1-46d285e0.png","contentUrl":"https:\/\/magiedufeu.ch\/wp-content\/uploads\/2021\/06\/Mosoni-Vuissoz-logo-1024x536-1-46d285e0.png","width":200,"height":105,"caption":"Mosoni-Vuissoz Magie du Feu"},"image":{"@id":"https:\/\/magiedufeu.ch\/#\/schema\/logo\/image\/"},"sameAs":["https:\/\/www.facebook.com\/magiedufeu.mdf\/"]}]}},"_links":{"self":[{"href":"https:\/\/magiedufeu.ch\/fr\/wp-json\/wp\/v2\/product\/2998","targetHints":{"allow":["GET"]}}],"collection":[{"href":"https:\/\/magiedufeu.ch\/fr\/wp-json\/wp\/v2\/product"}],"about":[{"href":"https:\/\/magiedufeu.ch\/fr\/wp-json\/wp\/v2\/types\/product"}],"replies":[{"embeddable":true,"href":"https:\/\/magiedufeu.ch\/fr\/wp-json\/wp\/v2\/comments?post=2998"}],"wp:featuredmedia":[{"embeddable":true,"href":"https:\/\/magiedufeu.ch\/fr\/wp-json\/wp\/v2\/media\/12860"}],"wp:attachment":[{"href":"https:\/\/magiedufeu.ch\/fr\/wp-json\/wp\/v2\/media?parent=2998"}],"wp:term":[{"taxonomy":"product_cat","embeddable":true,"href":"https:\/\/magiedufeu.ch\/fr\/wp-json\/wp\/v2\/product_cat?post=2998"},{"taxonomy":"product_tag","embeddable":true,"href":"https:\/\/magiedufeu.ch\/fr\/wp-json\/wp\/v2\/product_tag?post=2998"}],"curies":[{"name":"wp","href":"https:\/\/api.w.org\/{rel}","templated":true}]}}