{"id":2871,"date":"2022-10-21T15:22:06","date_gmt":"2022-10-21T15:22:06","guid":{"rendered":"https:\/\/magiedufeu.ch\/?post_type=product&#038;p=2871"},"modified":"2025-11-18T21:15:57","modified_gmt":"2025-11-18T21:15:57","slug":"allume-feu","status":"publish","type":"product","link":"https:\/\/magiedufeu.ch\/fr\/produit\/allume-feu\/","title":{"rendered":"Allume-feu Sticks"},"content":{"rendered":"<p>Ce produit est compos\u00e9 de produits naturels (bois d&#8217;\u00e9pic\u00e9a, paraffine) et est fabriqu\u00e9 en Suisse.<br \/>\nIl aide \u00e0 allumer le feu et convient \u00e0 tous les types de chauffage au bois. Sa dur\u00e9e de combustion est d&#8217;environ 8 \u00e0 10 minutes. Sa dur\u00e9e de vie est illimit\u00e9e.<\/p>\n<p><em><strong>! Attention !<\/strong> L&#8217;apport d&#8217;oxyg\u00e8ne doit \u00eatre suffisant, n&#8217;utiliser que deux pi\u00e8ces pour le bois dur.<\/em><\/p>\n<p>Poids du sac : 2.5 kg net<\/p>\n","protected":false},"excerpt":{"rendered":"<p><strong>Contenu : 2,5kg<\/strong><\/p>\n","protected":false},"featured_media":2910,"comment_status":"closed","ping_status":"closed","template":"","meta":[],"product_cat":[200,201],"product_tag":[],"class_list":{"0":"post-2871","1":"product","2":"type-product","3":"status-publish","4":"has-post-thumbnail","6":"product_cat-accessoires-et-combustibles","7":"product_cat-combustibles","8":"product_shipping_class-petits-articles","10":"first","11":"instock","12":"sale","13":"taxable","14":"shipping-taxable","15":"purchasable","16":"product-type-simple"},"yoast_head":"<!-- This site is optimized with the Yoast SEO plugin v23.7 - https:\/\/yoast.com\/wordpress\/plugins\/seo\/ -->\n<title>Allume-feu Sticks - Mosoni-Vuissoz Magie du Feu<\/title>\n<meta name=\"description\" content=\"Ce produit est compos\u00e9 de produits naturels (bois d&#039;\u00e9pic\u00e9a, paraffine) et est fabriqu\u00e9 en Suisse.Il aide \u00e0 allumer le feu et convient \u00e0 tous les types de \u2026\" \/>\n<meta name=\"robots\" content=\"index, follow, max-snippet:-1, max-image-preview:large, max-video-preview:-1\" \/>\n<link rel=\"canonical\" href=\"https:\/\/magiedufeu.ch\/fr\/produit\/allume-feu\/\" \/>\n<meta property=\"og:locale\" content=\"fr_FR\" \/>\n<meta property=\"og:type\" content=\"article\" \/>\n<meta property=\"og:title\" content=\"Allume-feu Sticks - Mosoni-Vuissoz Magie du Feu\" \/>\n<meta property=\"og:description\" content=\"Ce produit est compos\u00e9 de produits naturels (bois d&#039;\u00e9pic\u00e9a, paraffine) et est fabriqu\u00e9 en Suisse.Il aide \u00e0 allumer le feu et convient \u00e0 tous les types de \u2026\" \/>\n<meta property=\"og:url\" content=\"https:\/\/magiedufeu.ch\/fr\/produit\/allume-feu\/\" \/>\n<meta property=\"og:site_name\" content=\"Mosoni-Vuissoz Magie du Feu\" \/>\n<meta property=\"article:publisher\" content=\"https:\/\/www.facebook.com\/magiedufeu.mdf\/\" \/>\n<meta property=\"article:modified_time\" content=\"2025-11-18T21:15:57+00:00\" \/>\n<meta property=\"og:image\" content=\"https:\/\/magiedufeu.ch\/wp-content\/uploads\/2022\/10\/allume-feu-25kg.jpg?wsr\" \/>\n\t<meta property=\"og:image:width\" content=\"600\" \/>\n\t<meta property=\"og:image:height\" content=\"600\" \/>\n\t<meta property=\"og:image:type\" content=\"image\/jpeg\" \/>\n<meta name=\"twitter:card\" content=\"summary_large_image\" \/>\n<meta name=\"twitter:label1\" content=\"Dur\u00e9e de lecture estim\u00e9e\" \/>\n\t<meta name=\"twitter:data1\" content=\"1 minute\" \/>\n<script type=\"application\/ld+json\" class=\"yoast-schema-graph\">{\"@context\":\"https:\/\/schema.org\",\"@graph\":[{\"@type\":\"WebPage\",\"@id\":\"https:\/\/magiedufeu.ch\/fr\/produit\/allume-feu\/\",\"url\":\"https:\/\/magiedufeu.ch\/fr\/produit\/allume-feu\/\",\"name\":\"Allume-feu Sticks - Mosoni-Vuissoz Magie du Feu\",\"isPartOf\":{\"@id\":\"https:\/\/magiedufeu.ch\/#website\"},\"primaryImageOfPage\":{\"@id\":\"https:\/\/magiedufeu.ch\/fr\/produit\/allume-feu\/#primaryimage\"},\"image\":{\"@id\":\"https:\/\/magiedufeu.ch\/fr\/produit\/allume-feu\/#primaryimage\"},\"thumbnailUrl\":\"https:\/\/magiedufeu.ch\/wp-content\/uploads\/2022\/10\/allume-feu-25kg.jpg?wsr\",\"datePublished\":\"2022-10-21T15:22:06+00:00\",\"dateModified\":\"2025-11-18T21:15:57+00:00\",\"description\":\"Ce produit est compos\u00e9 de produits naturels (bois d'\u00e9pic\u00e9a, paraffine) et est fabriqu\u00e9 en Suisse.Il aide \u00e0 allumer le feu et convient \u00e0 tous les types de \u2026\",\"breadcrumb\":{\"@id\":\"https:\/\/magiedufeu.ch\/fr\/produit\/allume-feu\/#breadcrumb\"},\"inLanguage\":\"fr-FR\",\"potentialAction\":[{\"@type\":\"ReadAction\",\"target\":[\"https:\/\/magiedufeu.ch\/fr\/produit\/allume-feu\/\"]}]},{\"@type\":\"ImageObject\",\"inLanguage\":\"fr-FR\",\"@id\":\"https:\/\/magiedufeu.ch\/fr\/produit\/allume-feu\/#primaryimage\",\"url\":\"https:\/\/magiedufeu.ch\/wp-content\/uploads\/2022\/10\/allume-feu-25kg.jpg?wsr\",\"contentUrl\":\"https:\/\/magiedufeu.ch\/wp-content\/uploads\/2022\/10\/allume-feu-25kg.jpg?wsr\",\"width\":600,\"height\":600},{\"@type\":\"BreadcrumbList\",\"@id\":\"https:\/\/magiedufeu.ch\/fr\/produit\/allume-feu\/#breadcrumb\",\"itemListElement\":[{\"@type\":\"ListItem\",\"position\":1,\"name\":\"Accueil\",\"item\":\"https:\/\/magiedufeu.ch\/\"},{\"@type\":\"ListItem\",\"position\":2,\"name\":\"Boutique\",\"item\":\"https:\/\/magiedufeu.ch\/fr\/boutique\/\"},{\"@type\":\"ListItem\",\"position\":3,\"name\":\"Allume-feu Sticks\"}]},{\"@type\":\"WebSite\",\"@id\":\"https:\/\/magiedufeu.ch\/#website\",\"url\":\"https:\/\/magiedufeu.ch\/\",\"name\":\"Mosoni-Vuissoz Magie du Feu\",\"description\":\"\",\"publisher\":{\"@id\":\"https:\/\/magiedufeu.ch\/#organization\"},\"potentialAction\":[{\"@type\":\"SearchAction\",\"target\":{\"@type\":\"EntryPoint\",\"urlTemplate\":\"https:\/\/magiedufeu.ch\/?s={search_term_string}\"},\"query-input\":{\"@type\":\"PropertyValueSpecification\",\"valueRequired\":true,\"valueName\":\"search_term_string\"}}],\"inLanguage\":\"fr-FR\"},{\"@type\":\"Organization\",\"@id\":\"https:\/\/magiedufeu.ch\/#organization\",\"name\":\"Mosoni-Vuissoz Magie du Feu\",\"url\":\"https:\/\/magiedufeu.ch\/\",\"logo\":{\"@type\":\"ImageObject\",\"inLanguage\":\"fr-FR\",\"@id\":\"https:\/\/magiedufeu.ch\/#\/schema\/logo\/image\/\",\"url\":\"https:\/\/magiedufeu.ch\/wp-content\/uploads\/2021\/06\/Mosoni-Vuissoz-logo-1024x536-1-46d285e0.png\",\"contentUrl\":\"https:\/\/magiedufeu.ch\/wp-content\/uploads\/2021\/06\/Mosoni-Vuissoz-logo-1024x536-1-46d285e0.png\",\"width\":200,\"height\":105,\"caption\":\"Mosoni-Vuissoz Magie du Feu\"},\"image\":{\"@id\":\"https:\/\/magiedufeu.ch\/#\/schema\/logo\/image\/\"},\"sameAs\":[\"https:\/\/www.facebook.com\/magiedufeu.mdf\/\"]}]}<\/script>\n<!-- \/ Yoast SEO plugin. -->","yoast_head_json":{"title":"Allume-feu Sticks - Mosoni-Vuissoz Magie du Feu","description":"Ce produit est compos\u00e9 de produits naturels (bois d'\u00e9pic\u00e9a, paraffine) et est fabriqu\u00e9 en Suisse.Il aide \u00e0 allumer le feu et convient \u00e0 tous les types de \u2026","robots":{"index":"index","follow":"follow","max-snippet":"max-snippet:-1","max-image-preview":"max-image-preview:large","max-video-preview":"max-video-preview:-1"},"canonical":"https:\/\/magiedufeu.ch\/fr\/produit\/allume-feu\/","og_locale":"fr_FR","og_type":"article","og_title":"Allume-feu Sticks - Mosoni-Vuissoz Magie du Feu","og_description":"Ce produit est compos\u00e9 de produits naturels (bois d'\u00e9pic\u00e9a, paraffine) et est fabriqu\u00e9 en Suisse.Il aide \u00e0 allumer le feu et convient \u00e0 tous les types de \u2026","og_url":"https:\/\/magiedufeu.ch\/fr\/produit\/allume-feu\/","og_site_name":"Mosoni-Vuissoz Magie du Feu","article_publisher":"https:\/\/www.facebook.com\/magiedufeu.mdf\/","article_modified_time":"2025-11-18T21:15:57+00:00","og_image":[{"width":600,"height":600,"url":"https:\/\/magiedufeu.ch\/wp-content\/uploads\/2022\/10\/allume-feu-25kg.jpg?wsr","type":"image\/jpeg"}],"twitter_card":"summary_large_image","twitter_misc":{"Dur\u00e9e de lecture estim\u00e9e":"1 minute"},"schema":{"@context":"https:\/\/schema.org","@graph":[{"@type":"WebPage","@id":"https:\/\/magiedufeu.ch\/fr\/produit\/allume-feu\/","url":"https:\/\/magiedufeu.ch\/fr\/produit\/allume-feu\/","name":"Allume-feu Sticks - Mosoni-Vuissoz Magie du Feu","isPartOf":{"@id":"https:\/\/magiedufeu.ch\/#website"},"primaryImageOfPage":{"@id":"https:\/\/magiedufeu.ch\/fr\/produit\/allume-feu\/#primaryimage"},"image":{"@id":"https:\/\/magiedufeu.ch\/fr\/produit\/allume-feu\/#primaryimage"},"thumbnailUrl":"https:\/\/magiedufeu.ch\/wp-content\/uploads\/2022\/10\/allume-feu-25kg.jpg?wsr","datePublished":"2022-10-21T15:22:06+00:00","dateModified":"2025-11-18T21:15:57+00:00","description":"Ce produit est compos\u00e9 de produits naturels (bois d'\u00e9pic\u00e9a, paraffine) et est fabriqu\u00e9 en Suisse.Il aide \u00e0 allumer le feu et convient \u00e0 tous les types de \u2026","breadcrumb":{"@id":"https:\/\/magiedufeu.ch\/fr\/produit\/allume-feu\/#breadcrumb"},"inLanguage":"fr-FR","potentialAction":[{"@type":"ReadAction","target":["https:\/\/magiedufeu.ch\/fr\/produit\/allume-feu\/"]}]},{"@type":"ImageObject","inLanguage":"fr-FR","@id":"https:\/\/magiedufeu.ch\/fr\/produit\/allume-feu\/#primaryimage","url":"https:\/\/magiedufeu.ch\/wp-content\/uploads\/2022\/10\/allume-feu-25kg.jpg?wsr","contentUrl":"https:\/\/magiedufeu.ch\/wp-content\/uploads\/2022\/10\/allume-feu-25kg.jpg?wsr","width":600,"height":600},{"@type":"BreadcrumbList","@id":"https:\/\/magiedufeu.ch\/fr\/produit\/allume-feu\/#breadcrumb","itemListElement":[{"@type":"ListItem","position":1,"name":"Accueil","item":"https:\/\/magiedufeu.ch\/"},{"@type":"ListItem","position":2,"name":"Boutique","item":"https:\/\/magiedufeu.ch\/fr\/boutique\/"},{"@type":"ListItem","position":3,"name":"Allume-feu Sticks"}]},{"@type":"WebSite","@id":"https:\/\/magiedufeu.ch\/#website","url":"https:\/\/magiedufeu.ch\/","name":"Mosoni-Vuissoz Magie du Feu","description":"","publisher":{"@id":"https:\/\/magiedufeu.ch\/#organization"},"potentialAction":[{"@type":"SearchAction","target":{"@type":"EntryPoint","urlTemplate":"https:\/\/magiedufeu.ch\/?s={search_term_string}"},"query-input":{"@type":"PropertyValueSpecification","valueRequired":true,"valueName":"search_term_string"}}],"inLanguage":"fr-FR"},{"@type":"Organization","@id":"https:\/\/magiedufeu.ch\/#organization","name":"Mosoni-Vuissoz Magie du Feu","url":"https:\/\/magiedufeu.ch\/","logo":{"@type":"ImageObject","inLanguage":"fr-FR","@id":"https:\/\/magiedufeu.ch\/#\/schema\/logo\/image\/","url":"https:\/\/magiedufeu.ch\/wp-content\/uploads\/2021\/06\/Mosoni-Vuissoz-logo-1024x536-1-46d285e0.png","contentUrl":"https:\/\/magiedufeu.ch\/wp-content\/uploads\/2021\/06\/Mosoni-Vuissoz-logo-1024x536-1-46d285e0.png","width":200,"height":105,"caption":"Mosoni-Vuissoz Magie du Feu"},"image":{"@id":"https:\/\/magiedufeu.ch\/#\/schema\/logo\/image\/"},"sameAs":["https:\/\/www.facebook.com\/magiedufeu.mdf\/"]}]}},"_links":{"self":[{"href":"https:\/\/magiedufeu.ch\/fr\/wp-json\/wp\/v2\/product\/2871","targetHints":{"allow":["GET"]}}],"collection":[{"href":"https:\/\/magiedufeu.ch\/fr\/wp-json\/wp\/v2\/product"}],"about":[{"href":"https:\/\/magiedufeu.ch\/fr\/wp-json\/wp\/v2\/types\/product"}],"replies":[{"embeddable":true,"href":"https:\/\/magiedufeu.ch\/fr\/wp-json\/wp\/v2\/comments?post=2871"}],"wp:featuredmedia":[{"embeddable":true,"href":"https:\/\/magiedufeu.ch\/fr\/wp-json\/wp\/v2\/media\/2910"}],"wp:attachment":[{"href":"https:\/\/magiedufeu.ch\/fr\/wp-json\/wp\/v2\/media?parent=2871"}],"wp:term":[{"taxonomy":"product_cat","embeddable":true,"href":"https:\/\/magiedufeu.ch\/fr\/wp-json\/wp\/v2\/product_cat?post=2871"},{"taxonomy":"product_tag","embeddable":true,"href":"https:\/\/magiedufeu.ch\/fr\/wp-json\/wp\/v2\/product_tag?post=2871"}],"curies":[{"name":"wp","href":"https:\/\/api.w.org\/{rel}","templated":true}]}}