{"id":2868,"date":"2022-10-21T15:22:00","date_gmt":"2022-10-21T15:22:00","guid":{"rendered":"https:\/\/magiedufeu.ch\/?post_type=product&#038;p=2868"},"modified":"2024-09-01T15:26:46","modified_gmt":"2024-09-01T15:26:46","slug":"nettoyant-pour-vitre-recharge","status":"publish","type":"product","link":"https:\/\/magiedufeu.ch\/fr\/produit\/nettoyant-pour-vitre-recharge\/","title":{"rendered":"NETTOYANT POUR VITRE RECHARGE"},"content":{"rendered":"<p>Enl\u00e8ve les d\u00e9p\u00f4ts de suie et de goudrons, nettoie les grilles, vitres frontales ou de protection, les pi\u00e8ces de chemin\u00e9e ou de po\u00eale.<\/p>\n<p>Il nettoie \u00e9galement les parties vitrifi\u00e9es de votre po\u00eales. Pulv\u00e9riser simplement, nettoyer avec un chiffon ou une \u00e9ponge humide et faire s\u00e9cher.<\/p>\n<p><strong>Contenu : 1000 ml<\/strong><\/p>\n","protected":false},"excerpt":{"rendered":"<p>Enl\u00e8ve les d\u00e9p\u00f4ts de suie et de goudrons, nettoie les grilles, vitres frontales ou de protection, les pi\u00e8ces de chemin\u00e9e ou de po\u00eale.<\/p>\n<p>Il nettoie \u00e9galement les parties vitrifi\u00e9es de votre po\u00eales. Pulv\u00e9riser simplement, nettoyer avec un chiffon ou une \u00e9ponge humide et faire s\u00e9cher.<\/p>\n<p><strong>Contenu : 1000 ml<\/strong><\/p>\n","protected":false},"featured_media":10946,"comment_status":"closed","ping_status":"closed","template":"","meta":[],"product_cat":[204,200],"product_tag":[],"class_list":{"0":"post-2868","1":"product","2":"type-product","3":"status-publish","4":"has-post-thumbnail","6":"product_cat-accessoires-de-cheminees","7":"product_cat-accessoires-et-combustibles","8":"product_shipping_class-tres-petits-articles","10":"first","11":"instock","12":"taxable","13":"shipping-taxable","14":"purchasable","15":"product-type-simple"},"yoast_head":"<!-- This site is optimized with the Yoast SEO plugin v23.7 - https:\/\/yoast.com\/wordpress\/plugins\/seo\/ -->\n<title>NETTOYANT POUR VITRE RECHARGE - Mosoni-Vuissoz Magie du Feu<\/title>\n<meta name=\"robots\" content=\"index, follow, max-snippet:-1, max-image-preview:large, max-video-preview:-1\" \/>\n<link rel=\"canonical\" href=\"https:\/\/magiedufeu.ch\/fr\/produit\/nettoyant-pour-vitre-recharge\/\" \/>\n<meta property=\"og:locale\" content=\"fr_FR\" \/>\n<meta property=\"og:type\" content=\"article\" \/>\n<meta property=\"og:title\" content=\"NETTOYANT POUR VITRE RECHARGE - Mosoni-Vuissoz Magie du Feu\" \/>\n<meta property=\"og:description\" content=\"Enl\u00e8ve les d\u00e9p\u00f4ts de suie et de goudrons, nettoie les grilles, vitres frontales ou de protection, les pi\u00e8ces de chemin\u00e9e ou de po\u00eale.  Il nettoie \u00e9galement les parties vitrifi\u00e9es de votre po\u00eales. Pulv\u00e9riser simplement, nettoyer avec un chiffon ou une \u00e9ponge humide et faire s\u00e9cher.  Contenu : 1000 ml\" \/>\n<meta property=\"og:url\" content=\"https:\/\/magiedufeu.ch\/fr\/produit\/nettoyant-pour-vitre-recharge\/\" \/>\n<meta property=\"og:site_name\" content=\"Mosoni-Vuissoz Magie du Feu\" \/>\n<meta property=\"article:publisher\" content=\"https:\/\/www.facebook.com\/magiedufeu.mdf\/\" \/>\n<meta property=\"article:modified_time\" content=\"2024-09-01T15:26:46+00:00\" \/>\n<meta property=\"og:image\" content=\"https:\/\/magiedufeu.ch\/wp-content\/uploads\/2024\/09\/sotin-rech-1.jpg?wsr\" \/>\n\t<meta property=\"og:image:width\" content=\"360\" \/>\n\t<meta property=\"og:image:height\" content=\"360\" \/>\n\t<meta property=\"og:image:type\" content=\"image\/jpeg\" \/>\n<meta name=\"twitter:card\" content=\"summary_large_image\" \/>\n<meta name=\"twitter:label1\" content=\"Dur\u00e9e de lecture estim\u00e9e\" \/>\n\t<meta name=\"twitter:data1\" content=\"1 minute\" \/>\n<script type=\"application\/ld+json\" class=\"yoast-schema-graph\">{\"@context\":\"https:\/\/schema.org\",\"@graph\":[{\"@type\":\"WebPage\",\"@id\":\"https:\/\/magiedufeu.ch\/fr\/produit\/nettoyant-pour-vitre-recharge\/\",\"url\":\"https:\/\/magiedufeu.ch\/fr\/produit\/nettoyant-pour-vitre-recharge\/\",\"name\":\"NETTOYANT POUR VITRE RECHARGE - Mosoni-Vuissoz Magie du Feu\",\"isPartOf\":{\"@id\":\"https:\/\/magiedufeu.ch\/#website\"},\"primaryImageOfPage\":{\"@id\":\"https:\/\/magiedufeu.ch\/fr\/produit\/nettoyant-pour-vitre-recharge\/#primaryimage\"},\"image\":{\"@id\":\"https:\/\/magiedufeu.ch\/fr\/produit\/nettoyant-pour-vitre-recharge\/#primaryimage\"},\"thumbnailUrl\":\"https:\/\/magiedufeu.ch\/wp-content\/uploads\/2024\/09\/sotin-rech-1.jpg?wsr\",\"datePublished\":\"2022-10-21T15:22:00+00:00\",\"dateModified\":\"2024-09-01T15:26:46+00:00\",\"breadcrumb\":{\"@id\":\"https:\/\/magiedufeu.ch\/fr\/produit\/nettoyant-pour-vitre-recharge\/#breadcrumb\"},\"inLanguage\":\"fr-FR\",\"potentialAction\":[{\"@type\":\"ReadAction\",\"target\":[\"https:\/\/magiedufeu.ch\/fr\/produit\/nettoyant-pour-vitre-recharge\/\"]}]},{\"@type\":\"ImageObject\",\"inLanguage\":\"fr-FR\",\"@id\":\"https:\/\/magiedufeu.ch\/fr\/produit\/nettoyant-pour-vitre-recharge\/#primaryimage\",\"url\":\"https:\/\/magiedufeu.ch\/wp-content\/uploads\/2024\/09\/sotin-rech-1.jpg?wsr\",\"contentUrl\":\"https:\/\/magiedufeu.ch\/wp-content\/uploads\/2024\/09\/sotin-rech-1.jpg?wsr\",\"width\":360,\"height\":360},{\"@type\":\"BreadcrumbList\",\"@id\":\"https:\/\/magiedufeu.ch\/fr\/produit\/nettoyant-pour-vitre-recharge\/#breadcrumb\",\"itemListElement\":[{\"@type\":\"ListItem\",\"position\":1,\"name\":\"Accueil\",\"item\":\"https:\/\/magiedufeu.ch\/\"},{\"@type\":\"ListItem\",\"position\":2,\"name\":\"Boutique\",\"item\":\"https:\/\/magiedufeu.ch\/fr\/boutique\/\"},{\"@type\":\"ListItem\",\"position\":3,\"name\":\"NETTOYANT POUR VITRE RECHARGE\"}]},{\"@type\":\"WebSite\",\"@id\":\"https:\/\/magiedufeu.ch\/#website\",\"url\":\"https:\/\/magiedufeu.ch\/\",\"name\":\"Mosoni-Vuissoz Magie du Feu\",\"description\":\"\",\"publisher\":{\"@id\":\"https:\/\/magiedufeu.ch\/#organization\"},\"potentialAction\":[{\"@type\":\"SearchAction\",\"target\":{\"@type\":\"EntryPoint\",\"urlTemplate\":\"https:\/\/magiedufeu.ch\/?s={search_term_string}\"},\"query-input\":{\"@type\":\"PropertyValueSpecification\",\"valueRequired\":true,\"valueName\":\"search_term_string\"}}],\"inLanguage\":\"fr-FR\"},{\"@type\":\"Organization\",\"@id\":\"https:\/\/magiedufeu.ch\/#organization\",\"name\":\"Mosoni-Vuissoz Magie du Feu\",\"url\":\"https:\/\/magiedufeu.ch\/\",\"logo\":{\"@type\":\"ImageObject\",\"inLanguage\":\"fr-FR\",\"@id\":\"https:\/\/magiedufeu.ch\/#\/schema\/logo\/image\/\",\"url\":\"https:\/\/magiedufeu.ch\/wp-content\/uploads\/2021\/06\/Mosoni-Vuissoz-logo-1024x536-1-46d285e0.png\",\"contentUrl\":\"https:\/\/magiedufeu.ch\/wp-content\/uploads\/2021\/06\/Mosoni-Vuissoz-logo-1024x536-1-46d285e0.png\",\"width\":200,\"height\":105,\"caption\":\"Mosoni-Vuissoz Magie du Feu\"},\"image\":{\"@id\":\"https:\/\/magiedufeu.ch\/#\/schema\/logo\/image\/\"},\"sameAs\":[\"https:\/\/www.facebook.com\/magiedufeu.mdf\/\"]}]}<\/script>\n<!-- \/ Yoast SEO plugin. -->","yoast_head_json":{"title":"NETTOYANT POUR VITRE RECHARGE - Mosoni-Vuissoz Magie du Feu","robots":{"index":"index","follow":"follow","max-snippet":"max-snippet:-1","max-image-preview":"max-image-preview:large","max-video-preview":"max-video-preview:-1"},"canonical":"https:\/\/magiedufeu.ch\/fr\/produit\/nettoyant-pour-vitre-recharge\/","og_locale":"fr_FR","og_type":"article","og_title":"NETTOYANT POUR VITRE RECHARGE - Mosoni-Vuissoz Magie du Feu","og_description":"Enl\u00e8ve les d\u00e9p\u00f4ts de suie et de goudrons, nettoie les grilles, vitres frontales ou de protection, les pi\u00e8ces de chemin\u00e9e ou de po\u00eale.  Il nettoie \u00e9galement les parties vitrifi\u00e9es de votre po\u00eales. Pulv\u00e9riser simplement, nettoyer avec un chiffon ou une \u00e9ponge humide et faire s\u00e9cher.  Contenu : 1000 ml","og_url":"https:\/\/magiedufeu.ch\/fr\/produit\/nettoyant-pour-vitre-recharge\/","og_site_name":"Mosoni-Vuissoz Magie du Feu","article_publisher":"https:\/\/www.facebook.com\/magiedufeu.mdf\/","article_modified_time":"2024-09-01T15:26:46+00:00","og_image":[{"width":360,"height":360,"url":"https:\/\/magiedufeu.ch\/wp-content\/uploads\/2024\/09\/sotin-rech-1.jpg?wsr","type":"image\/jpeg"}],"twitter_card":"summary_large_image","twitter_misc":{"Dur\u00e9e de lecture estim\u00e9e":"1 minute"},"schema":{"@context":"https:\/\/schema.org","@graph":[{"@type":"WebPage","@id":"https:\/\/magiedufeu.ch\/fr\/produit\/nettoyant-pour-vitre-recharge\/","url":"https:\/\/magiedufeu.ch\/fr\/produit\/nettoyant-pour-vitre-recharge\/","name":"NETTOYANT POUR VITRE RECHARGE - Mosoni-Vuissoz Magie du Feu","isPartOf":{"@id":"https:\/\/magiedufeu.ch\/#website"},"primaryImageOfPage":{"@id":"https:\/\/magiedufeu.ch\/fr\/produit\/nettoyant-pour-vitre-recharge\/#primaryimage"},"image":{"@id":"https:\/\/magiedufeu.ch\/fr\/produit\/nettoyant-pour-vitre-recharge\/#primaryimage"},"thumbnailUrl":"https:\/\/magiedufeu.ch\/wp-content\/uploads\/2024\/09\/sotin-rech-1.jpg?wsr","datePublished":"2022-10-21T15:22:00+00:00","dateModified":"2024-09-01T15:26:46+00:00","breadcrumb":{"@id":"https:\/\/magiedufeu.ch\/fr\/produit\/nettoyant-pour-vitre-recharge\/#breadcrumb"},"inLanguage":"fr-FR","potentialAction":[{"@type":"ReadAction","target":["https:\/\/magiedufeu.ch\/fr\/produit\/nettoyant-pour-vitre-recharge\/"]}]},{"@type":"ImageObject","inLanguage":"fr-FR","@id":"https:\/\/magiedufeu.ch\/fr\/produit\/nettoyant-pour-vitre-recharge\/#primaryimage","url":"https:\/\/magiedufeu.ch\/wp-content\/uploads\/2024\/09\/sotin-rech-1.jpg?wsr","contentUrl":"https:\/\/magiedufeu.ch\/wp-content\/uploads\/2024\/09\/sotin-rech-1.jpg?wsr","width":360,"height":360},{"@type":"BreadcrumbList","@id":"https:\/\/magiedufeu.ch\/fr\/produit\/nettoyant-pour-vitre-recharge\/#breadcrumb","itemListElement":[{"@type":"ListItem","position":1,"name":"Accueil","item":"https:\/\/magiedufeu.ch\/"},{"@type":"ListItem","position":2,"name":"Boutique","item":"https:\/\/magiedufeu.ch\/fr\/boutique\/"},{"@type":"ListItem","position":3,"name":"NETTOYANT POUR VITRE RECHARGE"}]},{"@type":"WebSite","@id":"https:\/\/magiedufeu.ch\/#website","url":"https:\/\/magiedufeu.ch\/","name":"Mosoni-Vuissoz Magie du Feu","description":"","publisher":{"@id":"https:\/\/magiedufeu.ch\/#organization"},"potentialAction":[{"@type":"SearchAction","target":{"@type":"EntryPoint","urlTemplate":"https:\/\/magiedufeu.ch\/?s={search_term_string}"},"query-input":{"@type":"PropertyValueSpecification","valueRequired":true,"valueName":"search_term_string"}}],"inLanguage":"fr-FR"},{"@type":"Organization","@id":"https:\/\/magiedufeu.ch\/#organization","name":"Mosoni-Vuissoz Magie du Feu","url":"https:\/\/magiedufeu.ch\/","logo":{"@type":"ImageObject","inLanguage":"fr-FR","@id":"https:\/\/magiedufeu.ch\/#\/schema\/logo\/image\/","url":"https:\/\/magiedufeu.ch\/wp-content\/uploads\/2021\/06\/Mosoni-Vuissoz-logo-1024x536-1-46d285e0.png","contentUrl":"https:\/\/magiedufeu.ch\/wp-content\/uploads\/2021\/06\/Mosoni-Vuissoz-logo-1024x536-1-46d285e0.png","width":200,"height":105,"caption":"Mosoni-Vuissoz Magie du Feu"},"image":{"@id":"https:\/\/magiedufeu.ch\/#\/schema\/logo\/image\/"},"sameAs":["https:\/\/www.facebook.com\/magiedufeu.mdf\/"]}]}},"_links":{"self":[{"href":"https:\/\/magiedufeu.ch\/fr\/wp-json\/wp\/v2\/product\/2868","targetHints":{"allow":["GET"]}}],"collection":[{"href":"https:\/\/magiedufeu.ch\/fr\/wp-json\/wp\/v2\/product"}],"about":[{"href":"https:\/\/magiedufeu.ch\/fr\/wp-json\/wp\/v2\/types\/product"}],"replies":[{"embeddable":true,"href":"https:\/\/magiedufeu.ch\/fr\/wp-json\/wp\/v2\/comments?post=2868"}],"wp:featuredmedia":[{"embeddable":true,"href":"https:\/\/magiedufeu.ch\/fr\/wp-json\/wp\/v2\/media\/10946"}],"wp:attachment":[{"href":"https:\/\/magiedufeu.ch\/fr\/wp-json\/wp\/v2\/media?parent=2868"}],"wp:term":[{"taxonomy":"product_cat","embeddable":true,"href":"https:\/\/magiedufeu.ch\/fr\/wp-json\/wp\/v2\/product_cat?post=2868"},{"taxonomy":"product_tag","embeddable":true,"href":"https:\/\/magiedufeu.ch\/fr\/wp-json\/wp\/v2\/product_tag?post=2868"}],"curies":[{"name":"wp","href":"https:\/\/api.w.org\/{rel}","templated":true}]}}