{"id":2867,"date":"2022-10-21T15:22:05","date_gmt":"2022-10-21T15:22:05","guid":{"rendered":"https:\/\/magiedufeu.ch\/?post_type=product&#038;p=2867"},"modified":"2024-09-01T15:24:32","modified_gmt":"2024-09-01T15:24:32","slug":"magic-fires-plancha-pro-inox-80-lisse","status":"publish","type":"product","link":"https:\/\/magiedufeu.ch\/fr\/produit\/magic-fires-plancha-pro-inox-80-lisse\/","title":{"rendered":"MAGIC FIRES PLANCHA PRO-INOX 80 LISSE"},"content":{"rendered":"<p>Plancha inox \u00e0 plaque lisse : une cuisson saine et facile.<br \/>\nCette plancha est faite pour durer. De plus, les accessoires compl\u00e9mentaires qui vous sont propos\u00e9s dans les produits associ\u00e9s en feront un \u00e9quipement de cuisine de tous les jours.<br \/>\n\u2022Plaque de cuisson lisse en Inox massif, \u00e9paisseur 6mm<br \/>\n\u2022Caisson et structure en Inox<br \/>\n\u2022 3 br\u00fbleurs ind\u00e9pendants \u00e0 bande large<br \/>\n\u2022Allumage par piezzo<br \/>\n\u2022Alimentation gaz Butane\/Propane<br \/>\n\u2022Quatre pieds r\u00e9glables en hauteur<br \/>\n\u2022Bac amovible de r\u00e9cup\u00e9ration des jus en fa\u00e7ade<br \/>\n\u2022Adaptable sur chariot inox<\/p>\n<p><strong>ATTENTION: KIT BOX (TUYAU, DETENDEUR ET KIT D&#8217;ENTRETIEN) NON INCLUS : DISPONIBLE DANS LA RUBRIQUE ACCESSOIRES<\/strong><\/p>\n","protected":false},"excerpt":{"rendered":"<p>Plancha inox \u00e0 plaque lisse : une cuisson saine et facile.<br \/>\nCette plancha est faite pour durer. De plus, les accessoires compl\u00e9mentaires qui vous sont propos\u00e9s dans les produits associ\u00e9s en feront un \u00e9quipement de cuisine de tous les jours.<br \/>\n\u2022Plaque de cuisson lisse en Inox massif, \u00e9paisseur 6mm<br \/>\n\u2022Caisson et structure en Inox<br \/>\n\u2022 3 br\u00fbleurs ind\u00e9pendants \u00e0 bande large<br \/>\n\u2022Allumage par piezzo<br \/>\n\u2022Alimentation gaz Butane\/Propane<br \/>\n\u2022Quatre pieds r\u00e9glables en hauteur<br \/>\n\u2022Bac amovible de r\u00e9cup\u00e9ration des jus en fa\u00e7ade<br \/>\n\u2022Adaptable sur chariot inox<\/p>\n","protected":false},"featured_media":2902,"comment_status":"closed","ping_status":"closed","template":"","meta":[],"product_cat":[151,154],"product_tag":[],"class_list":{"0":"post-2867","1":"product","2":"type-product","3":"status-publish","4":"has-post-thumbnail","6":"product_cat-grills-et-planchas","7":"product_cat-plancha-a-gaz","8":"product_shipping_class-envoi-standardise-40-chf","10":"first","11":"instock","12":"taxable","13":"shipping-taxable","14":"purchasable","15":"product-type-simple"},"yoast_head":"<!-- This site is optimized with the Yoast SEO plugin v23.7 - https:\/\/yoast.com\/wordpress\/plugins\/seo\/ -->\n<title>MAGIC FIRES PLANCHA PRO-INOX 80 LISSE - Mosoni-Vuissoz Magie du Feu<\/title>\n<meta name=\"robots\" content=\"index, follow, max-snippet:-1, max-image-preview:large, max-video-preview:-1\" \/>\n<link rel=\"canonical\" href=\"https:\/\/magiedufeu.ch\/fr\/produit\/magic-fires-plancha-pro-inox-80-lisse\/\" \/>\n<meta property=\"og:locale\" content=\"fr_FR\" \/>\n<meta property=\"og:type\" content=\"article\" \/>\n<meta property=\"og:title\" content=\"MAGIC FIRES PLANCHA PRO-INOX 80 LISSE - Mosoni-Vuissoz Magie du Feu\" \/>\n<meta property=\"og:description\" content=\"Plancha inox \u00e0 plaque lisse : une cuisson saine et facile. Cette plancha est faite pour durer. De plus, les accessoires compl\u00e9mentaires qui vous sont propos\u00e9s dans les produits associ\u00e9s en feront un \u00e9quipement de cuisine de tous les jours. \u2022Plaque de cuisson lisse en Inox massif, \u00e9paisseur 6mm \u2022Caisson et structure en Inox \u2022 3 br\u00fbleurs ind\u00e9pendants \u00e0 bande large \u2022Allumage par piezzo \u2022Alimentation gaz Butane\/Propane \u2022Quatre pieds r\u00e9glables en hauteur \u2022Bac amovible de r\u00e9cup\u00e9ration des jus en fa\u00e7ade \u2022Adaptable sur chariot inox\" \/>\n<meta property=\"og:url\" content=\"https:\/\/magiedufeu.ch\/fr\/produit\/magic-fires-plancha-pro-inox-80-lisse\/\" \/>\n<meta property=\"og:site_name\" content=\"Mosoni-Vuissoz Magie du Feu\" \/>\n<meta property=\"article:publisher\" content=\"https:\/\/www.facebook.com\/magiedufeu.mdf\/\" \/>\n<meta property=\"article:modified_time\" content=\"2024-09-01T15:24:32+00:00\" \/>\n<meta property=\"og:image\" content=\"https:\/\/magiedufeu.ch\/wp-content\/uploads\/2022\/10\/80-lisse-1.jpg?wsr\" \/>\n\t<meta property=\"og:image:width\" content=\"1000\" \/>\n\t<meta property=\"og:image:height\" content=\"1000\" \/>\n\t<meta property=\"og:image:type\" content=\"image\/jpeg\" \/>\n<meta name=\"twitter:card\" content=\"summary_large_image\" \/>\n<meta name=\"twitter:label1\" content=\"Dur\u00e9e de lecture estim\u00e9e\" \/>\n\t<meta name=\"twitter:data1\" content=\"1 minute\" \/>\n<script type=\"application\/ld+json\" class=\"yoast-schema-graph\">{\"@context\":\"https:\/\/schema.org\",\"@graph\":[{\"@type\":\"WebPage\",\"@id\":\"https:\/\/magiedufeu.ch\/fr\/produit\/magic-fires-plancha-pro-inox-80-lisse\/\",\"url\":\"https:\/\/magiedufeu.ch\/fr\/produit\/magic-fires-plancha-pro-inox-80-lisse\/\",\"name\":\"MAGIC FIRES PLANCHA PRO-INOX 80 LISSE - Mosoni-Vuissoz Magie du Feu\",\"isPartOf\":{\"@id\":\"https:\/\/magiedufeu.ch\/#website\"},\"primaryImageOfPage\":{\"@id\":\"https:\/\/magiedufeu.ch\/fr\/produit\/magic-fires-plancha-pro-inox-80-lisse\/#primaryimage\"},\"image\":{\"@id\":\"https:\/\/magiedufeu.ch\/fr\/produit\/magic-fires-plancha-pro-inox-80-lisse\/#primaryimage\"},\"thumbnailUrl\":\"https:\/\/magiedufeu.ch\/wp-content\/uploads\/2022\/10\/80-lisse-1.jpg?wsr\",\"datePublished\":\"2022-10-21T15:22:05+00:00\",\"dateModified\":\"2024-09-01T15:24:32+00:00\",\"breadcrumb\":{\"@id\":\"https:\/\/magiedufeu.ch\/fr\/produit\/magic-fires-plancha-pro-inox-80-lisse\/#breadcrumb\"},\"inLanguage\":\"fr-FR\",\"potentialAction\":[{\"@type\":\"ReadAction\",\"target\":[\"https:\/\/magiedufeu.ch\/fr\/produit\/magic-fires-plancha-pro-inox-80-lisse\/\"]}]},{\"@type\":\"ImageObject\",\"inLanguage\":\"fr-FR\",\"@id\":\"https:\/\/magiedufeu.ch\/fr\/produit\/magic-fires-plancha-pro-inox-80-lisse\/#primaryimage\",\"url\":\"https:\/\/magiedufeu.ch\/wp-content\/uploads\/2022\/10\/80-lisse-1.jpg?wsr\",\"contentUrl\":\"https:\/\/magiedufeu.ch\/wp-content\/uploads\/2022\/10\/80-lisse-1.jpg?wsr\",\"width\":1000,\"height\":1000},{\"@type\":\"BreadcrumbList\",\"@id\":\"https:\/\/magiedufeu.ch\/fr\/produit\/magic-fires-plancha-pro-inox-80-lisse\/#breadcrumb\",\"itemListElement\":[{\"@type\":\"ListItem\",\"position\":1,\"name\":\"Accueil\",\"item\":\"https:\/\/magiedufeu.ch\/\"},{\"@type\":\"ListItem\",\"position\":2,\"name\":\"Boutique\",\"item\":\"https:\/\/magiedufeu.ch\/fr\/boutique\/\"},{\"@type\":\"ListItem\",\"position\":3,\"name\":\"MAGIC FIRES PLANCHA PRO-INOX 80 LISSE\"}]},{\"@type\":\"WebSite\",\"@id\":\"https:\/\/magiedufeu.ch\/#website\",\"url\":\"https:\/\/magiedufeu.ch\/\",\"name\":\"Mosoni-Vuissoz Magie du Feu\",\"description\":\"\",\"publisher\":{\"@id\":\"https:\/\/magiedufeu.ch\/#organization\"},\"potentialAction\":[{\"@type\":\"SearchAction\",\"target\":{\"@type\":\"EntryPoint\",\"urlTemplate\":\"https:\/\/magiedufeu.ch\/?s={search_term_string}\"},\"query-input\":{\"@type\":\"PropertyValueSpecification\",\"valueRequired\":true,\"valueName\":\"search_term_string\"}}],\"inLanguage\":\"fr-FR\"},{\"@type\":\"Organization\",\"@id\":\"https:\/\/magiedufeu.ch\/#organization\",\"name\":\"Mosoni-Vuissoz Magie du Feu\",\"url\":\"https:\/\/magiedufeu.ch\/\",\"logo\":{\"@type\":\"ImageObject\",\"inLanguage\":\"fr-FR\",\"@id\":\"https:\/\/magiedufeu.ch\/#\/schema\/logo\/image\/\",\"url\":\"https:\/\/magiedufeu.ch\/wp-content\/uploads\/2021\/06\/Mosoni-Vuissoz-logo-1024x536-1-46d285e0.png\",\"contentUrl\":\"https:\/\/magiedufeu.ch\/wp-content\/uploads\/2021\/06\/Mosoni-Vuissoz-logo-1024x536-1-46d285e0.png\",\"width\":200,\"height\":105,\"caption\":\"Mosoni-Vuissoz Magie du Feu\"},\"image\":{\"@id\":\"https:\/\/magiedufeu.ch\/#\/schema\/logo\/image\/\"},\"sameAs\":[\"https:\/\/www.facebook.com\/magiedufeu.mdf\/\"]}]}<\/script>\n<!-- \/ Yoast SEO plugin. -->","yoast_head_json":{"title":"MAGIC FIRES PLANCHA PRO-INOX 80 LISSE - Mosoni-Vuissoz Magie du Feu","robots":{"index":"index","follow":"follow","max-snippet":"max-snippet:-1","max-image-preview":"max-image-preview:large","max-video-preview":"max-video-preview:-1"},"canonical":"https:\/\/magiedufeu.ch\/fr\/produit\/magic-fires-plancha-pro-inox-80-lisse\/","og_locale":"fr_FR","og_type":"article","og_title":"MAGIC FIRES PLANCHA PRO-INOX 80 LISSE - Mosoni-Vuissoz Magie du Feu","og_description":"Plancha inox \u00e0 plaque lisse : une cuisson saine et facile. Cette plancha est faite pour durer. De plus, les accessoires compl\u00e9mentaires qui vous sont propos\u00e9s dans les produits associ\u00e9s en feront un \u00e9quipement de cuisine de tous les jours. \u2022Plaque de cuisson lisse en Inox massif, \u00e9paisseur 6mm \u2022Caisson et structure en Inox \u2022 3 br\u00fbleurs ind\u00e9pendants \u00e0 bande large \u2022Allumage par piezzo \u2022Alimentation gaz Butane\/Propane \u2022Quatre pieds r\u00e9glables en hauteur \u2022Bac amovible de r\u00e9cup\u00e9ration des jus en fa\u00e7ade \u2022Adaptable sur chariot inox","og_url":"https:\/\/magiedufeu.ch\/fr\/produit\/magic-fires-plancha-pro-inox-80-lisse\/","og_site_name":"Mosoni-Vuissoz Magie du Feu","article_publisher":"https:\/\/www.facebook.com\/magiedufeu.mdf\/","article_modified_time":"2024-09-01T15:24:32+00:00","og_image":[{"width":1000,"height":1000,"url":"https:\/\/magiedufeu.ch\/wp-content\/uploads\/2022\/10\/80-lisse-1.jpg?wsr","type":"image\/jpeg"}],"twitter_card":"summary_large_image","twitter_misc":{"Dur\u00e9e de lecture estim\u00e9e":"1 minute"},"schema":{"@context":"https:\/\/schema.org","@graph":[{"@type":"WebPage","@id":"https:\/\/magiedufeu.ch\/fr\/produit\/magic-fires-plancha-pro-inox-80-lisse\/","url":"https:\/\/magiedufeu.ch\/fr\/produit\/magic-fires-plancha-pro-inox-80-lisse\/","name":"MAGIC FIRES PLANCHA PRO-INOX 80 LISSE - Mosoni-Vuissoz Magie du Feu","isPartOf":{"@id":"https:\/\/magiedufeu.ch\/#website"},"primaryImageOfPage":{"@id":"https:\/\/magiedufeu.ch\/fr\/produit\/magic-fires-plancha-pro-inox-80-lisse\/#primaryimage"},"image":{"@id":"https:\/\/magiedufeu.ch\/fr\/produit\/magic-fires-plancha-pro-inox-80-lisse\/#primaryimage"},"thumbnailUrl":"https:\/\/magiedufeu.ch\/wp-content\/uploads\/2022\/10\/80-lisse-1.jpg?wsr","datePublished":"2022-10-21T15:22:05+00:00","dateModified":"2024-09-01T15:24:32+00:00","breadcrumb":{"@id":"https:\/\/magiedufeu.ch\/fr\/produit\/magic-fires-plancha-pro-inox-80-lisse\/#breadcrumb"},"inLanguage":"fr-FR","potentialAction":[{"@type":"ReadAction","target":["https:\/\/magiedufeu.ch\/fr\/produit\/magic-fires-plancha-pro-inox-80-lisse\/"]}]},{"@type":"ImageObject","inLanguage":"fr-FR","@id":"https:\/\/magiedufeu.ch\/fr\/produit\/magic-fires-plancha-pro-inox-80-lisse\/#primaryimage","url":"https:\/\/magiedufeu.ch\/wp-content\/uploads\/2022\/10\/80-lisse-1.jpg?wsr","contentUrl":"https:\/\/magiedufeu.ch\/wp-content\/uploads\/2022\/10\/80-lisse-1.jpg?wsr","width":1000,"height":1000},{"@type":"BreadcrumbList","@id":"https:\/\/magiedufeu.ch\/fr\/produit\/magic-fires-plancha-pro-inox-80-lisse\/#breadcrumb","itemListElement":[{"@type":"ListItem","position":1,"name":"Accueil","item":"https:\/\/magiedufeu.ch\/"},{"@type":"ListItem","position":2,"name":"Boutique","item":"https:\/\/magiedufeu.ch\/fr\/boutique\/"},{"@type":"ListItem","position":3,"name":"MAGIC FIRES PLANCHA PRO-INOX 80 LISSE"}]},{"@type":"WebSite","@id":"https:\/\/magiedufeu.ch\/#website","url":"https:\/\/magiedufeu.ch\/","name":"Mosoni-Vuissoz Magie du Feu","description":"","publisher":{"@id":"https:\/\/magiedufeu.ch\/#organization"},"potentialAction":[{"@type":"SearchAction","target":{"@type":"EntryPoint","urlTemplate":"https:\/\/magiedufeu.ch\/?s={search_term_string}"},"query-input":{"@type":"PropertyValueSpecification","valueRequired":true,"valueName":"search_term_string"}}],"inLanguage":"fr-FR"},{"@type":"Organization","@id":"https:\/\/magiedufeu.ch\/#organization","name":"Mosoni-Vuissoz Magie du Feu","url":"https:\/\/magiedufeu.ch\/","logo":{"@type":"ImageObject","inLanguage":"fr-FR","@id":"https:\/\/magiedufeu.ch\/#\/schema\/logo\/image\/","url":"https:\/\/magiedufeu.ch\/wp-content\/uploads\/2021\/06\/Mosoni-Vuissoz-logo-1024x536-1-46d285e0.png","contentUrl":"https:\/\/magiedufeu.ch\/wp-content\/uploads\/2021\/06\/Mosoni-Vuissoz-logo-1024x536-1-46d285e0.png","width":200,"height":105,"caption":"Mosoni-Vuissoz Magie du Feu"},"image":{"@id":"https:\/\/magiedufeu.ch\/#\/schema\/logo\/image\/"},"sameAs":["https:\/\/www.facebook.com\/magiedufeu.mdf\/"]}]}},"_links":{"self":[{"href":"https:\/\/magiedufeu.ch\/fr\/wp-json\/wp\/v2\/product\/2867","targetHints":{"allow":["GET"]}}],"collection":[{"href":"https:\/\/magiedufeu.ch\/fr\/wp-json\/wp\/v2\/product"}],"about":[{"href":"https:\/\/magiedufeu.ch\/fr\/wp-json\/wp\/v2\/types\/product"}],"replies":[{"embeddable":true,"href":"https:\/\/magiedufeu.ch\/fr\/wp-json\/wp\/v2\/comments?post=2867"}],"wp:featuredmedia":[{"embeddable":true,"href":"https:\/\/magiedufeu.ch\/fr\/wp-json\/wp\/v2\/media\/2902"}],"wp:attachment":[{"href":"https:\/\/magiedufeu.ch\/fr\/wp-json\/wp\/v2\/media?parent=2867"}],"wp:term":[{"taxonomy":"product_cat","embeddable":true,"href":"https:\/\/magiedufeu.ch\/fr\/wp-json\/wp\/v2\/product_cat?post=2867"},{"taxonomy":"product_tag","embeddable":true,"href":"https:\/\/magiedufeu.ch\/fr\/wp-json\/wp\/v2\/product_tag?post=2867"}],"curies":[{"name":"wp","href":"https:\/\/api.w.org\/{rel}","templated":true}]}}