{"id":2865,"date":"2022-10-21T15:22:00","date_gmt":"2022-10-21T15:22:00","guid":{"rendered":"https:\/\/magiedufeu.ch\/?post_type=product&#038;p=2865"},"modified":"2024-11-07T09:16:07","modified_gmt":"2024-11-07T09:16:07","slug":"ecofan-806-belair","status":"publish","type":"product","link":"https:\/\/magiedufeu.ch\/fr\/produit\/ecofan-806-belair\/","title":{"rendered":"ECOFAN 806 BELAIR"},"content":{"rendered":"<p>Le ventilateur BelAir Ecofan est un moyen \u00e9conomique de faire circuler de l&#8217;air chaud dans votre pi\u00e8ce lorsque vous utilisez un po\u00eale dont la temp\u00e9rature de surface est comprise entre 75 \u00b0C et 200 \u00b0C. Le ventilateur Ecofan est aliment\u00e9 par l&#8217;\u00e9lectricit\u00e9. Ce ventilateur g\u00e9n\u00e8re l&#8217;\u00e9lectricit\u00e9 n\u00e9cessaire \u00e0 son fonctionnement et expulse l&#8217;air chaud \u00e0 une vitesse de 238 m3\/h (140 pi2\/min). Le ventilateur Ecofan BelAir augmente l&#8217;efficacit\u00e9 du chauffage et contribue \u00e0 r\u00e9duire la consommation de combustible. Enti\u00e8rement assembl\u00e9, il offre un fonctionnement silencieux. <\/p>\n<p><em><strong>Couleur de l&#8217;h\u00e9lice : gris ou noir, selon le stock disponible au moment de la commande.<\/strong><\/em><\/p>\n","protected":false},"excerpt":{"rendered":"<p>Le ventilateur BelAir Ecofan est un moyen \u00e9conomique de faire circuler de l&#8217;air chaud dans votre pi\u00e8ce lorsque vous utilisez un po\u00eale dont la temp\u00e9rature de surface est comprise entre 75 \u00b0C et 200 \u00b0C. Le ventilateur Ecofan est aliment\u00e9 par l&#8217;\u00e9lectricit\u00e9. Ce ventilateur g\u00e9n\u00e8re l&#8217;\u00e9lectricit\u00e9 n\u00e9cessaire \u00e0 son fonctionnement et expulse l&#8217;air chaud \u00e0 une vitesse de 238 m3\/h (140 pi2\/min). Le ventilateur Ecofan BelAir augmente l&#8217;efficacit\u00e9 du chauffage et contribue \u00e0 r\u00e9duire la consommation de combustible. Enti\u00e8rement assembl\u00e9, il offre un fonctionnement silencieux. <\/p>\n<p><em><strong>Couleur de l&#8217;h\u00e9lice : gris ou noir, selon le stock disponible au moment de la commande.<\/strong><\/em><\/p>\n","protected":false},"featured_media":10950,"comment_status":"closed","ping_status":"closed","template":"","meta":[],"product_cat":[204,200,355,225],"product_tag":[],"class_list":{"0":"post-2865","1":"product","2":"type-product","3":"status-publish","4":"has-post-thumbnail","6":"product_cat-accessoires-de-cheminees","7":"product_cat-accessoires-et-combustibles","8":"product_cat-offres-speciale-startseite","9":"product_cat-offres-speciales","10":"product_shipping_class-petits-articles","12":"first","13":"instock","14":"sale","15":"taxable","16":"shipping-taxable","17":"purchasable","18":"product-type-simple"},"yoast_head":"<!-- This site is optimized with the Yoast SEO plugin v23.7 - https:\/\/yoast.com\/wordpress\/plugins\/seo\/ -->\n<title>ECOFAN 806 BELAIR - Mosoni-Vuissoz Magie du Feu<\/title>\n<meta name=\"robots\" content=\"index, follow, max-snippet:-1, max-image-preview:large, max-video-preview:-1\" \/>\n<link rel=\"canonical\" href=\"https:\/\/magiedufeu.ch\/fr\/produit\/ecofan-806-belair\/\" \/>\n<meta property=\"og:locale\" content=\"fr_FR\" \/>\n<meta property=\"og:type\" content=\"article\" \/>\n<meta property=\"og:title\" content=\"ECOFAN 806 BELAIR - Mosoni-Vuissoz Magie du Feu\" \/>\n<meta property=\"og:description\" content=\"Le ventilateur BelAir Ecofan est un moyen \u00e9conomique de faire circuler de l&#039;air chaud dans votre pi\u00e8ce lorsque vous utilisez un po\u00eale dont la temp\u00e9rature de surface est comprise entre 75 \u00b0C et 200 \u00b0C. Le ventilateur Ecofan est aliment\u00e9 par l&#039;\u00e9lectricit\u00e9. Ce ventilateur g\u00e9n\u00e8re l&#039;\u00e9lectricit\u00e9 n\u00e9cessaire \u00e0 son fonctionnement et expulse l&#039;air chaud \u00e0 une vitesse de 238 m3\/h (140 pi2\/min). Le ventilateur Ecofan BelAir augmente l&#039;efficacit\u00e9 du chauffage et contribue \u00e0 r\u00e9duire la consommation de combustible. Enti\u00e8rement assembl\u00e9, il offre un fonctionnement silencieux.   Couleur de l&#039;h\u00e9lice : gris ou noir, selon le stock disponible au moment de la commande.\" \/>\n<meta property=\"og:url\" content=\"https:\/\/magiedufeu.ch\/fr\/produit\/ecofan-806-belair\/\" \/>\n<meta property=\"og:site_name\" content=\"Mosoni-Vuissoz Magie du Feu\" \/>\n<meta property=\"article:publisher\" content=\"https:\/\/www.facebook.com\/magiedufeu.mdf\/\" \/>\n<meta property=\"article:modified_time\" content=\"2024-11-07T09:16:07+00:00\" \/>\n<meta property=\"og:image\" content=\"https:\/\/magiedufeu.ch\/wp-content\/uploads\/2024\/09\/Ecofan-806-black-1.jpg?wsr\" \/>\n\t<meta property=\"og:image:width\" content=\"1000\" \/>\n\t<meta property=\"og:image:height\" content=\"1000\" \/>\n\t<meta property=\"og:image:type\" content=\"image\/jpeg\" \/>\n<meta name=\"twitter:card\" content=\"summary_large_image\" \/>\n<meta name=\"twitter:label1\" content=\"Dur\u00e9e de lecture estim\u00e9e\" \/>\n\t<meta name=\"twitter:data1\" content=\"1 minute\" \/>\n<script type=\"application\/ld+json\" class=\"yoast-schema-graph\">{\"@context\":\"https:\/\/schema.org\",\"@graph\":[{\"@type\":\"WebPage\",\"@id\":\"https:\/\/magiedufeu.ch\/fr\/produit\/ecofan-806-belair\/\",\"url\":\"https:\/\/magiedufeu.ch\/fr\/produit\/ecofan-806-belair\/\",\"name\":\"ECOFAN 806 BELAIR - Mosoni-Vuissoz Magie du Feu\",\"isPartOf\":{\"@id\":\"https:\/\/magiedufeu.ch\/#website\"},\"primaryImageOfPage\":{\"@id\":\"https:\/\/magiedufeu.ch\/fr\/produit\/ecofan-806-belair\/#primaryimage\"},\"image\":{\"@id\":\"https:\/\/magiedufeu.ch\/fr\/produit\/ecofan-806-belair\/#primaryimage\"},\"thumbnailUrl\":\"https:\/\/magiedufeu.ch\/wp-content\/uploads\/2024\/09\/Ecofan-806-black-1.jpg?wsr\",\"datePublished\":\"2022-10-21T15:22:00+00:00\",\"dateModified\":\"2024-11-07T09:16:07+00:00\",\"breadcrumb\":{\"@id\":\"https:\/\/magiedufeu.ch\/fr\/produit\/ecofan-806-belair\/#breadcrumb\"},\"inLanguage\":\"fr-FR\",\"potentialAction\":[{\"@type\":\"ReadAction\",\"target\":[\"https:\/\/magiedufeu.ch\/fr\/produit\/ecofan-806-belair\/\"]}]},{\"@type\":\"ImageObject\",\"inLanguage\":\"fr-FR\",\"@id\":\"https:\/\/magiedufeu.ch\/fr\/produit\/ecofan-806-belair\/#primaryimage\",\"url\":\"https:\/\/magiedufeu.ch\/wp-content\/uploads\/2024\/09\/Ecofan-806-black-1.jpg?wsr\",\"contentUrl\":\"https:\/\/magiedufeu.ch\/wp-content\/uploads\/2024\/09\/Ecofan-806-black-1.jpg?wsr\",\"width\":1000,\"height\":1000},{\"@type\":\"BreadcrumbList\",\"@id\":\"https:\/\/magiedufeu.ch\/fr\/produit\/ecofan-806-belair\/#breadcrumb\",\"itemListElement\":[{\"@type\":\"ListItem\",\"position\":1,\"name\":\"Accueil\",\"item\":\"https:\/\/magiedufeu.ch\/\"},{\"@type\":\"ListItem\",\"position\":2,\"name\":\"Boutique\",\"item\":\"https:\/\/magiedufeu.ch\/fr\/boutique\/\"},{\"@type\":\"ListItem\",\"position\":3,\"name\":\"ECOFAN 806 BELAIR\"}]},{\"@type\":\"WebSite\",\"@id\":\"https:\/\/magiedufeu.ch\/#website\",\"url\":\"https:\/\/magiedufeu.ch\/\",\"name\":\"Mosoni-Vuissoz Magie du Feu\",\"description\":\"\",\"publisher\":{\"@id\":\"https:\/\/magiedufeu.ch\/#organization\"},\"potentialAction\":[{\"@type\":\"SearchAction\",\"target\":{\"@type\":\"EntryPoint\",\"urlTemplate\":\"https:\/\/magiedufeu.ch\/?s={search_term_string}\"},\"query-input\":{\"@type\":\"PropertyValueSpecification\",\"valueRequired\":true,\"valueName\":\"search_term_string\"}}],\"inLanguage\":\"fr-FR\"},{\"@type\":\"Organization\",\"@id\":\"https:\/\/magiedufeu.ch\/#organization\",\"name\":\"Mosoni-Vuissoz Magie du Feu\",\"url\":\"https:\/\/magiedufeu.ch\/\",\"logo\":{\"@type\":\"ImageObject\",\"inLanguage\":\"fr-FR\",\"@id\":\"https:\/\/magiedufeu.ch\/#\/schema\/logo\/image\/\",\"url\":\"https:\/\/magiedufeu.ch\/wp-content\/uploads\/2021\/06\/Mosoni-Vuissoz-logo-1024x536-1-46d285e0.png\",\"contentUrl\":\"https:\/\/magiedufeu.ch\/wp-content\/uploads\/2021\/06\/Mosoni-Vuissoz-logo-1024x536-1-46d285e0.png\",\"width\":200,\"height\":105,\"caption\":\"Mosoni-Vuissoz Magie du Feu\"},\"image\":{\"@id\":\"https:\/\/magiedufeu.ch\/#\/schema\/logo\/image\/\"},\"sameAs\":[\"https:\/\/www.facebook.com\/magiedufeu.mdf\/\"]}]}<\/script>\n<!-- \/ Yoast SEO plugin. -->","yoast_head_json":{"title":"ECOFAN 806 BELAIR - Mosoni-Vuissoz Magie du Feu","robots":{"index":"index","follow":"follow","max-snippet":"max-snippet:-1","max-image-preview":"max-image-preview:large","max-video-preview":"max-video-preview:-1"},"canonical":"https:\/\/magiedufeu.ch\/fr\/produit\/ecofan-806-belair\/","og_locale":"fr_FR","og_type":"article","og_title":"ECOFAN 806 BELAIR - Mosoni-Vuissoz Magie du Feu","og_description":"Le ventilateur BelAir Ecofan est un moyen \u00e9conomique de faire circuler de l'air chaud dans votre pi\u00e8ce lorsque vous utilisez un po\u00eale dont la temp\u00e9rature de surface est comprise entre 75 \u00b0C et 200 \u00b0C. Le ventilateur Ecofan est aliment\u00e9 par l'\u00e9lectricit\u00e9. Ce ventilateur g\u00e9n\u00e8re l'\u00e9lectricit\u00e9 n\u00e9cessaire \u00e0 son fonctionnement et expulse l'air chaud \u00e0 une vitesse de 238 m3\/h (140 pi2\/min). Le ventilateur Ecofan BelAir augmente l'efficacit\u00e9 du chauffage et contribue \u00e0 r\u00e9duire la consommation de combustible. Enti\u00e8rement assembl\u00e9, il offre un fonctionnement silencieux.   Couleur de l'h\u00e9lice : gris ou noir, selon le stock disponible au moment de la commande.","og_url":"https:\/\/magiedufeu.ch\/fr\/produit\/ecofan-806-belair\/","og_site_name":"Mosoni-Vuissoz Magie du Feu","article_publisher":"https:\/\/www.facebook.com\/magiedufeu.mdf\/","article_modified_time":"2024-11-07T09:16:07+00:00","og_image":[{"width":1000,"height":1000,"url":"https:\/\/magiedufeu.ch\/wp-content\/uploads\/2024\/09\/Ecofan-806-black-1.jpg?wsr","type":"image\/jpeg"}],"twitter_card":"summary_large_image","twitter_misc":{"Dur\u00e9e de lecture estim\u00e9e":"1 minute"},"schema":{"@context":"https:\/\/schema.org","@graph":[{"@type":"WebPage","@id":"https:\/\/magiedufeu.ch\/fr\/produit\/ecofan-806-belair\/","url":"https:\/\/magiedufeu.ch\/fr\/produit\/ecofan-806-belair\/","name":"ECOFAN 806 BELAIR - Mosoni-Vuissoz Magie du Feu","isPartOf":{"@id":"https:\/\/magiedufeu.ch\/#website"},"primaryImageOfPage":{"@id":"https:\/\/magiedufeu.ch\/fr\/produit\/ecofan-806-belair\/#primaryimage"},"image":{"@id":"https:\/\/magiedufeu.ch\/fr\/produit\/ecofan-806-belair\/#primaryimage"},"thumbnailUrl":"https:\/\/magiedufeu.ch\/wp-content\/uploads\/2024\/09\/Ecofan-806-black-1.jpg?wsr","datePublished":"2022-10-21T15:22:00+00:00","dateModified":"2024-11-07T09:16:07+00:00","breadcrumb":{"@id":"https:\/\/magiedufeu.ch\/fr\/produit\/ecofan-806-belair\/#breadcrumb"},"inLanguage":"fr-FR","potentialAction":[{"@type":"ReadAction","target":["https:\/\/magiedufeu.ch\/fr\/produit\/ecofan-806-belair\/"]}]},{"@type":"ImageObject","inLanguage":"fr-FR","@id":"https:\/\/magiedufeu.ch\/fr\/produit\/ecofan-806-belair\/#primaryimage","url":"https:\/\/magiedufeu.ch\/wp-content\/uploads\/2024\/09\/Ecofan-806-black-1.jpg?wsr","contentUrl":"https:\/\/magiedufeu.ch\/wp-content\/uploads\/2024\/09\/Ecofan-806-black-1.jpg?wsr","width":1000,"height":1000},{"@type":"BreadcrumbList","@id":"https:\/\/magiedufeu.ch\/fr\/produit\/ecofan-806-belair\/#breadcrumb","itemListElement":[{"@type":"ListItem","position":1,"name":"Accueil","item":"https:\/\/magiedufeu.ch\/"},{"@type":"ListItem","position":2,"name":"Boutique","item":"https:\/\/magiedufeu.ch\/fr\/boutique\/"},{"@type":"ListItem","position":3,"name":"ECOFAN 806 BELAIR"}]},{"@type":"WebSite","@id":"https:\/\/magiedufeu.ch\/#website","url":"https:\/\/magiedufeu.ch\/","name":"Mosoni-Vuissoz Magie du Feu","description":"","publisher":{"@id":"https:\/\/magiedufeu.ch\/#organization"},"potentialAction":[{"@type":"SearchAction","target":{"@type":"EntryPoint","urlTemplate":"https:\/\/magiedufeu.ch\/?s={search_term_string}"},"query-input":{"@type":"PropertyValueSpecification","valueRequired":true,"valueName":"search_term_string"}}],"inLanguage":"fr-FR"},{"@type":"Organization","@id":"https:\/\/magiedufeu.ch\/#organization","name":"Mosoni-Vuissoz Magie du Feu","url":"https:\/\/magiedufeu.ch\/","logo":{"@type":"ImageObject","inLanguage":"fr-FR","@id":"https:\/\/magiedufeu.ch\/#\/schema\/logo\/image\/","url":"https:\/\/magiedufeu.ch\/wp-content\/uploads\/2021\/06\/Mosoni-Vuissoz-logo-1024x536-1-46d285e0.png","contentUrl":"https:\/\/magiedufeu.ch\/wp-content\/uploads\/2021\/06\/Mosoni-Vuissoz-logo-1024x536-1-46d285e0.png","width":200,"height":105,"caption":"Mosoni-Vuissoz Magie du Feu"},"image":{"@id":"https:\/\/magiedufeu.ch\/#\/schema\/logo\/image\/"},"sameAs":["https:\/\/www.facebook.com\/magiedufeu.mdf\/"]}]}},"_links":{"self":[{"href":"https:\/\/magiedufeu.ch\/fr\/wp-json\/wp\/v2\/product\/2865","targetHints":{"allow":["GET"]}}],"collection":[{"href":"https:\/\/magiedufeu.ch\/fr\/wp-json\/wp\/v2\/product"}],"about":[{"href":"https:\/\/magiedufeu.ch\/fr\/wp-json\/wp\/v2\/types\/product"}],"replies":[{"embeddable":true,"href":"https:\/\/magiedufeu.ch\/fr\/wp-json\/wp\/v2\/comments?post=2865"}],"wp:featuredmedia":[{"embeddable":true,"href":"https:\/\/magiedufeu.ch\/fr\/wp-json\/wp\/v2\/media\/10950"}],"wp:attachment":[{"href":"https:\/\/magiedufeu.ch\/fr\/wp-json\/wp\/v2\/media?parent=2865"}],"wp:term":[{"taxonomy":"product_cat","embeddable":true,"href":"https:\/\/magiedufeu.ch\/fr\/wp-json\/wp\/v2\/product_cat?post=2865"},{"taxonomy":"product_tag","embeddable":true,"href":"https:\/\/magiedufeu.ch\/fr\/wp-json\/wp\/v2\/product_tag?post=2865"}],"curies":[{"name":"wp","href":"https:\/\/api.w.org\/{rel}","templated":true}]}}