{"id":13667,"date":"2026-05-08T12:32:51","date_gmt":"2026-05-08T12:32:51","guid":{"rendered":"https:\/\/magiedufeu.ch\/?post_type=product&#038;p=13667"},"modified":"2026-05-08T12:32:52","modified_gmt":"2026-05-08T12:32:52","slug":"poele-a-bois-tenno-cera-noir","status":"publish","type":"product","link":"https:\/\/magiedufeu.ch\/fr\/produit\/poele-a-bois-tenno-cera-noir\/","title":{"rendered":"Po\u00eale \u00e0 Bois TENNO CERA Noir"},"content":{"rendered":"<h2>Pourquoi choisir le po\u00eale \u00e0 bois Tenno Cera ?<\/h2>\n<p>Son design minimaliste et moderne aux lignes \u00e9pur\u00e9es et aux formes g\u00e9om\u00e9triques s\u2019int\u00e8gre parfaitement dans n\u2019importe quel int\u00e9rieur et vous permet de profiter au maximum de la chaleur et de l\u2019atmosph\u00e8re du feu. \u00a0Avec sa fabrication de haute qualit\u00e9 et ses mat\u00e9riaux durables, c\u2019est un produit sur lequel vous pouvez compter.<\/p>\n<p><em>Option : il est possible de rajouter une pierre d&#8217;accumulation de 50 kg sur le dessus du po\u00eale pour un co\u00fbt de 360.-.<\/em><\/p>\n<h2>Les avantages du po\u00eale \u00e0 bois Tenno Cera :<\/h2>\n<p>Avec son vitrage sur 3 c\u00f4t\u00e9s, il vous offre non seulement une vue compl\u00e8te du feu sous diff\u00e9rents angles de la pi\u00e8ce, mais \u00e9galement un rayonnement thermique am\u00e9lior\u00e9 : la chaleur est rayonn\u00e9e directement dans la pi\u00e8ce \u00e0 travers le verre. Le po\u00eale Tenno dispose \u00e9galement d\u2019un compartiment de rangement sous la porte du foyer o\u00f9 vous pouvez ranger des allume-feu ou des gants, par exemple.<\/p>\n<h3>Caract\u00e9ristiques principales du produit :<\/h3>\n<p>Hauteur : 1500 mm<\/p>\n<p>Largeur : 460 mm<\/p>\n<p>Profondeur : 460 mm<\/p>\n<p>Poids : 145 kg<\/p>\n<p>&nbsp;<\/p>\n<p><strong><a href=\"https:\/\/magiedufeu.ch\/wp-content\/uploads\/2026\/05\/FICHE-TECHNIQUE.TENNO_.pdf\">FICHE TECHNIQUE.TENNO<\/a><\/strong><\/p>\n","protected":false},"excerpt":{"rendered":"<p>Hauteur : 1500 mm<\/p>\n<p>Largeur : 460 mm<\/p>\n<p>Profondeur : 460 mm<\/p>\n<p>Poids : 145 kg<\/p>\n","protected":false},"featured_media":13675,"comment_status":"closed","ping_status":"closed","template":"","meta":[],"product_cat":[210,207],"product_tag":[],"class_list":{"0":"post-13667","1":"product","2":"type-product","3":"status-publish","4":"has-post-thumbnail","6":"product_cat-bois-fr","7":"product_cat-poeles","9":"first","10":"instock","11":"taxable","12":"shipping-taxable","13":"purchasable","14":"product-type-simple"},"yoast_head":"<!-- This site is optimized with the Yoast SEO plugin v23.7 - https:\/\/yoast.com\/wordpress\/plugins\/seo\/ -->\n<title>Po\u00eale \u00e0 Bois TENNO CERA Noir - Mosoni-Vuissoz Magie du Feu<\/title>\n<meta name=\"description\" content=\"Son design minimaliste et moderne aux lignes \u00e9pur\u00e9es et aux formes g\u00e9om\u00e9triques s\u2019int\u00e8gre parfaitement dans n\u2019importe quel int\u00e9rieur et vous permet ...\" \/>\n<meta name=\"robots\" content=\"index, follow, max-snippet:-1, max-image-preview:large, max-video-preview:-1\" \/>\n<link rel=\"canonical\" href=\"https:\/\/magiedufeu.ch\/fr\/produit\/poele-a-bois-tenno-cera-noir\/\" \/>\n<meta property=\"og:locale\" content=\"fr_FR\" \/>\n<meta property=\"og:type\" content=\"article\" \/>\n<meta property=\"og:title\" content=\"Po\u00eale \u00e0 Bois TENNO CERA Noir - Mosoni-Vuissoz Magie du Feu\" \/>\n<meta property=\"og:description\" content=\"Son design minimaliste et moderne aux lignes \u00e9pur\u00e9es et aux formes g\u00e9om\u00e9triques s\u2019int\u00e8gre parfaitement dans n\u2019importe quel int\u00e9rieur et vous permet ...\" \/>\n<meta property=\"og:url\" content=\"https:\/\/magiedufeu.ch\/fr\/produit\/poele-a-bois-tenno-cera-noir\/\" \/>\n<meta property=\"og:site_name\" content=\"Mosoni-Vuissoz Magie du Feu\" \/>\n<meta property=\"article:publisher\" content=\"https:\/\/www.facebook.com\/magiedufeu.mdf\/\" \/>\n<meta property=\"article:modified_time\" content=\"2026-05-08T12:32:52+00:00\" \/>\n<meta property=\"og:image\" content=\"https:\/\/magiedufeu.ch\/wp-content\/uploads\/2026\/05\/Poids-_-150-kg-Puissance-7-Kw-Rendement-80_8-_-Sortie-de-fumee-150-mm-Largeur-_-600-mm-Profondeur-_-67.webp?wsr\" \/>\n\t<meta property=\"og:image:width\" content=\"1080\" \/>\n\t<meta property=\"og:image:height\" content=\"1080\" \/>\n\t<meta property=\"og:image:type\" content=\"image\/webp\" \/>\n<meta name=\"twitter:card\" content=\"summary_large_image\" \/>\n<meta name=\"twitter:label1\" content=\"Dur\u00e9e de lecture estim\u00e9e\" \/>\n\t<meta name=\"twitter:data1\" content=\"2 minutes\" \/>\n<script type=\"application\/ld+json\" class=\"yoast-schema-graph\">{\"@context\":\"https:\/\/schema.org\",\"@graph\":[{\"@type\":\"WebPage\",\"@id\":\"https:\/\/magiedufeu.ch\/fr\/produit\/poele-a-bois-tenno-cera-noir\/\",\"url\":\"https:\/\/magiedufeu.ch\/fr\/produit\/poele-a-bois-tenno-cera-noir\/\",\"name\":\"Po\u00eale \u00e0 Bois TENNO CERA Noir - Mosoni-Vuissoz Magie du Feu\",\"isPartOf\":{\"@id\":\"https:\/\/magiedufeu.ch\/#website\"},\"primaryImageOfPage\":{\"@id\":\"https:\/\/magiedufeu.ch\/fr\/produit\/poele-a-bois-tenno-cera-noir\/#primaryimage\"},\"image\":{\"@id\":\"https:\/\/magiedufeu.ch\/fr\/produit\/poele-a-bois-tenno-cera-noir\/#primaryimage\"},\"thumbnailUrl\":\"https:\/\/magiedufeu.ch\/wp-content\/uploads\/2026\/05\/Poids-_-150-kg-Puissance-7-Kw-Rendement-80_8-_-Sortie-de-fumee-150-mm-Largeur-_-600-mm-Profondeur-_-67.webp?wsr\",\"datePublished\":\"2026-05-08T12:32:51+00:00\",\"dateModified\":\"2026-05-08T12:32:52+00:00\",\"description\":\"Son design minimaliste et moderne aux lignes \u00e9pur\u00e9es et aux formes g\u00e9om\u00e9triques s\u2019int\u00e8gre parfaitement dans n\u2019importe quel int\u00e9rieur et vous permet ...\",\"breadcrumb\":{\"@id\":\"https:\/\/magiedufeu.ch\/fr\/produit\/poele-a-bois-tenno-cera-noir\/#breadcrumb\"},\"inLanguage\":\"fr-FR\",\"potentialAction\":[{\"@type\":\"ReadAction\",\"target\":[\"https:\/\/magiedufeu.ch\/fr\/produit\/poele-a-bois-tenno-cera-noir\/\"]}]},{\"@type\":\"ImageObject\",\"inLanguage\":\"fr-FR\",\"@id\":\"https:\/\/magiedufeu.ch\/fr\/produit\/poele-a-bois-tenno-cera-noir\/#primaryimage\",\"url\":\"https:\/\/magiedufeu.ch\/wp-content\/uploads\/2026\/05\/Poids-_-150-kg-Puissance-7-Kw-Rendement-80_8-_-Sortie-de-fumee-150-mm-Largeur-_-600-mm-Profondeur-_-67.webp?wsr\",\"contentUrl\":\"https:\/\/magiedufeu.ch\/wp-content\/uploads\/2026\/05\/Poids-_-150-kg-Puissance-7-Kw-Rendement-80_8-_-Sortie-de-fumee-150-mm-Largeur-_-600-mm-Profondeur-_-67.webp?wsr\",\"width\":1080,\"height\":1080},{\"@type\":\"BreadcrumbList\",\"@id\":\"https:\/\/magiedufeu.ch\/fr\/produit\/poele-a-bois-tenno-cera-noir\/#breadcrumb\",\"itemListElement\":[{\"@type\":\"ListItem\",\"position\":1,\"name\":\"Accueil\",\"item\":\"https:\/\/magiedufeu.ch\/\"},{\"@type\":\"ListItem\",\"position\":2,\"name\":\"Boutique\",\"item\":\"https:\/\/magiedufeu.ch\/fr\/boutique\/\"},{\"@type\":\"ListItem\",\"position\":3,\"name\":\"Po\u00eale \u00e0 Bois TENNO CERA Noir\"}]},{\"@type\":\"WebSite\",\"@id\":\"https:\/\/magiedufeu.ch\/#website\",\"url\":\"https:\/\/magiedufeu.ch\/\",\"name\":\"Mosoni-Vuissoz Magie du Feu\",\"description\":\"\",\"publisher\":{\"@id\":\"https:\/\/magiedufeu.ch\/#organization\"},\"potentialAction\":[{\"@type\":\"SearchAction\",\"target\":{\"@type\":\"EntryPoint\",\"urlTemplate\":\"https:\/\/magiedufeu.ch\/?s={search_term_string}\"},\"query-input\":{\"@type\":\"PropertyValueSpecification\",\"valueRequired\":true,\"valueName\":\"search_term_string\"}}],\"inLanguage\":\"fr-FR\"},{\"@type\":\"Organization\",\"@id\":\"https:\/\/magiedufeu.ch\/#organization\",\"name\":\"Mosoni-Vuissoz Magie du Feu\",\"url\":\"https:\/\/magiedufeu.ch\/\",\"logo\":{\"@type\":\"ImageObject\",\"inLanguage\":\"fr-FR\",\"@id\":\"https:\/\/magiedufeu.ch\/#\/schema\/logo\/image\/\",\"url\":\"https:\/\/magiedufeu.ch\/wp-content\/uploads\/2021\/06\/Mosoni-Vuissoz-logo-1024x536-1-46d285e0.png\",\"contentUrl\":\"https:\/\/magiedufeu.ch\/wp-content\/uploads\/2021\/06\/Mosoni-Vuissoz-logo-1024x536-1-46d285e0.png\",\"width\":200,\"height\":105,\"caption\":\"Mosoni-Vuissoz Magie du Feu\"},\"image\":{\"@id\":\"https:\/\/magiedufeu.ch\/#\/schema\/logo\/image\/\"},\"sameAs\":[\"https:\/\/www.facebook.com\/magiedufeu.mdf\/\"]}]}<\/script>\n<!-- \/ Yoast SEO plugin. -->","yoast_head_json":{"title":"Po\u00eale \u00e0 Bois TENNO CERA Noir - Mosoni-Vuissoz Magie du Feu","description":"Son design minimaliste et moderne aux lignes \u00e9pur\u00e9es et aux formes g\u00e9om\u00e9triques s\u2019int\u00e8gre parfaitement dans n\u2019importe quel int\u00e9rieur et vous permet ...","robots":{"index":"index","follow":"follow","max-snippet":"max-snippet:-1","max-image-preview":"max-image-preview:large","max-video-preview":"max-video-preview:-1"},"canonical":"https:\/\/magiedufeu.ch\/fr\/produit\/poele-a-bois-tenno-cera-noir\/","og_locale":"fr_FR","og_type":"article","og_title":"Po\u00eale \u00e0 Bois TENNO CERA Noir - Mosoni-Vuissoz Magie du Feu","og_description":"Son design minimaliste et moderne aux lignes \u00e9pur\u00e9es et aux formes g\u00e9om\u00e9triques s\u2019int\u00e8gre parfaitement dans n\u2019importe quel int\u00e9rieur et vous permet ...","og_url":"https:\/\/magiedufeu.ch\/fr\/produit\/poele-a-bois-tenno-cera-noir\/","og_site_name":"Mosoni-Vuissoz Magie du Feu","article_publisher":"https:\/\/www.facebook.com\/magiedufeu.mdf\/","article_modified_time":"2026-05-08T12:32:52+00:00","og_image":[{"width":1080,"height":1080,"url":"https:\/\/magiedufeu.ch\/wp-content\/uploads\/2026\/05\/Poids-_-150-kg-Puissance-7-Kw-Rendement-80_8-_-Sortie-de-fumee-150-mm-Largeur-_-600-mm-Profondeur-_-67.webp?wsr","type":"image\/webp"}],"twitter_card":"summary_large_image","twitter_misc":{"Dur\u00e9e de lecture estim\u00e9e":"2 minutes"},"schema":{"@context":"https:\/\/schema.org","@graph":[{"@type":"WebPage","@id":"https:\/\/magiedufeu.ch\/fr\/produit\/poele-a-bois-tenno-cera-noir\/","url":"https:\/\/magiedufeu.ch\/fr\/produit\/poele-a-bois-tenno-cera-noir\/","name":"Po\u00eale \u00e0 Bois TENNO CERA Noir - Mosoni-Vuissoz Magie du Feu","isPartOf":{"@id":"https:\/\/magiedufeu.ch\/#website"},"primaryImageOfPage":{"@id":"https:\/\/magiedufeu.ch\/fr\/produit\/poele-a-bois-tenno-cera-noir\/#primaryimage"},"image":{"@id":"https:\/\/magiedufeu.ch\/fr\/produit\/poele-a-bois-tenno-cera-noir\/#primaryimage"},"thumbnailUrl":"https:\/\/magiedufeu.ch\/wp-content\/uploads\/2026\/05\/Poids-_-150-kg-Puissance-7-Kw-Rendement-80_8-_-Sortie-de-fumee-150-mm-Largeur-_-600-mm-Profondeur-_-67.webp?wsr","datePublished":"2026-05-08T12:32:51+00:00","dateModified":"2026-05-08T12:32:52+00:00","description":"Son design minimaliste et moderne aux lignes \u00e9pur\u00e9es et aux formes g\u00e9om\u00e9triques s\u2019int\u00e8gre parfaitement dans n\u2019importe quel int\u00e9rieur et vous permet ...","breadcrumb":{"@id":"https:\/\/magiedufeu.ch\/fr\/produit\/poele-a-bois-tenno-cera-noir\/#breadcrumb"},"inLanguage":"fr-FR","potentialAction":[{"@type":"ReadAction","target":["https:\/\/magiedufeu.ch\/fr\/produit\/poele-a-bois-tenno-cera-noir\/"]}]},{"@type":"ImageObject","inLanguage":"fr-FR","@id":"https:\/\/magiedufeu.ch\/fr\/produit\/poele-a-bois-tenno-cera-noir\/#primaryimage","url":"https:\/\/magiedufeu.ch\/wp-content\/uploads\/2026\/05\/Poids-_-150-kg-Puissance-7-Kw-Rendement-80_8-_-Sortie-de-fumee-150-mm-Largeur-_-600-mm-Profondeur-_-67.webp?wsr","contentUrl":"https:\/\/magiedufeu.ch\/wp-content\/uploads\/2026\/05\/Poids-_-150-kg-Puissance-7-Kw-Rendement-80_8-_-Sortie-de-fumee-150-mm-Largeur-_-600-mm-Profondeur-_-67.webp?wsr","width":1080,"height":1080},{"@type":"BreadcrumbList","@id":"https:\/\/magiedufeu.ch\/fr\/produit\/poele-a-bois-tenno-cera-noir\/#breadcrumb","itemListElement":[{"@type":"ListItem","position":1,"name":"Accueil","item":"https:\/\/magiedufeu.ch\/"},{"@type":"ListItem","position":2,"name":"Boutique","item":"https:\/\/magiedufeu.ch\/fr\/boutique\/"},{"@type":"ListItem","position":3,"name":"Po\u00eale \u00e0 Bois TENNO CERA Noir"}]},{"@type":"WebSite","@id":"https:\/\/magiedufeu.ch\/#website","url":"https:\/\/magiedufeu.ch\/","name":"Mosoni-Vuissoz Magie du Feu","description":"","publisher":{"@id":"https:\/\/magiedufeu.ch\/#organization"},"potentialAction":[{"@type":"SearchAction","target":{"@type":"EntryPoint","urlTemplate":"https:\/\/magiedufeu.ch\/?s={search_term_string}"},"query-input":{"@type":"PropertyValueSpecification","valueRequired":true,"valueName":"search_term_string"}}],"inLanguage":"fr-FR"},{"@type":"Organization","@id":"https:\/\/magiedufeu.ch\/#organization","name":"Mosoni-Vuissoz Magie du Feu","url":"https:\/\/magiedufeu.ch\/","logo":{"@type":"ImageObject","inLanguage":"fr-FR","@id":"https:\/\/magiedufeu.ch\/#\/schema\/logo\/image\/","url":"https:\/\/magiedufeu.ch\/wp-content\/uploads\/2021\/06\/Mosoni-Vuissoz-logo-1024x536-1-46d285e0.png","contentUrl":"https:\/\/magiedufeu.ch\/wp-content\/uploads\/2021\/06\/Mosoni-Vuissoz-logo-1024x536-1-46d285e0.png","width":200,"height":105,"caption":"Mosoni-Vuissoz Magie du Feu"},"image":{"@id":"https:\/\/magiedufeu.ch\/#\/schema\/logo\/image\/"},"sameAs":["https:\/\/www.facebook.com\/magiedufeu.mdf\/"]}]}},"_links":{"self":[{"href":"https:\/\/magiedufeu.ch\/fr\/wp-json\/wp\/v2\/product\/13667","targetHints":{"allow":["GET"]}}],"collection":[{"href":"https:\/\/magiedufeu.ch\/fr\/wp-json\/wp\/v2\/product"}],"about":[{"href":"https:\/\/magiedufeu.ch\/fr\/wp-json\/wp\/v2\/types\/product"}],"replies":[{"embeddable":true,"href":"https:\/\/magiedufeu.ch\/fr\/wp-json\/wp\/v2\/comments?post=13667"}],"wp:featuredmedia":[{"embeddable":true,"href":"https:\/\/magiedufeu.ch\/fr\/wp-json\/wp\/v2\/media\/13675"}],"wp:attachment":[{"href":"https:\/\/magiedufeu.ch\/fr\/wp-json\/wp\/v2\/media?parent=13667"}],"wp:term":[{"taxonomy":"product_cat","embeddable":true,"href":"https:\/\/magiedufeu.ch\/fr\/wp-json\/wp\/v2\/product_cat?post=13667"},{"taxonomy":"product_tag","embeddable":true,"href":"https:\/\/magiedufeu.ch\/fr\/wp-json\/wp\/v2\/product_tag?post=13667"}],"curies":[{"name":"wp","href":"https:\/\/api.w.org\/{rel}","templated":true}]}}