{"id":13549,"date":"2026-04-24T13:08:29","date_gmt":"2026-04-24T13:08:29","guid":{"rendered":"https:\/\/magiedufeu.ch\/?post_type=product&#038;p=13549"},"modified":"2026-04-24T13:08:29","modified_gmt":"2026-04-24T13:08:29","slug":"cheminee-exterieure-saprom","status":"publish","type":"product","link":"https:\/\/magiedufeu.ch\/fr\/produit\/cheminee-exterieure-saprom\/","title":{"rendered":"Chemin\u00e9e ext\u00e9rieure SAPROM MAGIC FIRES"},"content":{"rendered":"<h2>Pourquoi choisir la chemin\u00e9e ext\u00e9rieure Saprom de Magic Fires ?<\/h2>\n<p>C&#8217;est une chemin\u00e9e en b\u00e9ton all\u00e9g\u00e9, ce qui augmente son efficacit\u00e9 thermique en r\u00e9duisant la consommation d&#8217;\u00e9nergie. Elle a un d\u00e9cor de flammes amovible et lavable en acier inox qui la rend atypique. Cette chemin\u00e9e marche au bois. Elle poss\u00e8de un foyer avec une grille chrom\u00e9e r\u00e9glable sur 3 hauteurs. Elle a une \u00e9tag\u00e8re qui vous permet d&#8217;avoir un joli plan de travail.<\/p>\n<h2>Les avantages de la chemin\u00e9e ext\u00e9rieure Saprom Magic Fires :<\/h2>\n<p>Il est possible de la personnaliser en peignant les parties brutes de la chemin\u00e9e. Avec son b\u00e9ton all\u00e9g\u00e9, elle est tr\u00e8s facile \u00e0 monter et le nettoyage est simplicit\u00e9. Sa taille est id\u00e9ale pour les occasions, car vous pouvez faire des grillades allant jusqu&#8217;\u00e0 12 personnes. Les mat\u00e9riaux sont r\u00e9sistant aux intemp\u00e9ries.<\/p>\n<h3>Caract\u00e9ristiques principales du produit :<\/h3>\n<p>Hauteur : 2155 mm<\/p>\n<p>Largeur : 1250 mm<\/p>\n<p>Profondeur : 640 mm<\/p>\n<p>Poids : 373 kg<\/p>\n<p>&nbsp;<\/p>\n<p><a href=\"https:\/\/magiedufeu.ch\/wp-content\/uploads\/2026\/04\/Design-sans-titre-28.pdf\"><strong>FICHE TECHNIQUE.SAPROM<\/strong><\/a><\/p>\n","protected":false},"excerpt":{"rendered":"<p>Hauteur : 2155 mm<\/p>\n<p>Largeur : 1250 mm<\/p>\n<p>Profondeur : 640 mm<\/p>\n<p>Poids : 373 kg<\/p>\n","protected":false},"featured_media":13557,"comment_status":"open","ping_status":"closed","template":"","meta":[],"product_cat":[188,151],"product_tag":[],"class_list":{"0":"post-13549","1":"product","2":"type-product","3":"status-publish","4":"has-post-thumbnail","6":"product_cat-cheminee-exterieur","7":"product_cat-grills-et-planchas","9":"first","10":"instock","11":"taxable","12":"shipping-taxable","13":"purchasable","14":"product-type-simple"},"yoast_head":"<!-- This site is optimized with the Yoast SEO plugin v23.7 - https:\/\/yoast.com\/wordpress\/plugins\/seo\/ -->\n<title>Chemin\u00e9e ext\u00e9rieure SAPROM MAGIC FIRES - Mosoni-Vuissoz Magie du Feu<\/title>\n<meta name=\"description\" content=\"C&#039;est une chemin\u00e9e en b\u00e9ton all\u00e9g\u00e9, ce qui augmente son efficacit\u00e9 thermique en r\u00e9duisant la consommation d&#039;\u00e9nergie. Elle a un d\u00e9cor de flammes ...\" \/>\n<meta name=\"robots\" content=\"index, follow, max-snippet:-1, max-image-preview:large, max-video-preview:-1\" \/>\n<link rel=\"canonical\" href=\"https:\/\/magiedufeu.ch\/fr\/produit\/cheminee-exterieure-saprom\/\" \/>\n<meta property=\"og:locale\" content=\"fr_FR\" \/>\n<meta property=\"og:type\" content=\"article\" \/>\n<meta property=\"og:title\" content=\"Chemin\u00e9e ext\u00e9rieure SAPROM MAGIC FIRES - Mosoni-Vuissoz Magie du Feu\" \/>\n<meta property=\"og:description\" content=\"C&#039;est une chemin\u00e9e en b\u00e9ton all\u00e9g\u00e9, ce qui augmente son efficacit\u00e9 thermique en r\u00e9duisant la consommation d&#039;\u00e9nergie. Elle a un d\u00e9cor de flammes ...\" \/>\n<meta property=\"og:url\" content=\"https:\/\/magiedufeu.ch\/fr\/produit\/cheminee-exterieure-saprom\/\" \/>\n<meta property=\"og:site_name\" content=\"Mosoni-Vuissoz Magie du Feu\" \/>\n<meta property=\"article:publisher\" content=\"https:\/\/www.facebook.com\/magiedufeu.mdf\/\" \/>\n<meta property=\"og:image\" content=\"https:\/\/magiedufeu.ch\/wp-content\/uploads\/2026\/04\/Poids-_-150-kg-Puissance-7-Kw-Rendement-80_8-_-Sortie-de-fumee-150-mm-Largeur-_-600-mm-Profondeur-_-58.webp?wsr\" \/>\n\t<meta property=\"og:image:width\" content=\"1080\" \/>\n\t<meta property=\"og:image:height\" content=\"1080\" \/>\n\t<meta property=\"og:image:type\" content=\"image\/webp\" \/>\n<meta name=\"twitter:card\" content=\"summary_large_image\" \/>\n<meta name=\"twitter:label1\" content=\"Dur\u00e9e de lecture estim\u00e9e\" \/>\n\t<meta name=\"twitter:data1\" content=\"1 minute\" \/>\n<script type=\"application\/ld+json\" class=\"yoast-schema-graph\">{\"@context\":\"https:\/\/schema.org\",\"@graph\":[{\"@type\":\"WebPage\",\"@id\":\"https:\/\/magiedufeu.ch\/fr\/produit\/cheminee-exterieure-saprom\/\",\"url\":\"https:\/\/magiedufeu.ch\/fr\/produit\/cheminee-exterieure-saprom\/\",\"name\":\"Chemin\u00e9e ext\u00e9rieure SAPROM MAGIC FIRES - Mosoni-Vuissoz Magie du Feu\",\"isPartOf\":{\"@id\":\"https:\/\/magiedufeu.ch\/#website\"},\"primaryImageOfPage\":{\"@id\":\"https:\/\/magiedufeu.ch\/fr\/produit\/cheminee-exterieure-saprom\/#primaryimage\"},\"image\":{\"@id\":\"https:\/\/magiedufeu.ch\/fr\/produit\/cheminee-exterieure-saprom\/#primaryimage\"},\"thumbnailUrl\":\"https:\/\/magiedufeu.ch\/wp-content\/uploads\/2026\/04\/Poids-_-150-kg-Puissance-7-Kw-Rendement-80_8-_-Sortie-de-fumee-150-mm-Largeur-_-600-mm-Profondeur-_-58.webp?wsr\",\"datePublished\":\"2026-04-24T13:08:29+00:00\",\"dateModified\":\"2026-04-24T13:08:29+00:00\",\"description\":\"C'est une chemin\u00e9e en b\u00e9ton all\u00e9g\u00e9, ce qui augmente son efficacit\u00e9 thermique en r\u00e9duisant la consommation d'\u00e9nergie. Elle a un d\u00e9cor de flammes ...\",\"breadcrumb\":{\"@id\":\"https:\/\/magiedufeu.ch\/fr\/produit\/cheminee-exterieure-saprom\/#breadcrumb\"},\"inLanguage\":\"fr-FR\",\"potentialAction\":[{\"@type\":\"ReadAction\",\"target\":[\"https:\/\/magiedufeu.ch\/fr\/produit\/cheminee-exterieure-saprom\/\"]}]},{\"@type\":\"ImageObject\",\"inLanguage\":\"fr-FR\",\"@id\":\"https:\/\/magiedufeu.ch\/fr\/produit\/cheminee-exterieure-saprom\/#primaryimage\",\"url\":\"https:\/\/magiedufeu.ch\/wp-content\/uploads\/2026\/04\/Poids-_-150-kg-Puissance-7-Kw-Rendement-80_8-_-Sortie-de-fumee-150-mm-Largeur-_-600-mm-Profondeur-_-58.webp?wsr\",\"contentUrl\":\"https:\/\/magiedufeu.ch\/wp-content\/uploads\/2026\/04\/Poids-_-150-kg-Puissance-7-Kw-Rendement-80_8-_-Sortie-de-fumee-150-mm-Largeur-_-600-mm-Profondeur-_-58.webp?wsr\",\"width\":1080,\"height\":1080},{\"@type\":\"BreadcrumbList\",\"@id\":\"https:\/\/magiedufeu.ch\/fr\/produit\/cheminee-exterieure-saprom\/#breadcrumb\",\"itemListElement\":[{\"@type\":\"ListItem\",\"position\":1,\"name\":\"Accueil\",\"item\":\"https:\/\/magiedufeu.ch\/\"},{\"@type\":\"ListItem\",\"position\":2,\"name\":\"Boutique\",\"item\":\"https:\/\/magiedufeu.ch\/fr\/boutique\/\"},{\"@type\":\"ListItem\",\"position\":3,\"name\":\"Chemin\u00e9e ext\u00e9rieure SAPROM MAGIC FIRES\"}]},{\"@type\":\"WebSite\",\"@id\":\"https:\/\/magiedufeu.ch\/#website\",\"url\":\"https:\/\/magiedufeu.ch\/\",\"name\":\"Mosoni-Vuissoz Magie du Feu\",\"description\":\"\",\"publisher\":{\"@id\":\"https:\/\/magiedufeu.ch\/#organization\"},\"potentialAction\":[{\"@type\":\"SearchAction\",\"target\":{\"@type\":\"EntryPoint\",\"urlTemplate\":\"https:\/\/magiedufeu.ch\/?s={search_term_string}\"},\"query-input\":{\"@type\":\"PropertyValueSpecification\",\"valueRequired\":true,\"valueName\":\"search_term_string\"}}],\"inLanguage\":\"fr-FR\"},{\"@type\":\"Organization\",\"@id\":\"https:\/\/magiedufeu.ch\/#organization\",\"name\":\"Mosoni-Vuissoz Magie du Feu\",\"url\":\"https:\/\/magiedufeu.ch\/\",\"logo\":{\"@type\":\"ImageObject\",\"inLanguage\":\"fr-FR\",\"@id\":\"https:\/\/magiedufeu.ch\/#\/schema\/logo\/image\/\",\"url\":\"https:\/\/magiedufeu.ch\/wp-content\/uploads\/2021\/06\/Mosoni-Vuissoz-logo-1024x536-1-46d285e0.png\",\"contentUrl\":\"https:\/\/magiedufeu.ch\/wp-content\/uploads\/2021\/06\/Mosoni-Vuissoz-logo-1024x536-1-46d285e0.png\",\"width\":200,\"height\":105,\"caption\":\"Mosoni-Vuissoz Magie du Feu\"},\"image\":{\"@id\":\"https:\/\/magiedufeu.ch\/#\/schema\/logo\/image\/\"},\"sameAs\":[\"https:\/\/www.facebook.com\/magiedufeu.mdf\/\"]}]}<\/script>\n<!-- \/ Yoast SEO plugin. -->","yoast_head_json":{"title":"Chemin\u00e9e ext\u00e9rieure SAPROM MAGIC FIRES - Mosoni-Vuissoz Magie du Feu","description":"C'est une chemin\u00e9e en b\u00e9ton all\u00e9g\u00e9, ce qui augmente son efficacit\u00e9 thermique en r\u00e9duisant la consommation d'\u00e9nergie. Elle a un d\u00e9cor de flammes ...","robots":{"index":"index","follow":"follow","max-snippet":"max-snippet:-1","max-image-preview":"max-image-preview:large","max-video-preview":"max-video-preview:-1"},"canonical":"https:\/\/magiedufeu.ch\/fr\/produit\/cheminee-exterieure-saprom\/","og_locale":"fr_FR","og_type":"article","og_title":"Chemin\u00e9e ext\u00e9rieure SAPROM MAGIC FIRES - Mosoni-Vuissoz Magie du Feu","og_description":"C'est une chemin\u00e9e en b\u00e9ton all\u00e9g\u00e9, ce qui augmente son efficacit\u00e9 thermique en r\u00e9duisant la consommation d'\u00e9nergie. Elle a un d\u00e9cor de flammes ...","og_url":"https:\/\/magiedufeu.ch\/fr\/produit\/cheminee-exterieure-saprom\/","og_site_name":"Mosoni-Vuissoz Magie du Feu","article_publisher":"https:\/\/www.facebook.com\/magiedufeu.mdf\/","og_image":[{"width":1080,"height":1080,"url":"https:\/\/magiedufeu.ch\/wp-content\/uploads\/2026\/04\/Poids-_-150-kg-Puissance-7-Kw-Rendement-80_8-_-Sortie-de-fumee-150-mm-Largeur-_-600-mm-Profondeur-_-58.webp?wsr","type":"image\/webp"}],"twitter_card":"summary_large_image","twitter_misc":{"Dur\u00e9e de lecture estim\u00e9e":"1 minute"},"schema":{"@context":"https:\/\/schema.org","@graph":[{"@type":"WebPage","@id":"https:\/\/magiedufeu.ch\/fr\/produit\/cheminee-exterieure-saprom\/","url":"https:\/\/magiedufeu.ch\/fr\/produit\/cheminee-exterieure-saprom\/","name":"Chemin\u00e9e ext\u00e9rieure SAPROM MAGIC FIRES - Mosoni-Vuissoz Magie du Feu","isPartOf":{"@id":"https:\/\/magiedufeu.ch\/#website"},"primaryImageOfPage":{"@id":"https:\/\/magiedufeu.ch\/fr\/produit\/cheminee-exterieure-saprom\/#primaryimage"},"image":{"@id":"https:\/\/magiedufeu.ch\/fr\/produit\/cheminee-exterieure-saprom\/#primaryimage"},"thumbnailUrl":"https:\/\/magiedufeu.ch\/wp-content\/uploads\/2026\/04\/Poids-_-150-kg-Puissance-7-Kw-Rendement-80_8-_-Sortie-de-fumee-150-mm-Largeur-_-600-mm-Profondeur-_-58.webp?wsr","datePublished":"2026-04-24T13:08:29+00:00","dateModified":"2026-04-24T13:08:29+00:00","description":"C'est une chemin\u00e9e en b\u00e9ton all\u00e9g\u00e9, ce qui augmente son efficacit\u00e9 thermique en r\u00e9duisant la consommation d'\u00e9nergie. Elle a un d\u00e9cor de flammes ...","breadcrumb":{"@id":"https:\/\/magiedufeu.ch\/fr\/produit\/cheminee-exterieure-saprom\/#breadcrumb"},"inLanguage":"fr-FR","potentialAction":[{"@type":"ReadAction","target":["https:\/\/magiedufeu.ch\/fr\/produit\/cheminee-exterieure-saprom\/"]}]},{"@type":"ImageObject","inLanguage":"fr-FR","@id":"https:\/\/magiedufeu.ch\/fr\/produit\/cheminee-exterieure-saprom\/#primaryimage","url":"https:\/\/magiedufeu.ch\/wp-content\/uploads\/2026\/04\/Poids-_-150-kg-Puissance-7-Kw-Rendement-80_8-_-Sortie-de-fumee-150-mm-Largeur-_-600-mm-Profondeur-_-58.webp?wsr","contentUrl":"https:\/\/magiedufeu.ch\/wp-content\/uploads\/2026\/04\/Poids-_-150-kg-Puissance-7-Kw-Rendement-80_8-_-Sortie-de-fumee-150-mm-Largeur-_-600-mm-Profondeur-_-58.webp?wsr","width":1080,"height":1080},{"@type":"BreadcrumbList","@id":"https:\/\/magiedufeu.ch\/fr\/produit\/cheminee-exterieure-saprom\/#breadcrumb","itemListElement":[{"@type":"ListItem","position":1,"name":"Accueil","item":"https:\/\/magiedufeu.ch\/"},{"@type":"ListItem","position":2,"name":"Boutique","item":"https:\/\/magiedufeu.ch\/fr\/boutique\/"},{"@type":"ListItem","position":3,"name":"Chemin\u00e9e ext\u00e9rieure SAPROM MAGIC FIRES"}]},{"@type":"WebSite","@id":"https:\/\/magiedufeu.ch\/#website","url":"https:\/\/magiedufeu.ch\/","name":"Mosoni-Vuissoz Magie du Feu","description":"","publisher":{"@id":"https:\/\/magiedufeu.ch\/#organization"},"potentialAction":[{"@type":"SearchAction","target":{"@type":"EntryPoint","urlTemplate":"https:\/\/magiedufeu.ch\/?s={search_term_string}"},"query-input":{"@type":"PropertyValueSpecification","valueRequired":true,"valueName":"search_term_string"}}],"inLanguage":"fr-FR"},{"@type":"Organization","@id":"https:\/\/magiedufeu.ch\/#organization","name":"Mosoni-Vuissoz Magie du Feu","url":"https:\/\/magiedufeu.ch\/","logo":{"@type":"ImageObject","inLanguage":"fr-FR","@id":"https:\/\/magiedufeu.ch\/#\/schema\/logo\/image\/","url":"https:\/\/magiedufeu.ch\/wp-content\/uploads\/2021\/06\/Mosoni-Vuissoz-logo-1024x536-1-46d285e0.png","contentUrl":"https:\/\/magiedufeu.ch\/wp-content\/uploads\/2021\/06\/Mosoni-Vuissoz-logo-1024x536-1-46d285e0.png","width":200,"height":105,"caption":"Mosoni-Vuissoz Magie du Feu"},"image":{"@id":"https:\/\/magiedufeu.ch\/#\/schema\/logo\/image\/"},"sameAs":["https:\/\/www.facebook.com\/magiedufeu.mdf\/"]}]}},"_links":{"self":[{"href":"https:\/\/magiedufeu.ch\/fr\/wp-json\/wp\/v2\/product\/13549","targetHints":{"allow":["GET"]}}],"collection":[{"href":"https:\/\/magiedufeu.ch\/fr\/wp-json\/wp\/v2\/product"}],"about":[{"href":"https:\/\/magiedufeu.ch\/fr\/wp-json\/wp\/v2\/types\/product"}],"replies":[{"embeddable":true,"href":"https:\/\/magiedufeu.ch\/fr\/wp-json\/wp\/v2\/comments?post=13549"}],"wp:featuredmedia":[{"embeddable":true,"href":"https:\/\/magiedufeu.ch\/fr\/wp-json\/wp\/v2\/media\/13557"}],"wp:attachment":[{"href":"https:\/\/magiedufeu.ch\/fr\/wp-json\/wp\/v2\/media?parent=13549"}],"wp:term":[{"taxonomy":"product_cat","embeddable":true,"href":"https:\/\/magiedufeu.ch\/fr\/wp-json\/wp\/v2\/product_cat?post=13549"},{"taxonomy":"product_tag","embeddable":true,"href":"https:\/\/magiedufeu.ch\/fr\/wp-json\/wp\/v2\/product_tag?post=13549"}],"curies":[{"name":"wp","href":"https:\/\/api.w.org\/{rel}","templated":true}]}}