{"id":13535,"date":"2026-04-21T08:23:19","date_gmt":"2026-04-21T08:24:37","guid":{"rendered":"https:\/\/magiedufeu.ch\/?post_type=product&#038;p=13535"},"modified":"2026-04-21T08:24:38","modified_gmt":"2026-04-21T08:24:38","slug":"cheminee-exterieure-big","status":"publish","type":"product","link":"https:\/\/magiedufeu.ch\/fr\/produit\/cheminee-exterieure-big\/","title":{"rendered":"Chemin\u00e9e ext\u00e9rieure BIG MAGIC FIRES"},"content":{"rendered":"<h2>Pourquoi choisir la chemin\u00e9e ext\u00e9rieure Big Magic Fires ?<\/h2>\n<p>Cette chemin\u00e9e ext\u00e9rieure apporte automatiquement \u00e9l\u00e9gance et esth\u00e9tique \u00e0 votre jardin gr\u00e2ce \u00e0 sa prestance. Ce type de structure dure dans le temps, c&#8217;est id\u00e9al si vous rechercher un am\u00e9nagement ext\u00e9rieur permanent. Avec sa taille tr\u00e8s imposante, il trouvera merveilleusement sa place dans un grand jardin.<\/p>\n<h2>Les avantages de la chemin\u00e9e ext\u00e9rieure Big Magic Fires :<\/h2>\n<p>Tout d&#8217;abord, elle r\u00e9siste tr\u00e8s bien, gr\u00e2ce \u00e0 ses mat\u00e9riaux, aux intemp\u00e9ries. La chemin\u00e9e Big accumule de la chaleur et la diffuse ensuite, c&#8217;est id\u00e9al pour les soir\u00e9es en ext\u00e9rieur. Contrairement aux barbecues classiques, sa chemin\u00e9e permet une \u00e9vacuation de la fum\u00e9e beaucoup plus agr\u00e9able. Cette chemin\u00e9e fonctionne au bois ainsi qu&#8217;au charbon.<\/p>\n<h3>Caract\u00e9ristiques principales du produit :<\/h3>\n<p>Hauteur : 2850 mm<\/p>\n<p>Largeur : 2000 mm<\/p>\n<p>Profondeur : 1000 mm<\/p>\n<p>&nbsp;<\/p>\n<p><strong><a href=\"https:\/\/magiedufeu.ch\/wp-content\/uploads\/2026\/04\/Design-sans-titre-26.pdf\">FICHE TECHNIQUE.BIG<\/a><\/strong><\/p>\n<p>&nbsp;<\/p>\n","protected":false},"excerpt":{"rendered":"<p>Hauteur : 2850 mm<\/p>\n<p>Largeur : 2000 mm<\/p>\n<p>Profondeur : 1000 mm<\/p>\n","protected":false},"featured_media":13539,"comment_status":"closed","ping_status":"closed","template":"","meta":[],"product_cat":[188,151],"product_tag":[],"class_list":{"0":"post-13535","1":"product","2":"type-product","3":"status-publish","4":"has-post-thumbnail","6":"product_cat-cheminee-exterieur","7":"product_cat-grills-et-planchas","9":"first","10":"instock","11":"taxable","12":"shipping-taxable","13":"purchasable","14":"product-type-simple"},"yoast_head":"<!-- This site is optimized with the Yoast SEO plugin v23.7 - https:\/\/yoast.com\/wordpress\/plugins\/seo\/ -->\n<title>Chemin\u00e9e ext\u00e9rieure BIG MAGIC FIRES - Mosoni-Vuissoz Magie du Feu<\/title>\n<meta name=\"description\" content=\"Cette chemin\u00e9e ext\u00e9rieure apporte automatiquement \u00e9l\u00e9gance et esth\u00e9tique \u00e0 votre jardin gr\u00e2ce \u00e0 sa prestance. Ce type de structure dure dans le ...\u00a0\" \/>\n<meta name=\"robots\" content=\"index, follow, max-snippet:-1, max-image-preview:large, max-video-preview:-1\" \/>\n<link rel=\"canonical\" href=\"https:\/\/magiedufeu.ch\/fr\/produit\/cheminee-exterieure-big\/\" \/>\n<meta property=\"og:locale\" content=\"fr_FR\" \/>\n<meta property=\"og:type\" content=\"article\" \/>\n<meta property=\"og:title\" content=\"Chemin\u00e9e ext\u00e9rieure BIG MAGIC FIRES - Mosoni-Vuissoz Magie du Feu\" \/>\n<meta property=\"og:description\" content=\"Cette chemin\u00e9e ext\u00e9rieure apporte automatiquement \u00e9l\u00e9gance et esth\u00e9tique \u00e0 votre jardin gr\u00e2ce \u00e0 sa prestance. Ce type de structure dure dans le ...\u00a0\" \/>\n<meta property=\"og:url\" content=\"https:\/\/magiedufeu.ch\/fr\/produit\/cheminee-exterieure-big\/\" \/>\n<meta property=\"og:site_name\" content=\"Mosoni-Vuissoz Magie du Feu\" \/>\n<meta property=\"article:publisher\" content=\"https:\/\/www.facebook.com\/magiedufeu.mdf\/\" \/>\n<meta property=\"article:modified_time\" content=\"2026-04-21T08:24:38+00:00\" \/>\n<meta property=\"og:image\" content=\"https:\/\/magiedufeu.ch\/wp-content\/uploads\/2026\/04\/Poids-_-150-kg-Puissance-7-Kw-Rendement-80_8-_-Sortie-de-fumee-150-mm-Largeur-_-600-mm-Profondeur-_-56.webp?wsr\" \/>\n\t<meta property=\"og:image:width\" content=\"1080\" \/>\n\t<meta property=\"og:image:height\" content=\"1080\" \/>\n\t<meta property=\"og:image:type\" content=\"image\/webp\" \/>\n<meta name=\"twitter:card\" content=\"summary_large_image\" \/>\n<meta name=\"twitter:label1\" content=\"Dur\u00e9e de lecture estim\u00e9e\" \/>\n\t<meta name=\"twitter:data1\" content=\"1 minute\" \/>\n<script type=\"application\/ld+json\" class=\"yoast-schema-graph\">{\"@context\":\"https:\/\/schema.org\",\"@graph\":[{\"@type\":\"WebPage\",\"@id\":\"https:\/\/magiedufeu.ch\/fr\/produit\/cheminee-exterieure-big\/\",\"url\":\"https:\/\/magiedufeu.ch\/fr\/produit\/cheminee-exterieure-big\/\",\"name\":\"Chemin\u00e9e ext\u00e9rieure BIG MAGIC FIRES - Mosoni-Vuissoz Magie du Feu\",\"isPartOf\":{\"@id\":\"https:\/\/magiedufeu.ch\/#website\"},\"primaryImageOfPage\":{\"@id\":\"https:\/\/magiedufeu.ch\/fr\/produit\/cheminee-exterieure-big\/#primaryimage\"},\"image\":{\"@id\":\"https:\/\/magiedufeu.ch\/fr\/produit\/cheminee-exterieure-big\/#primaryimage\"},\"thumbnailUrl\":\"https:\/\/magiedufeu.ch\/wp-content\/uploads\/2026\/04\/Poids-_-150-kg-Puissance-7-Kw-Rendement-80_8-_-Sortie-de-fumee-150-mm-Largeur-_-600-mm-Profondeur-_-56.webp?wsr\",\"datePublished\":\"2026-04-21T08:24:37+00:00\",\"dateModified\":\"2026-04-21T08:24:38+00:00\",\"description\":\"Cette chemin\u00e9e ext\u00e9rieure apporte automatiquement \u00e9l\u00e9gance et esth\u00e9tique \u00e0 votre jardin gr\u00e2ce \u00e0 sa prestance. Ce type de structure dure dans le ...\u00a0\",\"breadcrumb\":{\"@id\":\"https:\/\/magiedufeu.ch\/fr\/produit\/cheminee-exterieure-big\/#breadcrumb\"},\"inLanguage\":\"fr-FR\",\"potentialAction\":[{\"@type\":\"ReadAction\",\"target\":[\"https:\/\/magiedufeu.ch\/fr\/produit\/cheminee-exterieure-big\/\"]}]},{\"@type\":\"ImageObject\",\"inLanguage\":\"fr-FR\",\"@id\":\"https:\/\/magiedufeu.ch\/fr\/produit\/cheminee-exterieure-big\/#primaryimage\",\"url\":\"https:\/\/magiedufeu.ch\/wp-content\/uploads\/2026\/04\/Poids-_-150-kg-Puissance-7-Kw-Rendement-80_8-_-Sortie-de-fumee-150-mm-Largeur-_-600-mm-Profondeur-_-56.webp?wsr\",\"contentUrl\":\"https:\/\/magiedufeu.ch\/wp-content\/uploads\/2026\/04\/Poids-_-150-kg-Puissance-7-Kw-Rendement-80_8-_-Sortie-de-fumee-150-mm-Largeur-_-600-mm-Profondeur-_-56.webp?wsr\",\"width\":1080,\"height\":1080},{\"@type\":\"BreadcrumbList\",\"@id\":\"https:\/\/magiedufeu.ch\/fr\/produit\/cheminee-exterieure-big\/#breadcrumb\",\"itemListElement\":[{\"@type\":\"ListItem\",\"position\":1,\"name\":\"Accueil\",\"item\":\"https:\/\/magiedufeu.ch\/\"},{\"@type\":\"ListItem\",\"position\":2,\"name\":\"Boutique\",\"item\":\"https:\/\/magiedufeu.ch\/fr\/boutique\/\"},{\"@type\":\"ListItem\",\"position\":3,\"name\":\"Chemin\u00e9e ext\u00e9rieure BIG MAGIC FIRES\"}]},{\"@type\":\"WebSite\",\"@id\":\"https:\/\/magiedufeu.ch\/#website\",\"url\":\"https:\/\/magiedufeu.ch\/\",\"name\":\"Mosoni-Vuissoz Magie du Feu\",\"description\":\"\",\"publisher\":{\"@id\":\"https:\/\/magiedufeu.ch\/#organization\"},\"potentialAction\":[{\"@type\":\"SearchAction\",\"target\":{\"@type\":\"EntryPoint\",\"urlTemplate\":\"https:\/\/magiedufeu.ch\/?s={search_term_string}\"},\"query-input\":{\"@type\":\"PropertyValueSpecification\",\"valueRequired\":true,\"valueName\":\"search_term_string\"}}],\"inLanguage\":\"fr-FR\"},{\"@type\":\"Organization\",\"@id\":\"https:\/\/magiedufeu.ch\/#organization\",\"name\":\"Mosoni-Vuissoz Magie du Feu\",\"url\":\"https:\/\/magiedufeu.ch\/\",\"logo\":{\"@type\":\"ImageObject\",\"inLanguage\":\"fr-FR\",\"@id\":\"https:\/\/magiedufeu.ch\/#\/schema\/logo\/image\/\",\"url\":\"https:\/\/magiedufeu.ch\/wp-content\/uploads\/2021\/06\/Mosoni-Vuissoz-logo-1024x536-1-46d285e0.png\",\"contentUrl\":\"https:\/\/magiedufeu.ch\/wp-content\/uploads\/2021\/06\/Mosoni-Vuissoz-logo-1024x536-1-46d285e0.png\",\"width\":200,\"height\":105,\"caption\":\"Mosoni-Vuissoz Magie du Feu\"},\"image\":{\"@id\":\"https:\/\/magiedufeu.ch\/#\/schema\/logo\/image\/\"},\"sameAs\":[\"https:\/\/www.facebook.com\/magiedufeu.mdf\/\"]}]}<\/script>\n<!-- \/ Yoast SEO plugin. -->","yoast_head_json":{"title":"Chemin\u00e9e ext\u00e9rieure BIG MAGIC FIRES - Mosoni-Vuissoz Magie du Feu","description":"Cette chemin\u00e9e ext\u00e9rieure apporte automatiquement \u00e9l\u00e9gance et esth\u00e9tique \u00e0 votre jardin gr\u00e2ce \u00e0 sa prestance. Ce type de structure dure dans le ...\u00a0","robots":{"index":"index","follow":"follow","max-snippet":"max-snippet:-1","max-image-preview":"max-image-preview:large","max-video-preview":"max-video-preview:-1"},"canonical":"https:\/\/magiedufeu.ch\/fr\/produit\/cheminee-exterieure-big\/","og_locale":"fr_FR","og_type":"article","og_title":"Chemin\u00e9e ext\u00e9rieure BIG MAGIC FIRES - Mosoni-Vuissoz Magie du Feu","og_description":"Cette chemin\u00e9e ext\u00e9rieure apporte automatiquement \u00e9l\u00e9gance et esth\u00e9tique \u00e0 votre jardin gr\u00e2ce \u00e0 sa prestance. Ce type de structure dure dans le ...\u00a0","og_url":"https:\/\/magiedufeu.ch\/fr\/produit\/cheminee-exterieure-big\/","og_site_name":"Mosoni-Vuissoz Magie du Feu","article_publisher":"https:\/\/www.facebook.com\/magiedufeu.mdf\/","article_modified_time":"2026-04-21T08:24:38+00:00","og_image":[{"width":1080,"height":1080,"url":"https:\/\/magiedufeu.ch\/wp-content\/uploads\/2026\/04\/Poids-_-150-kg-Puissance-7-Kw-Rendement-80_8-_-Sortie-de-fumee-150-mm-Largeur-_-600-mm-Profondeur-_-56.webp?wsr","type":"image\/webp"}],"twitter_card":"summary_large_image","twitter_misc":{"Dur\u00e9e de lecture estim\u00e9e":"1 minute"},"schema":{"@context":"https:\/\/schema.org","@graph":[{"@type":"WebPage","@id":"https:\/\/magiedufeu.ch\/fr\/produit\/cheminee-exterieure-big\/","url":"https:\/\/magiedufeu.ch\/fr\/produit\/cheminee-exterieure-big\/","name":"Chemin\u00e9e ext\u00e9rieure BIG MAGIC FIRES - Mosoni-Vuissoz Magie du Feu","isPartOf":{"@id":"https:\/\/magiedufeu.ch\/#website"},"primaryImageOfPage":{"@id":"https:\/\/magiedufeu.ch\/fr\/produit\/cheminee-exterieure-big\/#primaryimage"},"image":{"@id":"https:\/\/magiedufeu.ch\/fr\/produit\/cheminee-exterieure-big\/#primaryimage"},"thumbnailUrl":"https:\/\/magiedufeu.ch\/wp-content\/uploads\/2026\/04\/Poids-_-150-kg-Puissance-7-Kw-Rendement-80_8-_-Sortie-de-fumee-150-mm-Largeur-_-600-mm-Profondeur-_-56.webp?wsr","datePublished":"2026-04-21T08:24:37+00:00","dateModified":"2026-04-21T08:24:38+00:00","description":"Cette chemin\u00e9e ext\u00e9rieure apporte automatiquement \u00e9l\u00e9gance et esth\u00e9tique \u00e0 votre jardin gr\u00e2ce \u00e0 sa prestance. Ce type de structure dure dans le ...\u00a0","breadcrumb":{"@id":"https:\/\/magiedufeu.ch\/fr\/produit\/cheminee-exterieure-big\/#breadcrumb"},"inLanguage":"fr-FR","potentialAction":[{"@type":"ReadAction","target":["https:\/\/magiedufeu.ch\/fr\/produit\/cheminee-exterieure-big\/"]}]},{"@type":"ImageObject","inLanguage":"fr-FR","@id":"https:\/\/magiedufeu.ch\/fr\/produit\/cheminee-exterieure-big\/#primaryimage","url":"https:\/\/magiedufeu.ch\/wp-content\/uploads\/2026\/04\/Poids-_-150-kg-Puissance-7-Kw-Rendement-80_8-_-Sortie-de-fumee-150-mm-Largeur-_-600-mm-Profondeur-_-56.webp?wsr","contentUrl":"https:\/\/magiedufeu.ch\/wp-content\/uploads\/2026\/04\/Poids-_-150-kg-Puissance-7-Kw-Rendement-80_8-_-Sortie-de-fumee-150-mm-Largeur-_-600-mm-Profondeur-_-56.webp?wsr","width":1080,"height":1080},{"@type":"BreadcrumbList","@id":"https:\/\/magiedufeu.ch\/fr\/produit\/cheminee-exterieure-big\/#breadcrumb","itemListElement":[{"@type":"ListItem","position":1,"name":"Accueil","item":"https:\/\/magiedufeu.ch\/"},{"@type":"ListItem","position":2,"name":"Boutique","item":"https:\/\/magiedufeu.ch\/fr\/boutique\/"},{"@type":"ListItem","position":3,"name":"Chemin\u00e9e ext\u00e9rieure BIG MAGIC FIRES"}]},{"@type":"WebSite","@id":"https:\/\/magiedufeu.ch\/#website","url":"https:\/\/magiedufeu.ch\/","name":"Mosoni-Vuissoz Magie du Feu","description":"","publisher":{"@id":"https:\/\/magiedufeu.ch\/#organization"},"potentialAction":[{"@type":"SearchAction","target":{"@type":"EntryPoint","urlTemplate":"https:\/\/magiedufeu.ch\/?s={search_term_string}"},"query-input":{"@type":"PropertyValueSpecification","valueRequired":true,"valueName":"search_term_string"}}],"inLanguage":"fr-FR"},{"@type":"Organization","@id":"https:\/\/magiedufeu.ch\/#organization","name":"Mosoni-Vuissoz Magie du Feu","url":"https:\/\/magiedufeu.ch\/","logo":{"@type":"ImageObject","inLanguage":"fr-FR","@id":"https:\/\/magiedufeu.ch\/#\/schema\/logo\/image\/","url":"https:\/\/magiedufeu.ch\/wp-content\/uploads\/2021\/06\/Mosoni-Vuissoz-logo-1024x536-1-46d285e0.png","contentUrl":"https:\/\/magiedufeu.ch\/wp-content\/uploads\/2021\/06\/Mosoni-Vuissoz-logo-1024x536-1-46d285e0.png","width":200,"height":105,"caption":"Mosoni-Vuissoz Magie du Feu"},"image":{"@id":"https:\/\/magiedufeu.ch\/#\/schema\/logo\/image\/"},"sameAs":["https:\/\/www.facebook.com\/magiedufeu.mdf\/"]}]}},"_links":{"self":[{"href":"https:\/\/magiedufeu.ch\/fr\/wp-json\/wp\/v2\/product\/13535","targetHints":{"allow":["GET"]}}],"collection":[{"href":"https:\/\/magiedufeu.ch\/fr\/wp-json\/wp\/v2\/product"}],"about":[{"href":"https:\/\/magiedufeu.ch\/fr\/wp-json\/wp\/v2\/types\/product"}],"replies":[{"embeddable":true,"href":"https:\/\/magiedufeu.ch\/fr\/wp-json\/wp\/v2\/comments?post=13535"}],"wp:featuredmedia":[{"embeddable":true,"href":"https:\/\/magiedufeu.ch\/fr\/wp-json\/wp\/v2\/media\/13539"}],"wp:attachment":[{"href":"https:\/\/magiedufeu.ch\/fr\/wp-json\/wp\/v2\/media?parent=13535"}],"wp:term":[{"taxonomy":"product_cat","embeddable":true,"href":"https:\/\/magiedufeu.ch\/fr\/wp-json\/wp\/v2\/product_cat?post=13535"},{"taxonomy":"product_tag","embeddable":true,"href":"https:\/\/magiedufeu.ch\/fr\/wp-json\/wp\/v2\/product_tag?post=13535"}],"curies":[{"name":"wp","href":"https:\/\/api.w.org\/{rel}","templated":true}]}}