{"id":13474,"date":"2026-04-14T08:51:02","date_gmt":"2026-04-14T08:51:02","guid":{"rendered":"https:\/\/magiedufeu.ch\/?post_type=product&#038;p=13474"},"modified":"2026-04-14T09:05:10","modified_gmt":"2026-04-14T09:05:10","slug":"brasero-fiesta-island-100-cm-magic-fires-inox-bois","status":"publish","type":"product","link":"https:\/\/magiedufeu.ch\/fr\/produit\/brasero-fiesta-island-100-cm-magic-fires-inox-bois\/","title":{"rendered":"Brasero FIESTA ISLAND 100 cm MAGIC FIRES Inox, Bois"},"content":{"rendered":"<h2>Pourquoi choisir le brasero Fiesta Island 100 cm de Magic Fires ?<\/h2>\n<p>Choisissez ce brasero pour vos grillades estivales et partagez des moments de convivialit\u00e9s avec vos proches ! Une fois allum\u00e9, le brasero Fiesta Island diffuse la chaleur dans les 3 \u00e0 5 m\u00e8tres \u00e0 proximit\u00e9 ce qui vous permet de passer de chaleureuses soir\u00e9es aupr\u00e8s du feu. Il convient merveilleusement bien pour les terrasses et les jardins.<\/p>\n<h2>Les avantages du brasero Fiesta Island 100 cm Magic Fires :<\/h2>\n<p>Il a une plaque de cuisson en inox, qui est une mati\u00e8re connue pour sa durabilit\u00e9 et sa s\u00e9curit\u00e9 alimentaire; en effet, l&#8217;acier inoxydable ne rouille pas. Il poss\u00e8de un syst\u00e8me d&#8217;arriv\u00e9e d&#8217;air pour une meilleure combustion. Gr\u00e2ce \u00e0 ses roulettes, le d\u00e9placement de l&#8217;appareil est nettement facilit\u00e9. Sa grille sup\u00e9rieure centrale de cuisson vous permet une certaine polyvalence au niveau des pr\u00e9parations et vous fait gagner de la place. Il y a un grand espace de rangement a c\u00f4t\u00e9, ce qui peut faire office de plan de travail et en dessous du brasero pour pouvoir y d\u00e9poser les b\u00fbches.<\/p>\n<h3>Caract\u00e9ristiques principales du produit :<\/h3>\n<p>Hauteur avec la grille sup\u00e9rieure : 1040 mm<\/p>\n<p>Largeur : 1150 mm<\/p>\n<p>Profondeur : 620 mm<\/p>\n<p>Diam\u00e8tre de la plaque de cuisson : 1000 mm<\/p>\n<p>Poids : 115 kg<\/p>\n<p>&nbsp;<\/p>\n<p><strong>Option table en bois autour de la plaque de cuisson en inox : 598.-<\/strong><\/p>\n<p>&nbsp;<\/p>\n","protected":false},"excerpt":{"rendered":"<p>Hauteur avec la grille sup\u00e9rieure : 1040 mm<\/p>\n<p>Largeur : 1150 mm<\/p>\n<p>Profondeur : 620 mm<\/p>\n<p>Diam\u00e8tre de la plaque de cuisson : 1000 mm<\/p>\n<p>Poids : 115 kg<\/p>\n<p>&nbsp;<\/p>\n","protected":false},"featured_media":13475,"comment_status":"closed","ping_status":"closed","template":"","meta":[],"product_cat":[153,151],"product_tag":[],"class_list":{"0":"post-13474","1":"product","2":"type-product","3":"status-publish","4":"has-post-thumbnail","6":"product_cat-grills-a-charbon-bois","7":"product_cat-grills-et-planchas","9":"first","10":"instock","11":"taxable","12":"shipping-taxable","13":"purchasable","14":"product-type-simple"},"yoast_head":"<!-- This site is optimized with the Yoast SEO plugin v23.7 - https:\/\/yoast.com\/wordpress\/plugins\/seo\/ -->\n<title>Brasero FIESTA ISLAND 100 cm MAGIC FIRES Inox, Bois - Mosoni-Vuissoz Magie du Feu<\/title>\n<meta name=\"description\" content=\"Choisissez ce brasero pour vos grillades estivales et partagez des moments de convivialit\u00e9s avec vos proches ! Une fois allum\u00e9, le brasero ...\" \/>\n<meta name=\"robots\" content=\"index, follow, max-snippet:-1, max-image-preview:large, max-video-preview:-1\" \/>\n<link rel=\"canonical\" href=\"https:\/\/magiedufeu.ch\/fr\/produit\/brasero-fiesta-island-100-cm-magic-fires-inox-bois\/\" \/>\n<meta property=\"og:locale\" content=\"fr_FR\" \/>\n<meta property=\"og:type\" content=\"article\" \/>\n<meta property=\"og:title\" content=\"Brasero FIESTA ISLAND 100 cm MAGIC FIRES Inox, Bois - Mosoni-Vuissoz Magie du Feu\" \/>\n<meta property=\"og:description\" content=\"Choisissez ce brasero pour vos grillades estivales et partagez des moments de convivialit\u00e9s avec vos proches ! Une fois allum\u00e9, le brasero ...\" \/>\n<meta property=\"og:url\" content=\"https:\/\/magiedufeu.ch\/fr\/produit\/brasero-fiesta-island-100-cm-magic-fires-inox-bois\/\" \/>\n<meta property=\"og:site_name\" content=\"Mosoni-Vuissoz Magie du Feu\" \/>\n<meta property=\"article:publisher\" content=\"https:\/\/www.facebook.com\/magiedufeu.mdf\/\" \/>\n<meta property=\"article:modified_time\" content=\"2026-04-14T09:05:10+00:00\" \/>\n<meta property=\"og:image\" content=\"https:\/\/magiedufeu.ch\/wp-content\/uploads\/2026\/04\/Poids-_-150-kg-Puissance-7-Kw-Rendement-80_8-_-Sortie-de-fumee-150-mm-Largeur-_-600-mm-Profondeur-_-50.webp?wsr\" \/>\n\t<meta property=\"og:image:width\" content=\"1080\" \/>\n\t<meta property=\"og:image:height\" content=\"1080\" \/>\n\t<meta property=\"og:image:type\" content=\"image\/webp\" \/>\n<meta name=\"twitter:card\" content=\"summary_large_image\" \/>\n<meta name=\"twitter:label1\" content=\"Dur\u00e9e de lecture estim\u00e9e\" \/>\n\t<meta name=\"twitter:data1\" content=\"2 minutes\" \/>\n<script type=\"application\/ld+json\" class=\"yoast-schema-graph\">{\"@context\":\"https:\/\/schema.org\",\"@graph\":[{\"@type\":\"WebPage\",\"@id\":\"https:\/\/magiedufeu.ch\/fr\/produit\/brasero-fiesta-island-100-cm-magic-fires-inox-bois\/\",\"url\":\"https:\/\/magiedufeu.ch\/fr\/produit\/brasero-fiesta-island-100-cm-magic-fires-inox-bois\/\",\"name\":\"Brasero FIESTA ISLAND 100 cm MAGIC FIRES Inox, Bois - Mosoni-Vuissoz Magie du Feu\",\"isPartOf\":{\"@id\":\"https:\/\/magiedufeu.ch\/#website\"},\"primaryImageOfPage\":{\"@id\":\"https:\/\/magiedufeu.ch\/fr\/produit\/brasero-fiesta-island-100-cm-magic-fires-inox-bois\/#primaryimage\"},\"image\":{\"@id\":\"https:\/\/magiedufeu.ch\/fr\/produit\/brasero-fiesta-island-100-cm-magic-fires-inox-bois\/#primaryimage\"},\"thumbnailUrl\":\"https:\/\/magiedufeu.ch\/wp-content\/uploads\/2026\/04\/Poids-_-150-kg-Puissance-7-Kw-Rendement-80_8-_-Sortie-de-fumee-150-mm-Largeur-_-600-mm-Profondeur-_-50.webp?wsr\",\"datePublished\":\"2026-04-14T08:51:02+00:00\",\"dateModified\":\"2026-04-14T09:05:10+00:00\",\"description\":\"Choisissez ce brasero pour vos grillades estivales et partagez des moments de convivialit\u00e9s avec vos proches ! Une fois allum\u00e9, le brasero ...\",\"breadcrumb\":{\"@id\":\"https:\/\/magiedufeu.ch\/fr\/produit\/brasero-fiesta-island-100-cm-magic-fires-inox-bois\/#breadcrumb\"},\"inLanguage\":\"fr-FR\",\"potentialAction\":[{\"@type\":\"ReadAction\",\"target\":[\"https:\/\/magiedufeu.ch\/fr\/produit\/brasero-fiesta-island-100-cm-magic-fires-inox-bois\/\"]}]},{\"@type\":\"ImageObject\",\"inLanguage\":\"fr-FR\",\"@id\":\"https:\/\/magiedufeu.ch\/fr\/produit\/brasero-fiesta-island-100-cm-magic-fires-inox-bois\/#primaryimage\",\"url\":\"https:\/\/magiedufeu.ch\/wp-content\/uploads\/2026\/04\/Poids-_-150-kg-Puissance-7-Kw-Rendement-80_8-_-Sortie-de-fumee-150-mm-Largeur-_-600-mm-Profondeur-_-50.webp?wsr\",\"contentUrl\":\"https:\/\/magiedufeu.ch\/wp-content\/uploads\/2026\/04\/Poids-_-150-kg-Puissance-7-Kw-Rendement-80_8-_-Sortie-de-fumee-150-mm-Largeur-_-600-mm-Profondeur-_-50.webp?wsr\",\"width\":1080,\"height\":1080},{\"@type\":\"BreadcrumbList\",\"@id\":\"https:\/\/magiedufeu.ch\/fr\/produit\/brasero-fiesta-island-100-cm-magic-fires-inox-bois\/#breadcrumb\",\"itemListElement\":[{\"@type\":\"ListItem\",\"position\":1,\"name\":\"Accueil\",\"item\":\"https:\/\/magiedufeu.ch\/\"},{\"@type\":\"ListItem\",\"position\":2,\"name\":\"Boutique\",\"item\":\"https:\/\/magiedufeu.ch\/fr\/boutique\/\"},{\"@type\":\"ListItem\",\"position\":3,\"name\":\"Brasero FIESTA ISLAND 100 cm MAGIC FIRES Inox, Bois\"}]},{\"@type\":\"WebSite\",\"@id\":\"https:\/\/magiedufeu.ch\/#website\",\"url\":\"https:\/\/magiedufeu.ch\/\",\"name\":\"Mosoni-Vuissoz Magie du Feu\",\"description\":\"\",\"publisher\":{\"@id\":\"https:\/\/magiedufeu.ch\/#organization\"},\"potentialAction\":[{\"@type\":\"SearchAction\",\"target\":{\"@type\":\"EntryPoint\",\"urlTemplate\":\"https:\/\/magiedufeu.ch\/?s={search_term_string}\"},\"query-input\":{\"@type\":\"PropertyValueSpecification\",\"valueRequired\":true,\"valueName\":\"search_term_string\"}}],\"inLanguage\":\"fr-FR\"},{\"@type\":\"Organization\",\"@id\":\"https:\/\/magiedufeu.ch\/#organization\",\"name\":\"Mosoni-Vuissoz Magie du Feu\",\"url\":\"https:\/\/magiedufeu.ch\/\",\"logo\":{\"@type\":\"ImageObject\",\"inLanguage\":\"fr-FR\",\"@id\":\"https:\/\/magiedufeu.ch\/#\/schema\/logo\/image\/\",\"url\":\"https:\/\/magiedufeu.ch\/wp-content\/uploads\/2021\/06\/Mosoni-Vuissoz-logo-1024x536-1-46d285e0.png\",\"contentUrl\":\"https:\/\/magiedufeu.ch\/wp-content\/uploads\/2021\/06\/Mosoni-Vuissoz-logo-1024x536-1-46d285e0.png\",\"width\":200,\"height\":105,\"caption\":\"Mosoni-Vuissoz Magie du Feu\"},\"image\":{\"@id\":\"https:\/\/magiedufeu.ch\/#\/schema\/logo\/image\/\"},\"sameAs\":[\"https:\/\/www.facebook.com\/magiedufeu.mdf\/\"]}]}<\/script>\n<!-- \/ Yoast SEO plugin. -->","yoast_head_json":{"title":"Brasero FIESTA ISLAND 100 cm MAGIC FIRES Inox, Bois - Mosoni-Vuissoz Magie du Feu","description":"Choisissez ce brasero pour vos grillades estivales et partagez des moments de convivialit\u00e9s avec vos proches ! Une fois allum\u00e9, le brasero ...","robots":{"index":"index","follow":"follow","max-snippet":"max-snippet:-1","max-image-preview":"max-image-preview:large","max-video-preview":"max-video-preview:-1"},"canonical":"https:\/\/magiedufeu.ch\/fr\/produit\/brasero-fiesta-island-100-cm-magic-fires-inox-bois\/","og_locale":"fr_FR","og_type":"article","og_title":"Brasero FIESTA ISLAND 100 cm MAGIC FIRES Inox, Bois - Mosoni-Vuissoz Magie du Feu","og_description":"Choisissez ce brasero pour vos grillades estivales et partagez des moments de convivialit\u00e9s avec vos proches ! Une fois allum\u00e9, le brasero ...","og_url":"https:\/\/magiedufeu.ch\/fr\/produit\/brasero-fiesta-island-100-cm-magic-fires-inox-bois\/","og_site_name":"Mosoni-Vuissoz Magie du Feu","article_publisher":"https:\/\/www.facebook.com\/magiedufeu.mdf\/","article_modified_time":"2026-04-14T09:05:10+00:00","og_image":[{"width":1080,"height":1080,"url":"https:\/\/magiedufeu.ch\/wp-content\/uploads\/2026\/04\/Poids-_-150-kg-Puissance-7-Kw-Rendement-80_8-_-Sortie-de-fumee-150-mm-Largeur-_-600-mm-Profondeur-_-50.webp?wsr","type":"image\/webp"}],"twitter_card":"summary_large_image","twitter_misc":{"Dur\u00e9e de lecture estim\u00e9e":"2 minutes"},"schema":{"@context":"https:\/\/schema.org","@graph":[{"@type":"WebPage","@id":"https:\/\/magiedufeu.ch\/fr\/produit\/brasero-fiesta-island-100-cm-magic-fires-inox-bois\/","url":"https:\/\/magiedufeu.ch\/fr\/produit\/brasero-fiesta-island-100-cm-magic-fires-inox-bois\/","name":"Brasero FIESTA ISLAND 100 cm MAGIC FIRES Inox, Bois - Mosoni-Vuissoz Magie du Feu","isPartOf":{"@id":"https:\/\/magiedufeu.ch\/#website"},"primaryImageOfPage":{"@id":"https:\/\/magiedufeu.ch\/fr\/produit\/brasero-fiesta-island-100-cm-magic-fires-inox-bois\/#primaryimage"},"image":{"@id":"https:\/\/magiedufeu.ch\/fr\/produit\/brasero-fiesta-island-100-cm-magic-fires-inox-bois\/#primaryimage"},"thumbnailUrl":"https:\/\/magiedufeu.ch\/wp-content\/uploads\/2026\/04\/Poids-_-150-kg-Puissance-7-Kw-Rendement-80_8-_-Sortie-de-fumee-150-mm-Largeur-_-600-mm-Profondeur-_-50.webp?wsr","datePublished":"2026-04-14T08:51:02+00:00","dateModified":"2026-04-14T09:05:10+00:00","description":"Choisissez ce brasero pour vos grillades estivales et partagez des moments de convivialit\u00e9s avec vos proches ! Une fois allum\u00e9, le brasero ...","breadcrumb":{"@id":"https:\/\/magiedufeu.ch\/fr\/produit\/brasero-fiesta-island-100-cm-magic-fires-inox-bois\/#breadcrumb"},"inLanguage":"fr-FR","potentialAction":[{"@type":"ReadAction","target":["https:\/\/magiedufeu.ch\/fr\/produit\/brasero-fiesta-island-100-cm-magic-fires-inox-bois\/"]}]},{"@type":"ImageObject","inLanguage":"fr-FR","@id":"https:\/\/magiedufeu.ch\/fr\/produit\/brasero-fiesta-island-100-cm-magic-fires-inox-bois\/#primaryimage","url":"https:\/\/magiedufeu.ch\/wp-content\/uploads\/2026\/04\/Poids-_-150-kg-Puissance-7-Kw-Rendement-80_8-_-Sortie-de-fumee-150-mm-Largeur-_-600-mm-Profondeur-_-50.webp?wsr","contentUrl":"https:\/\/magiedufeu.ch\/wp-content\/uploads\/2026\/04\/Poids-_-150-kg-Puissance-7-Kw-Rendement-80_8-_-Sortie-de-fumee-150-mm-Largeur-_-600-mm-Profondeur-_-50.webp?wsr","width":1080,"height":1080},{"@type":"BreadcrumbList","@id":"https:\/\/magiedufeu.ch\/fr\/produit\/brasero-fiesta-island-100-cm-magic-fires-inox-bois\/#breadcrumb","itemListElement":[{"@type":"ListItem","position":1,"name":"Accueil","item":"https:\/\/magiedufeu.ch\/"},{"@type":"ListItem","position":2,"name":"Boutique","item":"https:\/\/magiedufeu.ch\/fr\/boutique\/"},{"@type":"ListItem","position":3,"name":"Brasero FIESTA ISLAND 100 cm MAGIC FIRES Inox, Bois"}]},{"@type":"WebSite","@id":"https:\/\/magiedufeu.ch\/#website","url":"https:\/\/magiedufeu.ch\/","name":"Mosoni-Vuissoz Magie du Feu","description":"","publisher":{"@id":"https:\/\/magiedufeu.ch\/#organization"},"potentialAction":[{"@type":"SearchAction","target":{"@type":"EntryPoint","urlTemplate":"https:\/\/magiedufeu.ch\/?s={search_term_string}"},"query-input":{"@type":"PropertyValueSpecification","valueRequired":true,"valueName":"search_term_string"}}],"inLanguage":"fr-FR"},{"@type":"Organization","@id":"https:\/\/magiedufeu.ch\/#organization","name":"Mosoni-Vuissoz Magie du Feu","url":"https:\/\/magiedufeu.ch\/","logo":{"@type":"ImageObject","inLanguage":"fr-FR","@id":"https:\/\/magiedufeu.ch\/#\/schema\/logo\/image\/","url":"https:\/\/magiedufeu.ch\/wp-content\/uploads\/2021\/06\/Mosoni-Vuissoz-logo-1024x536-1-46d285e0.png","contentUrl":"https:\/\/magiedufeu.ch\/wp-content\/uploads\/2021\/06\/Mosoni-Vuissoz-logo-1024x536-1-46d285e0.png","width":200,"height":105,"caption":"Mosoni-Vuissoz Magie du Feu"},"image":{"@id":"https:\/\/magiedufeu.ch\/#\/schema\/logo\/image\/"},"sameAs":["https:\/\/www.facebook.com\/magiedufeu.mdf\/"]}]}},"_links":{"self":[{"href":"https:\/\/magiedufeu.ch\/fr\/wp-json\/wp\/v2\/product\/13474","targetHints":{"allow":["GET"]}}],"collection":[{"href":"https:\/\/magiedufeu.ch\/fr\/wp-json\/wp\/v2\/product"}],"about":[{"href":"https:\/\/magiedufeu.ch\/fr\/wp-json\/wp\/v2\/types\/product"}],"replies":[{"embeddable":true,"href":"https:\/\/magiedufeu.ch\/fr\/wp-json\/wp\/v2\/comments?post=13474"}],"wp:featuredmedia":[{"embeddable":true,"href":"https:\/\/magiedufeu.ch\/fr\/wp-json\/wp\/v2\/media\/13475"}],"wp:attachment":[{"href":"https:\/\/magiedufeu.ch\/fr\/wp-json\/wp\/v2\/media?parent=13474"}],"wp:term":[{"taxonomy":"product_cat","embeddable":true,"href":"https:\/\/magiedufeu.ch\/fr\/wp-json\/wp\/v2\/product_cat?post=13474"},{"taxonomy":"product_tag","embeddable":true,"href":"https:\/\/magiedufeu.ch\/fr\/wp-json\/wp\/v2\/product_tag?post=13474"}],"curies":[{"name":"wp","href":"https:\/\/api.w.org\/{rel}","templated":true}]}}