{"id":13428,"date":"2026-04-10T08:46:44","date_gmt":"2026-04-10T08:46:44","guid":{"rendered":"https:\/\/magiedufeu.ch\/?post_type=product&#038;p=13428"},"modified":"2026-04-10T08:46:44","modified_gmt":"2026-04-10T08:46:44","slug":"chariot-pour-four-a-pizza-pulci-anthracite-80x60-cm","status":"publish","type":"product","link":"https:\/\/magiedufeu.ch\/fr\/produit\/chariot-pour-four-a-pizza-pulci-anthracite-80x60-cm\/","title":{"rendered":"Chariot pour Four \u00e0 Pizza PULCI Anthracite 80&#215;60 cm"},"content":{"rendered":"<h2>Description :<\/h2>\n<p>Transformez votre four Pulci en v\u00e9ritable station de cuisson mobile avec le chariot d\u00e9di\u00e9. \u00c9quip\u00e9 de 2 roues robustes, d\u2019une \u00e9tag\u00e8re lat\u00e9rale en acier inoxydable et d\u2019une \u00e9tag\u00e8re inf\u00e9rieure pour ranger le bois, ce chariot offre praticit\u00e9 et fonctionnalit\u00e9 dans un design compact. Parfait pour d\u00e9placer facilement le four et avoir tout le n\u00e9cessaire \u00e0 port\u00e9e de main pendant la cuisson. Nous avons deux tailles diff\u00e9rentes selon quelles dimensions de four \u00e0 pizza vous prenez : 60&#215;60 cm ou 80&#215;60 cm.<\/p>\n<p><em>Remarque : Le prix est le m\u00eame, que vous preniez le 60&#215;60 ou le 80&#215;60 cm.<\/em><\/p>\n<p>Poids : 45 kg.<\/p>\n","protected":false},"excerpt":{"rendered":"<p>Mesures : 80&#215;60 cm<\/p>\n<p>Poids : 45 kg<\/p>\n","protected":false},"featured_media":13380,"comment_status":"open","ping_status":"closed","template":"","meta":[],"product_cat":[200,206],"product_tag":[],"class_list":{"0":"post-13428","1":"product","2":"type-product","3":"status-publish","4":"has-post-thumbnail","6":"product_cat-accessoires-et-combustibles","7":"product_cat-accessoires-pour-fours-a-pizzas","9":"first","10":"instock","11":"taxable","12":"shipping-taxable","13":"purchasable","14":"product-type-simple"},"yoast_head":"<!-- This site is optimized with the Yoast SEO plugin v23.7 - https:\/\/yoast.com\/wordpress\/plugins\/seo\/ -->\n<title>Chariot pour Four \u00e0 Pizza PULCI Anthracite 80x60 cm - Mosoni-Vuissoz Magie du Feu<\/title>\n<meta name=\"description\" content=\"Transformez votre four Pulci en v\u00e9ritable station de cuisson mobile avec le chariot d\u00e9di\u00e9. \u00c9quip\u00e9 de 2 roues robustes, d\u2019une \u00e9tag\u00e8re lat\u00e9rale en acier ...\" \/>\n<meta name=\"robots\" content=\"index, follow, max-snippet:-1, max-image-preview:large, max-video-preview:-1\" \/>\n<link rel=\"canonical\" href=\"https:\/\/magiedufeu.ch\/fr\/produit\/chariot-pour-four-a-pizza-pulci-anthracite-80x60-cm\/\" \/>\n<meta property=\"og:locale\" content=\"fr_FR\" \/>\n<meta property=\"og:type\" content=\"article\" \/>\n<meta property=\"og:title\" content=\"Chariot pour Four \u00e0 Pizza PULCI Anthracite 80x60 cm - Mosoni-Vuissoz Magie du Feu\" \/>\n<meta property=\"og:description\" content=\"Transformez votre four Pulci en v\u00e9ritable station de cuisson mobile avec le chariot d\u00e9di\u00e9. \u00c9quip\u00e9 de 2 roues robustes, d\u2019une \u00e9tag\u00e8re lat\u00e9rale en acier ...\" \/>\n<meta property=\"og:url\" content=\"https:\/\/magiedufeu.ch\/fr\/produit\/chariot-pour-four-a-pizza-pulci-anthracite-80x60-cm\/\" \/>\n<meta property=\"og:site_name\" content=\"Mosoni-Vuissoz Magie du Feu\" \/>\n<meta property=\"article:publisher\" content=\"https:\/\/www.facebook.com\/magiedufeu.mdf\/\" \/>\n<meta property=\"og:image\" content=\"https:\/\/magiedufeu.ch\/wp-content\/uploads\/2026\/04\/Poids-_-150-kg-Puissance-7-Kw-Rendement-80_8-_-Sortie-de-fumee-150-mm-Largeur-_-600-mm-Profondeur-_-41.webp?wsr\" \/>\n\t<meta property=\"og:image:width\" content=\"1080\" \/>\n\t<meta property=\"og:image:height\" content=\"1080\" \/>\n\t<meta property=\"og:image:type\" content=\"image\/webp\" \/>\n<meta name=\"twitter:card\" content=\"summary_large_image\" \/>\n<meta name=\"twitter:label1\" content=\"Dur\u00e9e de lecture estim\u00e9e\" \/>\n\t<meta name=\"twitter:data1\" content=\"1 minute\" \/>\n<script type=\"application\/ld+json\" class=\"yoast-schema-graph\">{\"@context\":\"https:\/\/schema.org\",\"@graph\":[{\"@type\":\"WebPage\",\"@id\":\"https:\/\/magiedufeu.ch\/fr\/produit\/chariot-pour-four-a-pizza-pulci-anthracite-80x60-cm\/\",\"url\":\"https:\/\/magiedufeu.ch\/fr\/produit\/chariot-pour-four-a-pizza-pulci-anthracite-80x60-cm\/\",\"name\":\"Chariot pour Four \u00e0 Pizza PULCI Anthracite 80x60 cm - Mosoni-Vuissoz Magie du Feu\",\"isPartOf\":{\"@id\":\"https:\/\/magiedufeu.ch\/#website\"},\"primaryImageOfPage\":{\"@id\":\"https:\/\/magiedufeu.ch\/fr\/produit\/chariot-pour-four-a-pizza-pulci-anthracite-80x60-cm\/#primaryimage\"},\"image\":{\"@id\":\"https:\/\/magiedufeu.ch\/fr\/produit\/chariot-pour-four-a-pizza-pulci-anthracite-80x60-cm\/#primaryimage\"},\"thumbnailUrl\":\"https:\/\/magiedufeu.ch\/wp-content\/uploads\/2026\/04\/Poids-_-150-kg-Puissance-7-Kw-Rendement-80_8-_-Sortie-de-fumee-150-mm-Largeur-_-600-mm-Profondeur-_-41.webp?wsr\",\"datePublished\":\"2026-04-10T08:46:44+00:00\",\"dateModified\":\"2026-04-10T08:46:44+00:00\",\"description\":\"Transformez votre four Pulci en v\u00e9ritable station de cuisson mobile avec le chariot d\u00e9di\u00e9. \u00c9quip\u00e9 de 2 roues robustes, d\u2019une \u00e9tag\u00e8re lat\u00e9rale en acier ...\",\"breadcrumb\":{\"@id\":\"https:\/\/magiedufeu.ch\/fr\/produit\/chariot-pour-four-a-pizza-pulci-anthracite-80x60-cm\/#breadcrumb\"},\"inLanguage\":\"fr-FR\",\"potentialAction\":[{\"@type\":\"ReadAction\",\"target\":[\"https:\/\/magiedufeu.ch\/fr\/produit\/chariot-pour-four-a-pizza-pulci-anthracite-80x60-cm\/\"]}]},{\"@type\":\"ImageObject\",\"inLanguage\":\"fr-FR\",\"@id\":\"https:\/\/magiedufeu.ch\/fr\/produit\/chariot-pour-four-a-pizza-pulci-anthracite-80x60-cm\/#primaryimage\",\"url\":\"https:\/\/magiedufeu.ch\/wp-content\/uploads\/2026\/04\/Poids-_-150-kg-Puissance-7-Kw-Rendement-80_8-_-Sortie-de-fumee-150-mm-Largeur-_-600-mm-Profondeur-_-41.webp?wsr\",\"contentUrl\":\"https:\/\/magiedufeu.ch\/wp-content\/uploads\/2026\/04\/Poids-_-150-kg-Puissance-7-Kw-Rendement-80_8-_-Sortie-de-fumee-150-mm-Largeur-_-600-mm-Profondeur-_-41.webp?wsr\",\"width\":1080,\"height\":1080},{\"@type\":\"BreadcrumbList\",\"@id\":\"https:\/\/magiedufeu.ch\/fr\/produit\/chariot-pour-four-a-pizza-pulci-anthracite-80x60-cm\/#breadcrumb\",\"itemListElement\":[{\"@type\":\"ListItem\",\"position\":1,\"name\":\"Accueil\",\"item\":\"https:\/\/magiedufeu.ch\/\"},{\"@type\":\"ListItem\",\"position\":2,\"name\":\"Boutique\",\"item\":\"https:\/\/magiedufeu.ch\/fr\/boutique\/\"},{\"@type\":\"ListItem\",\"position\":3,\"name\":\"Chariot pour Four \u00e0 Pizza PULCI Anthracite 80&#215;60 cm\"}]},{\"@type\":\"WebSite\",\"@id\":\"https:\/\/magiedufeu.ch\/#website\",\"url\":\"https:\/\/magiedufeu.ch\/\",\"name\":\"Mosoni-Vuissoz Magie du Feu\",\"description\":\"\",\"publisher\":{\"@id\":\"https:\/\/magiedufeu.ch\/#organization\"},\"potentialAction\":[{\"@type\":\"SearchAction\",\"target\":{\"@type\":\"EntryPoint\",\"urlTemplate\":\"https:\/\/magiedufeu.ch\/?s={search_term_string}\"},\"query-input\":{\"@type\":\"PropertyValueSpecification\",\"valueRequired\":true,\"valueName\":\"search_term_string\"}}],\"inLanguage\":\"fr-FR\"},{\"@type\":\"Organization\",\"@id\":\"https:\/\/magiedufeu.ch\/#organization\",\"name\":\"Mosoni-Vuissoz Magie du Feu\",\"url\":\"https:\/\/magiedufeu.ch\/\",\"logo\":{\"@type\":\"ImageObject\",\"inLanguage\":\"fr-FR\",\"@id\":\"https:\/\/magiedufeu.ch\/#\/schema\/logo\/image\/\",\"url\":\"https:\/\/magiedufeu.ch\/wp-content\/uploads\/2021\/06\/Mosoni-Vuissoz-logo-1024x536-1-46d285e0.png\",\"contentUrl\":\"https:\/\/magiedufeu.ch\/wp-content\/uploads\/2021\/06\/Mosoni-Vuissoz-logo-1024x536-1-46d285e0.png\",\"width\":200,\"height\":105,\"caption\":\"Mosoni-Vuissoz Magie du Feu\"},\"image\":{\"@id\":\"https:\/\/magiedufeu.ch\/#\/schema\/logo\/image\/\"},\"sameAs\":[\"https:\/\/www.facebook.com\/magiedufeu.mdf\/\"]}]}<\/script>\n<!-- \/ Yoast SEO plugin. -->","yoast_head_json":{"title":"Chariot pour Four \u00e0 Pizza PULCI Anthracite 80x60 cm - Mosoni-Vuissoz Magie du Feu","description":"Transformez votre four Pulci en v\u00e9ritable station de cuisson mobile avec le chariot d\u00e9di\u00e9. \u00c9quip\u00e9 de 2 roues robustes, d\u2019une \u00e9tag\u00e8re lat\u00e9rale en acier ...","robots":{"index":"index","follow":"follow","max-snippet":"max-snippet:-1","max-image-preview":"max-image-preview:large","max-video-preview":"max-video-preview:-1"},"canonical":"https:\/\/magiedufeu.ch\/fr\/produit\/chariot-pour-four-a-pizza-pulci-anthracite-80x60-cm\/","og_locale":"fr_FR","og_type":"article","og_title":"Chariot pour Four \u00e0 Pizza PULCI Anthracite 80x60 cm - Mosoni-Vuissoz Magie du Feu","og_description":"Transformez votre four Pulci en v\u00e9ritable station de cuisson mobile avec le chariot d\u00e9di\u00e9. \u00c9quip\u00e9 de 2 roues robustes, d\u2019une \u00e9tag\u00e8re lat\u00e9rale en acier ...","og_url":"https:\/\/magiedufeu.ch\/fr\/produit\/chariot-pour-four-a-pizza-pulci-anthracite-80x60-cm\/","og_site_name":"Mosoni-Vuissoz Magie du Feu","article_publisher":"https:\/\/www.facebook.com\/magiedufeu.mdf\/","og_image":[{"width":1080,"height":1080,"url":"https:\/\/magiedufeu.ch\/wp-content\/uploads\/2026\/04\/Poids-_-150-kg-Puissance-7-Kw-Rendement-80_8-_-Sortie-de-fumee-150-mm-Largeur-_-600-mm-Profondeur-_-41.webp?wsr","type":"image\/webp"}],"twitter_card":"summary_large_image","twitter_misc":{"Dur\u00e9e de lecture estim\u00e9e":"1 minute"},"schema":{"@context":"https:\/\/schema.org","@graph":[{"@type":"WebPage","@id":"https:\/\/magiedufeu.ch\/fr\/produit\/chariot-pour-four-a-pizza-pulci-anthracite-80x60-cm\/","url":"https:\/\/magiedufeu.ch\/fr\/produit\/chariot-pour-four-a-pizza-pulci-anthracite-80x60-cm\/","name":"Chariot pour Four \u00e0 Pizza PULCI Anthracite 80x60 cm - Mosoni-Vuissoz Magie du Feu","isPartOf":{"@id":"https:\/\/magiedufeu.ch\/#website"},"primaryImageOfPage":{"@id":"https:\/\/magiedufeu.ch\/fr\/produit\/chariot-pour-four-a-pizza-pulci-anthracite-80x60-cm\/#primaryimage"},"image":{"@id":"https:\/\/magiedufeu.ch\/fr\/produit\/chariot-pour-four-a-pizza-pulci-anthracite-80x60-cm\/#primaryimage"},"thumbnailUrl":"https:\/\/magiedufeu.ch\/wp-content\/uploads\/2026\/04\/Poids-_-150-kg-Puissance-7-Kw-Rendement-80_8-_-Sortie-de-fumee-150-mm-Largeur-_-600-mm-Profondeur-_-41.webp?wsr","datePublished":"2026-04-10T08:46:44+00:00","dateModified":"2026-04-10T08:46:44+00:00","description":"Transformez votre four Pulci en v\u00e9ritable station de cuisson mobile avec le chariot d\u00e9di\u00e9. \u00c9quip\u00e9 de 2 roues robustes, d\u2019une \u00e9tag\u00e8re lat\u00e9rale en acier ...","breadcrumb":{"@id":"https:\/\/magiedufeu.ch\/fr\/produit\/chariot-pour-four-a-pizza-pulci-anthracite-80x60-cm\/#breadcrumb"},"inLanguage":"fr-FR","potentialAction":[{"@type":"ReadAction","target":["https:\/\/magiedufeu.ch\/fr\/produit\/chariot-pour-four-a-pizza-pulci-anthracite-80x60-cm\/"]}]},{"@type":"ImageObject","inLanguage":"fr-FR","@id":"https:\/\/magiedufeu.ch\/fr\/produit\/chariot-pour-four-a-pizza-pulci-anthracite-80x60-cm\/#primaryimage","url":"https:\/\/magiedufeu.ch\/wp-content\/uploads\/2026\/04\/Poids-_-150-kg-Puissance-7-Kw-Rendement-80_8-_-Sortie-de-fumee-150-mm-Largeur-_-600-mm-Profondeur-_-41.webp?wsr","contentUrl":"https:\/\/magiedufeu.ch\/wp-content\/uploads\/2026\/04\/Poids-_-150-kg-Puissance-7-Kw-Rendement-80_8-_-Sortie-de-fumee-150-mm-Largeur-_-600-mm-Profondeur-_-41.webp?wsr","width":1080,"height":1080},{"@type":"BreadcrumbList","@id":"https:\/\/magiedufeu.ch\/fr\/produit\/chariot-pour-four-a-pizza-pulci-anthracite-80x60-cm\/#breadcrumb","itemListElement":[{"@type":"ListItem","position":1,"name":"Accueil","item":"https:\/\/magiedufeu.ch\/"},{"@type":"ListItem","position":2,"name":"Boutique","item":"https:\/\/magiedufeu.ch\/fr\/boutique\/"},{"@type":"ListItem","position":3,"name":"Chariot pour Four \u00e0 Pizza PULCI Anthracite 80&#215;60 cm"}]},{"@type":"WebSite","@id":"https:\/\/magiedufeu.ch\/#website","url":"https:\/\/magiedufeu.ch\/","name":"Mosoni-Vuissoz Magie du Feu","description":"","publisher":{"@id":"https:\/\/magiedufeu.ch\/#organization"},"potentialAction":[{"@type":"SearchAction","target":{"@type":"EntryPoint","urlTemplate":"https:\/\/magiedufeu.ch\/?s={search_term_string}"},"query-input":{"@type":"PropertyValueSpecification","valueRequired":true,"valueName":"search_term_string"}}],"inLanguage":"fr-FR"},{"@type":"Organization","@id":"https:\/\/magiedufeu.ch\/#organization","name":"Mosoni-Vuissoz Magie du Feu","url":"https:\/\/magiedufeu.ch\/","logo":{"@type":"ImageObject","inLanguage":"fr-FR","@id":"https:\/\/magiedufeu.ch\/#\/schema\/logo\/image\/","url":"https:\/\/magiedufeu.ch\/wp-content\/uploads\/2021\/06\/Mosoni-Vuissoz-logo-1024x536-1-46d285e0.png","contentUrl":"https:\/\/magiedufeu.ch\/wp-content\/uploads\/2021\/06\/Mosoni-Vuissoz-logo-1024x536-1-46d285e0.png","width":200,"height":105,"caption":"Mosoni-Vuissoz Magie du Feu"},"image":{"@id":"https:\/\/magiedufeu.ch\/#\/schema\/logo\/image\/"},"sameAs":["https:\/\/www.facebook.com\/magiedufeu.mdf\/"]}]}},"_links":{"self":[{"href":"https:\/\/magiedufeu.ch\/fr\/wp-json\/wp\/v2\/product\/13428","targetHints":{"allow":["GET"]}}],"collection":[{"href":"https:\/\/magiedufeu.ch\/fr\/wp-json\/wp\/v2\/product"}],"about":[{"href":"https:\/\/magiedufeu.ch\/fr\/wp-json\/wp\/v2\/types\/product"}],"replies":[{"embeddable":true,"href":"https:\/\/magiedufeu.ch\/fr\/wp-json\/wp\/v2\/comments?post=13428"}],"wp:featuredmedia":[{"embeddable":true,"href":"https:\/\/magiedufeu.ch\/fr\/wp-json\/wp\/v2\/media\/13380"}],"wp:attachment":[{"href":"https:\/\/magiedufeu.ch\/fr\/wp-json\/wp\/v2\/media?parent=13428"}],"wp:term":[{"taxonomy":"product_cat","embeddable":true,"href":"https:\/\/magiedufeu.ch\/fr\/wp-json\/wp\/v2\/product_cat?post=13428"},{"taxonomy":"product_tag","embeddable":true,"href":"https:\/\/magiedufeu.ch\/fr\/wp-json\/wp\/v2\/product_tag?post=13428"}],"curies":[{"name":"wp","href":"https:\/\/api.w.org\/{rel}","templated":true}]}}