{"id":13346,"date":"2026-03-31T09:35:34","date_gmt":"2026-03-31T09:35:34","guid":{"rendered":"https:\/\/magiedufeu.ch\/?post_type=product&#038;p=13346"},"modified":"2026-04-11T06:24:14","modified_gmt":"2026-04-11T06:24:14","slug":"four-a-pizza-pulci-gaz-cuivre","status":"publish","type":"product","link":"https:\/\/magiedufeu.ch\/fr\/produit\/four-a-pizza-pulci-gaz-cuivre\/","title":{"rendered":"Four \u00e0 Pizza PULCI Gaz Cuivre"},"content":{"rendered":"<h2>Pourquoi choisir le four \u00e0 pizza Pulci \u00e0 gaz ?<\/h2>\n<p>Le four \u00e0 pizza \u00e0 gaz con\u00e7u pour r\u00e9aliser des pizzas parfaites \u00e0 la maison. La simplicit\u00e9 du gaz, associ\u00e9e au brevet Air Plus, vous permet d\u2019atteindre facilement 450 \u00b0C et d\u2019enfourner tous les styles de pizza, de la plus classique \u00e0 la plus exigeante. Fabriqu\u00e9 avec des mat\u00e9riaux techniques haute r\u00e9sistance, il est parfaitement adapt\u00e9 \u00e0 une utilisation en ext\u00e9rieur, mais trouve aussi sa place dans une v\u00e9randa ou une cuisine d\u2019ext\u00e9rieur.<\/p>\n<p><em>En option : vous pouvez choisir entre le gaz ou le bois, gr\u00e2ce au kit bois.\u00a0<\/em><\/p>\n<h2>Les avantages du four \u00e0 pizza Pulci :<\/h2>\n<p>Gr\u00e2ce \u00e0 son br\u00fbleur de 12 kW, le Pulci \u00e0 gaz atteint 400 \u00b0C en 20 \u00e0 25 minutes, monte rapidement jusqu\u2019\u00e0 500 \u00b0C et permet de cuire une v\u00e9ritable pizza napolitaine en seulement 90 secondes.<br \/>\nLe four peut cuire jusqu\u2019\u00e0 4 pizzas simultan\u00e9ment, offrant des performances dignes d\u2019un pizzaiolo professionnel, directement chez vous. Nous avons deux tailles de chambre de cuisson : 60&#215;60 cm ou 80&#215;60 cm. Avec le premier format, vous pouvez faire cuire 2 pizzas et 1 \u00e0 2 kg de pain par fourn\u00e9e. Concernant le deuxi\u00e8me format, vous pouvez faire cuire 4 pizzas et 2 \u00e0 3 kg de pain par fourn\u00e9e.<\/p>\n<h3>Caract\u00e9ristiques principales du produit :<\/h3>\n<p>Hauteur : 1089 mm<\/p>\n<p>Largeur : 800 mm<\/p>\n<p>Profondeur : 869 mm<\/p>\n<p>Poids : 115 kg<\/p>\n<p>Temp\u00e9rature maximale : 500\u00b0C<\/p>\n<p>&nbsp;<\/p>\n<p><strong>Option chariot anthracite : 499.-<\/strong><\/p>\n<p><strong><a href=\"https:\/\/magiedufeu.ch\/wp-content\/uploads\/2026\/03\/Design-sans-titre-19.pdf\">FICHE TECHNIQUE.PULCI CUIVRE<\/a><\/strong><\/p>\n","protected":false},"excerpt":{"rendered":"<p>Hauteur : 1089 mm<\/p>\n<p>Largeur : 800 mm<\/p>\n<p>Profondeur : 869 mm<\/p>\n<p>Poids : 115 kg<\/p>\n<p>Temp\u00e9rature maximale : 500\u00b0C<\/p>\n<p>SKU four \u00e0 pizza 80&#215;60 : 24PULCI8060R<\/p>\n<p>SKU chariot 60&#215;60 : 24CARRPUL60<\/p>\n<p>SKU chariot 80&#215;60 : 24CARRPUL80<\/p>\n","protected":false},"featured_media":13347,"comment_status":"closed","ping_status":"closed","template":"","meta":[],"product_cat":[156,160],"product_tag":[],"class_list":{"0":"post-13346","1":"product","2":"type-product","3":"status-publish","4":"has-post-thumbnail","6":"product_cat-fours-a-pizzas","7":"product_cat-pizza-gas","9":"first","10":"instock","11":"taxable","12":"shipping-taxable","13":"purchasable","14":"product-type-variable"},"yoast_head":"<!-- This site is optimized with the Yoast SEO plugin v23.7 - https:\/\/yoast.com\/wordpress\/plugins\/seo\/ -->\n<title>Four \u00e0 Pizza PULCI Gaz Cuivre - Mosoni-Vuissoz Magie du Feu<\/title>\n<meta name=\"description\" content=\"Le four \u00e0 pizza \u00e0 gaz con\u00e7u pour r\u00e9aliser des pizzas parfaites \u00e0 la maison. La simplicit\u00e9 du gaz, associ\u00e9e au brevet Air Plus, vous permet d\u2019atteindre ...\" \/>\n<meta name=\"robots\" content=\"index, follow, max-snippet:-1, max-image-preview:large, max-video-preview:-1\" \/>\n<link rel=\"canonical\" href=\"https:\/\/magiedufeu.ch\/fr\/produit\/four-a-pizza-pulci-gaz-cuivre\/\" \/>\n<meta property=\"og:locale\" content=\"fr_FR\" \/>\n<meta property=\"og:type\" content=\"article\" \/>\n<meta property=\"og:title\" content=\"Four \u00e0 Pizza PULCI Gaz Cuivre - Mosoni-Vuissoz Magie du Feu\" \/>\n<meta property=\"og:description\" content=\"Le four \u00e0 pizza \u00e0 gaz con\u00e7u pour r\u00e9aliser des pizzas parfaites \u00e0 la maison. La simplicit\u00e9 du gaz, associ\u00e9e au brevet Air Plus, vous permet d\u2019atteindre ...\" \/>\n<meta property=\"og:url\" content=\"https:\/\/magiedufeu.ch\/fr\/produit\/four-a-pizza-pulci-gaz-cuivre\/\" \/>\n<meta property=\"og:site_name\" content=\"Mosoni-Vuissoz Magie du Feu\" \/>\n<meta property=\"article:publisher\" content=\"https:\/\/www.facebook.com\/magiedufeu.mdf\/\" \/>\n<meta property=\"article:modified_time\" content=\"2026-04-11T06:24:14+00:00\" \/>\n<meta property=\"og:image\" content=\"https:\/\/magiedufeu.ch\/wp-content\/uploads\/2026\/03\/Poids-_-150-kg-Puissance-7-Kw-Rendement-80_8-_-Sortie-de-fumee-150-mm-Largeur-_-600-mm-Profondeur-_-39.webp?wsr\" \/>\n\t<meta property=\"og:image:width\" content=\"1080\" \/>\n\t<meta property=\"og:image:height\" content=\"1080\" \/>\n\t<meta property=\"og:image:type\" content=\"image\/webp\" \/>\n<meta name=\"twitter:card\" content=\"summary_large_image\" \/>\n<meta name=\"twitter:label1\" content=\"Dur\u00e9e de lecture estim\u00e9e\" \/>\n\t<meta name=\"twitter:data1\" content=\"2 minutes\" \/>\n<script type=\"application\/ld+json\" class=\"yoast-schema-graph\">{\"@context\":\"https:\/\/schema.org\",\"@graph\":[{\"@type\":\"WebPage\",\"@id\":\"https:\/\/magiedufeu.ch\/fr\/produit\/four-a-pizza-pulci-gaz-cuivre\/\",\"url\":\"https:\/\/magiedufeu.ch\/fr\/produit\/four-a-pizza-pulci-gaz-cuivre\/\",\"name\":\"Four \u00e0 Pizza PULCI Gaz Cuivre - Mosoni-Vuissoz Magie du Feu\",\"isPartOf\":{\"@id\":\"https:\/\/magiedufeu.ch\/#website\"},\"primaryImageOfPage\":{\"@id\":\"https:\/\/magiedufeu.ch\/fr\/produit\/four-a-pizza-pulci-gaz-cuivre\/#primaryimage\"},\"image\":{\"@id\":\"https:\/\/magiedufeu.ch\/fr\/produit\/four-a-pizza-pulci-gaz-cuivre\/#primaryimage\"},\"thumbnailUrl\":\"https:\/\/magiedufeu.ch\/wp-content\/uploads\/2026\/03\/Poids-_-150-kg-Puissance-7-Kw-Rendement-80_8-_-Sortie-de-fumee-150-mm-Largeur-_-600-mm-Profondeur-_-39.webp?wsr\",\"datePublished\":\"2026-03-31T09:35:34+00:00\",\"dateModified\":\"2026-04-11T06:24:14+00:00\",\"description\":\"Le four \u00e0 pizza \u00e0 gaz con\u00e7u pour r\u00e9aliser des pizzas parfaites \u00e0 la maison. La simplicit\u00e9 du gaz, associ\u00e9e au brevet Air Plus, vous permet d\u2019atteindre ...\",\"breadcrumb\":{\"@id\":\"https:\/\/magiedufeu.ch\/fr\/produit\/four-a-pizza-pulci-gaz-cuivre\/#breadcrumb\"},\"inLanguage\":\"fr-FR\",\"potentialAction\":[{\"@type\":\"ReadAction\",\"target\":[\"https:\/\/magiedufeu.ch\/fr\/produit\/four-a-pizza-pulci-gaz-cuivre\/\"]}]},{\"@type\":\"ImageObject\",\"inLanguage\":\"fr-FR\",\"@id\":\"https:\/\/magiedufeu.ch\/fr\/produit\/four-a-pizza-pulci-gaz-cuivre\/#primaryimage\",\"url\":\"https:\/\/magiedufeu.ch\/wp-content\/uploads\/2026\/03\/Poids-_-150-kg-Puissance-7-Kw-Rendement-80_8-_-Sortie-de-fumee-150-mm-Largeur-_-600-mm-Profondeur-_-39.webp?wsr\",\"contentUrl\":\"https:\/\/magiedufeu.ch\/wp-content\/uploads\/2026\/03\/Poids-_-150-kg-Puissance-7-Kw-Rendement-80_8-_-Sortie-de-fumee-150-mm-Largeur-_-600-mm-Profondeur-_-39.webp?wsr\",\"width\":1080,\"height\":1080},{\"@type\":\"BreadcrumbList\",\"@id\":\"https:\/\/magiedufeu.ch\/fr\/produit\/four-a-pizza-pulci-gaz-cuivre\/#breadcrumb\",\"itemListElement\":[{\"@type\":\"ListItem\",\"position\":1,\"name\":\"Accueil\",\"item\":\"https:\/\/magiedufeu.ch\/\"},{\"@type\":\"ListItem\",\"position\":2,\"name\":\"Boutique\",\"item\":\"https:\/\/magiedufeu.ch\/fr\/boutique\/\"},{\"@type\":\"ListItem\",\"position\":3,\"name\":\"Four \u00e0 Pizza PULCI Gaz Cuivre\"}]},{\"@type\":\"WebSite\",\"@id\":\"https:\/\/magiedufeu.ch\/#website\",\"url\":\"https:\/\/magiedufeu.ch\/\",\"name\":\"Mosoni-Vuissoz Magie du Feu\",\"description\":\"\",\"publisher\":{\"@id\":\"https:\/\/magiedufeu.ch\/#organization\"},\"potentialAction\":[{\"@type\":\"SearchAction\",\"target\":{\"@type\":\"EntryPoint\",\"urlTemplate\":\"https:\/\/magiedufeu.ch\/?s={search_term_string}\"},\"query-input\":{\"@type\":\"PropertyValueSpecification\",\"valueRequired\":true,\"valueName\":\"search_term_string\"}}],\"inLanguage\":\"fr-FR\"},{\"@type\":\"Organization\",\"@id\":\"https:\/\/magiedufeu.ch\/#organization\",\"name\":\"Mosoni-Vuissoz Magie du Feu\",\"url\":\"https:\/\/magiedufeu.ch\/\",\"logo\":{\"@type\":\"ImageObject\",\"inLanguage\":\"fr-FR\",\"@id\":\"https:\/\/magiedufeu.ch\/#\/schema\/logo\/image\/\",\"url\":\"https:\/\/magiedufeu.ch\/wp-content\/uploads\/2021\/06\/Mosoni-Vuissoz-logo-1024x536-1-46d285e0.png\",\"contentUrl\":\"https:\/\/magiedufeu.ch\/wp-content\/uploads\/2021\/06\/Mosoni-Vuissoz-logo-1024x536-1-46d285e0.png\",\"width\":200,\"height\":105,\"caption\":\"Mosoni-Vuissoz Magie du Feu\"},\"image\":{\"@id\":\"https:\/\/magiedufeu.ch\/#\/schema\/logo\/image\/\"},\"sameAs\":[\"https:\/\/www.facebook.com\/magiedufeu.mdf\/\"]}]}<\/script>\n<!-- \/ Yoast SEO plugin. -->","yoast_head_json":{"title":"Four \u00e0 Pizza PULCI Gaz Cuivre - Mosoni-Vuissoz Magie du Feu","description":"Le four \u00e0 pizza \u00e0 gaz con\u00e7u pour r\u00e9aliser des pizzas parfaites \u00e0 la maison. La simplicit\u00e9 du gaz, associ\u00e9e au brevet Air Plus, vous permet d\u2019atteindre ...","robots":{"index":"index","follow":"follow","max-snippet":"max-snippet:-1","max-image-preview":"max-image-preview:large","max-video-preview":"max-video-preview:-1"},"canonical":"https:\/\/magiedufeu.ch\/fr\/produit\/four-a-pizza-pulci-gaz-cuivre\/","og_locale":"fr_FR","og_type":"article","og_title":"Four \u00e0 Pizza PULCI Gaz Cuivre - Mosoni-Vuissoz Magie du Feu","og_description":"Le four \u00e0 pizza \u00e0 gaz con\u00e7u pour r\u00e9aliser des pizzas parfaites \u00e0 la maison. La simplicit\u00e9 du gaz, associ\u00e9e au brevet Air Plus, vous permet d\u2019atteindre ...","og_url":"https:\/\/magiedufeu.ch\/fr\/produit\/four-a-pizza-pulci-gaz-cuivre\/","og_site_name":"Mosoni-Vuissoz Magie du Feu","article_publisher":"https:\/\/www.facebook.com\/magiedufeu.mdf\/","article_modified_time":"2026-04-11T06:24:14+00:00","og_image":[{"width":1080,"height":1080,"url":"https:\/\/magiedufeu.ch\/wp-content\/uploads\/2026\/03\/Poids-_-150-kg-Puissance-7-Kw-Rendement-80_8-_-Sortie-de-fumee-150-mm-Largeur-_-600-mm-Profondeur-_-39.webp?wsr","type":"image\/webp"}],"twitter_card":"summary_large_image","twitter_misc":{"Dur\u00e9e de lecture estim\u00e9e":"2 minutes"},"schema":{"@context":"https:\/\/schema.org","@graph":[{"@type":"WebPage","@id":"https:\/\/magiedufeu.ch\/fr\/produit\/four-a-pizza-pulci-gaz-cuivre\/","url":"https:\/\/magiedufeu.ch\/fr\/produit\/four-a-pizza-pulci-gaz-cuivre\/","name":"Four \u00e0 Pizza PULCI Gaz Cuivre - Mosoni-Vuissoz Magie du Feu","isPartOf":{"@id":"https:\/\/magiedufeu.ch\/#website"},"primaryImageOfPage":{"@id":"https:\/\/magiedufeu.ch\/fr\/produit\/four-a-pizza-pulci-gaz-cuivre\/#primaryimage"},"image":{"@id":"https:\/\/magiedufeu.ch\/fr\/produit\/four-a-pizza-pulci-gaz-cuivre\/#primaryimage"},"thumbnailUrl":"https:\/\/magiedufeu.ch\/wp-content\/uploads\/2026\/03\/Poids-_-150-kg-Puissance-7-Kw-Rendement-80_8-_-Sortie-de-fumee-150-mm-Largeur-_-600-mm-Profondeur-_-39.webp?wsr","datePublished":"2026-03-31T09:35:34+00:00","dateModified":"2026-04-11T06:24:14+00:00","description":"Le four \u00e0 pizza \u00e0 gaz con\u00e7u pour r\u00e9aliser des pizzas parfaites \u00e0 la maison. La simplicit\u00e9 du gaz, associ\u00e9e au brevet Air Plus, vous permet d\u2019atteindre ...","breadcrumb":{"@id":"https:\/\/magiedufeu.ch\/fr\/produit\/four-a-pizza-pulci-gaz-cuivre\/#breadcrumb"},"inLanguage":"fr-FR","potentialAction":[{"@type":"ReadAction","target":["https:\/\/magiedufeu.ch\/fr\/produit\/four-a-pizza-pulci-gaz-cuivre\/"]}]},{"@type":"ImageObject","inLanguage":"fr-FR","@id":"https:\/\/magiedufeu.ch\/fr\/produit\/four-a-pizza-pulci-gaz-cuivre\/#primaryimage","url":"https:\/\/magiedufeu.ch\/wp-content\/uploads\/2026\/03\/Poids-_-150-kg-Puissance-7-Kw-Rendement-80_8-_-Sortie-de-fumee-150-mm-Largeur-_-600-mm-Profondeur-_-39.webp?wsr","contentUrl":"https:\/\/magiedufeu.ch\/wp-content\/uploads\/2026\/03\/Poids-_-150-kg-Puissance-7-Kw-Rendement-80_8-_-Sortie-de-fumee-150-mm-Largeur-_-600-mm-Profondeur-_-39.webp?wsr","width":1080,"height":1080},{"@type":"BreadcrumbList","@id":"https:\/\/magiedufeu.ch\/fr\/produit\/four-a-pizza-pulci-gaz-cuivre\/#breadcrumb","itemListElement":[{"@type":"ListItem","position":1,"name":"Accueil","item":"https:\/\/magiedufeu.ch\/"},{"@type":"ListItem","position":2,"name":"Boutique","item":"https:\/\/magiedufeu.ch\/fr\/boutique\/"},{"@type":"ListItem","position":3,"name":"Four \u00e0 Pizza PULCI Gaz Cuivre"}]},{"@type":"WebSite","@id":"https:\/\/magiedufeu.ch\/#website","url":"https:\/\/magiedufeu.ch\/","name":"Mosoni-Vuissoz Magie du Feu","description":"","publisher":{"@id":"https:\/\/magiedufeu.ch\/#organization"},"potentialAction":[{"@type":"SearchAction","target":{"@type":"EntryPoint","urlTemplate":"https:\/\/magiedufeu.ch\/?s={search_term_string}"},"query-input":{"@type":"PropertyValueSpecification","valueRequired":true,"valueName":"search_term_string"}}],"inLanguage":"fr-FR"},{"@type":"Organization","@id":"https:\/\/magiedufeu.ch\/#organization","name":"Mosoni-Vuissoz Magie du Feu","url":"https:\/\/magiedufeu.ch\/","logo":{"@type":"ImageObject","inLanguage":"fr-FR","@id":"https:\/\/magiedufeu.ch\/#\/schema\/logo\/image\/","url":"https:\/\/magiedufeu.ch\/wp-content\/uploads\/2021\/06\/Mosoni-Vuissoz-logo-1024x536-1-46d285e0.png","contentUrl":"https:\/\/magiedufeu.ch\/wp-content\/uploads\/2021\/06\/Mosoni-Vuissoz-logo-1024x536-1-46d285e0.png","width":200,"height":105,"caption":"Mosoni-Vuissoz Magie du Feu"},"image":{"@id":"https:\/\/magiedufeu.ch\/#\/schema\/logo\/image\/"},"sameAs":["https:\/\/www.facebook.com\/magiedufeu.mdf\/"]}]}},"_links":{"self":[{"href":"https:\/\/magiedufeu.ch\/fr\/wp-json\/wp\/v2\/product\/13346","targetHints":{"allow":["GET"]}}],"collection":[{"href":"https:\/\/magiedufeu.ch\/fr\/wp-json\/wp\/v2\/product"}],"about":[{"href":"https:\/\/magiedufeu.ch\/fr\/wp-json\/wp\/v2\/types\/product"}],"replies":[{"embeddable":true,"href":"https:\/\/magiedufeu.ch\/fr\/wp-json\/wp\/v2\/comments?post=13346"}],"wp:featuredmedia":[{"embeddable":true,"href":"https:\/\/magiedufeu.ch\/fr\/wp-json\/wp\/v2\/media\/13347"}],"wp:attachment":[{"href":"https:\/\/magiedufeu.ch\/fr\/wp-json\/wp\/v2\/media?parent=13346"}],"wp:term":[{"taxonomy":"product_cat","embeddable":true,"href":"https:\/\/magiedufeu.ch\/fr\/wp-json\/wp\/v2\/product_cat?post=13346"},{"taxonomy":"product_tag","embeddable":true,"href":"https:\/\/magiedufeu.ch\/fr\/wp-json\/wp\/v2\/product_tag?post=13346"}],"curies":[{"name":"wp","href":"https:\/\/api.w.org\/{rel}","templated":true}]}}