{"id":13281,"date":"2026-03-23T14:05:33","date_gmt":"2026-03-23T14:05:33","guid":{"rendered":"https:\/\/magiedufeu.ch\/?post_type=product&#038;p=13281"},"modified":"2026-04-11T07:07:00","modified_gmt":"2026-04-11T07:07:00","slug":"four-a-pizza-clementino-bois","status":"publish","type":"product","link":"https:\/\/magiedufeu.ch\/fr\/produit\/four-a-pizza-clementino-bois\/","title":{"rendered":"Four \u00e0 Pizza CLEMENTINO Bois"},"content":{"rendered":"<h2>Pourquoi choisir le four \u00e0 pizza Clementino \u00e0 bois ?<\/h2>\n<p>Que vous soyez pizzaiolo confirm\u00e9 ou d\u00e9butant, le Clementino au feu de bois est simple \u00e0 utiliser et garantit des r\u00e9sultats impeccables \u00e0 chaque cuisson. C\u2019est le compagnon id\u00e9al pour les passionn\u00e9s de pizza maison, m\u00eame lorsque l\u2019espace est limit\u00e9.<\/p>\n<h2>Les avantages du four \u00e0 pizza Clementino \u00e0 bois :<\/h2>\n<p>Le four atteint 400 \u00b0C en seulement 15 \u00e0 20 minutes, monte rapidement jusqu\u2019\u00e0 500 \u00b0C et permet de cuire une pizza en \u00e0 peine 90 secondes. Il est parfait non seulement pour la pizza, mais aussi pour le pain, les r\u00f4tis, les l\u00e9gumes et bien d\u2019autres recettes. Il est fabriqu\u00e9 avec des mat\u00e9riaux r\u00e9sistants \u00e0 toutes les conditions climatiques et peut facilement \u00eatre pos\u00e9 sur toute surface adapt\u00e9e en ext\u00e9rieur. Il est possible de faire cuire une pizza et jusqu&#8217;\u00e0 500 g de pain par fourn\u00e9e.<\/p>\n<h3>Caract\u00e9ristiques principales du produit :<\/h3>\n<p>Hauteur : 908 mm<\/p>\n<p>Largeur : 722 mm<\/p>\n<p>Profondeur : 496 mm<\/p>\n<p>Dimensions de la chambre de cuisson : 60&#215;40 cm<\/p>\n<p>Temp\u00e9rature maximale : 500 \u00b0C<\/p>\n<p>Consommation de bois : 2 kg\/heure<\/p>\n<p>Poids : 40 kg<\/p>\n<p>&nbsp;<\/p>\n<p><strong><a href=\"https:\/\/magiedufeu.ch\/wp-content\/uploads\/2026\/03\/Design-sans-titre-17.pdf\">FICHE TECHNIQUE.CLEMENTINO BOIS <\/a><\/strong><\/p>\n","protected":false},"excerpt":{"rendered":"<p>Hauteur : 908 mm<\/p>\n<p>Largeur : 722 mm<\/p>\n<p>Profondeur : 496 mm<\/p>\n<p>Dimensions de la chambre de cuisson : 60&#215;40 cm<\/p>\n<p>Temp\u00e9rature maximale : 500 \u00b0C<\/p>\n<p>Consommation de bois : 2 kg\/heure<\/p>\n<p>Poids : 40 kg<\/p>\n","protected":false},"featured_media":13310,"comment_status":"closed","ping_status":"closed","template":"","meta":[],"product_cat":[158,156],"product_tag":[],"class_list":{"0":"post-13281","1":"product","2":"type-product","3":"status-publish","4":"has-post-thumbnail","6":"product_cat-pizza-bois","7":"product_cat-fours-a-pizzas","9":"first","10":"instock","11":"taxable","12":"shipping-taxable","13":"purchasable","14":"product-type-simple"},"yoast_head":"<!-- This site is optimized with the Yoast SEO plugin v23.7 - https:\/\/yoast.com\/wordpress\/plugins\/seo\/ -->\n<title>Four \u00e0 Pizza CLEMENTINO Bois - Mosoni-Vuissoz Magie du Feu<\/title>\n<meta name=\"description\" content=\"Que vous soyez pizzaiolo confirm\u00e9 ou d\u00e9butant, le Clementino au feu de bois est simple \u00e0 utiliser et garantit des r\u00e9sultats impeccables \u00e0 chaque ...\" \/>\n<meta name=\"robots\" content=\"index, follow, max-snippet:-1, max-image-preview:large, max-video-preview:-1\" \/>\n<link rel=\"canonical\" href=\"https:\/\/magiedufeu.ch\/fr\/produit\/four-a-pizza-clementino-bois\/\" \/>\n<meta property=\"og:locale\" content=\"fr_FR\" \/>\n<meta property=\"og:type\" content=\"article\" \/>\n<meta property=\"og:title\" content=\"Four \u00e0 Pizza CLEMENTINO Bois - Mosoni-Vuissoz Magie du Feu\" \/>\n<meta property=\"og:description\" content=\"Que vous soyez pizzaiolo confirm\u00e9 ou d\u00e9butant, le Clementino au feu de bois est simple \u00e0 utiliser et garantit des r\u00e9sultats impeccables \u00e0 chaque ...\" \/>\n<meta property=\"og:url\" content=\"https:\/\/magiedufeu.ch\/fr\/produit\/four-a-pizza-clementino-bois\/\" \/>\n<meta property=\"og:site_name\" content=\"Mosoni-Vuissoz Magie du Feu\" \/>\n<meta property=\"article:publisher\" content=\"https:\/\/www.facebook.com\/magiedufeu.mdf\/\" \/>\n<meta property=\"article:modified_time\" content=\"2026-04-11T07:07:00+00:00\" \/>\n<meta property=\"og:image\" content=\"https:\/\/magiedufeu.ch\/wp-content\/uploads\/2026\/03\/Poids-_-150-kg-Puissance-7-Kw-Rendement-80_8-_-Sortie-de-fumee-150-mm-Largeur-_-600-mm-Profondeur-_-_1-5.webp?wsr\" \/>\n\t<meta property=\"og:image:width\" content=\"1080\" \/>\n\t<meta property=\"og:image:height\" content=\"1080\" \/>\n\t<meta property=\"og:image:type\" content=\"image\/webp\" \/>\n<meta name=\"twitter:card\" content=\"summary_large_image\" \/>\n<meta name=\"twitter:label1\" content=\"Dur\u00e9e de lecture estim\u00e9e\" \/>\n\t<meta name=\"twitter:data1\" content=\"2 minutes\" \/>\n<script type=\"application\/ld+json\" class=\"yoast-schema-graph\">{\"@context\":\"https:\/\/schema.org\",\"@graph\":[{\"@type\":\"WebPage\",\"@id\":\"https:\/\/magiedufeu.ch\/fr\/produit\/four-a-pizza-clementino-bois\/\",\"url\":\"https:\/\/magiedufeu.ch\/fr\/produit\/four-a-pizza-clementino-bois\/\",\"name\":\"Four \u00e0 Pizza CLEMENTINO Bois - Mosoni-Vuissoz Magie du Feu\",\"isPartOf\":{\"@id\":\"https:\/\/magiedufeu.ch\/#website\"},\"primaryImageOfPage\":{\"@id\":\"https:\/\/magiedufeu.ch\/fr\/produit\/four-a-pizza-clementino-bois\/#primaryimage\"},\"image\":{\"@id\":\"https:\/\/magiedufeu.ch\/fr\/produit\/four-a-pizza-clementino-bois\/#primaryimage\"},\"thumbnailUrl\":\"https:\/\/magiedufeu.ch\/wp-content\/uploads\/2026\/03\/Poids-_-150-kg-Puissance-7-Kw-Rendement-80_8-_-Sortie-de-fumee-150-mm-Largeur-_-600-mm-Profondeur-_-_1-5.webp?wsr\",\"datePublished\":\"2026-03-23T14:05:33+00:00\",\"dateModified\":\"2026-04-11T07:07:00+00:00\",\"description\":\"Que vous soyez pizzaiolo confirm\u00e9 ou d\u00e9butant, le Clementino au feu de bois est simple \u00e0 utiliser et garantit des r\u00e9sultats impeccables \u00e0 chaque ...\",\"breadcrumb\":{\"@id\":\"https:\/\/magiedufeu.ch\/fr\/produit\/four-a-pizza-clementino-bois\/#breadcrumb\"},\"inLanguage\":\"fr-FR\",\"potentialAction\":[{\"@type\":\"ReadAction\",\"target\":[\"https:\/\/magiedufeu.ch\/fr\/produit\/four-a-pizza-clementino-bois\/\"]}]},{\"@type\":\"ImageObject\",\"inLanguage\":\"fr-FR\",\"@id\":\"https:\/\/magiedufeu.ch\/fr\/produit\/four-a-pizza-clementino-bois\/#primaryimage\",\"url\":\"https:\/\/magiedufeu.ch\/wp-content\/uploads\/2026\/03\/Poids-_-150-kg-Puissance-7-Kw-Rendement-80_8-_-Sortie-de-fumee-150-mm-Largeur-_-600-mm-Profondeur-_-_1-5.webp?wsr\",\"contentUrl\":\"https:\/\/magiedufeu.ch\/wp-content\/uploads\/2026\/03\/Poids-_-150-kg-Puissance-7-Kw-Rendement-80_8-_-Sortie-de-fumee-150-mm-Largeur-_-600-mm-Profondeur-_-_1-5.webp?wsr\",\"width\":1080,\"height\":1080},{\"@type\":\"BreadcrumbList\",\"@id\":\"https:\/\/magiedufeu.ch\/fr\/produit\/four-a-pizza-clementino-bois\/#breadcrumb\",\"itemListElement\":[{\"@type\":\"ListItem\",\"position\":1,\"name\":\"Accueil\",\"item\":\"https:\/\/magiedufeu.ch\/\"},{\"@type\":\"ListItem\",\"position\":2,\"name\":\"Boutique\",\"item\":\"https:\/\/magiedufeu.ch\/fr\/boutique\/\"},{\"@type\":\"ListItem\",\"position\":3,\"name\":\"Four \u00e0 Pizza CLEMENTINO Bois\"}]},{\"@type\":\"WebSite\",\"@id\":\"https:\/\/magiedufeu.ch\/#website\",\"url\":\"https:\/\/magiedufeu.ch\/\",\"name\":\"Mosoni-Vuissoz Magie du Feu\",\"description\":\"\",\"publisher\":{\"@id\":\"https:\/\/magiedufeu.ch\/#organization\"},\"potentialAction\":[{\"@type\":\"SearchAction\",\"target\":{\"@type\":\"EntryPoint\",\"urlTemplate\":\"https:\/\/magiedufeu.ch\/?s={search_term_string}\"},\"query-input\":{\"@type\":\"PropertyValueSpecification\",\"valueRequired\":true,\"valueName\":\"search_term_string\"}}],\"inLanguage\":\"fr-FR\"},{\"@type\":\"Organization\",\"@id\":\"https:\/\/magiedufeu.ch\/#organization\",\"name\":\"Mosoni-Vuissoz Magie du Feu\",\"url\":\"https:\/\/magiedufeu.ch\/\",\"logo\":{\"@type\":\"ImageObject\",\"inLanguage\":\"fr-FR\",\"@id\":\"https:\/\/magiedufeu.ch\/#\/schema\/logo\/image\/\",\"url\":\"https:\/\/magiedufeu.ch\/wp-content\/uploads\/2021\/06\/Mosoni-Vuissoz-logo-1024x536-1-46d285e0.png\",\"contentUrl\":\"https:\/\/magiedufeu.ch\/wp-content\/uploads\/2021\/06\/Mosoni-Vuissoz-logo-1024x536-1-46d285e0.png\",\"width\":200,\"height\":105,\"caption\":\"Mosoni-Vuissoz Magie du Feu\"},\"image\":{\"@id\":\"https:\/\/magiedufeu.ch\/#\/schema\/logo\/image\/\"},\"sameAs\":[\"https:\/\/www.facebook.com\/magiedufeu.mdf\/\"]}]}<\/script>\n<!-- \/ Yoast SEO plugin. -->","yoast_head_json":{"title":"Four \u00e0 Pizza CLEMENTINO Bois - Mosoni-Vuissoz Magie du Feu","description":"Que vous soyez pizzaiolo confirm\u00e9 ou d\u00e9butant, le Clementino au feu de bois est simple \u00e0 utiliser et garantit des r\u00e9sultats impeccables \u00e0 chaque ...","robots":{"index":"index","follow":"follow","max-snippet":"max-snippet:-1","max-image-preview":"max-image-preview:large","max-video-preview":"max-video-preview:-1"},"canonical":"https:\/\/magiedufeu.ch\/fr\/produit\/four-a-pizza-clementino-bois\/","og_locale":"fr_FR","og_type":"article","og_title":"Four \u00e0 Pizza CLEMENTINO Bois - Mosoni-Vuissoz Magie du Feu","og_description":"Que vous soyez pizzaiolo confirm\u00e9 ou d\u00e9butant, le Clementino au feu de bois est simple \u00e0 utiliser et garantit des r\u00e9sultats impeccables \u00e0 chaque ...","og_url":"https:\/\/magiedufeu.ch\/fr\/produit\/four-a-pizza-clementino-bois\/","og_site_name":"Mosoni-Vuissoz Magie du Feu","article_publisher":"https:\/\/www.facebook.com\/magiedufeu.mdf\/","article_modified_time":"2026-04-11T07:07:00+00:00","og_image":[{"width":1080,"height":1080,"url":"https:\/\/magiedufeu.ch\/wp-content\/uploads\/2026\/03\/Poids-_-150-kg-Puissance-7-Kw-Rendement-80_8-_-Sortie-de-fumee-150-mm-Largeur-_-600-mm-Profondeur-_-_1-5.webp?wsr","type":"image\/webp"}],"twitter_card":"summary_large_image","twitter_misc":{"Dur\u00e9e de lecture estim\u00e9e":"2 minutes"},"schema":{"@context":"https:\/\/schema.org","@graph":[{"@type":"WebPage","@id":"https:\/\/magiedufeu.ch\/fr\/produit\/four-a-pizza-clementino-bois\/","url":"https:\/\/magiedufeu.ch\/fr\/produit\/four-a-pizza-clementino-bois\/","name":"Four \u00e0 Pizza CLEMENTINO Bois - Mosoni-Vuissoz Magie du Feu","isPartOf":{"@id":"https:\/\/magiedufeu.ch\/#website"},"primaryImageOfPage":{"@id":"https:\/\/magiedufeu.ch\/fr\/produit\/four-a-pizza-clementino-bois\/#primaryimage"},"image":{"@id":"https:\/\/magiedufeu.ch\/fr\/produit\/four-a-pizza-clementino-bois\/#primaryimage"},"thumbnailUrl":"https:\/\/magiedufeu.ch\/wp-content\/uploads\/2026\/03\/Poids-_-150-kg-Puissance-7-Kw-Rendement-80_8-_-Sortie-de-fumee-150-mm-Largeur-_-600-mm-Profondeur-_-_1-5.webp?wsr","datePublished":"2026-03-23T14:05:33+00:00","dateModified":"2026-04-11T07:07:00+00:00","description":"Que vous soyez pizzaiolo confirm\u00e9 ou d\u00e9butant, le Clementino au feu de bois est simple \u00e0 utiliser et garantit des r\u00e9sultats impeccables \u00e0 chaque ...","breadcrumb":{"@id":"https:\/\/magiedufeu.ch\/fr\/produit\/four-a-pizza-clementino-bois\/#breadcrumb"},"inLanguage":"fr-FR","potentialAction":[{"@type":"ReadAction","target":["https:\/\/magiedufeu.ch\/fr\/produit\/four-a-pizza-clementino-bois\/"]}]},{"@type":"ImageObject","inLanguage":"fr-FR","@id":"https:\/\/magiedufeu.ch\/fr\/produit\/four-a-pizza-clementino-bois\/#primaryimage","url":"https:\/\/magiedufeu.ch\/wp-content\/uploads\/2026\/03\/Poids-_-150-kg-Puissance-7-Kw-Rendement-80_8-_-Sortie-de-fumee-150-mm-Largeur-_-600-mm-Profondeur-_-_1-5.webp?wsr","contentUrl":"https:\/\/magiedufeu.ch\/wp-content\/uploads\/2026\/03\/Poids-_-150-kg-Puissance-7-Kw-Rendement-80_8-_-Sortie-de-fumee-150-mm-Largeur-_-600-mm-Profondeur-_-_1-5.webp?wsr","width":1080,"height":1080},{"@type":"BreadcrumbList","@id":"https:\/\/magiedufeu.ch\/fr\/produit\/four-a-pizza-clementino-bois\/#breadcrumb","itemListElement":[{"@type":"ListItem","position":1,"name":"Accueil","item":"https:\/\/magiedufeu.ch\/"},{"@type":"ListItem","position":2,"name":"Boutique","item":"https:\/\/magiedufeu.ch\/fr\/boutique\/"},{"@type":"ListItem","position":3,"name":"Four \u00e0 Pizza CLEMENTINO Bois"}]},{"@type":"WebSite","@id":"https:\/\/magiedufeu.ch\/#website","url":"https:\/\/magiedufeu.ch\/","name":"Mosoni-Vuissoz Magie du Feu","description":"","publisher":{"@id":"https:\/\/magiedufeu.ch\/#organization"},"potentialAction":[{"@type":"SearchAction","target":{"@type":"EntryPoint","urlTemplate":"https:\/\/magiedufeu.ch\/?s={search_term_string}"},"query-input":{"@type":"PropertyValueSpecification","valueRequired":true,"valueName":"search_term_string"}}],"inLanguage":"fr-FR"},{"@type":"Organization","@id":"https:\/\/magiedufeu.ch\/#organization","name":"Mosoni-Vuissoz Magie du Feu","url":"https:\/\/magiedufeu.ch\/","logo":{"@type":"ImageObject","inLanguage":"fr-FR","@id":"https:\/\/magiedufeu.ch\/#\/schema\/logo\/image\/","url":"https:\/\/magiedufeu.ch\/wp-content\/uploads\/2021\/06\/Mosoni-Vuissoz-logo-1024x536-1-46d285e0.png","contentUrl":"https:\/\/magiedufeu.ch\/wp-content\/uploads\/2021\/06\/Mosoni-Vuissoz-logo-1024x536-1-46d285e0.png","width":200,"height":105,"caption":"Mosoni-Vuissoz Magie du Feu"},"image":{"@id":"https:\/\/magiedufeu.ch\/#\/schema\/logo\/image\/"},"sameAs":["https:\/\/www.facebook.com\/magiedufeu.mdf\/"]}]}},"_links":{"self":[{"href":"https:\/\/magiedufeu.ch\/fr\/wp-json\/wp\/v2\/product\/13281","targetHints":{"allow":["GET"]}}],"collection":[{"href":"https:\/\/magiedufeu.ch\/fr\/wp-json\/wp\/v2\/product"}],"about":[{"href":"https:\/\/magiedufeu.ch\/fr\/wp-json\/wp\/v2\/types\/product"}],"replies":[{"embeddable":true,"href":"https:\/\/magiedufeu.ch\/fr\/wp-json\/wp\/v2\/comments?post=13281"}],"wp:featuredmedia":[{"embeddable":true,"href":"https:\/\/magiedufeu.ch\/fr\/wp-json\/wp\/v2\/media\/13310"}],"wp:attachment":[{"href":"https:\/\/magiedufeu.ch\/fr\/wp-json\/wp\/v2\/media?parent=13281"}],"wp:term":[{"taxonomy":"product_cat","embeddable":true,"href":"https:\/\/magiedufeu.ch\/fr\/wp-json\/wp\/v2\/product_cat?post=13281"},{"taxonomy":"product_tag","embeddable":true,"href":"https:\/\/magiedufeu.ch\/fr\/wp-json\/wp\/v2\/product_tag?post=13281"}],"curies":[{"name":"wp","href":"https:\/\/api.w.org\/{rel}","templated":true}]}}