{"id":13273,"date":"2026-03-23T13:06:54","date_gmt":"2026-03-23T12:49:45","guid":{"rendered":"https:\/\/magiedufeu.ch\/?post_type=product&#038;p=13273"},"modified":"2026-04-04T08:00:06","modified_gmt":"2026-04-04T08:00:06","slug":"four-a-pizza-clementino-gaz","status":"publish","type":"product","link":"https:\/\/magiedufeu.ch\/fr\/produit\/four-a-pizza-clementino-gaz\/","title":{"rendered":"Four \u00e0 Pizza CLEMENTINO \u00e0 Gaz"},"content":{"rendered":"<h2>Pourquoi choisir le four \u00e0 pizza Clementino \u00e0 gaz ?<\/h2>\n<p>C\u2019est la solution id\u00e9ale pour ceux qui recherchent un four \u00e0 pizza compact, performant et simple d\u2019utilisation. Il est parfait pour recr\u00e9er l\u2019authentique exp\u00e9rience de la pizza maison dans vos espaces ext\u00e9rieurs comme vos balcons, terrasses ou jardins, sans compromis sur les performances. Vous pouvez faire une pizza et jusqu&#8217;\u00e0 500 g de pain par fourn\u00e9e.<\/p>\n<p><em>En option :\u00a0<\/em><em>vous pouvez choisir entre le gaz et le bois, <\/em><em>gr\u00e2ce au kit bois.<\/em><\/p>\n<h2>Les avantages du four \u00e0 pizza Clementino \u00e0 gaz :<\/h2>\n<p>Gr\u00e2ce \u00e0 son format compact et \u00e0 son br\u00fbleur de 7 kW, le four atteint 400 \u00b0C en seulement 20 minutes, puis monte rapidement jusqu\u2019\u00e0 500 \u00b0C, vous permettant de cuire une pizza en \u00e0 peine 90 secondes. Le four a une double isolation thermique ainsi que la porte en acier et la chemin\u00e9e en inox pour plus de confort et de s\u00e9curit\u00e9.<\/p>\n<h3>Caract\u00e9ristiques principales du produit :<\/h3>\n<p>Hauteur : 908 mm<\/p>\n<p>Largeur : 722 mm<\/p>\n<p>Profondeur : 551 mm<\/p>\n<p>Dimensions de la chambre de cuisson : 60&#215;40 cm<\/p>\n<p>Temp\u00e9rature maximale : 500\u00b0C<\/p>\n<p>Poids : 50 kg<\/p>\n<p>&nbsp;<\/p>\n<p><a href=\"https:\/\/magiedufeu.ch\/wp-content\/uploads\/2026\/03\/Design-sans-titre-16.pdf\"><strong>FICHE TECHNIQUE.CLEMENTINO GAZ<\/strong><\/a><\/p>\n","protected":false},"excerpt":{"rendered":"<p>Hauteur : 908 mm<\/p>\n<p>Largeur : 722 mm<\/p>\n<p>Profondeur : 551 mm<\/p>\n<p>Dimensions de la chambre de cuisson : 60&#215;40 cm<\/p>\n<p>Temp\u00e9rature maximale : 500\u00b0C<\/p>\n<p>Poids : 50 kg<\/p>\n","protected":false},"featured_media":13306,"comment_status":"closed","ping_status":"closed","template":"","meta":[],"product_cat":[156,160],"product_tag":[],"class_list":{"0":"post-13273","1":"product","2":"type-product","3":"status-publish","4":"has-post-thumbnail","6":"product_cat-fours-a-pizzas","7":"product_cat-pizza-gas","9":"first","10":"instock","11":"taxable","12":"shipping-taxable","13":"purchasable","14":"product-type-simple"},"yoast_head":"<!-- This site is optimized with the Yoast SEO plugin v23.7 - https:\/\/yoast.com\/wordpress\/plugins\/seo\/ -->\n<title>Four \u00e0 Pizza CLEMENTINO \u00e0 Gaz - Mosoni-Vuissoz Magie du Feu<\/title>\n<meta name=\"description\" content=\"C\u2019est la solution id\u00e9ale pour ceux qui recherchent un four \u00e0 pizza compact, performant et simple d\u2019utilisation. Il est parfait pour recr\u00e9er ...\" \/>\n<meta name=\"robots\" content=\"index, follow, max-snippet:-1, max-image-preview:large, max-video-preview:-1\" \/>\n<link rel=\"canonical\" href=\"https:\/\/magiedufeu.ch\/fr\/produit\/four-a-pizza-clementino-gaz\/\" \/>\n<meta property=\"og:locale\" content=\"fr_FR\" \/>\n<meta property=\"og:type\" content=\"article\" \/>\n<meta property=\"og:title\" content=\"Four \u00e0 Pizza CLEMENTINO \u00e0 Gaz - Mosoni-Vuissoz Magie du Feu\" \/>\n<meta property=\"og:description\" content=\"C\u2019est la solution id\u00e9ale pour ceux qui recherchent un four \u00e0 pizza compact, performant et simple d\u2019utilisation. Il est parfait pour recr\u00e9er ...\" \/>\n<meta property=\"og:url\" content=\"https:\/\/magiedufeu.ch\/fr\/produit\/four-a-pizza-clementino-gaz\/\" \/>\n<meta property=\"og:site_name\" content=\"Mosoni-Vuissoz Magie du Feu\" \/>\n<meta property=\"article:publisher\" content=\"https:\/\/www.facebook.com\/magiedufeu.mdf\/\" \/>\n<meta property=\"article:modified_time\" content=\"2026-04-04T08:00:06+00:00\" \/>\n<meta property=\"og:image\" content=\"https:\/\/magiedufeu.ch\/wp-content\/uploads\/2026\/03\/Poids-_-150-kg-Puissance-7-Kw-Rendement-80_8-_-Sortie-de-fumee-150-mm-Largeur-_-600-mm-Profondeur-_-36.webp?wsr\" \/>\n\t<meta property=\"og:image:width\" content=\"1080\" \/>\n\t<meta property=\"og:image:height\" content=\"1080\" \/>\n\t<meta property=\"og:image:type\" content=\"image\/webp\" \/>\n<meta name=\"twitter:card\" content=\"summary_large_image\" \/>\n<meta name=\"twitter:label1\" content=\"Dur\u00e9e de lecture estim\u00e9e\" \/>\n\t<meta name=\"twitter:data1\" content=\"2 minutes\" \/>\n<script type=\"application\/ld+json\" class=\"yoast-schema-graph\">{\"@context\":\"https:\/\/schema.org\",\"@graph\":[{\"@type\":\"WebPage\",\"@id\":\"https:\/\/magiedufeu.ch\/fr\/produit\/four-a-pizza-clementino-gaz\/\",\"url\":\"https:\/\/magiedufeu.ch\/fr\/produit\/four-a-pizza-clementino-gaz\/\",\"name\":\"Four \u00e0 Pizza CLEMENTINO \u00e0 Gaz - Mosoni-Vuissoz Magie du Feu\",\"isPartOf\":{\"@id\":\"https:\/\/magiedufeu.ch\/#website\"},\"primaryImageOfPage\":{\"@id\":\"https:\/\/magiedufeu.ch\/fr\/produit\/four-a-pizza-clementino-gaz\/#primaryimage\"},\"image\":{\"@id\":\"https:\/\/magiedufeu.ch\/fr\/produit\/four-a-pizza-clementino-gaz\/#primaryimage\"},\"thumbnailUrl\":\"https:\/\/magiedufeu.ch\/wp-content\/uploads\/2026\/03\/Poids-_-150-kg-Puissance-7-Kw-Rendement-80_8-_-Sortie-de-fumee-150-mm-Largeur-_-600-mm-Profondeur-_-36.webp?wsr\",\"datePublished\":\"2026-03-23T12:49:45+00:00\",\"dateModified\":\"2026-04-04T08:00:06+00:00\",\"description\":\"C\u2019est la solution id\u00e9ale pour ceux qui recherchent un four \u00e0 pizza compact, performant et simple d\u2019utilisation. Il est parfait pour recr\u00e9er ...\",\"breadcrumb\":{\"@id\":\"https:\/\/magiedufeu.ch\/fr\/produit\/four-a-pizza-clementino-gaz\/#breadcrumb\"},\"inLanguage\":\"fr-FR\",\"potentialAction\":[{\"@type\":\"ReadAction\",\"target\":[\"https:\/\/magiedufeu.ch\/fr\/produit\/four-a-pizza-clementino-gaz\/\"]}]},{\"@type\":\"ImageObject\",\"inLanguage\":\"fr-FR\",\"@id\":\"https:\/\/magiedufeu.ch\/fr\/produit\/four-a-pizza-clementino-gaz\/#primaryimage\",\"url\":\"https:\/\/magiedufeu.ch\/wp-content\/uploads\/2026\/03\/Poids-_-150-kg-Puissance-7-Kw-Rendement-80_8-_-Sortie-de-fumee-150-mm-Largeur-_-600-mm-Profondeur-_-36.webp?wsr\",\"contentUrl\":\"https:\/\/magiedufeu.ch\/wp-content\/uploads\/2026\/03\/Poids-_-150-kg-Puissance-7-Kw-Rendement-80_8-_-Sortie-de-fumee-150-mm-Largeur-_-600-mm-Profondeur-_-36.webp?wsr\",\"width\":1080,\"height\":1080},{\"@type\":\"BreadcrumbList\",\"@id\":\"https:\/\/magiedufeu.ch\/fr\/produit\/four-a-pizza-clementino-gaz\/#breadcrumb\",\"itemListElement\":[{\"@type\":\"ListItem\",\"position\":1,\"name\":\"Accueil\",\"item\":\"https:\/\/magiedufeu.ch\/\"},{\"@type\":\"ListItem\",\"position\":2,\"name\":\"Boutique\",\"item\":\"https:\/\/magiedufeu.ch\/fr\/boutique\/\"},{\"@type\":\"ListItem\",\"position\":3,\"name\":\"Four \u00e0 Pizza CLEMENTINO \u00e0 Gaz\"}]},{\"@type\":\"WebSite\",\"@id\":\"https:\/\/magiedufeu.ch\/#website\",\"url\":\"https:\/\/magiedufeu.ch\/\",\"name\":\"Mosoni-Vuissoz Magie du Feu\",\"description\":\"\",\"publisher\":{\"@id\":\"https:\/\/magiedufeu.ch\/#organization\"},\"potentialAction\":[{\"@type\":\"SearchAction\",\"target\":{\"@type\":\"EntryPoint\",\"urlTemplate\":\"https:\/\/magiedufeu.ch\/?s={search_term_string}\"},\"query-input\":{\"@type\":\"PropertyValueSpecification\",\"valueRequired\":true,\"valueName\":\"search_term_string\"}}],\"inLanguage\":\"fr-FR\"},{\"@type\":\"Organization\",\"@id\":\"https:\/\/magiedufeu.ch\/#organization\",\"name\":\"Mosoni-Vuissoz Magie du Feu\",\"url\":\"https:\/\/magiedufeu.ch\/\",\"logo\":{\"@type\":\"ImageObject\",\"inLanguage\":\"fr-FR\",\"@id\":\"https:\/\/magiedufeu.ch\/#\/schema\/logo\/image\/\",\"url\":\"https:\/\/magiedufeu.ch\/wp-content\/uploads\/2021\/06\/Mosoni-Vuissoz-logo-1024x536-1-46d285e0.png\",\"contentUrl\":\"https:\/\/magiedufeu.ch\/wp-content\/uploads\/2021\/06\/Mosoni-Vuissoz-logo-1024x536-1-46d285e0.png\",\"width\":200,\"height\":105,\"caption\":\"Mosoni-Vuissoz Magie du Feu\"},\"image\":{\"@id\":\"https:\/\/magiedufeu.ch\/#\/schema\/logo\/image\/\"},\"sameAs\":[\"https:\/\/www.facebook.com\/magiedufeu.mdf\/\"]}]}<\/script>\n<!-- \/ Yoast SEO plugin. -->","yoast_head_json":{"title":"Four \u00e0 Pizza CLEMENTINO \u00e0 Gaz - Mosoni-Vuissoz Magie du Feu","description":"C\u2019est la solution id\u00e9ale pour ceux qui recherchent un four \u00e0 pizza compact, performant et simple d\u2019utilisation. Il est parfait pour recr\u00e9er ...","robots":{"index":"index","follow":"follow","max-snippet":"max-snippet:-1","max-image-preview":"max-image-preview:large","max-video-preview":"max-video-preview:-1"},"canonical":"https:\/\/magiedufeu.ch\/fr\/produit\/four-a-pizza-clementino-gaz\/","og_locale":"fr_FR","og_type":"article","og_title":"Four \u00e0 Pizza CLEMENTINO \u00e0 Gaz - Mosoni-Vuissoz Magie du Feu","og_description":"C\u2019est la solution id\u00e9ale pour ceux qui recherchent un four \u00e0 pizza compact, performant et simple d\u2019utilisation. Il est parfait pour recr\u00e9er ...","og_url":"https:\/\/magiedufeu.ch\/fr\/produit\/four-a-pizza-clementino-gaz\/","og_site_name":"Mosoni-Vuissoz Magie du Feu","article_publisher":"https:\/\/www.facebook.com\/magiedufeu.mdf\/","article_modified_time":"2026-04-04T08:00:06+00:00","og_image":[{"width":1080,"height":1080,"url":"https:\/\/magiedufeu.ch\/wp-content\/uploads\/2026\/03\/Poids-_-150-kg-Puissance-7-Kw-Rendement-80_8-_-Sortie-de-fumee-150-mm-Largeur-_-600-mm-Profondeur-_-36.webp?wsr","type":"image\/webp"}],"twitter_card":"summary_large_image","twitter_misc":{"Dur\u00e9e de lecture estim\u00e9e":"2 minutes"},"schema":{"@context":"https:\/\/schema.org","@graph":[{"@type":"WebPage","@id":"https:\/\/magiedufeu.ch\/fr\/produit\/four-a-pizza-clementino-gaz\/","url":"https:\/\/magiedufeu.ch\/fr\/produit\/four-a-pizza-clementino-gaz\/","name":"Four \u00e0 Pizza CLEMENTINO \u00e0 Gaz - Mosoni-Vuissoz Magie du Feu","isPartOf":{"@id":"https:\/\/magiedufeu.ch\/#website"},"primaryImageOfPage":{"@id":"https:\/\/magiedufeu.ch\/fr\/produit\/four-a-pizza-clementino-gaz\/#primaryimage"},"image":{"@id":"https:\/\/magiedufeu.ch\/fr\/produit\/four-a-pizza-clementino-gaz\/#primaryimage"},"thumbnailUrl":"https:\/\/magiedufeu.ch\/wp-content\/uploads\/2026\/03\/Poids-_-150-kg-Puissance-7-Kw-Rendement-80_8-_-Sortie-de-fumee-150-mm-Largeur-_-600-mm-Profondeur-_-36.webp?wsr","datePublished":"2026-03-23T12:49:45+00:00","dateModified":"2026-04-04T08:00:06+00:00","description":"C\u2019est la solution id\u00e9ale pour ceux qui recherchent un four \u00e0 pizza compact, performant et simple d\u2019utilisation. Il est parfait pour recr\u00e9er ...","breadcrumb":{"@id":"https:\/\/magiedufeu.ch\/fr\/produit\/four-a-pizza-clementino-gaz\/#breadcrumb"},"inLanguage":"fr-FR","potentialAction":[{"@type":"ReadAction","target":["https:\/\/magiedufeu.ch\/fr\/produit\/four-a-pizza-clementino-gaz\/"]}]},{"@type":"ImageObject","inLanguage":"fr-FR","@id":"https:\/\/magiedufeu.ch\/fr\/produit\/four-a-pizza-clementino-gaz\/#primaryimage","url":"https:\/\/magiedufeu.ch\/wp-content\/uploads\/2026\/03\/Poids-_-150-kg-Puissance-7-Kw-Rendement-80_8-_-Sortie-de-fumee-150-mm-Largeur-_-600-mm-Profondeur-_-36.webp?wsr","contentUrl":"https:\/\/magiedufeu.ch\/wp-content\/uploads\/2026\/03\/Poids-_-150-kg-Puissance-7-Kw-Rendement-80_8-_-Sortie-de-fumee-150-mm-Largeur-_-600-mm-Profondeur-_-36.webp?wsr","width":1080,"height":1080},{"@type":"BreadcrumbList","@id":"https:\/\/magiedufeu.ch\/fr\/produit\/four-a-pizza-clementino-gaz\/#breadcrumb","itemListElement":[{"@type":"ListItem","position":1,"name":"Accueil","item":"https:\/\/magiedufeu.ch\/"},{"@type":"ListItem","position":2,"name":"Boutique","item":"https:\/\/magiedufeu.ch\/fr\/boutique\/"},{"@type":"ListItem","position":3,"name":"Four \u00e0 Pizza CLEMENTINO \u00e0 Gaz"}]},{"@type":"WebSite","@id":"https:\/\/magiedufeu.ch\/#website","url":"https:\/\/magiedufeu.ch\/","name":"Mosoni-Vuissoz Magie du Feu","description":"","publisher":{"@id":"https:\/\/magiedufeu.ch\/#organization"},"potentialAction":[{"@type":"SearchAction","target":{"@type":"EntryPoint","urlTemplate":"https:\/\/magiedufeu.ch\/?s={search_term_string}"},"query-input":{"@type":"PropertyValueSpecification","valueRequired":true,"valueName":"search_term_string"}}],"inLanguage":"fr-FR"},{"@type":"Organization","@id":"https:\/\/magiedufeu.ch\/#organization","name":"Mosoni-Vuissoz Magie du Feu","url":"https:\/\/magiedufeu.ch\/","logo":{"@type":"ImageObject","inLanguage":"fr-FR","@id":"https:\/\/magiedufeu.ch\/#\/schema\/logo\/image\/","url":"https:\/\/magiedufeu.ch\/wp-content\/uploads\/2021\/06\/Mosoni-Vuissoz-logo-1024x536-1-46d285e0.png","contentUrl":"https:\/\/magiedufeu.ch\/wp-content\/uploads\/2021\/06\/Mosoni-Vuissoz-logo-1024x536-1-46d285e0.png","width":200,"height":105,"caption":"Mosoni-Vuissoz Magie du Feu"},"image":{"@id":"https:\/\/magiedufeu.ch\/#\/schema\/logo\/image\/"},"sameAs":["https:\/\/www.facebook.com\/magiedufeu.mdf\/"]}]}},"_links":{"self":[{"href":"https:\/\/magiedufeu.ch\/fr\/wp-json\/wp\/v2\/product\/13273","targetHints":{"allow":["GET"]}}],"collection":[{"href":"https:\/\/magiedufeu.ch\/fr\/wp-json\/wp\/v2\/product"}],"about":[{"href":"https:\/\/magiedufeu.ch\/fr\/wp-json\/wp\/v2\/types\/product"}],"replies":[{"embeddable":true,"href":"https:\/\/magiedufeu.ch\/fr\/wp-json\/wp\/v2\/comments?post=13273"}],"wp:featuredmedia":[{"embeddable":true,"href":"https:\/\/magiedufeu.ch\/fr\/wp-json\/wp\/v2\/media\/13306"}],"wp:attachment":[{"href":"https:\/\/magiedufeu.ch\/fr\/wp-json\/wp\/v2\/media?parent=13273"}],"wp:term":[{"taxonomy":"product_cat","embeddable":true,"href":"https:\/\/magiedufeu.ch\/fr\/wp-json\/wp\/v2\/product_cat?post=13273"},{"taxonomy":"product_tag","embeddable":true,"href":"https:\/\/magiedufeu.ch\/fr\/wp-json\/wp\/v2\/product_tag?post=13273"}],"curies":[{"name":"wp","href":"https:\/\/api.w.org\/{rel}","templated":true}]}}