{"id":13204,"date":"2026-03-17T10:27:15","date_gmt":"2026-03-17T10:27:15","guid":{"rendered":"https:\/\/magiedufeu.ch\/?post_type=product&#038;p=13204"},"modified":"2026-04-11T08:50:21","modified_gmt":"2026-04-11T08:50:21","slug":"grill-a-gaz-baron-490-broil-king-noir","status":"publish","type":"product","link":"https:\/\/magiedufeu.ch\/fr\/produit\/grill-a-gaz-baron-490-broil-king-noir\/","title":{"rendered":"Grill \u00e0 Gaz BARON 490 BROIL KING noir"},"content":{"rendered":"<h2>Pourquoi choisir le grill \u00e0 gaz Baron 490 Broil King noir ?<\/h2>\n<p>Gr\u00e2ce \u00e0 sa taille mod\u00e9r\u00e9e, ce grill trouvera sa place dans n&#8217;importe quelle maison. Ne vous d\u00e9trompez pas, m\u00eame s&#8217;il n&#8217;est pas aussi imposant que d&#8217;autres mod\u00e8les, il a de multiples fonctionnalit\u00e9s et est de grande qualit\u00e9 !<\/p>\n<h2>Les avantages du grill \u00e0 gaz Baron 490 Broil King :<\/h2>\n<p>Le fait que ce grill fonctionne au gaz pr\u00e9sente plusieurs avantages : l&#8217;allumage sera rapide, vous pouvez ajuster la temp\u00e9rature tr\u00e8s facilement. Ce grill \u00e0 gaz poss\u00e8de des grilles en fonte \u00e9maill\u00e9e, elles sont connues pour conduire la chaleur de mani\u00e8re uniforme et cuire vos aliments avec homog\u00e9n\u00e9it\u00e9. Une fois chauff\u00e9es, les grilles pr\u00e9servent leur chaleur pendant une certain temps. La fonte \u00e9maill\u00e9e r\u00e9siste \u00e0 la corrosion, c&#8217;est-\u00e0-dire qu&#8217;elle ne rouillera pas; ce qui vous assure une certaine s\u00e9curit\u00e9 alimentaire. L&#8217;entretien de ces grilles est tr\u00e8s simple.<\/p>\n<h3>Caract\u00e9ristiques principales du produit :<\/h3>\n<p>Hauteur : 1180 mm<\/p>\n<p>Largeur : 1448 mm<\/p>\n<p>Profondeur : 610 mm<\/p>\n<p>Poids : 74 kg<\/p>\n<p>Puissance du br\u00fbleur principal : 11,4 kW<\/p>\n<p>4 br\u00fbleurs \u00e0 tige Dual-Tube<\/p>\n<p>Grilles en fonte \u00e9maill\u00e9e mate Flav-R-Cast<\/p>\n<p>Br\u00fbleur pour r\u00f4tissoire : 4,4 kW<\/p>\n<p>Br\u00fbleur lat\u00e9ral : 2,7 kW<\/p>\n<p>Kit de r\u00f4tissoire et moteur \u00e9lectrique inclus<\/p>\n<p>&nbsp;<\/p>\n<p><strong><a href=\"https:\/\/magiedufeu.ch\/wp-content\/uploads\/2026\/03\/Garanties-.pdf\">GARANTIES.BARON 490 NOIR<\/a><\/strong><\/p>\n<p>&nbsp;<\/p>\n<p>&nbsp;<\/p>\n<p>&nbsp;<\/p>\n","protected":false},"excerpt":{"rendered":"<p>Puissance du br\u00fbleur principal : 11,4 kW<\/p>\n<p>4 br\u00fbleurs \u00e0 tige Dual-Tube<\/p>\n<p>Grilles en fonte \u00e9maill\u00e9e mate Flav-R-Cast<\/p>\n<p>Br\u00fbleur pour r\u00f4tissoire : 4,4 kW<\/p>\n<p>Br\u00fbleur lat\u00e9ral : 2,7 kW<\/p>\n<p>Kit de r\u00f4tissoire et moteur \u00e9lectrique inclus<\/p>\n","protected":false},"featured_media":13230,"comment_status":"closed","ping_status":"closed","template":"","meta":[],"product_cat":[152,151],"product_tag":[],"class_list":{"0":"post-13204","1":"product","2":"type-product","3":"status-publish","4":"has-post-thumbnail","6":"product_cat-grill-a-gaz","7":"product_cat-grills-et-planchas","9":"first","10":"instock","11":"taxable","12":"shipping-taxable","13":"purchasable","14":"product-type-simple"},"yoast_head":"<!-- This site is optimized with the Yoast SEO plugin v23.7 - https:\/\/yoast.com\/wordpress\/plugins\/seo\/ -->\n<title>Grill \u00e0 Gaz BARON 490 BROIL KING noir - Mosoni-Vuissoz Magie du Feu<\/title>\n<meta name=\"description\" content=\"Gr\u00e2ce \u00e0 sa taille mod\u00e9r\u00e9e, ce grill trouvera sa place dans n&#039;importe quelle maison. Ne vous d\u00e9trompez pas, m\u00eame s&#039;il n&#039;est pas aussi imposant que ...\" \/>\n<meta name=\"robots\" content=\"index, follow, max-snippet:-1, max-image-preview:large, max-video-preview:-1\" \/>\n<link rel=\"canonical\" href=\"https:\/\/magiedufeu.ch\/fr\/produit\/grill-a-gaz-baron-490-broil-king-noir\/\" \/>\n<meta property=\"og:locale\" content=\"fr_FR\" \/>\n<meta property=\"og:type\" content=\"article\" \/>\n<meta property=\"og:title\" content=\"Grill \u00e0 Gaz BARON 490 BROIL KING noir - Mosoni-Vuissoz Magie du Feu\" \/>\n<meta property=\"og:description\" content=\"Gr\u00e2ce \u00e0 sa taille mod\u00e9r\u00e9e, ce grill trouvera sa place dans n&#039;importe quelle maison. Ne vous d\u00e9trompez pas, m\u00eame s&#039;il n&#039;est pas aussi imposant que ...\" \/>\n<meta property=\"og:url\" content=\"https:\/\/magiedufeu.ch\/fr\/produit\/grill-a-gaz-baron-490-broil-king-noir\/\" \/>\n<meta property=\"og:site_name\" content=\"Mosoni-Vuissoz Magie du Feu\" \/>\n<meta property=\"article:publisher\" content=\"https:\/\/www.facebook.com\/magiedufeu.mdf\/\" \/>\n<meta property=\"article:modified_time\" content=\"2026-04-11T08:50:21+00:00\" \/>\n<meta property=\"og:image\" content=\"https:\/\/magiedufeu.ch\/wp-content\/uploads\/2026\/03\/Poids-_-150-kg-Puissance-7-Kw-Rendement-80_8-_-Sortie-de-fumee-150-mm-Largeur-_-600-mm-Profondeur-_-30.webp?wsr\" \/>\n\t<meta property=\"og:image:width\" content=\"1080\" \/>\n\t<meta property=\"og:image:height\" content=\"1080\" \/>\n\t<meta property=\"og:image:type\" content=\"image\/webp\" \/>\n<meta name=\"twitter:card\" content=\"summary_large_image\" \/>\n<meta name=\"twitter:label1\" content=\"Dur\u00e9e de lecture estim\u00e9e\" \/>\n\t<meta name=\"twitter:data1\" content=\"2 minutes\" \/>\n<script type=\"application\/ld+json\" class=\"yoast-schema-graph\">{\"@context\":\"https:\/\/schema.org\",\"@graph\":[{\"@type\":\"WebPage\",\"@id\":\"https:\/\/magiedufeu.ch\/fr\/produit\/grill-a-gaz-baron-490-broil-king-noir\/\",\"url\":\"https:\/\/magiedufeu.ch\/fr\/produit\/grill-a-gaz-baron-490-broil-king-noir\/\",\"name\":\"Grill \u00e0 Gaz BARON 490 BROIL KING noir - Mosoni-Vuissoz Magie du Feu\",\"isPartOf\":{\"@id\":\"https:\/\/magiedufeu.ch\/#website\"},\"primaryImageOfPage\":{\"@id\":\"https:\/\/magiedufeu.ch\/fr\/produit\/grill-a-gaz-baron-490-broil-king-noir\/#primaryimage\"},\"image\":{\"@id\":\"https:\/\/magiedufeu.ch\/fr\/produit\/grill-a-gaz-baron-490-broil-king-noir\/#primaryimage\"},\"thumbnailUrl\":\"https:\/\/magiedufeu.ch\/wp-content\/uploads\/2026\/03\/Poids-_-150-kg-Puissance-7-Kw-Rendement-80_8-_-Sortie-de-fumee-150-mm-Largeur-_-600-mm-Profondeur-_-30.webp?wsr\",\"datePublished\":\"2026-03-17T10:27:15+00:00\",\"dateModified\":\"2026-04-11T08:50:21+00:00\",\"description\":\"Gr\u00e2ce \u00e0 sa taille mod\u00e9r\u00e9e, ce grill trouvera sa place dans n'importe quelle maison. Ne vous d\u00e9trompez pas, m\u00eame s'il n'est pas aussi imposant que ...\",\"breadcrumb\":{\"@id\":\"https:\/\/magiedufeu.ch\/fr\/produit\/grill-a-gaz-baron-490-broil-king-noir\/#breadcrumb\"},\"inLanguage\":\"fr-FR\",\"potentialAction\":[{\"@type\":\"ReadAction\",\"target\":[\"https:\/\/magiedufeu.ch\/fr\/produit\/grill-a-gaz-baron-490-broil-king-noir\/\"]}]},{\"@type\":\"ImageObject\",\"inLanguage\":\"fr-FR\",\"@id\":\"https:\/\/magiedufeu.ch\/fr\/produit\/grill-a-gaz-baron-490-broil-king-noir\/#primaryimage\",\"url\":\"https:\/\/magiedufeu.ch\/wp-content\/uploads\/2026\/03\/Poids-_-150-kg-Puissance-7-Kw-Rendement-80_8-_-Sortie-de-fumee-150-mm-Largeur-_-600-mm-Profondeur-_-30.webp?wsr\",\"contentUrl\":\"https:\/\/magiedufeu.ch\/wp-content\/uploads\/2026\/03\/Poids-_-150-kg-Puissance-7-Kw-Rendement-80_8-_-Sortie-de-fumee-150-mm-Largeur-_-600-mm-Profondeur-_-30.webp?wsr\",\"width\":1080,\"height\":1080},{\"@type\":\"BreadcrumbList\",\"@id\":\"https:\/\/magiedufeu.ch\/fr\/produit\/grill-a-gaz-baron-490-broil-king-noir\/#breadcrumb\",\"itemListElement\":[{\"@type\":\"ListItem\",\"position\":1,\"name\":\"Accueil\",\"item\":\"https:\/\/magiedufeu.ch\/\"},{\"@type\":\"ListItem\",\"position\":2,\"name\":\"Boutique\",\"item\":\"https:\/\/magiedufeu.ch\/fr\/boutique\/\"},{\"@type\":\"ListItem\",\"position\":3,\"name\":\"Grill \u00e0 Gaz BARON 490 BROIL KING noir\"}]},{\"@type\":\"WebSite\",\"@id\":\"https:\/\/magiedufeu.ch\/#website\",\"url\":\"https:\/\/magiedufeu.ch\/\",\"name\":\"Mosoni-Vuissoz Magie du Feu\",\"description\":\"\",\"publisher\":{\"@id\":\"https:\/\/magiedufeu.ch\/#organization\"},\"potentialAction\":[{\"@type\":\"SearchAction\",\"target\":{\"@type\":\"EntryPoint\",\"urlTemplate\":\"https:\/\/magiedufeu.ch\/?s={search_term_string}\"},\"query-input\":{\"@type\":\"PropertyValueSpecification\",\"valueRequired\":true,\"valueName\":\"search_term_string\"}}],\"inLanguage\":\"fr-FR\"},{\"@type\":\"Organization\",\"@id\":\"https:\/\/magiedufeu.ch\/#organization\",\"name\":\"Mosoni-Vuissoz Magie du Feu\",\"url\":\"https:\/\/magiedufeu.ch\/\",\"logo\":{\"@type\":\"ImageObject\",\"inLanguage\":\"fr-FR\",\"@id\":\"https:\/\/magiedufeu.ch\/#\/schema\/logo\/image\/\",\"url\":\"https:\/\/magiedufeu.ch\/wp-content\/uploads\/2021\/06\/Mosoni-Vuissoz-logo-1024x536-1-46d285e0.png\",\"contentUrl\":\"https:\/\/magiedufeu.ch\/wp-content\/uploads\/2021\/06\/Mosoni-Vuissoz-logo-1024x536-1-46d285e0.png\",\"width\":200,\"height\":105,\"caption\":\"Mosoni-Vuissoz Magie du Feu\"},\"image\":{\"@id\":\"https:\/\/magiedufeu.ch\/#\/schema\/logo\/image\/\"},\"sameAs\":[\"https:\/\/www.facebook.com\/magiedufeu.mdf\/\"]}]}<\/script>\n<!-- \/ Yoast SEO plugin. -->","yoast_head_json":{"title":"Grill \u00e0 Gaz BARON 490 BROIL KING noir - Mosoni-Vuissoz Magie du Feu","description":"Gr\u00e2ce \u00e0 sa taille mod\u00e9r\u00e9e, ce grill trouvera sa place dans n'importe quelle maison. Ne vous d\u00e9trompez pas, m\u00eame s'il n'est pas aussi imposant que ...","robots":{"index":"index","follow":"follow","max-snippet":"max-snippet:-1","max-image-preview":"max-image-preview:large","max-video-preview":"max-video-preview:-1"},"canonical":"https:\/\/magiedufeu.ch\/fr\/produit\/grill-a-gaz-baron-490-broil-king-noir\/","og_locale":"fr_FR","og_type":"article","og_title":"Grill \u00e0 Gaz BARON 490 BROIL KING noir - Mosoni-Vuissoz Magie du Feu","og_description":"Gr\u00e2ce \u00e0 sa taille mod\u00e9r\u00e9e, ce grill trouvera sa place dans n'importe quelle maison. Ne vous d\u00e9trompez pas, m\u00eame s'il n'est pas aussi imposant que ...","og_url":"https:\/\/magiedufeu.ch\/fr\/produit\/grill-a-gaz-baron-490-broil-king-noir\/","og_site_name":"Mosoni-Vuissoz Magie du Feu","article_publisher":"https:\/\/www.facebook.com\/magiedufeu.mdf\/","article_modified_time":"2026-04-11T08:50:21+00:00","og_image":[{"width":1080,"height":1080,"url":"https:\/\/magiedufeu.ch\/wp-content\/uploads\/2026\/03\/Poids-_-150-kg-Puissance-7-Kw-Rendement-80_8-_-Sortie-de-fumee-150-mm-Largeur-_-600-mm-Profondeur-_-30.webp?wsr","type":"image\/webp"}],"twitter_card":"summary_large_image","twitter_misc":{"Dur\u00e9e de lecture estim\u00e9e":"2 minutes"},"schema":{"@context":"https:\/\/schema.org","@graph":[{"@type":"WebPage","@id":"https:\/\/magiedufeu.ch\/fr\/produit\/grill-a-gaz-baron-490-broil-king-noir\/","url":"https:\/\/magiedufeu.ch\/fr\/produit\/grill-a-gaz-baron-490-broil-king-noir\/","name":"Grill \u00e0 Gaz BARON 490 BROIL KING noir - Mosoni-Vuissoz Magie du Feu","isPartOf":{"@id":"https:\/\/magiedufeu.ch\/#website"},"primaryImageOfPage":{"@id":"https:\/\/magiedufeu.ch\/fr\/produit\/grill-a-gaz-baron-490-broil-king-noir\/#primaryimage"},"image":{"@id":"https:\/\/magiedufeu.ch\/fr\/produit\/grill-a-gaz-baron-490-broil-king-noir\/#primaryimage"},"thumbnailUrl":"https:\/\/magiedufeu.ch\/wp-content\/uploads\/2026\/03\/Poids-_-150-kg-Puissance-7-Kw-Rendement-80_8-_-Sortie-de-fumee-150-mm-Largeur-_-600-mm-Profondeur-_-30.webp?wsr","datePublished":"2026-03-17T10:27:15+00:00","dateModified":"2026-04-11T08:50:21+00:00","description":"Gr\u00e2ce \u00e0 sa taille mod\u00e9r\u00e9e, ce grill trouvera sa place dans n'importe quelle maison. Ne vous d\u00e9trompez pas, m\u00eame s'il n'est pas aussi imposant que ...","breadcrumb":{"@id":"https:\/\/magiedufeu.ch\/fr\/produit\/grill-a-gaz-baron-490-broil-king-noir\/#breadcrumb"},"inLanguage":"fr-FR","potentialAction":[{"@type":"ReadAction","target":["https:\/\/magiedufeu.ch\/fr\/produit\/grill-a-gaz-baron-490-broil-king-noir\/"]}]},{"@type":"ImageObject","inLanguage":"fr-FR","@id":"https:\/\/magiedufeu.ch\/fr\/produit\/grill-a-gaz-baron-490-broil-king-noir\/#primaryimage","url":"https:\/\/magiedufeu.ch\/wp-content\/uploads\/2026\/03\/Poids-_-150-kg-Puissance-7-Kw-Rendement-80_8-_-Sortie-de-fumee-150-mm-Largeur-_-600-mm-Profondeur-_-30.webp?wsr","contentUrl":"https:\/\/magiedufeu.ch\/wp-content\/uploads\/2026\/03\/Poids-_-150-kg-Puissance-7-Kw-Rendement-80_8-_-Sortie-de-fumee-150-mm-Largeur-_-600-mm-Profondeur-_-30.webp?wsr","width":1080,"height":1080},{"@type":"BreadcrumbList","@id":"https:\/\/magiedufeu.ch\/fr\/produit\/grill-a-gaz-baron-490-broil-king-noir\/#breadcrumb","itemListElement":[{"@type":"ListItem","position":1,"name":"Accueil","item":"https:\/\/magiedufeu.ch\/"},{"@type":"ListItem","position":2,"name":"Boutique","item":"https:\/\/magiedufeu.ch\/fr\/boutique\/"},{"@type":"ListItem","position":3,"name":"Grill \u00e0 Gaz BARON 490 BROIL KING noir"}]},{"@type":"WebSite","@id":"https:\/\/magiedufeu.ch\/#website","url":"https:\/\/magiedufeu.ch\/","name":"Mosoni-Vuissoz Magie du Feu","description":"","publisher":{"@id":"https:\/\/magiedufeu.ch\/#organization"},"potentialAction":[{"@type":"SearchAction","target":{"@type":"EntryPoint","urlTemplate":"https:\/\/magiedufeu.ch\/?s={search_term_string}"},"query-input":{"@type":"PropertyValueSpecification","valueRequired":true,"valueName":"search_term_string"}}],"inLanguage":"fr-FR"},{"@type":"Organization","@id":"https:\/\/magiedufeu.ch\/#organization","name":"Mosoni-Vuissoz Magie du Feu","url":"https:\/\/magiedufeu.ch\/","logo":{"@type":"ImageObject","inLanguage":"fr-FR","@id":"https:\/\/magiedufeu.ch\/#\/schema\/logo\/image\/","url":"https:\/\/magiedufeu.ch\/wp-content\/uploads\/2021\/06\/Mosoni-Vuissoz-logo-1024x536-1-46d285e0.png","contentUrl":"https:\/\/magiedufeu.ch\/wp-content\/uploads\/2021\/06\/Mosoni-Vuissoz-logo-1024x536-1-46d285e0.png","width":200,"height":105,"caption":"Mosoni-Vuissoz Magie du Feu"},"image":{"@id":"https:\/\/magiedufeu.ch\/#\/schema\/logo\/image\/"},"sameAs":["https:\/\/www.facebook.com\/magiedufeu.mdf\/"]}]}},"_links":{"self":[{"href":"https:\/\/magiedufeu.ch\/fr\/wp-json\/wp\/v2\/product\/13204","targetHints":{"allow":["GET"]}}],"collection":[{"href":"https:\/\/magiedufeu.ch\/fr\/wp-json\/wp\/v2\/product"}],"about":[{"href":"https:\/\/magiedufeu.ch\/fr\/wp-json\/wp\/v2\/types\/product"}],"replies":[{"embeddable":true,"href":"https:\/\/magiedufeu.ch\/fr\/wp-json\/wp\/v2\/comments?post=13204"}],"wp:featuredmedia":[{"embeddable":true,"href":"https:\/\/magiedufeu.ch\/fr\/wp-json\/wp\/v2\/media\/13230"}],"wp:attachment":[{"href":"https:\/\/magiedufeu.ch\/fr\/wp-json\/wp\/v2\/media?parent=13204"}],"wp:term":[{"taxonomy":"product_cat","embeddable":true,"href":"https:\/\/magiedufeu.ch\/fr\/wp-json\/wp\/v2\/product_cat?post=13204"},{"taxonomy":"product_tag","embeddable":true,"href":"https:\/\/magiedufeu.ch\/fr\/wp-json\/wp\/v2\/product_tag?post=13204"}],"curies":[{"name":"wp","href":"https:\/\/api.w.org\/{rel}","templated":true}]}}